{"id":7865,"date":"2025-08-27T08:33:59","date_gmt":"2025-08-27T06:33:59","guid":{"rendered":"https:\/\/tinychat.com\/?page_id=7865"},"modified":"2025-08-27T09:32:44","modified_gmt":"2025-08-27T07:32:44","slug":"talk-with-stranger","status":"publish","type":"page","link":"https:\/\/tinychat.com\/it\/talk-with-stranger\/","title":{"rendered":"Talk With Stranger"},"content":{"rendered":"<p>Internet \u00e8 pieno di piattaforme che aiutano le persone a connettersi, ma poche offrono l'imprevedibilit\u00e0 e l'eccitazione della chat casuale. Mentre i social media si concentrano sui feed curati e sulle cerchie conosciute, le piattaforme di chat casuale riportano la spontaneit\u00e0 nel mondo online. Uno dei servizi pi\u00f9 popolari in questo spazio \u00e8 Talk With Stranger, una piattaforma progettata per rendere l'incontro con nuove persone facile come fare clic su un pulsante.<\/p>\n<p>A differenza delle tradizionali app di messaggistica, Talk With Stranger punta sull'anonimato, sulla casualit\u00e0 e sull'accessibilit\u00e0. Offre la possibilit\u00e0 di incontrare sconosciuti da tutto il mondo, attraverso chat di testo o conversazioni individuali, senza bisogno di registrazione. Per le persone che amano gli incontri non programmati, questa \u00e8 un'alternativa interessante a nomi pi\u00f9 importanti come Omegle, Chatroulette e ChatHub.<\/p>\n<p>In questa recensione daremo uno sguardo pi\u00f9 approfondito a ci\u00f2 che offre Talk With Stranger, alle sue caratteristiche, a come usarlo, all'esperienza utente, agli strumenti di sicurezza e al confronto con altre piattaforme.<\/p>\n<h2>Che cos'\u00e8 l'Talk With Stranger?<\/h2>\n<p>Talk With Stranger \u00e8 una piattaforma di chat online gratuita che consente di entrare in contatto con persone sconosciute attraverso chat testuali, vocali e video. Il suo scopo \u00e8 quello di creare opportunit\u00e0 di incontro tra persone senza bisogno di profili, iscrizioni complicate o impegni a lungo termine.<\/p>\n<p>Il fulcro della piattaforma \u00e8:<\/p>\n<ul>\n<li>Interazioni casuali: Non si sa mai chi si incontra dopo.<\/li>\n<li>Stanze guidate dalla comunit\u00e0: Partecipate alle discussioni di gruppo su argomenti di vostro interesse.<\/li>\n<li>Anonimato: Chattare senza rivelare i propri dati personali.<\/li>\n<\/ul>\n<p>Fa parte di una categoria crescente di servizi di chat leggeri e basati su browser che consentono di accedere istantaneamente a persone sconosciute, sia che si voglia fare nuove amicizie, passare il tempo o semplicemente vedere di cosa parlano gli altri.<\/p>\n<h2>Caratteristiche principali di Talk With Stranger<\/h2>\n<p>Talk With Stranger offre un mix di nostalgia classica delle chat e di moderni strumenti di chat casuale, che lo rendono interessante per un vasto pubblico.<\/p>\n<h3>1. Chatroom pubbliche<\/h3>\n<ul>\n<li>Chatroom a tema dove si riuniscono gruppi di persone.<\/li>\n<li>Gli argomenti spaziano da hobby e sport a spazi informali per \"conoscere nuove persone\".<\/li>\n<li>Ottimo per gli utenti che preferiscono le conversazioni di gruppo.<\/li>\n<\/ul>\n<h3>2. Chat a tu per tu<\/h3>\n<ul>\n<li>Accoppiamento casuale con uno sconosciuto per una conversazione diretta.<\/li>\n<li>Pu\u00f2 essere di solo testo o includere video e audio.<\/li>\n<li>Ogni partita \u00e8 privata e temporanea.<\/li>\n<\/ul>\n<h3>3. Opzioni voce e video<\/h3>\n<ul>\n<li>Andate oltre il testo attivando la webcam e il microfono.<\/li>\n<li>Offre un'esperienza pi\u00f9 personale e autentica.<\/li>\n<\/ul>\n<h3>4. Anonimato<\/h3>\n<ul>\n<li>Non \u00e8 necessaria la registrazione per utilizzare le funzioni di base.<\/li>\n<li>\u00c8 possibile rimanere completamente anonimi durante la chat.<\/li>\n<\/ul>\n<h3>5. Compatibilit\u00e0 tra dispositivi<\/h3>\n<ul>\n<li>Funziona su browser desktop e mobile.<\/li>\n<li>Alcune regioni supportano anche l'accesso tramite app.<\/li>\n<\/ul>\n<h3>6. Interazione con la comunit\u00e0<\/h3>\n<ul>\n<li>Gli utenti possono aggiungere amici se trovano qualcuno di interessante.<\/li>\n<li>Alcune funzioni consentono conversazioni continue invece di chat una tantum.<\/li>\n<\/ul>\n<h2>Come utilizzare Talk With Stranger<\/h2>\n<p>Talk With Stranger \u00e8 stato progettato per essere il pi\u00f9 possibile privo di attriti. Ecco come iniziare:<\/p>\n<h3>Passo 1: visitare il sito web<\/h3>\n<ul>\n<li>Aprite il sito ufficiale di Talk With Stranger nel vostro browser.<\/li>\n<\/ul>\n<h3>Fase 2: Scegliere una modalit\u00e0<\/h3>\n<ul>\n<li>Entrate in una chatroom pubblica.<\/li>\n<li>Oppure avviare una chat privata a tu per tu.<\/li>\n<\/ul>\n<h3>Passo 3: Consentire i permessi (facoltativo)<\/h3>\n<ul>\n<li>Per le chat video o vocali, consentire l'accesso alla fotocamera e al microfono.<\/li>\n<\/ul>\n<h3>Fase 4: iniziare a parlare<\/h3>\n<ul>\n<li>Partecipa alla conversazione, scrivi un messaggio o accendi la webcam.<\/li>\n<\/ul>\n<h3>Fase 5: continuare a esplorare<\/h3>\n<ul>\n<li>Cambiate chat o passate a nuovi sconosciuti tutte le volte che volete.<\/li>\n<\/ul>\n<p>Questo approccio \"drop-in, drop-out\" lo rende facile da usare, sia che abbiate cinque minuti a disposizione che un'intera serata.<\/p>\n<h2>Esperienza utente su Talk With Stranger<\/h2>\n<p>Talk With Stranger fonde elementi delle classiche chatroom su Internet con i pi\u00f9 recenti sistemi di chat casuale.<\/p>\n<h3>Cosa piace agli utenti<\/h3>\n<ul>\n<li>Le chat pubbliche sono nostalgiche e interattive.<\/li>\n<li>Le chat one-to-one sono facilmente accessibili e anonime.<\/li>\n<li>Supporta testo, voce e video per una maggiore flessibilit\u00e0.<\/li>\n<li>Funziona su tutti i dispositivi senza bisogno di scaricare nulla.<\/li>\n<\/ul>\n<h3>Reclami comuni<\/h3>\n<ul>\n<li>Le stanze affollate a volte possono sembrare caotiche.<\/li>\n<li>Le chat casuali a tu per tu sono prive di filtri avanzati.<\/li>\n<li>La qualit\u00e0 delle partite dipende molto da chi \u00e8 online in quel momento.<\/li>\n<\/ul>\n<p>Nel complesso, Talk With Stranger offre un'esperienza leggera e orientata alla comunit\u00e0 che si rivolge a chi ha nostalgia delle chat di gruppo della vecchia scuola ma vuole anche connessioni casuali moderne.<\/p>\n<h2>Talk With Stranger rispetto ad altre piattaforme<\/h2>\n<p>Ecco come Talk With Stranger si confronta con altri popolari servizi di chat casuale:<\/p>\n<table>\n<thead>\n<tr>\n<th>Caratteristica<\/th>\n<th>Talk With Stranger<\/th>\n<th>Omegle<\/th>\n<th>ChatHub<\/th>\n<th>Chat Avenue<\/th>\n<th>Emerald Chat<\/th>\n<th>Y99<\/th>\n<\/tr>\n<\/thead>\n<tbody>\n<tr>\n<td>Chatroom pubbliche<\/td>\n<td>\u2705 S\u00ec<\/td>\n<td>\u274c No<\/td>\n<td>\u274c No<\/td>\n<td>\u2705 S\u00ec<\/td>\n<td>\u274c No<\/td>\n<td>\u2705 S\u00ec<\/td>\n<\/tr>\n<tr>\n<td>Chat casuale uno-a-uno<\/td>\n<td>\u2705 S\u00ec<\/td>\n<td>\u2705 S\u00ec<\/td>\n<td>\u2705 S\u00ec<\/td>\n<td>\u2705 S\u00ec<\/td>\n<td>\u2705 S\u00ec<\/td>\n<td>\u2705 S\u00ec<\/td>\n<\/tr>\n<tr>\n<td>Opzioni voce e video<\/td>\n<td>\u2705 S\u00ec<\/td>\n<td>\u274c No<\/td>\n<td>\u2705 S\u00ec<\/td>\n<td>\u274c No<\/td>\n<td>\u2705 S\u00ec<\/td>\n<td>\u2705 S\u00ec<\/td>\n<\/tr>\n<tr>\n<td>Anonimato<\/td>\n<td>Forte<\/td>\n<td>Forte<\/td>\n<td>Moderato<\/td>\n<td>Moderato<\/td>\n<td>Moderato<\/td>\n<td>Forte<\/td>\n<\/tr>\n<tr>\n<td>Opzioni amico e profilo<\/td>\n<td>Limitato<\/td>\n<td>\u274c No<\/td>\n<td>\u2705 S\u00ec<\/td>\n<td>\u274c No<\/td>\n<td>\u2705 S\u00ec<\/td>\n<td>\u2705 S\u00ec<\/td>\n<\/tr>\n<tr>\n<td>Supporto cross-dispositivo<\/td>\n<td>\u2705 S\u00ec<\/td>\n<td>\u2705 S\u00ec<\/td>\n<td>\u2705 S\u00ec<\/td>\n<td>\u2705 S\u00ec<\/td>\n<td>\u2705 S\u00ec<\/td>\n<td>\u2705 S\u00ec<\/td>\n<\/tr>\n<\/tbody>\n<\/table>\n<p>Sommario: Talk With Stranger offre il meglio dei due mondi: le chat della comunit\u00e0 come Y99 e Chat Avenue e le chat casuali uno a uno come Omegle e ChatHub.<\/p>\n<h2>Talk With Stranger \u00e8 sicuro?<\/h2>\n<p>Come per tutte le piattaforme che coinvolgono gli estranei, la sicurezza dipende sia dagli strumenti disponibili che dal comportamento degli utenti.<\/p>\n<h3>Strumenti di sicurezza integrati<\/h3>\n<ul>\n<li>Accesso anonimo senza profilo obbligatorio.<\/li>\n<li>Pulsanti di segnalazione\/blocco per gestire i comportamenti scorretti.<\/li>\n<li>Moderazione in alcune sale pubbliche.<\/li>\n<\/ul>\n<h3>Consigli per la sicurezza<\/h3>\n<ul>\n<li>Non condividete mai dati personali come il vostro vero nome, numero di telefono o indirizzo.<\/li>\n<li>Usate il tasto \"salta\" per abbandonare le conversazioni scomode.<\/li>\n<li>I genitori devono sorvegliare gli utenti pi\u00f9 giovani, poich\u00e9 la piattaforma \u00e8 aperta a tutti.<\/li>\n<li>Se siete nuovi e state ancora esplorando, limitatevi alle chat pubbliche.<\/li>\n<\/ul>\n<h2>Suggerimenti per ottenere il massimo dall'Talk With Stranger<\/h2>\n<ul>\n<li>Esplorate le diverse stanze. Ognuna ha una propria cultura e un proprio tono.<\/li>\n<li>Provate la voce o il video. Sono pi\u00f9 personali del solo testo.<\/li>\n<li>Iscrivetevi durante le ore di punta. Pi\u00f9 attivit\u00e0 significa incontri pi\u00f9 interessanti.<\/li>\n<li>Mantenete le conversazioni leggere. Le chat casuali funzionano meglio con argomenti casuali e amichevoli.<\/li>\n<li>Siate veloci nel saltare. Non tutti gli sconosciuti sono adatti.<\/li>\n<\/ul>\n<h2>Problemi e soluzioni comuni<\/h2>\n<h3>Problema: le chat non si caricano<\/h3>\n<ul>\n<li>Aggiornare la pagina o cambiare browser.<\/li>\n<li>Cancellare i cookie\/cache.<\/li>\n<\/ul>\n<h3>Problema: il microfono o la fotocamera non funzionano<\/h3>\n<ul>\n<li>Consentire le autorizzazioni nel browser.<\/li>\n<li>Verificare che nessun'altra applicazione stia utilizzando l'hardware.<\/li>\n<\/ul>\n<h3>Problema: troppo spam nelle stanze<\/h3>\n<ul>\n<li>Rimanete nelle stanze moderate.<\/li>\n<li>Segnalare e bloccare gli account di spam.<\/li>\n<\/ul>\n<h2>Perch\u00e9 le persone usano Talk With Stranger<\/h2>\n<p>Le persone scelgono Talk With Stranger perch\u00e9 offre:<\/p>\n<ul>\n<li>Variet\u00e0: Chatroom e incontri individuali.<\/li>\n<li>Flessibilit\u00e0: Modalit\u00e0 testo, voce e video.<\/li>\n<li>Anonimato: Non \u00e8 richiesto alcun account.<\/li>\n<li>Comunit\u00e0: Gruppi attivi con argomenti diversi.<\/li>\n<\/ul>\n<p>Cattura la nostalgia delle chatroom della vecchia scuola e allo stesso tempo tiene il passo con le moderne aspettative di una chat globale istantanea.<\/p>\n<p>Se siete alla ricerca di un modo gratuito, anonimo e flessibile per incontrare sconosciuti, vale la pena provare Talk With Stranger. Combina chat casuali a tu per tu con la vivacit\u00e0 delle chat pubbliche, offrendo agli utenti una scelta pi\u00f9 ampia rispetto alle piattaforme che fanno solo l'una o l'altra cosa.<\/p>\n<p>Forse non ha i filtri o la lucidit\u00e0 di servizi pi\u00f9 grandi come Emerald Chat, ma brilla per la sua semplicit\u00e0 e accessibilit\u00e0.<\/p>\n<p>In breve: Talk With Stranger \u00e8 un'ottima piattaforma per tutti coloro che amano l'imprevedibilit\u00e0 della chat casuale, con l'aggiunta di stanze guidate dalla comunit\u00e0 per l'interazione di gruppo.<\/p>\n<p>Pronti a provare? Visitate Talk With Stranger, scegliete una stanza o cliccate su \"Inizia\" per incontrare il vostro prossimo abbinamento casuale.<\/p>","protected":false},"excerpt":{"rendered":"<p>The internet is full of platforms that help people connect, but few offer the unpredictability and excitement of random chat. While social media is all about curated feeds and known circles, random chat platforms bring spontaneity back into the online world. One of the most popular services in this space is Talk With Stranger\u2014a platform [&hellip;]<\/p>\n","protected":false},"author":6,"featured_media":0,"parent":0,"menu_order":0,"comment_status":"closed","ping_status":"closed","template":"","meta":{"footnotes":""},"class_list":["post-7865","page","type-page","status-publish","hentry"],"yoast_head":"<!-- This site is optimized with the Yoast SEO plugin v27.3 - https:\/\/yoast.com\/product\/yoast-seo-wordpress\/ -->\n<title>Talk With Stranger - Free Random Chat Rooms - TinyChat.com<\/title>\n<meta name=\"description\" content=\"Enjoying Talk With Stranger? Join over 50,000,000 strangers on TinyChat! Turn on your cam and start meeting new people, or find a match.\" \/>\n<meta name=\"robots\" content=\"index, follow, max-snippet:-1, max-image-preview:large, max-video-preview:-1\" \/>\n<link rel=\"canonical\" href=\"https:\/\/tinychat.com\/it\/talk-with-stranger\/\" \/>\n<meta property=\"og:locale\" content=\"it_IT\" \/>\n<meta property=\"og:type\" content=\"article\" \/>\n<meta property=\"og:title\" content=\"Talk With Stranger - Free Random Chat Rooms - TinyChat.com\" \/>\n<meta property=\"og:description\" content=\"Enjoying Talk With Stranger? Join over 50,000,000 strangers on TinyChat! Turn on your cam and start meeting new people, or find a match.\" \/>\n<meta property=\"og:url\" content=\"https:\/\/tinychat.com\/it\/talk-with-stranger\/\" \/>\n<meta property=\"og:site_name\" content=\"TinyChat\" \/>\n<meta property=\"article:publisher\" content=\"https:\/\/www.facebook.com\/tinychat\" \/>\n<meta property=\"article:modified_time\" content=\"2025-08-27T07:32:44+00:00\" \/>\n<meta property=\"og:image\" content=\"https:\/\/tinychat.com\/wp-content\/uploads\/2020\/04\/Tinychat-logo-1280x284-new-black.png\" \/>\n\t<meta property=\"og:image:width\" content=\"1280\" \/>\n\t<meta property=\"og:image:height\" content=\"284\" \/>\n\t<meta property=\"og:image:type\" content=\"image\/png\" \/>\n<meta name=\"twitter:card\" content=\"summary_large_image\" \/>\n<meta name=\"twitter:site\" content=\"@tinychat\" \/>\n<meta name=\"twitter:label1\" content=\"Tempo di lettura stimato\" \/>\n\t<meta name=\"twitter:data1\" content=\"6 minuti\" \/>\n<script type=\"application\/ld+json\" class=\"yoast-schema-graph\">{\"@context\":\"https:\\\/\\\/schema.org\",\"@graph\":[{\"@type\":\"WebPage\",\"@id\":\"https:\\\/\\\/tinychat.com\\\/talk-with-stranger\\\/\",\"url\":\"https:\\\/\\\/tinychat.com\\\/talk-with-stranger\\\/\",\"name\":\"Talk With Stranger - Free Random Chat Rooms - TinyChat.com\",\"isPartOf\":{\"@id\":\"https:\\\/\\\/tinychat.com\\\/#website\"},\"datePublished\":\"2025-08-27T06:33:59+00:00\",\"dateModified\":\"2025-08-27T07:32:44+00:00\",\"description\":\"Enjoying Talk With Stranger? Join over 50,000,000 strangers on TinyChat! Turn on your cam and start meeting new people, or find a match.\",\"breadcrumb\":{\"@id\":\"https:\\\/\\\/tinychat.com\\\/talk-with-stranger\\\/#breadcrumb\"},\"inLanguage\":\"it-IT\",\"potentialAction\":[{\"@type\":\"ReadAction\",\"target\":[\"https:\\\/\\\/tinychat.com\\\/talk-with-stranger\\\/\"]}]},{\"@type\":\"BreadcrumbList\",\"@id\":\"https:\\\/\\\/tinychat.com\\\/talk-with-stranger\\\/#breadcrumb\",\"itemListElement\":[{\"@type\":\"ListItem\",\"position\":1,\"name\":\"Home\",\"item\":\"https:\\\/\\\/tinychat.com\\\/\"},{\"@type\":\"ListItem\",\"position\":2,\"name\":\"Talk With Stranger\"}]},{\"@type\":\"WebSite\",\"@id\":\"https:\\\/\\\/tinychat.com\\\/#website\",\"url\":\"https:\\\/\\\/tinychat.com\\\/\",\"name\":\"TinyChat\",\"description\":\"Random Video Chat with Strangers\",\"publisher\":{\"@id\":\"https:\\\/\\\/tinychat.com\\\/#organization\"},\"alternateName\":\"TinyChat.com\",\"potentialAction\":[{\"@type\":\"SearchAction\",\"target\":{\"@type\":\"EntryPoint\",\"urlTemplate\":\"https:\\\/\\\/tinychat.com\\\/?s={search_term_string}\"},\"query-input\":{\"@type\":\"PropertyValueSpecification\",\"valueRequired\":true,\"valueName\":\"search_term_string\"}}],\"inLanguage\":\"it-IT\"},{\"@type\":\"Organization\",\"@id\":\"https:\\\/\\\/tinychat.com\\\/#organization\",\"name\":\"TinyChat\",\"alternateName\":\"TinyChat.com\",\"url\":\"https:\\\/\\\/tinychat.com\\\/\",\"logo\":{\"@type\":\"ImageObject\",\"inLanguage\":\"it-IT\",\"@id\":\"https:\\\/\\\/tinychat.com\\\/#\\\/schema\\\/logo\\\/image\\\/\",\"url\":\"https:\\\/\\\/tinychat.com\\\/wp-content\\\/uploads\\\/2023\\\/11\\\/Tinychat-icon-square.png\",\"contentUrl\":\"https:\\\/\\\/tinychat.com\\\/wp-content\\\/uploads\\\/2023\\\/11\\\/Tinychat-icon-square.png\",\"width\":284,\"height\":284,\"caption\":\"TinyChat\"},\"image\":{\"@id\":\"https:\\\/\\\/tinychat.com\\\/#\\\/schema\\\/logo\\\/image\\\/\"},\"sameAs\":[\"https:\\\/\\\/www.facebook.com\\\/tinychat\",\"https:\\\/\\\/x.com\\\/tinychat\"]}]}<\/script>\n<!-- \/ Yoast SEO plugin. -->","yoast_head_json":{"title":"Talk With Stranger - Stanze di chat casuale gratuita - TinyChat.com","description":"Ti piace l'Talk With Stranger? Unisciti a oltre 50.000.000 di sconosciuti su TinyChat! Accendi la tua cam e inizia a conoscere nuove persone o a trovare un partner.","robots":{"index":"index","follow":"follow","max-snippet":"max-snippet:-1","max-image-preview":"max-image-preview:large","max-video-preview":"max-video-preview:-1"},"canonical":"https:\/\/tinychat.com\/it\/talk-with-stranger\/","og_locale":"it_IT","og_type":"article","og_title":"Talk With Stranger - Free Random Chat Rooms - TinyChat.com","og_description":"Enjoying Talk With Stranger? Join over 50,000,000 strangers on TinyChat! Turn on your cam and start meeting new people, or find a match.","og_url":"https:\/\/tinychat.com\/it\/talk-with-stranger\/","og_site_name":"TinyChat","article_publisher":"https:\/\/www.facebook.com\/tinychat","article_modified_time":"2025-08-27T07:32:44+00:00","og_image":[{"width":1280,"height":284,"url":"https:\/\/tinychat.com\/wp-content\/uploads\/2020\/04\/Tinychat-logo-1280x284-new-black.png","type":"image\/png"}],"twitter_card":"summary_large_image","twitter_site":"@tinychat","twitter_misc":{"Tempo di lettura stimato":"6 minuti"},"schema":{"@context":"https:\/\/schema.org","@graph":[{"@type":"WebPage","@id":"https:\/\/tinychat.com\/talk-with-stranger\/","url":"https:\/\/tinychat.com\/talk-with-stranger\/","name":"Talk With Stranger - Stanze di chat casuale gratuita - TinyChat.com","isPartOf":{"@id":"https:\/\/tinychat.com\/#website"},"datePublished":"2025-08-27T06:33:59+00:00","dateModified":"2025-08-27T07:32:44+00:00","description":"Ti piace l'Talk With Stranger? Unisciti a oltre 50.000.000 di sconosciuti su TinyChat! Accendi la tua cam e inizia a conoscere nuove persone o a trovare un partner.","breadcrumb":{"@id":"https:\/\/tinychat.com\/talk-with-stranger\/#breadcrumb"},"inLanguage":"it-IT","potentialAction":[{"@type":"ReadAction","target":["https:\/\/tinychat.com\/talk-with-stranger\/"]}]},{"@type":"BreadcrumbList","@id":"https:\/\/tinychat.com\/talk-with-stranger\/#breadcrumb","itemListElement":[{"@type":"ListItem","position":1,"name":"Home","item":"https:\/\/tinychat.com\/"},{"@type":"ListItem","position":2,"name":"Talk With Stranger"}]},{"@type":"WebSite","@id":"https:\/\/tinychat.com\/#website","url":"https:\/\/tinychat.com\/","name":"TinyChat","description":"Videochat casuale con sconosciuti","publisher":{"@id":"https:\/\/tinychat.com\/#organization"},"alternateName":"TinyChat.com","potentialAction":[{"@type":"SearchAction","target":{"@type":"EntryPoint","urlTemplate":"https:\/\/tinychat.com\/?s={search_term_string}"},"query-input":{"@type":"PropertyValueSpecification","valueRequired":true,"valueName":"search_term_string"}}],"inLanguage":"it-IT"},{"@type":"Organization","@id":"https:\/\/tinychat.com\/#organization","name":"TinyChat","alternateName":"TinyChat.com","url":"https:\/\/tinychat.com\/","logo":{"@type":"ImageObject","inLanguage":"it-IT","@id":"https:\/\/tinychat.com\/#\/schema\/logo\/image\/","url":"https:\/\/tinychat.com\/wp-content\/uploads\/2023\/11\/Tinychat-icon-square.png","contentUrl":"https:\/\/tinychat.com\/wp-content\/uploads\/2023\/11\/Tinychat-icon-square.png","width":284,"height":284,"caption":"TinyChat"},"image":{"@id":"https:\/\/tinychat.com\/#\/schema\/logo\/image\/"},"sameAs":["https:\/\/www.facebook.com\/tinychat","https:\/\/x.com\/tinychat"]}]}},"_links":{"self":[{"href":"https:\/\/tinychat.com\/it\/wp-json\/wp\/v2\/pages\/7865","targetHints":{"allow":["GET"]}}],"collection":[{"href":"https:\/\/tinychat.com\/it\/wp-json\/wp\/v2\/pages"}],"about":[{"href":"https:\/\/tinychat.com\/it\/wp-json\/wp\/v2\/types\/page"}],"author":[{"embeddable":true,"href":"https:\/\/tinychat.com\/it\/wp-json\/wp\/v2\/users\/6"}],"replies":[{"embeddable":true,"href":"https:\/\/tinychat.com\/it\/wp-json\/wp\/v2\/comments?post=7865"}],"version-history":[{"count":3,"href":"https:\/\/tinychat.com\/it\/wp-json\/wp\/v2\/pages\/7865\/revisions"}],"predecessor-version":[{"id":13475,"href":"https:\/\/tinychat.com\/it\/wp-json\/wp\/v2\/pages\/7865\/revisions\/13475"}],"wp:attachment":[{"href":"https:\/\/tinychat.com\/it\/wp-json\/wp\/v2\/media?parent=7865"}],"curies":[{"name":"wp","href":"https:\/\/api.w.org\/{rel}","templated":true}]}}