{"id":80,"date":"2025-08-27T08:35:29","date_gmt":"2025-08-27T06:35:29","guid":{"rendered":"https:\/\/tinychat.com\/?page_id=80"},"modified":"2025-08-27T09:35:21","modified_gmt":"2025-08-27T07:35:21","slug":"chat-alternative","status":"publish","type":"page","link":"https:\/\/tinychat.com\/it\/chat-alternative\/","title":{"rendered":"Chat Alternative"},"content":{"rendered":"<p>Il mondo della comunicazione online \u00e8 cambiato radicalmente nell'ultimo decennio. Le piattaforme di social media sono sature di feed curati, le app di incontri si concentrano pesantemente sulle meccaniche di swiping e gli strumenti di messaggistica istantanea ci tengono legati alle stesse cerchie di amici. Per le persone che desiderano la spontaneit\u00e0 e una connessione umana genuina, le piattaforme di chat casuali rimangono pi\u00f9 eccitanti che mai. Una di queste piattaforme \u00e8 Chat Alternative, un servizio progettato per rendere semplice e veloce l'incontro faccia a faccia tra sconosciuti online.<\/p>\n<p>Costruito intorno al concetto di video chat anonima uno a uno, Chat Alternative consente di connettersi istantaneamente con persone di tutto il mondo. Che siate alla ricerca di una conversazione casuale, di uno scambio culturale o semplicemente di passare un po' di tempo con facce nuove, Chat Alternative offre un'esperienza leggera e accessibile simile a Omegle, Chatroulette e ChatHub, ma con un proprio tocco di modernit\u00e0.<\/p>\n<p>Questa recensione approfondita tratta di cos'\u00e8 Chat Alternative, delle sue caratteristiche principali, del suo funzionamento, dell'esperienza dell'utente, degli strumenti di sicurezza, del confronto con i concorrenti e dei suggerimenti per ottimizzare la vostra esperienza.<\/p>\n<h2>Che cos'\u00e8 l'Chat Alternative?<\/h2>\n<p>Chat Alternative \u00e8 una piattaforma di video chat casuale che consente alle persone di incontrare sconosciuti attraverso la loro webcam e il loro microfono. Come Omegle, mette in contatto gli utenti istantaneamente senza richiedere profili o lunghe iscrizioni. Le conversazioni sono temporanee, private e individuali, il che la rende ideale per coloro che preferiscono le interazioni autentiche e senza filtri alle identit\u00e0 curate online.<\/p>\n<p>Il nome della piattaforma riflette la sua missione: fungere da alternativa alle piattaforme di chat tradizionali, offrendo agli utenti maggiore libert\u00e0, anonimato e variet\u00e0.<\/p>\n<h2>Caratteristiche principali di Chat Alternative<\/h2>\n<p>Chat Alternative mantiene la formula semplice, ma aggiunge funzionalit\u00e0 sufficienti a rendere pi\u00f9 fluide le conversazioni.<\/p>\n<h3>1. Videochat istantanea uno-a-uno<\/h3>\n<ul>\n<li>Vi abbina istantaneamente a sconosciuti in tutto il mondo.<\/li>\n<li>Non sono richiesti account o profili.<\/li>\n<li>Il pulsante \"Avanti\" consente di saltare e andare avanti all'istante.<\/li>\n<\/ul>\n<h3>2. Portata globale<\/h3>\n<ul>\n<li>Mette in contatto persone di decine di Paesi.<\/li>\n<li>Ottimo per lo scambio culturale e per incontrare persone al di fuori della propria cerchia locale.<\/li>\n<\/ul>\n<h3>3. Anonimato<\/h3>\n<ul>\n<li>Non \u00e8 richiesta la registrazione.<\/li>\n<li>Le conversazioni sono private e temporanee.<\/li>\n<li>Siete voi a decidere cosa condividere durante la chat.<\/li>\n<\/ul>\n<h3>4. Supporto per la chat di testo<\/h3>\n<ul>\n<li>Casella di testo disponibile accanto al video.<\/li>\n<li>Utile quando l'audio \u00e8 scarso o se si preferisce digitare.<\/li>\n<\/ul>\n<h3>5. Design compatibile con i dispositivi mobili<\/h3>\n<ul>\n<li>Ottimizzato per i browser desktop e mobili.<\/li>\n<li>Funziona in movimento senza bisogno di scaricare applicazioni.<\/li>\n<\/ul>\n<h3>6. Interfaccia minimalista<\/h3>\n<ul>\n<li>Design pulito, semplice e privo di distrazioni.<\/li>\n<li>L'attenzione rimane sulla conversazione, non sulle caratteristiche.<\/li>\n<\/ul>\n<h2>Come utilizzare Chat Alternative<\/h2>\n<p>L'attrattiva di Chat Alternative risiede nella rapidit\u00e0 e nella facilit\u00e0 con cui si pu\u00f2 iniziare.<\/p>\n<h3>Passo 1: visitare il sito web<\/h3>\n<p>Aprite Chat Alternative nel vostro browser su desktop o mobile.<\/p>\n<h3>Passo 2: Abilitare i permessi<\/h3>\n<p>Consentire l'accesso alla fotocamera e al microfono se si desidera utilizzare la chat video e vocale.<\/p>\n<h3>Passo 3: fare clic su Avvio<\/h3>\n<p>Iniziare a chattare immediatamente con uno sconosciuto a caso.<\/p>\n<h3>Fase 4: Conversare o saltare<\/h3>\n<p>Rimanete in una conversazione se \u00e8 piacevole. In caso contrario, premere \"Avanti\" per andare avanti.<\/p>\n<h3>Fase 5: ripetere<\/h3>\n<p>Continuate a connettervi all'infinito: non ci sono limiti.<\/p>\n<p>Questo stile \"drop-in, drop-out\" \u00e8 ideale per conversazioni veloci o sessioni pi\u00f9 lunghe.<\/p>\n<h2>Esperienza utente su Chat Alternative<\/h2>\n<p>Chat Alternative \u00e8 stato progettato per essere veloce, semplice e accessibile.<\/p>\n<h3>Cosa piace agli utenti<\/h3>\n<ul>\n<li>Abbinamento immediato senza registrazione.<\/li>\n<li>Interfaccia pulita e minimale, facile da usare.<\/li>\n<li>L'anonimato consente conversazioni a bassa pressione.<\/li>\n<li>Funziona senza problemi su mobile e desktop.<\/li>\n<\/ul>\n<h3>Dove gli utenti vedono margini di miglioramento<\/h3>\n<ul>\n<li>Nessun filtro avanzato (sesso, localit\u00e0) nella versione gratuita.<\/li>\n<li>Nessuna opzione di riconnessione se si perde una buona chat.<\/li>\n<li>La casualit\u00e0 significa che potreste incontrare persone che non sono adatte a voi.<\/li>\n<\/ul>\n<p>Nel complesso, gli utenti apprezzano la classica sensazione di chat casuale con un tocco moderno, che la rende una solida opzione per chi desidera conversazioni semplici e dirette.<\/p>\n<h2>Chat Alternative rispetto ad altre piattaforme<\/h2>\n<p>Ecco come Chat Alternative si confronta con alcuni dei suoi concorrenti:<\/p>\n<table>\n<thead>\n<tr>\n<th>Caratteristica<\/th>\n<th>Chat Alternative<\/th>\n<th>Omegle<\/th>\n<th>Chatroulette<\/th>\n<th>ChatHub<\/th>\n<th>Emerald Chat<\/th>\n<th>TinyChat<\/th>\n<\/tr>\n<\/thead>\n<tbody>\n<tr>\n<td>Video istantanei a tu per tu<\/td>\n<td>\u2705 S\u00ec<\/td>\n<td>\u2705 S\u00ec<\/td>\n<td>\u2705 S\u00ec<\/td>\n<td>\u2705 S\u00ec<\/td>\n<td>\u2705 S\u00ec<\/td>\n<td>\u274c No<\/td>\n<\/tr>\n<tr>\n<td>Opzione chat di testo<\/td>\n<td>\u2705 S\u00ec<\/td>\n<td>\u2705 S\u00ec<\/td>\n<td>\u2705 S\u00ec<\/td>\n<td>\u2705 S\u00ec<\/td>\n<td>\u2705 S\u00ec<\/td>\n<td>\u2705 S\u00ec<\/td>\n<\/tr>\n<tr>\n<td>Anonimato<\/td>\n<td>Forte<\/td>\n<td>Forte<\/td>\n<td>Forte<\/td>\n<td>Moderato<\/td>\n<td>Moderato<\/td>\n<td>Debole<\/td>\n<\/tr>\n<tr>\n<td>Filtri (Genere\/Localizzazione)<\/td>\n<td>\u274c No<\/td>\n<td>\u274c No<\/td>\n<td>Limitato<\/td>\n<td>\u2705 S\u00ec<\/td>\n<td>\u2705 S\u00ec<\/td>\n<td>\u2705 S\u00ec<\/td>\n<\/tr>\n<tr>\n<td>Sistema Friend\/Follow<\/td>\n<td>\u274c No<\/td>\n<td>\u274c No<\/td>\n<td>\u274c No<\/td>\n<td>\u2705 S\u00ec<\/td>\n<td>\u2705 S\u00ec<\/td>\n<td>\u2705 S\u00ec<\/td>\n<\/tr>\n<tr>\n<td>Mobile Friendly<\/td>\n<td>\u2705 S\u00ec<\/td>\n<td>\u2705 S\u00ec<\/td>\n<td>\u2705 S\u00ec<\/td>\n<td>\u2705 S\u00ec<\/td>\n<td>\u2705 S\u00ec<\/td>\n<td>\u2705 S\u00ec<\/td>\n<\/tr>\n<\/tbody>\n<\/table>\n<p>Sintesi: Chat Alternative \u00e8 pi\u00f9 simile a Omegle e Chatroulette, mantenendo l'esperienza ridotta e concentrata su conversazioni casuali uno a uno.<\/p>\n<h2>Chat Alternative \u00e8 sicuro?<\/h2>\n<p>La sicurezza \u00e8 sempre un aspetto da tenere in considerazione con le piattaforme di chat casuali. Chat Alternative enfatizza l'anonimato, ma gli utenti devono comunque fare attenzione.<\/p>\n<h3>Caratteristiche di sicurezza integrate<\/h3>\n<ul>\n<li>Non sono richiesti account o dati personali.<\/li>\n<li>Le conversazioni sono temporanee e non vengono memorizzate.<\/li>\n<li>Il pulsante di salto consente un controllo immediato.<\/li>\n<\/ul>\n<h3>Consigli di sicurezza per gli utenti<\/h3>\n<p>Evitate di condividere dati personali come il vostro nome, il telefono o la posizione.<\/p>\n<p>Chiudete le chat che vi mettono a disagio.<\/p>\n<p>Utilizzare in ambienti sicuri e privati.<\/p>\n<p>I genitori dovrebbero controllare gli utenti pi\u00f9 giovani.<\/p>\n<p>Considerate l'utilizzo di una VPN per una maggiore privacy.<\/p>\n<h2>Suggerimenti per ottenere il massimo dall'Chat Alternative<\/h2>\n<ul>\n<li>Godetevi la casualit\u00e0: ogni partita \u00e8 una sorpresa.<\/li>\n<li>Partecipate durante le ore di punta per avere conversazioni pi\u00f9 attive.<\/li>\n<li>Una buona illuminazione e un video chiaro creano una prima impressione migliore.<\/li>\n<li>Mantenete gli argomenti leggeri e casuali: le chat casuali si nutrono di umorismo.<\/li>\n<li>Utilizzate le cuffie per una migliore qualit\u00e0 del suono.<\/li>\n<li>Saltate liberamente: non tutte le partite saranno adatte, ed \u00e8 normale.<\/li>\n<\/ul>\n<h2>Problemi e soluzioni comuni<\/h2>\n<h3>Problema: la fotocamera e il microfono non funzionano<\/h3>\n<ul>\n<li>Controllare le autorizzazioni del browser.<\/li>\n<li>Assicurarsi che nessun'altra applicazione stia utilizzando la fotocamera.<\/li>\n<li>Riavviare il dispositivo o il browser.<\/li>\n<\/ul>\n<h3>Problema: nessuna corrispondenza trovata<\/h3>\n<ul>\n<li>Aggiornare la pagina.<\/li>\n<li>Provate in orari diversi (la sera\/il fine settimana di solito sono pi\u00f9 affollati).<\/li>\n<\/ul>\n<h3>Problema: scarsa qualit\u00e0 video<\/h3>\n<ul>\n<li>Utilizzate il Wi-Fi invece dei dati mobili.<\/li>\n<li>Chiudere le applicazioni che consumano molta banda.<\/li>\n<\/ul>\n<h3>Problema: Incontro con un comportamento negativo<\/h3>\n<ul>\n<li>Terminare immediatamente la chat.<\/li>\n<li>Usate il salto e andate avanti.<\/li>\n<\/ul>\n<h2>Perch\u00e9 le persone scelgono Chat Alternative<\/h2>\n<p>Chat Alternative si rivolge a persone che apprezzano:<\/p>\n<ul>\n<li>Semplicit\u00e0: chat rapide e senza ingombri.<\/li>\n<li>Anonimato: nessun conto, nessuna pressione.<\/li>\n<li>Accessibilit\u00e0: funziona immediatamente su tutti i dispositivi.<\/li>\n<li>Portata globale: conversazioni con persone di tutto il mondo.<\/li>\n<\/ul>\n<p>Cattura l'emozione centrale della chat casuale senza complicare eccessivamente le cose.<\/p>\n<p>Se siete alla ricerca di una piattaforma di chat video casuale veloce, anonima e diretta, Chat Alternative merita di essere provata. Non ha i filtri avanzati o gli strumenti sociali di piattaforme come Emerald Chat, ma questo fa parte del suo fascino: mantiene l'attenzione sulle conversazioni pure e non programmate.<\/p>\n<p>Che siate qui per:<\/p>\n<ul>\n<li>Passare il tempo.<\/li>\n<li>Esplorare le culture globali.<\/li>\n<li>Praticare una lingua.<\/li>\n<li>O semplicemente per conoscere qualcuno di nuovo...<\/li>\n<\/ul>\n<p>Chat Alternative offre.<\/p>\n<p>In breve: Chat Alternative \u00e8 un sito di video chat moderno, che offre esattamente ci\u00f2 che il suo nome suggerisce: un'alternativa alla chat tradizionale, incentrata su connessioni rapide e genuine.<\/p>\n<p>Siete pronti a provare? Visitate Chat Alternative, cliccate su Start e scoprite chi incontrerete.<\/p>","protected":false},"excerpt":{"rendered":"<p>The world of online communication has shifted dramatically in the last decade. Social media platforms are saturated with curated feeds, dating apps focus heavily on swiping mechanics, and instant messaging tools keep us tethered to the same circles of friends. For people who crave spontaneity and genuine human connection, random chat platforms remain as exciting [&hellip;]<\/p>\n","protected":false},"author":6,"featured_media":0,"parent":0,"menu_order":0,"comment_status":"closed","ping_status":"closed","template":"","meta":{"footnotes":""},"class_list":["post-80","page","type-page","status-publish","hentry"],"yoast_head":"<!-- This site is optimized with the Yoast SEO plugin v27.4 - https:\/\/yoast.com\/product\/yoast-seo-wordpress\/ -->\n<title>Chat Alternative - Free Video Chat - TinyChat.com<\/title>\n<meta name=\"description\" content=\"Enjoying Chat Alternative? Join over 50,000,000 strangers on TinyChat! Turn on your cam and start meeting new people, or find a match.\" \/>\n<meta name=\"robots\" content=\"index, follow, max-snippet:-1, max-image-preview:large, max-video-preview:-1\" \/>\n<link rel=\"canonical\" href=\"https:\/\/tinychat.com\/it\/chat-alternative\/\" \/>\n<meta property=\"og:locale\" content=\"it_IT\" \/>\n<meta property=\"og:type\" content=\"article\" \/>\n<meta property=\"og:title\" content=\"Chat Alternative - Free Video Chat - TinyChat.com\" \/>\n<meta property=\"og:description\" content=\"Enjoying Chat Alternative? Join over 50,000,000 strangers on TinyChat! Turn on your cam and start meeting new people, or find a match.\" \/>\n<meta property=\"og:url\" content=\"https:\/\/tinychat.com\/it\/chat-alternative\/\" \/>\n<meta property=\"og:site_name\" content=\"TinyChat\" \/>\n<meta property=\"article:publisher\" content=\"https:\/\/www.facebook.com\/tinychat\" \/>\n<meta property=\"article:modified_time\" content=\"2025-08-27T07:35:21+00:00\" \/>\n<meta property=\"og:image\" content=\"https:\/\/tinychat.com\/wp-content\/uploads\/2020\/04\/Tinychat-logo-1280x284-new-black.png\" \/>\n\t<meta property=\"og:image:width\" content=\"1280\" \/>\n\t<meta property=\"og:image:height\" content=\"284\" \/>\n\t<meta property=\"og:image:type\" content=\"image\/png\" \/>\n<meta name=\"twitter:card\" content=\"summary_large_image\" \/>\n<meta name=\"twitter:site\" content=\"@tinychat\" \/>\n<meta name=\"twitter:label1\" content=\"Tempo di lettura stimato\" \/>\n\t<meta name=\"twitter:data1\" content=\"5 minuti\" \/>\n<script type=\"application\/ld+json\" class=\"yoast-schema-graph\">{\"@context\":\"https:\\\/\\\/schema.org\",\"@graph\":[{\"@type\":\"WebPage\",\"@id\":\"https:\\\/\\\/tinychat.com\\\/chat-alternative\\\/\",\"url\":\"https:\\\/\\\/tinychat.com\\\/chat-alternative\\\/\",\"name\":\"Chat Alternative - Free Video Chat - TinyChat.com\",\"isPartOf\":{\"@id\":\"https:\\\/\\\/tinychat.com\\\/#website\"},\"datePublished\":\"2025-08-27T06:35:29+00:00\",\"dateModified\":\"2025-08-27T07:35:21+00:00\",\"description\":\"Enjoying Chat Alternative? Join over 50,000,000 strangers on TinyChat! Turn on your cam and start meeting new people, or find a match.\",\"breadcrumb\":{\"@id\":\"https:\\\/\\\/tinychat.com\\\/chat-alternative\\\/#breadcrumb\"},\"inLanguage\":\"it-IT\",\"potentialAction\":[{\"@type\":\"ReadAction\",\"target\":[\"https:\\\/\\\/tinychat.com\\\/chat-alternative\\\/\"]}]},{\"@type\":\"BreadcrumbList\",\"@id\":\"https:\\\/\\\/tinychat.com\\\/chat-alternative\\\/#breadcrumb\",\"itemListElement\":[{\"@type\":\"ListItem\",\"position\":1,\"name\":\"Home\",\"item\":\"https:\\\/\\\/tinychat.com\\\/\"},{\"@type\":\"ListItem\",\"position\":2,\"name\":\"Chat Alternative\"}]},{\"@type\":\"WebSite\",\"@id\":\"https:\\\/\\\/tinychat.com\\\/#website\",\"url\":\"https:\\\/\\\/tinychat.com\\\/\",\"name\":\"TinyChat\",\"description\":\"Random Video Chat with Strangers\",\"publisher\":{\"@id\":\"https:\\\/\\\/tinychat.com\\\/#organization\"},\"alternateName\":\"TinyChat.com\",\"potentialAction\":[{\"@type\":\"SearchAction\",\"target\":{\"@type\":\"EntryPoint\",\"urlTemplate\":\"https:\\\/\\\/tinychat.com\\\/?s={search_term_string}\"},\"query-input\":{\"@type\":\"PropertyValueSpecification\",\"valueRequired\":true,\"valueName\":\"search_term_string\"}}],\"inLanguage\":\"it-IT\"},{\"@type\":\"Organization\",\"@id\":\"https:\\\/\\\/tinychat.com\\\/#organization\",\"name\":\"TinyChat\",\"alternateName\":\"TinyChat.com\",\"url\":\"https:\\\/\\\/tinychat.com\\\/\",\"logo\":{\"@type\":\"ImageObject\",\"inLanguage\":\"it-IT\",\"@id\":\"https:\\\/\\\/tinychat.com\\\/#\\\/schema\\\/logo\\\/image\\\/\",\"url\":\"https:\\\/\\\/tinychat.com\\\/wp-content\\\/uploads\\\/2023\\\/11\\\/Tinychat-icon-square.png\",\"contentUrl\":\"https:\\\/\\\/tinychat.com\\\/wp-content\\\/uploads\\\/2023\\\/11\\\/Tinychat-icon-square.png\",\"width\":284,\"height\":284,\"caption\":\"TinyChat\"},\"image\":{\"@id\":\"https:\\\/\\\/tinychat.com\\\/#\\\/schema\\\/logo\\\/image\\\/\"},\"sameAs\":[\"https:\\\/\\\/www.facebook.com\\\/tinychat\",\"https:\\\/\\\/x.com\\\/tinychat\"]}]}<\/script>\n<!-- \/ Yoast SEO plugin. -->","yoast_head_json":{"title":"Chat Alternative - Videochat gratuita - TinyChat.com","description":"Ti piace l'Chat Alternative? Unisciti a oltre 50.000.000 di sconosciuti su TinyChat! Accendi la tua cam e inizia a conoscere nuove persone o a trovare un partner.","robots":{"index":"index","follow":"follow","max-snippet":"max-snippet:-1","max-image-preview":"max-image-preview:large","max-video-preview":"max-video-preview:-1"},"canonical":"https:\/\/tinychat.com\/it\/chat-alternative\/","og_locale":"it_IT","og_type":"article","og_title":"Chat Alternative - Free Video Chat - TinyChat.com","og_description":"Enjoying Chat Alternative? Join over 50,000,000 strangers on TinyChat! Turn on your cam and start meeting new people, or find a match.","og_url":"https:\/\/tinychat.com\/it\/chat-alternative\/","og_site_name":"TinyChat","article_publisher":"https:\/\/www.facebook.com\/tinychat","article_modified_time":"2025-08-27T07:35:21+00:00","og_image":[{"width":1280,"height":284,"url":"https:\/\/tinychat.com\/wp-content\/uploads\/2020\/04\/Tinychat-logo-1280x284-new-black.png","type":"image\/png"}],"twitter_card":"summary_large_image","twitter_site":"@tinychat","twitter_misc":{"Tempo di lettura stimato":"5 minuti"},"schema":{"@context":"https:\/\/schema.org","@graph":[{"@type":"WebPage","@id":"https:\/\/tinychat.com\/chat-alternative\/","url":"https:\/\/tinychat.com\/chat-alternative\/","name":"Chat Alternative - Videochat gratuita - TinyChat.com","isPartOf":{"@id":"https:\/\/tinychat.com\/#website"},"datePublished":"2025-08-27T06:35:29+00:00","dateModified":"2025-08-27T07:35:21+00:00","description":"Ti piace l'Chat Alternative? Unisciti a oltre 50.000.000 di sconosciuti su TinyChat! Accendi la tua cam e inizia a conoscere nuove persone o a trovare un partner.","breadcrumb":{"@id":"https:\/\/tinychat.com\/chat-alternative\/#breadcrumb"},"inLanguage":"it-IT","potentialAction":[{"@type":"ReadAction","target":["https:\/\/tinychat.com\/chat-alternative\/"]}]},{"@type":"BreadcrumbList","@id":"https:\/\/tinychat.com\/chat-alternative\/#breadcrumb","itemListElement":[{"@type":"ListItem","position":1,"name":"Home","item":"https:\/\/tinychat.com\/"},{"@type":"ListItem","position":2,"name":"Chat Alternative"}]},{"@type":"WebSite","@id":"https:\/\/tinychat.com\/#website","url":"https:\/\/tinychat.com\/","name":"TinyChat","description":"Videochat casuale con sconosciuti","publisher":{"@id":"https:\/\/tinychat.com\/#organization"},"alternateName":"TinyChat.com","potentialAction":[{"@type":"SearchAction","target":{"@type":"EntryPoint","urlTemplate":"https:\/\/tinychat.com\/?s={search_term_string}"},"query-input":{"@type":"PropertyValueSpecification","valueRequired":true,"valueName":"search_term_string"}}],"inLanguage":"it-IT"},{"@type":"Organization","@id":"https:\/\/tinychat.com\/#organization","name":"TinyChat","alternateName":"TinyChat.com","url":"https:\/\/tinychat.com\/","logo":{"@type":"ImageObject","inLanguage":"it-IT","@id":"https:\/\/tinychat.com\/#\/schema\/logo\/image\/","url":"https:\/\/tinychat.com\/wp-content\/uploads\/2023\/11\/Tinychat-icon-square.png","contentUrl":"https:\/\/tinychat.com\/wp-content\/uploads\/2023\/11\/Tinychat-icon-square.png","width":284,"height":284,"caption":"TinyChat"},"image":{"@id":"https:\/\/tinychat.com\/#\/schema\/logo\/image\/"},"sameAs":["https:\/\/www.facebook.com\/tinychat","https:\/\/x.com\/tinychat"]}]}},"_links":{"self":[{"href":"https:\/\/tinychat.com\/it\/wp-json\/wp\/v2\/pages\/80","targetHints":{"allow":["GET"]}}],"collection":[{"href":"https:\/\/tinychat.com\/it\/wp-json\/wp\/v2\/pages"}],"about":[{"href":"https:\/\/tinychat.com\/it\/wp-json\/wp\/v2\/types\/page"}],"author":[{"embeddable":true,"href":"https:\/\/tinychat.com\/it\/wp-json\/wp\/v2\/users\/6"}],"replies":[{"embeddable":true,"href":"https:\/\/tinychat.com\/it\/wp-json\/wp\/v2\/comments?post=80"}],"version-history":[{"count":3,"href":"https:\/\/tinychat.com\/it\/wp-json\/wp\/v2\/pages\/80\/revisions"}],"predecessor-version":[{"id":13476,"href":"https:\/\/tinychat.com\/it\/wp-json\/wp\/v2\/pages\/80\/revisions\/13476"}],"wp:attachment":[{"href":"https:\/\/tinychat.com\/it\/wp-json\/wp\/v2\/media?parent=80"}],"curies":[{"name":"wp","href":"https:\/\/api.w.org\/{rel}","templated":true}]}}