{"id":8386,"date":"2025-04-19T11:35:24","date_gmt":"2025-04-19T09:35:24","guid":{"rendered":"https:\/\/tinychat.com\/?page_id=8386"},"modified":"2025-07-07T18:17:39","modified_gmt":"2025-07-07T16:17:39","slug":"chat-avenue","status":"publish","type":"page","link":"https:\/\/tinychat.com\/it\/chat-avenue\/","title":{"rendered":"Chat Avenue"},"content":{"rendered":"<p>Conosciuta per la sua ampia variet\u00e0 di <a href=\"https:\/\/tinychat.com\/it\/chatroulette\/\">chat<\/a> stanze, l'interfaccia retr\u00f2 e una base di utenti fedeli, <a href=\"https:\/\/tinychat.com\/it\/chatroulette\/\">Chat<\/a> Avenue non \u00e8 solo un'altra strada a caso <a href=\"https:\/\/tinychat.com\/it\/chatroulette\/\">chat<\/a> \u00e8 un veterano della scena delle chat online che ancora oggi mantiene la sua attualit\u00e0.<\/p>\n<p>Lanciato nel 2000, <a href=\"https:\/\/tinychat.com\/it\/chatroulette\/\">Chat<\/a> Avenue \u00e8 cresciuta fino a comprendere pi\u00f9 di una dozzina di <a href=\"https:\/\/tinychat.com\/it\/chatroulette\/\">chat<\/a> stanze personalizzate in base ai diversi interessi e alle diverse fasce demografiche, dagli adolescenti ai giovani. <a href=\"https:\/\/tinychat.com\/it\/chatroulette\/\">chat<\/a> e adulti <a href=\"https:\/\/tinychat.com\/it\/chatroulette\/\">chat<\/a> alla musica, allo sport, agli appuntamenti e persino alla webcam. <a href=\"https:\/\/tinychat.com\/it\/chatroulette\/\">chat<\/a>. Combina l'atmosfera della vecchia scuola di chat in stile IRC con la moderazione moderna, i profili utente e l'accesso mobile.<\/p>\n<p>Se siete alla ricerca di un'esperienza di tipo testuale con integrazione video opzionale, <a href=\"https:\/\/tinychat.com\/it\/chatroulette\/\">Chat<\/a> Avenue offre un luogo ampio e privo di barriere per <a href=\"https:\/\/tinychat.com\/it\/talk-to-strangers\/\">parlare con gli sconosciuti<\/a>, partecipare a stanze tematiche e interagire con un'ampia gamma di persone, da utenti occasionali a <a href=\"https:\/\/tinychat.com\/it\/chatroulette\/\">chat<\/a> veterani.<\/p>\n<p>In questa guida dettagliata, esploreremo cosa <a href=\"https:\/\/tinychat.com\/it\/chatroulette\/\">Chat<\/a> Avenue \u00e8, le sue caratteristiche, l'esperienza d'uso, i pro e i contro, il confronto con i concorrenti e i consigli per navigare in sicurezza sulla piattaforma.<\/p>\n<h2>Che cos'\u00e8 l'Chat Avenue?<\/h2>\n<p><a href=\"https:\/\/tinychat.com\/it\/chatroulette\/\">Chat<\/a> Avenue \u00e8 uno dei pi\u00f9 antichi siti online <a href=\"https:\/\/tinychat.com\/it\/chatroulette\/\">chat<\/a> piattaforme, che offrono servizi gratuiti e anonimi <a href=\"https:\/\/tinychat.com\/it\/chatroulette\/\">chat<\/a> stanze organizzate per argomento o interesse. A differenza dei nuovi video <a href=\"https:\/\/tinychat.com\/it\/chatroulette\/\">chat<\/a> piattaforme, <a href=\"https:\/\/tinychat.com\/it\/chatroulette\/\">Chat<\/a> Avenue pone l'accento sulla comunicazione testuale, ma offre anche alcune funzionalit\u00e0 video e vocali in alcune stanze.<\/p>\n<p>Invece di abbinare un utente a caso, <a href=\"https:\/\/tinychat.com\/it\/chatroulette\/\">Chat<\/a> Avenue vi mette in pubblico <a href=\"https:\/\/tinychat.com\/it\/chatroulette\/\">chat<\/a> stanze in cui pi\u00f9 utenti conversano insieme. \u00c8 possibile rispondere pubblicamente, inviare messaggi privati e persino creare un proprio profilo con un avatar e una biografia, se si decide di rimanere.<\/p>\n<p>Che siate alla ricerca di una conversazione casuale, di un appuntamento <a href=\"https:\/\/tinychat.com\/it\/chatroulette\/\">chat<\/a>, parlare di gioco o supporto anonimo, <a href=\"https:\/\/tinychat.com\/it\/chatroulette\/\">Chat<\/a> Avenue offre sale specializzate che consentono di trovare facilmente la propria nicchia.<\/p>\n<h2>Caratteristiche principali di Chat Avenue<\/h2>\n<p>Cosa stabilisce <a href=\"https:\/\/tinychat.com\/it\/chatroulette\/\">Chat<\/a> Viale, a parte le molte casualit\u00e0 <a href=\"https:\/\/tinychat.com\/it\/chatroulette\/\">chat<\/a> Il suo approccio strutturato e tematico \u00e8 il punto di forza delle applicazioni e dei siti disponibili oggi. Ecco le sue caratteristiche principali:<\/p>\n<h3>1. Decine di stanze di chat specifiche per ogni argomento<\/h3>\n<p><a href=\"https:\/\/tinychat.com\/it\/chatroulette\/\">Chat<\/a> Avenue ospita pi\u00f9 di una dozzina di <a href=\"https:\/\/tinychat.com\/it\/chatroulette\/\">chat<\/a> sale, ognuna delle quali \u00e8 dedicata a un pubblico o a un argomento diverso. Queste includono:<\/p>\n<ul>\n<li>Adolescente <a href=\"https:\/\/tinychat.com\/it\/chatroulette\/\">Chat<\/a><\/li>\n<li>Adulti <a href=\"https:\/\/tinychat.com\/it\/chatroulette\/\">Chat<\/a><\/li>\n<li>Ragazze <a href=\"https:\/\/tinychat.com\/it\/chatroulette\/\">Chat<\/a><\/li>\n<li>Ragazzi <a href=\"https:\/\/tinychat.com\/it\/chatroulette\/\">Chat<\/a><\/li>\n<li>Incontri <a href=\"https:\/\/tinychat.com\/it\/chatroulette\/\">Chat<\/a><\/li>\n<li>LGBT <a href=\"https:\/\/tinychat.com\/it\/chatroulette\/\">Chat<\/a><\/li>\n<li>Video <a href=\"https:\/\/tinychat.com\/it\/chatroulette\/\">Chat<\/a><\/li>\n<li>Generale <a href=\"https:\/\/tinychat.com\/it\/chatroulette\/\">Chat<\/a><\/li>\n<li>Musica <a href=\"https:\/\/tinychat.com\/it\/chatroulette\/\">Chat<\/a><\/li>\n<li>Sport <a href=\"https:\/\/tinychat.com\/it\/chatroulette\/\">Chat<\/a><\/li>\n<li>Gioco <a href=\"https:\/\/tinychat.com\/it\/chatroulette\/\">Chat<\/a><\/li>\n<li>Collegio <a href=\"https:\/\/tinychat.com\/it\/chatroulette\/\">Chat<\/a><\/li>\n<\/ul>\n<p>Ogni stanza ha una propria atmosfera, utenti abituali e moderatori attivi. \u00c8 possibile passare da una stanza all'altra o rimanere in quella che corrisponde meglio ai propri interessi o alla propria identit\u00e0.<\/p>\n<h3>2. Comunicazione anonima via testo<\/h3>\n<p>La maggior parte di <a href=\"https:\/\/tinychat.com\/it\/chatroulette\/\">Chat<\/a> Le interazioni di Avenue sono basate sul testo, il che lo rende ideale per gli utenti che non amano le telecamere o preferiscono digitare piuttosto che parlare. Non c'\u00e8 bisogno di registrarsi per unirsi a un gruppo di utenti. <a href=\"https:\/\/tinychat.com\/it\/chatroulette\/\">chat<\/a> - \u00e8 possibile entrare immediatamente nella maggior parte delle stanze e scegliere un nickname.<\/p>\n<p>\u00c8 possibile rispondere pubblicamente alla stanza o inviare messaggi privati a singoli individui. Gli utenti possono anche creare liste di amici e <a href=\"https:\/\/tinychat.com\/it\/chatroulette\/\">chat<\/a> privatamente fuori dalla sala principale.<\/p>\n<h3>3. Registrazione opzionale e profili personalizzati<\/h3>\n<p>Anche se la registrazione non \u00e8 obbligatoria, \u00e8 possibile creare un account gratuito per sbloccare funzioni aggiuntive come:<\/p>\n<ul>\n<li>Avatar personalizzati<\/li>\n<li>Nomi utente e biografie<\/li>\n<li>Richieste di amicizia dirette<\/li>\n<li>Messaggistica privata tra le stanze<\/li>\n<li>Ruoli di moderazione (per utenti fidati)<\/li>\n<\/ul>\n<p>Avere un account consente anche di evitare di usare un nickname da ospite ogni volta che ci si iscrive e di avere un'identit\u00e0 pi\u00f9 coerente all'interno della comunit\u00e0.<\/p>\n<h3>4. Chat con webcam integrata (stanze selettive)<\/h3>\n<p>Selezionare le sale, come la sala Video <a href=\"https:\/\/tinychat.com\/it\/chatroulette\/\">Chat<\/a> e Adulti <a href=\"https:\/\/tinychat.com\/it\/chatroulette\/\">Chat<\/a>supportano l'integrazione della webcam, consentendo agli utenti di trasmettere video oltre al testo. \u00c8 anche possibile visualizzare le webcam degli altri utenti, se questi le hanno abilitate.<\/p>\n<p>A differenza dei video individuali <a href=\"https:\/\/tinychat.com\/it\/chatroulette\/\">chat<\/a> siti, questo video \u00e8 integrato nelle stanze dei gruppi, rendendo l'esperienza pi\u00f9 sociale che diretta. <a href=\"https:\/\/tinychat.com\/it\/chatroulette\/\">chat<\/a>.<\/p>\n<h3>5. Interfaccia mobile-friendly<\/h3>\n<p><a href=\"https:\/\/tinychat.com\/it\/chatroulette\/\">Chat<\/a> Avenue \u00e8 stato completamente ottimizzato per i dispositivi mobili e, sebbene non esista un'app autonoma, l'esperienza del browser mobile \u00e8 pulita, reattiva e completamente funzionale. \u00c8 possibile <a href=\"https:\/\/tinychat.com\/it\/chatroulette\/\">chat<\/a> in movimento senza perdere l'accesso alle funzioni principali.<\/p>\n<h3>6. Moderazione della comunit\u00e0 e controlli di sicurezza<\/h3>\n<p>La maggior parte delle stanze ha dei moderatori in carne e ossa e un regolamento attivo, soprattutto in Teen <a href=\"https:\/\/tinychat.com\/it\/chatroulette\/\">Chat<\/a>, LGBT <a href=\"https:\/\/tinychat.com\/it\/chatroulette\/\">Chat<\/a>, e Adulti <a href=\"https:\/\/tinychat.com\/it\/chatroulette\/\">Chat<\/a>. Gli utenti possono segnalare comportamenti inappropriati e i mod possono cacciare, silenziare o bannare gli utenti che disturbano.<\/p>\n<p><a href=\"https:\/\/tinychat.com\/it\/chatroulette\/\">Chat<\/a> Avenue offre anche filtri per i contenuti e l'applicazione dei termini di servizio per mantenere le conversazioni rispettose e sicure, anche se la qualit\u00e0 dell'applicazione varia a seconda della stanza.<\/p>\n<h2>Come utilizzare l'Chat Avenue<\/h2>\n<p>Iniziare a lavorare su <a href=\"https:\/\/tinychat.com\/it\/chatroulette\/\">Chat<\/a> Avenue \u00e8 semplice, sia da desktop che da mobile. Ecco una spiegazione passo per passo:<\/p>\n<h3>Passo 1: visitare il sito<\/h3>\n<p>Andate su www.chat-avenue.com. Verr\u00e0 visualizzata una homepage con l'elenco di tutti i siti disponibili <a href=\"https:\/\/tinychat.com\/it\/chatroulette\/\">chat<\/a> camere per categoria.<\/p>\n<h3>Fase 2: Scegliere una stanza di chat<\/h3>\n<p>Cliccate sulla camera che corrisponde ai vostri interessi. Verrete portati direttamente a una pagina di <a href=\"https:\/\/tinychat.com\/it\/chatroulette\/\">chat<\/a> ambiente popolato da altri utenti.<\/p>\n<h3>Fase 3: Inserire un nickname (o registrarsi)<\/h3>\n<p>Per iniziare a chattare basta inserire un nickname. Se si desiderano funzioni aggiuntive, fare clic su \"Registrati\" per creare un profilo.<\/p>\n<h3>Passo 4: Partecipare alla conversazione<\/h3>\n<p>Una volta entrati nella stanza, \u00e8 possibile inviare messaggi pubblici, reagire agli altri o cliccare sui nomi dei singoli utenti per inviare messaggi privati.<\/p>\n<h3>Fase 5: Esplorare le opzioni video o webcam (se disponibili)<\/h3>\n<p>In alcune stanze sono presenti icone di telecamere. Fate clic per attivare la vostra webcam o per guardare la diretta di qualcun altro, ma rispettate sempre le regole della stanza.<\/p>\n<h2>Esperienza utente su Chat Avenue<\/h2>\n<p>Mentre l'interfaccia di <a href=\"https:\/\/tinychat.com\/it\/chatroulette\/\">Chat<\/a> Avenue pu\u00f2 sembrare retr\u00f2, ma rimane uno dei suoi punti di forza. L'attenzione al design funzionale piuttosto che all'appariscenza lo rende veloce, stabile e facile da navigare.<\/p>\n<h3>Cosa piace agli utenti<\/h3>\n<ul>\n<li>Conversazioni strutturate in stanze a tema<\/li>\n<li>Barriera d'ingresso minima: non \u00e8 necessario il login<\/li>\n<li>Possibilit\u00e0 di rimanere anonimi o di creare un profilo<\/li>\n<li>Comunit\u00e0 eterogenea con interessi multipli<\/li>\n<li>Nostalgia della chat classica con caratteristiche di sicurezza moderne<\/li>\n<\/ul>\n<h3>Cosa si potrebbe migliorare<\/h3>\n<ul>\n<li>L'interfaccia utente sembra obsoleta rispetto alle piattaforme pi\u00f9 moderne<\/li>\n<li>La qualit\u00e0 della moderazione varia a seconda della sala: alcune sono ben gestite, altre meno.<\/li>\n<li>Nessun sistema di video match uno contro uno come <a href=\"https:\/\/tinychat.com\/it\/chatroulette\/\">Chatroulette<\/a> o <a href=\"https:\/\/tinychat.com\/it\/omegle\/\">Omegle<\/a><\/li>\n<li>Nessuna applicazione mobile, solo accesso via browser<\/li>\n<\/ul>\n<h2>Recensioni di utenti reali<\/h2>\n<blockquote><p>\"\u00c8 una vecchia scuola, ma \u00e8 questo che amo. Reale <a href=\"https:\/\/tinychat.com\/it\/chatroulette\/\">chat<\/a> stanze, senza bot, senza falsi abbinamenti. Solo persone che parlano\".<br \/>\n- <em>Samantha P., Trustpilot<\/em><\/p><\/blockquote>\n<blockquote><p>\"Adolescente <a href=\"https:\/\/tinychat.com\/it\/chatroulette\/\">Chat<\/a> ha dei mod che lo sorvegliano, il che lo fa sentire sicuro. Qui ho conosciuto amici con cui parlo ancora ogni giorno\".<br \/>\n- <em>Liam R., Reddit<\/em><\/p><\/blockquote>\n<blockquote><p>\"Se volete un luogo basato su argomenti <a href=\"https:\/\/tinychat.com\/it\/chatroulette\/\">chat<\/a> con estranei che non sia un casino totale, <a href=\"https:\/\/tinychat.com\/it\/chatroulette\/\">Chat<\/a> Il viale regge ancora\".<br \/>\n- <em>Tony V., Recensioni Google<\/em><\/p><\/blockquote>\n<h2>Chat Avenue vs Altre piattaforme di chat<\/h2>\n<p>In che modo <a href=\"https:\/\/tinychat.com\/it\/chatroulette\/\">Chat<\/a> Avenue rispetto ai concorrenti dello spazio?<\/p>\n<table>\n<thead>\n<tr>\n<th>Caratteristica<\/th>\n<th><a href=\"https:\/\/tinychat.com\/it\/chatroulette\/\">Chat<\/a> Viale<\/th>\n<th><a href=\"https:\/\/tinychat.com\/it\/omegle\/\">Omegle<\/a><\/th>\n<th><a href=\"https:\/\/tinychat.com\/it\/chathub\/\">ChatHub<\/a><\/th>\n<th><a href=\"https:\/\/tinychat.com\/it\/\">TinyChat<\/a><\/th>\n<th><a href=\"https:\/\/tinychat.com\/it\/ometv\/\">OmeTV<\/a><\/th>\n<\/tr>\n<\/thead>\n<tbody>\n<tr>\n<td>Stanze a tema<\/td>\n<td>\u2705 S\u00ec<\/td>\n<td>\u274c No<\/td>\n<td>\u274c No<\/td>\n<td>\u2705 S\u00ec<\/td>\n<td>\u274c No<\/td>\n<\/tr>\n<tr>\n<td>Gruppo <a href=\"https:\/\/tinychat.com\/it\/chatroulette\/\">Chat<\/a><\/td>\n<td>\u2705 S\u00ec<\/td>\n<td>\u274c No<\/td>\n<td>\u274c No<\/td>\n<td>\u2705 S\u00ec<\/td>\n<td>\u274c No<\/td>\n<\/tr>\n<tr>\n<td>Testo <a href=\"https:\/\/tinychat.com\/it\/chatroulette\/\">Chat<\/a><\/td>\n<td>\u2705 S\u00ec<\/td>\n<td>\u2705 S\u00ec<\/td>\n<td>\u2705 S\u00ec<\/td>\n<td>\u2705 S\u00ec<\/td>\n<td>\u2705 S\u00ec<\/td>\n<\/tr>\n<tr>\n<td>Video <a href=\"https:\/\/tinychat.com\/it\/chatroulette\/\">Chat<\/a><\/td>\n<td>Limitato<\/td>\n<td>\u2705 S\u00ec<\/td>\n<td>\u2705 S\u00ec<\/td>\n<td>\u2705 S\u00ec<\/td>\n<td>\u2705 S\u00ec<\/td>\n<\/tr>\n<tr>\n<td>Uso anonimo<\/td>\n<td>\u2705 S\u00ec<\/td>\n<td>\u2705 S\u00ec<\/td>\n<td>\u2705 S\u00ec<\/td>\n<td>\u2705 S\u00ec<\/td>\n<td>\u2705 S\u00ec<\/td>\n<\/tr>\n<tr>\n<td>Creazione del profilo<\/td>\n<td>Opzionale<\/td>\n<td>\u274c No<\/td>\n<td>\u274c No<\/td>\n<td>\u2705 S\u00ec<\/td>\n<td>\u274c No<\/td>\n<\/tr>\n<tr>\n<td>Supporto mobile<\/td>\n<td>\u2705 Browser<\/td>\n<td>\u2705 Browser<\/td>\n<td>\u2705 Browser<\/td>\n<td>App<\/td>\n<td>App<\/td>\n<\/tr>\n<tr>\n<td>Moderazione<\/td>\n<td>\u2705 Varia<\/td>\n<td>\u26a0\ufe0f Minimal<\/td>\n<td>Forte<\/td>\n<td>Moderato<\/td>\n<td>Buono<\/td>\n<\/tr>\n<\/tbody>\n<\/table>\n<p>Sintesi: <a href=\"https:\/\/tinychat.com\/it\/chatroulette\/\">Chat<\/a> Avenue \u00e8 ideale per gli utenti che preferiscono le discussioni di gruppo, le conversazioni digitate e le stanze basate su argomenti piuttosto che le chat individuali randomizzate.<\/p>\n<h2>Suggerimenti per un utilizzo sicuro dell'Chat Avenue<\/h2>\n<p>Come ogni <a href=\"https:\/\/tinychat.com\/it\/chatroulette\/\">chat<\/a> La sicurezza della piattaforma dipende dalle vostre abitudini. Ecco le migliori pratiche:<\/p>\n<ul>\n<li>Usare un nickname unico non legato alla propria identit\u00e0 reale.<\/li>\n<li>Evitare di condividere informazioni private (nome e cognome, e-mail, posizione).<\/li>\n<li>Non cliccate su link esterni se non verificati<\/li>\n<li>Usare la webcam in modo responsabile, solo nelle stanze che la supportano e seguendo tutte le linee guida.<\/li>\n<li>Segnalare immediatamente ai moderatori i comportamenti scorretti<\/li>\n<li>Limitarsi a stanze adatte alla propria et\u00e0 e ai propri interessi<\/li>\n<\/ul>\n<h2>Risoluzione dei problemi comuni<\/h2>\n<h3>Impossibile entrare nella chat<\/h3>\n<p>Assicuratevi che i cookie e JavaScript siano abilitati nel vostro browser. Aggiornare o provare con un altro browser.<\/p>\n<h3>Webcam non funzionante<\/h3>\n<p>Assicurarsi che il browser abbia il permesso di utilizzare la fotocamera. Provate a riavviare il browser o a controllare le impostazioni di sicurezza.<\/p>\n<h3>Vietato uscire da una stanza<\/h3>\n<p>I divieti di stanza sono in genere legati al tuo IP o al tuo account. Prova a cambiare stanza, contatta un mod o aspetta.<\/p>\n<h3>Caricamento lento o lag<\/h3>\n<p><a href=\"https:\/\/tinychat.com\/it\/chatroulette\/\">Chat<\/a> Avenue \u00e8 leggero, ma le connessioni lente possono influire sulle funzioni della webcam. Provate a ridurre l'attivit\u00e0 in background o a cambiare rete.<\/p>\n<p><a href=\"https:\/\/tinychat.com\/it\/chatroulette\/\">Chat<\/a> Avenue non sar\u00e0 appariscente, ma fornisce una delle prestazioni anonime pi\u00f9 costanti e affidabili. <a href=\"https:\/\/tinychat.com\/it\/chatroulette\/\">chat<\/a> esperienze online.<\/p>\n<p>Con la sua ampia base di utenti, la grande variet\u00e0 di <a href=\"https:\/\/tinychat.com\/it\/chatroulette\/\">chat<\/a> Le stanze, l'integrazione video opzionale e la bassa barriera d'ingresso rendono questa piattaforma eccellente per tutti coloro che preferiscono le conversazioni di gruppo alla casualit\u00e0 dell'uno contro uno.<\/p>\n<p>Se siete alla ricerca di un posto dove incontrare sconosciuti senza swiping o matching, e vi piace la semplicit\u00e0 della vecchia scuola del live <a href=\"https:\/\/tinychat.com\/it\/chatroulette\/\">chat<\/a> camere, <a href=\"https:\/\/tinychat.com\/it\/chatroulette\/\">Chat<\/a> Avenue \u00e8 ancora una delle scelte migliori in circolazione.<\/p>\n<p>Visitate il sito www.chat-avenue.com, scegliete una stanza e lanciatevi in una conversazione. Non si sa mai chi si pu\u00f2 incontrare.<\/p>","protected":false},"excerpt":{"rendered":"<p>Known for its wide variety of chat rooms, retro interface, and loyal user base, Chat Avenue isn\u2019t just another random chat site \u2014 it\u2019s a veteran of the online chatting scene that still holds relevance today. Launched in 2000, Chat Avenue has grown to include over a dozen specialized chat rooms tailored to different interests [&hellip;]<\/p>\n","protected":false},"author":6,"featured_media":0,"parent":0,"menu_order":0,"comment_status":"closed","ping_status":"closed","template":"","meta":{"footnotes":""},"class_list":["post-8386","page","type-page","status-publish","hentry"],"yoast_head":"<!-- This site is optimized with the Yoast SEO plugin v27.6 - https:\/\/yoast.com\/product\/yoast-seo-wordpress\/ -->\n<title>Chat Avenue - The Original Random Video Chat - TinyChat.com<\/title>\n<meta name=\"description\" content=\"Enjoying Chat Avenue? Join over 50,000,000 strangers on TinyChat! Turn on your cam and start meeting new people, or find a match.\" \/>\n<meta name=\"robots\" content=\"index, follow, max-snippet:-1, max-image-preview:large, max-video-preview:-1\" \/>\n<link rel=\"canonical\" href=\"https:\/\/tinychat.com\/it\/chat-avenue\/\" \/>\n<meta property=\"og:locale\" content=\"it_IT\" \/>\n<meta property=\"og:type\" content=\"article\" \/>\n<meta property=\"og:title\" content=\"Chat Avenue - The Original Random Video Chat - TinyChat.com\" \/>\n<meta property=\"og:description\" content=\"Enjoying Chat Avenue? Join over 50,000,000 strangers on TinyChat! Turn on your cam and start meeting new people, or find a match.\" \/>\n<meta property=\"og:url\" content=\"https:\/\/tinychat.com\/it\/chat-avenue\/\" \/>\n<meta property=\"og:site_name\" content=\"TinyChat\" \/>\n<meta property=\"article:publisher\" content=\"https:\/\/www.facebook.com\/tinychat\" \/>\n<meta property=\"article:modified_time\" content=\"2025-07-07T16:17:39+00:00\" \/>\n<meta property=\"og:image\" content=\"https:\/\/tinychat.com\/wp-content\/uploads\/2020\/04\/Tinychat-logo-1280x284-new-black.png\" \/>\n\t<meta property=\"og:image:width\" content=\"1280\" \/>\n\t<meta property=\"og:image:height\" content=\"284\" \/>\n\t<meta property=\"og:image:type\" content=\"image\/png\" \/>\n<meta name=\"twitter:card\" content=\"summary_large_image\" \/>\n<meta name=\"twitter:site\" content=\"@tinychat\" \/>\n<meta name=\"twitter:label1\" content=\"Tempo di lettura stimato\" \/>\n\t<meta name=\"twitter:data1\" content=\"6 minuti\" \/>\n<script type=\"application\/ld+json\" class=\"yoast-schema-graph\">{\"@context\":\"https:\\\/\\\/schema.org\",\"@graph\":[{\"@type\":\"WebPage\",\"@id\":\"https:\\\/\\\/tinychat.com\\\/chat-avenue\\\/\",\"url\":\"https:\\\/\\\/tinychat.com\\\/chat-avenue\\\/\",\"name\":\"Chat Avenue - The Original Random Video Chat - TinyChat.com\",\"isPartOf\":{\"@id\":\"https:\\\/\\\/tinychat.com\\\/#website\"},\"datePublished\":\"2025-04-19T09:35:24+00:00\",\"dateModified\":\"2025-07-07T16:17:39+00:00\",\"description\":\"Enjoying Chat Avenue? Join over 50,000,000 strangers on TinyChat! Turn on your cam and start meeting new people, or find a match.\",\"breadcrumb\":{\"@id\":\"https:\\\/\\\/tinychat.com\\\/chat-avenue\\\/#breadcrumb\"},\"inLanguage\":\"it-IT\",\"potentialAction\":[{\"@type\":\"ReadAction\",\"target\":[\"https:\\\/\\\/tinychat.com\\\/chat-avenue\\\/\"]}]},{\"@type\":\"BreadcrumbList\",\"@id\":\"https:\\\/\\\/tinychat.com\\\/chat-avenue\\\/#breadcrumb\",\"itemListElement\":[{\"@type\":\"ListItem\",\"position\":1,\"name\":\"Home\",\"item\":\"https:\\\/\\\/tinychat.com\\\/\"},{\"@type\":\"ListItem\",\"position\":2,\"name\":\"Chat Avenue\"}]},{\"@type\":\"WebSite\",\"@id\":\"https:\\\/\\\/tinychat.com\\\/#website\",\"url\":\"https:\\\/\\\/tinychat.com\\\/\",\"name\":\"TinyChat\",\"description\":\"Random Video Chat with Strangers\",\"publisher\":{\"@id\":\"https:\\\/\\\/tinychat.com\\\/#organization\"},\"alternateName\":\"TinyChat.com\",\"potentialAction\":[{\"@type\":\"SearchAction\",\"target\":{\"@type\":\"EntryPoint\",\"urlTemplate\":\"https:\\\/\\\/tinychat.com\\\/?s={search_term_string}\"},\"query-input\":{\"@type\":\"PropertyValueSpecification\",\"valueRequired\":true,\"valueName\":\"search_term_string\"}}],\"inLanguage\":\"it-IT\"},{\"@type\":\"Organization\",\"@id\":\"https:\\\/\\\/tinychat.com\\\/#organization\",\"name\":\"TinyChat\",\"alternateName\":\"TinyChat.com\",\"url\":\"https:\\\/\\\/tinychat.com\\\/\",\"logo\":{\"@type\":\"ImageObject\",\"inLanguage\":\"it-IT\",\"@id\":\"https:\\\/\\\/tinychat.com\\\/#\\\/schema\\\/logo\\\/image\\\/\",\"url\":\"https:\\\/\\\/tinychat.com\\\/wp-content\\\/uploads\\\/2023\\\/11\\\/Tinychat-icon-square.png\",\"contentUrl\":\"https:\\\/\\\/tinychat.com\\\/wp-content\\\/uploads\\\/2023\\\/11\\\/Tinychat-icon-square.png\",\"width\":284,\"height\":284,\"caption\":\"TinyChat\"},\"image\":{\"@id\":\"https:\\\/\\\/tinychat.com\\\/#\\\/schema\\\/logo\\\/image\\\/\"},\"sameAs\":[\"https:\\\/\\\/www.facebook.com\\\/tinychat\",\"https:\\\/\\\/x.com\\\/tinychat\"]}]}<\/script>\n<!-- \/ Yoast SEO plugin. -->","yoast_head_json":{"title":"Chat Avenue - L'originale video chat casuale - TinyChat.com","description":"Ti piace l'Chat Avenue? Unisciti a oltre 50.000.000 di sconosciuti su TinyChat! Accendi la tua cam e inizia a conoscere nuove persone o a trovare un partner.","robots":{"index":"index","follow":"follow","max-snippet":"max-snippet:-1","max-image-preview":"max-image-preview:large","max-video-preview":"max-video-preview:-1"},"canonical":"https:\/\/tinychat.com\/it\/chat-avenue\/","og_locale":"it_IT","og_type":"article","og_title":"Chat Avenue - The Original Random Video Chat - TinyChat.com","og_description":"Enjoying Chat Avenue? Join over 50,000,000 strangers on TinyChat! Turn on your cam and start meeting new people, or find a match.","og_url":"https:\/\/tinychat.com\/it\/chat-avenue\/","og_site_name":"TinyChat","article_publisher":"https:\/\/www.facebook.com\/tinychat","article_modified_time":"2025-07-07T16:17:39+00:00","og_image":[{"width":1280,"height":284,"url":"https:\/\/tinychat.com\/wp-content\/uploads\/2020\/04\/Tinychat-logo-1280x284-new-black.png","type":"image\/png"}],"twitter_card":"summary_large_image","twitter_site":"@tinychat","twitter_misc":{"Tempo di lettura stimato":"6 minuti"},"schema":{"@context":"https:\/\/schema.org","@graph":[{"@type":"WebPage","@id":"https:\/\/tinychat.com\/chat-avenue\/","url":"https:\/\/tinychat.com\/chat-avenue\/","name":"Chat Avenue - L'originale video chat casuale - TinyChat.com","isPartOf":{"@id":"https:\/\/tinychat.com\/#website"},"datePublished":"2025-04-19T09:35:24+00:00","dateModified":"2025-07-07T16:17:39+00:00","description":"Ti piace l'Chat Avenue? Unisciti a oltre 50.000.000 di sconosciuti su TinyChat! Accendi la tua cam e inizia a conoscere nuove persone o a trovare un partner.","breadcrumb":{"@id":"https:\/\/tinychat.com\/chat-avenue\/#breadcrumb"},"inLanguage":"it-IT","potentialAction":[{"@type":"ReadAction","target":["https:\/\/tinychat.com\/chat-avenue\/"]}]},{"@type":"BreadcrumbList","@id":"https:\/\/tinychat.com\/chat-avenue\/#breadcrumb","itemListElement":[{"@type":"ListItem","position":1,"name":"Home","item":"https:\/\/tinychat.com\/"},{"@type":"ListItem","position":2,"name":"Chat Avenue"}]},{"@type":"WebSite","@id":"https:\/\/tinychat.com\/#website","url":"https:\/\/tinychat.com\/","name":"TinyChat","description":"Videochat casuale con sconosciuti","publisher":{"@id":"https:\/\/tinychat.com\/#organization"},"alternateName":"TinyChat.com","potentialAction":[{"@type":"SearchAction","target":{"@type":"EntryPoint","urlTemplate":"https:\/\/tinychat.com\/?s={search_term_string}"},"query-input":{"@type":"PropertyValueSpecification","valueRequired":true,"valueName":"search_term_string"}}],"inLanguage":"it-IT"},{"@type":"Organization","@id":"https:\/\/tinychat.com\/#organization","name":"TinyChat","alternateName":"TinyChat.com","url":"https:\/\/tinychat.com\/","logo":{"@type":"ImageObject","inLanguage":"it-IT","@id":"https:\/\/tinychat.com\/#\/schema\/logo\/image\/","url":"https:\/\/tinychat.com\/wp-content\/uploads\/2023\/11\/Tinychat-icon-square.png","contentUrl":"https:\/\/tinychat.com\/wp-content\/uploads\/2023\/11\/Tinychat-icon-square.png","width":284,"height":284,"caption":"TinyChat"},"image":{"@id":"https:\/\/tinychat.com\/#\/schema\/logo\/image\/"},"sameAs":["https:\/\/www.facebook.com\/tinychat","https:\/\/x.com\/tinychat"]}]}},"_links":{"self":[{"href":"https:\/\/tinychat.com\/it\/wp-json\/wp\/v2\/pages\/8386","targetHints":{"allow":["GET"]}}],"collection":[{"href":"https:\/\/tinychat.com\/it\/wp-json\/wp\/v2\/pages"}],"about":[{"href":"https:\/\/tinychat.com\/it\/wp-json\/wp\/v2\/types\/page"}],"author":[{"embeddable":true,"href":"https:\/\/tinychat.com\/it\/wp-json\/wp\/v2\/users\/6"}],"replies":[{"embeddable":true,"href":"https:\/\/tinychat.com\/it\/wp-json\/wp\/v2\/comments?post=8386"}],"version-history":[{"count":4,"href":"https:\/\/tinychat.com\/it\/wp-json\/wp\/v2\/pages\/8386\/revisions"}],"predecessor-version":[{"id":13200,"href":"https:\/\/tinychat.com\/it\/wp-json\/wp\/v2\/pages\/8386\/revisions\/13200"}],"wp:attachment":[{"href":"https:\/\/tinychat.com\/it\/wp-json\/wp\/v2\/media?parent=8386"}],"curies":[{"name":"wp","href":"https:\/\/api.w.org\/{rel}","templated":true}]}}