{"id":8446,"date":"2021-10-06T19:55:53","date_gmt":"2021-10-06T17:55:53","guid":{"rendered":"https:\/\/tinychat.com\/?page_id=8446"},"modified":"2025-05-03T17:12:32","modified_gmt":"2025-05-03T15:12:32","slug":"contact","status":"publish","type":"page","link":"https:\/\/tinychat.com\/it\/contact\/","title":{"rendered":"Contatto"},"content":{"rendered":"<p class=\"\" data-start=\"271\" data-end=\"502\">Se avete domande o bisogno di assistenza per l'utilizzo di <a href=\"https:\/\/tinychat.com\/it\/\">TinyChat<\/a>siete nel posto giusto. Prima di contattare l'assistenza, vi consigliamo di consultare le domande frequenti riportate di seguito: la maggior parte degli utenti trova le risposte di cui ha bisogno senza dover attendere l'assistenza.<\/p>\n<blockquote data-start=\"504\" data-end=\"768\">\n<p class=\"\" data-start=\"506\" data-end=\"768\">Nota importante: <a href=\"https:\/\/tinychat.com\/it\/\">TinyChat<\/a> lavora in collaborazione con CooMeet come affiliato. Ci\u00f2 significa che non gestiamo direttamente la fatturazione, gli abbonamenti o gli account degli utenti. Per qualsiasi questione relativa a rimborsi o abbonamenti, contattare il team di assistenza ufficiale di CooMeet.<\/p>\n<\/blockquote>\n<h2 data-start=\"775\" data-end=\"816\">Domande frequenti (FAQ)<\/h2>\n<h4 class=\"\" data-start=\"818\" data-end=\"864\">1. Il mio abbonamento si rinnova automaticamente?<\/h4>\n<p class=\"\" data-start=\"865\" data-end=\"1251\">S\u00ec. Se ci si \u00e8 iscritti a un programma di <a href=\"https:\/\/tinychat.com\/it\/\">TinyChat<\/a> Se si sceglie un piano Premium tramite CooMeet, l'abbonamento si rinnover\u00e0 automaticamente in base al ciclo di fatturazione selezionato. Per annullare l'abbonamento, visitare la pagina di assistenza clienti di CooMeet, inserire i dati di pagamento e seguire le istruzioni per interrompere il rinnovo.<br data-start=\"1140\" data-end=\"1143\" \/>Nota: se avete acquistato un pacchetto Diamonds, si tratta di acquisti unici e non si rinnovano automaticamente.<\/p>\n<h4 class=\"\" data-start=\"1258\" data-end=\"1296\">2. Posso cancellare il mio account?<\/h4>\n<p class=\"\" data-start=\"1297\" data-end=\"1542\">Attualmente, <a href=\"https:\/\/tinychat.com\/it\/\">TinyChat<\/a> non memorizza alcun dato personale dell'utente o account permanente. Di conseguenza, non c'\u00e8 bisogno di eliminare un account, n\u00e9 esiste una funzionalit\u00e0 per farlo. Tuttavia, stiamo lavorando attivamente a funzioni che potrebbero offrire un maggiore controllo del profilo in futuro.<\/p>\n<h4 class=\"\" data-start=\"1549\" data-end=\"1582\">3. Posso essere sbloccato?<\/h4>\n<p class=\"\" data-start=\"1583\" data-end=\"1772\">Se il vostro account \u00e8 stato bloccato dal nostro team di moderazione a causa di una violazione delle linee guida della piattaforma, la decisione \u00e8 definitiva. Al momento non offriamo un processo di appello o di sblocco.<\/p>\n<h4 class=\"\" data-start=\"1779\" data-end=\"1812\">4. Posso ottenere un rimborso?<\/h4>\n<p class=\"\" data-start=\"1813\" data-end=\"2081\">Tutte le fatture e i rimborsi sono gestiti da CooMeet, non da <a href=\"https:\/\/tinychat.com\/it\/\">TinyChat<\/a>. Per informazioni complete e criteri di ammissibilit\u00e0, consultare la politica di rimborso di CooMeet. Se si ritiene di avere diritto a un rimborso, contattare direttamente il team di assistenza tramite il sito web ufficiale.<\/p>\n<h2 data-start=\"2088\" data-end=\"2112\">Avete ancora bisogno di aiuto?<\/h2>\n<p class=\"\" data-start=\"2114\" data-end=\"2387\">Se il vostro problema non \u00e8 stato trattato qui sopra, non esitate a contattarci tramite il modulo di contatto qui sotto. Anche se non siamo in grado di fornire assistenza per questioni di pagamento o di abbonamento, faremo del nostro meglio per aiutarvi con domande generali sull'uso di <a href=\"https:\/\/tinychat.com\/it\/\">TinyChat<\/a>. Si prega di attendere fino a 24 ore per una risposta.<\/p>\n<p class=\"\" data-start=\"2389\" data-end=\"2486\">Grazie per aver utilizzato l'TinyChat: ci fa piacere che facciate parte della nostra rete video globale. <a href=\"https:\/\/tinychat.com\/it\/chatroulette\/\">chat<\/a> comunit\u00e0!<\/p>","protected":false},"excerpt":{"rendered":"<p>If you have questions or need assistance using TinyChat, you\u2019re in the right place. Before reaching out, we recommend reviewing the Frequently Asked Questions below\u2014most users find the answers they need without waiting for support. Important Note: TinyChat works in partnership with CooMeet as an affiliate. This means we do not manage billing, subscriptions, or [&hellip;]<\/p>\n","protected":false},"author":1,"featured_media":0,"parent":0,"menu_order":0,"comment_status":"closed","ping_status":"closed","template":"","meta":{"footnotes":""},"class_list":["post-8446","page","type-page","status-publish","hentry"],"yoast_head":"<!-- This site is optimized with the Yoast SEO plugin v27.5 - https:\/\/yoast.com\/product\/yoast-seo-wordpress\/ -->\n<title>Contact Us - TinyChat<\/title>\n<meta name=\"robots\" content=\"index, follow, max-snippet:-1, max-image-preview:large, max-video-preview:-1\" \/>\n<link rel=\"canonical\" href=\"https:\/\/tinychat.com\/it\/contact\/\" \/>\n<meta property=\"og:locale\" content=\"it_IT\" \/>\n<meta property=\"og:type\" content=\"article\" \/>\n<meta property=\"og:title\" content=\"Contact Us - TinyChat\" \/>\n<meta property=\"og:description\" content=\"If you have questions or need assistance using TinyChat, you\u2019re in the right place. Before reaching out, we recommend reviewing the Frequently Asked Questions below\u2014most users find the answers they need without waiting for support. Important Note: TinyChat works in partnership with CooMeet as an affiliate. This means we do not manage billing, subscriptions, or [&hellip;]\" \/>\n<meta property=\"og:url\" content=\"https:\/\/tinychat.com\/it\/contact\/\" \/>\n<meta property=\"og:site_name\" content=\"TinyChat\" \/>\n<meta property=\"article:publisher\" content=\"https:\/\/www.facebook.com\/tinychat\" \/>\n<meta property=\"article:modified_time\" content=\"2025-05-03T15:12:32+00:00\" \/>\n<meta property=\"og:image\" content=\"https:\/\/tinychat.com\/wp-content\/uploads\/2020\/04\/Tinychat-logo-1280x284-new-black.png\" \/>\n\t<meta property=\"og:image:width\" content=\"1280\" \/>\n\t<meta property=\"og:image:height\" content=\"284\" \/>\n\t<meta property=\"og:image:type\" content=\"image\/png\" \/>\n<meta name=\"twitter:card\" content=\"summary_large_image\" \/>\n<meta name=\"twitter:site\" content=\"@tinychat\" \/>\n<meta name=\"twitter:label1\" content=\"Tempo di lettura stimato\" \/>\n\t<meta name=\"twitter:data1\" content=\"2 minuti\" \/>\n<script type=\"application\/ld+json\" class=\"yoast-schema-graph\">{\"@context\":\"https:\\\/\\\/schema.org\",\"@graph\":[{\"@type\":\"WebPage\",\"@id\":\"https:\\\/\\\/tinychat.com\\\/contact\\\/\",\"url\":\"https:\\\/\\\/tinychat.com\\\/contact\\\/\",\"name\":\"Contact Us - TinyChat\",\"isPartOf\":{\"@id\":\"https:\\\/\\\/tinychat.com\\\/#website\"},\"datePublished\":\"2021-10-06T17:55:53+00:00\",\"dateModified\":\"2025-05-03T15:12:32+00:00\",\"breadcrumb\":{\"@id\":\"https:\\\/\\\/tinychat.com\\\/contact\\\/#breadcrumb\"},\"inLanguage\":\"it-IT\",\"potentialAction\":[{\"@type\":\"ReadAction\",\"target\":[\"https:\\\/\\\/tinychat.com\\\/contact\\\/\"]}]},{\"@type\":\"BreadcrumbList\",\"@id\":\"https:\\\/\\\/tinychat.com\\\/contact\\\/#breadcrumb\",\"itemListElement\":[{\"@type\":\"ListItem\",\"position\":1,\"name\":\"Home\",\"item\":\"https:\\\/\\\/tinychat.com\\\/\"},{\"@type\":\"ListItem\",\"position\":2,\"name\":\"Contact Us\"}]},{\"@type\":\"WebSite\",\"@id\":\"https:\\\/\\\/tinychat.com\\\/#website\",\"url\":\"https:\\\/\\\/tinychat.com\\\/\",\"name\":\"TinyChat\",\"description\":\"Random Video Chat with Strangers\",\"publisher\":{\"@id\":\"https:\\\/\\\/tinychat.com\\\/#organization\"},\"alternateName\":\"TinyChat.com\",\"potentialAction\":[{\"@type\":\"SearchAction\",\"target\":{\"@type\":\"EntryPoint\",\"urlTemplate\":\"https:\\\/\\\/tinychat.com\\\/?s={search_term_string}\"},\"query-input\":{\"@type\":\"PropertyValueSpecification\",\"valueRequired\":true,\"valueName\":\"search_term_string\"}}],\"inLanguage\":\"it-IT\"},{\"@type\":\"Organization\",\"@id\":\"https:\\\/\\\/tinychat.com\\\/#organization\",\"name\":\"TinyChat\",\"alternateName\":\"TinyChat.com\",\"url\":\"https:\\\/\\\/tinychat.com\\\/\",\"logo\":{\"@type\":\"ImageObject\",\"inLanguage\":\"it-IT\",\"@id\":\"https:\\\/\\\/tinychat.com\\\/#\\\/schema\\\/logo\\\/image\\\/\",\"url\":\"https:\\\/\\\/tinychat.com\\\/wp-content\\\/uploads\\\/2023\\\/11\\\/Tinychat-icon-square.png\",\"contentUrl\":\"https:\\\/\\\/tinychat.com\\\/wp-content\\\/uploads\\\/2023\\\/11\\\/Tinychat-icon-square.png\",\"width\":284,\"height\":284,\"caption\":\"TinyChat\"},\"image\":{\"@id\":\"https:\\\/\\\/tinychat.com\\\/#\\\/schema\\\/logo\\\/image\\\/\"},\"sameAs\":[\"https:\\\/\\\/www.facebook.com\\\/tinychat\",\"https:\\\/\\\/x.com\\\/tinychat\"]}]}<\/script>\n<!-- \/ Yoast SEO plugin. -->","yoast_head_json":{"title":"Contattaci - TinyChat","robots":{"index":"index","follow":"follow","max-snippet":"max-snippet:-1","max-image-preview":"max-image-preview:large","max-video-preview":"max-video-preview:-1"},"canonical":"https:\/\/tinychat.com\/it\/contact\/","og_locale":"it_IT","og_type":"article","og_title":"Contact Us - TinyChat","og_description":"If you have questions or need assistance using TinyChat, you\u2019re in the right place. Before reaching out, we recommend reviewing the Frequently Asked Questions below\u2014most users find the answers they need without waiting for support. Important Note: TinyChat works in partnership with CooMeet as an affiliate. This means we do not manage billing, subscriptions, or [&hellip;]","og_url":"https:\/\/tinychat.com\/it\/contact\/","og_site_name":"TinyChat","article_publisher":"https:\/\/www.facebook.com\/tinychat","article_modified_time":"2025-05-03T15:12:32+00:00","og_image":[{"width":1280,"height":284,"url":"https:\/\/tinychat.com\/wp-content\/uploads\/2020\/04\/Tinychat-logo-1280x284-new-black.png","type":"image\/png"}],"twitter_card":"summary_large_image","twitter_site":"@tinychat","twitter_misc":{"Tempo di lettura stimato":"2 minuti"},"schema":{"@context":"https:\/\/schema.org","@graph":[{"@type":"WebPage","@id":"https:\/\/tinychat.com\/contact\/","url":"https:\/\/tinychat.com\/contact\/","name":"Contattaci - TinyChat","isPartOf":{"@id":"https:\/\/tinychat.com\/#website"},"datePublished":"2021-10-06T17:55:53+00:00","dateModified":"2025-05-03T15:12:32+00:00","breadcrumb":{"@id":"https:\/\/tinychat.com\/contact\/#breadcrumb"},"inLanguage":"it-IT","potentialAction":[{"@type":"ReadAction","target":["https:\/\/tinychat.com\/contact\/"]}]},{"@type":"BreadcrumbList","@id":"https:\/\/tinychat.com\/contact\/#breadcrumb","itemListElement":[{"@type":"ListItem","position":1,"name":"Home","item":"https:\/\/tinychat.com\/"},{"@type":"ListItem","position":2,"name":"Contact Us"}]},{"@type":"WebSite","@id":"https:\/\/tinychat.com\/#website","url":"https:\/\/tinychat.com\/","name":"TinyChat","description":"Videochat casuale con sconosciuti","publisher":{"@id":"https:\/\/tinychat.com\/#organization"},"alternateName":"TinyChat.com","potentialAction":[{"@type":"SearchAction","target":{"@type":"EntryPoint","urlTemplate":"https:\/\/tinychat.com\/?s={search_term_string}"},"query-input":{"@type":"PropertyValueSpecification","valueRequired":true,"valueName":"search_term_string"}}],"inLanguage":"it-IT"},{"@type":"Organization","@id":"https:\/\/tinychat.com\/#organization","name":"TinyChat","alternateName":"TinyChat.com","url":"https:\/\/tinychat.com\/","logo":{"@type":"ImageObject","inLanguage":"it-IT","@id":"https:\/\/tinychat.com\/#\/schema\/logo\/image\/","url":"https:\/\/tinychat.com\/wp-content\/uploads\/2023\/11\/Tinychat-icon-square.png","contentUrl":"https:\/\/tinychat.com\/wp-content\/uploads\/2023\/11\/Tinychat-icon-square.png","width":284,"height":284,"caption":"TinyChat"},"image":{"@id":"https:\/\/tinychat.com\/#\/schema\/logo\/image\/"},"sameAs":["https:\/\/www.facebook.com\/tinychat","https:\/\/x.com\/tinychat"]}]}},"_links":{"self":[{"href":"https:\/\/tinychat.com\/it\/wp-json\/wp\/v2\/pages\/8446","targetHints":{"allow":["GET"]}}],"collection":[{"href":"https:\/\/tinychat.com\/it\/wp-json\/wp\/v2\/pages"}],"about":[{"href":"https:\/\/tinychat.com\/it\/wp-json\/wp\/v2\/types\/page"}],"author":[{"embeddable":true,"href":"https:\/\/tinychat.com\/it\/wp-json\/wp\/v2\/users\/1"}],"replies":[{"embeddable":true,"href":"https:\/\/tinychat.com\/it\/wp-json\/wp\/v2\/comments?post=8446"}],"version-history":[{"count":1,"href":"https:\/\/tinychat.com\/it\/wp-json\/wp\/v2\/pages\/8446\/revisions"}],"predecessor-version":[{"id":13040,"href":"https:\/\/tinychat.com\/it\/wp-json\/wp\/v2\/pages\/8446\/revisions\/13040"}],"wp:attachment":[{"href":"https:\/\/tinychat.com\/it\/wp-json\/wp\/v2\/media?parent=8446"}],"curies":[{"name":"wp","href":"https:\/\/api.w.org\/{rel}","templated":true}]}}