{"id":8588,"date":"2025-07-26T15:30:39","date_gmt":"2025-07-26T13:30:39","guid":{"rendered":"https:\/\/tinychat.com\/?page_id=8588"},"modified":"2025-07-26T17:42:37","modified_gmt":"2025-07-26T15:42:37","slug":"wireclub","status":"publish","type":"page","link":"https:\/\/tinychat.com\/it\/wireclub\/","title":{"rendered":"Wireclub"},"content":{"rendered":"<p>In un mondo pieno di momenti fugaci sui social media e di connessioni superficiali, molte persone sono alla ricerca di qualcosa di pi\u00f9 genuino: un luogo in cui \u00e8 possibile impegnarsi veramente in una conversazione, fare amicizie durature o unirsi a gruppi di interesse su tutto, dalla filosofia alla musica agli appuntamenti. Wireclub \u00e8 una delle comunit\u00e0 di chat pi\u00f9 consolidate, vivaci e ricche di funzionalit\u00e0 del web, che offre migliaia di stanze di chat, una potente personalizzazione e una base di utenti attiva e amichevole.<\/p>\n<p>Che siate qui per incontrare nuove persone, trovare supporto, discutere di hobby o persino trovare una storia d'amore, le stanze flessibili e la solida piattaforma di Wireclub lo rendono la destinazione ideale per una reale interazione sociale online. Non \u00e8 solo un altro sito di chat: \u00e8 una rete di comunit\u00e0 costruita intorno alla conversazione, al rispetto e all'amore condiviso per i contatti online.<\/p>\n<p>Questa guida approfondita copre tutto quello che c'\u00e8 da sapere su Wireclub: come funziona, le sue caratteristiche principali, l'esperienza utente, la privacy e la sicurezza, il confronto con altre piattaforme, la risoluzione dei problemi e i consigli degli esperti per ottenere il massimo da ogni chat.<\/p>\n<h2>Che cos'\u00e8 l'Wireclub?<\/h2>\n<p>Wireclub \u00e8 una piattaforma di chat e social network basata su browser che consente agli utenti di creare, unirsi e partecipare a migliaia di chat room su quasi tutti gli argomenti immaginabili. Lanciata nel 2003, Wireclub si \u00e8 rapidamente trasformata in una comunit\u00e0 mondiale, con milioni di membri registrati e la reputazione di essere aperta, amichevole e altamente personalizzabile.<\/p>\n<p>Il cuore dell'Wireclub \u00e8 l'idea:<\/p>\n<ul>\n<li>Chat room aperte e messaggistica privata<\/li>\n<li>Gruppi regionali e basati su interessi<\/li>\n<li>Contenuti generati dagli utenti e moderazione guidata dalla comunit\u00e0<\/li>\n<li>Un mix di anonimato, privacy e social network persistente<\/li>\n<\/ul>\n<p>Il modello di Wireclub \u00e8 diverso dalla maggior parte dei siti di \"chat casuale\": mentre si <em>pu\u00f2<\/em> La piattaforma, che si pu\u00f2 sperimentare al meglio con la creazione di un account gratuito per sbloccare le funzioni sociali, le liste di amici e un'identit\u00e0 online davvero persistente, permette di entrare in una chat aperta come ospite.<\/p>\n<h2>Caratteristiche principali di Wireclub<\/h2>\n<p>Il set di funzioni di Wireclub \u00e8 tra i pi\u00f9 ricchi della chat online:<\/p>\n<h3>1. Migliaia di stanze di chat pubbliche e private<\/h3>\n<ul>\n<li>Stanze di attualit\u00e0: Incontri, musica, giochi, filosofia, salute, genitorialit\u00e0, chat per adulti e altro ancora.<\/li>\n<li>Stanze Paese\/Regione: Incontra persone della tua zona o esplora le comunit\u00e0 globali.<\/li>\n<li>Stanze create dagli utenti: Create il vostro gruppo, impostate l'argomento e moderate la discussione.<\/li>\n<\/ul>\n<h3>2. Registrazione gratuita e identit\u00e0 persistente<\/h3>\n<ul>\n<li>Creare un account gratuito: Riservate il vostro nickname, create un profilo e partecipate o create stanze di chat.<\/li>\n<li>Personalizza il tuo profilo: Foto, stato, messaggi in bacheca, badge e altro ancora.<\/li>\n<li>Elenco amici e follower: Costruire la propria rete e vedere quando gli amici sono online.<\/li>\n<\/ul>\n<h3>3. Messaggistica privata e chat di gruppo<\/h3>\n<ul>\n<li>Messaggi individuali: Inviare note private agli amici o ai nuovi contatti.<\/li>\n<li>PM di gruppo: Creare piccoli gruppi di chat privati per le cerchie pi\u00f9 strette.<\/li>\n<\/ul>\n<h3>4. Funzionalit\u00e0 di condivisione dei media e di divertimento<\/h3>\n<ul>\n<li>Condividere immagini e video: Caricare e condividere istantaneamente i contenuti multimediali nelle stanze o nei PM.<\/li>\n<li>Emoji, adesivi e regali: Esprimetevi con una vasta collezione di miglioramenti per la chat.<\/li>\n<li>Giochi e quiz: Giocate con gli altri in tempo reale per rompere il ghiaccio.<\/li>\n<\/ul>\n<h3>5. Moderazione degli ambienti e controlli degli utenti<\/h3>\n<ul>\n<li>Create le vostre stanze: Stabilite le regole, invitate gli amici, nominate i moderatori e mantenete il controllo.<\/li>\n<li>Funzioni di segnalazione\/blocco: Gestire la propria esperienza; i moderatori sono presenti nella maggior parte delle stanze affollate.<\/li>\n<li>Personalizzazione della stanza: Impostare il tema, le regole, il messaggio di benvenuto e i ruoli degli utenti.<\/li>\n<\/ul>\n<h3>6. Forum e messaggi in bacheca<\/h3>\n<ul>\n<li>Non solo chat: Partecipate alla pi\u00f9 ampia comunit\u00e0 Wireclub tramite forum, messaggi in bacheca e discussioni di attualit\u00e0.<\/li>\n<\/ul>\n<h3>7. Monete e funzioni premium<\/h3>\n<ul>\n<li>Monete Wireclub: La moneta virtuale del sito consente di sbloccare aggiornamenti del profilo, inviare regali, acquistare accessi premium o creare stanze extra-large.<\/li>\n<li>Iscrizioni premium: Rimuovere gli annunci, accedere a stanze speciali e potenziare il proprio profilo.<\/li>\n<\/ul>\n<h3>8. Accesso mobile e desktop<\/h3>\n<p>Wireclub \u00e8 completamente basato su browser, ottimizzato per cellulari e desktop. Non \u00e8 necessario scaricare o installare applicazioni.<\/p>\n<h2>Come utilizzare Wireclub<\/h2>\n<p>Iniziare \u00e8 facile, sia che vogliate chattare come ospiti sia che vogliate unirvi alla comunit\u00e0.<\/p>\n<h3>Passo 1: visitare il sito web Wireclub<\/h3>\n<p>Aprite wireclub.com in qualsiasi browser moderno.<\/p>\n<h3>Fase 2: Registrazione (consigliata) o Chattare come ospite<\/h3>\n<ul>\n<li>Registrate un account gratuito: Sblocca tutte le funzioni, i profili persistenti e le liste di amici.<\/li>\n<li>Chatta come ospite: Esplora le stanze pubbliche con funzioni limitate.<\/li>\n<\/ul>\n<h3>Fase 3: Impostazione del profilo<\/h3>\n<p>Aggiungete una foto, scrivete una breve biografia, definite i vostri interessi e fate risaltare il vostro profilo. Aggiungete amici e seguite persone interessanti.<\/p>\n<h3>Fase 4: Trovare o creare una stanza di chat<\/h3>\n<ul>\n<li>Sfoglia le stanze di tendenza o cerca per argomento.<\/li>\n<li>Partecipare a stanze di paese\/lingua o a gruppi di interesse di nicchia.<\/li>\n<li>Crea la tua stanza e personalizzala con regole, temi e moderatori.<\/li>\n<\/ul>\n<h3>Fase 5: Partecipare alla conversazione<\/h3>\n<p>Digitate messaggi, inviate emoji, pubblicate immagini o giocate. Passate da una stanza all'altra o sistematevi nelle vostre preferite.<\/p>\n<h3>Passo 6: Messaggio privato e aggiunta di amici<\/h3>\n<p>Fare clic su un utente per aprire il suo profilo, inviare un messaggio privato o aggiungerlo come amico.<\/p>\n<h3>Passo 7: Esplorare i forum e i messaggi in bacheca<\/h3>\n<p>Oltre alla chat, i forum e le bacheche utenti di Wireclub sono ottimi per le discussioni e gli annunci asincroni.<\/p>\n<h3>Passo 8: Sbloccare gli extra con le monete<\/h3>\n<p>Partecipate, giocate o acquistate monete per ottenere aggiornamenti del profilo, regali o iscrizioni premium.<\/p>\n<h2>Esperienza utente su Wireclub<\/h2>\n<p>L'esperienza di Wireclub si basa su apertura, controllo e variet\u00e0:<\/p>\n<h3>Cosa amano gli utenti<\/h3>\n<ul>\n<li>Un'enorme variet\u00e0 di stanze: Sempre qualcosa per tutti: incontri, amicizia, hobby, consigli e altro ancora.<\/li>\n<li>Comunit\u00e0 forte e persistente: Costruire amicizie reali e profili riconoscibili.<\/li>\n<li>Ricca personalizzazione del profilo: Distinguetevi e connettetevi con persone che la pensano come voi.<\/li>\n<li>Condivisione di contenuti multimediali e giochi: Rende le chat vivaci e coinvolgenti.<\/li>\n<li>Potenti strumenti di moderazione: Mantenete le vostre stanze pulite e senza drammi.<\/li>\n<li>Compatibile con i dispositivi mobili e desktop: Chattare ovunque e in qualsiasi momento.<\/li>\n<\/ul>\n<h3>Dove gli utenti vedono margini di miglioramento<\/h3>\n<ul>\n<li>Alcune funzioni (stanze grandi, regali premium, assenza di pubblicit\u00e0) richiedono monete o premi.<\/li>\n<li>Le sale affollate si muovono velocemente, mentre le sale private consentono di concentrarsi maggiormente sulle conversazioni.<\/li>\n<li>Come tutti i siti di chat aperti, possono comparire dei troll (la moderazione attiva aiuta).<\/li>\n<li>I forum sono meno attivi delle chat.<\/li>\n<\/ul>\n<h3>Feedback degli utenti reali<\/h3>\n<blockquote><p>\"Wireclub \u00e8 la mia casa online. Ho fatto amicizie in tutto il mondo e ho anche incontrato il mio partner qui\".<br \/>\n- <em>Helen B., Trustpilot<\/em><\/p><\/blockquote>\n<blockquote><p>\"Amo la variet\u00e0: c'\u00e8 una stanza per qualsiasi interesse e la comunit\u00e0 \u00e8 fantastica\".<br \/>\n- <em>Manuel S., Recensioni Google<\/em><\/p><\/blockquote>\n<blockquote><p>\"Creare una stanza tutta per me e stabilire le regole \u00e8 stata una svolta per il mio club del libro\".<br \/>\n- <em>Sarah T., App Store<\/em><\/p><\/blockquote>\n<h2>Wireclub vs. Altre piattaforme di chat room<\/h2>\n<p>Come si colloca Wireclub rispetto ai principali siti di chat?<\/p>\n<table>\n<thead>\n<tr>\n<th>Caratteristica<\/th>\n<th>Wireclub<\/th>\n<th>321Chat<\/th>\n<th>Chatroom2000<\/th>\n<th>S\u00ecichat<\/th>\n<th>Chatzy<\/th>\n<th>Discordia<\/th>\n<\/tr>\n<\/thead>\n<tbody>\n<tr>\n<td>Registrazione gratuita<\/td>\n<td>\u2705 S\u00ec<\/td>\n<td>\u2705 S\u00ec<\/td>\n<td>Opzionale<\/td>\n<td>\u2705 S\u00ec<\/td>\n<td>Opzionale<\/td>\n<td>\u2705 S\u00ec<\/td>\n<\/tr>\n<tr>\n<td>Chat room di gruppo\/pubbliche<\/td>\n<td>\u2705 S\u00ec<\/td>\n<td>\u2705 S\u00ec<\/td>\n<td>\u2705 S\u00ec<\/td>\n<td>\u2705 S\u00ec<\/td>\n<td>\u2705 S\u00ec<\/td>\n<td>\u2705 S\u00ec<\/td>\n<\/tr>\n<tr>\n<td>Create le vostre stanze<\/td>\n<td>\u2705 S\u00ec<\/td>\n<td>Limitato<\/td>\n<td>\u2705 S\u00ec<\/td>\n<td>\u2705 S\u00ec<\/td>\n<td>\u2705 S\u00ec<\/td>\n<td>\u2705 S\u00ec<\/td>\n<\/tr>\n<tr>\n<td>Condivisione dei media<\/td>\n<td>\u2705 S\u00ec<\/td>\n<td>\u2705 S\u00ec<\/td>\n<td>\u2705 S\u00ec<\/td>\n<td>\u2705 S\u00ec<\/td>\n<td>\u2705 S\u00ec<\/td>\n<td>\u2705 S\u00ec<\/td>\n<\/tr>\n<tr>\n<td>Personalizzazione del profilo<\/td>\n<td>\u2705 S\u00ec<\/td>\n<td>Limitato<\/td>\n<td>Limitato<\/td>\n<td>\u2705 S\u00ec<\/td>\n<td>\u2705 S\u00ec<\/td>\n<td>\u2705 S\u00ec<\/td>\n<\/tr>\n<tr>\n<td>Ottimizzato per i dispositivi mobili<\/td>\n<td>\u2705 S\u00ec<\/td>\n<td>\u2705 S\u00ec<\/td>\n<td>\u2705 S\u00ec<\/td>\n<td>\u2705 S\u00ec<\/td>\n<td>\u2705 S\u00ec<\/td>\n<td>\u2705 S\u00ec<\/td>\n<\/tr>\n<tr>\n<td>Giochi e regali<\/td>\n<td>\u2705 S\u00ec<\/td>\n<td>\u274c No<\/td>\n<td>\u274c No<\/td>\n<td>Limitato<\/td>\n<td>\u274c No<\/td>\n<td>\u2705 S\u00ec<\/td>\n<\/tr>\n<tr>\n<td>Monete\/valuta virtuale<\/td>\n<td>\u2705 S\u00ec<\/td>\n<td>\u274c No<\/td>\n<td>\u274c No<\/td>\n<td>\u274c No<\/td>\n<td>\u274c No<\/td>\n<td>\u274c No<\/td>\n<\/tr>\n<tr>\n<td>Forum\/Posti a muro<\/td>\n<td>\u2705 S\u00ec<\/td>\n<td>\u274c No<\/td>\n<td>\u274c No<\/td>\n<td>\u274c No<\/td>\n<td>\u274c No<\/td>\n<td>Forum<\/td>\n<\/tr>\n<tr>\n<td>Moderazione forte<\/td>\n<td>\u2705 S\u00ec<\/td>\n<td>\u2705 S\u00ec<\/td>\n<td>\u2705 S\u00ec<\/td>\n<td>\u2705 S\u00ec<\/td>\n<td>\u2705 S\u00ec<\/td>\n<td>\u2705 S\u00ec<\/td>\n<\/tr>\n<\/tbody>\n<\/table>\n<p>Sommario: Wireclub offre la massima personalizzazione, la pi\u00f9 ampia variet\u00e0 di chat room e le migliori funzioni sociali di qualsiasi piattaforma di chat basata su browser, ideale per gli utenti che cercano qualcosa di pi\u00f9 di una semplice chat anonima.<\/p>\n<h2>Wireclub \u00e8 sicuro?<\/h2>\n<p>Wireclub prende sul serio la privacy e la sicurezza:<\/p>\n<ul>\n<li>Privacy del profilo e della stanza: Controlla chi vede le tue informazioni e chi entra nella tua stanza.<\/li>\n<li>Moderatori umani attivi: Nelle stanze occupate e pronti a rispondere alle segnalazioni.<\/li>\n<li>Facili strumenti di blocco\/segnalazione: Bloccate o segnalate istantaneamente gli utenti scorretti.<\/li>\n<li>Stanze adatte all'et\u00e0: Chiara separazione tra spazi per adulti, spazi generali e spazi per giovani.<\/li>\n<li>Controllo dell'anonimato: Utilizzare nickname, senza richiedere nomi reali.<\/li>\n<\/ul>\n<h3>Consigli per la sicurezza<\/h3>\n<ul>\n<li>Non condividete informazioni personali sensibili, soprattutto nei locali pubblici.<\/li>\n<li>Utilizzate stanze private e inviti per le conversazioni di fiducia.<\/li>\n<li>Bloccate o segnalate chi vi mette a disagio.<\/li>\n<li>Registratevi per un profilo persistente e gestite con attenzione i vostri amici\/follower.<\/li>\n<li>Evitate di fare clic su link sconosciuti o di accettare condivisioni di file casuali.<\/li>\n<\/ul>\n<h2>Suggerimenti per ottenere il massimo dall'Wireclub<\/h2>\n<ul>\n<li>Esplora le stanze: C'\u00e8 un gruppo per ogni hobby o argomento: entrate e presentatevi.<\/li>\n<li>Crea la tua stanza: Stabilisci le regole, invita gli amici, crea una comunit\u00e0.<\/li>\n<li>Personalizzate il vostro profilo: Distinguetevi e attirate i contatti giusti.<\/li>\n<li>Condividere i media: Mantenete vivaci le conversazioni con foto, GIF e video.<\/li>\n<li>Giochi: Rompere il ghiaccio e divertirsi con giochi e quiz basati sulla chat.<\/li>\n<li>Utilizzare gli strumenti di moderazione: Mantenete il vostro spazio di chat libero da drammi.<\/li>\n<li>Prova premium: se ami Wireclub, prendi in considerazione le monete o l'iscrizione per ottenere ulteriori vantaggi.<\/li>\n<li>Passare dal cellulare al desktop: Funzionalit\u00e0 completa, ovunque vi troviate.<\/li>\n<\/ul>\n<h2>Risoluzione dei problemi comuni dell'Wireclub<\/h2>\n<h3>Impossibile entrare in una stanza<\/h3>\n<p>Verificare se la stanza \u00e8 privata o richiede un invito. Provare a registrarsi o ad accedere per ottenere l'accesso completo.<\/p>\n<h3>Impossibile inviare immagini o regali<\/h3>\n<p>Alcune funzioni richiedono monete o un account premium; guadagnate monete partecipando o acquistatele.<\/p>\n<h3>Incontro con i troll o lo spam<\/h3>\n<p>Blocca e segnala istantaneamente; i moderatori sono presenti in tutte le stanze principali.<\/p>\n<h3>Amici o profilo persi<\/h3>\n<p>Registrate un account e accedete ogni volta per mantenere il vostro profilo, i vostri amici e le vostre preferenze.<\/p>\n<h3>Problemi di telefonia mobile<\/h3>\n<p>L'Wireclub si basa sul browser: assicuratevi di utilizzare un browser moderno e aggiornato per ottenere le migliori prestazioni.<\/p>\n<p>Assolutamente s\u00ec, soprattutto per chi \u00e8 alla ricerca di una vera comunit\u00e0 di chat sociale, di una variet\u00e0 infinita di stanze e di una maggiore profondit\u00e0 rispetto alle app di chat casuali o ai semplici messenger. Wireclub combina la classica chat di gruppo con il moderno social networking, diventando un luogo di ritrovo digitale per amici, hobbisti, single e persone in cerca di supporto.<\/p>\n<p>Se volete incontrare nuove persone, partecipare a dibattiti, condividere i media o creare il vostro gruppo, Wireclub \u00e8 il vostro social club online, sempre aperto, sempre vivace e sempre gratuito al livello base.<\/p>\n<p>Siete pronti a partecipare alla conversazione? Visitate wireclub.com, create il vostro profilo, esplorate le stanze e iniziate oggi stesso la vostra prossima grande conversazione.<\/p>","protected":false},"excerpt":{"rendered":"<p>In a world full of fleeting social media moments and surface-level connections, many people are searching for something more genuine\u2014a place where you can truly engage in conversation, make lasting friends, or join interest groups on everything from philosophy to music to dating. Wireclub stands as one of the most established, vibrant, and feature-rich chat [&hellip;]<\/p>\n","protected":false},"author":6,"featured_media":0,"parent":0,"menu_order":0,"comment_status":"closed","ping_status":"closed","template":"","meta":{"footnotes":""},"class_list":["post-8588","page","type-page","status-publish","hentry"],"yoast_head":"<!-- This site is optimized with the Yoast SEO plugin v27.4 - https:\/\/yoast.com\/product\/yoast-seo-wordpress\/ -->\n<title>Wireclub - Free Online Chat Rooms - TinyChat.com<\/title>\n<meta name=\"description\" content=\"Enjoying Wireclub? Join over 50,000,000 strangers on TinyChat! Turn on your cam and start meeting new people, or find a match.\" \/>\n<meta name=\"robots\" content=\"index, follow, max-snippet:-1, max-image-preview:large, max-video-preview:-1\" \/>\n<link rel=\"canonical\" href=\"https:\/\/tinychat.com\/it\/wireclub\/\" \/>\n<meta property=\"og:locale\" content=\"it_IT\" \/>\n<meta property=\"og:type\" content=\"article\" \/>\n<meta property=\"og:title\" content=\"Wireclub - Free Online Chat Rooms - TinyChat.com\" \/>\n<meta property=\"og:description\" content=\"Enjoying Wireclub? Join over 50,000,000 strangers on TinyChat! Turn on your cam and start meeting new people, or find a match.\" \/>\n<meta property=\"og:url\" content=\"https:\/\/tinychat.com\/it\/wireclub\/\" \/>\n<meta property=\"og:site_name\" content=\"TinyChat\" \/>\n<meta property=\"article:publisher\" content=\"https:\/\/www.facebook.com\/tinychat\" \/>\n<meta property=\"article:modified_time\" content=\"2025-07-26T15:42:37+00:00\" \/>\n<meta property=\"og:image\" content=\"https:\/\/tinychat.com\/wp-content\/uploads\/2020\/04\/Tinychat-logo-1280x284-new-black.png\" \/>\n\t<meta property=\"og:image:width\" content=\"1280\" \/>\n\t<meta property=\"og:image:height\" content=\"284\" \/>\n\t<meta property=\"og:image:type\" content=\"image\/png\" \/>\n<meta name=\"twitter:card\" content=\"summary_large_image\" \/>\n<meta name=\"twitter:site\" content=\"@tinychat\" \/>\n<meta name=\"twitter:label1\" content=\"Tempo di lettura stimato\" \/>\n\t<meta name=\"twitter:data1\" content=\"7 minuti\" \/>\n<script type=\"application\/ld+json\" class=\"yoast-schema-graph\">{\"@context\":\"https:\\\/\\\/schema.org\",\"@graph\":[{\"@type\":\"WebPage\",\"@id\":\"https:\\\/\\\/tinychat.com\\\/wireclub\\\/\",\"url\":\"https:\\\/\\\/tinychat.com\\\/wireclub\\\/\",\"name\":\"Wireclub - Free Online Chat Rooms - TinyChat.com\",\"isPartOf\":{\"@id\":\"https:\\\/\\\/tinychat.com\\\/#website\"},\"datePublished\":\"2025-07-26T13:30:39+00:00\",\"dateModified\":\"2025-07-26T15:42:37+00:00\",\"description\":\"Enjoying Wireclub? Join over 50,000,000 strangers on TinyChat! Turn on your cam and start meeting new people, or find a match.\",\"breadcrumb\":{\"@id\":\"https:\\\/\\\/tinychat.com\\\/wireclub\\\/#breadcrumb\"},\"inLanguage\":\"it-IT\",\"potentialAction\":[{\"@type\":\"ReadAction\",\"target\":[\"https:\\\/\\\/tinychat.com\\\/wireclub\\\/\"]}]},{\"@type\":\"BreadcrumbList\",\"@id\":\"https:\\\/\\\/tinychat.com\\\/wireclub\\\/#breadcrumb\",\"itemListElement\":[{\"@type\":\"ListItem\",\"position\":1,\"name\":\"Home\",\"item\":\"https:\\\/\\\/tinychat.com\\\/\"},{\"@type\":\"ListItem\",\"position\":2,\"name\":\"Wireclub\"}]},{\"@type\":\"WebSite\",\"@id\":\"https:\\\/\\\/tinychat.com\\\/#website\",\"url\":\"https:\\\/\\\/tinychat.com\\\/\",\"name\":\"TinyChat\",\"description\":\"Random Video Chat with Strangers\",\"publisher\":{\"@id\":\"https:\\\/\\\/tinychat.com\\\/#organization\"},\"alternateName\":\"TinyChat.com\",\"potentialAction\":[{\"@type\":\"SearchAction\",\"target\":{\"@type\":\"EntryPoint\",\"urlTemplate\":\"https:\\\/\\\/tinychat.com\\\/?s={search_term_string}\"},\"query-input\":{\"@type\":\"PropertyValueSpecification\",\"valueRequired\":true,\"valueName\":\"search_term_string\"}}],\"inLanguage\":\"it-IT\"},{\"@type\":\"Organization\",\"@id\":\"https:\\\/\\\/tinychat.com\\\/#organization\",\"name\":\"TinyChat\",\"alternateName\":\"TinyChat.com\",\"url\":\"https:\\\/\\\/tinychat.com\\\/\",\"logo\":{\"@type\":\"ImageObject\",\"inLanguage\":\"it-IT\",\"@id\":\"https:\\\/\\\/tinychat.com\\\/#\\\/schema\\\/logo\\\/image\\\/\",\"url\":\"https:\\\/\\\/tinychat.com\\\/wp-content\\\/uploads\\\/2023\\\/11\\\/Tinychat-icon-square.png\",\"contentUrl\":\"https:\\\/\\\/tinychat.com\\\/wp-content\\\/uploads\\\/2023\\\/11\\\/Tinychat-icon-square.png\",\"width\":284,\"height\":284,\"caption\":\"TinyChat\"},\"image\":{\"@id\":\"https:\\\/\\\/tinychat.com\\\/#\\\/schema\\\/logo\\\/image\\\/\"},\"sameAs\":[\"https:\\\/\\\/www.facebook.com\\\/tinychat\",\"https:\\\/\\\/x.com\\\/tinychat\"]}]}<\/script>\n<!-- \/ Yoast SEO plugin. -->","yoast_head_json":{"title":"Wireclub - Stanze di chat online gratuite - TinyChat.com","description":"Ti piace l'Wireclub? Unisciti a oltre 50.000.000 di sconosciuti su TinyChat! Accendi la tua cam e inizia a conoscere nuove persone o a trovare un partner.","robots":{"index":"index","follow":"follow","max-snippet":"max-snippet:-1","max-image-preview":"max-image-preview:large","max-video-preview":"max-video-preview:-1"},"canonical":"https:\/\/tinychat.com\/it\/wireclub\/","og_locale":"it_IT","og_type":"article","og_title":"Wireclub - Free Online Chat Rooms - TinyChat.com","og_description":"Enjoying Wireclub? Join over 50,000,000 strangers on TinyChat! Turn on your cam and start meeting new people, or find a match.","og_url":"https:\/\/tinychat.com\/it\/wireclub\/","og_site_name":"TinyChat","article_publisher":"https:\/\/www.facebook.com\/tinychat","article_modified_time":"2025-07-26T15:42:37+00:00","og_image":[{"width":1280,"height":284,"url":"https:\/\/tinychat.com\/wp-content\/uploads\/2020\/04\/Tinychat-logo-1280x284-new-black.png","type":"image\/png"}],"twitter_card":"summary_large_image","twitter_site":"@tinychat","twitter_misc":{"Tempo di lettura stimato":"7 minuti"},"schema":{"@context":"https:\/\/schema.org","@graph":[{"@type":"WebPage","@id":"https:\/\/tinychat.com\/wireclub\/","url":"https:\/\/tinychat.com\/wireclub\/","name":"Wireclub - Stanze di chat online gratuite - TinyChat.com","isPartOf":{"@id":"https:\/\/tinychat.com\/#website"},"datePublished":"2025-07-26T13:30:39+00:00","dateModified":"2025-07-26T15:42:37+00:00","description":"Ti piace l'Wireclub? Unisciti a oltre 50.000.000 di sconosciuti su TinyChat! Accendi la tua cam e inizia a conoscere nuove persone o a trovare un partner.","breadcrumb":{"@id":"https:\/\/tinychat.com\/wireclub\/#breadcrumb"},"inLanguage":"it-IT","potentialAction":[{"@type":"ReadAction","target":["https:\/\/tinychat.com\/wireclub\/"]}]},{"@type":"BreadcrumbList","@id":"https:\/\/tinychat.com\/wireclub\/#breadcrumb","itemListElement":[{"@type":"ListItem","position":1,"name":"Home","item":"https:\/\/tinychat.com\/"},{"@type":"ListItem","position":2,"name":"Wireclub"}]},{"@type":"WebSite","@id":"https:\/\/tinychat.com\/#website","url":"https:\/\/tinychat.com\/","name":"TinyChat","description":"Videochat casuale con sconosciuti","publisher":{"@id":"https:\/\/tinychat.com\/#organization"},"alternateName":"TinyChat.com","potentialAction":[{"@type":"SearchAction","target":{"@type":"EntryPoint","urlTemplate":"https:\/\/tinychat.com\/?s={search_term_string}"},"query-input":{"@type":"PropertyValueSpecification","valueRequired":true,"valueName":"search_term_string"}}],"inLanguage":"it-IT"},{"@type":"Organization","@id":"https:\/\/tinychat.com\/#organization","name":"TinyChat","alternateName":"TinyChat.com","url":"https:\/\/tinychat.com\/","logo":{"@type":"ImageObject","inLanguage":"it-IT","@id":"https:\/\/tinychat.com\/#\/schema\/logo\/image\/","url":"https:\/\/tinychat.com\/wp-content\/uploads\/2023\/11\/Tinychat-icon-square.png","contentUrl":"https:\/\/tinychat.com\/wp-content\/uploads\/2023\/11\/Tinychat-icon-square.png","width":284,"height":284,"caption":"TinyChat"},"image":{"@id":"https:\/\/tinychat.com\/#\/schema\/logo\/image\/"},"sameAs":["https:\/\/www.facebook.com\/tinychat","https:\/\/x.com\/tinychat"]}]}},"_links":{"self":[{"href":"https:\/\/tinychat.com\/it\/wp-json\/wp\/v2\/pages\/8588","targetHints":{"allow":["GET"]}}],"collection":[{"href":"https:\/\/tinychat.com\/it\/wp-json\/wp\/v2\/pages"}],"about":[{"href":"https:\/\/tinychat.com\/it\/wp-json\/wp\/v2\/types\/page"}],"author":[{"embeddable":true,"href":"https:\/\/tinychat.com\/it\/wp-json\/wp\/v2\/users\/6"}],"replies":[{"embeddable":true,"href":"https:\/\/tinychat.com\/it\/wp-json\/wp\/v2\/comments?post=8588"}],"version-history":[{"count":3,"href":"https:\/\/tinychat.com\/it\/wp-json\/wp\/v2\/pages\/8588\/revisions"}],"predecessor-version":[{"id":13365,"href":"https:\/\/tinychat.com\/it\/wp-json\/wp\/v2\/pages\/8588\/revisions\/13365"}],"wp:attachment":[{"href":"https:\/\/tinychat.com\/it\/wp-json\/wp\/v2\/media?parent=8588"}],"curies":[{"name":"wp","href":"https:\/\/api.w.org\/{rel}","templated":true}]}}