{"id":86,"date":"2025-06-27T12:05:16","date_gmt":"2025-06-27T10:05:16","guid":{"rendered":"https:\/\/tinychat.com\/?page_id=86"},"modified":"2025-07-07T18:18:57","modified_gmt":"2025-07-07T16:18:57","slug":"chatroulette","status":"publish","type":"page","link":"https:\/\/tinychat.com\/it\/chatroulette\/","title":{"rendered":"Chatroulette"},"content":{"rendered":"<p>Chatroulette occupa un posto speciale come pioniere di <a href=\"https:\/\/tinychat.com\/it\/\">video chat casuale<\/a> piattaforme. Molto prima che le videochat con gli sconosciuti diventassero una tendenza globale, Chatroulette ha catturato l'attenzione di Internet offrendo qualcosa di nuovo, rischioso ed emozionante: un modo per incontrare istantaneamente qualcuno da qualsiasi parte del mondo con un solo clic. Lanciata nel 2009 da uno studente russo di 17 anni, la piattaforma \u00e8 diventata rapidamente virale e un fenomeno culturale.<\/p>\n<p>Oggi, Chatroulette si \u00e8 evoluto in una piattaforma pi\u00f9 curata, facile da usare e moderata, che fonde la nostalgia dei primi tempi con la sicurezza e le aspettative della moderna comunicazione online. Rimane una destinazione di riferimento per milioni di persone che desiderano un'interazione umana non filtrata, al di l\u00e0 dei confini dei feed curati dei social media o delle app di incontri.<\/p>\n<p>Che siate utenti di lunga data o nuovi curiosi, Chatroulette offre un'esperienza unica, costruita sull'autenticit\u00e0, la spontaneit\u00e0 e la sorpresa. Scopriamo cosa distingue Chatroulette dal mondo dei video online. <a href=\"https:\/\/tinychat.com\/it\/chathub\/\">chat<\/a>.<\/p>\n<h2>Caratteristiche principali di Chatroulette<\/h2>\n<p>Sebbene molte piattaforme abbiano cercato di replicare il successo di Chatroulette, poche ne hanno eguagliato la semplicit\u00e0 e la portata globale. Ecco le caratteristiche principali che continuano a definire l'esperienza di Chatroulette:<\/p>\n<h3>Chat video casuale istantanea<\/h3>\n<p>Il fascino principale di Chatroulette \u00e8 sempre stato il suo modello di connessione istantanea. Si apre il sito, si consente l'accesso alla webcam e al microfono e si viene immediatamente accoppiati con un utente a caso. <a href=\"https:\/\/tinychat.com\/it\/strangercam\/\">estraneo<\/a> per una conversazione faccia a faccia.<\/p>\n<p>Non c'\u00e8 nessun profilo da creare, nessuna app da scaricare e nessuna lunga configurazione. \u00c8 un video <a href=\"https:\/\/tinychat.com\/it\/chathub\/\">chat<\/a> nella sua forma pi\u00f9 pura: veloce, fluido e completamente imprevedibile.<\/p>\n<h3>Interazioni anonime<\/h3>\n<p>Chatroulette continua a dare valore all'anonimato degli utenti, consentendo loro di interagire senza rivelare informazioni personali. Non \u00e8 necessario registrarsi o accedere per utilizzare il servizio. Ci\u00f2 significa che ogni sessione \u00e8 temporanea ed effimera: gli utenti sono liberi di esprimersi senza conseguenze o giudizi a lungo termine.<\/p>\n<h3>Portata globale<\/h3>\n<p>Con utenti di tutto il mondo online in qualsiasi momento, Chatroulette offre un'esperienza davvero internazionale. Che si tratti di chattare con qualcuno di Tokyo, Toronto, Berlino o Citt\u00e0 del Capo, ogni sessione \u00e8 un'opportunit\u00e0 per acquisire nuove prospettive ed esplorare culture diverse.<\/p>\n<h3>Moderazione assistita dall'intelligenza artificiale<\/h3>\n<p>Uno dei principali miglioramenti apportati da Chatroulette negli ultimi anni \u00e8 l'implementazione della moderazione basata sull'intelligenza artificiale. Per combattere i problemi che affliggevano i primi tempi, la piattaforma utilizza ora l'apprendimento automatico per rilevare contenuti e comportamenti inappropriati in tempo reale.<\/p>\n<p>Questo sistema automatico \u00e8 supportato da un team di moderatori umani che rispondono alle segnalazioni degli utenti. Il risultato \u00e8 un ambiente molto pi\u00f9 sicuro e rispettoso per tutti gli utenti.<\/p>\n<h3>Sistema di verifica del volto (opzionale)<\/h3>\n<p>Per chi cerca ancora pi\u00f9 credibilit\u00e0 e un'esperienza pi\u00f9 pulita, Chatroulette offre un sistema opzionale di verifica del volto. Gli utenti verificati hanno la priorit\u00e0 in <a href=\"https:\/\/tinychat.com\/it\/chathub\/\">chat<\/a> abbinamenti, aumentando la probabilit\u00e0 di conversazioni significative con persone reali e rispettose.<\/p>\n<p>Questa funzione \u00e8 particolarmente utile per gli utenti stanchi di bot, troll o incontri NSFW ed \u00e8 un passo verso la responsabilit\u00e0 negli ambienti anonimi.<\/p>\n<h3>Opzione chat di testo<\/h3>\n<p>Oltre al video, l'Chatroulette comprende un testo <a href=\"https:\/\/tinychat.com\/it\/chathub\/\">chat<\/a> durante ogni sessione. In questo modo gli utenti che non vogliono parlare o usare il video possono comunque interagire con gli altri: l'ideale per chi si trova in ambienti silenziosi o con connettivit\u00e0 limitata.<\/p>\n<h3>Sistema Skip and Connect<\/h3>\n<p>Se non siete in sintonia con il vostro partner attuale, il classico pulsante \"Avanti\" vi permette di passare immediatamente alla persona successiva. Non ci sono penalizzazioni, n\u00e9 spiegazioni: solo una transizione pulita all'interazione successiva.<\/p>\n<p>Questo modello di cambio rapido incoraggia l'esplorazione e mantiene le cose fresche, rendendo pi\u00f9 facile passare da chat imbarazzanti o noiose.<\/p>\n<h2>Come utilizzare Chatroulette<\/h2>\n<p>Iniziare a utilizzare Chatroulette \u00e8 una delle cose pi\u00f9 semplici che si possano fare online. \u00c8 stato progettato per essere leggero, facile da usare con il browser e immediatamente accessibile. Ecco una guida passo passo per ottenere il massimo da questo strumento:<\/p>\n<h3>Passo 1: visitare il sito web<\/h3>\n<p>Andate su Chatroulette. Non \u00e8 necessario iscriversi o scaricare alcuna applicazione. Tutto funziona direttamente dal browser.<\/p>\n<h3>Passo 2: Consentire l'accesso alla webcam e al microfono<\/h3>\n<p>Quando viene richiesto, date a Chatroulette l'accesso alla vostra webcam e al vostro microfono. Questi sono essenziali per i video <a href=\"https:\/\/tinychat.com\/it\/chathub\/\">chat<\/a>. Assicuratevi di trovarvi in un ambiente confortevole e con un'illuminazione adeguata per un'esperienza ottimale.<\/p>\n<h3>Fase 3: Fare clic su \"Avvia\" per iniziare<\/h3>\n<p>Premendo il pulsante \"Avvia\", sarete immediatamente abbinati a un utente a caso. Se la connessione non \u00e8 di vostro gradimento, basta premere \"Avanti\" per riprovare.<\/p>\n<h3>Fase 4: Partecipare o saltare<\/h3>\n<p>\u00c8 possibile <a href=\"https:\/\/tinychat.com\/it\/chathub\/\">chat<\/a> utilizzando il microfono e la webcam, oppure utilizzare il testo <a href=\"https:\/\/tinychat.com\/it\/chathub\/\">chat<\/a> box. Se l'atmosfera non \u00e8 delle migliori o se siete pronti ad andare avanti, fate clic su \"Avanti\" per incontrare qualcuno di nuovo.<\/p>\n<h3>Fase 5: Segnalazione o blocco (se necessario)<\/h3>\n<p>Se qualcuno si comporta in modo inappropriato, utilizzare il pulsante di segnalazione per segnalare l'interazione. \u00c8 inoltre possibile bloccare gli utenti che violano le linee guida della comunit\u00e0. Ci\u00f2 contribuisce a mantenere la comunit\u00e0 pulita e piacevole per gli altri.<\/p>\n<h2>Sicurezza e privacy su Chatroulette<\/h2>\n<p>Chatroulette ha fatto passi da gigante in materia di sicurezza, soprattutto rispetto agli inizi. Ecco come protegge gli utenti e crea uno spazio digitale rispettoso:<\/p>\n<h3>Moderazione in tempo reale alimentata dall'intelligenza artificiale<\/h3>\n<p>La piattaforma impiega l'apprendimento automatico per rilevare nudit\u00e0, comportamenti inappropriati o espressioni di odio. Le violazioni rilevate comportano l'interruzione immediata della sessione e, in molti casi, il divieto di accesso per i recidivi.<\/p>\n<p>Questo approccio proattivo ha ridotto notevolmente il tipo di contenuti che in passato avevano dato a Chatroulette una cattiva reputazione.<\/p>\n<h3>Sistema di segnalazione degli utenti<\/h3>\n<p>Gli utenti possono segnalare i comportamenti che sfuggono alla moderazione dell'intelligenza artificiale. Le segnalazioni vengono esaminate da moderatori umani e, se necessario, vengono presi provvedimenti. Il sistema \u00e8 rapido e reattivo e contribuisce a mantenere un ambiente pi\u00f9 sicuro.<\/p>\n<h3>Verifica del volto opzionale<\/h3>\n<p>Gli utenti possono verificare la propria identit\u00e0 attraverso un sistema di controllo del volto. Anche se non \u00e8 obbligatorio, gli utenti verificati hanno spesso la priorit\u00e0 nelle chat e sono considerati pi\u00f9 affidabili dalla comunit\u00e0.<\/p>\n<h3>Anonimo per difetto<\/h3>\n<p>Per utilizzare Chatroulette non \u00e8 necessario inserire alcuna informazione personale. Non \u00e8 necessario impostare un account, creare un profilo e condividere il proprio nome o la propria e-mail. Siete liberi di rimanere anonimi, a meno che non scegliate diversamente.<\/p>\n<h3>Crittografia SSL<\/h3>\n<p>Tutti i dati trasferiti durante la sessione, compresi video, audio e <a href=\"https:\/\/tinychat.com\/it\/chathub\/\">chat<\/a> - \u00e8 crittografato con i protocolli SSL, garantendo la protezione della privacy durante l'utilizzo.<\/p>\n<h2>Esperienza utente su Chatroulette<\/h2>\n<p>Nonostante l'interfaccia minimalista, Chatroulette offre un'esperienza d'uso sorprendentemente coinvolgente. Ecco cosa amano gli utenti e cosa vorrebbero migliorare.<\/p>\n<h3>Cosa amano gli utenti<\/h3>\n<ul>\n<li>Velocit\u00e0: la capacit\u00e0 di entrare immediatamente in una conversazione \u00e8 uno dei punti di forza di Chatroulette.<\/li>\n<li>Nostalgia: Molti utenti di ritorno apprezzano il valore nostalgico dell'Chatroulette in quanto \"originale\". <a href=\"https:\/\/tinychat.com\/it\/\">video chat casuale<\/a> sito.<\/li>\n<li>Semplicit\u00e0: Nessuna app, nessuna registrazione, solo un clic e... <a href=\"https:\/\/tinychat.com\/it\/chathub\/\">chat<\/a>.<\/li>\n<li>Conversazioni diverse: Con utenti provenienti da tutto il mondo, non esistono due chat uguali.<\/li>\n<\/ul>\n<h3>Cosa potrebbe essere meglio<\/h3>\n<ul>\n<li>Opzioni di filtro: A differenza dei concorrenti, Chatroulette non consente ancora di filtrare liberamente il genere o la localit\u00e0.<\/li>\n<li>Funzioni limitate: Ad alcuni utenti mancano le funzioni di gioco o interattive presenti sulle piattaforme pi\u00f9 recenti.<\/li>\n<li>Uso improprio occasionale: Nonostante i miglioramenti, alcuni contenuti inappropriati riescono ancora a passare.<\/li>\n<\/ul>\n<h3>Recensioni di utenti reali<\/h3>\n<blockquote><p>\"L'Chatroulette \u00e8 come una roulette per la vostra vita sociale. Non sai mai chi incontrerai. A volte \u00e8 strano, ma a volte \u00e8 fantastico\".<br \/>\n- <em>Daniel K., Twitter<\/em><\/p><\/blockquote>\n<blockquote><p>\"L'hanno ripulito molto. Prima lo evitavo per via di tutte le cose NSFW, ma ora mi sembra molto pi\u00f9 sicuro\".<br \/>\n- <em>Lena V., Reddit<\/em><\/p><\/blockquote>\n<blockquote><p>\"Ottimo per le chiacchierate notturne o quando si \u00e8 annoiati e si vuole solo parlare con qualcuno di nuovo. Meglio che scorrere i social media, onestamente\".<br \/>\n- <em>Ajay T., Trustpilot<\/em><\/p><\/blockquote>\n<h2>Chatroulette vs. altre piattaforme di video chat<\/h2>\n<p>Vediamo come Chatroulette si confronta con altre piattaforme leader nello stesso settore:<\/p>\n<table>\n<thead>\n<tr>\n<th>Caratteristica<\/th>\n<th>Chatroulette<\/th>\n<th><a href=\"https:\/\/tinychat.com\/it\/omegle\/\">Omegle<\/a><\/th>\n<th><a href=\"https:\/\/tinychat.com\/it\/strangercam\/\">StrangerCam<\/a><\/th>\n<th>Bazoocam<\/th>\n<th>Smeraldo <a href=\"https:\/\/tinychat.com\/it\/chathub\/\">Chat<\/a><\/th>\n<\/tr>\n<\/thead>\n<tbody>\n<tr>\n<td>Registrazione<\/td>\n<td>\u274c No<\/td>\n<td>\u274c No<\/td>\n<td>\u274c No<\/td>\n<td>\u274c No<\/td>\n<td>\u2705 S\u00ec<\/td>\n<\/tr>\n<tr>\n<td>Testo + Video <a href=\"https:\/\/tinychat.com\/it\/chathub\/\">Chat<\/a><\/td>\n<td>\u2705 S\u00ec<\/td>\n<td>\u2705 S\u00ec<\/td>\n<td>\u2705 S\u00ec<\/td>\n<td>\u2705 S\u00ec<\/td>\n<td>\u2705 S\u00ec<\/td>\n<\/tr>\n<tr>\n<td>Filtro di genere<\/td>\n<td>\u274c No<\/td>\n<td>\u274c No<\/td>\n<td>\u2705 (Premium)<\/td>\n<td>\u2705 (Premium)<\/td>\n<td>\u2705 S\u00ec<\/td>\n<\/tr>\n<tr>\n<td>Integrazione dei giochi<\/td>\n<td>\u274c No<\/td>\n<td>\u274c No<\/td>\n<td>\u274c No<\/td>\n<td>\u2705 S\u00ec<\/td>\n<td>\u2705 S\u00ec<\/td>\n<\/tr>\n<tr>\n<td>Facile da usare per i dispositivi mobili<\/td>\n<td>\u2705 S\u00ec<\/td>\n<td>\u2705 S\u00ec<\/td>\n<td>\u2705 S\u00ec<\/td>\n<td>\u2705 S\u00ec<\/td>\n<td>\u2705 S\u00ec<\/td>\n<\/tr>\n<tr>\n<td>Moderazione<\/td>\n<td>AI forte<\/td>\n<td>\u26a0\ufe0f Debole<\/td>\n<td>Buono<\/td>\n<td>Moderato<\/td>\n<td>Forte<\/td>\n<\/tr>\n<tr>\n<td>Anonimato<\/td>\n<td>\u2705 Completo<\/td>\n<td>\u2705 Completo<\/td>\n<td>\u2705 Completo<\/td>\n<td>\u2705 Completo<\/td>\n<td>Parziale<\/td>\n<\/tr>\n<tr>\n<td>Verifica del volto<\/td>\n<td>Opzionale<\/td>\n<td>\u274c No<\/td>\n<td>\u274c No<\/td>\n<td>\u274c No<\/td>\n<td>\u2705 Obbligatorio<\/td>\n<\/tr>\n<\/tbody>\n<\/table>\n<p>Sebbene Chatroulette abbia meno funzioni rispetto ad altre piattaforme pi\u00f9 recenti, la sua semplicit\u00e0, la velocit\u00e0 e la comunit\u00e0 globale rimangono i suoi punti di forza principali.<\/p>\n<h2>Suggerimenti per un utilizzo sicuro e piacevole<\/h2>\n<p>Per ottenere il massimo dall'esperienza Chatroulette, tenete a mente questi suggerimenti:<\/p>\n<ul>\n<li>Evitare di condividere informazioni personali: Mantenete riservati nome, indirizzo, e-mail e numero di telefono.<\/li>\n<li>Utilizzare una VPN: aggiungere un ulteriore livello di privacy e sicurezza.<\/li>\n<li>Attivare una buona illuminazione: Aiuta ad avere un aspetto presentabile e crea fiducia.<\/li>\n<li>Utilizzare le cuffie: Migliora la qualit\u00e0 dell'audio e mantiene la conversazione privata.<\/li>\n<li>Fidatevi del vostro istinto: se qualcosa non vi convince, fate clic su \"Avanti\" o segnalate l'utente.<\/li>\n<li>Siate rispettosi: Trattate gli altri come vorreste essere trattati voi. Chatroulette ha tolleranza zero per le molestie o i comportamenti offensivi.<\/li>\n<\/ul>\n<h2>Risoluzione dei problemi comuni<\/h2>\n<p>Anche su una piattaforma cos\u00ec semplice come Chatroulette, gli utenti possono incorrere in problemi occasionali. Ecco come risolvere quelli pi\u00f9 comuni:<\/p>\n<h3>La fotocamera o il microfono non funzionano<\/h3>\n<p>Assicuratevi che il vostro browser abbia l'autorizzazione ad accedere a questi dispositivi. Riavviare il browser o il computer se il problema persiste.<\/p>\n<h3>Schermo nero o nessuna connessione<\/h3>\n<p>Aggiornare la pagina o cambiare browser. Inoltre, verificate che la connessione a Internet sia stabile.<\/p>\n<h3>Essere banditi<\/h3>\n<p>Se siete stati bannati, potrebbe essere dovuto a un comportamento segnalato dal sistema AI. \u00c8 necessario attendere che il divieto venga revocato o provare a connettersi con un IP diverso utilizzando una VPN.<\/p>\n<h3>Non trovare nessuno con cui chattare<\/h3>\n<p>L'attivit\u00e0 di Chatroulette varia a seconda del fuso orario. Provate a fare orari diversi, soprattutto la sera e nei fine settimana, quando ci sono pi\u00f9 utenti online.<\/p>\n<p>Se i primi tempi di Chatroulette sono stati segnati da caos e controversie, da allora ha subito una trasformazione che l'ha reso uno dei sistemi di video pi\u00f9 sicuri, semplici e autentici. <a href=\"https:\/\/tinychat.com\/it\/chathub\/\">chat<\/a> piattaforme online.<\/p>\n<p>Rimane fedele alle sue radici, offrendo conversazioni globali e non filtrate con gli sconosciuti, ma ora inserisce una moderazione responsabile e protezioni della privacy per soddisfare le aspettative moderne.<\/p>\n<p>Se siete alla ricerca di una vera connessione umana, se volete incontrare persone da tutto il mondo o semplicemente se volete una pausa dai feed sociali curati, Chatroulette offre un'esperienza unica e spontanea che poche piattaforme possono eguagliare.<\/p>\n<p>Quindi aprite una nuova scheda, visitate Chatroulette e provate la prossima conversazione. Non si sa mai chi potrebbe esserci dall'altra parte dello schermo.<\/p>","protected":false},"excerpt":{"rendered":"<p>Chatroulette holds a special place as the pioneer of random video chat platforms. Long before video chatting with strangers became a global trend, Chatroulette captured the internet\u2019s attention by offering something novel, risky, and thrilling: a way to instantly meet someone from anywhere in the world with just one click. Launched in 2009 by a [&hellip;]<\/p>\n","protected":false},"author":6,"featured_media":0,"parent":0,"menu_order":0,"comment_status":"closed","ping_status":"closed","template":"","meta":{"footnotes":""},"class_list":["post-86","page","type-page","status-publish","hentry"],"yoast_head":"<!-- This site is optimized with the Yoast SEO plugin v27.5 - https:\/\/yoast.com\/product\/yoast-seo-wordpress\/ -->\n<title>Chatroulette - Meet With Strangers Worldwide - TinyChat.com<\/title>\n<meta name=\"description\" content=\"Enjoying Chatroulette? Join over 50,000,000 strangers on TinyChat! Turn on your cam and start meeting new people, or find a match.\" \/>\n<meta name=\"robots\" content=\"index, follow, max-snippet:-1, max-image-preview:large, max-video-preview:-1\" \/>\n<link rel=\"canonical\" href=\"https:\/\/tinychat.com\/it\/chatroulette\/\" \/>\n<meta property=\"og:locale\" content=\"it_IT\" \/>\n<meta property=\"og:type\" content=\"article\" \/>\n<meta property=\"og:title\" content=\"Chatroulette - Meet With Strangers Worldwide - TinyChat.com\" \/>\n<meta property=\"og:description\" content=\"Enjoying Chatroulette? Join over 50,000,000 strangers on TinyChat! Turn on your cam and start meeting new people, or find a match.\" \/>\n<meta property=\"og:url\" content=\"https:\/\/tinychat.com\/it\/chatroulette\/\" \/>\n<meta property=\"og:site_name\" content=\"TinyChat\" \/>\n<meta property=\"article:publisher\" content=\"https:\/\/www.facebook.com\/tinychat\" \/>\n<meta property=\"article:modified_time\" content=\"2025-07-07T16:18:57+00:00\" \/>\n<meta property=\"og:image\" content=\"https:\/\/tinychat.com\/wp-content\/uploads\/2020\/04\/Tinychat-logo-1280x284-new-black.png\" \/>\n\t<meta property=\"og:image:width\" content=\"1280\" \/>\n\t<meta property=\"og:image:height\" content=\"284\" \/>\n\t<meta property=\"og:image:type\" content=\"image\/png\" \/>\n<meta name=\"twitter:card\" content=\"summary_large_image\" \/>\n<meta name=\"twitter:site\" content=\"@tinychat\" \/>\n<meta name=\"twitter:label1\" content=\"Tempo di lettura stimato\" \/>\n\t<meta name=\"twitter:data1\" content=\"8 minuti\" \/>\n<script type=\"application\/ld+json\" class=\"yoast-schema-graph\">{\"@context\":\"https:\\\/\\\/schema.org\",\"@graph\":[{\"@type\":\"WebPage\",\"@id\":\"https:\\\/\\\/tinychat.com\\\/chatroulette\\\/\",\"url\":\"https:\\\/\\\/tinychat.com\\\/chatroulette\\\/\",\"name\":\"Chatroulette - Meet With Strangers Worldwide - TinyChat.com\",\"isPartOf\":{\"@id\":\"https:\\\/\\\/tinychat.com\\\/#website\"},\"datePublished\":\"2025-06-27T10:05:16+00:00\",\"dateModified\":\"2025-07-07T16:18:57+00:00\",\"description\":\"Enjoying Chatroulette? Join over 50,000,000 strangers on TinyChat! Turn on your cam and start meeting new people, or find a match.\",\"breadcrumb\":{\"@id\":\"https:\\\/\\\/tinychat.com\\\/chatroulette\\\/#breadcrumb\"},\"inLanguage\":\"it-IT\",\"potentialAction\":[{\"@type\":\"ReadAction\",\"target\":[\"https:\\\/\\\/tinychat.com\\\/chatroulette\\\/\"]}]},{\"@type\":\"BreadcrumbList\",\"@id\":\"https:\\\/\\\/tinychat.com\\\/chatroulette\\\/#breadcrumb\",\"itemListElement\":[{\"@type\":\"ListItem\",\"position\":1,\"name\":\"Home\",\"item\":\"https:\\\/\\\/tinychat.com\\\/\"},{\"@type\":\"ListItem\",\"position\":2,\"name\":\"Chatroulette\"}]},{\"@type\":\"WebSite\",\"@id\":\"https:\\\/\\\/tinychat.com\\\/#website\",\"url\":\"https:\\\/\\\/tinychat.com\\\/\",\"name\":\"TinyChat\",\"description\":\"Random Video Chat with Strangers\",\"publisher\":{\"@id\":\"https:\\\/\\\/tinychat.com\\\/#organization\"},\"alternateName\":\"TinyChat.com\",\"potentialAction\":[{\"@type\":\"SearchAction\",\"target\":{\"@type\":\"EntryPoint\",\"urlTemplate\":\"https:\\\/\\\/tinychat.com\\\/?s={search_term_string}\"},\"query-input\":{\"@type\":\"PropertyValueSpecification\",\"valueRequired\":true,\"valueName\":\"search_term_string\"}}],\"inLanguage\":\"it-IT\"},{\"@type\":\"Organization\",\"@id\":\"https:\\\/\\\/tinychat.com\\\/#organization\",\"name\":\"TinyChat\",\"alternateName\":\"TinyChat.com\",\"url\":\"https:\\\/\\\/tinychat.com\\\/\",\"logo\":{\"@type\":\"ImageObject\",\"inLanguage\":\"it-IT\",\"@id\":\"https:\\\/\\\/tinychat.com\\\/#\\\/schema\\\/logo\\\/image\\\/\",\"url\":\"https:\\\/\\\/tinychat.com\\\/wp-content\\\/uploads\\\/2023\\\/11\\\/Tinychat-icon-square.png\",\"contentUrl\":\"https:\\\/\\\/tinychat.com\\\/wp-content\\\/uploads\\\/2023\\\/11\\\/Tinychat-icon-square.png\",\"width\":284,\"height\":284,\"caption\":\"TinyChat\"},\"image\":{\"@id\":\"https:\\\/\\\/tinychat.com\\\/#\\\/schema\\\/logo\\\/image\\\/\"},\"sameAs\":[\"https:\\\/\\\/www.facebook.com\\\/tinychat\",\"https:\\\/\\\/x.com\\\/tinychat\"]}]}<\/script>\n<!-- \/ Yoast SEO plugin. -->","yoast_head_json":{"title":"Chatroulette - Incontri con sconosciuti in tutto il mondo - TinyChat.com","description":"Ti piace l'Chatroulette? Unisciti a oltre 50.000.000 di sconosciuti su TinyChat! Accendi la tua cam e inizia a conoscere nuove persone o a trovare un partner.","robots":{"index":"index","follow":"follow","max-snippet":"max-snippet:-1","max-image-preview":"max-image-preview:large","max-video-preview":"max-video-preview:-1"},"canonical":"https:\/\/tinychat.com\/it\/chatroulette\/","og_locale":"it_IT","og_type":"article","og_title":"Chatroulette - Meet With Strangers Worldwide - TinyChat.com","og_description":"Enjoying Chatroulette? Join over 50,000,000 strangers on TinyChat! Turn on your cam and start meeting new people, or find a match.","og_url":"https:\/\/tinychat.com\/it\/chatroulette\/","og_site_name":"TinyChat","article_publisher":"https:\/\/www.facebook.com\/tinychat","article_modified_time":"2025-07-07T16:18:57+00:00","og_image":[{"width":1280,"height":284,"url":"https:\/\/tinychat.com\/wp-content\/uploads\/2020\/04\/Tinychat-logo-1280x284-new-black.png","type":"image\/png"}],"twitter_card":"summary_large_image","twitter_site":"@tinychat","twitter_misc":{"Tempo di lettura stimato":"8 minuti"},"schema":{"@context":"https:\/\/schema.org","@graph":[{"@type":"WebPage","@id":"https:\/\/tinychat.com\/chatroulette\/","url":"https:\/\/tinychat.com\/chatroulette\/","name":"Chatroulette - Incontri con sconosciuti in tutto il mondo - TinyChat.com","isPartOf":{"@id":"https:\/\/tinychat.com\/#website"},"datePublished":"2025-06-27T10:05:16+00:00","dateModified":"2025-07-07T16:18:57+00:00","description":"Ti piace l'Chatroulette? Unisciti a oltre 50.000.000 di sconosciuti su TinyChat! Accendi la tua cam e inizia a conoscere nuove persone o a trovare un partner.","breadcrumb":{"@id":"https:\/\/tinychat.com\/chatroulette\/#breadcrumb"},"inLanguage":"it-IT","potentialAction":[{"@type":"ReadAction","target":["https:\/\/tinychat.com\/chatroulette\/"]}]},{"@type":"BreadcrumbList","@id":"https:\/\/tinychat.com\/chatroulette\/#breadcrumb","itemListElement":[{"@type":"ListItem","position":1,"name":"Home","item":"https:\/\/tinychat.com\/"},{"@type":"ListItem","position":2,"name":"Chatroulette"}]},{"@type":"WebSite","@id":"https:\/\/tinychat.com\/#website","url":"https:\/\/tinychat.com\/","name":"TinyChat","description":"Videochat casuale con sconosciuti","publisher":{"@id":"https:\/\/tinychat.com\/#organization"},"alternateName":"TinyChat.com","potentialAction":[{"@type":"SearchAction","target":{"@type":"EntryPoint","urlTemplate":"https:\/\/tinychat.com\/?s={search_term_string}"},"query-input":{"@type":"PropertyValueSpecification","valueRequired":true,"valueName":"search_term_string"}}],"inLanguage":"it-IT"},{"@type":"Organization","@id":"https:\/\/tinychat.com\/#organization","name":"TinyChat","alternateName":"TinyChat.com","url":"https:\/\/tinychat.com\/","logo":{"@type":"ImageObject","inLanguage":"it-IT","@id":"https:\/\/tinychat.com\/#\/schema\/logo\/image\/","url":"https:\/\/tinychat.com\/wp-content\/uploads\/2023\/11\/Tinychat-icon-square.png","contentUrl":"https:\/\/tinychat.com\/wp-content\/uploads\/2023\/11\/Tinychat-icon-square.png","width":284,"height":284,"caption":"TinyChat"},"image":{"@id":"https:\/\/tinychat.com\/#\/schema\/logo\/image\/"},"sameAs":["https:\/\/www.facebook.com\/tinychat","https:\/\/x.com\/tinychat"]}]}},"_links":{"self":[{"href":"https:\/\/tinychat.com\/it\/wp-json\/wp\/v2\/pages\/86","targetHints":{"allow":["GET"]}}],"collection":[{"href":"https:\/\/tinychat.com\/it\/wp-json\/wp\/v2\/pages"}],"about":[{"href":"https:\/\/tinychat.com\/it\/wp-json\/wp\/v2\/types\/page"}],"author":[{"embeddable":true,"href":"https:\/\/tinychat.com\/it\/wp-json\/wp\/v2\/users\/6"}],"replies":[{"embeddable":true,"href":"https:\/\/tinychat.com\/it\/wp-json\/wp\/v2\/comments?post=86"}],"version-history":[{"count":2,"href":"https:\/\/tinychat.com\/it\/wp-json\/wp\/v2\/pages\/86\/revisions"}],"predecessor-version":[{"id":13168,"href":"https:\/\/tinychat.com\/it\/wp-json\/wp\/v2\/pages\/86\/revisions\/13168"}],"wp:attachment":[{"href":"https:\/\/tinychat.com\/it\/wp-json\/wp\/v2\/media?parent=86"}],"curies":[{"name":"wp","href":"https:\/\/api.w.org\/{rel}","templated":true}]}}