{"id":8647,"date":"2025-05-26T09:38:47","date_gmt":"2025-05-26T07:38:47","guid":{"rendered":"https:\/\/tinychat.com\/?page_id=8647"},"modified":"2025-07-07T18:18:24","modified_gmt":"2025-07-07T16:18:24","slug":"chatib","status":"publish","type":"page","link":"https:\/\/tinychat.com\/it\/chatib\/","title":{"rendered":"Chatib"},"content":{"rendered":"<p>Con l'evoluzione della comunicazione online, \u00e8 innegabile il fascino delle piattaforme che eliminano la complessit\u00e0 e mettono al centro la conversazione reale e spontanea. Chatib \u00e8 una di queste piattaforme: un ritorno all'epoca d'oro delle chat online, ma aggiornato per il web moderno. Se volete conoscere nuove persone, fare amicizia o semplicemente passare il tempo chattando con sconosciuti in tutto il mondo, Chatib \u00e8 la destinazione migliore, e non dovrete iscrivervi, scaricare nulla o rivelare la vostra vera identit\u00e0.<\/p>\n<p>Chatib \u00e8 un sito di interazione istantanea basata sul testo, accessibile tramite qualsiasi browser, su qualsiasi dispositivo, senza alcun ostacolo. Che siate alla ricerca di nuovi amici, di una chat flirtante o di uno spazio comunitario per i vostri interessi, le stanze pubbliche e le funzioni di chat privata di Chatib rendono facile connettersi, comunicare e condividere, il tutto gratuitamente.<\/p>\n<p>Questo articolo approfondisce il funzionamento di Chatib, le sue caratteristiche principali, ci\u00f2 che lo distingue da altri siti di chat, i consigli di sicurezza, i confronti e come ottenere il massimo da ogni sessione di chat.<\/p>\n<h2>Che cos'\u00e8 l'Chatib?<\/h2>\n<p>Chatib \u00e8 una piattaforma di chatroom anonima e gratuita che mette in contatto gli utenti di tutto il mondo attraverso chatroom aperte e messaggistica privata, il tutto in tempo reale. Senza registrazione e senza app da installare, Chatib si distingue per la facilit\u00e0 di accesso e il design leggero.<\/p>\n<p>Fondata per far rivivere la classica esperienza delle chatroom, Chatib offre una selezione di stanze basate su argomenti e paesi (come \"Chat per single\", \"Chat per gli Stati Uniti\" o \"Amanti della musica\") e l'opzione di chattare uno a uno in privato. \u00c8 sufficiente scegliere un nickname, selezionare una stanza e iniziare a scrivere. Se si trova qualcuno di interessante, si pu\u00f2 chattare in privato o aggiungerlo come amico per facilitare i contatti.<\/p>\n<p>L'attenzione di Chatib per la comunicazione di solo testo \u00e8 perfetta per chi preferisce l'anonimato o vuole chattare senza accendere una telecamera o un microfono. \u00c8 basato sul web, \u00e8 compatibile con i dispositivi mobili ed \u00e8 totalmente gratuito.<\/p>\n<h2>Caratteristiche principali di Chatib<\/h2>\n<p>Chatib pu\u00f2 sembrare semplice, ma \u00e8 ricco di pratiche funzioni che lo rendono uno dei siti di chat pi\u00f9 flessibili e accoglienti del web.<\/p>\n<h3>1. Non \u00e8 necessaria alcuna registrazione o download<\/h3>\n<p>Il cuore del fascino dell'Chatib \u00e8 il suo ingresso immediato e senza problemi. Non \u00e8 necessaria la registrazione di un account per l'uso di base:<\/p>\n<ul>\n<li>Scegliere un nickname<\/li>\n<li>Selezionare il sesso e la fascia d'et\u00e0<\/li>\n<li>Scegliere una chatroom (per argomento o per paese)<\/li>\n<li>Accettate le condizioni e siete dentro!<\/li>\n<\/ul>\n<p>Non vengono raccolti e-mail, numeri di telefono o dati personali per gli utenti ospiti.<\/p>\n<h3>2. Chatroom pubbliche per argomento e regione<\/h3>\n<p>Chatib dispone di un'ampia gamma di chat aperte, organizzate per:<\/p>\n<ul>\n<li>Paese\/Regione: ad esempio, USA, Regno Unito, India, Filippine, Sudafrica e molti altri.<\/li>\n<li>Interessi\/argomento: ad esempio, single, adolescenti, musica, appuntamenti, sport, istruzione, flirt, ecc.<\/li>\n<\/ul>\n<p>Questo vi permette di unirvi a una stanza che corrisponde ai vostri interessi o alla vostra lingua preferita, rendendo pi\u00f9 facile entrare in contatto con persone che la pensano come voi da tutto il mondo.<\/p>\n<h3>3. Chat privata a tu per tu<\/h3>\n<p>Se cliccate su qualcuno in una stanza pubblica, potete invitarlo istantaneamente in una finestra di chat privata a tu per tu. In questo caso, la conversazione \u00e8 visibile solo a voi e al vostro interlocutore, il che vi consente di parlare pi\u00f9 apertamente o di conoscervi meglio.<\/p>\n<h3>4. Elenco amici e blocco<\/h3>\n<p>Per chi crea un account Chatib gratuito (opzionale), \u00e8 possibile aggiungere utenti all'elenco degli amici per una rapida riconnessione, bloccare gli utenti indesiderati e gestire le conversazioni private. Gli strumenti di blocco e di segnalazione aiutano a mantenere la vostra esperienza sicura e rispettosa.<\/p>\n<h3>5. Design mobile-first<\/h3>\n<p>Chatib funziona perfettamente in qualsiasi browser mobile, adattandosi automaticamente alle dimensioni dello schermo. Non \u00e8 necessaria un'applicazione dedicata: basta visitare Chatib.com sul telefono o sul tablet e iniziare a chattare. L'interfaccia \u00e8 leggera, si carica velocemente e consuma pochi dati.<\/p>\n<h3>6. Filtri per lingua e Paese<\/h3>\n<p>\u00c8 possibile filtrare facilmente le chat o cercare gli utenti in base alla lingua e al paese, il che \u00e8 ottimo per praticare una lingua, incontrare persone del posto o entrare in contatto con persone di culture o regioni specifiche.<\/p>\n<h3>7. Profili utente di base<\/h3>\n<p>Per gli utenti registrati, Chatib consente di impostare un profilo di base con una foto, un nickname, un paese e una breve descrizione. In questo modo \u00e8 pi\u00f9 facile per gli amici riconoscervi o per gli altri utenti sapere qualcosa su chi sta chattando.<\/p>\n<h3>8. Emoji, adesivi e condivisione dei media<\/h3>\n<p>Per vivacizzare le conversazioni, l'Chatib supporta:<\/p>\n<ul>\n<li>Pacchetti di emoji e adesivi<\/li>\n<li>Condivisione di immagini di base (soggetta a moderazione)<\/li>\n<li>Formattazione del testo divertente ed espressiva<\/li>\n<\/ul>\n<p>Questo rende la chiacchierata pi\u00f9 coinvolgente e aiuta a rompere il ghiaccio con le persone nuove.<\/p>\n<h2>Come utilizzare Chatib<\/h2>\n<p>Il punto di forza dell'Chatib \u00e8 la sua accessibilit\u00e0. Ecco come iniziare in meno di un minuto:<\/p>\n<h3>Passo 1: andare a Chatib.com<\/h3>\n<p>Visitate chatib.com su qualsiasi browser (desktop, tablet o mobile).<\/p>\n<h3>Fase 2: Scegliere un soprannome e i dettagli<\/h3>\n<p>Inserite un nickname, selezionate il vostro sesso e la vostra fascia d'et\u00e0 e scegliete il vostro Paese. \u00c8 possibile utilizzare uno pseudonimo per garantire la massima privacy.<\/p>\n<h3>Fase 3: Scegliere una chat<\/h3>\n<p>Scorrere le chat disponibili, organizzate per paese e argomento. Fate clic per unirvi a quella che vi interessa.<\/p>\n<h3>Fase 4: Iniziare a chattare<\/h3>\n<p>Una volta entrati in una stanza, \u00e8 sufficiente digitare il proprio messaggio e partecipare alla conversazione pubblica. \u00c8 possibile inviare inviti alla chat privata facendo clic sul nome di un utente.<\/p>\n<h3>Fase 5: (facoltativa) Registrazione per ulteriori funzioni<\/h3>\n<p>Crea un account gratuito per sbloccare le liste di amici, la cronologia delle chat, la condivisione dei contenuti multimediali e i controlli di moderazione avanzati.<\/p>\n<h2>Esperienza utente su Chatib<\/h2>\n<p>Chatib \u00e8 amato per la sua atmosfera da chat vecchia scuola e senza fronzoli. Tutto \u00e8 stato progettato per garantire un accesso rapido, l'anonimato e la facilit\u00e0 di chattare, senza fronzoli.<\/p>\n<h3>Cosa amano gli utenti<\/h3>\n<ul>\n<li>Non \u00e8 richiesta l'iscrizione per la chat di base<\/li>\n<li>Decine di chat tra cui scegliere (per interesse e regione)<\/li>\n<li>Facile chat privata e gestione degli amici<\/li>\n<li>Compatibilit\u00e0 con i browser mobili<\/li>\n<li>Caricamento veloce e annunci minimi<\/li>\n<li>Comunit\u00e0 divertente con clienti abituali e nuovi arrivati<\/li>\n<\/ul>\n<h3>Dove l'Chatib potrebbe migliorare<\/h3>\n<ul>\n<li>Spam o trolling occasionale, soprattutto nelle sale pubbliche affollate.<\/li>\n<li>Nessuna chat video o chiamata vocale<\/li>\n<li>Moderazione limitata nelle stanze pi\u00f9 piccole<\/li>\n<li>Alcuni annunci nella versione gratuita<\/li>\n<li>La condivisione dei media \u00e8 limitata e monitorata per la sicurezza<\/li>\n<\/ul>\n<h3>Feedback degli utenti reali<\/h3>\n<blockquote><p>\"Mi ricorda le classiche chat di Yahoo, ma sul mio telefono. Mi piace il fatto di poter partecipare senza iscrivermi!\".<br \/>\n- <em>Tina V., Sitejabber<\/em><\/p><\/blockquote>\n<blockquote><p>\"Ho incontrato un paio di buoni amici dal Sudafrica e dal Brasile. A volte ci sono dei tipi strani, ma il pulsante di blocco funziona\".<br \/>\n- <em>James L., Trustpilot<\/em><\/p><\/blockquote>\n<blockquote><p>\"\u00c8 bello poter parlare in privato con chiunque, ma vorrei che ci fosse un'opzione video. Comunque, per una semplice chat, \u00e8 ottimo\".<br \/>\n- <em>Priya M., Recensione Google Play<\/em><\/p><\/blockquote>\n<h2>Chatib vs altre piattaforme di chat<\/h2>\n<p>Vediamo come l'Chatib si posiziona rispetto alla concorrenza:<\/p>\n<table>\n<thead>\n<tr>\n<th>Caratteristica<\/th>\n<th>Chatib<\/th>\n<th>Chatiw<\/th>\n<th>Omegle<\/th>\n<th>Camfrog<\/th>\n<th>ChatHub<\/th>\n<th>Thundr<\/th>\n<\/tr>\n<\/thead>\n<tbody>\n<tr>\n<td>Chat anonima<\/td>\n<td>\u2705 S\u00ec<\/td>\n<td>\u2705 S\u00ec<\/td>\n<td>\u2705 S\u00ec<\/td>\n<td>Ospite<\/td>\n<td>\u2705 S\u00ec<\/td>\n<td>\u2705 S\u00ec<\/td>\n<\/tr>\n<tr>\n<td>Non \u00e8 necessaria la registrazione<\/td>\n<td>\u2705 S\u00ec<\/td>\n<td>\u2705 S\u00ec<\/td>\n<td>\u2705 S\u00ec<\/td>\n<td>Opzionale<\/td>\n<td>\u2705 S\u00ec<\/td>\n<td>\u2705 S\u00ec<\/td>\n<\/tr>\n<tr>\n<td>Chat di testo<\/td>\n<td>\u2705 S\u00ec<\/td>\n<td>\u2705 S\u00ec<\/td>\n<td>\u2705 S\u00ec<\/td>\n<td>\u2705 S\u00ec<\/td>\n<td>\u2705 S\u00ec<\/td>\n<td>\u2705 S\u00ec<\/td>\n<\/tr>\n<tr>\n<td>Video chat<\/td>\n<td>\u274c No<\/td>\n<td>\u274c No<\/td>\n<td>\u2705 S\u00ec<\/td>\n<td>\u2705 S\u00ec<\/td>\n<td>\u2705 S\u00ec<\/td>\n<td>\u2705 S\u00ec<\/td>\n<\/tr>\n<tr>\n<td>Chat di gruppo<\/td>\n<td>\u2705 S\u00ec<\/td>\n<td>\u2705 S\u00ec<\/td>\n<td>\u274c No<\/td>\n<td>\u2705 S\u00ec<\/td>\n<td>\u274c No<\/td>\n<td>\u274c No<\/td>\n<\/tr>\n<tr>\n<td>Messaggistica privata<\/td>\n<td>\u2705 S\u00ec<\/td>\n<td>\u2705 S\u00ec<\/td>\n<td>\u2705 S\u00ec<\/td>\n<td>\u2705 S\u00ec<\/td>\n<td>\u2705 S\u00ec<\/td>\n<td>\u2705 S\u00ec<\/td>\n<\/tr>\n<tr>\n<td>Ottimizzato per i dispositivi mobili<\/td>\n<td>\u2705 S\u00ec<\/td>\n<td>\u2705 S\u00ec<\/td>\n<td>\u26a0\ufe0f Misto<\/td>\n<td>\u2705 S\u00ec<\/td>\n<td>\u2705 S\u00ec<\/td>\n<td>\u2705 S\u00ec<\/td>\n<\/tr>\n<tr>\n<td>Opzione profilo<\/td>\n<td>Opzionale<\/td>\n<td>Opzionale<\/td>\n<td>\u274c No<\/td>\n<td>\u2705 S\u00ec<\/td>\n<td>\u2705 S\u00ec<\/td>\n<td>\u274c No<\/td>\n<\/tr>\n<tr>\n<td>Media\/Emoji<\/td>\n<td>\u2705 S\u00ec<\/td>\n<td>\u2705 S\u00ec<\/td>\n<td>\u26a0\ufe0f Basic<\/td>\n<td>\u2705 S\u00ec<\/td>\n<td>\u2705 S\u00ec<\/td>\n<td>\u26a0\ufe0f Basic<\/td>\n<\/tr>\n<\/tbody>\n<\/table>\n<p>Sommario: Chatib eccelle per gli utenti che cercano una chat di testo anonima, istantanea e basata su argomenti, con un sistema di stanze vivace e un'interfaccia mobile-friendly. Non si tratta di immagini o di appuntamenti, ma di pura conversazione.<\/p>\n<h2>Chatib \u00e8 sicuro?<\/h2>\n<p>Chatib lavora duramente per fornire uno spazio sicuro e accogliente per gli utenti, ma come in ogni chatroom aperta, la cautela personale \u00e8 d'obbligo.<\/p>\n<h3>Caratteristiche di sicurezza<\/h3>\n<ul>\n<li>Non \u00e8 richiesto un nome o un'email reale per gli ospiti<\/li>\n<li>Funzioni di blocco e segnalazione per ogni utente<\/li>\n<li>Moderatori in sale grandi\/pubbliche<\/li>\n<li>Regole severe sulla condivisione di informazioni personali, contenuti espliciti e molestie.<\/li>\n<li>La condivisione dei media \u00e8 limitata per evitare abusi<\/li>\n<\/ul>\n<h3>Consigli per una chat sicura<\/h3>\n<ul>\n<li>Non condividete mai il vostro vero nome, l'indirizzo, il telefono o i vostri dati privati.<\/li>\n<li>Utilizzate un nickname unico (non il vostro vero nome)<\/li>\n<li>Passare alla chat privata solo se ci si sente a proprio agio<\/li>\n<li>Bloccare\/segnalare chi si comporta in modo inappropriato<\/li>\n<li>Non cliccate su link sospetti e non scaricate file.<\/li>\n<li>Disconnettersi e cancellare la cronologia delle chat se si utilizza un dispositivo condiviso\/pubblico.<\/li>\n<\/ul>\n<h2>Suggerimenti per sfruttare al meglio l'Chatib<\/h2>\n<ul>\n<li>Provate le stanze internazionali: Incontrare persone di culture diverse e praticare nuove lingue<\/li>\n<li>Trova il tuo argomento: Dallo sport ai single, unisciti a una stanza che si adatta ai tuoi interessi.<\/li>\n<li>Siate cordiali: Un semplice \"ciao\" pu\u00f2 dare il via a una grande conversazione.<\/li>\n<li>Mantenere una mentalit\u00e0 aperta: Aspettatevi una variet\u00e0 di personalit\u00e0, da quella civettuola a quella filosofica.<\/li>\n<li>Per essere sempre in movimento: l'Chatib funziona perfettamente su telefoni e tablet, in modo da rimanere connessi ovunque ci si trovi.<\/li>\n<li>Utilizzare gli strumenti di blocco\/segnalazione: Proteggi la tua esperienza di chat con un clic<\/li>\n<\/ul>\n<h2>Risoluzione dei problemi comuni dell'Chatib<\/h2>\n<h3>Impossibile collegarsi a una stanza<\/h3>\n<p>Soluzione: Aggiornare la pagina, controllare la connessione a Internet o provare un altro browser.<\/p>\n<h3>Troppo spam o bot<\/h3>\n<p>Soluzione: Limitarsi alle stanze con moderazione attiva e utilizzare le funzioni di blocco\/segnalazione.<\/p>\n<h3>La chat privata non funziona<\/h3>\n<p>Soluzione: L'altro utente potrebbe aver disabilitato le chat private; provare di nuovo o scegliere un altro utente.<\/p>\n<h3>Impossibile inviare immagini<\/h3>\n<p>Assicuratevi di essere registrati e di seguire le linee guida per il caricamento delle immagini. Evitare di inviare immagini private.<\/p>\n<h3>L'app o il sito sono lenti<\/h3>\n<p>Chiudete le schede in background, controllate la connessione o provate a passare dal cellulare al desktop (o viceversa).<\/p>\n<h2>Pensieri finali: Vale la pena utilizzare l'Chatib?<\/h2>\n<p>Assolutamente s\u00ec, per tutti coloro che apprezzano la nostalgia delle chat, la rapidit\u00e0 delle conversazioni anonime e la reale comunit\u00e0 globale. Chatib \u00e8 la scelta migliore per la chat puramente testuale. Non ci sono pressioni per rivelare la propria identit\u00e0, n\u00e9 attese per l'approvazione dei profili, n\u00e9 bisogno di webcam o microfoni. Tutto ruota intorno alla connessione, alla conversazione e alla scoperta.<\/p>\n<p>Se state cercando di ammazzare il tempo, di fare nuove amicizie, di praticare una lingua o di trovare una storia d'amore, Chatib offre un ambiente di chat flessibile, aperto e divertente, accessibile in pochi secondi, su qualsiasi dispositivo e sempre gratuito.<\/p>\n<p>Siete pronti a partecipare alla conversazione?<br \/>\nVisita subito chatib.com, scegli una stanza e inizia a chattare. La prossima persona che incontrerai potrebbe essere un tuo nuovo amico dall'altra parte del mondo.<\/p>","protected":false},"excerpt":{"rendered":"<p>As online communication keeps evolving, there\u2019s an undeniable appeal to platforms that strip away complexity and put real, spontaneous conversation at the center. Chatib is one of those platforms \u2014 a throwback to the golden era of online chatrooms, but updated for the modern web. If you want to meet new people, make friends, or [&hellip;]<\/p>\n","protected":false},"author":6,"featured_media":0,"parent":0,"menu_order":0,"comment_status":"closed","ping_status":"closed","template":"","meta":{"footnotes":""},"class_list":["post-8647","page","type-page","status-publish","hentry"],"yoast_head":"<!-- This site is optimized with the Yoast SEO plugin v27.6 - https:\/\/yoast.com\/product\/yoast-seo-wordpress\/ -->\n<title>Chatib - Chat Online With No Registration - TinyChat.com<\/title>\n<meta name=\"description\" content=\"Enjoying Chatib? Join over 50,000,000 strangers on TinyChat! Turn on your cam and start meeting new people, or find a match.\" \/>\n<meta name=\"robots\" content=\"index, follow, max-snippet:-1, max-image-preview:large, max-video-preview:-1\" \/>\n<link rel=\"canonical\" href=\"https:\/\/tinychat.com\/it\/chatib\/\" \/>\n<meta property=\"og:locale\" content=\"it_IT\" \/>\n<meta property=\"og:type\" content=\"article\" \/>\n<meta property=\"og:title\" content=\"Chatib - Chat Online With No Registration - TinyChat.com\" \/>\n<meta property=\"og:description\" content=\"Enjoying Chatib? Join over 50,000,000 strangers on TinyChat! Turn on your cam and start meeting new people, or find a match.\" \/>\n<meta property=\"og:url\" content=\"https:\/\/tinychat.com\/it\/chatib\/\" \/>\n<meta property=\"og:site_name\" content=\"TinyChat\" \/>\n<meta property=\"article:publisher\" content=\"https:\/\/www.facebook.com\/tinychat\" \/>\n<meta property=\"article:modified_time\" content=\"2025-07-07T16:18:24+00:00\" \/>\n<meta property=\"og:image\" content=\"https:\/\/tinychat.com\/wp-content\/uploads\/2020\/04\/Tinychat-logo-1280x284-new-black.png\" \/>\n\t<meta property=\"og:image:width\" content=\"1280\" \/>\n\t<meta property=\"og:image:height\" content=\"284\" \/>\n\t<meta property=\"og:image:type\" content=\"image\/png\" \/>\n<meta name=\"twitter:card\" content=\"summary_large_image\" \/>\n<meta name=\"twitter:site\" content=\"@tinychat\" \/>\n<meta name=\"twitter:label1\" content=\"Tempo di lettura stimato\" \/>\n\t<meta name=\"twitter:data1\" content=\"7 minuti\" \/>\n<script type=\"application\/ld+json\" class=\"yoast-schema-graph\">{\"@context\":\"https:\\\/\\\/schema.org\",\"@graph\":[{\"@type\":\"WebPage\",\"@id\":\"https:\\\/\\\/tinychat.com\\\/chatib\\\/\",\"url\":\"https:\\\/\\\/tinychat.com\\\/chatib\\\/\",\"name\":\"Chatib - Chat Online With No Registration - TinyChat.com\",\"isPartOf\":{\"@id\":\"https:\\\/\\\/tinychat.com\\\/#website\"},\"datePublished\":\"2025-05-26T07:38:47+00:00\",\"dateModified\":\"2025-07-07T16:18:24+00:00\",\"description\":\"Enjoying Chatib? Join over 50,000,000 strangers on TinyChat! Turn on your cam and start meeting new people, or find a match.\",\"breadcrumb\":{\"@id\":\"https:\\\/\\\/tinychat.com\\\/chatib\\\/#breadcrumb\"},\"inLanguage\":\"it-IT\",\"potentialAction\":[{\"@type\":\"ReadAction\",\"target\":[\"https:\\\/\\\/tinychat.com\\\/chatib\\\/\"]}]},{\"@type\":\"BreadcrumbList\",\"@id\":\"https:\\\/\\\/tinychat.com\\\/chatib\\\/#breadcrumb\",\"itemListElement\":[{\"@type\":\"ListItem\",\"position\":1,\"name\":\"Home\",\"item\":\"https:\\\/\\\/tinychat.com\\\/\"},{\"@type\":\"ListItem\",\"position\":2,\"name\":\"Chatib\"}]},{\"@type\":\"WebSite\",\"@id\":\"https:\\\/\\\/tinychat.com\\\/#website\",\"url\":\"https:\\\/\\\/tinychat.com\\\/\",\"name\":\"TinyChat\",\"description\":\"Random Video Chat with Strangers\",\"publisher\":{\"@id\":\"https:\\\/\\\/tinychat.com\\\/#organization\"},\"alternateName\":\"TinyChat.com\",\"potentialAction\":[{\"@type\":\"SearchAction\",\"target\":{\"@type\":\"EntryPoint\",\"urlTemplate\":\"https:\\\/\\\/tinychat.com\\\/?s={search_term_string}\"},\"query-input\":{\"@type\":\"PropertyValueSpecification\",\"valueRequired\":true,\"valueName\":\"search_term_string\"}}],\"inLanguage\":\"it-IT\"},{\"@type\":\"Organization\",\"@id\":\"https:\\\/\\\/tinychat.com\\\/#organization\",\"name\":\"TinyChat\",\"alternateName\":\"TinyChat.com\",\"url\":\"https:\\\/\\\/tinychat.com\\\/\",\"logo\":{\"@type\":\"ImageObject\",\"inLanguage\":\"it-IT\",\"@id\":\"https:\\\/\\\/tinychat.com\\\/#\\\/schema\\\/logo\\\/image\\\/\",\"url\":\"https:\\\/\\\/tinychat.com\\\/wp-content\\\/uploads\\\/2023\\\/11\\\/Tinychat-icon-square.png\",\"contentUrl\":\"https:\\\/\\\/tinychat.com\\\/wp-content\\\/uploads\\\/2023\\\/11\\\/Tinychat-icon-square.png\",\"width\":284,\"height\":284,\"caption\":\"TinyChat\"},\"image\":{\"@id\":\"https:\\\/\\\/tinychat.com\\\/#\\\/schema\\\/logo\\\/image\\\/\"},\"sameAs\":[\"https:\\\/\\\/www.facebook.com\\\/tinychat\",\"https:\\\/\\\/x.com\\\/tinychat\"]}]}<\/script>\n<!-- \/ Yoast SEO plugin. -->","yoast_head_json":{"title":"Chatib - Chat online senza registrazione - TinyChat.com","description":"Ti piace Chatib? Unisciti a oltre 50.000.000 di sconosciuti su TinyChat! Accendi la tua cam e inizia a conoscere nuove persone o a trovare un partner.","robots":{"index":"index","follow":"follow","max-snippet":"max-snippet:-1","max-image-preview":"max-image-preview:large","max-video-preview":"max-video-preview:-1"},"canonical":"https:\/\/tinychat.com\/it\/chatib\/","og_locale":"it_IT","og_type":"article","og_title":"Chatib - Chat Online With No Registration - TinyChat.com","og_description":"Enjoying Chatib? Join over 50,000,000 strangers on TinyChat! Turn on your cam and start meeting new people, or find a match.","og_url":"https:\/\/tinychat.com\/it\/chatib\/","og_site_name":"TinyChat","article_publisher":"https:\/\/www.facebook.com\/tinychat","article_modified_time":"2025-07-07T16:18:24+00:00","og_image":[{"width":1280,"height":284,"url":"https:\/\/tinychat.com\/wp-content\/uploads\/2020\/04\/Tinychat-logo-1280x284-new-black.png","type":"image\/png"}],"twitter_card":"summary_large_image","twitter_site":"@tinychat","twitter_misc":{"Tempo di lettura stimato":"7 minuti"},"schema":{"@context":"https:\/\/schema.org","@graph":[{"@type":"WebPage","@id":"https:\/\/tinychat.com\/chatib\/","url":"https:\/\/tinychat.com\/chatib\/","name":"Chatib - Chat online senza registrazione - TinyChat.com","isPartOf":{"@id":"https:\/\/tinychat.com\/#website"},"datePublished":"2025-05-26T07:38:47+00:00","dateModified":"2025-07-07T16:18:24+00:00","description":"Ti piace Chatib? Unisciti a oltre 50.000.000 di sconosciuti su TinyChat! Accendi la tua cam e inizia a conoscere nuove persone o a trovare un partner.","breadcrumb":{"@id":"https:\/\/tinychat.com\/chatib\/#breadcrumb"},"inLanguage":"it-IT","potentialAction":[{"@type":"ReadAction","target":["https:\/\/tinychat.com\/chatib\/"]}]},{"@type":"BreadcrumbList","@id":"https:\/\/tinychat.com\/chatib\/#breadcrumb","itemListElement":[{"@type":"ListItem","position":1,"name":"Home","item":"https:\/\/tinychat.com\/"},{"@type":"ListItem","position":2,"name":"Chatib"}]},{"@type":"WebSite","@id":"https:\/\/tinychat.com\/#website","url":"https:\/\/tinychat.com\/","name":"TinyChat","description":"Videochat casuale con sconosciuti","publisher":{"@id":"https:\/\/tinychat.com\/#organization"},"alternateName":"TinyChat.com","potentialAction":[{"@type":"SearchAction","target":{"@type":"EntryPoint","urlTemplate":"https:\/\/tinychat.com\/?s={search_term_string}"},"query-input":{"@type":"PropertyValueSpecification","valueRequired":true,"valueName":"search_term_string"}}],"inLanguage":"it-IT"},{"@type":"Organization","@id":"https:\/\/tinychat.com\/#organization","name":"TinyChat","alternateName":"TinyChat.com","url":"https:\/\/tinychat.com\/","logo":{"@type":"ImageObject","inLanguage":"it-IT","@id":"https:\/\/tinychat.com\/#\/schema\/logo\/image\/","url":"https:\/\/tinychat.com\/wp-content\/uploads\/2023\/11\/Tinychat-icon-square.png","contentUrl":"https:\/\/tinychat.com\/wp-content\/uploads\/2023\/11\/Tinychat-icon-square.png","width":284,"height":284,"caption":"TinyChat"},"image":{"@id":"https:\/\/tinychat.com\/#\/schema\/logo\/image\/"},"sameAs":["https:\/\/www.facebook.com\/tinychat","https:\/\/x.com\/tinychat"]}]}},"_links":{"self":[{"href":"https:\/\/tinychat.com\/it\/wp-json\/wp\/v2\/pages\/8647","targetHints":{"allow":["GET"]}}],"collection":[{"href":"https:\/\/tinychat.com\/it\/wp-json\/wp\/v2\/pages"}],"about":[{"href":"https:\/\/tinychat.com\/it\/wp-json\/wp\/v2\/types\/page"}],"author":[{"embeddable":true,"href":"https:\/\/tinychat.com\/it\/wp-json\/wp\/v2\/users\/6"}],"replies":[{"embeddable":true,"href":"https:\/\/tinychat.com\/it\/wp-json\/wp\/v2\/comments?post=8647"}],"version-history":[{"count":3,"href":"https:\/\/tinychat.com\/it\/wp-json\/wp\/v2\/pages\/8647\/revisions"}],"predecessor-version":[{"id":13291,"href":"https:\/\/tinychat.com\/it\/wp-json\/wp\/v2\/pages\/8647\/revisions\/13291"}],"wp:attachment":[{"href":"https:\/\/tinychat.com\/it\/wp-json\/wp\/v2\/media?parent=8647"}],"curies":[{"name":"wp","href":"https:\/\/api.w.org\/{rel}","templated":true}]}}