{"id":8689,"date":"2025-10-21T11:18:47","date_gmt":"2025-10-21T09:18:47","guid":{"rendered":"https:\/\/tinychat.com\/?page_id=8689"},"modified":"2025-10-21T13:17:16","modified_gmt":"2025-10-21T11:17:16","slug":"chathour","status":"publish","type":"page","link":"https:\/\/tinychat.com\/it\/chathour\/","title":{"rendered":"ChatHour"},"content":{"rendered":"<p>In un'epoca dominata dagli algoritmi dei social media e dalle app di incontri, ChatHour offre un rinfrescante ritorno alle origini della comunicazione online: le chatroom. \u00c8 una piattaforma che celebra l'arte della conversazione, in cui le persone si incontrano non attraverso gli swipe o i feed curati, ma attraverso gli interessi condivisi e l'interazione spontanea.<\/p>\n<p>Con migliaia di utenti attivi in diverse chatroom tematiche, ChatHour \u00e8 un ibrido tra la classica esperienza di chatroom e il moderno networking online. Se state cercando di fare amicizia, di esplorare gli argomenti che amate o semplicemente di passare il tempo chattando con nuove persone, ChatHour lo rende facile, veloce e sorprendentemente coinvolgente.<\/p>\n<p>Questa recensione analizza cos'\u00e8 l'ChatHour, come funziona, le sue caratteristiche principali, l'esperienza d'uso, il confronto con i concorrenti, i consigli per la sicurezza e il motivo per cui continua ad attrarre un pubblico globale fedele.<\/p>\n<h2>Che cos'\u00e8 l'ChatHour?<\/h2>\n<p>ChatHour \u00e8 una piattaforma di chat online gratuita che mette in contatto gli utenti attraverso chatroom pubbliche e conversazioni private. Non si basa sull'accoppiamento casuale dei video come Omegle o Chatroulette, ma offre agli utenti la possibilit\u00e0 di scegliere. \u00c8 possibile unirsi a chatroom tematiche, partecipare a discussioni di gruppo o avviare chat private con persone che condividono i propri interessi.<\/p>\n<p>Lanciata a met\u00e0 degli anni 2000, ChatHour ha mantenuto una forte base di utenti grazie alla sua semplicit\u00e0, all'ampia gamma di argomenti di chat e all'enfasi sulla comunicazione testuale. Per coloro che preferiscono parlare senza la pressione della telecamera, rimane una delle comunit\u00e0 di chat testuali pi\u00f9 attive online.<\/p>\n<h2>Caratteristiche principali di ChatHour<\/h2>\n<p>L'ChatHour si distingue per l'equilibrio tra il fascino della vecchia scuola e l'usabilit\u00e0 moderna. Le sue caratteristiche principali si basano sulla flessibilit\u00e0 e sulla facilit\u00e0 di comunicazione.<\/p>\n<h3>1. Chatroom pubbliche a tema<\/h3>\n<ul>\n<li>Unisciti a migliaia di chatroom basate su interessi come musica, viaggi, sport, relazioni o aree locali.<\/li>\n<li>Le chat sono attive 24 ore su 24, 7 giorni su 7, con utenti provenienti da tutto il mondo.<\/li>\n<li>Create la vostra stanza se non riuscite a trovare un argomento che vi piace.<\/li>\n<\/ul>\n<h3>2. Messaggistica privata<\/h3>\n<ul>\n<li>Avviare chat individuali con gli utenti incontrati nelle sale pubbliche.<\/li>\n<li>Continuare le conversazioni in privato senza lasciare la piattaforma.<\/li>\n<\/ul>\n<h3>3. Profili utente<\/h3>\n<ul>\n<li>Create un profilo semplice con foto e una breve biografia.<\/li>\n<li>Aiuta gli altri a conoscere i vostri interessi e ad avviare chat significative.<\/li>\n<\/ul>\n<h3>4. Compatibilit\u00e0 con dispositivi mobili e desktop<\/h3>\n<ul>\n<li>Funziona senza problemi sia sui browser web che sui dispositivi mobili.<\/li>\n<li>Non \u00e8 necessario scaricare un'app, anche se gli utenti mobili possono inserire il sito tra i preferiti per un accesso rapido.<\/li>\n<\/ul>\n<h3>5. Ricerca e filtri<\/h3>\n<ul>\n<li>Cercate le persone per nome utente, sesso o localit\u00e0.<\/li>\n<li>I filtri aiutano a trovare le chat o gli utenti che corrispondono ai propri interessi.<\/li>\n<\/ul>\n<h3>6. Accesso libero<\/h3>\n<ul>\n<li>Le funzioni principali sono completamente gratuite.<\/li>\n<li>Non ci sono paywall nascosti o trappole per abbonamenti premium.<\/li>\n<\/ul>\n<h3>7. Chatroom personalizzate<\/h3>\n<ul>\n<li>Gli utenti registrati possono creare le proprie chatroom pubbliche o private.<\/li>\n<li>Gli strumenti di moderazione aiutano a gestire chi pu\u00f2 entrare e partecipare.<\/li>\n<\/ul>\n<h2>Come utilizzare ChatHour<\/h2>\n<p>ChatHour \u00e8 stato progettato per essere semplice e facile da usare per chiunque, anche senza una precedente esperienza nelle chatroom.<\/p>\n<h3>Passo 1: visitare il sito web ChatHour<\/h3>\n<p>Aprire ChatHour nel browser su desktop o mobile.<\/p>\n<h3>Fase 2: Scegliere una stanza o crearne una<\/h3>\n<p>Sfoglia le categorie disponibili e unisciti alla stanza che ti interessa, oppure crea la tua chatroom personalizzata.<\/p>\n<h3>Fase 3: Creare un profilo (facoltativo)<\/h3>\n<p>\u00c8 possibile chattare come ospite, ma la creazione di un account gratuito consente di caricare una foto, salvare le stanze preferite e inviare messaggi privati agli utenti.<\/p>\n<h3>Fase 4: Iniziare a chattare<\/h3>\n<p>Entrate in qualsiasi stanza e partecipate alla conversazione. La maggior parte delle chatroom ha discussioni in corso, per cui \u00e8 facile partecipare.<\/p>\n<h3>Passo 5: connessione privata<\/h3>\n<p>Se trovate qualcuno di interessante, potete avviare una chat privata a tu per tu per un'interazione pi\u00f9 personale.<\/p>\n<p>L'intero processo dura meno di un minuto: nessun download, nessuna attesa, solo conversazione.<\/p>\n<h2>Esperienza utente su ChatHour<\/h2>\n<p>ChatHour ha mantenuto la semplicit\u00e0 che ha reso popolari le prime piattaforme di chat come Yahoo! Chat o IRC, introducendo allo stesso tempo un numero sufficiente di funzioni moderne per mantenerla attuale.<\/p>\n<h3>Cosa piace agli utenti<\/h3>\n<ul>\n<li>Un'enorme variet\u00e0 di chatroom per argomento e regione.<\/li>\n<li>Possibilit\u00e0 di chattare pubblicamente o privatamente.<\/li>\n<li>Interfaccia semplice e senza fronzoli.<\/li>\n<li>Funziona su qualsiasi dispositivo.<\/li>\n<li>Base di utenti attiva 24 ore su 24, 7 giorni su 7.<\/li>\n<\/ul>\n<h3>Dove gli utenti vedono margini di miglioramento<\/h3>\n<ul>\n<li>Manca la funzionalit\u00e0 di video chat.<\/li>\n<li>Alcune chat possono essere inattive in determinati orari.<\/li>\n<li>L'interfaccia potrebbe sembrare datata agli utenti pi\u00f9 giovani.<\/li>\n<li>Utenti occasionali di spam nelle sale pubbliche.<\/li>\n<\/ul>\n<p>Nel complesso, l'esperienza dell'utente \u00e8 nostalgica ma affidabile: privilegia la conversazione rispetto al design appariscente, attirando persone che apprezzano la semplicit\u00e0 e gli scambi significativi.<\/p>\n<h2>ChatHour vs. altre piattaforme di chat<\/h2>\n<p>Ecco come ChatHour si confronta con altre piattaforme di chat e social:<\/p>\n<table>\n<thead>\n<tr>\n<th>Caratteristica<\/th>\n<th>ChatHour<\/th>\n<th>Omegle<\/th>\n<th>Chatroulette<\/th>\n<th>ChatHub<\/th>\n<th>Wireclub<\/th>\n<th>Paltalk<\/th>\n<\/tr>\n<\/thead>\n<tbody>\n<tr>\n<td>Chatroom pubbliche<\/td>\n<td>\u2705 S\u00ec<\/td>\n<td>\u274c No<\/td>\n<td>\u274c No<\/td>\n<td>\u274c No<\/td>\n<td>\u2705 S\u00ec<\/td>\n<td>\u2705 S\u00ec<\/td>\n<\/tr>\n<tr>\n<td>Messaggistica privata<\/td>\n<td>\u2705 S\u00ec<\/td>\n<td>\u274c No<\/td>\n<td>\u274c No<\/td>\n<td>\u2705 S\u00ec<\/td>\n<td>\u2705 S\u00ec<\/td>\n<td>\u2705 S\u00ec<\/td>\n<\/tr>\n<tr>\n<td>Profili utente<\/td>\n<td>\u2705 S\u00ec<\/td>\n<td>\u274c No<\/td>\n<td>\u274c No<\/td>\n<td>\u2705 S\u00ec<\/td>\n<td>\u2705 S\u00ec<\/td>\n<td>\u2705 S\u00ec<\/td>\n<\/tr>\n<tr>\n<td>Video chat<\/td>\n<td>\u274c No<\/td>\n<td>\u2705 S\u00ec<\/td>\n<td>\u2705 S\u00ec<\/td>\n<td>\u2705 S\u00ec<\/td>\n<td>\u2705 S\u00ec<\/td>\n<td>\u2705 S\u00ec<\/td>\n<\/tr>\n<tr>\n<td>Chat vocale<\/td>\n<td>\u274c No<\/td>\n<td>\u274c No<\/td>\n<td>\u274c No<\/td>\n<td>\u274c No<\/td>\n<td>Limitato<\/td>\n<td>\u2705 S\u00ec<\/td>\n<\/tr>\n<tr>\n<td>Anonimato<\/td>\n<td>Moderato<\/td>\n<td>Forte<\/td>\n<td>Forte<\/td>\n<td>Moderato<\/td>\n<td>Moderato<\/td>\n<td>\u274c Limitato<\/td>\n<\/tr>\n<tr>\n<td>Mobile Friendly<\/td>\n<td>\u2705 S\u00ec<\/td>\n<td>\u2705 S\u00ec<\/td>\n<td>\u2705 S\u00ec<\/td>\n<td>\u2705 S\u00ec<\/td>\n<td>\u2705 S\u00ec<\/td>\n<td>\u2705 S\u00ec<\/td>\n<\/tr>\n<\/tbody>\n<\/table>\n<p>Sintesi: ChatHour \u00e8 pi\u00f9 orientata alla comunit\u00e0 rispetto alle app di chat casuale come Omegle e pi\u00f9 accessibile rispetto a piattaforme complesse come Paltalk. \u00c8 un punto di forza per gli utenti che preferiscono una chat di testo strutturata a connessioni video imprevedibili.<\/p>\n<h2>ChatHour \u00e8 sicuro?<\/h2>\n<p>ChatHour prende sul serio la sicurezza degli utenti, ma come per qualsiasi piattaforma di chat pubblica, \u00e8 essenziale un uso responsabile.<\/p>\n<h3>Caratteristiche di sicurezza integrate<\/h3>\n<ul>\n<li>Moderazione di base in chat popolari.<\/li>\n<li>Opzioni di blocco e segnalazione per gli utenti inadeguati.<\/li>\n<li>Controlli della chat privata.<\/li>\n<\/ul>\n<h3>Consigli di sicurezza per gli utenti<\/h3>\n<ul>\n<li>Evitate di condividere informazioni personali o finanziarie.<\/li>\n<li>Rimanete in chat moderate o ben frequentate.<\/li>\n<li>Fate attenzione quando cliccate sui link esterni.<\/li>\n<li>I genitori devono sorvegliare i minori che utilizzano il sito.<\/li>\n<\/ul>\n<p>La struttura di solo testo dell'ChatHour limita naturalmente i rischi associati alle chat video, rendendolo una delle scelte pi\u00f9 sicure per le chat occasionali, se usato con saggezza.<\/p>\n<h2>Suggerimenti per ottenere il massimo dall'ChatHour<\/h2>\n<ul>\n<li>Esplorate pi\u00f9 chatroom: non limitatevi a una sola; c'\u00e8 una stanza per quasi tutti gli argomenti immaginabili.<\/li>\n<li>Controllate le ore di punta: la sera e il fine settimana di solito gli utenti sono pi\u00f9 attivi.<\/li>\n<li>Impegnatevi con gentilezza: gli utenti cordiali tendono ad attirare pi\u00f9 risposte.<\/li>\n<li>Personalizzate il vostro profilo: una biografia breve e autentica aiuta gli altri a entrare in contatto con voi.<\/li>\n<li>Segnalate gli spammer: mantenere le stanze pulite aiuta la comunit\u00e0 a prosperare.<\/li>\n<li>Inserite nei preferiti le vostre stanze preferite, in modo da potervi tornare facilmente la prossima volta.<\/li>\n<\/ul>\n<p>Queste piccole abitudini rendono l'esperienza dell'ChatHour pi\u00f9 gratificante e piacevole.<\/p>\n<h2>Problemi e soluzioni comuni<\/h2>\n<h3>Problema: non \u00e8 possibile accedere<\/h3>\n<ul>\n<li>Assicurarsi che i cookie siano abilitati.<\/li>\n<li>Provate a reimpostare la password o a cancellare la cache del browser.<\/li>\n<\/ul>\n<h3>Problema: i messaggi non vengono inviati<\/h3>\n<ul>\n<li>Aggiornare la chat.<\/li>\n<li>Controllare la connessione a Internet.<\/li>\n<\/ul>\n<h3>Problema: troppi utenti inattivi<\/h3>\n<ul>\n<li>Esplorate altre stanze o provate nelle ore pi\u00f9 affollate della giornata.<\/li>\n<\/ul>\n<h3>Problema: Utenti inappropriati<\/h3>\n<ul>\n<li>Bloccateli e segnalateli immediatamente.<\/li>\n<li>Per avere interazioni pi\u00f9 sicure, limitatevi alle stanze moderate.<\/li>\n<\/ul>\n<h2>Perch\u00e9 le persone scelgono ChatHour<\/h2>\n<p>Le persone scelgono l'ChatHour per molti motivi:<\/p>\n<ul>\n<li>Libert\u00e0 di scelta: partecipare a chat pubbliche o private in qualsiasi momento.<\/li>\n<li>Diversit\u00e0: migliaia di argomenti e utenti da tutto il mondo.<\/li>\n<li>Semplicit\u00e0: rapida adesione, facile utilizzo.<\/li>\n<li>Comunit\u00e0 - costruire amicizie che vadano oltre gli incontri occasionali.<\/li>\n<\/ul>\n<p>In un mondo digitale dominato da piattaforme basate su video, l'ChatHour dimostra che la chat di testo \u00e8 ancora potente, soprattutto per coloro che preferiscono conversare senza telecamere.<\/p>\n<h2>Pensieri finali: Vale la pena utilizzare l'ChatHour?<\/h2>\n<p>Se vi mancano i tempi delle classiche chat o semplicemente vi piace incontrare persone con interessi comuni, ChatHour \u00e8 assolutamente da provare. Non insegue le tendenze o reinventa la ruota, ma perfeziona la formula senza tempo che ha fatto prosperare le prime comunit\u00e0 su Internet.<\/p>\n<p>Anche se non offre chat video casuali o filtri appariscenti, l'affidabilit\u00e0, l'attenzione alla comunit\u00e0 e la portata globale di ChatHour ne fanno un'opzione di spicco per le conversazioni online pi\u00f9 significative.<\/p>\n<p>Sia che vogliate:<\/p>\n<ul>\n<li>Incontrare nuovi amici,<\/li>\n<li>Discutete dei vostri argomenti preferiti,<\/li>\n<li>O semplicemente per chiacchierare tutta la notte...<\/li>\n<\/ul>\n<p>L'ChatHour offre lo spazio digitale per farlo, liberamente e senza sforzo.<\/p>\n<p>In breve: ChatHour \u00e8 una continuazione moderna delle classiche chat online, che offre un modo sicuro, sociale e facile di incontrare persone attraverso il testo. \u00c8 ideale per gli utenti che preferiscono le conversazioni reali agli algoritmi e che amano il senso di comunit\u00e0 online.<\/p>\n<p>Sei pronto a iniziare a chattare? Visita ChatHour, unisciti alla stanza che ti interessa e vedi dove ti porta la conversazione.<\/p>","protected":false},"excerpt":{"rendered":"<p>In an age dominated by social media algorithms and dating apps, ChatHour offers a refreshing throwback to the roots of online communication \u2014 chatrooms. It\u2019s a platform that celebrates the art of conversation, where people meet not through swipes or curated feeds, but through shared interests and spontaneous interaction. With thousands of active users across [&hellip;]<\/p>\n","protected":false},"author":6,"featured_media":0,"parent":0,"menu_order":0,"comment_status":"closed","ping_status":"closed","template":"","meta":{"footnotes":""},"class_list":["post-8689","page","type-page","status-publish","hentry"],"yoast_head":"<!-- This site is optimized with the Yoast SEO plugin v27.4 - https:\/\/yoast.com\/product\/yoast-seo-wordpress\/ -->\n<title>ChatHour - Mobile Free Chat Rooms - TinyChat.com<\/title>\n<meta name=\"description\" content=\"Enjoying ChatHour? Join over 50,000,000 strangers on TinyChat! Turn on your cam and start meeting new people, or find a match.\" \/>\n<meta name=\"robots\" content=\"index, follow, max-snippet:-1, max-image-preview:large, max-video-preview:-1\" \/>\n<link rel=\"canonical\" href=\"https:\/\/tinychat.com\/it\/chathour\/\" \/>\n<meta property=\"og:locale\" content=\"it_IT\" \/>\n<meta property=\"og:type\" content=\"article\" \/>\n<meta property=\"og:title\" content=\"ChatHour - Mobile Free Chat Rooms - TinyChat.com\" \/>\n<meta property=\"og:description\" content=\"Enjoying ChatHour? Join over 50,000,000 strangers on TinyChat! Turn on your cam and start meeting new people, or find a match.\" \/>\n<meta property=\"og:url\" content=\"https:\/\/tinychat.com\/it\/chathour\/\" \/>\n<meta property=\"og:site_name\" content=\"TinyChat\" \/>\n<meta property=\"article:publisher\" content=\"https:\/\/www.facebook.com\/tinychat\" \/>\n<meta property=\"article:modified_time\" content=\"2025-10-21T11:17:16+00:00\" \/>\n<meta property=\"og:image\" content=\"https:\/\/tinychat.com\/wp-content\/uploads\/2020\/04\/Tinychat-logo-1280x284-new-black.png\" \/>\n\t<meta property=\"og:image:width\" content=\"1280\" \/>\n\t<meta property=\"og:image:height\" content=\"284\" \/>\n\t<meta property=\"og:image:type\" content=\"image\/png\" \/>\n<meta name=\"twitter:card\" content=\"summary_large_image\" \/>\n<meta name=\"twitter:site\" content=\"@tinychat\" \/>\n<meta name=\"twitter:label1\" content=\"Tempo di lettura stimato\" \/>\n\t<meta name=\"twitter:data1\" content=\"6 minuti\" \/>\n<script type=\"application\/ld+json\" class=\"yoast-schema-graph\">{\"@context\":\"https:\\\/\\\/schema.org\",\"@graph\":[{\"@type\":\"WebPage\",\"@id\":\"https:\\\/\\\/tinychat.com\\\/chathour\\\/\",\"url\":\"https:\\\/\\\/tinychat.com\\\/chathour\\\/\",\"name\":\"ChatHour - Mobile Free Chat Rooms - TinyChat.com\",\"isPartOf\":{\"@id\":\"https:\\\/\\\/tinychat.com\\\/#website\"},\"datePublished\":\"2025-10-21T09:18:47+00:00\",\"dateModified\":\"2025-10-21T11:17:16+00:00\",\"description\":\"Enjoying ChatHour? Join over 50,000,000 strangers on TinyChat! Turn on your cam and start meeting new people, or find a match.\",\"breadcrumb\":{\"@id\":\"https:\\\/\\\/tinychat.com\\\/chathour\\\/#breadcrumb\"},\"inLanguage\":\"it-IT\",\"potentialAction\":[{\"@type\":\"ReadAction\",\"target\":[\"https:\\\/\\\/tinychat.com\\\/chathour\\\/\"]}]},{\"@type\":\"BreadcrumbList\",\"@id\":\"https:\\\/\\\/tinychat.com\\\/chathour\\\/#breadcrumb\",\"itemListElement\":[{\"@type\":\"ListItem\",\"position\":1,\"name\":\"Home\",\"item\":\"https:\\\/\\\/tinychat.com\\\/\"},{\"@type\":\"ListItem\",\"position\":2,\"name\":\"ChatHour\"}]},{\"@type\":\"WebSite\",\"@id\":\"https:\\\/\\\/tinychat.com\\\/#website\",\"url\":\"https:\\\/\\\/tinychat.com\\\/\",\"name\":\"TinyChat\",\"description\":\"Random Video Chat with Strangers\",\"publisher\":{\"@id\":\"https:\\\/\\\/tinychat.com\\\/#organization\"},\"alternateName\":\"TinyChat.com\",\"potentialAction\":[{\"@type\":\"SearchAction\",\"target\":{\"@type\":\"EntryPoint\",\"urlTemplate\":\"https:\\\/\\\/tinychat.com\\\/?s={search_term_string}\"},\"query-input\":{\"@type\":\"PropertyValueSpecification\",\"valueRequired\":true,\"valueName\":\"search_term_string\"}}],\"inLanguage\":\"it-IT\"},{\"@type\":\"Organization\",\"@id\":\"https:\\\/\\\/tinychat.com\\\/#organization\",\"name\":\"TinyChat\",\"alternateName\":\"TinyChat.com\",\"url\":\"https:\\\/\\\/tinychat.com\\\/\",\"logo\":{\"@type\":\"ImageObject\",\"inLanguage\":\"it-IT\",\"@id\":\"https:\\\/\\\/tinychat.com\\\/#\\\/schema\\\/logo\\\/image\\\/\",\"url\":\"https:\\\/\\\/tinychat.com\\\/wp-content\\\/uploads\\\/2023\\\/11\\\/Tinychat-icon-square.png\",\"contentUrl\":\"https:\\\/\\\/tinychat.com\\\/wp-content\\\/uploads\\\/2023\\\/11\\\/Tinychat-icon-square.png\",\"width\":284,\"height\":284,\"caption\":\"TinyChat\"},\"image\":{\"@id\":\"https:\\\/\\\/tinychat.com\\\/#\\\/schema\\\/logo\\\/image\\\/\"},\"sameAs\":[\"https:\\\/\\\/www.facebook.com\\\/tinychat\",\"https:\\\/\\\/x.com\\\/tinychat\"]}]}<\/script>\n<!-- \/ Yoast SEO plugin. -->","yoast_head_json":{"title":"ChatHour - Sale chat gratis per cellulari - TinyChat.com","description":"Ti piace ChatHour? Unisciti a oltre 50.000.000 di sconosciuti su TinyChat! Accendi la tua cam e inizia a conoscere nuove persone o a trovare un partner.","robots":{"index":"index","follow":"follow","max-snippet":"max-snippet:-1","max-image-preview":"max-image-preview:large","max-video-preview":"max-video-preview:-1"},"canonical":"https:\/\/tinychat.com\/it\/chathour\/","og_locale":"it_IT","og_type":"article","og_title":"ChatHour - Mobile Free Chat Rooms - TinyChat.com","og_description":"Enjoying ChatHour? Join over 50,000,000 strangers on TinyChat! Turn on your cam and start meeting new people, or find a match.","og_url":"https:\/\/tinychat.com\/it\/chathour\/","og_site_name":"TinyChat","article_publisher":"https:\/\/www.facebook.com\/tinychat","article_modified_time":"2025-10-21T11:17:16+00:00","og_image":[{"width":1280,"height":284,"url":"https:\/\/tinychat.com\/wp-content\/uploads\/2020\/04\/Tinychat-logo-1280x284-new-black.png","type":"image\/png"}],"twitter_card":"summary_large_image","twitter_site":"@tinychat","twitter_misc":{"Tempo di lettura stimato":"6 minuti"},"schema":{"@context":"https:\/\/schema.org","@graph":[{"@type":"WebPage","@id":"https:\/\/tinychat.com\/chathour\/","url":"https:\/\/tinychat.com\/chathour\/","name":"ChatHour - Sale chat gratis per cellulari - TinyChat.com","isPartOf":{"@id":"https:\/\/tinychat.com\/#website"},"datePublished":"2025-10-21T09:18:47+00:00","dateModified":"2025-10-21T11:17:16+00:00","description":"Ti piace ChatHour? Unisciti a oltre 50.000.000 di sconosciuti su TinyChat! Accendi la tua cam e inizia a conoscere nuove persone o a trovare un partner.","breadcrumb":{"@id":"https:\/\/tinychat.com\/chathour\/#breadcrumb"},"inLanguage":"it-IT","potentialAction":[{"@type":"ReadAction","target":["https:\/\/tinychat.com\/chathour\/"]}]},{"@type":"BreadcrumbList","@id":"https:\/\/tinychat.com\/chathour\/#breadcrumb","itemListElement":[{"@type":"ListItem","position":1,"name":"Home","item":"https:\/\/tinychat.com\/"},{"@type":"ListItem","position":2,"name":"ChatHour"}]},{"@type":"WebSite","@id":"https:\/\/tinychat.com\/#website","url":"https:\/\/tinychat.com\/","name":"TinyChat","description":"Videochat casuale con sconosciuti","publisher":{"@id":"https:\/\/tinychat.com\/#organization"},"alternateName":"TinyChat.com","potentialAction":[{"@type":"SearchAction","target":{"@type":"EntryPoint","urlTemplate":"https:\/\/tinychat.com\/?s={search_term_string}"},"query-input":{"@type":"PropertyValueSpecification","valueRequired":true,"valueName":"search_term_string"}}],"inLanguage":"it-IT"},{"@type":"Organization","@id":"https:\/\/tinychat.com\/#organization","name":"TinyChat","alternateName":"TinyChat.com","url":"https:\/\/tinychat.com\/","logo":{"@type":"ImageObject","inLanguage":"it-IT","@id":"https:\/\/tinychat.com\/#\/schema\/logo\/image\/","url":"https:\/\/tinychat.com\/wp-content\/uploads\/2023\/11\/Tinychat-icon-square.png","contentUrl":"https:\/\/tinychat.com\/wp-content\/uploads\/2023\/11\/Tinychat-icon-square.png","width":284,"height":284,"caption":"TinyChat"},"image":{"@id":"https:\/\/tinychat.com\/#\/schema\/logo\/image\/"},"sameAs":["https:\/\/www.facebook.com\/tinychat","https:\/\/x.com\/tinychat"]}]}},"_links":{"self":[{"href":"https:\/\/tinychat.com\/it\/wp-json\/wp\/v2\/pages\/8689","targetHints":{"allow":["GET"]}}],"collection":[{"href":"https:\/\/tinychat.com\/it\/wp-json\/wp\/v2\/pages"}],"about":[{"href":"https:\/\/tinychat.com\/it\/wp-json\/wp\/v2\/types\/page"}],"author":[{"embeddable":true,"href":"https:\/\/tinychat.com\/it\/wp-json\/wp\/v2\/users\/6"}],"replies":[{"embeddable":true,"href":"https:\/\/tinychat.com\/it\/wp-json\/wp\/v2\/comments?post=8689"}],"version-history":[{"count":3,"href":"https:\/\/tinychat.com\/it\/wp-json\/wp\/v2\/pages\/8689\/revisions"}],"predecessor-version":[{"id":13560,"href":"https:\/\/tinychat.com\/it\/wp-json\/wp\/v2\/pages\/8689\/revisions\/13560"}],"wp:attachment":[{"href":"https:\/\/tinychat.com\/it\/wp-json\/wp\/v2\/media?parent=8689"}],"curies":[{"name":"wp","href":"https:\/\/api.w.org\/{rel}","templated":true}]}}