{"id":881,"date":"2024-12-02T19:15:37","date_gmt":"2024-12-02T17:15:37","guid":{"rendered":"https:\/\/tinychat.com\/?page_id=881"},"modified":"2025-06-12T10:27:21","modified_gmt":"2025-06-12T08:27:21","slug":"ometv","status":"publish","type":"page","link":"https:\/\/tinychat.com\/it\/ometv\/","title":{"rendered":"OmeTV"},"content":{"rendered":"<p>OmeTV \u00e8 emersa come una delle scelte principali per gli utenti che desiderano conversare in tempo reale con estranei, senza sacrificare la sicurezza, la privacy o la qualit\u00e0. Mentre molte piattaforme, tra cui la leggendaria <a href=\"https:\/\/tinychat.com\/it\/omegle\/\">Omegle<\/a> e <a href=\"https:\/\/tinychat.com\/it\/chatroulette\/\">Chatroulette<\/a>OmeTV, che ha reso popolare l'idea delle chat casuali, ha ripreso questo concetto e ha aggiunto la pulizia, la moderazione e il moderno supporto mobile che gli utenti di oggi si aspettano.<\/p>\n<p>OmeTV non \u00e8 fatto di espedienti o di giochi, ma di conversazioni video significative a tu per tu, facili da iniziare e da lasciare. Sia che vogliate conoscere nuove persone, praticare una lingua straniera, fare amicizia in tutto il mondo o semplicemente <a href=\"https:\/\/tinychat.com\/it\/chatroulette\/\">chat<\/a> con qualcuno di nuovo, OmeTV offre una piattaforma sicura e facile da usare, costruita per un'interazione globale.<\/p>\n<p>Dall'interfaccia senza fronzoli all'ambiente moderato, OmeTV offre un'alternativa convincente alle piattaforme afflitte da troll, bot o contenuti espliciti. In questo articolo esploreremo le caratteristiche di OmeTV, i protocolli di sicurezza, l'esperienza utente, i confronti e i consigli pratici per ottenere il massimo dalle vostre chat.<\/p>\n<h2>Che cos'\u00e8 l'OmeTV?<\/h2>\n<p>OmeTV \u00e8 un video basato su browser e mobile-friendly. <a href=\"https:\/\/tinychat.com\/it\/chatroulette\/\">chat<\/a> che mette in contatto utenti di tutto il mondo per conversazioni video anonime uno a uno. Come <a href=\"https:\/\/tinychat.com\/it\/omegle\/\">Omegle<\/a> e <a href=\"https:\/\/tinychat.com\/it\/chatroulette\/\">Chatroulette<\/a>Il concetto di base \u00e8 semplice: basta fare clic su un pulsante e si viene abbinati ad un <a href=\"https:\/\/tinychat.com\/it\/strangercam\/\">estraneo<\/a>e iniziare a parlare.<\/p>\n<p>Ma il vero punto di forza di OmeTV \u00e8 il suo impegno per la sicurezza, la moderazione e l'accessibilit\u00e0 internazionale. La piattaforma \u00e8 disponibile in oltre 100 Paesi, \u00e8 tradotta in decine di lingue e viene moderata in tempo reale per garantire un ambiente pi\u00f9 pulito e amichevole. <a href=\"https:\/\/tinychat.com\/it\/chatroulette\/\">chat<\/a> ambiente.<\/p>\n<h2>Caratteristiche principali di OmeTV<\/h2>\n<p>La forza dell'OmeTV risiede nel suo minimalismo, sostenuto da una forte enfasi sulla sicurezza e sulle prestazioni. Ecco le caratteristiche principali che ne fanno un'opzione di spicco nel settore <a href=\"https:\/\/tinychat.com\/it\/\">video chat casuale<\/a> spazio:<\/p>\n<h3>1. Corrispondenza video istantanea<\/h3>\n<p>Con OmeTV, non \u00e8 necessario iscriversi o creare un profilo per iniziare. Non appena si atterra sul sito (o si apre l'applicazione), si pu\u00f2 iniziare a chattare immediatamente. \u00c8 sufficiente consentire l'accesso alla telecamera e al microfono e fare clic sul pulsante \"Inizia\".<\/p>\n<p>La piattaforma vi abbina a un <a href=\"https:\/\/tinychat.com\/it\/strangercam\/\">estraneo<\/a> in base alla lingua e alle impostazioni geografiche dell'utente, consentendo un'esperienza globale e senza soluzione di continuit\u00e0.<\/p>\n<h3>2. Traduzione del testo<\/h3>\n<p>Una delle caratteristiche principali di OmeTV \u00e8 la traduzione automatica dei messaggi. Se state chattando con qualcuno che scrive in una lingua diversa, OmeTV traduce automaticamente il messaggio nella vostra lingua preferita in tempo reale.<\/p>\n<p>Questa funzione abbatte le barriere linguistiche e favorisce la comunicazione tra utenti che altrimenti potrebbero avere difficolt\u00e0 a comprendersi.<\/p>\n<h3>3. Filtro di genere (a pagamento)<\/h3>\n<p>Per gli utenti che desiderano un'esperienza pi\u00f9 personalizzata, OmeTV offre un filtro di genere attraverso il suo modello di abbonamento premium. In questo modo \u00e8 possibile scegliere se essere abbinati a uomini, donne o entrambi.<\/p>\n<p>Questo \u00e8 particolarmente utile per chi cerca conversazioni romantiche o si sente pi\u00f9 a suo agio a parlare con un genere specifico.<\/p>\n<h3>4. Integrazione di app mobili<\/h3>\n<p>OmeTV ha abbracciato pienamente l'era mobile. Le sue applicazioni per iOS e Android sono tra le pi\u00f9 apprezzate della categoria e offrono video fluidi. <a href=\"https:\/\/tinychat.com\/it\/chatroulette\/\">chat<\/a>, strumenti di moderazione e coerenza dell'interfaccia utente tra i vari dispositivi.<\/p>\n<p>La versione mobile include tutte le funzioni principali del sito desktop, garantendo la possibilit\u00e0 di connettersi in mobilit\u00e0 con la stessa qualit\u00e0 e sicurezza.<\/p>\n<h3>5. Nessun bot, nessun annuncio durante le chat<\/h3>\n<p>A differenza di molti altri prodotti gratuiti <a href=\"https:\/\/tinychat.com\/it\/chatroulette\/\">chat<\/a> piattaforme che bombardano gli utenti con annunci pubblicitari o permettono ai bot di simulare le conversazioni, OmeTV \u00e8 orgogliosa di offrire un servizio privo di bot e di annunci. <a href=\"https:\/\/tinychat.com\/it\/chatroulette\/\">chat<\/a> sessioni.<\/p>\n<p>L'assenza di annunci durante le chat migliora la concentrazione, riduce al minimo le distrazioni e crea un'esperienza pi\u00f9 autentica.<\/p>\n<h3>6. Moderazione in tempo reale<\/h3>\n<p>OmeTV dispone di un team di moderatori attivi supportati da sistemi di segnalazione guidati dall'intelligenza artificiale che monitorano il comportamento e i contenuti dello schermo in tempo reale. I comportamenti inappropriati possono portare a divieti immediati, contribuendo a mantenere uno spazio rispettoso e accogliente.<\/p>\n<p>Questo distingue OmeTV dalle piattaforme in cui la moderazione \u00e8 troppo permissiva o inesistente.<\/p>\n<h3>7. Uso anonimo<\/h3>\n<p>Nonostante le sue caratteristiche moderne, OmeTV mantiene l'elemento centrale dell'anonimato. Non \u00e8 richiesta alcuna registrazione. \u00c8 possibile iniziare a chattare senza fornire alcun dato personale. Avete il pieno controllo di ci\u00f2 che rivelate e a chi.<\/p>\n<h2>Come utilizzare l'OmeTV<\/h2>\n<p>Una delle maggiori attrattive di OmeTV \u00e8 la facilit\u00e0 con cui si pu\u00f2 iniziare. Ecco una semplice guida alla navigazione della piattaforma:<\/p>\n<h3>Fase 1: visita all'OmeTV<\/h3>\n<p>Andate su OmeTV sul vostro browser o scaricate l'applicazione OmeTV dall'App Store di Apple o da Google Play Store.<\/p>\n<h3>Fase 2: Consentire l'accesso alla fotocamera e al microfono<\/h3>\n<p>La piattaforma richieder\u00e0 l'accesso alla webcam e al microfono. Concedere l'accesso per abilitare il video <a href=\"https:\/\/tinychat.com\/it\/chatroulette\/\">chat<\/a>. \u00c8 sempre possibile disattivare la fotocamera se si preferisce interagire solo con il testo.<\/p>\n<h3>Fase 3: Selezionare le preferenze<\/h3>\n<p>Nella pagina iniziale o nell'interfaccia dell'app, selezionare la lingua e il Paese per migliorare la qualit\u00e0 degli incontri. Gli utenti Premium possono anche impostare i filtri di genere.<\/p>\n<h3>Passo 4: fare clic su \"Avvio\".<\/h3>\n<p>Fare clic sul pulsante di avvio per iniziare il viaggio. In pochi secondi sarete abbinati a un altro utente. Se non si \u00e8 interessati alla persona con cui si \u00e8 abbinati, \u00e8 sufficiente fare clic su \"Avanti\" per andare avanti.<\/p>\n<h3>Passo 5: utilizzare la casella di testo<\/h3>\n<p>Se non \u00e8 possibile parlare, si pu\u00f2 usare il testo incorporato <a href=\"https:\/\/tinychat.com\/it\/chatroulette\/\">chat<\/a> box per comunicare. Le traduzioni automatiche rendono pi\u00f9 facile parlare con persone di paesi diversi.<\/p>\n<h3>Fase 6: Segnalazione o blocco se necessario<\/h3>\n<p>L'OmeTV dispone di pulsanti per segnalare, bloccare o silenziare gli utenti. Utilizzate questi strumenti per mantenere un ambiente sicuro e segnalare i comportamenti inappropriati.<\/p>\n<h2>Sicurezza e privacy sull'OmeTV<\/h2>\n<p>Con cos\u00ec tanti casi di <a href=\"https:\/\/tinychat.com\/it\/chatroulette\/\">chat<\/a> I siti che sono stati criticati per i contenuti non sicuri e la scarsa moderazione, OmeTV si distingue per la seriet\u00e0 con cui affronta la sicurezza degli utenti.<\/p>\n<h3>1. IA + Moderazione umana<\/h3>\n<p>OmeTV combina sistemi di monitoraggio AI con un team di moderatori umani per individuare i comportamenti inappropriati e far rispettare le linee guida della community. Questo modello ibrido aiuta la piattaforma a reagire rapidamente alle violazioni.<\/p>\n<h3>2. Filtri anti-nudit\u00e0 e anti-abusi<\/h3>\n<p>L'intelligenza artificiale di OmeTV \u00e8 addestrata a rilevare contenuti espliciti, tra cui nudit\u00e0 o gesti offensivi. Tali contenuti comportano un divieto immediato, spesso senza la necessit\u00e0 di una segnalazione da parte dell'utente.<\/p>\n<h3>3. Nessuna raccolta di dati personali<\/h3>\n<p>La piattaforma non richiede nomi utente, e-mail o password, il che la rende una delle piattaforme pi\u00f9 private. <a href=\"https:\/\/tinychat.com\/it\/chatroulette\/\">chat<\/a> ambienti disponibili. Siete liberi di rimanere sempre anonimi.<\/p>\n<h3>4. Connessioni sicure<\/h3>\n<p>Tutte le chat sono protette dalla crittografia HTTPS, che protegge i dati durante la trasmissione. Ci\u00f2 impedisce a terzi di origliare le vostre conversazioni.<\/p>\n<h3>5. Linee guida della comunit\u00e0<\/h3>\n<p>Gli utenti devono accettare le severe condizioni d'uso di OmeTV, che vietano discorsi di odio, nudit\u00e0, molestie e comportamenti abusivi. La violazione di queste regole pu\u00f2 comportare il divieto permanente.<\/p>\n<h2>Esperienza utente su OmeTV<\/h2>\n<p>L'esperienza d'uso dell'OmeTV \u00e8 uno dei suoi punti di forza. Ecco cosa la rende cos\u00ec interessante:<\/p>\n<h3>Interfaccia pulita<\/h3>\n<p>Il design \u00e8 moderno, veloce e privo di distrazioni. Non ci sono disordini o funzioni inutili. L'interfaccia funziona perfettamente sia su desktop che su mobile.<\/p>\n<h3>Abbinamento veloce<\/h3>\n<p>Gli utenti vengono accoppiati in pochi secondi e la qualit\u00e0 video \u00e8 generalmente fluida e stabile, a condizione che si disponga di una connessione Internet decente.<\/p>\n<h3>Utenti di alta qualit\u00e0<\/h3>\n<p>Grazie a una migliore moderazione e a un minor numero di bot, OmeTV tende ad attrarre utenti pi\u00f9 seri e realmente interessati alle conversazioni.<\/p>\n<h3>Accessibilit\u00e0 mobile<\/h3>\n<p>Grazie alle applicazioni dedicate, l'OmeTV offre un'esperienza mobile straordinaria, consentendo agli utenti di <a href=\"https:\/\/tinychat.com\/it\/chatroulette\/\">chat<\/a> comodamente da qualsiasi luogo.<\/p>\n<h2>Recensioni di utenti reali<\/h2>\n<blockquote><p>\"Ho usato <a href=\"https:\/\/tinychat.com\/it\/omegle\/\">Omegle<\/a> e <a href=\"https:\/\/tinychat.com\/it\/chatroulette\/\">Chatroulette<\/a>ma l'OmeTV sembra pi\u00f9 sicuro e legale. \u00c8 anche pi\u00f9 pulito e ha un aspetto moderno\".<br \/>\n- <em>Sasha R., Recensione App Store<\/em><\/p><\/blockquote>\n<blockquote><p>\"Lo strumento di traduzione cambia le carte in tavola. Ho parlato con persone della Corea del Sud, del Brasile e della Turchia e le ho capite\".<br \/>\n- <em>Diego M., Google Play<\/em><\/p><\/blockquote>\n<blockquote><p>\"La migliore app per i video <a href=\"https:\/\/tinychat.com\/it\/chatroulette\/\">chat<\/a> se si vuole semplicemente incontrare gente senza tutte le diavolerie. Ci si sente davvero monitorati\".<br \/>\n- <em>Keisha L., Reddit<\/em><\/p><\/blockquote>\n<h2>OmeTV vs. altre piattaforme di chat<\/h2>\n<p>Come si colloca l'OmeTV rispetto ai concorrenti nel video <a href=\"https:\/\/tinychat.com\/it\/chatroulette\/\">chat<\/a> spazio?<\/p>\n<table>\n<thead>\n<tr>\n<th>Caratteristica<\/th>\n<th>OmeTV<\/th>\n<th><a href=\"https:\/\/tinychat.com\/it\/omegle\/\">Omegle<\/a><\/th>\n<th><a href=\"https:\/\/tinychat.com\/it\/chatroulette\/\">Chatroulette<\/a><\/th>\n<th>Bazoocam<\/th>\n<th><a href=\"https:\/\/tinychat.com\/it\/strangercam\/\">StrangerCam<\/a><\/th>\n<\/tr>\n<\/thead>\n<tbody>\n<tr>\n<td>Video <a href=\"https:\/\/tinychat.com\/it\/chatroulette\/\">Chat<\/a><\/td>\n<td>\u2705 S\u00ec<\/td>\n<td>\u2705 S\u00ec<\/td>\n<td>\u2705 S\u00ec<\/td>\n<td>\u2705 S\u00ec<\/td>\n<td>\u2705 S\u00ec<\/td>\n<\/tr>\n<tr>\n<td>Testo <a href=\"https:\/\/tinychat.com\/it\/chatroulette\/\">Chat<\/a><\/td>\n<td>\u2705 S\u00ec<\/td>\n<td>\u2705 S\u00ec<\/td>\n<td>\u2705 S\u00ec<\/td>\n<td>\u2705 S\u00ec<\/td>\n<td>\u2705 S\u00ec<\/td>\n<\/tr>\n<tr>\n<td>Registrazione<\/td>\n<td>\u274c No<\/td>\n<td>\u274c No<\/td>\n<td>\u274c No<\/td>\n<td>\u274c No<\/td>\n<td>\u274c No<\/td>\n<\/tr>\n<tr>\n<td>App mobile<\/td>\n<td>\u2705 Nativo<\/td>\n<td>\u26a0\ufe0f Nessuno<\/td>\n<td>\u2705 S\u00ec<\/td>\n<td>\u2705 S\u00ec<\/td>\n<td>\u2705 S\u00ec<\/td>\n<\/tr>\n<tr>\n<td>Filtro di genere<\/td>\n<td>\u2705 Premium<\/td>\n<td>\u274c No<\/td>\n<td>\u274c No<\/td>\n<td>\u2705 Premium<\/td>\n<td>\u2705 Premium<\/td>\n<\/tr>\n<tr>\n<td>Sistema di moderazione<\/td>\n<td>Forte<\/td>\n<td>\u26a0\ufe0f Debole<\/td>\n<td>\u2705 Migliorato<\/td>\n<td>Moderato<\/td>\n<td>Buono<\/td>\n<\/tr>\n<tr>\n<td>Strumento di traduzione<\/td>\n<td>\u2705 S\u00ec<\/td>\n<td>\u274c No<\/td>\n<td>\u274c No<\/td>\n<td>\u274c No<\/td>\n<td>\u274c No<\/td>\n<\/tr>\n<tr>\n<td>Senza pubblicit\u00e0 <a href=\"https:\/\/tinychat.com\/it\/chatroulette\/\">Chat<\/a><\/td>\n<td>\u2705 S\u00ec<\/td>\n<td>\u274c No<\/td>\n<td>\u26a0\ufe0f Alcuni annunci<\/td>\n<td>\u26a0\ufe0f Alcuni annunci<\/td>\n<td>\u2705 S\u00ec<\/td>\n<\/tr>\n<\/tbody>\n<\/table>\n<p>OmeTV ha ottenuto un punteggio elevato per la sicurezza, le funzioni di traduzione, l'ottimizzazione per i dispositivi mobili e la moderazione. \u00c8 l'ideale per gli utenti che cercano una piattaforma pulita e seria piuttosto che una piattaforma che si presta a qualsiasi tipo di utilizzo. <a href=\"https:\/\/tinychat.com\/it\/chatroulette\/\">chat<\/a> sito.<\/p>\n<h2>Suggerimenti per un uso sicuro ed efficace dell'OmeTV<\/h2>\n<ul>\n<li>Usate la casella di testo se siete timidi: Non \u00e8 sempre necessario parlare: utilizzate il testo <a href=\"https:\/\/tinychat.com\/it\/chatroulette\/\">chat<\/a> per rompere il ghiaccio.<\/li>\n<li>Utilizzare le traduzioni: Non lasciate che le barriere linguistiche vi impediscano di chattare a livello globale. Utilizzate la funzione di traduzione integrata.<\/li>\n<li>Evitare di condividere informazioni personali: Come per tutte le chat anonime, non condividete mai il vostro vero nome, la vostra e-mail o i vostri account sociali.<\/li>\n<li>Segnala un comportamento scorretto: Contribuite a mantenere pulita la comunit\u00e0 segnalando qualsiasi abuso o contenuto inappropriato.<\/li>\n<li>Usare una buona illuminazione: Uno spazio ben illuminato contribuisce a creare una migliore qualit\u00e0 video e a migliorare la fiducia degli utenti.<\/li>\n<li>Mantenere la calma e la gentilezza: Le conversazioni sono pi\u00f9 scorrevoli quando si \u00e8 cordiali e pazienti, anche con gli sconosciuti.<\/li>\n<\/ul>\n<h2>Risoluzione dei problemi comuni dell'OmeTV<\/h2>\n<p>Ecco le soluzioni ai problemi pi\u00f9 frequenti degli utenti:<\/p>\n<h3>La fotocamera o il microfono non funzionano<\/h3>\n<p>Assicurarsi che il browser o l'applicazione mobile abbiano i permessi. Riavviare il browser o controllare le impostazioni a livello di sistema operativo.<\/p>\n<h3>Vietato senza preavviso<\/h3>\n<p>La moderazione di OmeTV pu\u00f2 essere severa. Fate ricorso tramite il loro sito web o aspettate che il divieto scada. Considerate la possibilit\u00e0 di utilizzare una rete diversa o una VPN.<\/p>\n<h3>Partite ripetitive<\/h3>\n<p>Ampliare le impostazioni del paese o della lingua. Filtri pi\u00f9 specifici producono un minor numero di corrispondenze.<\/p>\n<h3>L'app si blocca<\/h3>\n<p>Assicurarsi che l'applicazione sia aggiornata. Reinstallare se necessario. Cancellare la cache dell'app su Android.<\/p>\n<p>Assolutamente. L'OmeTV si distingue nella casualit\u00e0 <a href=\"https:\/\/tinychat.com\/it\/chatroulette\/\">chat<\/a> per tutte le ragioni giuste: sicurezza, prestazioni, accessibilit\u00e0 multilingue e comodit\u00e0 per i dispositivi mobili. \u00c8 costruito per le persone che vogliono conversazioni vere, non sciocchezze.<\/p>\n<p>Sebbene manchi di funzioni appariscenti come i giochi o i forum tematici, \u00e8 in grado di offrire ci\u00f2 che pi\u00f9 conta: chat video pulite, istantanee e globali con un sistema di moderazione affidabile.<\/p>\n<p>Sia che vogliate fare nuove amicizie, esplorare culture o semplicemente godervi una vacanza spontanea. <a href=\"https:\/\/tinychat.com\/it\/chatroulette\/\">chat<\/a>L'OmeTV offre un'esperienza intelligente, sicura e coinvolgente, soprattutto rispetto alla natura selvaggia delle piattaforme pi\u00f9 vecchie.<\/p>\n<p>Quindi, se siete pronti a incontrare qualcuno di nuovo, provate OmeTV. Non si sa mai chi si potrebbe incontrare.<\/p>","protected":false},"excerpt":{"rendered":"<p>OmeTV has emerged as a leading choice for users who want real-time conversations with strangers\u2014without sacrificing safety, privacy, or quality. While many platforms, including the legendary Omegle and Chatroulette, popularized the idea of random chats, OmeTV has taken this concept and added the polish, moderation, and modern mobile support today\u2019s users expect. OmeTV isn\u2019t about [&hellip;]<\/p>\n","protected":false},"author":6,"featured_media":0,"parent":0,"menu_order":0,"comment_status":"closed","ping_status":"closed","template":"","meta":{"footnotes":""},"class_list":["post-881","page","type-page","status-publish","hentry"],"yoast_head":"<!-- This site is optimized with the Yoast SEO plugin v27.5 - https:\/\/yoast.com\/product\/yoast-seo-wordpress\/ -->\n<title>OmeTV - Omegle Random Chat Alternative on TinyChat.com<\/title>\n<meta name=\"description\" content=\"Enjoying OmeTV? Join over 50,000,000 strangers on TinyChat! Turn on your cam and start meeting new people, or find a match.\" \/>\n<meta name=\"robots\" content=\"index, follow, max-snippet:-1, max-image-preview:large, max-video-preview:-1\" \/>\n<link rel=\"canonical\" href=\"https:\/\/tinychat.com\/it\/ometv\/\" \/>\n<meta property=\"og:locale\" content=\"it_IT\" \/>\n<meta property=\"og:type\" content=\"article\" \/>\n<meta property=\"og:title\" content=\"OmeTV - Omegle Random Chat Alternative on TinyChat.com\" \/>\n<meta property=\"og:description\" content=\"Enjoying OmeTV? Join over 50,000,000 strangers on TinyChat! Turn on your cam and start meeting new people, or find a match.\" \/>\n<meta property=\"og:url\" content=\"https:\/\/tinychat.com\/it\/ometv\/\" \/>\n<meta property=\"og:site_name\" content=\"TinyChat\" \/>\n<meta property=\"article:publisher\" content=\"https:\/\/www.facebook.com\/tinychat\" \/>\n<meta property=\"article:modified_time\" content=\"2025-06-12T08:27:21+00:00\" \/>\n<meta property=\"og:image\" content=\"https:\/\/tinychat.com\/wp-content\/uploads\/2020\/04\/Tinychat-logo-1280x284-new-black.png\" \/>\n\t<meta property=\"og:image:width\" content=\"1280\" \/>\n\t<meta property=\"og:image:height\" content=\"284\" \/>\n\t<meta property=\"og:image:type\" content=\"image\/png\" \/>\n<meta name=\"twitter:card\" content=\"summary_large_image\" \/>\n<meta name=\"twitter:site\" content=\"@tinychat\" \/>\n<meta name=\"twitter:label1\" content=\"Tempo di lettura stimato\" \/>\n\t<meta name=\"twitter:data1\" content=\"8 minuti\" \/>\n<script type=\"application\/ld+json\" class=\"yoast-schema-graph\">{\"@context\":\"https:\\\/\\\/schema.org\",\"@graph\":[{\"@type\":\"WebPage\",\"@id\":\"https:\\\/\\\/tinychat.com\\\/ometv\\\/\",\"url\":\"https:\\\/\\\/tinychat.com\\\/ometv\\\/\",\"name\":\"OmeTV - Omegle Random Chat Alternative on TinyChat.com\",\"isPartOf\":{\"@id\":\"https:\\\/\\\/tinychat.com\\\/#website\"},\"datePublished\":\"2024-12-02T17:15:37+00:00\",\"dateModified\":\"2025-06-12T08:27:21+00:00\",\"description\":\"Enjoying OmeTV? Join over 50,000,000 strangers on TinyChat! Turn on your cam and start meeting new people, or find a match.\",\"breadcrumb\":{\"@id\":\"https:\\\/\\\/tinychat.com\\\/ometv\\\/#breadcrumb\"},\"inLanguage\":\"it-IT\",\"potentialAction\":[{\"@type\":\"ReadAction\",\"target\":[\"https:\\\/\\\/tinychat.com\\\/ometv\\\/\"]}]},{\"@type\":\"BreadcrumbList\",\"@id\":\"https:\\\/\\\/tinychat.com\\\/ometv\\\/#breadcrumb\",\"itemListElement\":[{\"@type\":\"ListItem\",\"position\":1,\"name\":\"Home\",\"item\":\"https:\\\/\\\/tinychat.com\\\/\"},{\"@type\":\"ListItem\",\"position\":2,\"name\":\"OmeTV\"}]},{\"@type\":\"WebSite\",\"@id\":\"https:\\\/\\\/tinychat.com\\\/#website\",\"url\":\"https:\\\/\\\/tinychat.com\\\/\",\"name\":\"TinyChat\",\"description\":\"Random Video Chat with Strangers\",\"publisher\":{\"@id\":\"https:\\\/\\\/tinychat.com\\\/#organization\"},\"alternateName\":\"TinyChat.com\",\"potentialAction\":[{\"@type\":\"SearchAction\",\"target\":{\"@type\":\"EntryPoint\",\"urlTemplate\":\"https:\\\/\\\/tinychat.com\\\/?s={search_term_string}\"},\"query-input\":{\"@type\":\"PropertyValueSpecification\",\"valueRequired\":true,\"valueName\":\"search_term_string\"}}],\"inLanguage\":\"it-IT\"},{\"@type\":\"Organization\",\"@id\":\"https:\\\/\\\/tinychat.com\\\/#organization\",\"name\":\"TinyChat\",\"alternateName\":\"TinyChat.com\",\"url\":\"https:\\\/\\\/tinychat.com\\\/\",\"logo\":{\"@type\":\"ImageObject\",\"inLanguage\":\"it-IT\",\"@id\":\"https:\\\/\\\/tinychat.com\\\/#\\\/schema\\\/logo\\\/image\\\/\",\"url\":\"https:\\\/\\\/tinychat.com\\\/wp-content\\\/uploads\\\/2023\\\/11\\\/Tinychat-icon-square.png\",\"contentUrl\":\"https:\\\/\\\/tinychat.com\\\/wp-content\\\/uploads\\\/2023\\\/11\\\/Tinychat-icon-square.png\",\"width\":284,\"height\":284,\"caption\":\"TinyChat\"},\"image\":{\"@id\":\"https:\\\/\\\/tinychat.com\\\/#\\\/schema\\\/logo\\\/image\\\/\"},\"sameAs\":[\"https:\\\/\\\/www.facebook.com\\\/tinychat\",\"https:\\\/\\\/x.com\\\/tinychat\"]}]}<\/script>\n<!-- \/ Yoast SEO plugin. -->","yoast_head_json":{"title":"OmeTV - Omegle Casuale Chat Alternative su TinyChat.com","description":"Ti piace l'OmeTV? Unisciti a oltre 50.000.000 di sconosciuti su TinyChat! Accendi la tua cam e inizia a conoscere nuove persone o a trovare un partner.","robots":{"index":"index","follow":"follow","max-snippet":"max-snippet:-1","max-image-preview":"max-image-preview:large","max-video-preview":"max-video-preview:-1"},"canonical":"https:\/\/tinychat.com\/it\/ometv\/","og_locale":"it_IT","og_type":"article","og_title":"OmeTV - Omegle Random Chat Alternative on TinyChat.com","og_description":"Enjoying OmeTV? Join over 50,000,000 strangers on TinyChat! Turn on your cam and start meeting new people, or find a match.","og_url":"https:\/\/tinychat.com\/it\/ometv\/","og_site_name":"TinyChat","article_publisher":"https:\/\/www.facebook.com\/tinychat","article_modified_time":"2025-06-12T08:27:21+00:00","og_image":[{"width":1280,"height":284,"url":"https:\/\/tinychat.com\/wp-content\/uploads\/2020\/04\/Tinychat-logo-1280x284-new-black.png","type":"image\/png"}],"twitter_card":"summary_large_image","twitter_site":"@tinychat","twitter_misc":{"Tempo di lettura stimato":"8 minuti"},"schema":{"@context":"https:\/\/schema.org","@graph":[{"@type":"WebPage","@id":"https:\/\/tinychat.com\/ometv\/","url":"https:\/\/tinychat.com\/ometv\/","name":"OmeTV - Omegle Casuale Chat Alternative su TinyChat.com","isPartOf":{"@id":"https:\/\/tinychat.com\/#website"},"datePublished":"2024-12-02T17:15:37+00:00","dateModified":"2025-06-12T08:27:21+00:00","description":"Ti piace l'OmeTV? Unisciti a oltre 50.000.000 di sconosciuti su TinyChat! Accendi la tua cam e inizia a conoscere nuove persone o a trovare un partner.","breadcrumb":{"@id":"https:\/\/tinychat.com\/ometv\/#breadcrumb"},"inLanguage":"it-IT","potentialAction":[{"@type":"ReadAction","target":["https:\/\/tinychat.com\/ometv\/"]}]},{"@type":"BreadcrumbList","@id":"https:\/\/tinychat.com\/ometv\/#breadcrumb","itemListElement":[{"@type":"ListItem","position":1,"name":"Home","item":"https:\/\/tinychat.com\/"},{"@type":"ListItem","position":2,"name":"OmeTV"}]},{"@type":"WebSite","@id":"https:\/\/tinychat.com\/#website","url":"https:\/\/tinychat.com\/","name":"TinyChat","description":"Videochat casuale con sconosciuti","publisher":{"@id":"https:\/\/tinychat.com\/#organization"},"alternateName":"TinyChat.com","potentialAction":[{"@type":"SearchAction","target":{"@type":"EntryPoint","urlTemplate":"https:\/\/tinychat.com\/?s={search_term_string}"},"query-input":{"@type":"PropertyValueSpecification","valueRequired":true,"valueName":"search_term_string"}}],"inLanguage":"it-IT"},{"@type":"Organization","@id":"https:\/\/tinychat.com\/#organization","name":"TinyChat","alternateName":"TinyChat.com","url":"https:\/\/tinychat.com\/","logo":{"@type":"ImageObject","inLanguage":"it-IT","@id":"https:\/\/tinychat.com\/#\/schema\/logo\/image\/","url":"https:\/\/tinychat.com\/wp-content\/uploads\/2023\/11\/Tinychat-icon-square.png","contentUrl":"https:\/\/tinychat.com\/wp-content\/uploads\/2023\/11\/Tinychat-icon-square.png","width":284,"height":284,"caption":"TinyChat"},"image":{"@id":"https:\/\/tinychat.com\/#\/schema\/logo\/image\/"},"sameAs":["https:\/\/www.facebook.com\/tinychat","https:\/\/x.com\/tinychat"]}]}},"_links":{"self":[{"href":"https:\/\/tinychat.com\/it\/wp-json\/wp\/v2\/pages\/881","targetHints":{"allow":["GET"]}}],"collection":[{"href":"https:\/\/tinychat.com\/it\/wp-json\/wp\/v2\/pages"}],"about":[{"href":"https:\/\/tinychat.com\/it\/wp-json\/wp\/v2\/types\/page"}],"author":[{"embeddable":true,"href":"https:\/\/tinychat.com\/it\/wp-json\/wp\/v2\/users\/6"}],"replies":[{"embeddable":true,"href":"https:\/\/tinychat.com\/it\/wp-json\/wp\/v2\/comments?post=881"}],"version-history":[{"count":2,"href":"https:\/\/tinychat.com\/it\/wp-json\/wp\/v2\/pages\/881\/revisions"}],"predecessor-version":[{"id":13174,"href":"https:\/\/tinychat.com\/it\/wp-json\/wp\/v2\/pages\/881\/revisions\/13174"}],"wp:attachment":[{"href":"https:\/\/tinychat.com\/it\/wp-json\/wp\/v2\/media?parent=881"}],"curies":[{"name":"wp","href":"https:\/\/api.w.org\/{rel}","templated":true}]}}