{"id":909,"date":"2025-04-04T12:10:29","date_gmt":"2025-04-04T10:10:29","guid":{"rendered":"https:\/\/tinychat.com\/?page_id=909"},"modified":"2025-07-07T18:18:13","modified_gmt":"2025-07-07T16:18:13","slug":"chathub","status":"publish","type":"page","link":"https:\/\/tinychat.com\/it\/chathub\/","title":{"rendered":"Chathub"},"content":{"rendered":"<p>In un panorama digitale in cui connettersi con estranei online \u00e8 diventato sia un passatempo che un'ancora di salvezza per milioni di persone, ChatHub si distingue come un sistema di video moderno, raffinato e altamente personalizzabile. <a href=\"https:\/\/tinychat.com\/it\/chatroulette\/\">chat<\/a> piattaforma. Con l'ascesa di piattaforme come <a href=\"https:\/\/tinychat.com\/it\/omegle\/\">Omegle<\/a>, <a href=\"https:\/\/tinychat.com\/it\/chatroulette\/\">Chatroulette<\/a>, e <a href=\"https:\/\/tinychat.com\/it\/ometv\/\">OmeTV<\/a>L'idea di incontrare persone a caso via webcam non \u00e8 pi\u00f9 una novit\u00e0, ma ChatHub la porta nel presente con finestre multi-chat, una forte moderazione, filtri potenti e un'esperienza utente elegante.<\/p>\n<p>Che si tratti di incontrare nuove persone, flirtare in modo anonimo, praticare una nuova lingua o semplicemente passare il tempo con estranei globali, ChatHub offre una piattaforma pi\u00f9 pulita, pi\u00f9 sicura e pi\u00f9 avanzata rispetto a molti dei suoi predecessori. Offre tutta la casualit\u00e0 e la spontaneit\u00e0 che le persone amano nelle chat video, ma senza il caos.<\/p>\n<p>Scopriamo come funziona ChatHub, cosa lo rende unico e perch\u00e9 potrebbe essere una delle migliori alternative a ChatHub. <a href=\"https:\/\/tinychat.com\/it\/omegle\/\">Omegle<\/a> nel video di oggi <a href=\"https:\/\/tinychat.com\/it\/chatroulette\/\">chat<\/a> ecosistema.<\/p>\n<h2>Che cos'\u00e8 ChatHub?<\/h2>\n<p>ChatHub \u00e8 un programma gratuito, basato su browser, di <a href=\"https:\/\/tinychat.com\/it\/chatroulette\/\">chat<\/a> che permette agli utenti di connettersi via video o testo con sconosciuti di tutto il mondo. Lanciato in risposta al declino della qualit\u00e0 e della moderazione delle vecchie piattaforme, ChatHub \u00e8 stato progettato per offrire un'esperienza d'uso pi\u00f9 pulita, sicura ed efficiente.<\/p>\n<p>A differenza di molti altri concorrenti, ChatHub supporta fino a quattro <a href=\"https:\/\/tinychat.com\/it\/chatroulette\/\">chat<\/a> finestre, che lo rende uno dei pochi sistemi di <a href=\"https:\/\/tinychat.com\/it\/chatroulette\/\">chat<\/a> esperienze online. Offre anche filtri per lingua, sesso (per gli utenti premium) e localit\u00e0, aiutando gli utenti a restringere il campo di ricerca. <a href=\"https:\/\/tinychat.com\/it\/chatroulette\/\">chat<\/a> partner in base alle preferenze.<\/p>\n<p>Inoltre, non \u00e8 richiesta alcuna registrazione, il che significa che potete immergervi immediatamente, in modo anonimo e gratuito.<\/p>\n<h2>Caratteristiche principali di ChatHub<\/h2>\n<p>Che cosa distingue ChatHub da un mare di <a href=\"https:\/\/tinychat.com\/it\/\">video chat casuale<\/a> siti? In effetti, molto. Ecco una panoramica delle sue caratteristiche pi\u00f9 importanti:<\/p>\n<h3>1. Chat video casuale uno-a-uno<\/h3>\n<p>ChatHub offre un servizio di video istantaneo. <a href=\"https:\/\/tinychat.com\/it\/chatroulette\/\">chat<\/a> con sconosciuti da qualsiasi parte del mondo. Basta fare clic su \"Inizia\" per entrare in contatto con una persona nuova in pochi secondi.<\/p>\n<p>L'esperienza \u00e8 snella e minimale: niente popup, niente animazioni inutili, solo una conversazione faccia a faccia.<\/p>\n<h3>2. Chat multicamera (fino a 4 sconosciuti)<\/h3>\n<p>ChatHub \u00e8 una funzione unica e distintiva che consente di attivare la modalit\u00e0 multi-chat, in cui \u00e8 possibile connettersi con un massimo di quattro persone contemporaneamente in finestre diverse. \u00c8 perfetta per gli utenti che desiderano pi\u00f9 opzioni o che amano le interazioni di gruppo.<\/p>\n<p>\u00c8 possibile commutare uno qualsiasi dei <a href=\"https:\/\/tinychat.com\/it\/chatroulette\/\">chat<\/a> finestre in modo indipendente, il che lo rende un modo efficiente per trovare la persona giusta con cui parlare senza terminare tutte le conversazioni in una volta sola.<\/p>\n<h3>3. Filtri per la lingua e la posizione<\/h3>\n<p>ChatHub offre agli utenti la possibilit\u00e0 di filtrare <a href=\"https:\/\/tinychat.com\/it\/chatroulette\/\">chat<\/a> partner in base alla lingua, contribuendo a creare conversazioni pi\u00f9 fluide e comprensibili. Volete solo <a href=\"https:\/\/tinychat.com\/it\/chatroulette\/\">chat<\/a> con persone di lingua inglese, spagnola o francese? \u00c8 possibile farlo.<\/p>\n<p>\u00c8 disponibile anche un filtro di localizzazione che consente di dare priorit\u00e0 agli utenti di determinati Paesi. Questo \u00e8 particolarmente utile per gli scambi culturali, gli interessi regionali o se si sta cercando di incontrare persone provenienti da una particolare area.<\/p>\n<h3>4. Filtro di genere (solo Premium)<\/h3>\n<p>ChatHub offre un filtro di genere a pagamento che consente di scegliere se chattare con uomini, donne o entrambi. \u00c8 l'ideale per gli utenti che cercano interazioni pi\u00f9 personalizzate, comprese le conversazioni orientate agli appuntamenti.<\/p>\n<p>La funzione \u00e8 disponibile tramite abbonamento premium, che contribuisce a finanziare gli strumenti di moderazione e l'esperienza senza pubblicit\u00e0.<\/p>\n<h3>5. Modalit\u00e0 chat di testo<\/h3>\n<p>Se non siete pronti per il video, o se vi trovate in un ambiente pubblico, ChatHub offre anche un servizio di solo testo. <a href=\"https:\/\/tinychat.com\/it\/chatroulette\/\">chat<\/a> modalit\u00e0. \u00c8 possibile passare dalla modalit\u00e0 testo a quella video in qualsiasi momento, e questa opzione \u00e8 perfetta per gli utenti che preferiscono le interazioni pi\u00f9 leggere.<\/p>\n<h3>6. Nessuna registrazione richiesta<\/h3>\n<p>Come <a href=\"https:\/\/tinychat.com\/it\/omegle\/\">Omegle<\/a> e <a href=\"https:\/\/tinychat.com\/it\/chatroulette\/\">Chatroulette<\/a>ChatHub mantiene un modello di accesso anonimo. Non \u00e8 necessario creare un account, fornire un indirizzo e-mail o scaricare alcun software. Tutto viene gestito attraverso il browser.<\/p>\n<p>Questo ingresso senza barriere incoraggia l'esplorazione e le interazioni spontanee.<\/p>\n<h3>7. Interfaccia pulita e minimale<\/h3>\n<p>Progettata per garantire la massima usabilit\u00e0, l'interfaccia di ChatHub \u00e8 priva di ingombri, leggera e intuitiva. Grazie alla navigazione semplice, ai pulsanti rapidi per saltare\/riportare\/bloccare e alla velocit\u00e0 di caricamento, la piattaforma consente di rimanere concentrati sulle conversazioni.<\/p>\n<h2>Come utilizzare ChatHub<\/h2>\n<p>Iniziare a lavorare su ChatHub \u00e8 semplice e veloce. Ecco una guida passo passo per aiutarvi a iniziare:<\/p>\n<h3>Passo 1: visitare il sito web<\/h3>\n<p>Andate su ChatHub. La pagina iniziale vi presenter\u00e0 video e testo. <a href=\"https:\/\/tinychat.com\/it\/chatroulette\/\">chat<\/a> opzioni.<\/p>\n<h3>Passo 2: Scegliere la modalit\u00e0 di chat<\/h3>\n<p>Selezionare se si desidera iniziare con un video o un testo. <a href=\"https:\/\/tinychat.com\/it\/chatroulette\/\">chat<\/a>. Se si sceglie il video, consentire l'accesso alla fotocamera e al microfono.<\/p>\n<h3>Passo 3: Impostazione delle preferenze (facoltativo)<\/h3>\n<p>Prima di iniziare, \u00e8 possibile impostare filtri quali:<\/p>\n<ul>\n<li>Lingua<\/li>\n<li>Paese<\/li>\n<li>Sesso (solo per gli utenti Premium)<\/li>\n<\/ul>\n<p>\u00c8 anche possibile attivare la modalit\u00e0 multi-chat se si desidera parlare con pi\u00f9 persone contemporaneamente.<\/p>\n<h3>Passo 4: fare clic su \"Avvio\".<\/h3>\n<p>Una volta pronti, fate clic sul pulsante \"Avvia\" e sarete collegati a un sito casuale. <a href=\"https:\/\/tinychat.com\/it\/strangercam\/\">estraneo<\/a>. \u00c8 possibile terminare il <a href=\"https:\/\/tinychat.com\/it\/chatroulette\/\">chat<\/a> in qualsiasi momento o fare clic su \"Avanti\" per passare all'utente successivo.<\/p>\n<h3>Passo 5: utilizzare i controlli su schermo<\/h3>\n<p>\u00c8 possibile disattivare l'audio, spegnere la videocamera o bloccare\/segnalare gli utenti direttamente dall'interfaccia. Questi strumenti sono facilmente accessibili in ogni momento della sessione.<\/p>\n<h2>Sicurezza e privacy su ChatHub<\/h2>\n<p>ChatHub pone una forte enfasi sulla creazione di un ambiente sicuro e rispettoso e offre molteplici livelli di protezione per gli utenti.<\/p>\n<h3>1. Strumenti di moderazione<\/h3>\n<p>ChatHub utilizza una combinazione di intelligenza artificiale e moderatori umani per individuare e bloccare i contenuti inappropriati. Gli utenti che violano le linee guida (ad esempio, nudit\u00e0, incitamento all'odio, molestie) vengono banditi dalla piattaforma.<\/p>\n<h3>2. Segnalazione e blocco<\/h3>\n<p>Ogni utente ha accesso ai pulsanti di segnalazione e blocco. Se si incontra qualcuno che si comporta in modo inappropriato, fare clic sul pulsante \"Segnala\". Gli utenti segnalati ripetutamente vengono segnalati per essere esaminati e potenzialmente banditi.<\/p>\n<h3>3. Video Off\/Audio Off opzionale<\/h3>\n<p>Non volete essere visti o sentiti subito? \u00c8 possibile disattivare la webcam o il microfono prima di iniziare una sessione di lavoro. <a href=\"https:\/\/tinychat.com\/it\/chatroulette\/\">chat<\/a> o in qualsiasi momento della sessione.<\/p>\n<h3>4. Anonimato<\/h3>\n<p>Non sono necessari account, n\u00e9 informazioni personali o nomi utente. ChatHub \u00e8 completamente anonimo, a meno che l'utente non scelga di rivelare qualcosa durante l'utilizzo di ChatHub. <a href=\"https:\/\/tinychat.com\/it\/chatroulette\/\">chat<\/a>.<\/p>\n<h3>5. Connessione sicura<\/h3>\n<p>Tutti i dati vengono trasmessi tramite HTTPS, garantendo una connessione sicura tra gli utenti e la piattaforma.<\/p>\n<h2>Esperienza utente su ChatHub<\/h2>\n<p>ChatHub \u00e8 ampiamente apprezzato per l'interfaccia fluida, i filtri reattivi e la velocit\u00e0 di connessione. Ecco un'analisi dell'esperienza dal punto di vista dell'utente:<\/p>\n<h3>Punti di forza<\/h3>\n<ul>\n<li>Abbinamento rapido: Le connessioni vengono stabilite in pochi secondi.<\/li>\n<li>Multi-Cam <a href=\"https:\/\/tinychat.com\/it\/chatroulette\/\">Chat<\/a>: Consente un maggiore impegno e una maggiore scelta.<\/li>\n<li>Meno attivit\u00e0 di spam\/robot: Un migliore filtraggio riduce il traffico di bassa qualit\u00e0.<\/li>\n<li>Interfaccia utente moderna: Pulita, facile da navigare, ottimizzata per desktop e mobile.<\/li>\n<\/ul>\n<h3>Punti deboli<\/h3>\n<ul>\n<li>Filtro di genere dietro il paywall: Alcuni utenti preferiscono l'accesso gratuito a questa opzione.<\/li>\n<li>Non esiste ancora un'applicazione mobile: A differenza di <a href=\"https:\/\/tinychat.com\/it\/ometv\/\">OmeTV<\/a> o Smeraldo <a href=\"https:\/\/tinychat.com\/it\/chatroulette\/\">Chat<\/a>ChatHub \u00e8 disponibile solo tramite browser.<\/li>\n<\/ul>\n<h3>Feedback degli utenti reali<\/h3>\n<blockquote><p>\"ChatHub \u00e8 come Omegle, ma effettivamente utilizzabile. Mi piace il layout e la sua pulizia\".<br \/>\n- <em>Marcus P., Trustpilot<\/em><\/p><\/blockquote>\n<blockquote><p>\"La multi-chat cambia le carte in tavola. Non devo continuare a terminare le conversazioni positive solo per continuare a esplorare\".<br \/>\n- <em>Elise R., Reddit<\/em><\/p><\/blockquote>\n<blockquote><p>\"Mi sento pi\u00f9 sicuro su ChatHub che su <a href=\"https:\/\/tinychat.com\/it\/chatroulette\/\">Chatroulette<\/a> o <a href=\"https:\/\/tinychat.com\/it\/omegle\/\">Omegle<\/a>. Qui la moderazione funziona davvero\".<br \/>\n- <em>Daniel G., Sitejabber<\/em><\/p><\/blockquote>\n<h2>ChatHub vs altre piattaforme di chat<\/h2>\n<p>Come si colloca ChatHub rispetto ad altri <a href=\"https:\/\/tinychat.com\/it\/\">video chat casuale<\/a> siti? Ecco una rapida panoramica:<\/p>\n<table>\n<thead>\n<tr>\n<th>Caratteristica<\/th>\n<th>ChatHub<\/th>\n<th><a href=\"https:\/\/tinychat.com\/it\/omegle\/\">Omegle<\/a><\/th>\n<th><a href=\"https:\/\/tinychat.com\/it\/chatroulette\/\">Chatroulette<\/a><\/th>\n<th><a href=\"https:\/\/tinychat.com\/it\/ometv\/\">OmeTV<\/a><\/th>\n<th><a href=\"https:\/\/tinychat.com\/it\/strangercam\/\">StrangerCam<\/a><\/th>\n<\/tr>\n<\/thead>\n<tbody>\n<tr>\n<td>Multi-Cam <a href=\"https:\/\/tinychat.com\/it\/chatroulette\/\">Chat<\/a><\/td>\n<td>\u2705 S\u00ec<\/td>\n<td>\u274c No<\/td>\n<td>\u274c No<\/td>\n<td>\u274c No<\/td>\n<td>\u274c No<\/td>\n<\/tr>\n<tr>\n<td>Testo <a href=\"https:\/\/tinychat.com\/it\/chatroulette\/\">Chat<\/a><\/td>\n<td>\u2705 S\u00ec<\/td>\n<td>\u2705 S\u00ec<\/td>\n<td>\u2705 S\u00ec<\/td>\n<td>\u2705 S\u00ec<\/td>\n<td>\u2705 S\u00ec<\/td>\n<\/tr>\n<tr>\n<td>Video <a href=\"https:\/\/tinychat.com\/it\/chatroulette\/\">Chat<\/a><\/td>\n<td>\u2705 S\u00ec<\/td>\n<td>\u2705 S\u00ec<\/td>\n<td>\u2705 S\u00ec<\/td>\n<td>\u2705 S\u00ec<\/td>\n<td>\u2705 S\u00ec<\/td>\n<\/tr>\n<tr>\n<td>Filtro lingua<\/td>\n<td>\u2705 S\u00ec<\/td>\n<td>Limitato<\/td>\n<td>\u274c No<\/td>\n<td>\u2705 S\u00ec<\/td>\n<td>\u274c No<\/td>\n<\/tr>\n<tr>\n<td>Filtro di localizzazione<\/td>\n<td>\u2705 S\u00ec<\/td>\n<td>\u274c No<\/td>\n<td>\u2705 S\u00ec<\/td>\n<td>\u2705 S\u00ec<\/td>\n<td>\u2705 Premium<\/td>\n<\/tr>\n<tr>\n<td>Filtro di genere<\/td>\n<td>\u2705 Premium<\/td>\n<td>\u274c No<\/td>\n<td>\u274c No<\/td>\n<td>\u2705 Premium<\/td>\n<td>\u2705 Premium<\/td>\n<\/tr>\n<tr>\n<td>App mobile<\/td>\n<td>Solo browser<\/td>\n<td>\u274c No<\/td>\n<td>\u2705 S\u00ec<\/td>\n<td>\u2705 S\u00ec<\/td>\n<td>\u2705 S\u00ec<\/td>\n<\/tr>\n<tr>\n<td>Qualit\u00e0 della moderazione<\/td>\n<td>\u2705 Alto<\/td>\n<td>\u26a0\ufe0f Basso<\/td>\n<td>Moderato<\/td>\n<td>Buono<\/td>\n<td>Buono<\/td>\n<\/tr>\n<\/tbody>\n<\/table>\n<p>Sintesi: ChatHub si distingue in termini di usabilit\u00e0, filtri avanzati e multi-chat, ma manca di un'app dedicata. \u00c8 ideale per gli utenti che apprezzano il controllo e la flessibilit\u00e0 rispetto alla casualit\u00e0.<\/p>\n<h2>Consigli per utilizzare ChatHub in modo sicuro<\/h2>\n<p>Per sfruttare al meglio la vostra esperienza, seguite questi consigli:<\/p>\n<ul>\n<li>Rimanete anonimi a meno che non siate sicuri dell'interlocutore.<\/li>\n<li>Utilizzate il filtro linguistico per ottenere conversazioni pi\u00f9 fluide.<\/li>\n<li>Provate la multi-chat per un coinvolgimento pi\u00f9 ampio.<\/li>\n<li>Segnalare comportamenti inappropriati per contribuire a migliorare la comunit\u00e0.<\/li>\n<li>Evitate di condividere dati personali come nome e cognome, e-mail o account sociali.<\/li>\n<li>Utilizzate una buona illuminazione e delle cuffie per migliorare la qualit\u00e0.<\/li>\n<\/ul>\n<h2>Risoluzione dei problemi comuni di ChatHub<\/h2>\n<h3>La telecamera o il microfono non vengono rilevati<\/h3>\n<p>Controllare le autorizzazioni del browser e le impostazioni del sistema operativo. Ricaricate il sito o riavviate il browser.<\/p>\n<h3>Filtri non funzionanti<\/h3>\n<p>Aggiornare la pagina o cancellare la cache del browser. Per i filtri avanzati potrebbero essere necessarie funzioni premium.<\/p>\n<h3>Connessione lenta<\/h3>\n<p>Passare a una connessione Wi-Fi stabile. Disattivate i download in background o le app ad alta larghezza di banda.<\/p>\n<h3>Ottenere corrispondenze ripetute<\/h3>\n<p>Regolate i filtri o riprovate nelle ore di punta, quando ci sono pi\u00f9 utenti online.<\/p>\n<h3>Vietato l'accesso al sito<\/h3>\n<p>I divieti sono spesso temporanei. Utilizzate una VPN per cambiare IP o contattate l'assistenza se ritenete che si tratti di un errore.<\/p>\n<p>ChatHub \u00e8 una delle soluzioni pi\u00f9 studiate <a href=\"https:\/\/tinychat.com\/it\/\">video chat casuale<\/a> piattaforme oggi disponibili. \u00c8 pulita, veloce, rispettosa e offre agli utenti un maggiore controllo sulla loro esperienza rispetto a molti dei suoi vecchi e pi\u00f9 caotici concorrenti.<\/p>\n<p>Con funzioni come la multi-cam <a href=\"https:\/\/tinychat.com\/it\/chatroulette\/\">chat<\/a>filtri per lingua\/localit\u00e0 e una solida moderazione, offre ci\u00f2 che la maggior parte delle persone desidera da un sito web. <a href=\"https:\/\/tinychat.com\/it\/\">video chat casuale<\/a> esperienza: divertimento, sicurezza e connessione, senza le assurdit\u00e0.<\/p>\n<p>Se state cercando di fare amicizia, di flirtare, di esercitarvi nella conversazione o semplicemente di passare il tempo in modo interessante, ChatHub merita di essere visitato.<\/p>\n<p>Visitate ChatHub e fate il vostro prossimo salto sociale: un clic, una conversazione e forse una connessione significativa alla volta.<\/p>","protected":false},"excerpt":{"rendered":"<p>In a digital landscape where connecting with strangers online has become both a pastime and a lifeline for millions, ChatHub stands out as a modern, refined, and highly customizable video chat platform. With the rise of platforms like Omegle, Chatroulette, and OmeTV, the idea of meeting people randomly via webcam is no longer novel\u2014but ChatHub [&hellip;]<\/p>\n","protected":false},"author":6,"featured_media":0,"parent":0,"menu_order":0,"comment_status":"closed","ping_status":"closed","template":"","meta":{"footnotes":""},"class_list":["post-909","page","type-page","status-publish","hentry"],"yoast_head":"<!-- This site is optimized with the Yoast SEO plugin v27.5 - https:\/\/yoast.com\/product\/yoast-seo-wordpress\/ -->\n<title>Chathub - 100% Free Random Video Chat - TinyChat<\/title>\n<meta name=\"description\" content=\"Chathub: Enjoy 100% free random video chat. Connect instantly and meet new people with no hidden costs on TinyChat.com.\" \/>\n<meta name=\"robots\" content=\"index, follow, max-snippet:-1, max-image-preview:large, max-video-preview:-1\" \/>\n<link rel=\"canonical\" href=\"https:\/\/tinychat.com\/it\/chathub\/\" \/>\n<meta property=\"og:locale\" content=\"it_IT\" \/>\n<meta property=\"og:type\" content=\"article\" \/>\n<meta property=\"og:title\" content=\"Chathub - 100% Free Random Video Chat - TinyChat\" \/>\n<meta property=\"og:description\" content=\"Chathub: Enjoy 100% free random video chat. Connect instantly and meet new people with no hidden costs on TinyChat.com.\" \/>\n<meta property=\"og:url\" content=\"https:\/\/tinychat.com\/it\/chathub\/\" \/>\n<meta property=\"og:site_name\" content=\"TinyChat\" \/>\n<meta property=\"article:publisher\" content=\"https:\/\/www.facebook.com\/tinychat\" \/>\n<meta property=\"article:modified_time\" content=\"2025-07-07T16:18:13+00:00\" \/>\n<meta property=\"og:image\" content=\"https:\/\/tinychat.com\/wp-content\/uploads\/2020\/04\/Tinychat-logo-1280x284-new-black.png\" \/>\n\t<meta property=\"og:image:width\" content=\"1280\" \/>\n\t<meta property=\"og:image:height\" content=\"284\" \/>\n\t<meta property=\"og:image:type\" content=\"image\/png\" \/>\n<meta name=\"twitter:card\" content=\"summary_large_image\" \/>\n<meta name=\"twitter:site\" content=\"@tinychat\" \/>\n<meta name=\"twitter:label1\" content=\"Tempo di lettura stimato\" \/>\n\t<meta name=\"twitter:data1\" content=\"7 minuti\" \/>\n<script type=\"application\/ld+json\" class=\"yoast-schema-graph\">{\"@context\":\"https:\\\/\\\/schema.org\",\"@graph\":[{\"@type\":\"WebPage\",\"@id\":\"https:\\\/\\\/tinychat.com\\\/chathub\\\/\",\"url\":\"https:\\\/\\\/tinychat.com\\\/chathub\\\/\",\"name\":\"Chathub - 100% Free Random Video Chat - TinyChat\",\"isPartOf\":{\"@id\":\"https:\\\/\\\/tinychat.com\\\/#website\"},\"datePublished\":\"2025-04-04T10:10:29+00:00\",\"dateModified\":\"2025-07-07T16:18:13+00:00\",\"description\":\"Chathub: Enjoy 100% free random video chat. Connect instantly and meet new people with no hidden costs on TinyChat.com.\",\"breadcrumb\":{\"@id\":\"https:\\\/\\\/tinychat.com\\\/chathub\\\/#breadcrumb\"},\"inLanguage\":\"it-IT\",\"potentialAction\":[{\"@type\":\"ReadAction\",\"target\":[\"https:\\\/\\\/tinychat.com\\\/chathub\\\/\"]}]},{\"@type\":\"BreadcrumbList\",\"@id\":\"https:\\\/\\\/tinychat.com\\\/chathub\\\/#breadcrumb\",\"itemListElement\":[{\"@type\":\"ListItem\",\"position\":1,\"name\":\"Home\",\"item\":\"https:\\\/\\\/tinychat.com\\\/\"},{\"@type\":\"ListItem\",\"position\":2,\"name\":\"Chathub\"}]},{\"@type\":\"WebSite\",\"@id\":\"https:\\\/\\\/tinychat.com\\\/#website\",\"url\":\"https:\\\/\\\/tinychat.com\\\/\",\"name\":\"TinyChat\",\"description\":\"Random Video Chat with Strangers\",\"publisher\":{\"@id\":\"https:\\\/\\\/tinychat.com\\\/#organization\"},\"alternateName\":\"TinyChat.com\",\"potentialAction\":[{\"@type\":\"SearchAction\",\"target\":{\"@type\":\"EntryPoint\",\"urlTemplate\":\"https:\\\/\\\/tinychat.com\\\/?s={search_term_string}\"},\"query-input\":{\"@type\":\"PropertyValueSpecification\",\"valueRequired\":true,\"valueName\":\"search_term_string\"}}],\"inLanguage\":\"it-IT\"},{\"@type\":\"Organization\",\"@id\":\"https:\\\/\\\/tinychat.com\\\/#organization\",\"name\":\"TinyChat\",\"alternateName\":\"TinyChat.com\",\"url\":\"https:\\\/\\\/tinychat.com\\\/\",\"logo\":{\"@type\":\"ImageObject\",\"inLanguage\":\"it-IT\",\"@id\":\"https:\\\/\\\/tinychat.com\\\/#\\\/schema\\\/logo\\\/image\\\/\",\"url\":\"https:\\\/\\\/tinychat.com\\\/wp-content\\\/uploads\\\/2023\\\/11\\\/Tinychat-icon-square.png\",\"contentUrl\":\"https:\\\/\\\/tinychat.com\\\/wp-content\\\/uploads\\\/2023\\\/11\\\/Tinychat-icon-square.png\",\"width\":284,\"height\":284,\"caption\":\"TinyChat\"},\"image\":{\"@id\":\"https:\\\/\\\/tinychat.com\\\/#\\\/schema\\\/logo\\\/image\\\/\"},\"sameAs\":[\"https:\\\/\\\/www.facebook.com\\\/tinychat\",\"https:\\\/\\\/x.com\\\/tinychat\"]}]}<\/script>\n<!-- \/ Yoast SEO plugin. -->","yoast_head_json":{"title":"Chathub - 100% Videochat casuale gratuita - TinyChat","description":"Chathub: Godetevi 100% video chat casuale gratuita. Connettiti istantaneamente e incontra nuove persone senza costi nascosti su TinyChat.com.","robots":{"index":"index","follow":"follow","max-snippet":"max-snippet:-1","max-image-preview":"max-image-preview:large","max-video-preview":"max-video-preview:-1"},"canonical":"https:\/\/tinychat.com\/it\/chathub\/","og_locale":"it_IT","og_type":"article","og_title":"Chathub - 100% Free Random Video Chat - TinyChat","og_description":"Chathub: Enjoy 100% free random video chat. Connect instantly and meet new people with no hidden costs on TinyChat.com.","og_url":"https:\/\/tinychat.com\/it\/chathub\/","og_site_name":"TinyChat","article_publisher":"https:\/\/www.facebook.com\/tinychat","article_modified_time":"2025-07-07T16:18:13+00:00","og_image":[{"width":1280,"height":284,"url":"https:\/\/tinychat.com\/wp-content\/uploads\/2020\/04\/Tinychat-logo-1280x284-new-black.png","type":"image\/png"}],"twitter_card":"summary_large_image","twitter_site":"@tinychat","twitter_misc":{"Tempo di lettura stimato":"7 minuti"},"schema":{"@context":"https:\/\/schema.org","@graph":[{"@type":"WebPage","@id":"https:\/\/tinychat.com\/chathub\/","url":"https:\/\/tinychat.com\/chathub\/","name":"Chathub - 100% Videochat casuale gratuita - TinyChat","isPartOf":{"@id":"https:\/\/tinychat.com\/#website"},"datePublished":"2025-04-04T10:10:29+00:00","dateModified":"2025-07-07T16:18:13+00:00","description":"Chathub: Godetevi 100% video chat casuale gratuita. Connettiti istantaneamente e incontra nuove persone senza costi nascosti su TinyChat.com.","breadcrumb":{"@id":"https:\/\/tinychat.com\/chathub\/#breadcrumb"},"inLanguage":"it-IT","potentialAction":[{"@type":"ReadAction","target":["https:\/\/tinychat.com\/chathub\/"]}]},{"@type":"BreadcrumbList","@id":"https:\/\/tinychat.com\/chathub\/#breadcrumb","itemListElement":[{"@type":"ListItem","position":1,"name":"Home","item":"https:\/\/tinychat.com\/"},{"@type":"ListItem","position":2,"name":"Chathub"}]},{"@type":"WebSite","@id":"https:\/\/tinychat.com\/#website","url":"https:\/\/tinychat.com\/","name":"TinyChat","description":"Videochat casuale con sconosciuti","publisher":{"@id":"https:\/\/tinychat.com\/#organization"},"alternateName":"TinyChat.com","potentialAction":[{"@type":"SearchAction","target":{"@type":"EntryPoint","urlTemplate":"https:\/\/tinychat.com\/?s={search_term_string}"},"query-input":{"@type":"PropertyValueSpecification","valueRequired":true,"valueName":"search_term_string"}}],"inLanguage":"it-IT"},{"@type":"Organization","@id":"https:\/\/tinychat.com\/#organization","name":"TinyChat","alternateName":"TinyChat.com","url":"https:\/\/tinychat.com\/","logo":{"@type":"ImageObject","inLanguage":"it-IT","@id":"https:\/\/tinychat.com\/#\/schema\/logo\/image\/","url":"https:\/\/tinychat.com\/wp-content\/uploads\/2023\/11\/Tinychat-icon-square.png","contentUrl":"https:\/\/tinychat.com\/wp-content\/uploads\/2023\/11\/Tinychat-icon-square.png","width":284,"height":284,"caption":"TinyChat"},"image":{"@id":"https:\/\/tinychat.com\/#\/schema\/logo\/image\/"},"sameAs":["https:\/\/www.facebook.com\/tinychat","https:\/\/x.com\/tinychat"]}]}},"_links":{"self":[{"href":"https:\/\/tinychat.com\/it\/wp-json\/wp\/v2\/pages\/909","targetHints":{"allow":["GET"]}}],"collection":[{"href":"https:\/\/tinychat.com\/it\/wp-json\/wp\/v2\/pages"}],"about":[{"href":"https:\/\/tinychat.com\/it\/wp-json\/wp\/v2\/types\/page"}],"author":[{"embeddable":true,"href":"https:\/\/tinychat.com\/it\/wp-json\/wp\/v2\/users\/6"}],"replies":[{"embeddable":true,"href":"https:\/\/tinychat.com\/it\/wp-json\/wp\/v2\/comments?post=909"}],"version-history":[{"count":3,"href":"https:\/\/tinychat.com\/it\/wp-json\/wp\/v2\/pages\/909\/revisions"}],"predecessor-version":[{"id":13177,"href":"https:\/\/tinychat.com\/it\/wp-json\/wp\/v2\/pages\/909\/revisions\/13177"}],"wp:attachment":[{"href":"https:\/\/tinychat.com\/it\/wp-json\/wp\/v2\/media?parent=909"}],"curies":[{"name":"wp","href":"https:\/\/api.w.org\/{rel}","templated":true}]}}