{"id":980,"date":"2025-08-11T09:06:16","date_gmt":"2025-08-11T07:06:16","guid":{"rendered":"https:\/\/tinychat.com\/?page_id=980"},"modified":"2025-08-11T09:12:11","modified_gmt":"2025-08-11T07:12:11","slug":"azar","status":"publish","type":"page","link":"https:\/\/tinychat.com\/it\/azar\/","title":{"rendered":"Azar"},"content":{"rendered":"<p>In un mondo che si sente pi\u00f9 connesso che mai, ma ancora diviso dalla lingua, dalla cultura e dalla distanza, Azar si distingue come una piattaforma in grado di colmare veramente questi divari. Questa popolare applicazione mobile unisce video chat casuale, scoperta sociale e traduzione in tempo reale in un'esperienza senza soluzione di continuit\u00e0, rendendola uno degli strumenti pi\u00f9 potenti per incontrare persone in tutto il mondo.<\/p>\n<p>Con oltre 500 milioni di download e utenti in pi\u00f9 di 190 Paesi, Azar ha ridefinito il significato di incontrare sconosciuti online. Sia che vogliate fare amicizia all'estero, praticare una lingua, esplorare altre culture o semplicemente godervi conversazioni video spontanee, Azar vi offre tutto questo, mantenendo un'interfaccia raffinata e mobile e solidi controlli di sicurezza.<\/p>\n<p>Questa recensione approfondita vi illustrer\u00e0 tutto ci\u00f2 che c'\u00e8 da sapere su Azar, dalle caratteristiche e dalla configurazione al confronto con altre piattaforme, oltre ai consigli degli esperti per sfruttare al meglio il tempo trascorso sull'app.<\/p>\n<h2>Che cos'\u00e8 l'Azar?<\/h2>\n<p>Azar \u00e8 un'applicazione di chat video istantanea e di social networking che consente di connettersi con persone di tutto il mondo in pochi secondi. A differenza delle semplici chat room basate sul testo, Azar si concentra sulla conversazione faccia a faccia, riportando l'elemento umano nell'interazione online.<\/p>\n<p>Lanciata da Hyperconnect nel 2014 (poi acquisita da Match Group nel 2021), Azar \u00e8 cresciuta fino a diventare uno dei nomi pi\u00f9 conosciuti nel campo delle videochat casuali. Le sue caratteristiche principali, come la traduzione in tempo reale, i filtri di genere\/localit\u00e0 e gli strumenti per la creazione di amici, la rendono popolare per le conversazioni casuali, lo scambio di lingue e l'esplorazione culturale.<\/p>\n<h2>Caratteristiche principali di Azar<\/h2>\n<p>La popolarit\u00e0 dell'Azar non \u00e8 casuale: \u00e8 dotato di strumenti unici che migliorano la connessione e la sicurezza.<\/p>\n<h3>1. Chat video casuale<\/h3>\n<ul>\n<li>Abbinamenti immediati con utenti di tutto il mondo.<\/li>\n<li>Passare il dito per collegarsi alla persona successiva.<\/li>\n<li>Video e audio HD in tempo reale per conversazioni fluide.<\/li>\n<\/ul>\n<h3>2. Filtri di posizione e genere<\/h3>\n<ul>\n<li>Scegliete di connettervi con persone provenienti da paesi o regioni specifiche.<\/li>\n<li>Filtrare per sesso per un'esperienza pi\u00f9 personalizzata.<\/li>\n<li>Alcuni filtri richiedono monete o accesso premium.<\/li>\n<\/ul>\n<h3>3. Traduzione in tempo reale<\/h3>\n<ul>\n<li>Traduzione automatica di testo e voce in pi\u00f9 lingue.<\/li>\n<li>Abbatte immediatamente le barriere linguistiche.<\/li>\n<li>Ideale per gli studenti di lingue o per le connessioni interculturali.<\/li>\n<\/ul>\n<h3>4. Sistema di amicizie e messaggistica<\/h3>\n<ul>\n<li>Aggiungete come amici le persone con cui siete in contatto.<\/li>\n<li>Continuate le conversazioni attraverso i messaggi di testo e i video nell'app.<\/li>\n<li>Condividere immagini, adesivi ed emoji in chat.<\/li>\n<\/ul>\n<h3>5. Effetti virtuali e personalizzazione<\/h3>\n<ul>\n<li>Filtri video, cornici e adesivi divertenti per aggiungere personalit\u00e0 alle chiamate.<\/li>\n<li>Personalizzate il vostro profilo con foto e interessi.<\/li>\n<\/ul>\n<h3>6. Sicurezza e moderazione<\/h3>\n<ul>\n<li>Moderazione umana e AI 24\/7.<\/li>\n<li>Strumenti di segnalazione\/blocco in-app.<\/li>\n<li>Filtro sfocatura opzionale per visualizzare in anteprima le corrispondenze prima della connessione.<\/li>\n<\/ul>\n<h3>7. Sistema di monete e premi<\/h3>\n<ul>\n<li>Guadagnare o acquistare monete per sbloccare determinati filtri e funzioni.<\/li>\n<li>Premium sblocca un targeting pi\u00f9 specifico, chat illimitate e funzioni avanzate.<\/li>\n<\/ul>\n<h2>Come utilizzare Azar<\/h2>\n<p>L'Azar \u00e8 stato progettato per essere semplice per chi si avvicina per la prima volta, pur offrendo una profondit\u00e0 sufficiente per gli utenti abituali.<\/p>\n<h3>Passo 1: scaricare l'applicazione<\/h3>\n<ul>\n<li>Disponibile gratuitamente per iOS e Android.<\/li>\n<li>Installare dall'App Store o da Google Play.<\/li>\n<\/ul>\n<h3>Fase 2: Registrazione o accesso<\/h3>\n<ul>\n<li>Registratevi con l'e-mail, Facebook, Google o Apple ID.<\/li>\n<li>Aggiungete una foto del profilo per aumentare il coinvolgimento.<\/li>\n<\/ul>\n<h3>Fase 3: Impostazione delle preferenze<\/h3>\n<ul>\n<li>Selezionare il sesso e la fascia d'et\u00e0.<\/li>\n<li>Scegliere le preferenze di localizzazione (globale o per paesi specifici).<\/li>\n<li>Regolare le impostazioni della privacy.<\/li>\n<\/ul>\n<h3>Fase 4: Iniziare a chattare<\/h3>\n<ul>\n<li>Toccate l'icona del video per essere abbinati immediatamente.<\/li>\n<li>Passare il dito per saltare e trovare qualcuno di nuovo.<\/li>\n<li>Se necessario, utilizzare la funzione di traduzione in tempo reale.<\/li>\n<\/ul>\n<h3>Fase 5: Aggiungere amici e continuare a chattare<\/h3>\n<ul>\n<li>Fare clic sul pulsante \"aggiungi amico\" per salvare le connessioni valide.<\/li>\n<li>Utilizzate la chat di testo o i videomessaggi nell'app per rimanere in contatto.<\/li>\n<\/ul>\n<h2>Esperienza utente su Azar<\/h2>\n<p>Il design mobile-first e swipe-based di Azar lo rende naturale per chiunque abbia familiarit\u00e0 con le app moderne.<\/p>\n<h3>Cosa amano gli utenti<\/h3>\n<ul>\n<li>Portata globale: Incontrare persone provenienti da oltre 190 paesi.<\/li>\n<li>Traduzione in tempo reale: Elimina le barriere della comunicazione.<\/li>\n<li>Qualit\u00e0 video fluida: Anche con connessioni internazionali.<\/li>\n<li>Filtri e adesivi divertenti: Aggiungete personalit\u00e0 alle chiamate.<\/li>\n<li>Ambiente sicuro: La moderazione attiva mantiene il rispetto delle regole.<\/li>\n<li>Sistema di amicizie: Creare connessioni continue.<\/li>\n<\/ul>\n<h3>Dove gli utenti vedono margini di miglioramento<\/h3>\n<ul>\n<li>Alcuni filtri avanzati richiedono monete o premi.<\/li>\n<li>Occasionali disallineamenti linguistici nella traduzione.<\/li>\n<li>Partite gratuite limitate rispetto alle piattaforme completamente gratuite.<\/li>\n<li>Il costo del premio pu\u00f2 essere elevato per gli utenti occasionali.<\/li>\n<\/ul>\n<h2>Azar vs. Altre applicazioni di video chat<\/h2>\n<table>\n<thead>\n<tr>\n<th>Caratteristica<\/th>\n<th>Azar<\/th>\n<th>HOLLA<\/th>\n<th>LivU<\/th>\n<th>Scimmia<\/th>\n<th>ChatHub<\/th>\n<th>OmegleWeb<\/th>\n<\/tr>\n<\/thead>\n<tbody>\n<tr>\n<td>Random Video Chat con Sconosciuti<\/td>\n<td>\u2705 S\u00ec<\/td>\n<td>\u2705 S\u00ec<\/td>\n<td>\u2705 S\u00ec<\/td>\n<td>\u2705 S\u00ec<\/td>\n<td>\u2705 S\u00ec<\/td>\n<td>\u2705 S\u00ec<\/td>\n<\/tr>\n<tr>\n<td>Traduzione in tempo reale<\/td>\n<td>\u2705 S\u00ec<\/td>\n<td>\u274c No<\/td>\n<td>\u274c No<\/td>\n<td>\u274c No<\/td>\n<td>\u274c No<\/td>\n<td>\u274c No<\/td>\n<\/tr>\n<tr>\n<td>Sistema amico<\/td>\n<td>\u2705 S\u00ec<\/td>\n<td>\u2705 S\u00ec<\/td>\n<td>\u2705 S\u00ec<\/td>\n<td>\u2705 S\u00ec<\/td>\n<td>\u2705 S\u00ec<\/td>\n<td>\u274c No<\/td>\n<\/tr>\n<tr>\n<td>Filtri di genere\/localit\u00e0<\/td>\n<td>\u2705 S\u00ec<\/td>\n<td>\u2705 S\u00ec<\/td>\n<td>\u2705 S\u00ec<\/td>\n<td>\u2705 S\u00ec<\/td>\n<td>\u2705 S\u00ec<\/td>\n<td>\u26a0\ufe0f Limited<\/td>\n<\/tr>\n<tr>\n<td>App mobile<\/td>\n<td>\u2705 S\u00ec<\/td>\n<td>\u2705 S\u00ec<\/td>\n<td>\u2705 S\u00ec<\/td>\n<td>\u2705 S\u00ec<\/td>\n<td>\u2705 S\u00ec<\/td>\n<td>\u2705 S\u00ec<\/td>\n<\/tr>\n<tr>\n<td>Filtri ed effetti<\/td>\n<td>\u2705 S\u00ec<\/td>\n<td>\u2705 S\u00ec<\/td>\n<td>\u2705 S\u00ec<\/td>\n<td>\u2705 S\u00ec<\/td>\n<td>\u2705 S\u00ec<\/td>\n<td>\u274c No<\/td>\n<\/tr>\n<tr>\n<td>Opzione Premium<\/td>\n<td>\u2705 S\u00ec<\/td>\n<td>\u2705 S\u00ec<\/td>\n<td>\u2705 S\u00ec<\/td>\n<td>\u2705 S\u00ec<\/td>\n<td>\u274c No<\/td>\n<td>\u274c No<\/td>\n<\/tr>\n<\/tbody>\n<\/table>\n<p>Sommario: Azar \u00e8 ideale per chi desidera connessioni internazionali senza barriere linguistiche. I suoi strumenti di traduzione e l'enorme base di utenti la distinguono dalle piattaforme di chat casuali pi\u00f9 semplici.<\/p>\n<h2>Azar \u00e8 sicuro?<\/h2>\n<p>S\u00ec, a condizione che si seguano le linee guida di base per la sicurezza online. Azar utilizza:<\/p>\n<ul>\n<li>Moderazione umana e intelligenza artificiale per filtrare i contenuti inappropriati.<\/li>\n<li>Verifica del profilo per ridurre gli account falsi.<\/li>\n<li>Anteprima di sfocatura per un maggiore comfort.<\/li>\n<li>Segnalare\/bloccare gli strumenti per eventuali violazioni.<\/li>\n<\/ul>\n<h3>Consigli di sicurezza per gli utenti<\/h3>\n<ul>\n<li>Evitare di condividere informazioni personali.<\/li>\n<li>Usate la traduzione con attenzione: le traduzioni automatiche possono talvolta alterare il significato.<\/li>\n<li>Fidatevi del vostro istinto e chiudete ogni conversazione che vi mette a disagio.<\/li>\n<li>I genitori dovrebbero monitorare l'uso se installato sui dispositivi degli adolescenti.<\/li>\n<\/ul>\n<h2>Suggerimenti per ottenere il massimo dall'Azar<\/h2>\n<ul>\n<li>Provate regioni diverse: Ampliate i vostri orizzonti culturali.<\/li>\n<li>Usare la traduzione in modo attivo: Imparate le frasi mentre chiacchierate.<\/li>\n<li>Chat nei momenti di punta: Aumenta la variet\u00e0 delle partite.<\/li>\n<li>Utilizzate una foto profilo chiara: Aumenta il tasso di coinvolgimento.<\/li>\n<li>Rimanete amichevoli e aperti: L'energia positiva attira le conversazioni migliori.<\/li>\n<li>Segnalare comportamenti scorretti: Contribuisce a mantenere la sicurezza della comunit\u00e0.<\/li>\n<\/ul>\n<h2>Problemi e soluzioni comuni dell'Azar<\/h2>\n<h3>Il video non si collega<\/h3>\n<p>Controllate la velocit\u00e0 di Internet, passate al Wi-Fi e consentite le autorizzazioni per la fotocamera e il microfono.<\/p>\n<h3>Filtri non funzionanti<\/h3>\n<p>Assicuratevi di avere abbastanza monete o premi abilitati.<\/p>\n<h3>Scarsa qualit\u00e0 della traduzione<\/h3>\n<p>Parlate chiaramente, evitate il gergo e usate frasi brevi.<\/p>\n<h3>Utenti inappropriati<\/h3>\n<p>Bloccate e segnalate immediatamente che la moderazione \u00e8 reattiva.<\/p>\n<p>Se il vostro obiettivo \u00e8 incontrare persone in tutto il mondo, conoscere altre culture e parlare senza preoccuparvi delle differenze linguistiche, Azar \u00e8 una delle opzioni pi\u00f9 avanzate e curate disponibili oggi. La sua funzione di traduzione la rende unica nel panorama delle video chat casuali.<\/p>\n<p>Sebbene alcune funzioni richiedano monete o accesso premium, la versione gratuita offre comunque molte opportunit\u00e0 di connettersi a livello globale. Azar \u00e8 una scelta eccellente per la socializzazione internazionale, lo scambio di lingue e la creazione di amicizie durature oltre confine.<\/p>\n<p>Pronti per iniziare a chattare? Scaricate Azar per iOS o Android, impostate le vostre preferenze ed esplorate il mondo - una conversazione faccia a faccia alla volta.<\/p>","protected":false},"excerpt":{"rendered":"<p>In a world that feels more connected than ever yet still divided by language, culture, and distance, Azar stands out as a platform that truly bridges those gaps. This popular mobile app blends random video chat, social discovery, and real-time translation into a seamless experience, making it one of the most powerful tools for meeting [&hellip;]<\/p>\n","protected":false},"author":6,"featured_media":0,"parent":0,"menu_order":0,"comment_status":"closed","ping_status":"closed","template":"","meta":{"footnotes":""},"class_list":["post-980","page","type-page","status-publish","hentry"],"yoast_head":"<!-- This site is optimized with the Yoast SEO plugin v27.5 - https:\/\/yoast.com\/product\/yoast-seo-wordpress\/ -->\n<title>Azar - Alternative to OmeTV &amp; Monkey App - TinyChat.com<\/title>\n<meta name=\"description\" content=\"Enjoying Azar? Join over 50,000,000 strangers on TinyChat! Turn on your cam and start meeting new people, or find a match.\" \/>\n<meta name=\"robots\" content=\"index, follow, max-snippet:-1, max-image-preview:large, max-video-preview:-1\" \/>\n<link rel=\"canonical\" href=\"https:\/\/tinychat.com\/it\/azar\/\" \/>\n<meta property=\"og:locale\" content=\"it_IT\" \/>\n<meta property=\"og:type\" content=\"article\" \/>\n<meta property=\"og:title\" content=\"Azar - Alternative to OmeTV &amp; Monkey App - TinyChat.com\" \/>\n<meta property=\"og:description\" content=\"Enjoying Azar? Join over 50,000,000 strangers on TinyChat! Turn on your cam and start meeting new people, or find a match.\" \/>\n<meta property=\"og:url\" content=\"https:\/\/tinychat.com\/it\/azar\/\" \/>\n<meta property=\"og:site_name\" content=\"TinyChat\" \/>\n<meta property=\"article:publisher\" content=\"https:\/\/www.facebook.com\/tinychat\" \/>\n<meta property=\"article:modified_time\" content=\"2025-08-11T07:12:11+00:00\" \/>\n<meta property=\"og:image\" content=\"https:\/\/tinychat.com\/wp-content\/uploads\/2020\/04\/Tinychat-logo-1280x284-new-black.png\" \/>\n\t<meta property=\"og:image:width\" content=\"1280\" \/>\n\t<meta property=\"og:image:height\" content=\"284\" \/>\n\t<meta property=\"og:image:type\" content=\"image\/png\" \/>\n<meta name=\"twitter:card\" content=\"summary_large_image\" \/>\n<meta name=\"twitter:site\" content=\"@tinychat\" \/>\n<meta name=\"twitter:label1\" content=\"Tempo di lettura stimato\" \/>\n\t<meta name=\"twitter:data1\" content=\"5 minuti\" \/>\n<script type=\"application\/ld+json\" class=\"yoast-schema-graph\">{\"@context\":\"https:\\\/\\\/schema.org\",\"@graph\":[{\"@type\":\"WebPage\",\"@id\":\"https:\\\/\\\/tinychat.com\\\/azar\\\/\",\"url\":\"https:\\\/\\\/tinychat.com\\\/azar\\\/\",\"name\":\"Azar - Alternative to OmeTV & Monkey App - TinyChat.com\",\"isPartOf\":{\"@id\":\"https:\\\/\\\/tinychat.com\\\/#website\"},\"datePublished\":\"2025-08-11T07:06:16+00:00\",\"dateModified\":\"2025-08-11T07:12:11+00:00\",\"description\":\"Enjoying Azar? Join over 50,000,000 strangers on TinyChat! Turn on your cam and start meeting new people, or find a match.\",\"breadcrumb\":{\"@id\":\"https:\\\/\\\/tinychat.com\\\/azar\\\/#breadcrumb\"},\"inLanguage\":\"it-IT\",\"potentialAction\":[{\"@type\":\"ReadAction\",\"target\":[\"https:\\\/\\\/tinychat.com\\\/azar\\\/\"]}]},{\"@type\":\"BreadcrumbList\",\"@id\":\"https:\\\/\\\/tinychat.com\\\/azar\\\/#breadcrumb\",\"itemListElement\":[{\"@type\":\"ListItem\",\"position\":1,\"name\":\"Home\",\"item\":\"https:\\\/\\\/tinychat.com\\\/\"},{\"@type\":\"ListItem\",\"position\":2,\"name\":\"Azar\"}]},{\"@type\":\"WebSite\",\"@id\":\"https:\\\/\\\/tinychat.com\\\/#website\",\"url\":\"https:\\\/\\\/tinychat.com\\\/\",\"name\":\"TinyChat\",\"description\":\"Random Video Chat with Strangers\",\"publisher\":{\"@id\":\"https:\\\/\\\/tinychat.com\\\/#organization\"},\"alternateName\":\"TinyChat.com\",\"potentialAction\":[{\"@type\":\"SearchAction\",\"target\":{\"@type\":\"EntryPoint\",\"urlTemplate\":\"https:\\\/\\\/tinychat.com\\\/?s={search_term_string}\"},\"query-input\":{\"@type\":\"PropertyValueSpecification\",\"valueRequired\":true,\"valueName\":\"search_term_string\"}}],\"inLanguage\":\"it-IT\"},{\"@type\":\"Organization\",\"@id\":\"https:\\\/\\\/tinychat.com\\\/#organization\",\"name\":\"TinyChat\",\"alternateName\":\"TinyChat.com\",\"url\":\"https:\\\/\\\/tinychat.com\\\/\",\"logo\":{\"@type\":\"ImageObject\",\"inLanguage\":\"it-IT\",\"@id\":\"https:\\\/\\\/tinychat.com\\\/#\\\/schema\\\/logo\\\/image\\\/\",\"url\":\"https:\\\/\\\/tinychat.com\\\/wp-content\\\/uploads\\\/2023\\\/11\\\/Tinychat-icon-square.png\",\"contentUrl\":\"https:\\\/\\\/tinychat.com\\\/wp-content\\\/uploads\\\/2023\\\/11\\\/Tinychat-icon-square.png\",\"width\":284,\"height\":284,\"caption\":\"TinyChat\"},\"image\":{\"@id\":\"https:\\\/\\\/tinychat.com\\\/#\\\/schema\\\/logo\\\/image\\\/\"},\"sameAs\":[\"https:\\\/\\\/www.facebook.com\\\/tinychat\",\"https:\\\/\\\/x.com\\\/tinychat\"]}]}<\/script>\n<!-- \/ Yoast SEO plugin. -->","yoast_head_json":{"title":"Azar - Alternativa a OmeTV e Monkey App - TinyChat.com","description":"Ti piace l'Azar? Unisciti a oltre 50.000.000 di sconosciuti su TinyChat! Accendi la tua cam e inizia a conoscere nuove persone o a trovare un partner.","robots":{"index":"index","follow":"follow","max-snippet":"max-snippet:-1","max-image-preview":"max-image-preview:large","max-video-preview":"max-video-preview:-1"},"canonical":"https:\/\/tinychat.com\/it\/azar\/","og_locale":"it_IT","og_type":"article","og_title":"Azar - Alternative to OmeTV & Monkey App - TinyChat.com","og_description":"Enjoying Azar? Join over 50,000,000 strangers on TinyChat! Turn on your cam and start meeting new people, or find a match.","og_url":"https:\/\/tinychat.com\/it\/azar\/","og_site_name":"TinyChat","article_publisher":"https:\/\/www.facebook.com\/tinychat","article_modified_time":"2025-08-11T07:12:11+00:00","og_image":[{"width":1280,"height":284,"url":"https:\/\/tinychat.com\/wp-content\/uploads\/2020\/04\/Tinychat-logo-1280x284-new-black.png","type":"image\/png"}],"twitter_card":"summary_large_image","twitter_site":"@tinychat","twitter_misc":{"Tempo di lettura stimato":"5 minuti"},"schema":{"@context":"https:\/\/schema.org","@graph":[{"@type":"WebPage","@id":"https:\/\/tinychat.com\/azar\/","url":"https:\/\/tinychat.com\/azar\/","name":"Azar - Alternativa a OmeTV e Monkey App - TinyChat.com","isPartOf":{"@id":"https:\/\/tinychat.com\/#website"},"datePublished":"2025-08-11T07:06:16+00:00","dateModified":"2025-08-11T07:12:11+00:00","description":"Ti piace l'Azar? Unisciti a oltre 50.000.000 di sconosciuti su TinyChat! Accendi la tua cam e inizia a conoscere nuove persone o a trovare un partner.","breadcrumb":{"@id":"https:\/\/tinychat.com\/azar\/#breadcrumb"},"inLanguage":"it-IT","potentialAction":[{"@type":"ReadAction","target":["https:\/\/tinychat.com\/azar\/"]}]},{"@type":"BreadcrumbList","@id":"https:\/\/tinychat.com\/azar\/#breadcrumb","itemListElement":[{"@type":"ListItem","position":1,"name":"Home","item":"https:\/\/tinychat.com\/"},{"@type":"ListItem","position":2,"name":"Azar"}]},{"@type":"WebSite","@id":"https:\/\/tinychat.com\/#website","url":"https:\/\/tinychat.com\/","name":"TinyChat","description":"Videochat casuale con sconosciuti","publisher":{"@id":"https:\/\/tinychat.com\/#organization"},"alternateName":"TinyChat.com","potentialAction":[{"@type":"SearchAction","target":{"@type":"EntryPoint","urlTemplate":"https:\/\/tinychat.com\/?s={search_term_string}"},"query-input":{"@type":"PropertyValueSpecification","valueRequired":true,"valueName":"search_term_string"}}],"inLanguage":"it-IT"},{"@type":"Organization","@id":"https:\/\/tinychat.com\/#organization","name":"TinyChat","alternateName":"TinyChat.com","url":"https:\/\/tinychat.com\/","logo":{"@type":"ImageObject","inLanguage":"it-IT","@id":"https:\/\/tinychat.com\/#\/schema\/logo\/image\/","url":"https:\/\/tinychat.com\/wp-content\/uploads\/2023\/11\/Tinychat-icon-square.png","contentUrl":"https:\/\/tinychat.com\/wp-content\/uploads\/2023\/11\/Tinychat-icon-square.png","width":284,"height":284,"caption":"TinyChat"},"image":{"@id":"https:\/\/tinychat.com\/#\/schema\/logo\/image\/"},"sameAs":["https:\/\/www.facebook.com\/tinychat","https:\/\/x.com\/tinychat"]}]}},"_links":{"self":[{"href":"https:\/\/tinychat.com\/it\/wp-json\/wp\/v2\/pages\/980","targetHints":{"allow":["GET"]}}],"collection":[{"href":"https:\/\/tinychat.com\/it\/wp-json\/wp\/v2\/pages"}],"about":[{"href":"https:\/\/tinychat.com\/it\/wp-json\/wp\/v2\/types\/page"}],"author":[{"embeddable":true,"href":"https:\/\/tinychat.com\/it\/wp-json\/wp\/v2\/users\/6"}],"replies":[{"embeddable":true,"href":"https:\/\/tinychat.com\/it\/wp-json\/wp\/v2\/comments?post=980"}],"version-history":[{"count":4,"href":"https:\/\/tinychat.com\/it\/wp-json\/wp\/v2\/pages\/980\/revisions"}],"predecessor-version":[{"id":13425,"href":"https:\/\/tinychat.com\/it\/wp-json\/wp\/v2\/pages\/980\/revisions\/13425"}],"wp:attachment":[{"href":"https:\/\/tinychat.com\/it\/wp-json\/wp\/v2\/media?parent=980"}],"curies":[{"name":"wp","href":"https:\/\/api.w.org\/{rel}","templated":true}]}}