{"id":10021,"date":"2025-12-02T08:48:35","date_gmt":"2025-12-02T06:48:35","guid":{"rendered":"https:\/\/tinychat.com\/?page_id=10021"},"modified":"2025-12-02T10:48:18","modified_gmt":"2025-12-02T08:48:18","slug":"randochat","status":"publish","type":"page","link":"https:\/\/tinychat.com\/nl\/randochat\/","title":{"rendered":"Randochat"},"content":{"rendered":"<p>De wereld van online chatten blijft zich ontwikkelen, maar \u00e9\u00e9n concept blijft tijdloos: de spanning van het direct en anoniem iemand nieuw ontmoeten. RandoChat belichaamt die geest perfect. Het is een eenvoudig, snel en op privacy gericht platform voor willekeurige chats dat je in contact brengt met vreemden over de hele wereld \u2014 zonder dat je je hoeft te registreren, een profiel hoeft aan te maken of persoonlijke gegevens hoeft in te vullen.<\/p>\n<p>Of je nu op zoek bent naar een kort gesprek, een manier om de tijd te doden of een plek om anoniem nieuwe mensen te ontmoeten, RandoChat biedt een strakke, moderne ervaring die volledig is gebaseerd op spontane menselijke interactie. Met zowel mobiele app-versies als webgebaseerde oplossingen, afhankelijk van je regio, is RandoChat uitgegroeid tot een van de meest bekende namen op het gebied van anonieme chats.<\/p>\n<p>Deze uitgebreide gids gaat in op wat RandoChat is, hoe het werkt, de functies, gebruikerservaring, vergelijkingen, veiligheidstips, advies voor probleemoplossing en waarom zoveel mensen het blijven gebruiken.<\/p>\n<h2>Wat is RandoChat?<\/h2>\n<p>RandoChat is een anoniem platform voor willekeurige chats dat gebruikers direct met elkaar verbindt zonder dat ze hoeven in te loggen of persoonlijke gegevens hoeven in te voeren. In tegenstelling tot videochatplatforms zoals Chatroulette of Omegle richt RandoChat zich uitsluitend op tekstgebaseerde \u00e9\u00e9n-op-\u00e9\u00e9n-chats.<\/p>\n<p>Dit formaat is aantrekkelijk voor gebruikers die het volgende willen:<\/p>\n<ul>\n<li>Lagedruk, alleen tekstcommunicatie<\/li>\n<li>Volledige anonimiteit<\/li>\n<li>Geen vereisten voor camera of microfoon<\/li>\n<li>Een snelle en afleidingsvrije chat-ervaring<\/li>\n<li>Privacy-first ontwerp<\/li>\n<\/ul>\n<p>De eenvoud is de grootste kracht: open de app of website, begin te chatten en maak contact met iemand nieuw \u2014 geen profiel, geen gebruikersnaam en geen identificerende informatie wordt gedeeld, tenzij je daar zelf voor kiest.<\/p>\n<p>RandoChat is ideaal voor:<\/p>\n<ul>\n<li>Mensen die een informeel anoniem gesprek willen voeren<\/li>\n<li>Gebruikers die even afstand willen nemen van de algoritmen van sociale media<\/li>\n<li>Iedereen die houdt van spontane contacten<\/li>\n<li>Degenen die liever geen videochat gebruiken<\/li>\n<li>Reizigers of taalstudenten die met internationale vreemden willen praten<\/li>\n<\/ul>\n<h2>Belangrijkste kenmerken van RandoChat<\/h2>\n<p>RandoChat reduceert willekeurig chatten tot de essentie. Dit zijn de belangrijkste functies van het platform:<\/p>\n<h3>1. Volledig anonieme chat<\/h3>\n<ul>\n<li>Geen login of e-mailadres vereist<\/li>\n<li>Geen gebruikersnamen of ID's<\/li>\n<li>Chats worden na elke sessie automatisch verwijderd.<\/li>\n<li>Geen profiel, foto's of persoonlijke gegevens nodig<\/li>\n<\/ul>\n<p>Dit cre\u00ebert een echt priv\u00e9omgeving waar gebruikers zich vrij voelen om zichzelf te uiten.<\/p>\n<h3>2. Gesprekken met alleen tekst<\/h3>\n<ul>\n<li>Richt zich volledig op sms-berichten<\/li>\n<li>Ideaal voor gebruikers die hun gezicht liever niet laten zien<\/li>\n<li>Sneller en lagere bandbreedte dan videochat<\/li>\n<li>Ideaal om discreet te chatten, altijd en overal<\/li>\n<\/ul>\n<h3>3. Directe matching<\/h3>\n<ul>\n<li>Brengt je binnen enkele seconden in contact met een vreemde<\/li>\n<li>Geen lange wachtrijen of vertragingen bij het matchen<\/li>\n<li>Chat, veeg of tik om direct iemand nieuw te vinden<\/li>\n<\/ul>\n<h3>4. Strakke, minimalistische interface<\/h3>\n<ul>\n<li>Eenvoudig chatvenster zonder afleidingen<\/li>\n<li>Gebruiksvriendelijke lay-out geschikt voor alle leeftijden<\/li>\n<li>Snelle berichtbezorging en soepele prestaties<\/li>\n<\/ul>\n<h3>5. Ondersteuning voor mobiele apps<\/h3>\n<ul>\n<li>Beschikbaar op Android en iOS in veel regio's<\/li>\n<li>Speciaal ontwikkeld voor mobiele communicatie<\/li>\n<li>Lichtgewicht en batterijvriendelijk<\/li>\n<\/ul>\n<h3>6. Automatisch verwijderen van berichten<\/h3>\n<ul>\n<li>Chats verdwijnen wanneer je het gesprek verlaat.<\/li>\n<li>Er wordt niets op uw apparaat opgeslagen.<\/li>\n<li>Berichten kunnen niet worden hersteld.<\/li>\n<\/ul>\n<p>Dit is een belangrijke reden waarom RandoChat populair blijft onder gebruikers die veel waarde hechten aan privacy.<\/p>\n<h3>7. Vrij te gebruiken<\/h3>\n<ul>\n<li>Geen betaling vereist om te beginnen met chatten<\/li>\n<li>Geen betaalde upgrades nodig voor kernfunctionaliteit<\/li>\n<\/ul>\n<h2>Hoe RandoChat te gebruiken<\/h2>\n<p>RandoChat is ontworpen voor eenvoud \u2014 hier is hoe je aan de slag kunt gaan:<\/p>\n<h3>Stap 1: Open de website of app<\/h3>\n<p>Afhankelijk van uw regio kunt u gebruikmaken van:<\/p>\n<ul>\n<li>De mobiele app RandoChat<\/li>\n<li>Browsergebaseerde alternatieven (RandoChat-sites van derden)<\/li>\n<\/ul>\n<p>Beide werken zonder registratie.<\/p>\n<h3>Stap 2: Akkoord gaan met de voorwaarden en richtlijnen<\/h3>\n<p>Bij de meeste versies moet je akkoord gaan met de basisregels van de community.<\/p>\n<h3>Stap 3: Begin met chatten<\/h3>\n<p>Tik op Start, Chat of Begin en je wordt meteen gekoppeld aan een onbekende.<\/p>\n<h3>Stap 4: Berichten verzenden<\/h3>\n<p>Typ vrijuit \u2014 de chat is anoniem.<\/p>\n<h3>Stap 5: Chat overslaan of be\u00ebindigen<\/h3>\n<p>Als het gesprek niet klikt, be\u00ebindig het dan gewoon en ga meteen verder met de volgende persoon.<\/p>\n<p>Er is geen limiet aan het aantal mensen waarmee je kunt praten.<\/p>\n<h2>Gebruikerservaring op RandoChat<\/h2>\n<p>RandoChat biedt een unieke ervaring in het ecosysteem van willekeurige chats dankzij zijn tekstgebaseerde, op privacy gerichte aanpak.<\/p>\n<h3>Wat gebruikers leuk vinden<\/h3>\n<ul>\n<li>Volledig anoniem<\/li>\n<li>Geen camera nodig \u2014 comfortabeler voor veel gebruikers<\/li>\n<li>Sneller en veiliger gevoel dan videochat<\/li>\n<li>Lichtgewicht, mobielvriendelijke ervaring<\/li>\n<li>Berichten worden automatisch verwijderd<\/li>\n<li>Gemakkelijk te gebruiken voor snelle gesprekken<\/li>\n<\/ul>\n<h3>Waar gebruikers ruimte voor verbetering zien<\/h3>\n<ul>\n<li>Geen filters op geslacht of land (in de meeste versies)<\/li>\n<li>Beperkte moderatiefuncties<\/li>\n<li>Incidentele spamgebruikers<\/li>\n<li>Kan geen verbinding meer maken met eerdere chatpartners<\/li>\n<li>Sommige regionale versies vari\u00ebren in kwaliteit.<\/li>\n<\/ul>\n<p>Toch is de meerderheid van de gebruikers het erover eens dat RandoChat een eenvoudig, veilig en leuk platform is om anoniem nieuwe mensen te ontmoeten, vooral voor degenen die liever tekstchatten dan videobellen.<\/p>\n<h2>RandoChat versus andere chatplatforms<\/h2>\n<p>Hier volgt een vergelijking tussen RandoChat en zijn belangrijkste concurrenten:<\/p>\n<table>\n<thead>\n<tr>\n<th>Functie<\/th>\n<th>RandoChat<\/th>\n<th>Omegle<\/th>\n<th>Chatroulette<\/th>\n<th>ChatHub<\/th>\n<th>Randomskip<\/th>\n<th>Umingle<\/th>\n<\/tr>\n<\/thead>\n<tbody>\n<tr>\n<td>Tekstchat<\/td>\n<td>Ja<\/td>\n<td>Ja<\/td>\n<td>\u274c Voornamelijk video<\/td>\n<td>Ja<\/td>\n<td>Minimaal<\/td>\n<td>Ja<\/td>\n<\/tr>\n<tr>\n<td>Video chatten<\/td>\n<td>Nee<\/td>\n<td>Ja<\/td>\n<td>Ja<\/td>\n<td>Ja<\/td>\n<td>Ja<\/td>\n<td>Ja<\/td>\n<\/tr>\n<tr>\n<td>Anonimiteitsniveau<\/td>\n<td>\u2b50 Zeer hoog<\/td>\n<td>Hoog<\/td>\n<td>Hoog<\/td>\n<td>Gemiddeld<\/td>\n<td>Hoog<\/td>\n<td>Hoog<\/td>\n<\/tr>\n<tr>\n<td>Registratie vereist<\/td>\n<td>Nee<\/td>\n<td>Nee<\/td>\n<td>Nee<\/td>\n<td>Optioneel<\/td>\n<td>Nee<\/td>\n<td>Nee<\/td>\n<\/tr>\n<tr>\n<td>Filters<\/td>\n<td>Nee<\/td>\n<td>Nee<\/td>\n<td>Beperkt<\/td>\n<td>Ja<\/td>\n<td>Nee<\/td>\n<td>Nee<\/td>\n<\/tr>\n<tr>\n<td>Mobiele app<\/td>\n<td>Ja<\/td>\n<td>Nee<\/td>\n<td>Nee<\/td>\n<td>Semi<\/td>\n<td>Nee<\/td>\n<td>Nee<\/td>\n<\/tr>\n<tr>\n<td>Gratis te gebruiken<\/td>\n<td>Ja<\/td>\n<td>Ja<\/td>\n<td>Ja<\/td>\n<td>Ja<\/td>\n<td>Ja<\/td>\n<td>Ja<\/td>\n<\/tr>\n<\/tbody>\n<\/table>\n<p>Samenvatting:<br \/>\nRandoChat onderscheidt zich doordat het alleen tekstgebaseerd en volledig anoniem is, waardoor het meer privacy biedt dan de meeste willekeurige videochatplatforms. Het is perfect voor gebruikers die willen chatten zonder de druk van een camera.<\/p>\n<h2>Is RandoChat veilig?<\/h2>\n<p>RandoChat legt de nadruk op privacy, maar de veiligheid van gebruikers hangt sterk af van verantwoordelijk gedrag.<\/p>\n<h3>Ingebouwde veiligheidsfuncties<\/h3>\n<ul>\n<li>Standaard anonieme chat<\/li>\n<li>Geen persoonlijke gegevens vereist<\/li>\n<li>Automatisch verwijderen van berichten<\/li>\n<li>Optie om ongepast gedrag te melden<\/li>\n<li>Geen profielen, ID's of persoonlijke gegevens opgeslagen<\/li>\n<\/ul>\n<h3>Aanbevolen veiligheidsmaatregelen<\/h3>\n<ul>\n<li>Deel nooit je echte naam, telefoonnummer of sociale media.<\/li>\n<li>Vermijd het versturen van persoonlijke foto's<\/li>\n<li>Klik niet op links van onbekenden<\/li>\n<li>Be\u00ebindig elk ongemakkelijk gesprek onmiddellijk.<\/li>\n<li>Gebruik een VPN voor extra anonimiteit<\/li>\n<li>Ouders moeten minderjarigen nauwlettend in de gaten houden.<\/li>\n<\/ul>\n<p>Als je het verstandig gebruikt, is RandoChat een van de veiligste anonieme chatplatforms, vooral in vergelijking met alternatieven op basis van video.<\/p>\n<h2>Tips om van RandoChat te genieten<\/h2>\n<p>Hier zijn enkele manieren om uw ervaring te verbeteren:<\/p>\n<ul>\n<li>Begin met eenvoudige, vriendelijke begroetingen<\/li>\n<li>Sta open voor ontmoetingen met mensen uit andere culturen<\/li>\n<li>Gebruik de app tijdens piekuren voor actievere gesprekken<\/li>\n<li>Houd de toon luchtig en respectvol.<\/li>\n<li>Aarzel niet om over te slaan \u2014 niet elke chat zal klikken<\/li>\n<li>Gebruik de anonimiteit om jezelf vrij en verantwoordelijk te uiten.<\/li>\n<\/ul>\n<p>Tekstgebaseerde platforms leiden vaak tot langere en diepgaandere gesprekken, vooral wanneer beide gebruikers zich veilig en ontspannen voelen.<\/p>\n<h2>Veelvoorkomende problemen en oplossingen<\/h2>\n<h3>Probleem: Bericht \u201cGeen gebruikers online\u201d<\/h3>\n<ul>\n<li>Probeer het opnieuw tijdens de piekuren in uw regio.<\/li>\n<li>Schakel tussen app- en browserversies indien beschikbaar<\/li>\n<\/ul>\n<h3>Probleem: Chat verbreekt willekeurig<\/h3>\n<ul>\n<li>Controleer je internetverbinding<\/li>\n<li>Start de app opnieuw op of vernieuw de pagina.<\/li>\n<\/ul>\n<h3>Probleem: Spamgebruikers tegenkomen<\/h3>\n<ul>\n<li>Direct overslaan<\/li>\n<li>Gebruik de rapportagefunctie<\/li>\n<\/ul>\n<h3>Probleem: App opent niet of crasht<\/h3>\n<ul>\n<li>Update naar de nieuwste versie<\/li>\n<li>Cache wissen<\/li>\n<li>Start uw telefoon opnieuw op.<\/li>\n<\/ul>\n<h3>Probleem: Kan geen berichten versturen<\/h3>\n<ul>\n<li>Zorg ervoor dat geen VPN of firewall de verbinding blokkeert.<\/li>\n<li>Installeer de app indien nodig opnieuw.<\/li>\n<\/ul>\n<h2>Waarom mensen voor RandoChat kiezen<\/h2>\n<p>RandoChat heeft om verschillende redenen een trouw wereldwijd publiek opgebouwd:<\/p>\n<ul>\n<li>Echte anonimiteit<\/li>\n<li>Geen stress of druk door de camera<\/li>\n<li>Snelle, eenvoudige, overzichtelijke interface<\/li>\n<li>Gratis en altijd toegankelijk<\/li>\n<li>Perfect voor introverte mensen die tekst verkiezen boven video<\/li>\n<li>Lichtgewicht en mobielvriendelijk<\/li>\n<\/ul>\n<p>Voor velen voelt RandoChat priv\u00e9 en comfortabeler aan dan alternatieve videochats, waardoor het ideaal is voor spontane gesprekken onderweg.<\/p>\n<h2>Laatste gedachten: is RandoChat het waard om te gebruiken?<\/h2>\n<p>Als je op zoek bent naar een gratis, anonieme, op tekst gebaseerde willekeurige chat-ervaring, dan is RandoChat absoluut het proberen waard. Het biedt een verfrissende afwisseling van de gepolijste, identiteitsgedreven wereld van sociale media \u2014 het geeft je een plek om vrijuit te praten, direct vreemden te ontmoeten en te genieten van echte gesprekken zonder oordeel of verplichtingen.<\/p>\n<p>Of je nu wilt:<\/p>\n<ul>\n<li>De tijd verdrijven<\/li>\n<li>Nieuwe mensen ontmoeten<\/li>\n<li>Talen oefenen<\/li>\n<li>Anoniem ontspannen<\/li>\n<li>Geniet van spontane gesprekken<\/li>\n<\/ul>\n<p>RandoChat biedt een perfect eenvoudig en priv\u00e9platform om dit te doen.<\/p>\n<p>RandoChat is een snelle, veilige, anonieme tekstchat-app die is ontworpen om willekeurige mensen te ontmoeten zonder persoonlijke informatie te delen. De app is overzichtelijk, mobielvriendelijk, lichtgewicht en ideaal voor gebruikers die privacy en eenvoud verkiezen boven videochat.<\/p>\n<p>Klaar om te beginnen met chatten? Open RandoChat, tik op \u201cStart\u201d en ontmoet binnen enkele seconden iemand nieuw.<\/p>","protected":false},"excerpt":{"rendered":"<p>The online chat world continues to evolve, yet one concept remains timeless: the thrill of meeting someone new, instantly and anonymously. RandoChat embodies that spirit perfectly. It\u2019s a simple, fast, and privacy-focused random chat platform that connects you with strangers around the world \u2014 without requiring registration, profiles, or personal information. Whether you\u2019re looking for [&hellip;]<\/p>\n","protected":false},"author":6,"featured_media":0,"parent":0,"menu_order":0,"comment_status":"closed","ping_status":"closed","template":"","meta":{"footnotes":""},"class_list":["post-10021","page","type-page","status-publish","hentry"],"yoast_head":"<!-- This site is optimized with the Yoast SEO plugin v27.4 - https:\/\/yoast.com\/product\/yoast-seo-wordpress\/ -->\n<title>Randochat - Chat Anonymously &amp; Meet People - TinyChat.com<\/title>\n<meta name=\"description\" content=\"Enjoying Randochat? Join over 50,000,000 strangers on TinyChat! Turn on your cam and start meeting new people, or find a match.\" \/>\n<meta name=\"robots\" content=\"index, follow, max-snippet:-1, max-image-preview:large, max-video-preview:-1\" \/>\n<link rel=\"canonical\" href=\"https:\/\/tinychat.com\/nl\/randochat\/\" \/>\n<meta property=\"og:locale\" content=\"nl_NL\" \/>\n<meta property=\"og:type\" content=\"article\" \/>\n<meta property=\"og:title\" content=\"Randochat - Chat Anonymously &amp; Meet People - TinyChat.com\" \/>\n<meta property=\"og:description\" content=\"Enjoying Randochat? Join over 50,000,000 strangers on TinyChat! Turn on your cam and start meeting new people, or find a match.\" \/>\n<meta property=\"og:url\" content=\"https:\/\/tinychat.com\/nl\/randochat\/\" \/>\n<meta property=\"og:site_name\" content=\"TinyChat\" \/>\n<meta property=\"article:publisher\" content=\"https:\/\/www.facebook.com\/tinychat\" \/>\n<meta property=\"article:modified_time\" content=\"2025-12-02T08:48:18+00:00\" \/>\n<meta property=\"og:image\" content=\"https:\/\/tinychat.com\/wp-content\/uploads\/2020\/04\/Tinychat-logo-1280x284-new-black.png\" \/>\n\t<meta property=\"og:image:width\" content=\"1280\" \/>\n\t<meta property=\"og:image:height\" content=\"284\" \/>\n\t<meta property=\"og:image:type\" content=\"image\/png\" \/>\n<meta name=\"twitter:card\" content=\"summary_large_image\" \/>\n<meta name=\"twitter:site\" content=\"@tinychat\" \/>\n<meta name=\"twitter:label1\" content=\"Geschatte leestijd\" \/>\n\t<meta name=\"twitter:data1\" content=\"6 minuten\" \/>\n<script type=\"application\/ld+json\" class=\"yoast-schema-graph\">{\"@context\":\"https:\\\/\\\/schema.org\",\"@graph\":[{\"@type\":\"WebPage\",\"@id\":\"https:\\\/\\\/tinychat.com\\\/randochat\\\/\",\"url\":\"https:\\\/\\\/tinychat.com\\\/randochat\\\/\",\"name\":\"Randochat - Chat Anonymously & Meet People - TinyChat.com\",\"isPartOf\":{\"@id\":\"https:\\\/\\\/tinychat.com\\\/#website\"},\"datePublished\":\"2025-12-02T06:48:35+00:00\",\"dateModified\":\"2025-12-02T08:48:18+00:00\",\"description\":\"Enjoying Randochat? Join over 50,000,000 strangers on TinyChat! Turn on your cam and start meeting new people, or find a match.\",\"breadcrumb\":{\"@id\":\"https:\\\/\\\/tinychat.com\\\/randochat\\\/#breadcrumb\"},\"inLanguage\":\"nl-NL\",\"potentialAction\":[{\"@type\":\"ReadAction\",\"target\":[\"https:\\\/\\\/tinychat.com\\\/randochat\\\/\"]}]},{\"@type\":\"BreadcrumbList\",\"@id\":\"https:\\\/\\\/tinychat.com\\\/randochat\\\/#breadcrumb\",\"itemListElement\":[{\"@type\":\"ListItem\",\"position\":1,\"name\":\"Home\",\"item\":\"https:\\\/\\\/tinychat.com\\\/\"},{\"@type\":\"ListItem\",\"position\":2,\"name\":\"Randochat\"}]},{\"@type\":\"WebSite\",\"@id\":\"https:\\\/\\\/tinychat.com\\\/#website\",\"url\":\"https:\\\/\\\/tinychat.com\\\/\",\"name\":\"TinyChat\",\"description\":\"Random Video Chat with Strangers\",\"publisher\":{\"@id\":\"https:\\\/\\\/tinychat.com\\\/#organization\"},\"alternateName\":\"TinyChat.com\",\"potentialAction\":[{\"@type\":\"SearchAction\",\"target\":{\"@type\":\"EntryPoint\",\"urlTemplate\":\"https:\\\/\\\/tinychat.com\\\/?s={search_term_string}\"},\"query-input\":{\"@type\":\"PropertyValueSpecification\",\"valueRequired\":true,\"valueName\":\"search_term_string\"}}],\"inLanguage\":\"nl-NL\"},{\"@type\":\"Organization\",\"@id\":\"https:\\\/\\\/tinychat.com\\\/#organization\",\"name\":\"TinyChat\",\"alternateName\":\"TinyChat.com\",\"url\":\"https:\\\/\\\/tinychat.com\\\/\",\"logo\":{\"@type\":\"ImageObject\",\"inLanguage\":\"nl-NL\",\"@id\":\"https:\\\/\\\/tinychat.com\\\/#\\\/schema\\\/logo\\\/image\\\/\",\"url\":\"https:\\\/\\\/tinychat.com\\\/wp-content\\\/uploads\\\/2023\\\/11\\\/Tinychat-icon-square.png\",\"contentUrl\":\"https:\\\/\\\/tinychat.com\\\/wp-content\\\/uploads\\\/2023\\\/11\\\/Tinychat-icon-square.png\",\"width\":284,\"height\":284,\"caption\":\"TinyChat\"},\"image\":{\"@id\":\"https:\\\/\\\/tinychat.com\\\/#\\\/schema\\\/logo\\\/image\\\/\"},\"sameAs\":[\"https:\\\/\\\/www.facebook.com\\\/tinychat\",\"https:\\\/\\\/x.com\\\/tinychat\"]}]}<\/script>\n<!-- \/ Yoast SEO plugin. -->","yoast_head_json":{"title":"Randochat - Anoniem chatten en mensen ontmoeten - TinyChat.com","description":"Geniet je van Randochat? Sluit je aan bij meer dan 50.000.000 onbekenden op TinyChat! Zet je webcam aan en ontmoet nieuwe mensen, of vind een match.","robots":{"index":"index","follow":"follow","max-snippet":"max-snippet:-1","max-image-preview":"max-image-preview:large","max-video-preview":"max-video-preview:-1"},"canonical":"https:\/\/tinychat.com\/nl\/randochat\/","og_locale":"nl_NL","og_type":"article","og_title":"Randochat - Chat Anonymously & Meet People - TinyChat.com","og_description":"Enjoying Randochat? Join over 50,000,000 strangers on TinyChat! Turn on your cam and start meeting new people, or find a match.","og_url":"https:\/\/tinychat.com\/nl\/randochat\/","og_site_name":"TinyChat","article_publisher":"https:\/\/www.facebook.com\/tinychat","article_modified_time":"2025-12-02T08:48:18+00:00","og_image":[{"width":1280,"height":284,"url":"https:\/\/tinychat.com\/wp-content\/uploads\/2020\/04\/Tinychat-logo-1280x284-new-black.png","type":"image\/png"}],"twitter_card":"summary_large_image","twitter_site":"@tinychat","twitter_misc":{"Geschatte leestijd":"6 minuten"},"schema":{"@context":"https:\/\/schema.org","@graph":[{"@type":"WebPage","@id":"https:\/\/tinychat.com\/randochat\/","url":"https:\/\/tinychat.com\/randochat\/","name":"Randochat - Anoniem chatten en mensen ontmoeten - TinyChat.com","isPartOf":{"@id":"https:\/\/tinychat.com\/#website"},"datePublished":"2025-12-02T06:48:35+00:00","dateModified":"2025-12-02T08:48:18+00:00","description":"Geniet je van Randochat? Sluit je aan bij meer dan 50.000.000 onbekenden op TinyChat! Zet je webcam aan en ontmoet nieuwe mensen, of vind een match.","breadcrumb":{"@id":"https:\/\/tinychat.com\/randochat\/#breadcrumb"},"inLanguage":"nl-NL","potentialAction":[{"@type":"ReadAction","target":["https:\/\/tinychat.com\/randochat\/"]}]},{"@type":"BreadcrumbList","@id":"https:\/\/tinychat.com\/randochat\/#breadcrumb","itemListElement":[{"@type":"ListItem","position":1,"name":"Home","item":"https:\/\/tinychat.com\/"},{"@type":"ListItem","position":2,"name":"Randochat"}]},{"@type":"WebSite","@id":"https:\/\/tinychat.com\/#website","url":"https:\/\/tinychat.com\/","name":"TinyChat","description":"Willekeurige videochat met vreemden","publisher":{"@id":"https:\/\/tinychat.com\/#organization"},"alternateName":"TinyChat.com","potentialAction":[{"@type":"SearchAction","target":{"@type":"EntryPoint","urlTemplate":"https:\/\/tinychat.com\/?s={search_term_string}"},"query-input":{"@type":"PropertyValueSpecification","valueRequired":true,"valueName":"search_term_string"}}],"inLanguage":"nl-NL"},{"@type":"Organization","@id":"https:\/\/tinychat.com\/#organization","name":"TinyChat","alternateName":"TinyChat.com","url":"https:\/\/tinychat.com\/","logo":{"@type":"ImageObject","inLanguage":"nl-NL","@id":"https:\/\/tinychat.com\/#\/schema\/logo\/image\/","url":"https:\/\/tinychat.com\/wp-content\/uploads\/2023\/11\/Tinychat-icon-square.png","contentUrl":"https:\/\/tinychat.com\/wp-content\/uploads\/2023\/11\/Tinychat-icon-square.png","width":284,"height":284,"caption":"TinyChat"},"image":{"@id":"https:\/\/tinychat.com\/#\/schema\/logo\/image\/"},"sameAs":["https:\/\/www.facebook.com\/tinychat","https:\/\/x.com\/tinychat"]}]}},"_links":{"self":[{"href":"https:\/\/tinychat.com\/nl\/wp-json\/wp\/v2\/pages\/10021","targetHints":{"allow":["GET"]}}],"collection":[{"href":"https:\/\/tinychat.com\/nl\/wp-json\/wp\/v2\/pages"}],"about":[{"href":"https:\/\/tinychat.com\/nl\/wp-json\/wp\/v2\/types\/page"}],"author":[{"embeddable":true,"href":"https:\/\/tinychat.com\/nl\/wp-json\/wp\/v2\/users\/6"}],"replies":[{"embeddable":true,"href":"https:\/\/tinychat.com\/nl\/wp-json\/wp\/v2\/comments?post=10021"}],"version-history":[{"count":3,"href":"https:\/\/tinychat.com\/nl\/wp-json\/wp\/v2\/pages\/10021\/revisions"}],"predecessor-version":[{"id":13583,"href":"https:\/\/tinychat.com\/nl\/wp-json\/wp\/v2\/pages\/10021\/revisions\/13583"}],"wp:attachment":[{"href":"https:\/\/tinychat.com\/nl\/wp-json\/wp\/v2\/media?parent=10021"}],"curies":[{"name":"wp","href":"https:\/\/api.w.org\/{rel}","templated":true}]}}