{"id":10206,"date":"2025-05-30T14:48:39","date_gmt":"2025-05-30T12:48:39","guid":{"rendered":"https:\/\/tinychat.com\/?page_id=10206"},"modified":"2025-07-07T18:31:23","modified_gmt":"2025-07-07T16:31:23","slug":"joingy","status":"publish","type":"page","link":"https:\/\/tinychat.com\/nl\/joingy\/","title":{"rendered":"Joingy"},"content":{"rendered":"<p>Joingy heeft een niche voor zichzelf gecre\u00eberd door een platform aan te bieden dat draait om snelheid, eenvoud en anonimiteit. Als je direct in een gesprek wilt springen met een willekeurige <a href=\"https:\/\/tinychat.com\/nl\/strangercam\/\">vreemdeling<\/a> - geen profielen, geen downloads, geen complicaties - Joingy zou zomaar de <a href=\"https:\/\/tinychat.com\/nl\/chatroulette\/\">chat<\/a> site die je zoekt.<\/p>\n<p>Vooral gericht op willekeurige video en tekst <a href=\"https:\/\/tinychat.com\/nl\/chatroulette\/\">chat<\/a>Joingy biedt een schone, effici\u00ebnte ervaring voor gebruikers die real-time interactie willen met mensen over de hele wereld. Of je nu in bent voor de lol, om nieuwe mensen te ontmoeten, of gewoon om de tijd te doden, Joingy's snelle matchmaking en no-frills interface maken het een go-to platform voor spontane gesprekken.<\/p>\n<p>In deze uitgebreide gids bespreken we wat de Joingy is, de belangrijkste kenmerken, hoe hij zich verhoudt tot de concurrentie, veiligheidsoverwegingen en hoe je het meeste uit deze steeds populairder wordende smartphone kunt halen. <a href=\"https:\/\/tinychat.com\/nl\/strangercam\/\">vreemdeling<\/a> <a href=\"https:\/\/tinychat.com\/nl\/chatroulette\/\">chat<\/a> site.<\/p>\n<h2>Wat is Joingy?<\/h2>\n<p>Joingy is een gratis, anonieme video en tekst <a href=\"https:\/\/tinychat.com\/nl\/chatroulette\/\">chat<\/a> platform dat gebruikers willekeurig met elkaar verbindt voor realtime gesprekken. Zoals <a href=\"https:\/\/tinychat.com\/nl\/omegle\/\">Omegle<\/a> en <a href=\"https:\/\/tinychat.com\/nl\/chatroulette\/\">Chatroulette<\/a>gebruikers hoeven zich niet aan te melden of een profiel aan te maken - ze selecteren gewoon een <a href=\"https:\/\/tinychat.com\/nl\/chatroulette\/\">chat<\/a> modus en worden onmiddellijk gekoppeld aan een <a href=\"https:\/\/tinychat.com\/nl\/strangercam\/\">vreemdeling<\/a>.<\/p>\n<p>Wat Joingy onderscheidt is de focus op snelle, \u00e9\u00e9n-op-\u00e9\u00e9n video matchmaking, in combinatie met optionele filtering op basis van interesses en een slank, responsief ontwerp dat goed werkt op desktop en mobiel.<\/p>\n<p>Hoewel het geen <a href=\"https:\/\/tinychat.com\/nl\/chatroulette\/\">chat<\/a> kamers of geavanceerde communityfuncties, Joingy doet wat het heel goed doet: priv\u00e9, anonieme interacties tussen twee mensen tegelijk mogelijk maken.<\/p>\n<h2>Belangrijkste kenmerken van Joingy<\/h2>\n<p>Joingy houdt het simpel - en dat is een groot deel van zijn aantrekkingskracht. Dit zijn de belangrijkste functies van het platform:<\/p>\n<h3>1. Directe video- of tekstchat<\/h3>\n<p>Het hart van Joingy is het \u00e9\u00e9n-op-\u00e9\u00e9n <a href=\"https:\/\/tinychat.com\/nl\/chatroulette\/\">chat<\/a> systeem. Zodra je op de site komt, kun je kiezen tussen alleen tekst of video. <a href=\"https:\/\/tinychat.com\/nl\/chatroulette\/\">chat<\/a>Klik dan op \"Start\" om onmiddellijk verbonden te worden met een willekeurige <a href=\"https:\/\/tinychat.com\/nl\/strangercam\/\">vreemdeling<\/a>.<\/p>\n<p>De interface is snel, licht en werkt zonder vertraging, zelfs op langzamere verbindingen.<\/p>\n<h3>2. Interessetags (trefwoordmatching)<\/h3>\n<p>Om de kans op een zinvolle interactie te vergroten, biedt Joingy op interesse gebaseerde matchmaking. Voordat een sessie wordt gestart, kunnen gebruikers een of meer trefwoorden of onderwerpen invoeren. Het systeem probeert je dan te koppelen aan anderen die dezelfde interesses hebben opgegeven.<\/p>\n<p>Deze functie is ideaal voor mensen die specifieke onderwerpen willen bespreken, gelijkgestemde gebruikers willen ontmoeten of volledig willekeurige gesprekken willen vermijden.<\/p>\n<h3>3. Standaard anoniem<\/h3>\n<p>Joingy vereist geen persoonlijke informatie om te gebruiken. Je hoeft niet in te loggen, geen account aan te maken en geen e-mail vast te leggen. Je wordt gewoon ge\u00efdentificeerd als \"Stranger\" voor anderen en je sessie is tijdelijk en wegwerpbaar.<\/p>\n<p>Deze anonimiteit is een van de kernwaarden van Joingy - het mogelijk maken van eerlijke, ongefilterde communicatie zonder de druk van identiteit of langdurige verbinding.<\/p>\n<h3>4. Browser- en mobielvriendelijk<\/h3>\n<p>Er is geen app nodig. Joingy draait volledig in je browser, met een mobiel-responsieve interface die naadloos werkt op telefoons en tablets.<\/p>\n<p>Hoewel het platform geen mobiele apps (iOS\/Android) biedt, is de webversie volledig geoptimaliseerd voor kleinere schermen en interactie via aanraken.<\/p>\n<h3>5. Automatisch overslaan en snelle herverbinding<\/h3>\n<p>Niet genieten van je huidige <a href=\"https:\/\/tinychat.com\/nl\/chatroulette\/\">chat<\/a>? Klik gewoon op \"Volgende\" om onmiddellijk gekoppeld te worden aan een nieuw iemand. Joingy legt de nadruk op snelheid, dus er is geen laadscherm of vertraging bij het overgaan naar je volgende verbinding.<\/p>\n<p>Je kunt je camera en microfoon ook op elk moment tijdens je sessie in- of uitschakelen.<\/p>\n<h2>Hoe gebruik je Joingy<\/h2>\n<p>Aan de slag gaan met Joingy is heel eenvoudig. Hier is een stap-voor-stap handleiding voor het gebruik van het platform:<\/p>\n<h3>Stap 1: Bezoek de website<\/h3>\n<p>Ga naar joingy.com met een moderne browser. Je komt direct op de hoofdpagina <a href=\"https:\/\/tinychat.com\/nl\/chatroulette\/\">chat<\/a> interface.<\/p>\n<h3>Stap 2: Kies de chatmodus<\/h3>\n<p>Kies tussen:<\/p>\n<ul>\n<li>Video <a href=\"https:\/\/tinychat.com\/nl\/chatroulette\/\">Chat<\/a><\/li>\n<li>Tekst <a href=\"https:\/\/tinychat.com\/nl\/chatroulette\/\">Chat<\/a><\/li>\n<\/ul>\n<p>Je moet camera- en microfoontoegang verlenen voor video <a href=\"https:\/\/tinychat.com\/nl\/chatroulette\/\">chat<\/a>.<\/p>\n<h3>Stap 3: Interessetags toevoegen (optioneel)<\/h3>\n<p>Typ onderwerpen in die je interesseren - bijvoorbeeld: \"muziek\", \"anime\", \"filosofie\" of \"grappige mensen\". Dit helpt het systeem om je te koppelen aan anderen met dezelfde tags.<\/p>\n<h3>Stap 4: Klik op \"Starten\".<\/h3>\n<p>Als je klaar bent, klik je op \"Start\" en word je verbonden met een <a href=\"https:\/\/tinychat.com\/nl\/strangercam\/\">vreemdeling<\/a> direct. De <a href=\"https:\/\/tinychat.com\/nl\/chatroulette\/\">chat<\/a> venster toont jouw video en die van hen (als je video gebruikt), samen met een eenvoudige berichteninterface.<\/p>\n<h3>Stap 5: Chat overslaan of be\u00ebindigen<\/h3>\n<p>Je kunt het gesprek op elk moment verlaten door op \"Overslaan\" te klikken om naar een nieuwe <a href=\"https:\/\/tinychat.com\/nl\/strangercam\/\">vreemdeling<\/a> of \"Stop\" om de sessie volledig te be\u00ebindigen.<\/p>\n<h2>Gebruikerservaring op Joingy<\/h2>\n<p>Joingy is gericht op snelheid, eenvoud en een strak ontwerp. Voor mensen die gewend zijn aan lompe interfaces of reclameachtige <a href=\"https:\/\/tinychat.com\/nl\/chatroulette\/\">chat<\/a> sites voelt Joingy verfrissend modern en soepel aan.<\/p>\n<h3>Wat gebruikers leuk vinden<\/h3>\n<ul>\n<li>Minimalistische lay-out zonder afleidingen<\/li>\n<li>Snelle matching zonder vertraging<\/li>\n<li>Geen registratie vereist<\/li>\n<li>Interesse-tags helpen het gesprek te sturen<\/li>\n<li>Werkt even goed op desktop als mobiel<\/li>\n<\/ul>\n<h3>Wat kan worden verbeterd<\/h3>\n<ul>\n<li>Geen mobiele app - alleen browser-ervaring<\/li>\n<li>Geen gebruikersprofielen, vriendenlijst of <a href=\"https:\/\/tinychat.com\/nl\/chatroulette\/\">chat<\/a> geschiedenis<\/li>\n<li>Geen moderatiehulpmiddelen voor gebruikers (bijv. meldknop)<\/li>\n<li>Sommige bots of trollen glippen er nog doorheen<\/li>\n<\/ul>\n<h2>Beoordelingen van echte gebruikers<\/h2>\n<blockquote><p>\"Eerlijk gezegd is Joingy gewoon snel en schoon. Ik hoef me niet aan te melden en kan in minder dan vijf seconden met iemand praten.\"<br \/>\n- Marco J., Trustpilot<\/p><\/blockquote>\n<blockquote><p>\"Ik gebruik het om Spaans te oefenen met willekeurige mensen. De interessetags werken soms echt. Het is beter dan <a href=\"https:\/\/tinychat.com\/nl\/omegle\/\">Omegle<\/a>.\"<br \/>\n- Anya T., Reddit<\/p><\/blockquote>\n<blockquote><p>\"Goed voor snelle chats. Maar zoals de meeste <a href=\"https:\/\/tinychat.com\/nl\/chatroulette\/\">chat<\/a> sites, moet je een paar weirdo's overslaan voordat je een goed gesprek vindt.\"<br \/>\n- Raymond M., Sitejabber<\/p><\/blockquote>\n<h2>Joingy vs Andere Video Chat Platforms<\/h2>\n<p>Laten we eens kijken hoe Joingy het doet in vergelijking met populaire alternatieven in de steekproef <a href=\"https:\/\/tinychat.com\/nl\/chatroulette\/\">chat<\/a> ruimte:<\/p>\n<table>\n<thead>\n<tr>\n<th>Functie<\/th>\n<th>Joingy<\/th>\n<th><a href=\"https:\/\/tinychat.com\/nl\/omegle\/\">Omegle<\/a><\/th>\n<th><a href=\"https:\/\/tinychat.com\/nl\/chatroulette\/\">Chatroulette<\/a><\/th>\n<th><a href=\"https:\/\/tinychat.com\/nl\/chathub\/\">ChatHub<\/a><\/th>\n<th><a href=\"https:\/\/tinychat.com\/nl\/ometv\/\">OmeTV<\/a><\/th>\n<\/tr>\n<\/thead>\n<tbody>\n<tr>\n<td>Directe video <a href=\"https:\/\/tinychat.com\/nl\/chatroulette\/\">Chat<\/a><\/td>\n<td>Ja<\/td>\n<td>Ja<\/td>\n<td>Ja<\/td>\n<td>Ja<\/td>\n<td>Ja<\/td>\n<\/tr>\n<tr>\n<td>Tekst <a href=\"https:\/\/tinychat.com\/nl\/chatroulette\/\">Chat<\/a> Optie<\/td>\n<td>Ja<\/td>\n<td>Ja<\/td>\n<td>Ja<\/td>\n<td>Ja<\/td>\n<td>Ja<\/td>\n<\/tr>\n<tr>\n<td>Interesse Tags<\/td>\n<td>Ja<\/td>\n<td>Ja<\/td>\n<td>Nee<\/td>\n<td>Nee<\/td>\n<td>Nee<\/td>\n<\/tr>\n<tr>\n<td>Anoniem gebruik<\/td>\n<td>Ja<\/td>\n<td>Ja<\/td>\n<td>Ja<\/td>\n<td>Ja<\/td>\n<td>Ja<\/td>\n<\/tr>\n<tr>\n<td>Geen registratie<\/td>\n<td>Ja<\/td>\n<td>Ja<\/td>\n<td>Ja<\/td>\n<td>Ja<\/td>\n<td>Ja<\/td>\n<\/tr>\n<tr>\n<td>Hulpmiddelen voor moderatie<\/td>\n<td>\u26a0\ufe0f Minimaal<\/td>\n<td>\u26a0\ufe0f Slecht<\/td>\n<td>Matig<\/td>\n<td>Sterk<\/td>\n<td>Sterk<\/td>\n<\/tr>\n<tr>\n<td>Mobiele app<\/td>\n<td>Geen app<\/td>\n<td>Nee<\/td>\n<td>Ja<\/td>\n<td>Geen app<\/td>\n<td>Ja<\/td>\n<\/tr>\n<tr>\n<td>Videokwaliteit<\/td>\n<td>Goed<\/td>\n<td>\u26a0\ufe0f Varieert<\/td>\n<td>Goed<\/td>\n<td>Uitstekend<\/td>\n<td>Goed<\/td>\n<\/tr>\n<\/tbody>\n<\/table>\n<p>Samenvatting: Joingy biedt een van de snelste en eenvoudigste video's die er zijn. <a href=\"https:\/\/tinychat.com\/nl\/chatroulette\/\">chat<\/a> ervaringen online, rivaliserend met <a href=\"https:\/\/tinychat.com\/nl\/omegle\/\">Omegle<\/a> in toegankelijkheid, maar met een schoner ontwerp en handige interessefilters.<\/p>\n<h2>Is Joingy veilig?<\/h2>\n<p>Joingy doet zijn best om anonieme, priv\u00e9 \u00e9\u00e9n-op-\u00e9\u00e9n chats aan te bieden, maar de veiligheid hangt sterk af van de gebruiker. In tegenstelling tot sommige andere platforms, biedt Joingy geen duidelijke rapportage tools of zichtbare moderators.<\/p>\n<h3>Potenti\u00eble risico's<\/h3>\n<ul>\n<li>Ongepaste inhoud in videochats<\/li>\n<li>Bots of gescripte spam in tekstmodus<\/li>\n<li>Geen leeftijdscontrole - tieners kunnen worden blootgesteld aan inhoud voor volwassenen<\/li>\n<\/ul>\n<h3>Beste praktijken voor veilig gebruik<\/h3>\n<ul>\n<li>Deel nooit persoonlijke informatie (naam, adres, sociale media)<\/li>\n<li>Klik niet op links gedeeld door andere gebruikers<\/li>\n<li>Onmiddellijk overslaan als een gebruiker zich ongepast gedraagt<\/li>\n<li>Gebruik de site in een gemodereerde omgeving (bijv. thuis, geen openbare Wi-Fi)<\/li>\n<li>Overweeg het gebruik van een VPN voor extra privacy<\/li>\n<\/ul>\n<h2>Tips om het meeste uit Joingy te halen<\/h2>\n<ul>\n<li>Gebruik interessetags verstandig - nicheonderwerpen helpen betere matches te filteren<\/li>\n<li>Gebruik een hoofdtelefoon voor helderder geluid en meer privacy<\/li>\n<li>Zorg voor goede verlichting voor boeiende videochats<\/li>\n<li>Wees niet bang om over te slaan - je bent niet verplicht om te blijven in een <a href=\"https:\/\/tinychat.com\/nl\/chatroulette\/\">chat<\/a><\/li>\n<li>Probeer op verschillende tijden te chatten - gebruikersdemografie verschilt per regio en tijdzone<\/li>\n<\/ul>\n<h2>Problemen oplossen<\/h2>\n<h3>Camera of microfoon werkt niet<\/h3>\n<p>Controleer of uw browser rechten heeft ingeschakeld. Probeer te verversen of gebruik een andere browser (Chrome werkt het beste).<\/p>\n<h3>Leeg of zwart videoscherm<\/h3>\n<p>Het kan aan de andere gebruiker liggen. Sla over en probeer het opnieuw. Controleer ook of je camera niet in gebruik is door een andere app.<\/p>\n<h3>Belangenafstemming werkt niet<\/h3>\n<p>Gebruik bredere of meer algemene zoekwoorden. Soms hebben nicheonderwerpen niet genoeg actieve gebruikers.<\/p>\n<h3>Ongepast gedrag<\/h3>\n<p>Joingy heeft momenteel geen meldknop voor gebruikers. U kunt het beste meteen overslaan.<\/p>\n<p>Joingy levert precies wat het belooft: een schone, no-login manier om <a href=\"https:\/\/tinychat.com\/nl\/talk-to-strangers\/\">met vreemden praten<\/a> via tekst of video. Met functies zoals interesse tags en mobiele compatibiliteit, is het een uitstekende keuze voor casual gebruikers die een gemakkelijke manier willen om iemand nieuw te ontmoeten.<\/p>\n<p>Het is niet zonder gebreken - beperkte moderatie en het gebrek aan app-ondersteuning kan sommige gebruikers afschrikken - maar voor degenen die prioriteit geven aan eenvoud, snelheid en anonimiteit, is de Joingy een sterke mededinger in de steekproef <a href=\"https:\/\/tinychat.com\/nl\/chatroulette\/\">chat<\/a> ruimte.<\/p>\n<p>Dus als je in de stemming bent voor een ongefilterd gesprek, of gewoon zin hebt om een <a href=\"https:\/\/tinychat.com\/nl\/strangercam\/\">vreemdeling<\/a> en zien waar het heen gaat, probeer Joingy eens op joingy.com. E\u00e9n klik is voldoende.<\/p>","protected":false},"excerpt":{"rendered":"<p>Joingy has carved out a niche for itself by offering a platform that is all about speed, simplicity, and anonymity. If you&#8217;re looking to instantly jump into a conversation with a random stranger \u2014 no profiles, no downloads, no complications \u2014 Joingy might just be the chat site you&#8217;re looking for. Focused primarily on random [&hellip;]<\/p>\n","protected":false},"author":6,"featured_media":0,"parent":0,"menu_order":0,"comment_status":"closed","ping_status":"closed","template":"","meta":{"footnotes":""},"class_list":["post-10206","page","type-page","status-publish","hentry"],"yoast_head":"<!-- This site is optimized with the Yoast SEO plugin v27.6 - https:\/\/yoast.com\/product\/yoast-seo-wordpress\/ -->\n<title>Joingy - Join the Stranger Cam Chat - TinyChat.com<\/title>\n<meta name=\"description\" content=\"Enjoying Joingy? Join over 50,000,000 strangers on TinyChat! Turn on your cam and start meeting new people, or find a match.\" \/>\n<meta name=\"robots\" content=\"index, follow, max-snippet:-1, max-image-preview:large, max-video-preview:-1\" \/>\n<link rel=\"canonical\" href=\"https:\/\/tinychat.com\/nl\/joingy\/\" \/>\n<meta property=\"og:locale\" content=\"nl_NL\" \/>\n<meta property=\"og:type\" content=\"article\" \/>\n<meta property=\"og:title\" content=\"Joingy - Join the Stranger Cam Chat - TinyChat.com\" \/>\n<meta property=\"og:description\" content=\"Enjoying Joingy? Join over 50,000,000 strangers on TinyChat! Turn on your cam and start meeting new people, or find a match.\" \/>\n<meta property=\"og:url\" content=\"https:\/\/tinychat.com\/nl\/joingy\/\" \/>\n<meta property=\"og:site_name\" content=\"TinyChat\" \/>\n<meta property=\"article:publisher\" content=\"https:\/\/www.facebook.com\/tinychat\" \/>\n<meta property=\"article:modified_time\" content=\"2025-07-07T16:31:23+00:00\" \/>\n<meta property=\"og:image\" content=\"https:\/\/tinychat.com\/wp-content\/uploads\/2020\/04\/Tinychat-logo-1280x284-new-black.png\" \/>\n\t<meta property=\"og:image:width\" content=\"1280\" \/>\n\t<meta property=\"og:image:height\" content=\"284\" \/>\n\t<meta property=\"og:image:type\" content=\"image\/png\" \/>\n<meta name=\"twitter:card\" content=\"summary_large_image\" \/>\n<meta name=\"twitter:site\" content=\"@tinychat\" \/>\n<meta name=\"twitter:label1\" content=\"Geschatte leestijd\" \/>\n\t<meta name=\"twitter:data1\" content=\"6 minuten\" \/>\n<script type=\"application\/ld+json\" class=\"yoast-schema-graph\">{\"@context\":\"https:\\\/\\\/schema.org\",\"@graph\":[{\"@type\":\"WebPage\",\"@id\":\"https:\\\/\\\/tinychat.com\\\/joingy\\\/\",\"url\":\"https:\\\/\\\/tinychat.com\\\/joingy\\\/\",\"name\":\"Joingy - Join the Stranger Cam Chat - TinyChat.com\",\"isPartOf\":{\"@id\":\"https:\\\/\\\/tinychat.com\\\/#website\"},\"datePublished\":\"2025-05-30T12:48:39+00:00\",\"dateModified\":\"2025-07-07T16:31:23+00:00\",\"description\":\"Enjoying Joingy? Join over 50,000,000 strangers on TinyChat! Turn on your cam and start meeting new people, or find a match.\",\"breadcrumb\":{\"@id\":\"https:\\\/\\\/tinychat.com\\\/joingy\\\/#breadcrumb\"},\"inLanguage\":\"nl-NL\",\"potentialAction\":[{\"@type\":\"ReadAction\",\"target\":[\"https:\\\/\\\/tinychat.com\\\/joingy\\\/\"]}]},{\"@type\":\"BreadcrumbList\",\"@id\":\"https:\\\/\\\/tinychat.com\\\/joingy\\\/#breadcrumb\",\"itemListElement\":[{\"@type\":\"ListItem\",\"position\":1,\"name\":\"Home\",\"item\":\"https:\\\/\\\/tinychat.com\\\/\"},{\"@type\":\"ListItem\",\"position\":2,\"name\":\"Joingy\"}]},{\"@type\":\"WebSite\",\"@id\":\"https:\\\/\\\/tinychat.com\\\/#website\",\"url\":\"https:\\\/\\\/tinychat.com\\\/\",\"name\":\"TinyChat\",\"description\":\"Random Video Chat with Strangers\",\"publisher\":{\"@id\":\"https:\\\/\\\/tinychat.com\\\/#organization\"},\"alternateName\":\"TinyChat.com\",\"potentialAction\":[{\"@type\":\"SearchAction\",\"target\":{\"@type\":\"EntryPoint\",\"urlTemplate\":\"https:\\\/\\\/tinychat.com\\\/?s={search_term_string}\"},\"query-input\":{\"@type\":\"PropertyValueSpecification\",\"valueRequired\":true,\"valueName\":\"search_term_string\"}}],\"inLanguage\":\"nl-NL\"},{\"@type\":\"Organization\",\"@id\":\"https:\\\/\\\/tinychat.com\\\/#organization\",\"name\":\"TinyChat\",\"alternateName\":\"TinyChat.com\",\"url\":\"https:\\\/\\\/tinychat.com\\\/\",\"logo\":{\"@type\":\"ImageObject\",\"inLanguage\":\"nl-NL\",\"@id\":\"https:\\\/\\\/tinychat.com\\\/#\\\/schema\\\/logo\\\/image\\\/\",\"url\":\"https:\\\/\\\/tinychat.com\\\/wp-content\\\/uploads\\\/2023\\\/11\\\/Tinychat-icon-square.png\",\"contentUrl\":\"https:\\\/\\\/tinychat.com\\\/wp-content\\\/uploads\\\/2023\\\/11\\\/Tinychat-icon-square.png\",\"width\":284,\"height\":284,\"caption\":\"TinyChat\"},\"image\":{\"@id\":\"https:\\\/\\\/tinychat.com\\\/#\\\/schema\\\/logo\\\/image\\\/\"},\"sameAs\":[\"https:\\\/\\\/www.facebook.com\\\/tinychat\",\"https:\\\/\\\/x.com\\\/tinychat\"]}]}<\/script>\n<!-- \/ Yoast SEO plugin. -->","yoast_head_json":{"title":"Joingy - Doe mee aan de Stranger Cam Chat - TinyChat.com","description":"Genieten van Joingy? Sluit je aan bij meer dan 50.000.000 vreemden op TinyChat! Zet je cam aan en begin nieuwe mensen te ontmoeten, of zoek een match.","robots":{"index":"index","follow":"follow","max-snippet":"max-snippet:-1","max-image-preview":"max-image-preview:large","max-video-preview":"max-video-preview:-1"},"canonical":"https:\/\/tinychat.com\/nl\/joingy\/","og_locale":"nl_NL","og_type":"article","og_title":"Joingy - Join the Stranger Cam Chat - TinyChat.com","og_description":"Enjoying Joingy? Join over 50,000,000 strangers on TinyChat! Turn on your cam and start meeting new people, or find a match.","og_url":"https:\/\/tinychat.com\/nl\/joingy\/","og_site_name":"TinyChat","article_publisher":"https:\/\/www.facebook.com\/tinychat","article_modified_time":"2025-07-07T16:31:23+00:00","og_image":[{"width":1280,"height":284,"url":"https:\/\/tinychat.com\/wp-content\/uploads\/2020\/04\/Tinychat-logo-1280x284-new-black.png","type":"image\/png"}],"twitter_card":"summary_large_image","twitter_site":"@tinychat","twitter_misc":{"Geschatte leestijd":"6 minuten"},"schema":{"@context":"https:\/\/schema.org","@graph":[{"@type":"WebPage","@id":"https:\/\/tinychat.com\/joingy\/","url":"https:\/\/tinychat.com\/joingy\/","name":"Joingy - Doe mee aan de Stranger Cam Chat - TinyChat.com","isPartOf":{"@id":"https:\/\/tinychat.com\/#website"},"datePublished":"2025-05-30T12:48:39+00:00","dateModified":"2025-07-07T16:31:23+00:00","description":"Genieten van Joingy? Sluit je aan bij meer dan 50.000.000 vreemden op TinyChat! Zet je cam aan en begin nieuwe mensen te ontmoeten, of zoek een match.","breadcrumb":{"@id":"https:\/\/tinychat.com\/joingy\/#breadcrumb"},"inLanguage":"nl-NL","potentialAction":[{"@type":"ReadAction","target":["https:\/\/tinychat.com\/joingy\/"]}]},{"@type":"BreadcrumbList","@id":"https:\/\/tinychat.com\/joingy\/#breadcrumb","itemListElement":[{"@type":"ListItem","position":1,"name":"Home","item":"https:\/\/tinychat.com\/"},{"@type":"ListItem","position":2,"name":"Joingy"}]},{"@type":"WebSite","@id":"https:\/\/tinychat.com\/#website","url":"https:\/\/tinychat.com\/","name":"TinyChat","description":"Willekeurige videochat met vreemden","publisher":{"@id":"https:\/\/tinychat.com\/#organization"},"alternateName":"TinyChat.com","potentialAction":[{"@type":"SearchAction","target":{"@type":"EntryPoint","urlTemplate":"https:\/\/tinychat.com\/?s={search_term_string}"},"query-input":{"@type":"PropertyValueSpecification","valueRequired":true,"valueName":"search_term_string"}}],"inLanguage":"nl-NL"},{"@type":"Organization","@id":"https:\/\/tinychat.com\/#organization","name":"TinyChat","alternateName":"TinyChat.com","url":"https:\/\/tinychat.com\/","logo":{"@type":"ImageObject","inLanguage":"nl-NL","@id":"https:\/\/tinychat.com\/#\/schema\/logo\/image\/","url":"https:\/\/tinychat.com\/wp-content\/uploads\/2023\/11\/Tinychat-icon-square.png","contentUrl":"https:\/\/tinychat.com\/wp-content\/uploads\/2023\/11\/Tinychat-icon-square.png","width":284,"height":284,"caption":"TinyChat"},"image":{"@id":"https:\/\/tinychat.com\/#\/schema\/logo\/image\/"},"sameAs":["https:\/\/www.facebook.com\/tinychat","https:\/\/x.com\/tinychat"]}]}},"_links":{"self":[{"href":"https:\/\/tinychat.com\/nl\/wp-json\/wp\/v2\/pages\/10206","targetHints":{"allow":["GET"]}}],"collection":[{"href":"https:\/\/tinychat.com\/nl\/wp-json\/wp\/v2\/pages"}],"about":[{"href":"https:\/\/tinychat.com\/nl\/wp-json\/wp\/v2\/types\/page"}],"author":[{"embeddable":true,"href":"https:\/\/tinychat.com\/nl\/wp-json\/wp\/v2\/users\/6"}],"replies":[{"embeddable":true,"href":"https:\/\/tinychat.com\/nl\/wp-json\/wp\/v2\/comments?post=10206"}],"version-history":[{"count":3,"href":"https:\/\/tinychat.com\/nl\/wp-json\/wp\/v2\/pages\/10206\/revisions"}],"predecessor-version":[{"id":13198,"href":"https:\/\/tinychat.com\/nl\/wp-json\/wp\/v2\/pages\/10206\/revisions\/13198"}],"wp:attachment":[{"href":"https:\/\/tinychat.com\/nl\/wp-json\/wp\/v2\/media?parent=10206"}],"curies":[{"name":"wp","href":"https:\/\/api.w.org\/{rel}","templated":true}]}}