{"id":11180,"date":"2025-12-02T08:44:24","date_gmt":"2025-12-02T06:44:24","guid":{"rendered":"https:\/\/tinychat.com\/?page_id=11180"},"modified":"2025-12-02T10:48:23","modified_gmt":"2025-12-02T08:48:23","slug":"randomskip","status":"publish","type":"page","link":"https:\/\/tinychat.com\/nl\/randomskip\/","title":{"rendered":"Randomskip"},"content":{"rendered":"<p>De beste online ervaringen zijn vaak de eenvoudigste \u2014 en Randomskip bewijst dat. Randomskip is gemaakt voor mensen die op zoek zijn naar echte, spontane interactie. Met Randomskip kun je direct nieuwe mensen ontmoeten via live videochat, zonder registratie, kosten of ingewikkelde functies. Open gewoon de site, klik op \u201cStart\u201d en je staat oog in oog met iemand uit een ander deel van de wereld.<\/p>\n<p>Het is snel, anoniem en verrassend boeiend \u2014 het brengt de spanning van de willekeurige chatcultuur van het vroege internet terug, maar dan met soepelere technologie en een modern ontwerp. Of je nu de tijd wilt doden, mensen over de grenzen heen wilt ontmoeten of gewoon wilt genieten van een ongedwongen gesprek, Randomskip maakt het moeiteloos.<\/p>\n<p>Deze uitgebreide review behandelt wat Randomskip is, de belangrijkste functies, hoe je het gebruikt, hoe de gebruikerservaring is, hoe het zich verhoudt tot concurrenten en essenti\u00eble veiligheids- en gebruikstips om het meeste uit je tijd online te halen.<\/p>\n<h2>Wat is Randomskip?<\/h2>\n<p>Randomskip is een gratis platform voor willekeurige videochats dat is ontworpen om vreemden direct via webcam met elkaar in contact te brengen. Het concept is eenvoudig maar verslavend: elke keer dat je op \u201cVolgende\u201d klikt, word je gekoppeld aan een nieuwe persoon \u2014 vandaar de naam. <em>Randomskip.<\/em><\/p>\n<p>Je hebt geen account, profiel of app nodig. Het werkt allemaal via je browser, is priv\u00e9 en direct. Randomskip richt zich volledig op snelheid en spontaniteit, zodat gebruikers kunnen binnenlopen, praten en weer verdergaan wanneer ze maar willen.<\/p>\n<p>De eenvoud van het platform is zijn grootste kracht: er zijn geen afleidingen, geen wachttijden en geen algoritmen die bepalen wie je ontmoet \u2014 alleen pure, willekeurige connecties.<\/p>\n<h2>Belangrijkste kenmerken van Randomskip<\/h2>\n<p>Randomskip biedt alle essenti\u00eble elementen voor een geweldige willekeurige chat-ervaring en combineert gebruiksgemak met solide functionaliteit.<\/p>\n<h3>1. E\u00e9n-op-\u00e9\u00e9n videochat<\/h3>\n<ul>\n<li>Ontmoet direct nieuwe mensen via live webcam.<\/li>\n<li>Vloeiende video- en audiokwaliteit voor natuurlijke gesprekken.<\/li>\n<li>Werkt volledig in uw browser \u2014 geen app of download nodig.<\/li>\n<\/ul>\n<h3>2. Knop Overslaan<\/h3>\n<ul>\n<li>Ga met \u00e9\u00e9n klik direct naar de volgende chat.<\/li>\n<li>Zorgt ervoor dat de ervaring snel en spannend blijft.<\/li>\n<li>Stimuleert ontdekkingen en spontaniteit.<\/li>\n<\/ul>\n<h3>3. Integratie tekstchat<\/h3>\n<ul>\n<li>Ingebouwde tekstoptie naast video.<\/li>\n<li>Perfect voor rustigere omgevingen of wanneer u liever typt.<\/li>\n<\/ul>\n<h3>4. Wereldwijde gebruikersbasis<\/h3>\n<ul>\n<li>Maak contact met mensen van over de hele wereld.<\/li>\n<li>Leer over nieuwe culturen of oefen andere talen.<\/li>\n<\/ul>\n<h3>5. Compatibiliteit met mobiele apparaten en desktopcomputers<\/h3>\n<ul>\n<li>Werkt naadloos op smartphones, tablets en computers.<\/li>\n<li>Volledig responsieve interface die zich aanpast aan uw apparaat.<\/li>\n<\/ul>\n<h3>6. Geen registratie vereist<\/h3>\n<ul>\n<li>Begin direct met chatten zonder registratie of account.<\/li>\n<li>Volledige anonimiteit voor gebruikers die privacy belangrijk vinden.<\/li>\n<\/ul>\n<h3>7. 100% Vrije toegang<\/h3>\n<ul>\n<li>Geen abonnementen, verborgen kosten of functies waarvoor je moet betalen om ze te ontgrendelen.<\/li>\n<li>Elke functie staat open voor alle gebruikers.<\/li>\n<\/ul>\n<h3>8. Moderne, overzichtelijke interface<\/h3>\n<ul>\n<li>Minimalistisch ontwerp voor eenvoudige navigatie.<\/li>\n<li>De focus blijft op echte gesprekken, niet op rommelige menu's.<\/li>\n<\/ul>\n<h2>Hoe Randomskip te gebruiken<\/h2>\n<p>Aan de slag gaan met Randomskip duurt slechts enkele seconden \u2014 u hoeft niets te downloaden, installeren of configureren.<\/p>\n<h3>Stap 1: Bezoek de website<\/h3>\n<p>Ga naar Randomskip.com in uw webbrowser.<\/p>\n<h3>Stap 2: Machtigingen toestaan<\/h3>\n<p>Geef toegang tot je camera en microfoon wanneer daarom wordt gevraagd.<\/p>\n<h3>Stap 3: Klik op \u201cStarten\u201d.\u201d<\/h3>\n<p>Je wordt direct verbonden met een willekeurige vreemdeling.<\/p>\n<h3>Stap 4: Chatten of overslaan<\/h3>\n<p>Geniet van het gesprek \u2014 of klik op \u201cVolgende\u201d om iemand anders te ontmoeten.<\/p>\n<h3>Stap 5: Blijf verkennen<\/h3>\n<p>Er is geen limiet aan het aantal mensen dat je kunt ontmoeten. Elke \u201cskip\u201d opent een nieuwe mogelijkheid.<\/p>\n<p>Dat is alles \u2014 geen logins, geen profielen, alleen realtime gesprekken.<\/p>\n<h2>Gebruikerservaring op Randomskip<\/h2>\n<p>Randomskip draait helemaal om snelheid, eenvoud en spontaniteit. Het is ontworpen voor gebruikers die direct menselijk contact willen zonder complicaties.<\/p>\n<h3>Wat gebruikers leuk vinden<\/h3>\n<ul>\n<li>Zeer eenvoudig in gebruik \u2014 gewoon klikken en chatten.<\/li>\n<li>Geen registratie of installatie vereist.<\/li>\n<li>Snelle, soepele verbindingen met minimale vertraging.<\/li>\n<li>Werkt goed op mobiel en desktop.<\/li>\n<li>100% gratis en priv\u00e9.<\/li>\n<\/ul>\n<h3>Waar gebruikers ruimte voor verbetering zien<\/h3>\n<ul>\n<li>Geen filters op geslacht of locatie (volledig willekeurig).<\/li>\n<li>Beperkte moderatietools tijdens daluren.<\/li>\n<li>Kan geen verbinding maken met eerdere chats.<\/li>\n<li>Af en toe periodes met weinig activiteit, afhankelijk van de tijdzone.<\/li>\n<\/ul>\n<p>Ondanks deze beperkingen blijft Randomskip een van de meest eenvoudige en plezierige willekeurige videochat-ervaringen online.<\/p>\n<h2>Randomskip versus andere chatplatforms<\/h2>\n<p>Hieronder ziet u hoe Randomskip zich verhoudt tot andere grote platforms:<\/p>\n<table>\n<thead>\n<tr>\n<th>Functie<\/th>\n<th>Randomskip<\/th>\n<th>Omegle<\/th>\n<th>Chatroulette<\/th>\n<th>ChatHub<\/th>\n<th>Emerald Chat<\/th>\n<th>Umingle<\/th>\n<\/tr>\n<\/thead>\n<tbody>\n<tr>\n<td>Random Video Chat met Vreemden<\/td>\n<td>Ja<\/td>\n<td>Ja<\/td>\n<td>Ja<\/td>\n<td>Ja<\/td>\n<td>Ja<\/td>\n<td>Ja<\/td>\n<\/tr>\n<tr>\n<td>Tekstchatoptie<\/td>\n<td>Ja<\/td>\n<td>Ja<\/td>\n<td>Ja<\/td>\n<td>Ja<\/td>\n<td>Ja<\/td>\n<td>Ja<\/td>\n<\/tr>\n<tr>\n<td>Overslaan-knop<\/td>\n<td>Ja<\/td>\n<td>Ja<\/td>\n<td>Ja<\/td>\n<td>Ja<\/td>\n<td>Ja<\/td>\n<td>Ja<\/td>\n<\/tr>\n<tr>\n<td>Registratie vereist<\/td>\n<td>Nee<\/td>\n<td>Nee<\/td>\n<td>Nee<\/td>\n<td>Optioneel<\/td>\n<td>Optioneel<\/td>\n<td>Nee<\/td>\n<\/tr>\n<tr>\n<td>Filters (geslacht\/locatie)<\/td>\n<td>Nee<\/td>\n<td>Nee<\/td>\n<td>Beperkt<\/td>\n<td>Ja<\/td>\n<td>Ja<\/td>\n<td>Nee<\/td>\n<\/tr>\n<tr>\n<td>Gratis toegang<\/td>\n<td>Altijd<\/td>\n<td>Altijd<\/td>\n<td>Altijd<\/td>\n<td>Ja<\/td>\n<td>Ja<\/td>\n<td>Altijd<\/td>\n<\/tr>\n<tr>\n<td>Mobielvriendelijk<\/td>\n<td>Ja<\/td>\n<td>Ja<\/td>\n<td>Ja<\/td>\n<td>Ja<\/td>\n<td>Ja<\/td>\n<td>Ja<\/td>\n<\/tr>\n<tr>\n<td>Anonimiteit<\/td>\n<td>Sterk<\/td>\n<td>Sterk<\/td>\n<td>Sterk<\/td>\n<td>Matig<\/td>\n<td>Matig<\/td>\n<td>Sterk<\/td>\n<\/tr>\n<\/tbody>\n<\/table>\n<p>Samenvatting: Randomskip combineert de spontaniteit van Omegle met een strakkere, moderne interface. Het is het ideale platform voor gebruikers die gewoon snelle, gratis gesprekken willen voeren zonder verplichtingen.<\/p>\n<h2>Is Randomskip veilig?<\/h2>\n<p>Randomskip legt de nadruk op privacy en gebruikerscontrole \u2014 jij bepaalt wanneer je een chat start, overslaat of verlaat. Er wordt niet om persoonlijke informatie gevraagd, waardoor interacties zo priv\u00e9 mogelijk blijven.<\/p>\n<h3>Ingebouwde veiligheidsfuncties<\/h3>\n<ul>\n<li>Anoniem chatten zonder accounts of profielen.<\/li>\n<li>Sla de knop over om een chat direct te verlaten.<\/li>\n<li>Chats zijn tijdelijk en worden niet opgenomen.<\/li>\n<li>Optie om beledigend of ongepast gedrag te melden.<\/li>\n<\/ul>\n<h3>Veiligheidstips voor gebruikers<\/h3>\n<ul>\n<li>Deel nooit persoonlijke informatie (naam, adres, sociale media-accounts).<\/li>\n<li>Gebruik een neutrale achtergrond wanneer u voor de camera staat.<\/li>\n<li>Be\u00ebindig elk gesprek dat ongemakkelijk of verdacht aanvoelt.<\/li>\n<li>Ouders moeten toezicht houden op het gebruik van willekeurige chatplatforms door minderjarigen.<\/li>\n<li>Gebruik een VPN voor extra privacy en bescherming.<\/li>\n<\/ul>\n<p>Met deze voorzorgsmaatregelen kan Randomskip veilig en met vertrouwen worden gebruikt door iedereen die op zoek is naar echte online interactie.<\/p>\n<hr \/>\n<h2>Tips om het meeste uit Randomskip te halen<\/h2>\n<ul>\n<li>Sta open voor toeval: het leuke is dat je mensen ontmoet die je anders nooit zou tegenkomen.<\/li>\n<li>Houd gesprekken luchtig: humor, muziek of reizen zijn goede gespreksonderwerpen om mee te beginnen.<\/li>\n<li>Gebruik een hoofdtelefoon: verbetert de geluidskwaliteit en privacy.<\/li>\n<li>Goede verlichting helpt: het maakt je video aantrekkelijker en vriendelijker.<\/li>\n<li>Chatten tijdens piekmomenten: 's Avonds en in het weekend zijn er meestal meer gebruikers.<\/li>\n<li>Aarzel niet om over te slaan: niet elke chat zal een match zijn \u2014 dat hoort bij de ervaring.<\/li>\n<\/ul>\n<p>Deze kleine tips helpen je om een betere eerste indruk te maken en soepelere, meer lonende gesprekken te voeren.<\/p>\n<h2>Veelvoorkomende problemen en oplossingen<\/h2>\n<h3>Probleem: camera of microfoon werkt niet<\/h3>\n<ul>\n<li>Controleer de privacy-instellingen van uw browser.<\/li>\n<li>Ververs de pagina of start uw apparaat opnieuw op.<\/li>\n<li>Zorg ervoor dat geen enkele andere app uw camera gebruikt.<\/li>\n<\/ul>\n<h3>Probleem: trage of verbroken verbinding<\/h3>\n<ul>\n<li>Gebruik een stabiele wifi-verbinding in plaats van mobiele data.<\/li>\n<li>Sluit ongebruikte tabbladen of achtergrondprogramma's.<\/li>\n<\/ul>\n<h3>Probleem: weinig gebruikers online<\/h3>\n<ul>\n<li>Probeer het 's avonds of in het weekend.<\/li>\n<li>Wees geduldig \u2014 het wereldwijde verkeer fluctueert per regio.<\/li>\n<\/ul>\n<h3>Probleem: ongepast gedrag<\/h3>\n<ul>\n<li>Direct overslaan.<\/li>\n<li>Meld de gebruiker als er tools beschikbaar zijn.<\/li>\n<\/ul>\n<h2>Waarom mensen kiezen voor Randomskip<\/h2>\n<p>Mensen voelen zich aangetrokken tot Randomskip omdat het precies biedt wat veel moderne sociale apps niet bieden: vrijheid, spontaniteit en authenticiteit.<\/p>\n<p>Ze kiezen het voor:<\/p>\n<ul>\n<li>Directe toegang: geen registratie of aanmelding nodig.<\/li>\n<li>Anonimiteit: chat vrijuit zonder druk.<\/li>\n<li>Snelheid: binnen enkele seconden verbinden of overslaan.<\/li>\n<li>Eenvoud: strakke, afleidingsvrije lay-out.<\/li>\n<li>Toegankelijkheid: werkt op elk apparaat, op elk moment.<\/li>\n<\/ul>\n<p>Het is een platform dat echte mensen, echte gesprekken en echte onvoorspelbaarheid viert.<\/p>\n<h2>Laatste gedachten: is Randomskip het waard om te gebruiken?<\/h2>\n<p>Als je op zoek bent naar een snelle, gratis en anonieme manier om nieuwe mensen te ontmoeten, dan is Randomskip zeker het proberen waard. Het biedt het beste van wat willekeurige videochats zo spannend maakt \u2013 echte menselijke interactie met \u00e9\u00e9n druk op de knop \u2013 en combineert dat met soepelere technologie en moderne prestaties.<\/p>\n<p>Er zijn geen logins, geen betaalmuurtjes en geen barri\u00e8res \u2014 alleen echte gesprekken, ongefilterd en spontaan.<\/p>\n<p>Of je nu wilt:<\/p>\n<ul>\n<li>Breng de tijd door met leuke, willekeurige gesprekken,<\/li>\n<li>Ontdek mensen uit verschillende culturen, of<\/li>\n<li>Herontdek de spanning van online met vreemden praten...<\/li>\n<\/ul>\n<p>Randomskip is de plek om dat te doen.<\/p>\n<p>Randomskip is een eenvoudige, snelle en gratis willekeurige videochatwebsite die je direct in contact brengt met onbekenden over de hele wereld. Het is priv\u00e9, browsergebaseerd en ontworpen voor pure, spontane contacten \u2014 alleen jij, je camera en de wereld die aan de andere kant wacht.<\/p>\n<p>Klaar om naar je volgende chat te gaan? Ga naar Randomskip, klik op \u201cStart\u201d en kijk wie je volgende gesprekspartner wordt.<\/p>","protected":false},"excerpt":{"rendered":"<p>The best online experiences are often the simplest \u2014 and Randomskip proves it. Built for those who crave genuine, spontaneous interaction, Randomskip lets you meet new people instantly through live video chat, without sign-ups, fees, or complicated features. Just open the site, hit \u201cStart,\u201d and you\u2019re face-to-face with someone new from anywhere in the world. [&hellip;]<\/p>\n","protected":false},"author":6,"featured_media":0,"parent":0,"menu_order":0,"comment_status":"closed","ping_status":"closed","template":"","meta":{"footnotes":""},"class_list":["post-11180","page","type-page","status-publish","hentry"],"yoast_head":"<!-- This site is optimized with the Yoast SEO plugin v27.4 - https:\/\/yoast.com\/product\/yoast-seo-wordpress\/ -->\n<title>Randomskip - Free Webcam Chat - TinyChat.com<\/title>\n<meta name=\"description\" content=\"Enjoying Randomskip? Join over 50,000,000 strangers on TinyChat! Turn on your cam and start meeting new people, or find a match.\" \/>\n<meta name=\"robots\" content=\"index, follow, max-snippet:-1, max-image-preview:large, max-video-preview:-1\" \/>\n<link rel=\"canonical\" href=\"https:\/\/tinychat.com\/nl\/randomskip\/\" \/>\n<meta property=\"og:locale\" content=\"nl_NL\" \/>\n<meta property=\"og:type\" content=\"article\" \/>\n<meta property=\"og:title\" content=\"Randomskip - Free Webcam Chat - TinyChat.com\" \/>\n<meta property=\"og:description\" content=\"Enjoying Randomskip? Join over 50,000,000 strangers on TinyChat! Turn on your cam and start meeting new people, or find a match.\" \/>\n<meta property=\"og:url\" content=\"https:\/\/tinychat.com\/nl\/randomskip\/\" \/>\n<meta property=\"og:site_name\" content=\"TinyChat\" \/>\n<meta property=\"article:publisher\" content=\"https:\/\/www.facebook.com\/tinychat\" \/>\n<meta property=\"article:modified_time\" content=\"2025-12-02T08:48:23+00:00\" \/>\n<meta property=\"og:image\" content=\"https:\/\/tinychat.com\/wp-content\/uploads\/2020\/04\/Tinychat-logo-1280x284-new-black.png\" \/>\n\t<meta property=\"og:image:width\" content=\"1280\" \/>\n\t<meta property=\"og:image:height\" content=\"284\" \/>\n\t<meta property=\"og:image:type\" content=\"image\/png\" \/>\n<meta name=\"twitter:card\" content=\"summary_large_image\" \/>\n<meta name=\"twitter:site\" content=\"@tinychat\" \/>\n<meta name=\"twitter:label1\" content=\"Geschatte leestijd\" \/>\n\t<meta name=\"twitter:data1\" content=\"6 minuten\" \/>\n<script type=\"application\/ld+json\" class=\"yoast-schema-graph\">{\"@context\":\"https:\\\/\\\/schema.org\",\"@graph\":[{\"@type\":\"WebPage\",\"@id\":\"https:\\\/\\\/tinychat.com\\\/randomskip\\\/\",\"url\":\"https:\\\/\\\/tinychat.com\\\/randomskip\\\/\",\"name\":\"Randomskip - Free Webcam Chat - TinyChat.com\",\"isPartOf\":{\"@id\":\"https:\\\/\\\/tinychat.com\\\/#website\"},\"datePublished\":\"2025-12-02T06:44:24+00:00\",\"dateModified\":\"2025-12-02T08:48:23+00:00\",\"description\":\"Enjoying Randomskip? Join over 50,000,000 strangers on TinyChat! Turn on your cam and start meeting new people, or find a match.\",\"breadcrumb\":{\"@id\":\"https:\\\/\\\/tinychat.com\\\/randomskip\\\/#breadcrumb\"},\"inLanguage\":\"nl-NL\",\"potentialAction\":[{\"@type\":\"ReadAction\",\"target\":[\"https:\\\/\\\/tinychat.com\\\/randomskip\\\/\"]}]},{\"@type\":\"BreadcrumbList\",\"@id\":\"https:\\\/\\\/tinychat.com\\\/randomskip\\\/#breadcrumb\",\"itemListElement\":[{\"@type\":\"ListItem\",\"position\":1,\"name\":\"Home\",\"item\":\"https:\\\/\\\/tinychat.com\\\/\"},{\"@type\":\"ListItem\",\"position\":2,\"name\":\"Randomskip\"}]},{\"@type\":\"WebSite\",\"@id\":\"https:\\\/\\\/tinychat.com\\\/#website\",\"url\":\"https:\\\/\\\/tinychat.com\\\/\",\"name\":\"TinyChat\",\"description\":\"Random Video Chat with Strangers\",\"publisher\":{\"@id\":\"https:\\\/\\\/tinychat.com\\\/#organization\"},\"alternateName\":\"TinyChat.com\",\"potentialAction\":[{\"@type\":\"SearchAction\",\"target\":{\"@type\":\"EntryPoint\",\"urlTemplate\":\"https:\\\/\\\/tinychat.com\\\/?s={search_term_string}\"},\"query-input\":{\"@type\":\"PropertyValueSpecification\",\"valueRequired\":true,\"valueName\":\"search_term_string\"}}],\"inLanguage\":\"nl-NL\"},{\"@type\":\"Organization\",\"@id\":\"https:\\\/\\\/tinychat.com\\\/#organization\",\"name\":\"TinyChat\",\"alternateName\":\"TinyChat.com\",\"url\":\"https:\\\/\\\/tinychat.com\\\/\",\"logo\":{\"@type\":\"ImageObject\",\"inLanguage\":\"nl-NL\",\"@id\":\"https:\\\/\\\/tinychat.com\\\/#\\\/schema\\\/logo\\\/image\\\/\",\"url\":\"https:\\\/\\\/tinychat.com\\\/wp-content\\\/uploads\\\/2023\\\/11\\\/Tinychat-icon-square.png\",\"contentUrl\":\"https:\\\/\\\/tinychat.com\\\/wp-content\\\/uploads\\\/2023\\\/11\\\/Tinychat-icon-square.png\",\"width\":284,\"height\":284,\"caption\":\"TinyChat\"},\"image\":{\"@id\":\"https:\\\/\\\/tinychat.com\\\/#\\\/schema\\\/logo\\\/image\\\/\"},\"sameAs\":[\"https:\\\/\\\/www.facebook.com\\\/tinychat\",\"https:\\\/\\\/x.com\\\/tinychat\"]}]}<\/script>\n<!-- \/ Yoast SEO plugin. -->","yoast_head_json":{"title":"Randomskip - Gratis webcamchat - TinyChat.com","description":"Geniet u van Randomskip? Sluit u aan bij meer dan 50.000.000 onbekenden op TinyChat! Zet uw webcam aan en ontmoet nieuwe mensen, of vind een match.","robots":{"index":"index","follow":"follow","max-snippet":"max-snippet:-1","max-image-preview":"max-image-preview:large","max-video-preview":"max-video-preview:-1"},"canonical":"https:\/\/tinychat.com\/nl\/randomskip\/","og_locale":"nl_NL","og_type":"article","og_title":"Randomskip - Free Webcam Chat - TinyChat.com","og_description":"Enjoying Randomskip? Join over 50,000,000 strangers on TinyChat! Turn on your cam and start meeting new people, or find a match.","og_url":"https:\/\/tinychat.com\/nl\/randomskip\/","og_site_name":"TinyChat","article_publisher":"https:\/\/www.facebook.com\/tinychat","article_modified_time":"2025-12-02T08:48:23+00:00","og_image":[{"width":1280,"height":284,"url":"https:\/\/tinychat.com\/wp-content\/uploads\/2020\/04\/Tinychat-logo-1280x284-new-black.png","type":"image\/png"}],"twitter_card":"summary_large_image","twitter_site":"@tinychat","twitter_misc":{"Geschatte leestijd":"6 minuten"},"schema":{"@context":"https:\/\/schema.org","@graph":[{"@type":"WebPage","@id":"https:\/\/tinychat.com\/randomskip\/","url":"https:\/\/tinychat.com\/randomskip\/","name":"Randomskip - Gratis webcamchat - TinyChat.com","isPartOf":{"@id":"https:\/\/tinychat.com\/#website"},"datePublished":"2025-12-02T06:44:24+00:00","dateModified":"2025-12-02T08:48:23+00:00","description":"Geniet u van Randomskip? Sluit u aan bij meer dan 50.000.000 onbekenden op TinyChat! Zet uw webcam aan en ontmoet nieuwe mensen, of vind een match.","breadcrumb":{"@id":"https:\/\/tinychat.com\/randomskip\/#breadcrumb"},"inLanguage":"nl-NL","potentialAction":[{"@type":"ReadAction","target":["https:\/\/tinychat.com\/randomskip\/"]}]},{"@type":"BreadcrumbList","@id":"https:\/\/tinychat.com\/randomskip\/#breadcrumb","itemListElement":[{"@type":"ListItem","position":1,"name":"Home","item":"https:\/\/tinychat.com\/"},{"@type":"ListItem","position":2,"name":"Randomskip"}]},{"@type":"WebSite","@id":"https:\/\/tinychat.com\/#website","url":"https:\/\/tinychat.com\/","name":"TinyChat","description":"Willekeurige videochat met vreemden","publisher":{"@id":"https:\/\/tinychat.com\/#organization"},"alternateName":"TinyChat.com","potentialAction":[{"@type":"SearchAction","target":{"@type":"EntryPoint","urlTemplate":"https:\/\/tinychat.com\/?s={search_term_string}"},"query-input":{"@type":"PropertyValueSpecification","valueRequired":true,"valueName":"search_term_string"}}],"inLanguage":"nl-NL"},{"@type":"Organization","@id":"https:\/\/tinychat.com\/#organization","name":"TinyChat","alternateName":"TinyChat.com","url":"https:\/\/tinychat.com\/","logo":{"@type":"ImageObject","inLanguage":"nl-NL","@id":"https:\/\/tinychat.com\/#\/schema\/logo\/image\/","url":"https:\/\/tinychat.com\/wp-content\/uploads\/2023\/11\/Tinychat-icon-square.png","contentUrl":"https:\/\/tinychat.com\/wp-content\/uploads\/2023\/11\/Tinychat-icon-square.png","width":284,"height":284,"caption":"TinyChat"},"image":{"@id":"https:\/\/tinychat.com\/#\/schema\/logo\/image\/"},"sameAs":["https:\/\/www.facebook.com\/tinychat","https:\/\/x.com\/tinychat"]}]}},"_links":{"self":[{"href":"https:\/\/tinychat.com\/nl\/wp-json\/wp\/v2\/pages\/11180","targetHints":{"allow":["GET"]}}],"collection":[{"href":"https:\/\/tinychat.com\/nl\/wp-json\/wp\/v2\/pages"}],"about":[{"href":"https:\/\/tinychat.com\/nl\/wp-json\/wp\/v2\/types\/page"}],"author":[{"embeddable":true,"href":"https:\/\/tinychat.com\/nl\/wp-json\/wp\/v2\/users\/6"}],"replies":[{"embeddable":true,"href":"https:\/\/tinychat.com\/nl\/wp-json\/wp\/v2\/comments?post=11180"}],"version-history":[{"count":4,"href":"https:\/\/tinychat.com\/nl\/wp-json\/wp\/v2\/pages\/11180\/revisions"}],"predecessor-version":[{"id":13582,"href":"https:\/\/tinychat.com\/nl\/wp-json\/wp\/v2\/pages\/11180\/revisions\/13582"}],"wp:attachment":[{"href":"https:\/\/tinychat.com\/nl\/wp-json\/wp\/v2\/media?parent=11180"}],"curies":[{"name":"wp","href":"https:\/\/api.w.org\/{rel}","templated":true}]}}