{"id":11922,"date":"2025-12-02T10:01:20","date_gmt":"2025-12-02T08:01:20","guid":{"rendered":"https:\/\/tinychat.com\/?page_id=11922"},"modified":"2025-12-02T12:01:14","modified_gmt":"2025-12-02T10:01:14","slug":"strangermeetup","status":"publish","type":"page","link":"https:\/\/tinychat.com\/nl\/strangermeetup\/","title":{"rendered":"StrangerMeetup"},"content":{"rendered":"<p>In een online wereld die wordt gedomineerd door filters, profielen en algoritmegestuurde feeds, biedt StrangerMeetup iets verfrissend menselijks: snelle, anonieme tekstgesprekken met vreemden van over de hele wereld. Geen aanmeldingen, geen persoonlijke gegevens en geen ingewikkelde functies \u2014 gewoon puur, spontaan chatten met mensen die je nog nooit hebt ontmoet.<\/p>\n<p>StrangerMeetup is ontworpen voor gebruikers die de voorkeur geven aan de eenvoud en privacy van tekstgebaseerde communicatie. Het is uitgegroeid tot een populair platform voor mensen die openlijk willen praten, nieuwe mensen willen ontmoeten of gewoon de tijd willen doden met informele online gesprekken. Het is lichtgewicht, stressvrij en toegankelijk op vrijwel elk apparaat.<\/p>\n<p>In deze volledige review kom je te weten wat StrangerMeetup is, hoe het werkt, wat de belangrijkste functies zijn, hoe de gebruikerservaring is, wat de veiligheidsrichtlijnen zijn, hoe het zich verhoudt tot concurrenten, wat de oplossingen voor problemen zijn en of het de moeite waard is om het vandaag te gebruiken.<\/p>\n<h2>Wat is StrangerMeetup?<\/h2>\n<p>StrangerMeetup is een gratis anonieme tekstchatdienst die je direct in contact brengt met vreemden. In tegenstelling tot willekeurige videochatplatforms richt StrangerMeetup zich uitsluitend op tekstcommunicatie, waardoor het ideaal is voor gebruikers die:<\/p>\n<ul>\n<li>Geef de voorkeur aan privacy<\/li>\n<li>Ze willen hun gezicht niet laten zien.<\/li>\n<li>Geniet van ontspannen, ontspannen chatten<\/li>\n<li>Wil je mensen uit verschillende culturen ontmoeten?<\/li>\n<li>Zoals snelle \u00e9\u00e9n-op-\u00e9\u00e9n-gesprekken<\/li>\n<\/ul>\n<p>Je hebt geen account of profiel nodig \u2014 elke sessie is tijdelijk, anoniem en wordt gereset zodra je de chat verlaat. Dit maakt StrangerMeetup een uitstekende keuze voor mensen die graag vrijuit praten zonder de druk van een sociale media-identiteit.<\/p>\n<h2>Belangrijkste kenmerken van StrangerMeetup<\/h2>\n<p>StrangerMeetup beperkt zich tot de essentie, maar behoudt voldoende structuur om een soepele chatervaring te cre\u00ebren.<\/p>\n<h3>1. Willekeurige tekstchat<\/h3>\n<ul>\n<li>Maak direct contact met een vreemde<\/li>\n<li>Geen camera of microfoon nodig<\/li>\n<li>Lagedrukinteractie<\/li>\n<\/ul>\n<p>Dit formaat maakt eenvoudige, vloeiende gesprekken mogelijk zonder dat u zich zorgen hoeft te maken over het uiterlijk of de videokwaliteit.<\/p>\n<h3>2. 100% Anoniem<\/h3>\n<ul>\n<li>Inloggen niet nodig<\/li>\n<li>Geen e-mailadres of telefoonnummer nodig<\/li>\n<li>Geen persoonlijke gegevens opgeslagen<\/li>\n<\/ul>\n<p>Gesprekken verdwijnen wanneer je de chat sluit, voor maximale privacy.<\/p>\n<h3>3. Eenvoudige en overzichtelijke interface<\/h3>\n<ul>\n<li>Minimalistisch ontwerp<\/li>\n<li>Werkt soepel op elk apparaat<\/li>\n<li>Weinig afleiding en geen rommel<\/li>\n<\/ul>\n<p>Gebruikers waarderen het dat alles duidelijk en gemakkelijk te begrijpen is.<\/p>\n<h3>4. Snel matchingsysteem<\/h3>\n<ul>\n<li>Het matchen duurt slechts enkele seconden<\/li>\n<li>Geen wachtrijen<\/li>\n<li>Op elk moment overslaan of verbreken<\/li>\n<\/ul>\n<p>Perfect voor mensen die houden van snelle, spontane contacten.<\/p>\n<h3>5. Wereldwijd bereik<\/h3>\n<ul>\n<li>Chat met mensen van over de hele wereld<\/li>\n<li>Grote diversiteit in gesprekken<\/li>\n<li>Geweldig voor culturele uitwisseling<\/li>\n<\/ul>\n<p>Veel gebruikers melden zich specifiek aan om met mensen uit andere landen te praten.<\/p>\n<h3>6. Mobielvriendelijk<\/h3>\n<ul>\n<li>Volledig functioneel op mobiele browsers<\/li>\n<li>Geen app-download vereist<\/li>\n<\/ul>\n<p>Dit maakt StrangerMeetup ideaal om onderweg te chatten.<\/p>\n<h3>7. Vrij te gebruiken<\/h3>\n<ul>\n<li>Onbeperkt chatten<\/li>\n<li>Geen premiumfuncties vereist<\/li>\n<li>Geen betaalmuur<\/li>\n<\/ul>\n<p>Alles wat essentieel is, is toegankelijk zonder geld uit te geven.<\/p>\n<h2>Hoe StrangerMeetup te gebruiken<\/h2>\n<p>StrangerMeetup gebruiken is super simpel:<\/p>\n<h3>Stap 1: Bezoek de website<\/h3>\n<p>Ga naar StrangerMeetup.com met een willekeurige browser.<\/p>\n<h3>Stap 2: Kies je modus<\/h3>\n<p>De meeste versies bieden chat in platte tekst of thematische categorie\u00ebn.<\/p>\n<h3>Stap 3: Klik op \u201cStarten\u201d.\u201d<\/h3>\n<p>Je wordt meteen doorverbonden met iemand anders.<\/p>\n<h3>Stap 4: Chatten of overslaan<\/h3>\n<p>Je kunt zo lang chatten als je wilt of op Volgende klikken om naar een andere onbekende te gaan.<\/p>\n<h3>Stap 5: Vertrek wanneer u wilt<\/h3>\n<p>Wanneer je het gesprek be\u00ebindigt of de pagina sluit, verdwijnt het gesprek voorgoed.<\/p>\n<p>Geen accounts, geen wachttijden \u2014 gewoon direct chatten met vreemden over de hele wereld.<\/p>\n<h2>Gebruikerservaring op StrangerMeetup<\/h2>\n<p>StrangerMeetup heeft een grote schare fans opgebouwd dankzij het gebruiksgemak en de anonimiteit.<\/p>\n<h3>Wat gebruikers leuk vinden<\/h3>\n<ul>\n<li>Anoniem en priv\u00e9<\/li>\n<li>Geen camera nodig<\/li>\n<li>Snelle matching-snelheid<\/li>\n<li>Ideaal voor introverte of verlegen gebruikers<\/li>\n<li>Eenvoudige, minimalistische interface<\/li>\n<li>Werkt goed op mobiel en desktop<\/li>\n<li>Gratis toegang tot alle functies<\/li>\n<\/ul>\n<h3>Waar gebruikers ruimte voor verbetering zien<\/h3>\n<ul>\n<li>Geen filters op land of geslacht<\/li>\n<li>Incidentele spamgebruikers<\/li>\n<li>Geen vriendenlijsten of optie om opnieuw verbinding te maken<\/li>\n<li>Gesprekken worden permanent gereset wanneer ze worden gesloten<\/li>\n<li>Sommige chatsessies kunnen kort zijn of van slechte kwaliteit.<\/li>\n<\/ul>\n<p>Toch waarderen de meeste gebruikers de eenvoud en privacygerichte aanpak van het platform, vooral in vergelijking met alternatieve videochatplatforms.<\/p>\n<h2>StrangerMeetup versus andere chatplatforms<\/h2>\n<p>Hier volgt een vergelijking tussen StrangerMeetup en andere populaire chatservices:<\/p>\n<table>\n<thead>\n<tr>\n<th>Functie<\/th>\n<th>StrangerMeetup<\/th>\n<th>Omegle<\/th>\n<th>Chatroulette<\/th>\n<th>ChatHub<\/th>\n<th>RandoChat<\/th>\n<th>Chatiw<\/th>\n<\/tr>\n<\/thead>\n<tbody>\n<tr>\n<td>Tekstchat<\/td>\n<td>Ja<\/td>\n<td>Ja<\/td>\n<td>Beperkt<\/td>\n<td>Ja<\/td>\n<td>Ja<\/td>\n<td>Ja<\/td>\n<\/tr>\n<tr>\n<td>Video chatten<\/td>\n<td>Nee<\/td>\n<td>Ja<\/td>\n<td>Ja<\/td>\n<td>Ja<\/td>\n<td>Geen<\/td>\n<td>Geen<\/td>\n<\/tr>\n<tr>\n<td>Registratie vereist<\/td>\n<td>Nee<\/td>\n<td>Nee<\/td>\n<td>Nee<\/td>\n<td>Optioneel<\/td>\n<td>Nee<\/td>\n<td>Nee<\/td>\n<\/tr>\n<tr>\n<td>Anonimiteit<\/td>\n<td>\u2b50 Zeer hoog<\/td>\n<td>Hoog<\/td>\n<td>Matig<\/td>\n<td>Gemiddeld<\/td>\n<td>Zeer hoog<\/td>\n<td>Matig<\/td>\n<\/tr>\n<tr>\n<td>Filters (Geslacht\/Regio)<\/td>\n<td>Nee<\/td>\n<td>Nee<\/td>\n<td>Beperkt<\/td>\n<td>Ja<\/td>\n<td>Nee<\/td>\n<td>Nee<\/td>\n<\/tr>\n<tr>\n<td>Mobielvriendelijk<\/td>\n<td>Ja<\/td>\n<td>Ja<\/td>\n<td>Ja<\/td>\n<td>Ja<\/td>\n<td>Ja<\/td>\n<td>Ja<\/td>\n<\/tr>\n<tr>\n<td>Gratis te gebruiken<\/td>\n<td>Ja<\/td>\n<td>Ja<\/td>\n<td>Ja<\/td>\n<td>Ja<\/td>\n<td>Ja<\/td>\n<td>Ja<\/td>\n<\/tr>\n<\/tbody>\n<\/table>\n<p>Samenvatting:<br \/>\nStrangerMeetup is ideaal voor gebruikers die anoniem willen communiceren via tekst, zonder de druk van video. Het is eenvoudiger en persoonlijker dan veel concurrerende diensten.<\/p>\n<h2>Veiligheid en privacy op StrangerMeetup<\/h2>\n<p>Tekstgebaseerde willekeurige chats zijn over het algemeen veiliger dan videochats, en StrangerMeetup doet goed werk om de privacy van gebruikers te waarborgen.<\/p>\n<h3>Ingebouwde veiligheidsfuncties<\/h3>\n<ul>\n<li>Anonieme verbindingen<\/li>\n<li>Geen gegevensverzameling<\/li>\n<li>Geen aanmeldingssysteem<\/li>\n<li>Sla de knop over om een chat te verlaten<\/li>\n<li>Moderatie bij overtredingen van de regels<\/li>\n<\/ul>\n<h3>Veiligheidstips voor gebruikers<\/h3>\n<p>Om beschermd te blijven:<\/p>\n<ul>\n<li>Deel geen persoonlijke informatie<\/li>\n<li>Vermijd het versturen van foto's<\/li>\n<li>Klik niet op links van onbekenden<\/li>\n<li>Be\u00ebindig chats die ongemakkelijk aanvoelen<\/li>\n<li>Gebruik een VPN voor extra privacy<\/li>\n<li>Ouders moeten toezicht houden op minderjarigen.<\/li>\n<\/ul>\n<p>Met deze voorzorgsmaatregelen kan StrangerMeetup door de meeste mensen veilig worden gebruikt.<\/p>\n<h2>Tips om het meeste uit StrangerMeetup te halen<\/h2>\n<p>Hier volgt hoe u uw ervaring kunt verbeteren:<\/p>\n<ul>\n<li>Begin met eenvoudige begroetingen<\/li>\n<li>Houd het gesprek informeel en vriendelijk.<\/li>\n<li>Sta open voor ontmoetingen met mensen uit andere culturen<\/li>\n<li>Probeer piekuren voor meer actieve gebruikers<\/li>\n<li>Gebruik anonimiteit om jezelf op een comfortabele manier te uiten<\/li>\n<li>Sla snel over als het gesprek niet vlot verloopt<\/li>\n<\/ul>\n<p>Het feit dat StrangerMeetup alleen uit tekst bestaat, leidt vaak tot diepere of eerlijkere gesprekken, vooral wanneer beide gebruikers ontspannen zijn.<\/p>\n<h2>Veelvoorkomende problemen en hoe u deze kunt oplossen<\/h2>\n<h3>Probleem: \u201cGeen gebruikers online\u201d<\/h3>\n<ul>\n<li>Probeer het opnieuw tijdens de piekuren<\/li>\n<li>De pagina vernieuwen<\/li>\n<li>Controleer een andere browser<\/li>\n<\/ul>\n<h3>Probleem: Berichten worden niet verzonden<\/h3>\n<ul>\n<li>De chatsessie vernieuwen<\/li>\n<li>Wis het cachegeheugen van uw browser<\/li>\n<li>Zorg voor een stabiele internetverbinding<\/li>\n<\/ul>\n<h3>Probleem: Te veel spamgebruikers<\/h3>\n<ul>\n<li>Vertrek onmiddellijk<\/li>\n<li>Gebruik skip vaak<\/li>\n<\/ul>\n<h3>Probleem: Verbinding wordt verbroken of chat wordt gereset<\/h3>\n<ul>\n<li>De browser is mogelijk vernieuwd.<\/li>\n<li>Verbindingsproblemen aan beide kanten<\/li>\n<\/ul>\n<p>StrangerMeetup is over het algemeen stabiel, maar zoals bij alle gratis willekeurige chatservices hangt de ervaring deels af van je verbinding en timing.<\/p>\n<h2>Waarom mensen voor StrangerMeetup kiezen<\/h2>\n<p>StrangerMeetup spreekt gebruikers aan omdat het:<\/p>\n<ul>\n<li>Priv\u00e9<\/li>\n<li>Anonieme<\/li>\n<li>Alleen tekst<\/li>\n<li>Snel<\/li>\n<li>Gratis<\/li>\n<li>Eenvoudig<\/li>\n<li>Geen registratie vereist<\/li>\n<\/ul>\n<p>Voor velen neemt het ontbreken van video de sociale druk weg, waardoor ze vrijer kunnen communiceren.<\/p>\n<p>Het is vooral populair onder:<\/p>\n<ul>\n<li>Introverte mensen<\/li>\n<li>Taalstudenten<\/li>\n<li>Mensen die videoplatforms vermijden<\/li>\n<li>Gebruikers die genoeg hebben van sociale media<\/li>\n<li>Reizigers die internationale gesprekken willen voeren<\/li>\n<li>Mensen die op zoek zijn naar emotionele verbondenheid zonder hun identiteit prijs te geven<\/li>\n<\/ul>\n<h2>Laatste gedachten: is StrangerMeetup het waard om te gebruiken?<\/h2>\n<p>Als je op zoek bent naar een puur, anoniem tekstchatplatform, dan is StrangerMeetup zeker het proberen waard. Het is eenvoudig, snel, priv\u00e9 en toegankelijk vanaf elk apparaat, waardoor het een van de gemakkelijkste manieren is om online met willekeurige vreemden te praten zonder persoonlijke informatie te delen.<\/p>\n<p>Of je nu:<\/p>\n<ul>\n<li>Verveeld en zin om te chatten<\/li>\n<li>Nieuwsgierig naar mensen uit andere landen<\/li>\n<li>Een veilige plek willen om je mening te kunnen geven<\/li>\n<li>Op zoek naar een openhartig gesprek<\/li>\n<li>In de hoop te ontsnappen aan sociale-mediavermoeidheid<\/li>\n<\/ul>\n<p>StrangerMeetup biedt een verfrissend alternatief dat privacy, eenvoud en realtime verbinding vooropstelt.<\/p>\n<p>StrangerMeetup is een overzichtelijk, anoniem, tekstgebaseerd platform voor willekeurige chats, perfect voor iedereen die snel en zonder druk wil chatten met onbekenden over de hele wereld.<\/p>\n<p>Klaar om het te proberen? Ga naar StrangerMeetup, klik op \u201cStart\u201d en kijk wie je tegenkomt.<\/p>","protected":false},"excerpt":{"rendered":"<p>In an online world dominated by filters, profiles, and algorithm-driven feeds, StrangerMeetup offers something refreshingly human: quick, anonymous text conversations with strangers from around the world. No sign-ups, no personal details, and no complicated features \u2014 just pure, spontaneous chatting with people you\u2019ve never met. Designed for users who prefer the simplicity and privacy of [&hellip;]<\/p>\n","protected":false},"author":6,"featured_media":0,"parent":0,"menu_order":0,"comment_status":"closed","ping_status":"closed","template":"","meta":{"footnotes":""},"class_list":["post-11922","page","type-page","status-publish","hentry"],"yoast_head":"<!-- This site is optimized with the Yoast SEO plugin v27.4 - https:\/\/yoast.com\/product\/yoast-seo-wordpress\/ -->\n<title>StrangerMeetup - Meet New Friends Online - TinyChat.com<\/title>\n<meta name=\"description\" content=\"Enjoying StrangerMeetup? Join over 50,000,000 strangers on TinyChat! Turn on your cam and start meeting new people, or find a match.\" \/>\n<meta name=\"robots\" content=\"index, follow, max-snippet:-1, max-image-preview:large, max-video-preview:-1\" \/>\n<link rel=\"canonical\" href=\"https:\/\/tinychat.com\/nl\/strangermeetup\/\" \/>\n<meta property=\"og:locale\" content=\"nl_NL\" \/>\n<meta property=\"og:type\" content=\"article\" \/>\n<meta property=\"og:title\" content=\"StrangerMeetup - Meet New Friends Online - TinyChat.com\" \/>\n<meta property=\"og:description\" content=\"Enjoying StrangerMeetup? Join over 50,000,000 strangers on TinyChat! Turn on your cam and start meeting new people, or find a match.\" \/>\n<meta property=\"og:url\" content=\"https:\/\/tinychat.com\/nl\/strangermeetup\/\" \/>\n<meta property=\"og:site_name\" content=\"TinyChat\" \/>\n<meta property=\"article:publisher\" content=\"https:\/\/www.facebook.com\/tinychat\" \/>\n<meta property=\"article:modified_time\" content=\"2025-12-02T10:01:14+00:00\" \/>\n<meta property=\"og:image\" content=\"https:\/\/tinychat.com\/wp-content\/uploads\/2020\/04\/Tinychat-logo-1280x284-new-black.png\" \/>\n\t<meta property=\"og:image:width\" content=\"1280\" \/>\n\t<meta property=\"og:image:height\" content=\"284\" \/>\n\t<meta property=\"og:image:type\" content=\"image\/png\" \/>\n<meta name=\"twitter:card\" content=\"summary_large_image\" \/>\n<meta name=\"twitter:site\" content=\"@tinychat\" \/>\n<meta name=\"twitter:label1\" content=\"Geschatte leestijd\" \/>\n\t<meta name=\"twitter:data1\" content=\"6 minuten\" \/>\n<script type=\"application\/ld+json\" class=\"yoast-schema-graph\">{\"@context\":\"https:\\\/\\\/schema.org\",\"@graph\":[{\"@type\":\"WebPage\",\"@id\":\"https:\\\/\\\/tinychat.com\\\/strangermeetup\\\/\",\"url\":\"https:\\\/\\\/tinychat.com\\\/strangermeetup\\\/\",\"name\":\"StrangerMeetup - Meet New Friends Online - TinyChat.com\",\"isPartOf\":{\"@id\":\"https:\\\/\\\/tinychat.com\\\/#website\"},\"datePublished\":\"2025-12-02T08:01:20+00:00\",\"dateModified\":\"2025-12-02T10:01:14+00:00\",\"description\":\"Enjoying StrangerMeetup? Join over 50,000,000 strangers on TinyChat! Turn on your cam and start meeting new people, or find a match.\",\"breadcrumb\":{\"@id\":\"https:\\\/\\\/tinychat.com\\\/strangermeetup\\\/#breadcrumb\"},\"inLanguage\":\"nl-NL\",\"potentialAction\":[{\"@type\":\"ReadAction\",\"target\":[\"https:\\\/\\\/tinychat.com\\\/strangermeetup\\\/\"]}]},{\"@type\":\"BreadcrumbList\",\"@id\":\"https:\\\/\\\/tinychat.com\\\/strangermeetup\\\/#breadcrumb\",\"itemListElement\":[{\"@type\":\"ListItem\",\"position\":1,\"name\":\"Home\",\"item\":\"https:\\\/\\\/tinychat.com\\\/\"},{\"@type\":\"ListItem\",\"position\":2,\"name\":\"StrangerMeetup\"}]},{\"@type\":\"WebSite\",\"@id\":\"https:\\\/\\\/tinychat.com\\\/#website\",\"url\":\"https:\\\/\\\/tinychat.com\\\/\",\"name\":\"TinyChat\",\"description\":\"Random Video Chat with Strangers\",\"publisher\":{\"@id\":\"https:\\\/\\\/tinychat.com\\\/#organization\"},\"alternateName\":\"TinyChat.com\",\"potentialAction\":[{\"@type\":\"SearchAction\",\"target\":{\"@type\":\"EntryPoint\",\"urlTemplate\":\"https:\\\/\\\/tinychat.com\\\/?s={search_term_string}\"},\"query-input\":{\"@type\":\"PropertyValueSpecification\",\"valueRequired\":true,\"valueName\":\"search_term_string\"}}],\"inLanguage\":\"nl-NL\"},{\"@type\":\"Organization\",\"@id\":\"https:\\\/\\\/tinychat.com\\\/#organization\",\"name\":\"TinyChat\",\"alternateName\":\"TinyChat.com\",\"url\":\"https:\\\/\\\/tinychat.com\\\/\",\"logo\":{\"@type\":\"ImageObject\",\"inLanguage\":\"nl-NL\",\"@id\":\"https:\\\/\\\/tinychat.com\\\/#\\\/schema\\\/logo\\\/image\\\/\",\"url\":\"https:\\\/\\\/tinychat.com\\\/wp-content\\\/uploads\\\/2023\\\/11\\\/Tinychat-icon-square.png\",\"contentUrl\":\"https:\\\/\\\/tinychat.com\\\/wp-content\\\/uploads\\\/2023\\\/11\\\/Tinychat-icon-square.png\",\"width\":284,\"height\":284,\"caption\":\"TinyChat\"},\"image\":{\"@id\":\"https:\\\/\\\/tinychat.com\\\/#\\\/schema\\\/logo\\\/image\\\/\"},\"sameAs\":[\"https:\\\/\\\/www.facebook.com\\\/tinychat\",\"https:\\\/\\\/x.com\\\/tinychat\"]}]}<\/script>\n<!-- \/ Yoast SEO plugin. -->","yoast_head_json":{"title":"StrangerMeetup - Ontmoet nieuwe vrienden online - TinyChat.com","description":"Geniet je van StrangerMeetup? Sluit je aan bij meer dan 50.000.000 vreemden op TinyChat! Zet je webcam aan en ontmoet nieuwe mensen, of vind een match.","robots":{"index":"index","follow":"follow","max-snippet":"max-snippet:-1","max-image-preview":"max-image-preview:large","max-video-preview":"max-video-preview:-1"},"canonical":"https:\/\/tinychat.com\/nl\/strangermeetup\/","og_locale":"nl_NL","og_type":"article","og_title":"StrangerMeetup - Meet New Friends Online - TinyChat.com","og_description":"Enjoying StrangerMeetup? Join over 50,000,000 strangers on TinyChat! Turn on your cam and start meeting new people, or find a match.","og_url":"https:\/\/tinychat.com\/nl\/strangermeetup\/","og_site_name":"TinyChat","article_publisher":"https:\/\/www.facebook.com\/tinychat","article_modified_time":"2025-12-02T10:01:14+00:00","og_image":[{"width":1280,"height":284,"url":"https:\/\/tinychat.com\/wp-content\/uploads\/2020\/04\/Tinychat-logo-1280x284-new-black.png","type":"image\/png"}],"twitter_card":"summary_large_image","twitter_site":"@tinychat","twitter_misc":{"Geschatte leestijd":"6 minuten"},"schema":{"@context":"https:\/\/schema.org","@graph":[{"@type":"WebPage","@id":"https:\/\/tinychat.com\/strangermeetup\/","url":"https:\/\/tinychat.com\/strangermeetup\/","name":"StrangerMeetup - Ontmoet nieuwe vrienden online - TinyChat.com","isPartOf":{"@id":"https:\/\/tinychat.com\/#website"},"datePublished":"2025-12-02T08:01:20+00:00","dateModified":"2025-12-02T10:01:14+00:00","description":"Geniet je van StrangerMeetup? Sluit je aan bij meer dan 50.000.000 vreemden op TinyChat! Zet je webcam aan en ontmoet nieuwe mensen, of vind een match.","breadcrumb":{"@id":"https:\/\/tinychat.com\/strangermeetup\/#breadcrumb"},"inLanguage":"nl-NL","potentialAction":[{"@type":"ReadAction","target":["https:\/\/tinychat.com\/strangermeetup\/"]}]},{"@type":"BreadcrumbList","@id":"https:\/\/tinychat.com\/strangermeetup\/#breadcrumb","itemListElement":[{"@type":"ListItem","position":1,"name":"Home","item":"https:\/\/tinychat.com\/"},{"@type":"ListItem","position":2,"name":"StrangerMeetup"}]},{"@type":"WebSite","@id":"https:\/\/tinychat.com\/#website","url":"https:\/\/tinychat.com\/","name":"TinyChat","description":"Willekeurige videochat met vreemden","publisher":{"@id":"https:\/\/tinychat.com\/#organization"},"alternateName":"TinyChat.com","potentialAction":[{"@type":"SearchAction","target":{"@type":"EntryPoint","urlTemplate":"https:\/\/tinychat.com\/?s={search_term_string}"},"query-input":{"@type":"PropertyValueSpecification","valueRequired":true,"valueName":"search_term_string"}}],"inLanguage":"nl-NL"},{"@type":"Organization","@id":"https:\/\/tinychat.com\/#organization","name":"TinyChat","alternateName":"TinyChat.com","url":"https:\/\/tinychat.com\/","logo":{"@type":"ImageObject","inLanguage":"nl-NL","@id":"https:\/\/tinychat.com\/#\/schema\/logo\/image\/","url":"https:\/\/tinychat.com\/wp-content\/uploads\/2023\/11\/Tinychat-icon-square.png","contentUrl":"https:\/\/tinychat.com\/wp-content\/uploads\/2023\/11\/Tinychat-icon-square.png","width":284,"height":284,"caption":"TinyChat"},"image":{"@id":"https:\/\/tinychat.com\/#\/schema\/logo\/image\/"},"sameAs":["https:\/\/www.facebook.com\/tinychat","https:\/\/x.com\/tinychat"]}]}},"_links":{"self":[{"href":"https:\/\/tinychat.com\/nl\/wp-json\/wp\/v2\/pages\/11922","targetHints":{"allow":["GET"]}}],"collection":[{"href":"https:\/\/tinychat.com\/nl\/wp-json\/wp\/v2\/pages"}],"about":[{"href":"https:\/\/tinychat.com\/nl\/wp-json\/wp\/v2\/types\/page"}],"author":[{"embeddable":true,"href":"https:\/\/tinychat.com\/nl\/wp-json\/wp\/v2\/users\/6"}],"replies":[{"embeddable":true,"href":"https:\/\/tinychat.com\/nl\/wp-json\/wp\/v2\/comments?post=11922"}],"version-history":[{"count":3,"href":"https:\/\/tinychat.com\/nl\/wp-json\/wp\/v2\/pages\/11922\/revisions"}],"predecessor-version":[{"id":13577,"href":"https:\/\/tinychat.com\/nl\/wp-json\/wp\/v2\/pages\/11922\/revisions\/13577"}],"wp:attachment":[{"href":"https:\/\/tinychat.com\/nl\/wp-json\/wp\/v2\/media?parent=11922"}],"curies":[{"name":"wp","href":"https:\/\/api.w.org\/{rel}","templated":true}]}}