{"id":12310,"date":"2025-08-04T11:29:50","date_gmt":"2025-08-04T09:29:50","guid":{"rendered":"https:\/\/tinychat.com\/?page_id=12310"},"modified":"2025-08-04T11:57:45","modified_gmt":"2025-08-04T09:57:45","slug":"mirami","status":"publish","type":"page","link":"https:\/\/tinychat.com\/nl\/mirami\/","title":{"rendered":"Mirami"},"content":{"rendered":"<p>In het huidige digitale tijdperk, waarin privacy, realtime verbindingen en eenvoud meer dan ooit gewaardeerd worden, ontstaan nieuwe platforms die aan deze behoeften voldoen zonder de bagage van oude sociale media of complexe apps. Mirami - te vinden op mirami.chat - is een van de meest opwindende, gebruikersgerichte toevoegingen aan de wereld van willekeurig online chatten en biedt een gestroomlijnde, privacy-gerichte omgeving voor mensen die vreemden willen ontmoeten, vrienden willen maken of gewoon een oprecht gesprek willen voeren.<\/p>\n<p>Mirami onderscheidt zich door zijn elegante mix van video en tekst chat, geen registratie beleid, en een sterke nadruk op veiligheid, inclusiviteit, en wereldwijd bereik. Of u nu wilt chatten voor uw plezier, ondersteuning zoekt, nieuwe culturen wilt leren kennen of gewoon wilt zien wie er allemaal zijn, Mirami.chat levert een spontane en veilige online ervaring - altijd gratis en altijd anoniem.<\/p>\n<p>In deze diepgaande gids ontdek je alles over Mirami: wat het is, hoe het werkt, de belangrijkste functies, gebruikerservaring, privacy &amp; veiligheid, vergelijkingen met toonaangevende chatplatforms, probleemoplossing en pro tips om het meeste uit elke sessie te halen.<\/p>\n<h2>Wat is Mirami?<\/h2>\n<p>Mirami is een volgende generatie willekeurig chatplatform, ontworpen om mensen van over de hele wereld met elkaar in contact te brengen via video- of tekstchats - volledig anoniem en zonder registratie. Net als Omegle, Chatrandom of ChatHub, brengt Mirami vreemden samen in priv\u00e9 \u00e9\u00e9n-op-\u00e9\u00e9n kamers voor spontane gesprekken.<\/p>\n<p>Maar de Mirami onderscheidt zich met:<\/p>\n<ul>\n<li>Een frisse, moderne gebruikersinterface<\/li>\n<li>Geen advertenties of app-installaties nodig<\/li>\n<li>Sterke toewijding aan gebruikersprivacy en moderatie<\/li>\n<li>Zowel video als alleen tekst opties<\/li>\n<li>Slim filteren (taal, locatie en interesses)<\/li>\n<li>Geen aanmelding, geen persoonlijke gegevens nodig<\/li>\n<\/ul>\n<p>Mirami's missie is om de veiligste, makkelijkste en leukste plek online te zijn voor oprechte gesprekken tussen vreemden, of het nu gaat om vriendschap, flirten, steun of gewoon nieuwsgierigheid.<\/p>\n<h2>Belangrijkste kenmerken van Mirami Chat<\/h2>\n<p>De aantrekkingskracht van de Mirami ligt in de zorgvuldige mix van essenti\u00eble functies en gebruikersbescherming:<\/p>\n<h3>1. Directe willekeurige video- en tekstchat<\/h3>\n<ul>\n<li>Maak binnen enkele seconden verbinding: U hoeft zich niet aan te melden of formulieren in te vullen. Gewoon klikken en chatten.<\/li>\n<li>Video of tekst: Begin met tekst en stap over op video als je dat prettig vindt, of blijf bij tekst als je dat liever doet.<\/li>\n<\/ul>\n<h3>2. Geen registratie of persoonlijke informatie vereist<\/h3>\n<ul>\n<li>100% anoniem: je hoeft nooit een naam, e-mailadres of socialemediaprofiel op te geven.<\/li>\n<li>Focus op privacy: Mirami vraagt nooit om gegevens en registreert geen gesprekken.<\/li>\n<\/ul>\n<h3>3. Geavanceerd filteren<\/h3>\n<ul>\n<li>Taal- en locatiefilters: Maak contact met mensen die jouw taal spreken of uit een specifiek land of regio komen.<\/li>\n<li>Interessetags: Selecteer interesses om te matchen met gelijkgestemde gebruikers.<\/li>\n<\/ul>\n<h3>4. Eenvoudige, moderne interface<\/h3>\n<ul>\n<li>Helder en intu\u00eftief: De site werkt naadloos op zowel desktop- als mobiele browsers, met een helder ontwerp en snelle prestaties.<\/li>\n<li>Zonder advertenties: Geniet van chatten zonder afleiding - geen pop-ups, banners of tracking.<\/li>\n<\/ul>\n<h3>5. Veilige en respectvolle gemeenschap<\/h3>\n<ul>\n<li>Actieve moderatie: Geautomatiseerde en menselijke moderatoren blokkeren misbruik, spam en bots.<\/li>\n<li>Snel rapporteren\/blokkeren: Be\u00ebindig onmiddellijk een ongemakkelijk gesprek en ga verder.<\/li>\n<\/ul>\n<h3>6. Geen chatlogs of gegevensopslag<\/h3>\n<ul>\n<li>Gesprekken zijn tijdelijk: Zodra u de chat verlaat of sluit, verdwijnt alles - niets wordt opgeslagen op de servers van Mirami.<\/li>\n<\/ul>\n<h3>7. Gratis voor iedereen<\/h3>\n<ul>\n<li>Geen verborgen kosten of betaalmuren: Alle functies zijn beschikbaar zonder betaling of upgrade.<\/li>\n<\/ul>\n<h2>Hoe gebruik je Mirami<\/h2>\n<p>Mirami is ontworpen om de meest toegankelijke random chat-ervaring mogelijk te maken. Zo kun je beginnen:<\/p>\n<h3>Stap 1: Bezoek de Mirami Website<\/h3>\n<p>Open mirami.chat op elke webbrowser (desktop of mobiel).<\/p>\n<h3>Stap 2: Kies je chatmodus<\/h3>\n<ul>\n<li>Tekstchat: Geweldig voor verlegen gebruikers of priv\u00e9gesprekken.<\/li>\n<li>Videochat: Camera- en microfoonrechten inschakelen voor echte face-to-face chats.<\/li>\n<\/ul>\n<h3>Stap 3: Filters instellen (optioneel)<\/h3>\n<ul>\n<li>Selecteer je taal of land voor meer relevante matches.<\/li>\n<li>Kies rentetags indien beschikbaar.<\/li>\n<\/ul>\n<h3>Stap 4: Begin met chatten<\/h3>\n<ul>\n<li>Je wordt meteen verbonden met een vreemde.<\/li>\n<li>Zeg hallo, begin een gesprek of deel je interesses.<\/li>\n<\/ul>\n<h3>Stap 5: Be\u00ebindigen of doorgaan<\/h3>\n<ul>\n<li>Gebruik de knop Volgende om naar een nieuwe gebruiker te gaan.<\/li>\n<li>Als een chat goed verloopt, geniet dan van het gesprek zolang je wilt.<\/li>\n<\/ul>\n<h3>Stap 6: Rapporteren of blokkeren (indien nodig)<\/h3>\n<ul>\n<li>Als iemand ongepast is, gebruik dan de report\/block tool-Mirami moderators handelen snel om overtreders te verwijderen.<\/li>\n<\/ul>\n<h2>Gebruikerservaring op Mirami<\/h2>\n<p>Bij Mirami draait alles om gemak, privacy en oprechte verbinding:<\/p>\n<h3>Wat gebruikers leuk vinden<\/h3>\n<ul>\n<li>Geen gedoe met registratie: Ga binnen enkele seconden chatten, zonder formulieren of accounts.<\/li>\n<li>Advertentievrije, schone interface: Geen afleidingen of onderbrekingen.<\/li>\n<li>Geoptimaliseerd voor mobiel en desktop: Naadloze, soepele ervaring op elk apparaat.<\/li>\n<li>Zowel video- als tekstopties: Kies je niveau van comfort en betrokkenheid.<\/li>\n<li>Snelle moderatie: Trollen en spam zijn zeldzaam en worden snel aangepakt.<\/li>\n<li>Slimme filters: Helpt je om mensen te vinden met wie je eerder een band zult hebben.<\/li>\n<li>Sterke privacy: Geen logs, geen tracking, geen gegevens ooit opgeslagen.<\/li>\n<\/ul>\n<h3>Waar gebruikers ruimte voor verbetering zien<\/h3>\n<ul>\n<li>Geen groepschat (momenteel alleen \u00e9\u00e9n-op-\u00e9\u00e9n).<\/li>\n<li>Voor videochat zijn camera-\/mic-rechten voor de browser vereist.<\/li>\n<li>Gebruikers kunnen schommelen - meer gebruikers online 's avonds\/'s weekends.<\/li>\n<li>Sommige functies (zoals interessetags) zijn in ontwikkeling en kunnen vari\u00ebren.<\/li>\n<\/ul>\n<h3>Feedback van echte gebruikers<\/h3>\n<blockquote><p>\"Mirami is wat random chat zou moeten zijn-geen onzin, geen aanmelding, en je kunt echt echte mensen ontmoeten van overal.\"<br \/>\n- <em>James P., Trustpilot<\/em><\/p><\/blockquote>\n<blockquote><p>\"Ik gebruik het om mijn Engels te oefenen en vrienden uit Europa en Azi\u00eb te ontmoeten. Supergemakkelijk, geen vervelende advertenties.\"<br \/>\n- <em>Lina W., Google beoordelingen<\/em><\/p><\/blockquote>\n<blockquote><p>\"Snel, priv\u00e9 en veel schoner dan de meeste andere chatsites.\"<br \/>\n- <em>Oscar R., App Store<\/em><\/p><\/blockquote>\n<h2>Mirami vs. Andere Willekeurige Chat Platforms<\/h2>\n<p>Hoe verhoudt Mirami zich tot de top in de ruimte?<\/p>\n<table>\n<thead>\n<tr>\n<th>Functie<\/th>\n<th>Mirami<\/th>\n<th>OmegleWeb<\/th>\n<th>ChatHub<\/th>\n<th>Chatiwi<\/th>\n<th>StrangerCam<\/th>\n<th>Chatrandom<\/th>\n<\/tr>\n<\/thead>\n<tbody>\n<tr>\n<td>Geen registratie nodig<\/td>\n<td>Ja<\/td>\n<td>Ja<\/td>\n<td>Ja<\/td>\n<td>Ja<\/td>\n<td>Ja<\/td>\n<td>Ja<\/td>\n<\/tr>\n<tr>\n<td>Video- en tekstchat<\/td>\n<td>Beide<\/td>\n<td>Beide<\/td>\n<td>Beide<\/td>\n<td>Tekst<\/td>\n<td>Beide<\/td>\n<td>Beide<\/td>\n<\/tr>\n<tr>\n<td>Geen advertenties\/tracking<\/td>\n<td>Ja<\/td>\n<td>Nee<\/td>\n<td>Nee<\/td>\n<td>Ja<\/td>\n<td>\u26a0\ufe0f Beperkt<\/td>\n<td>Nee<\/td>\n<\/tr>\n<tr>\n<td>Eind-tot-eind-privacy<\/td>\n<td>Ja<\/td>\n<td>Nee<\/td>\n<td>\u26a0\ufe0f Gedeeltelijk<\/td>\n<td>Ja<\/td>\n<td>\u26a0\ufe0f Gedeeltelijk<\/td>\n<td>Nee<\/td>\n<\/tr>\n<tr>\n<td>Interesses\/Locatie Filters<\/td>\n<td>Ja<\/td>\n<td>Ja<\/td>\n<td>Ja<\/td>\n<td>Ja<\/td>\n<td>Ja<\/td>\n<td>Ja<\/td>\n<\/tr>\n<tr>\n<td>Groep Chat<\/td>\n<td>Nee<\/td>\n<td>Nee<\/td>\n<td>Ja<\/td>\n<td>Ja<\/td>\n<td>Nee<\/td>\n<td>Ja<\/td>\n<\/tr>\n<tr>\n<td>Actieve moderatie<\/td>\n<td>Ja<\/td>\n<td>Ja<\/td>\n<td>Ja<\/td>\n<td>Ja<\/td>\n<td>Ja<\/td>\n<td>Ja<\/td>\n<\/tr>\n<tr>\n<td>Mobielvriendelijk<\/td>\n<td>Ja<\/td>\n<td>Ja<\/td>\n<td>Ja<\/td>\n<td>Ja<\/td>\n<td>Ja<\/td>\n<td>Ja<\/td>\n<\/tr>\n<\/tbody>\n<\/table>\n<p>Samenvatting: Mirami valt op door zijn moderne, advertentievrije ontwerp, \u00e9\u00e9n-op-\u00e9\u00e9n focus, echte privacy en directe toegang - perfect voor gebruikers die een afleidingsvrije, veilige en plezierige chatervaring willen.<\/p>\n<h2>Is Mirami veilig?<\/h2>\n<p>Veiligheid en privacy zijn topprioriteiten op Mirami:<\/p>\n<ul>\n<li>Geen registratie, geen persoonlijke info verzameld<\/li>\n<li>Geen datalogs of gespreksgeschiedenis opgeslagen<\/li>\n<li>End-to-end privacy voor alle chats<\/li>\n<li>Directe rapport-\/blokfuncties<\/li>\n<li>Actieve geautomatiseerde en menselijke moderatie<\/li>\n<\/ul>\n<h3>Veiligheidstips<\/h3>\n<ul>\n<li>Deel nooit je echte naam, adres of gevoelige gegevens.<\/li>\n<li>Gebruik filters om een match te maken met gebruikers uit jouw land of die jouw taal spreken.<\/li>\n<li>Be\u00ebindig of rapporteer chats waarbij je je ongemakkelijk voelt.<\/li>\n<li>Vertrouw op je instinct en geniet van de vrijheid van anonimiteit.<\/li>\n<\/ul>\n<h2>Tips om het meeste uit Mirami te halen<\/h2>\n<ul>\n<li>Begin met een vriendelijke begroeting: Opent meer gesprekken.<\/li>\n<li>Experimenteer met taal-\/landfilters: Oefen nieuwe talen of leg contact met de plaatselijke bevolking.<\/li>\n<li>Blijf anoniem: Houd persoonlijke informatie priv\u00e9 tenzij je je er 100% gemakkelijk bij voelt.<\/li>\n<li>Schakel tussen tekst en video: Gebruik wat bij je stemming en comfort past.<\/li>\n<li>Gebruik de meld\/blokkeer knop: Help mee de community van Mirami veilig te houden.<\/li>\n<li>Probeer zowel desktop als mobiel: Geniet van een naadloze ervaring op al je apparaten.<\/li>\n<li>Kijk op verschillende tijden: De piekactiviteit is meestal 's avonds en in het weekend.<\/li>\n<\/ul>\n<h2>Oplossen van veelvoorkomende problemen met de Mirami<\/h2>\n<h3>Kan videochat niet starten<\/h3>\n<p>Controleer de toestemmingen van de browser en geef toegang tot je camera en microfoon.<\/p>\n<h3>Kan geen verbinding maken of gebruikers vinden<\/h3>\n<p>Probeer andere filters te gebruiken, controleer je internetverbinding of keer terug op een drukker tijdstip.<\/p>\n<h3>Spam of misbruik tegenkomen<\/h3>\n<p>Gebruik de report\/block tool-moderators worden onmiddellijk op de hoogte gebracht.<\/p>\n<h3>Een goed gesprek verloren<\/h3>\n<p>Mirami is ontworpen voor privacy- er worden geen chatlogs opgeslagen. Als je in contact wilt blijven, wissel dan contactinformatie uit (voorzichtig en alleen als je je veilig voelt).<\/p>\n<h3>Website laadt niet<\/h3>\n<p>Ververs je browser, wis de cache of probeer een ander apparaat\/browser.<\/p>\n<p>Absoluut - vooral voor iedereen die een moderne, schone en echt priv\u00e9 random chat-ervaring wil. Mirami is de nieuwe standaard voor anonieme online gesprekken, waarbij het beste van Omegle-stijl spontaniteit wordt gecombineerd met de huidige normen voor veiligheid, privacy en gebruiksgemak.<\/p>\n<p>Of je nu nieuwe vrienden wilt maken, voor je plezier wilt chatten, wilt flirten, talen wilt oefenen of gewoon wilt zien wie er allemaal zijn, Mirami.chat is jouw toegangspoort tot veilige, anonieme en gedenkwaardige online gesprekken, zonder verplichtingen.<\/p>\n<p>Klaar om iemand nieuw te ontmoeten? Bezoek mirami.chat, kies je modus en geniet vandaag nog van veilig, direct chatten.<\/p>","protected":false},"excerpt":{"rendered":"<p>In today\u2019s digital age, where privacy, real-time connections, and simplicity are valued more than ever, new platforms are emerging to meet these needs without the baggage of legacy social media or complex apps. Mirami\u2014found at mirami.chat\u2014is one of the most exciting, user-focused additions to the world of random online chatting, offering a streamlined, privacy-first environment [&hellip;]<\/p>\n","protected":false},"author":6,"featured_media":0,"parent":0,"menu_order":0,"comment_status":"closed","ping_status":"closed","template":"","meta":{"footnotes":""},"class_list":["post-12310","page","type-page","status-publish","hentry"],"yoast_head":"<!-- This site is optimized with the Yoast SEO plugin v27.5 - https:\/\/yoast.com\/product\/yoast-seo-wordpress\/ -->\n<title>Mirami - Random Video Chat With Girls - TinyChat.com<\/title>\n<meta name=\"description\" content=\"Enjoying Mirami? Join over 50,000,000 strangers on TinyChat! Turn on your cam and start meeting new people, or find a match.\" \/>\n<meta name=\"robots\" content=\"index, follow, max-snippet:-1, max-image-preview:large, max-video-preview:-1\" \/>\n<link rel=\"canonical\" href=\"https:\/\/tinychat.com\/nl\/mirami\/\" \/>\n<meta property=\"og:locale\" content=\"nl_NL\" \/>\n<meta property=\"og:type\" content=\"article\" \/>\n<meta property=\"og:title\" content=\"Mirami - Random Video Chat With Girls - TinyChat.com\" \/>\n<meta property=\"og:description\" content=\"Enjoying Mirami? Join over 50,000,000 strangers on TinyChat! Turn on your cam and start meeting new people, or find a match.\" \/>\n<meta property=\"og:url\" content=\"https:\/\/tinychat.com\/nl\/mirami\/\" \/>\n<meta property=\"og:site_name\" content=\"TinyChat\" \/>\n<meta property=\"article:publisher\" content=\"https:\/\/www.facebook.com\/tinychat\" \/>\n<meta property=\"article:modified_time\" content=\"2025-08-04T09:57:45+00:00\" \/>\n<meta property=\"og:image\" content=\"https:\/\/tinychat.com\/wp-content\/uploads\/2020\/04\/Tinychat-logo-1280x284-new-black.png\" \/>\n\t<meta property=\"og:image:width\" content=\"1280\" \/>\n\t<meta property=\"og:image:height\" content=\"284\" \/>\n\t<meta property=\"og:image:type\" content=\"image\/png\" \/>\n<meta name=\"twitter:card\" content=\"summary_large_image\" \/>\n<meta name=\"twitter:site\" content=\"@tinychat\" \/>\n<meta name=\"twitter:label1\" content=\"Geschatte leestijd\" \/>\n\t<meta name=\"twitter:data1\" content=\"6 minuten\" \/>\n<script type=\"application\/ld+json\" class=\"yoast-schema-graph\">{\"@context\":\"https:\\\/\\\/schema.org\",\"@graph\":[{\"@type\":\"WebPage\",\"@id\":\"https:\\\/\\\/tinychat.com\\\/mirami\\\/\",\"url\":\"https:\\\/\\\/tinychat.com\\\/mirami\\\/\",\"name\":\"Mirami - Random Video Chat With Girls - TinyChat.com\",\"isPartOf\":{\"@id\":\"https:\\\/\\\/tinychat.com\\\/#website\"},\"datePublished\":\"2025-08-04T09:29:50+00:00\",\"dateModified\":\"2025-08-04T09:57:45+00:00\",\"description\":\"Enjoying Mirami? Join over 50,000,000 strangers on TinyChat! Turn on your cam and start meeting new people, or find a match.\",\"breadcrumb\":{\"@id\":\"https:\\\/\\\/tinychat.com\\\/mirami\\\/#breadcrumb\"},\"inLanguage\":\"nl-NL\",\"potentialAction\":[{\"@type\":\"ReadAction\",\"target\":[\"https:\\\/\\\/tinychat.com\\\/mirami\\\/\"]}]},{\"@type\":\"BreadcrumbList\",\"@id\":\"https:\\\/\\\/tinychat.com\\\/mirami\\\/#breadcrumb\",\"itemListElement\":[{\"@type\":\"ListItem\",\"position\":1,\"name\":\"Home\",\"item\":\"https:\\\/\\\/tinychat.com\\\/\"},{\"@type\":\"ListItem\",\"position\":2,\"name\":\"Mirami\"}]},{\"@type\":\"WebSite\",\"@id\":\"https:\\\/\\\/tinychat.com\\\/#website\",\"url\":\"https:\\\/\\\/tinychat.com\\\/\",\"name\":\"TinyChat\",\"description\":\"Random Video Chat with Strangers\",\"publisher\":{\"@id\":\"https:\\\/\\\/tinychat.com\\\/#organization\"},\"alternateName\":\"TinyChat.com\",\"potentialAction\":[{\"@type\":\"SearchAction\",\"target\":{\"@type\":\"EntryPoint\",\"urlTemplate\":\"https:\\\/\\\/tinychat.com\\\/?s={search_term_string}\"},\"query-input\":{\"@type\":\"PropertyValueSpecification\",\"valueRequired\":true,\"valueName\":\"search_term_string\"}}],\"inLanguage\":\"nl-NL\"},{\"@type\":\"Organization\",\"@id\":\"https:\\\/\\\/tinychat.com\\\/#organization\",\"name\":\"TinyChat\",\"alternateName\":\"TinyChat.com\",\"url\":\"https:\\\/\\\/tinychat.com\\\/\",\"logo\":{\"@type\":\"ImageObject\",\"inLanguage\":\"nl-NL\",\"@id\":\"https:\\\/\\\/tinychat.com\\\/#\\\/schema\\\/logo\\\/image\\\/\",\"url\":\"https:\\\/\\\/tinychat.com\\\/wp-content\\\/uploads\\\/2023\\\/11\\\/Tinychat-icon-square.png\",\"contentUrl\":\"https:\\\/\\\/tinychat.com\\\/wp-content\\\/uploads\\\/2023\\\/11\\\/Tinychat-icon-square.png\",\"width\":284,\"height\":284,\"caption\":\"TinyChat\"},\"image\":{\"@id\":\"https:\\\/\\\/tinychat.com\\\/#\\\/schema\\\/logo\\\/image\\\/\"},\"sameAs\":[\"https:\\\/\\\/www.facebook.com\\\/tinychat\",\"https:\\\/\\\/x.com\\\/tinychat\"]}]}<\/script>\n<!-- \/ Yoast SEO plugin. -->","yoast_head_json":{"title":"Mirami - Willekeurige videochat met meisjes - TinyChat.com","description":"Genieten van Mirami? Sluit je aan bij meer dan 50.000.000 vreemden op TinyChat! Zet je cam aan en begin nieuwe mensen te ontmoeten, of zoek een match.","robots":{"index":"index","follow":"follow","max-snippet":"max-snippet:-1","max-image-preview":"max-image-preview:large","max-video-preview":"max-video-preview:-1"},"canonical":"https:\/\/tinychat.com\/nl\/mirami\/","og_locale":"nl_NL","og_type":"article","og_title":"Mirami - Random Video Chat With Girls - TinyChat.com","og_description":"Enjoying Mirami? Join over 50,000,000 strangers on TinyChat! Turn on your cam and start meeting new people, or find a match.","og_url":"https:\/\/tinychat.com\/nl\/mirami\/","og_site_name":"TinyChat","article_publisher":"https:\/\/www.facebook.com\/tinychat","article_modified_time":"2025-08-04T09:57:45+00:00","og_image":[{"width":1280,"height":284,"url":"https:\/\/tinychat.com\/wp-content\/uploads\/2020\/04\/Tinychat-logo-1280x284-new-black.png","type":"image\/png"}],"twitter_card":"summary_large_image","twitter_site":"@tinychat","twitter_misc":{"Geschatte leestijd":"6 minuten"},"schema":{"@context":"https:\/\/schema.org","@graph":[{"@type":"WebPage","@id":"https:\/\/tinychat.com\/mirami\/","url":"https:\/\/tinychat.com\/mirami\/","name":"Mirami - Willekeurige videochat met meisjes - TinyChat.com","isPartOf":{"@id":"https:\/\/tinychat.com\/#website"},"datePublished":"2025-08-04T09:29:50+00:00","dateModified":"2025-08-04T09:57:45+00:00","description":"Genieten van Mirami? Sluit je aan bij meer dan 50.000.000 vreemden op TinyChat! Zet je cam aan en begin nieuwe mensen te ontmoeten, of zoek een match.","breadcrumb":{"@id":"https:\/\/tinychat.com\/mirami\/#breadcrumb"},"inLanguage":"nl-NL","potentialAction":[{"@type":"ReadAction","target":["https:\/\/tinychat.com\/mirami\/"]}]},{"@type":"BreadcrumbList","@id":"https:\/\/tinychat.com\/mirami\/#breadcrumb","itemListElement":[{"@type":"ListItem","position":1,"name":"Home","item":"https:\/\/tinychat.com\/"},{"@type":"ListItem","position":2,"name":"Mirami"}]},{"@type":"WebSite","@id":"https:\/\/tinychat.com\/#website","url":"https:\/\/tinychat.com\/","name":"TinyChat","description":"Willekeurige videochat met vreemden","publisher":{"@id":"https:\/\/tinychat.com\/#organization"},"alternateName":"TinyChat.com","potentialAction":[{"@type":"SearchAction","target":{"@type":"EntryPoint","urlTemplate":"https:\/\/tinychat.com\/?s={search_term_string}"},"query-input":{"@type":"PropertyValueSpecification","valueRequired":true,"valueName":"search_term_string"}}],"inLanguage":"nl-NL"},{"@type":"Organization","@id":"https:\/\/tinychat.com\/#organization","name":"TinyChat","alternateName":"TinyChat.com","url":"https:\/\/tinychat.com\/","logo":{"@type":"ImageObject","inLanguage":"nl-NL","@id":"https:\/\/tinychat.com\/#\/schema\/logo\/image\/","url":"https:\/\/tinychat.com\/wp-content\/uploads\/2023\/11\/Tinychat-icon-square.png","contentUrl":"https:\/\/tinychat.com\/wp-content\/uploads\/2023\/11\/Tinychat-icon-square.png","width":284,"height":284,"caption":"TinyChat"},"image":{"@id":"https:\/\/tinychat.com\/#\/schema\/logo\/image\/"},"sameAs":["https:\/\/www.facebook.com\/tinychat","https:\/\/x.com\/tinychat"]}]}},"_links":{"self":[{"href":"https:\/\/tinychat.com\/nl\/wp-json\/wp\/v2\/pages\/12310","targetHints":{"allow":["GET"]}}],"collection":[{"href":"https:\/\/tinychat.com\/nl\/wp-json\/wp\/v2\/pages"}],"about":[{"href":"https:\/\/tinychat.com\/nl\/wp-json\/wp\/v2\/types\/page"}],"author":[{"embeddable":true,"href":"https:\/\/tinychat.com\/nl\/wp-json\/wp\/v2\/users\/6"}],"replies":[{"embeddable":true,"href":"https:\/\/tinychat.com\/nl\/wp-json\/wp\/v2\/comments?post=12310"}],"version-history":[{"count":4,"href":"https:\/\/tinychat.com\/nl\/wp-json\/wp\/v2\/pages\/12310\/revisions"}],"predecessor-version":[{"id":13386,"href":"https:\/\/tinychat.com\/nl\/wp-json\/wp\/v2\/pages\/12310\/revisions\/13386"}],"wp:attachment":[{"href":"https:\/\/tinychat.com\/nl\/wp-json\/wp\/v2\/media?parent=12310"}],"curies":[{"name":"wp","href":"https:\/\/api.w.org\/{rel}","templated":true}]}}