{"id":12463,"date":"2025-08-04T11:13:51","date_gmt":"2025-08-04T09:13:51","guid":{"rendered":"https:\/\/tinychat.com\/?page_id=12463"},"modified":"2025-08-04T11:49:51","modified_gmt":"2025-08-04T09:49:51","slug":"chitchat","status":"publish","type":"page","link":"https:\/\/tinychat.com\/nl\/chitchat\/","title":{"rendered":"ChitChat"},"content":{"rendered":"<p>Nu de online wereld steeds voller wordt met sociale netwerken en app-gestuurde platforms, zijn veel gebruikers op zoek naar iets authentiekers en eenvoudigers - een plek om te praten, vrienden te maken en idee\u00ebn te delen zonder algoritmes, profielen of invasieve gegevensverzameling. ChitChat is uitgegroeid tot een toonaangevende bestemming voor gratis, anoniem, browsergebaseerd chatten en biedt de perfecte mix van ouderwetse chatroom-energie en moderne privacy, bruikbaarheid en community.<\/p>\n<p>Of je nu nieuwe mensen wilt ontmoeten, je interesses in een groep wilt bespreken, advies wilt inwinnen of gewoon een willekeurig gesprek met een vreemde wilt voeren, ChitChat brengt mensen van over de hele wereld samen in een gastvrije, veilige en gebruiksvriendelijke omgeving - downloads of registratie zijn niet nodig.<\/p>\n<p>Deze diepgaande gids laat je alles zien wat je moet weten over ChitChat: wat het is, de opvallende functies, gebruikerservaring, privacy en veiligheid, hoe het zich verhoudt tot andere chatplatforms, probleemoplossing en deskundige tips om het meeste uit elke sessie te halen.<\/p>\n<h2>Wat is ChitChat?<\/h2>\n<p>ChitChat is een browsergebaseerd anoniem chatplatform dat zowel willekeurige \u00e9\u00e9n-op-\u00e9\u00e9n chats als open groepschats biedt. ChitChat is ontworpen voor mensen die waarde hechten aan privacy en spontaniteit en laat u direct in gesprekken springen-geen aanmelding, geen e-mail en geen ingewikkelde installatie.<\/p>\n<p>ChitChat is ideaal voor:<\/p>\n<ul>\n<li>Anonieme \u00e9\u00e9n-op-\u00e9\u00e9n chats met vreemden<\/li>\n<li>Themagroepen (interesses, taal, land, leeftijdsgroep, enz.)<\/li>\n<li>Veilig, privacygericht chatten<\/li>\n<li>Ongedwongen gezelligheid, flirten, steun of advies<\/li>\n<li>Overal verbinding maken vanaf elk apparaat<\/li>\n<\/ul>\n<p>Het platform draait om real-time communicatie zonder barri\u00e8res - geen sociale profielen, geen tracking en volledige vrijheid om jezelf te zijn.<\/p>\n<h2>Belangrijkste functies van ChitChat<\/h2>\n<p>ChitChat onderscheidt zich van andere platforms door de focus op empowerment, veiligheid en gebruiksgemak:<\/p>\n<h3>1. Geen registratie nodig<\/h3>\n<p>Ga binnen enkele seconden een gesprek aan - kies gewoon een bijnaam en begin te chatten. Je hoeft geen persoonlijke info, e-mails of telefoonnummers op te geven.<\/p>\n<h3>2. Standaard anoniem<\/h3>\n<p>Blijf zo priv\u00e9 als u wilt. ChitChat vereist geen echte namen en slaat geen identificerende informatie op, waardoor elke chat een veilige ruimte is voor een open dialoog.<\/p>\n<h3>3. Willekeurig \u00e9\u00e9n-op-\u00e9\u00e9n gesprek<\/h3>\n<p>Maak direct contact met vreemden in priv\u00e9 \u00e9\u00e9n-op-\u00e9\u00e9n chats. Met de knop \"Volgende\" kun je snel naar een nieuwe match gaan als het gesprek niet goed loopt.<\/p>\n<h3>4. Groeps-chatrooms<\/h3>\n<p>Verken een grote verscheidenheid aan groepchatrooms op interesse, land, taal, leeftijdsgroep of onderwerp. Neem deel aan het wereldwijde gesprek of maak uw eigen priv\u00e9groep.<\/p>\n<h3>5. Eenvoudige, moderne interface<\/h3>\n<p>De strakke en intu\u00eftieve lay-out van ChitChat werkt naadloos op zowel desktop- als mobiele browsers. Geen advertenties, geen rommel, alleen chatten.<\/p>\n<h3>6. Emoji en media delen<\/h3>\n<p>Druk jezelf uit met een volledige bibliotheek van emoji's en (waar ingeschakeld) het veilig delen van afbeeldingen of GIF's, waardoor gesprekken levendiger en expressiever worden.<\/p>\n<h3>7. Kamer op maat maken<\/h3>\n<p>Gebruikers kunnen priv\u00e9- of openbare groepsruimten maken met aangepaste namen, onderwerpen en toegangscontroles. Deel een link om vrienden uit te nodigen of maak het open voor iedereen.<\/p>\n<h3>8. Hulpmiddelen voor onmiddellijke moderatie<\/h3>\n<p>Rapporteer of blokkeer gebruikers met \u00e9\u00e9n klik. De actieve moderatie van ChitChat houdt de omgeving respectvol en spamvrij.<\/p>\n<h3>9. Tijdelijke, beveiligde chats<\/h3>\n<p>ChitChat logt geen chatgeschiedenis-als u een kamer verlaat of een chat afsluit, verdwijnen uw berichten voorgoed, zodat er geen sporen achterblijven.<\/p>\n<h3>10. Taal- en locatiefilters<\/h3>\n<p>Kies ervoor om een match te maken met mensen uit bepaalde landen of die jouw taal spreken - ideaal om je taal te oefenen of om vrienden dichter bij huis te maken.<\/p>\n<h2>Hoe ChitChat gebruiken<\/h2>\n<p>Het gebruik van ChitChat is ontworpen om wrijvingsloos en intu\u00eftief te zijn:<\/p>\n<h3>Stap 1: Bezoek de ChitChat-website<\/h3>\n<p>Ga naar chitchat.com (of uw lokale versie) in een willekeurige webbrowser.<\/p>\n<h3>Stap 2: Kies een bijnaam<\/h3>\n<p>Voer een bijnaam naar keuze in - echte namen zijn niet nodig.<\/p>\n<h3>Stap 3: Kies een chatmodus<\/h3>\n<ul>\n<li>Willekeurige chat: Word direct gekoppeld aan een onbekende voor een priv\u00e9 \u00e9\u00e9n-op-\u00e9\u00e9n chat.<\/li>\n<li>Groepsruimtes: Blader of zoek naar groepsruimtes op onderwerp, land, taal of interesse.<\/li>\n<li>Maak een kamer: Richt je eigen groepskamer in voor vrienden of openbare gesprekken.<\/li>\n<\/ul>\n<h3>Stap 4: Begin met chatten<\/h3>\n<p>Zeg hallo, stel vragen of ga meteen in discussie. Gebruik de knop \"Volgende\" om naar een nieuwe chat in willekeurige modus te gaan of naar een andere groepsruimte te gaan.<\/p>\n<h3>Stap 5: Emoji's en media gebruiken<\/h3>\n<p>Voeg emoji's toe aan je berichten of deel, waar toegestaan, veilige afbeeldingen en GIF's om chats expressiever te maken.<\/p>\n<h3>Stap 6: Rapporteren of blokkeren indien nodig<\/h3>\n<p>Als je trollen, spam of misbruik tegenkomt, gebruik dan de meld- of blokkeerfunctie - moderators handelen snel om het platform schoon te houden.<\/p>\n<h2>Gebruikerservaring op ChitChat<\/h2>\n<p>ChitChat draait om vrijheid, eenvoud en authentieke gesprekken:<\/p>\n<h3>Wat gebruikers leuk vinden<\/h3>\n<ul>\n<li>Geen gedoe met aanmelden: Directe, anonieme toegang tot alle chats.<\/li>\n<li>Wereldwijde gemeenschap: Ontmoet mensen van elk continent, op elk moment van de dag.<\/li>\n<li>Modern, mobielvriendelijk ontwerp: Werkt geweldig op elk apparaat, met een strakke lay-out.<\/li>\n<li>Sterke privacy: Geen logs, geen profielen, geen tracking.<\/li>\n<li>Aanpasbare kamers: Stel je eigen onderwerpen in en nodig vrienden uit met een link.<\/li>\n<li>Actieve moderatie: Snelle reactie op spam of misbruik.<\/li>\n<li>Leuke emoji's en afbeeldingen delen: Maak gesprekken levendiger.<\/li>\n<\/ul>\n<h3>Waar gebruikers ruimte voor verbetering zien<\/h3>\n<ul>\n<li>Geen video- of audiochat (momenteel alleen tekstgebaseerd).<\/li>\n<li>Sommige functies (zoals afbeeldingen delen) zijn voor de veiligheid beperkt in willekeurige chat.<\/li>\n<li>Minder gebruikers 's avonds laat in vergelijking met grote wereldwijde platforms.<\/li>\n<li>De volledige gespreksgeschiedenis is niet beschikbaar (met het oog op privacy).<\/li>\n<\/ul>\n<h3>Feedback van echte gebruikers<\/h3>\n<blockquote><p>\"Ik gebruik ChitChat om tot rust te komen aan het eind van de dag - geen aanmelding, geen gedoe, gewoon echt praten met vreemden of vrienden.\"<br \/>\n- <em>Emily R., Trustpilot<\/em><\/p><\/blockquote>\n<blockquote><p>\"Ik ben dol op de groepsruimtes. Het is de beste manier om mensen met dezelfde interesses te ontmoeten zonder je zorgen te maken over privacy.\"<br \/>\n- <em>Ali M., Google beoordelingen<\/em><\/p><\/blockquote>\n<blockquote><p>\"De meldknop werkt echt - moderators bannen trollen snel. Voelt een stuk veiliger dan de meeste willekeurige chatapps.\"<br \/>\n- <em>Sophie T., App Store<\/em><\/p><\/blockquote>\n<h2>ChitChat vs. Andere Anonieme Chatplatforms<\/h2>\n<p>Hoe verhoudt ChitChat zich tot toonaangevende anonieme chatplatforms?<\/p>\n<table>\n<thead>\n<tr>\n<th>Functie<\/th>\n<th>ChitChat<\/th>\n<th>Chatiwi<\/th>\n<th>Chatiw<\/th>\n<th>Chatib<\/th>\n<th>Yesichat<\/th>\n<th>Chatzy<\/th>\n<\/tr>\n<\/thead>\n<tbody>\n<tr>\n<td>Geen registratie nodig<\/td>\n<td>Ja<\/td>\n<td>Ja<\/td>\n<td>Ja<\/td>\n<td>Ja<\/td>\n<td>Ja<\/td>\n<td>Ja<\/td>\n<\/tr>\n<tr>\n<td>Standaard anoniem<\/td>\n<td>Ja<\/td>\n<td>Ja<\/td>\n<td>Ja<\/td>\n<td>Ja<\/td>\n<td>Ja<\/td>\n<td>Ja<\/td>\n<\/tr>\n<tr>\n<td>Willekeurige &amp; Groep Chat<\/td>\n<td>Beide<\/td>\n<td>Beide<\/td>\n<td>Beide<\/td>\n<td>Beide<\/td>\n<td>Beide<\/td>\n<td>Beide<\/td>\n<\/tr>\n<tr>\n<td>Media\/Emoji delen<\/td>\n<td>Ja<\/td>\n<td>Ja<\/td>\n<td>Ja<\/td>\n<td>Ja<\/td>\n<td>Ja<\/td>\n<td>Ja<\/td>\n<\/tr>\n<tr>\n<td>Kamer op maat maken<\/td>\n<td>Ja<\/td>\n<td>Ja<\/td>\n<td>Nee<\/td>\n<td>Nee<\/td>\n<td>Ja<\/td>\n<td>Ja<\/td>\n<\/tr>\n<tr>\n<td>Hulpmiddelen voor moderatie<\/td>\n<td>Sterk<\/td>\n<td>Sterk<\/td>\n<td>\u26a0\ufe0f Sommige<\/td>\n<td>Ja<\/td>\n<td>Ja<\/td>\n<td>Ja<\/td>\n<\/tr>\n<tr>\n<td>Geen chatgeschiedenis opgeslagen<\/td>\n<td>Ja<\/td>\n<td>Ja<\/td>\n<td>Nee<\/td>\n<td>Nee<\/td>\n<td>Ja<\/td>\n<td>Ja<\/td>\n<\/tr>\n<tr>\n<td>Mobiel geoptimaliseerd<\/td>\n<td>Ja<\/td>\n<td>Ja<\/td>\n<td>Ja<\/td>\n<td>Ja<\/td>\n<td>Ja<\/td>\n<td>Ja<\/td>\n<\/tr>\n<\/tbody>\n<\/table>\n<p>Samenvatting: ChitChat onderscheidt zich door zijn gebruiksgemak, mix van willekeurige chat en groepschat, sterke privacy en aanpasbare groepsruimten - perfect voor zowel spontane gesprekken als voortdurende community.<\/p>\n<h2>Is ChitChat veilig?<\/h2>\n<p>ChitChat is ontworpen met privacy en gebruikersveiligheid als kernpunten:<\/p>\n<ul>\n<li>Geen registratie, geen persoonlijke info verzameld<\/li>\n<li>Anonieme chat-kies je eigen bijnaam<\/li>\n<li>Geen gesprekslogs of gegevensopslag<\/li>\n<li>Actief moderatieteam voor misbruik of spam<\/li>\n<li>Rapportage en blokkering van gebruikers<\/li>\n<li>Geen advertenties of tracking door derden<\/li>\n<\/ul>\n<h3>Veiligheidstips<\/h3>\n<ul>\n<li>Deel geen persoonlijke gegevens of echte namen in een chat.<\/li>\n<li>Gebruik priv\u00e9kamers voor vertrouwde gesprekken, openbare groepsruimtes voor gemeenschap.<\/li>\n<li>Meld elke vorm van intimidatie, spam of ongepaste inhoud.<\/li>\n<li>Vertrouw op je instincten - ga weg bij elk gesprek dat ongemakkelijk aanvoelt.<\/li>\n<\/ul>\n<h2>Tips om het meeste uit ChitChat te halen<\/h2>\n<ul>\n<li>Begin met een vriendelijke begroeting: Opent meer gesprekken.<\/li>\n<li>Verken de groepsruimtes: Geweldige manier om vrienden te vinden of onderwerpen diepgaand te bespreken.<\/li>\n<li>Maak je eigen kamer: Perfect voor priv\u00e9chats of themadiscussies.<\/li>\n<li>Druk jezelf uit: Gebruik emoji's en, waar mogelijk, afbeeldingen voor boeiendere chats.<\/li>\n<li>Matig je ervaring: Gebruik de tools voor blokkeren\/rapporteren wanneer dat nodig is.<\/li>\n<li>Schakel tussen apparaten: Geniet van een naadloze ervaring op mobiel of desktop.<\/li>\n<li>Blijf anoniem: bescherm je privacy - deel nooit gevoelige informatie.<\/li>\n<\/ul>\n<h2>Veelvoorkomende ChitChat-problemen oplossen<\/h2>\n<h3>Kan geen verbinding maken of chat wordt niet geladen<\/h3>\n<p>Controleer je internetverbinding, vernieuw je browser of probeer een ander apparaat.<\/p>\n<h3>Afbeeldingen delen werkt niet<\/h3>\n<p>Controleer de limieten voor bestandsgrootte\/type; het delen van afbeeldingen kan voor de veiligheid beperkt zijn in willekeurige chat.<\/p>\n<h3>Trollen of spam tegenkomen<\/h3>\n<p>Blokkeer of rapporteer de gebruiker-moderators handelen snel om overtreders te verwijderen.<\/p>\n<h3>Verloren chatgeschiedenis<\/h3>\n<p>Het is de bedoeling dat chats niet worden opgeslagen met het oog op privacy. Bewaar alle belangrijke informatie voordat je de kamer verlaat.<\/p>\n<h3>Weinig gebruikers online<\/h3>\n<p>Probeer verschillende groepsruimtes of tijdstippen. Maak je eigen kamer en nodig vrienden uit voor een priv\u00e9chat.<\/p>\n<p>Absoluut - vooral voor iedereen die op zoek is naar een snelle, priv\u00e9 en anonieme chatervaring zonder de bagage van registratie, tracking of opdringerige advertenties. ChitChat is de perfecte moderne mix van klassiek chatplezier en de beste privacyfuncties van vandaag.<\/p>\n<p>Of u nu \u00e9\u00e9n-op-\u00e9\u00e9n wilt chatten, wilt deelnemen aan een groepsdiscussie of uw eigen chatcommunity wilt opbouwen, ChitChat biedt een veilig, gastvrij platform voor authentieke online conversaties - altijd, overal en met iedereen.<\/p>\n<p>Klaar om te beginnen met chatten? Ga naar chitchat.com, kies je bijnaam en modus en begin meteen aan je volgende gesprek.<\/p>","protected":false},"excerpt":{"rendered":"<p>As the online world becomes increasingly crowded with social networks and app-driven platforms, many users are searching for something more authentic and simple\u2014a place to talk, make friends, and share ideas without algorithms, profiles, or invasive data collection. ChitChat has emerged as a leading destination for free, anonymous, browser-based chat, offering the perfect blend of [&hellip;]<\/p>\n","protected":false},"author":6,"featured_media":0,"parent":0,"menu_order":0,"comment_status":"closed","ping_status":"closed","template":"","meta":{"footnotes":""},"class_list":["post-12463","page","type-page","status-publish","hentry"],"yoast_head":"<!-- This site is optimized with the Yoast SEO plugin v27.5 - https:\/\/yoast.com\/product\/yoast-seo-wordpress\/ -->\n<title>ChitChat - Talk to Strangers Online - TinyChat.com<\/title>\n<meta name=\"description\" content=\"Enjoying ChitChat? Join over 50,000,000 strangers on TinyChat! Turn on your cam and start meeting new people, or find a match.\" \/>\n<meta name=\"robots\" content=\"index, follow, max-snippet:-1, max-image-preview:large, max-video-preview:-1\" \/>\n<link rel=\"canonical\" href=\"https:\/\/tinychat.com\/nl\/chitchat\/\" \/>\n<meta property=\"og:locale\" content=\"nl_NL\" \/>\n<meta property=\"og:type\" content=\"article\" \/>\n<meta property=\"og:title\" content=\"ChitChat - Talk to Strangers Online - TinyChat.com\" \/>\n<meta property=\"og:description\" content=\"Enjoying ChitChat? Join over 50,000,000 strangers on TinyChat! Turn on your cam and start meeting new people, or find a match.\" \/>\n<meta property=\"og:url\" content=\"https:\/\/tinychat.com\/nl\/chitchat\/\" \/>\n<meta property=\"og:site_name\" content=\"TinyChat\" \/>\n<meta property=\"article:publisher\" content=\"https:\/\/www.facebook.com\/tinychat\" \/>\n<meta property=\"article:modified_time\" content=\"2025-08-04T09:49:51+00:00\" \/>\n<meta property=\"og:image\" content=\"https:\/\/tinychat.com\/wp-content\/uploads\/2020\/04\/Tinychat-logo-1280x284-new-black.png\" \/>\n\t<meta property=\"og:image:width\" content=\"1280\" \/>\n\t<meta property=\"og:image:height\" content=\"284\" \/>\n\t<meta property=\"og:image:type\" content=\"image\/png\" \/>\n<meta name=\"twitter:card\" content=\"summary_large_image\" \/>\n<meta name=\"twitter:site\" content=\"@tinychat\" \/>\n<meta name=\"twitter:label1\" content=\"Geschatte leestijd\" \/>\n\t<meta name=\"twitter:data1\" content=\"7 minuten\" \/>\n<script type=\"application\/ld+json\" class=\"yoast-schema-graph\">{\"@context\":\"https:\\\/\\\/schema.org\",\"@graph\":[{\"@type\":\"WebPage\",\"@id\":\"https:\\\/\\\/tinychat.com\\\/chitchat\\\/\",\"url\":\"https:\\\/\\\/tinychat.com\\\/chitchat\\\/\",\"name\":\"ChitChat - Talk to Strangers Online - TinyChat.com\",\"isPartOf\":{\"@id\":\"https:\\\/\\\/tinychat.com\\\/#website\"},\"datePublished\":\"2025-08-04T09:13:51+00:00\",\"dateModified\":\"2025-08-04T09:49:51+00:00\",\"description\":\"Enjoying ChitChat? Join over 50,000,000 strangers on TinyChat! Turn on your cam and start meeting new people, or find a match.\",\"breadcrumb\":{\"@id\":\"https:\\\/\\\/tinychat.com\\\/chitchat\\\/#breadcrumb\"},\"inLanguage\":\"nl-NL\",\"potentialAction\":[{\"@type\":\"ReadAction\",\"target\":[\"https:\\\/\\\/tinychat.com\\\/chitchat\\\/\"]}]},{\"@type\":\"BreadcrumbList\",\"@id\":\"https:\\\/\\\/tinychat.com\\\/chitchat\\\/#breadcrumb\",\"itemListElement\":[{\"@type\":\"ListItem\",\"position\":1,\"name\":\"Home\",\"item\":\"https:\\\/\\\/tinychat.com\\\/\"},{\"@type\":\"ListItem\",\"position\":2,\"name\":\"ChitChat\"}]},{\"@type\":\"WebSite\",\"@id\":\"https:\\\/\\\/tinychat.com\\\/#website\",\"url\":\"https:\\\/\\\/tinychat.com\\\/\",\"name\":\"TinyChat\",\"description\":\"Random Video Chat with Strangers\",\"publisher\":{\"@id\":\"https:\\\/\\\/tinychat.com\\\/#organization\"},\"alternateName\":\"TinyChat.com\",\"potentialAction\":[{\"@type\":\"SearchAction\",\"target\":{\"@type\":\"EntryPoint\",\"urlTemplate\":\"https:\\\/\\\/tinychat.com\\\/?s={search_term_string}\"},\"query-input\":{\"@type\":\"PropertyValueSpecification\",\"valueRequired\":true,\"valueName\":\"search_term_string\"}}],\"inLanguage\":\"nl-NL\"},{\"@type\":\"Organization\",\"@id\":\"https:\\\/\\\/tinychat.com\\\/#organization\",\"name\":\"TinyChat\",\"alternateName\":\"TinyChat.com\",\"url\":\"https:\\\/\\\/tinychat.com\\\/\",\"logo\":{\"@type\":\"ImageObject\",\"inLanguage\":\"nl-NL\",\"@id\":\"https:\\\/\\\/tinychat.com\\\/#\\\/schema\\\/logo\\\/image\\\/\",\"url\":\"https:\\\/\\\/tinychat.com\\\/wp-content\\\/uploads\\\/2023\\\/11\\\/Tinychat-icon-square.png\",\"contentUrl\":\"https:\\\/\\\/tinychat.com\\\/wp-content\\\/uploads\\\/2023\\\/11\\\/Tinychat-icon-square.png\",\"width\":284,\"height\":284,\"caption\":\"TinyChat\"},\"image\":{\"@id\":\"https:\\\/\\\/tinychat.com\\\/#\\\/schema\\\/logo\\\/image\\\/\"},\"sameAs\":[\"https:\\\/\\\/www.facebook.com\\\/tinychat\",\"https:\\\/\\\/x.com\\\/tinychat\"]}]}<\/script>\n<!-- \/ Yoast SEO plugin. -->","yoast_head_json":{"title":"ChitChat - Praat online met vreemden - TinyChat.com","description":"Geniet je van ChitChat? Sluit je aan bij meer dan 50.000.000 vreemden op TinyChat! Zet je cam aan en begin nieuwe mensen te ontmoeten of zoek een match.","robots":{"index":"index","follow":"follow","max-snippet":"max-snippet:-1","max-image-preview":"max-image-preview:large","max-video-preview":"max-video-preview:-1"},"canonical":"https:\/\/tinychat.com\/nl\/chitchat\/","og_locale":"nl_NL","og_type":"article","og_title":"ChitChat - Talk to Strangers Online - TinyChat.com","og_description":"Enjoying ChitChat? Join over 50,000,000 strangers on TinyChat! Turn on your cam and start meeting new people, or find a match.","og_url":"https:\/\/tinychat.com\/nl\/chitchat\/","og_site_name":"TinyChat","article_publisher":"https:\/\/www.facebook.com\/tinychat","article_modified_time":"2025-08-04T09:49:51+00:00","og_image":[{"width":1280,"height":284,"url":"https:\/\/tinychat.com\/wp-content\/uploads\/2020\/04\/Tinychat-logo-1280x284-new-black.png","type":"image\/png"}],"twitter_card":"summary_large_image","twitter_site":"@tinychat","twitter_misc":{"Geschatte leestijd":"7 minuten"},"schema":{"@context":"https:\/\/schema.org","@graph":[{"@type":"WebPage","@id":"https:\/\/tinychat.com\/chitchat\/","url":"https:\/\/tinychat.com\/chitchat\/","name":"ChitChat - Praat online met vreemden - TinyChat.com","isPartOf":{"@id":"https:\/\/tinychat.com\/#website"},"datePublished":"2025-08-04T09:13:51+00:00","dateModified":"2025-08-04T09:49:51+00:00","description":"Geniet je van ChitChat? Sluit je aan bij meer dan 50.000.000 vreemden op TinyChat! Zet je cam aan en begin nieuwe mensen te ontmoeten of zoek een match.","breadcrumb":{"@id":"https:\/\/tinychat.com\/chitchat\/#breadcrumb"},"inLanguage":"nl-NL","potentialAction":[{"@type":"ReadAction","target":["https:\/\/tinychat.com\/chitchat\/"]}]},{"@type":"BreadcrumbList","@id":"https:\/\/tinychat.com\/chitchat\/#breadcrumb","itemListElement":[{"@type":"ListItem","position":1,"name":"Home","item":"https:\/\/tinychat.com\/"},{"@type":"ListItem","position":2,"name":"ChitChat"}]},{"@type":"WebSite","@id":"https:\/\/tinychat.com\/#website","url":"https:\/\/tinychat.com\/","name":"TinyChat","description":"Willekeurige videochat met vreemden","publisher":{"@id":"https:\/\/tinychat.com\/#organization"},"alternateName":"TinyChat.com","potentialAction":[{"@type":"SearchAction","target":{"@type":"EntryPoint","urlTemplate":"https:\/\/tinychat.com\/?s={search_term_string}"},"query-input":{"@type":"PropertyValueSpecification","valueRequired":true,"valueName":"search_term_string"}}],"inLanguage":"nl-NL"},{"@type":"Organization","@id":"https:\/\/tinychat.com\/#organization","name":"TinyChat","alternateName":"TinyChat.com","url":"https:\/\/tinychat.com\/","logo":{"@type":"ImageObject","inLanguage":"nl-NL","@id":"https:\/\/tinychat.com\/#\/schema\/logo\/image\/","url":"https:\/\/tinychat.com\/wp-content\/uploads\/2023\/11\/Tinychat-icon-square.png","contentUrl":"https:\/\/tinychat.com\/wp-content\/uploads\/2023\/11\/Tinychat-icon-square.png","width":284,"height":284,"caption":"TinyChat"},"image":{"@id":"https:\/\/tinychat.com\/#\/schema\/logo\/image\/"},"sameAs":["https:\/\/www.facebook.com\/tinychat","https:\/\/x.com\/tinychat"]}]}},"_links":{"self":[{"href":"https:\/\/tinychat.com\/nl\/wp-json\/wp\/v2\/pages\/12463","targetHints":{"allow":["GET"]}}],"collection":[{"href":"https:\/\/tinychat.com\/nl\/wp-json\/wp\/v2\/pages"}],"about":[{"href":"https:\/\/tinychat.com\/nl\/wp-json\/wp\/v2\/types\/page"}],"author":[{"embeddable":true,"href":"https:\/\/tinychat.com\/nl\/wp-json\/wp\/v2\/users\/6"}],"replies":[{"embeddable":true,"href":"https:\/\/tinychat.com\/nl\/wp-json\/wp\/v2\/comments?post=12463"}],"version-history":[{"count":4,"href":"https:\/\/tinychat.com\/nl\/wp-json\/wp\/v2\/pages\/12463\/revisions"}],"predecessor-version":[{"id":13379,"href":"https:\/\/tinychat.com\/nl\/wp-json\/wp\/v2\/pages\/12463\/revisions\/13379"}],"wp:attachment":[{"href":"https:\/\/tinychat.com\/nl\/wp-json\/wp\/v2\/media?parent=12463"}],"curies":[{"name":"wp","href":"https:\/\/api.w.org\/{rel}","templated":true}]}}