{"id":12587,"date":"2025-12-02T08:51:12","date_gmt":"2025-12-02T06:51:12","guid":{"rendered":"https:\/\/tinychat.com\/?page_id=12587"},"modified":"2025-12-02T10:51:13","modified_gmt":"2025-12-02T08:51:13","slug":"rabbit-video-chat","status":"publish","type":"page","link":"https:\/\/tinychat.com\/nl\/rabbit-video-chat\/","title":{"rendered":"Konijn Videochat"},"content":{"rendered":"<p>In een internettijdperk vol met samengestelde profielen, hoogtepunten en eindeloos scrollen, biedt Rabbit Video Chat iets verfrissend anders: een directe, realtime manier om vreemden persoonlijk te ontmoeten. Geen algoritmen, geen aanmeldingen en geen ingewikkelde functies \u2014 alleen spontane contacten met mensen over de hele wereld.<\/p>\n<p>Of je nu op zoek bent naar een kort gesprek, informeel plezier of een nieuw perspectief van iemand uit een totaal onverwachte hoek, Rabbit Video Chat biedt een snelle, eenvoudige en boeiende ervaring voor iedereen die houdt van de spanning van willekeurige ontmoetingen online.<\/p>\n<p>Deze uitgebreide review gaat in op wat Rabbit Video Chat is, hoe het werkt, de belangrijkste functies, gebruikerservaring, veiligheid, vergelijkingen, probleemoplossing en tips om van elke chatsessie te genieten.<\/p>\n<h2>Wat is Rabbit Video Chat?<\/h2>\n<p>Rabbit Video Chat is een willekeurig \u00e9\u00e9n-op-\u00e9\u00e9n videochatplatform dat je direct via webcam in contact brengt met vreemden. Net als Omegle, Chatroulette of nieuwere platforms zoals Umingle en Randomskip richt Rabbit Video Chat zich op snelle matching, minimale instellingen en echte menselijke interactie.<\/p>\n<p>Je hebt geen account, app of persoonlijk profiel nodig \u2014 alles werkt rechtstreeks via je browser.<\/p>\n<p>Rabbit Video Chat is aantrekkelijk voor gebruikers die het volgende willen:<\/p>\n<ul>\n<li>Live, spontane videogesprekken<\/li>\n<li>Een pauze van sociale media en gecureerde identiteiten<\/li>\n<li>Directe toegang zonder inloggen<\/li>\n<li>Een anonieme omgeving zonder druk<\/li>\n<li>Een leuke manier om internationaal nieuwe mensen te ontmoeten<\/li>\n<\/ul>\n<p>Door zijn eenvoud is het een van de gemakkelijkst te gebruiken willekeurige videochatdiensten, of je nu wereldwijde gesprekken wilt ontdekken of gewoon wat tijd wilt doden.<\/p>\n<h2>Belangrijkste kenmerken van Rabbit Video Chat<\/h2>\n<p>Rabbit Video Chat houdt het simpel, maar biedt toch alle essenti\u00eble tools voor een soepele chatervaring. Dit zijn de opvallende kenmerken van het platform:<\/p>\n<h3>1. E\u00e9n-op-\u00e9\u00e9n willekeurige videochat<\/h3>\n<ul>\n<li>Maak direct contact met een onbekende via een live webcam<\/li>\n<li>Soepele prestaties met lage latentie<\/li>\n<li>Werkt zonder registratie<\/li>\n<\/ul>\n<p>Dit is de kern van Rabbit Video Chat: pure, spontane gesprekken.<\/p>\n<h3>2. Knop voor direct overslaan<\/h3>\n<ul>\n<li>Schakel op elk moment over naar een nieuw gesprek<\/li>\n<li>Zorgt voor een snelle en dynamische ervaring<\/li>\n<li>Moedigt verkenning en variatie aan<\/li>\n<\/ul>\n<h3>3. Tekstchatondersteuning<\/h3>\n<ul>\n<li>Typ berichten naast of in plaats van video<\/li>\n<li>Handig voor gebruikers die liever typen<\/li>\n<li>Helpt het ijs te breken tijdens nieuwe interacties<\/li>\n<\/ul>\n<h3>4. Geen registratie vereist<\/h3>\n<ul>\n<li>Begin direct met chatten<\/li>\n<li>Geen e-mailadres, telefoonnummer of profiel nodig<\/li>\n<li>Meer privacy en anonimiteit<\/li>\n<\/ul>\n<h3>5. Mobielvriendelijke ervaring<\/h3>\n<ul>\n<li>Werkt goed op smartphones en tablets<\/li>\n<li>Responsieve lay-out past zich aan uw scherm aan<\/li>\n<li>Ideaal om onderweg te chatten<\/li>\n<\/ul>\n<h3>6. Wereldwijde matching<\/h3>\n<ul>\n<li>Ontmoet mensen uit veel verschillende landen<\/li>\n<li>Goed voor het oefenen van talen en culturele uitwisseling<\/li>\n<li>Een diverse, voortdurend veranderende groep gebruikers<\/li>\n<\/ul>\n<h3>7. Vrij te gebruiken<\/h3>\n<ul>\n<li>Geen verborgen kosten of premiumfuncties<\/li>\n<li>Onbeperkt chatten en overslaan<\/li>\n<\/ul>\n<h3>8. Strakke, moderne interface<\/h3>\n<ul>\n<li>Minimale rommel voor eenvoudige navigatie<\/li>\n<li>Intu\u00eftief ontwerp, ideaal voor nieuwe gebruikers<\/li>\n<\/ul>\n<h2>Hoe gebruik je Rabbit Video Chat?<\/h2>\n<p>Rabbit Video Chat is ontworpen voor maximale eenvoud, zodat zelfs nieuwe gebruikers direct verbinding kunnen maken.<\/p>\n<h3>Stap 1: Bezoek de website<\/h3>\n<p>Open Rabbit Video Chat rechtstreeks in uw browser (desktop of mobiel).<\/p>\n<h3>Stap 2: Toegang tot camera en microfoon toestaan<\/h3>\n<p>Geef toestemming zodat het platform video en audio kan inschakelen.<\/p>\n<h3>Stap 3: Klik op \u201cStarten\u201d.\u201d<\/h3>\n<p>Je wordt direct gekoppeld aan een willekeurige vreemdeling.<\/p>\n<h3>Stap 4: Chatten, verbinden of overslaan<\/h3>\n<p>U kunt:<\/p>\n<ul>\n<li>Ga verder met het gesprek<\/li>\n<li>Typ in plaats van te praten<\/li>\n<li>Klik op \u201cVolgende\u201d om iemand nieuw te ontmoeten<\/li>\n<\/ul>\n<h3>Stap 5: Herhaal naar wens<\/h3>\n<p>Er is geen limiet aan het aantal gebruikers dat je kunt ontmoeten \u2014 ga lekker op ontdekkingstocht!<\/p>\n<p>Dat is alles wat er nodig is. Geen aanmeldingsschermen, geen lange lijsten met instructies.<\/p>\n<h2>Gebruikerservaring op Rabbit Video Chat<\/h2>\n<p>Rabbit Video Chat is ontworpen met het oog op snelle toegang, minimale wrijving en spontane interactie. Het platform spreekt gebruikers aan die graag chatten zonder barri\u00e8res of ingewikkelde functies.<\/p>\n<h3>Wat gebruikers leuk vinden<\/h3>\n<ul>\n<li>Geen account nodig \u2014 directe toegang<\/li>\n<li>Gemakkelijk te gebruiken op mobiel of desktop<\/li>\n<li>Snelle verbindingen met korte laadtijden<\/li>\n<li>Een leuke, ongefilterde manier om mensen van over de hele wereld te ontmoeten<\/li>\n<li>Gratis en anoniem<\/li>\n<\/ul>\n<h3>Waar gebruikers ruimte voor verbetering zien<\/h3>\n<ul>\n<li>Geen filters op geslacht of land<\/li>\n<li>Geen optie om opnieuw verbinding te maken met eerdere chats<\/li>\n<li>Incidentele spamgebruikers, afhankelijk van het tijdstip<\/li>\n<li>De piekactiviteit varieert per regio.<\/li>\n<\/ul>\n<p>Ondanks deze beperkingen blijft Rabbit Video Chat populair dankzij het strakke ontwerp, de stabiele prestaties en de focus op eenvoud.<\/p>\n<h2>Rabbit Video Chat versus andere willekeurige chatplatforms<\/h2>\n<p>Hier volgt een vergelijking tussen Rabbit Video Chat en zijn belangrijkste concurrenten:<\/p>\n<table>\n<thead>\n<tr>\n<th>Functie<\/th>\n<th>Konijn Videochat<\/th>\n<th>Omegle<\/th>\n<th>Chatroulette<\/th>\n<th>Umingle<\/th>\n<th>Randomskip<\/th>\n<th>Chathub<\/th>\n<\/tr>\n<\/thead>\n<tbody>\n<tr>\n<td>Video chatten<\/td>\n<td>Ja<\/td>\n<td>Ja<\/td>\n<td>Ja<\/td>\n<td>Ja<\/td>\n<td>Ja<\/td>\n<td>Ja<\/td>\n<\/tr>\n<tr>\n<td>Tekstchat<\/td>\n<td>Ja<\/td>\n<td>Ja<\/td>\n<td>Beperkt<\/td>\n<td>Ja<\/td>\n<td>Minimaal<\/td>\n<td>Ja<\/td>\n<\/tr>\n<tr>\n<td>Registratie vereist<\/td>\n<td>Nee<\/td>\n<td>Nee<\/td>\n<td>Nee<\/td>\n<td>Nee<\/td>\n<td>Nee<\/td>\n<td>Optioneel<\/td>\n<\/tr>\n<tr>\n<td>Geslacht \/ Landfilters<\/td>\n<td>Nee<\/td>\n<td>Nee<\/td>\n<td>Beperkt<\/td>\n<td>Nee<\/td>\n<td>Nee<\/td>\n<td>Ja<\/td>\n<\/tr>\n<tr>\n<td>Anonimiteit<\/td>\n<td>Sterk<\/td>\n<td>Sterk<\/td>\n<td>Matig<\/td>\n<td>Sterk<\/td>\n<td>Sterk<\/td>\n<td>Matig<\/td>\n<\/tr>\n<tr>\n<td>Mobielvriendelijk<\/td>\n<td>Ja<\/td>\n<td>Ja<\/td>\n<td>Ja<\/td>\n<td>Ja<\/td>\n<td>Ja<\/td>\n<td>Ja<\/td>\n<\/tr>\n<tr>\n<td>Gratis toegang<\/td>\n<td>Ja<\/td>\n<td>Ja<\/td>\n<td>Ja<\/td>\n<td>Ja<\/td>\n<td>Ja<\/td>\n<td>Ja<\/td>\n<\/tr>\n<\/tbody>\n<\/table>\n<p>Samenvatting:<br \/>\nRabbit Video Chat is het meest geschikt voor gebruikers die de voorkeur geven aan een overzichtelijke, eenvoudige en anonieme videochat-ervaring zonder filters of complexe functies.<\/p>\n<h2>Veiligheid en privacy op Rabbit Video Chat<\/h2>\n<p>Willekeurig videochatten vereist altijd bewustzijn en slim online gedrag. Rabbit Video Chat helpt door anonimiteit voorop te stellen \u2014 je hoeft nooit persoonlijke informatie te delen \u2014 maar gebruikers moeten toch voorzichtig blijven.<\/p>\n<h3>Ingebouwde veiligheidsfuncties<\/h3>\n<ul>\n<li>Geen registratie betekent geen opgeslagen persoonsgegevens<\/li>\n<li>Tijdelijke chats die verdwijnen wanneer ze worden be\u00ebindigd<\/li>\n<li>Sla-knop voor direct afsluiten<\/li>\n<li>Basismoderatie tegen beledigend gedrag<\/li>\n<\/ul>\n<h3>Tips om veilig te blijven<\/h3>\n<ul>\n<li>Deel nooit persoonlijke gegevens (naam, locatie, telefoonnummer)<\/li>\n<li>Vermijd het tonen van herkenbare omgevingen<\/li>\n<li>Klik niet op links die door onbekenden zijn verzonden.<\/li>\n<li>Be\u00ebindig chats die ongemakkelijk of verdacht aanvoelen<\/li>\n<li>Ouders moeten toezicht houden op minderjarigen.<\/li>\n<li>Overweeg het gebruik van een VPN voor extra privacy<\/li>\n<\/ul>\n<p>Verantwoord gebruik zorgt voor een veiligere en aangenamere ervaring.<\/p>\n<h2>Tips om het meeste uit Rabbit Video Chat te halen<\/h2>\n<p>Hier zijn enkele tips om uw ervaring te verbeteren:<\/p>\n<ul>\n<li>Probeer tijdens piekuren te chatten voor meer actieve gebruikers<\/li>\n<li>Gebruik een hoofdtelefoon voor een betere geluidskwaliteit.<\/li>\n<li>Goede verlichting zorgt ervoor dat je er beter uitziet op camera.<\/li>\n<li>Begin met vriendelijke, eenvoudige begroetingen<\/li>\n<li>Denk niet te veel na over gesprekken \u2014 wees spontaan<\/li>\n<li>Gebruik de skip-knop vrijelijk wanneer chats niet bij je passen.<\/li>\n<\/ul>\n<p>Kleine aanpassingen kunnen uw interacties en algehele plezier aanzienlijk verbeteren.<\/p>\n<h2>Veelvoorkomende problemen en oplossingen<\/h2>\n<p>Hier zijn veelvoorkomende problemen en oplossingen:<\/p>\n<h3>Probleem: camera\/microfoon werkt niet<\/h3>\n<p>Oplossingen:<\/p>\n<ul>\n<li>Controleer de browserrechten<\/li>\n<li>Zorg ervoor dat geen enkele andere app uw webcam gebruikt.<\/li>\n<li>Ververs de pagina of start uw browser opnieuw op.<\/li>\n<\/ul>\n<h3>Probleem: trage of vertraagde video<\/h3>\n<p>Oplossingen:<\/p>\n<ul>\n<li>Gebruik een stabiele wifi-verbinding<\/li>\n<li>Sluit extra tabbladen en achtergrondprogramma's<\/li>\n<li>Probeer een andere browser te gebruiken (Chrome en Edge presteren vaak het beste).<\/li>\n<\/ul>\n<h3>Probleem: weinig gebruikers online<\/h3>\n<p>Oplossingen:<\/p>\n<ul>\n<li>Probeer verschillende tijdzones<\/li>\n<li>Chat 's avonds of in het weekend voor meer activiteit<\/li>\n<\/ul>\n<h3>Probleem: ongepast gedrag<\/h3>\n<p>Oplossingen:<\/p>\n<ul>\n<li>Direct overslaan<\/li>\n<li>Gebruik rapportagetools indien beschikbaar<\/li>\n<\/ul>\n<h2>Waarom mensen kiezen voor Rabbit Video Chat<\/h2>\n<p>Rabbit Video Chat is populair omdat het de kern van willekeurig videochatten biedt zonder onnodige complexiteit.<\/p>\n<p>Gebruikers kiezen ervoor vanwege:<\/p>\n<ul>\n<li>Directe toegang zonder inloggen<\/li>\n<li>Pure willekeurige matching<\/li>\n<li>Eenvoudig, modern ontwerp<\/li>\n<li>Sterke anonimiteit<\/li>\n<li>Mobiele compatibiliteit<\/li>\n<li>Snelle, gratis wereldwijde chat<\/li>\n<\/ul>\n<p>Voor mensen die waarde hechten aan snelle verbindingen en een onvoorspelbare online ervaring, is Rabbit Video Chat precies wat ze zoeken.<\/p>\n<h2>Laatste gedachten: is Rabbit Video Chat het waard om te gebruiken?<\/h2>\n<p>Als je op zoek bent naar een gratis, snel en anoniem platform voor willekeurige videochats, dan is Rabbit Video Chat absoluut de moeite waard. Het is eenvoudig, intu\u00eftief en gemaakt voor mensen die het leuk vinden om in realtime vreemden te ontmoeten zonder de druk van profielen of aanmeldingen.<\/p>\n<p>Of je nu:<\/p>\n<ul>\n<li>De tijd doden<\/li>\n<li>Mensen uit andere culturen ontmoeten<\/li>\n<li>Op zoek naar spontane gesprekken<\/li>\n<li>Genieten van informele sociale interactie<\/li>\n<\/ul>\n<p>Rabbit Video Chat biedt een eenvoudige, toegankelijke en boeiende manier om contact te maken met de wereld.<\/p>\n<p>Rabbit Video Chat is een strakke, moderne willekeurige videochatsite die zich richt op eenvoud, privacy en directe wereldwijde verbindingen. Het is perfect voor gebruikers die echte gesprekken willen voeren zonder de complicaties van accounts, filters of abonnementen.<\/p>\n<p>Klaar om het te proberen? Open Rabbit Video Chat, klik op \u201cStart\u201d en ontdek wie er aan de andere kant wacht.<\/p>","protected":false},"excerpt":{"rendered":"<p>In an internet era filled with curated profiles, highlight reels, and endless scrolling, Rabbit Video Chat offers something refreshingly different: a direct, real-time way to meet strangers face-to-face. No algorithms, no sign-ups, and no complicated features \u2014 just spontaneous connection with people around the world. Whether you&#8217;re looking for quick conversation, casual fun, or a [&hellip;]<\/p>\n","protected":false},"author":6,"featured_media":0,"parent":0,"menu_order":0,"comment_status":"closed","ping_status":"closed","template":"","meta":{"footnotes":""},"class_list":["post-12587","page","type-page","status-publish","hentry"],"yoast_head":"<!-- This site is optimized with the Yoast SEO plugin v27.4 - https:\/\/yoast.com\/product\/yoast-seo-wordpress\/ -->\n<title>Rabbit Video Chat - Live Video Chat with Girls - TinyChat.com<\/title>\n<meta name=\"description\" content=\"Enjoying Rabbit Video Chat? Join over 50,000,000 strangers on TinyChat! Turn on your cam and start meeting new people, or find a match.\" \/>\n<meta name=\"robots\" content=\"index, follow, max-snippet:-1, max-image-preview:large, max-video-preview:-1\" \/>\n<link rel=\"canonical\" href=\"https:\/\/tinychat.com\/nl\/rabbit-video-chat\/\" \/>\n<meta property=\"og:locale\" content=\"nl_NL\" \/>\n<meta property=\"og:type\" content=\"article\" \/>\n<meta property=\"og:title\" content=\"Rabbit Video Chat - Live Video Chat with Girls - TinyChat.com\" \/>\n<meta property=\"og:description\" content=\"Enjoying Rabbit Video Chat? Join over 50,000,000 strangers on TinyChat! Turn on your cam and start meeting new people, or find a match.\" \/>\n<meta property=\"og:url\" content=\"https:\/\/tinychat.com\/nl\/rabbit-video-chat\/\" \/>\n<meta property=\"og:site_name\" content=\"TinyChat\" \/>\n<meta property=\"article:publisher\" content=\"https:\/\/www.facebook.com\/tinychat\" \/>\n<meta property=\"article:modified_time\" content=\"2025-12-02T08:51:13+00:00\" \/>\n<meta property=\"og:image\" content=\"https:\/\/tinychat.com\/wp-content\/uploads\/2020\/04\/Tinychat-logo-1280x284-new-black.png\" \/>\n\t<meta property=\"og:image:width\" content=\"1280\" \/>\n\t<meta property=\"og:image:height\" content=\"284\" \/>\n\t<meta property=\"og:image:type\" content=\"image\/png\" \/>\n<meta name=\"twitter:card\" content=\"summary_large_image\" \/>\n<meta name=\"twitter:site\" content=\"@tinychat\" \/>\n<meta name=\"twitter:label1\" content=\"Geschatte leestijd\" \/>\n\t<meta name=\"twitter:data1\" content=\"6 minuten\" \/>\n<script type=\"application\/ld+json\" class=\"yoast-schema-graph\">{\"@context\":\"https:\\\/\\\/schema.org\",\"@graph\":[{\"@type\":\"WebPage\",\"@id\":\"https:\\\/\\\/tinychat.com\\\/rabbit-video-chat\\\/\",\"url\":\"https:\\\/\\\/tinychat.com\\\/rabbit-video-chat\\\/\",\"name\":\"Rabbit Video Chat - Live Video Chat with Girls - TinyChat.com\",\"isPartOf\":{\"@id\":\"https:\\\/\\\/tinychat.com\\\/#website\"},\"datePublished\":\"2025-12-02T06:51:12+00:00\",\"dateModified\":\"2025-12-02T08:51:13+00:00\",\"description\":\"Enjoying Rabbit Video Chat? Join over 50,000,000 strangers on TinyChat! Turn on your cam and start meeting new people, or find a match.\",\"breadcrumb\":{\"@id\":\"https:\\\/\\\/tinychat.com\\\/rabbit-video-chat\\\/#breadcrumb\"},\"inLanguage\":\"nl-NL\",\"potentialAction\":[{\"@type\":\"ReadAction\",\"target\":[\"https:\\\/\\\/tinychat.com\\\/rabbit-video-chat\\\/\"]}]},{\"@type\":\"BreadcrumbList\",\"@id\":\"https:\\\/\\\/tinychat.com\\\/rabbit-video-chat\\\/#breadcrumb\",\"itemListElement\":[{\"@type\":\"ListItem\",\"position\":1,\"name\":\"Home\",\"item\":\"https:\\\/\\\/tinychat.com\\\/\"},{\"@type\":\"ListItem\",\"position\":2,\"name\":\"Rabbit Video Chat\"}]},{\"@type\":\"WebSite\",\"@id\":\"https:\\\/\\\/tinychat.com\\\/#website\",\"url\":\"https:\\\/\\\/tinychat.com\\\/\",\"name\":\"TinyChat\",\"description\":\"Random Video Chat with Strangers\",\"publisher\":{\"@id\":\"https:\\\/\\\/tinychat.com\\\/#organization\"},\"alternateName\":\"TinyChat.com\",\"potentialAction\":[{\"@type\":\"SearchAction\",\"target\":{\"@type\":\"EntryPoint\",\"urlTemplate\":\"https:\\\/\\\/tinychat.com\\\/?s={search_term_string}\"},\"query-input\":{\"@type\":\"PropertyValueSpecification\",\"valueRequired\":true,\"valueName\":\"search_term_string\"}}],\"inLanguage\":\"nl-NL\"},{\"@type\":\"Organization\",\"@id\":\"https:\\\/\\\/tinychat.com\\\/#organization\",\"name\":\"TinyChat\",\"alternateName\":\"TinyChat.com\",\"url\":\"https:\\\/\\\/tinychat.com\\\/\",\"logo\":{\"@type\":\"ImageObject\",\"inLanguage\":\"nl-NL\",\"@id\":\"https:\\\/\\\/tinychat.com\\\/#\\\/schema\\\/logo\\\/image\\\/\",\"url\":\"https:\\\/\\\/tinychat.com\\\/wp-content\\\/uploads\\\/2023\\\/11\\\/Tinychat-icon-square.png\",\"contentUrl\":\"https:\\\/\\\/tinychat.com\\\/wp-content\\\/uploads\\\/2023\\\/11\\\/Tinychat-icon-square.png\",\"width\":284,\"height\":284,\"caption\":\"TinyChat\"},\"image\":{\"@id\":\"https:\\\/\\\/tinychat.com\\\/#\\\/schema\\\/logo\\\/image\\\/\"},\"sameAs\":[\"https:\\\/\\\/www.facebook.com\\\/tinychat\",\"https:\\\/\\\/x.com\\\/tinychat\"]}]}<\/script>\n<!-- \/ Yoast SEO plugin. -->","yoast_head_json":{"title":"Rabbit Video Chat - Live videochat met meisjes - TinyChat.com","description":"Geniet je van Rabbit Video Chat? Sluit je aan bij meer dan 50.000.000 vreemden op TinyChat! Zet je camera aan en ontmoet nieuwe mensen, of vind een match.","robots":{"index":"index","follow":"follow","max-snippet":"max-snippet:-1","max-image-preview":"max-image-preview:large","max-video-preview":"max-video-preview:-1"},"canonical":"https:\/\/tinychat.com\/nl\/rabbit-video-chat\/","og_locale":"nl_NL","og_type":"article","og_title":"Rabbit Video Chat - Live Video Chat with Girls - TinyChat.com","og_description":"Enjoying Rabbit Video Chat? Join over 50,000,000 strangers on TinyChat! Turn on your cam and start meeting new people, or find a match.","og_url":"https:\/\/tinychat.com\/nl\/rabbit-video-chat\/","og_site_name":"TinyChat","article_publisher":"https:\/\/www.facebook.com\/tinychat","article_modified_time":"2025-12-02T08:51:13+00:00","og_image":[{"width":1280,"height":284,"url":"https:\/\/tinychat.com\/wp-content\/uploads\/2020\/04\/Tinychat-logo-1280x284-new-black.png","type":"image\/png"}],"twitter_card":"summary_large_image","twitter_site":"@tinychat","twitter_misc":{"Geschatte leestijd":"6 minuten"},"schema":{"@context":"https:\/\/schema.org","@graph":[{"@type":"WebPage","@id":"https:\/\/tinychat.com\/rabbit-video-chat\/","url":"https:\/\/tinychat.com\/rabbit-video-chat\/","name":"Rabbit Video Chat - Live videochat met meisjes - TinyChat.com","isPartOf":{"@id":"https:\/\/tinychat.com\/#website"},"datePublished":"2025-12-02T06:51:12+00:00","dateModified":"2025-12-02T08:51:13+00:00","description":"Geniet je van Rabbit Video Chat? Sluit je aan bij meer dan 50.000.000 vreemden op TinyChat! Zet je camera aan en ontmoet nieuwe mensen, of vind een match.","breadcrumb":{"@id":"https:\/\/tinychat.com\/rabbit-video-chat\/#breadcrumb"},"inLanguage":"nl-NL","potentialAction":[{"@type":"ReadAction","target":["https:\/\/tinychat.com\/rabbit-video-chat\/"]}]},{"@type":"BreadcrumbList","@id":"https:\/\/tinychat.com\/rabbit-video-chat\/#breadcrumb","itemListElement":[{"@type":"ListItem","position":1,"name":"Home","item":"https:\/\/tinychat.com\/"},{"@type":"ListItem","position":2,"name":"Rabbit Video Chat"}]},{"@type":"WebSite","@id":"https:\/\/tinychat.com\/#website","url":"https:\/\/tinychat.com\/","name":"TinyChat","description":"Willekeurige videochat met vreemden","publisher":{"@id":"https:\/\/tinychat.com\/#organization"},"alternateName":"TinyChat.com","potentialAction":[{"@type":"SearchAction","target":{"@type":"EntryPoint","urlTemplate":"https:\/\/tinychat.com\/?s={search_term_string}"},"query-input":{"@type":"PropertyValueSpecification","valueRequired":true,"valueName":"search_term_string"}}],"inLanguage":"nl-NL"},{"@type":"Organization","@id":"https:\/\/tinychat.com\/#organization","name":"TinyChat","alternateName":"TinyChat.com","url":"https:\/\/tinychat.com\/","logo":{"@type":"ImageObject","inLanguage":"nl-NL","@id":"https:\/\/tinychat.com\/#\/schema\/logo\/image\/","url":"https:\/\/tinychat.com\/wp-content\/uploads\/2023\/11\/Tinychat-icon-square.png","contentUrl":"https:\/\/tinychat.com\/wp-content\/uploads\/2023\/11\/Tinychat-icon-square.png","width":284,"height":284,"caption":"TinyChat"},"image":{"@id":"https:\/\/tinychat.com\/#\/schema\/logo\/image\/"},"sameAs":["https:\/\/www.facebook.com\/tinychat","https:\/\/x.com\/tinychat"]}]}},"_links":{"self":[{"href":"https:\/\/tinychat.com\/nl\/wp-json\/wp\/v2\/pages\/12587","targetHints":{"allow":["GET"]}}],"collection":[{"href":"https:\/\/tinychat.com\/nl\/wp-json\/wp\/v2\/pages"}],"about":[{"href":"https:\/\/tinychat.com\/nl\/wp-json\/wp\/v2\/types\/page"}],"author":[{"embeddable":true,"href":"https:\/\/tinychat.com\/nl\/wp-json\/wp\/v2\/users\/6"}],"replies":[{"embeddable":true,"href":"https:\/\/tinychat.com\/nl\/wp-json\/wp\/v2\/comments?post=12587"}],"version-history":[{"count":4,"href":"https:\/\/tinychat.com\/nl\/wp-json\/wp\/v2\/pages\/12587\/revisions"}],"predecessor-version":[{"id":13584,"href":"https:\/\/tinychat.com\/nl\/wp-json\/wp\/v2\/pages\/12587\/revisions\/13584"}],"wp:attachment":[{"href":"https:\/\/tinychat.com\/nl\/wp-json\/wp\/v2\/media?parent=12587"}],"curies":[{"name":"wp","href":"https:\/\/api.w.org\/{rel}","templated":true}]}}