{"id":12700,"date":"2025-07-21T11:15:10","date_gmt":"2025-07-21T09:15:10","guid":{"rendered":"https:\/\/tinychat.com\/?page_id=12700"},"modified":"2025-07-21T12:49:57","modified_gmt":"2025-07-21T10:49:57","slug":"omegla","status":"publish","type":"page","link":"https:\/\/tinychat.com\/nl\/omegla\/","title":{"rendered":"Omegla"},"content":{"rendered":"<p>Het einde van Omegle betekende het einde van een digitaal tijdperk, maar het opende ook de deur naar een nieuwe generatie van spontane, wereldwijde verbindingen. Enter Omegla: een fris, modern en veilig alternatief ontworpen om de spanning van willekeurige videochat weer tot leven te brengen voor miljoenen gebruikers. Als je op zoek bent naar een platform dat de geest van Omegle ademt, maar met slimmere veiligheid, betere functies en een levendige community, dan is Omegla je nieuwe bestemming.<\/p>\n<p>Of je hier nu bent om vrienden te maken, nieuwe culturen te verkennen, een taal te oefenen, romantiek te vinden of gewoon de verveling te doorbreken, Omegla's eenvoudige interface, snelle verbindingen en sterke privacycontroles maken het de nieuwe benchmark voor het online ontmoeten van vreemden.<\/p>\n<p>Deze diepgaande gids behandelt alles wat je moet weten over Omegla: wat het is, hoe het werkt, de belangrijkste functies, de gebruikerservaring, veiligheid, vergelijkingen met andere chatsites, probleemoplossing en pro-tips om je te helpen het meeste uit elk gesprek te halen.<\/p>\n<h2>Wat is Omegla?<\/h2>\n<p>Omegla is een gratis, willekeurig videochatplatform dat gebruikers direct met elkaar verbindt voor \u00e9\u00e9n-op-\u00e9\u00e9n webcamgesprekken met vreemden over de hele wereld. Omegla werd gelanceerd als een next-gen Omegle alternatief en heeft al snel een reputatie opgebouwd door zijn snelle, no-signup aanpak en ge\u00fcpgradede veiligheidsfuncties.<\/p>\n<p>In tegenstelling tot sociale netwerken of datingapps draait het bij Omegla allemaal om spontaniteit: elke chat is een nieuwe start, zonder profiel om bij te houden en zonder geschiedenis om je tegen te houden. Je klikt gewoon op \"Start\", schakelt je camera en microfoon in en binnen een paar seconden ben je gekoppeld aan een nieuwe persoon.<\/p>\n<p>De filosofie van Omegla is simpel: breng de magie van de originele Omegle terug, maar maak het veiliger, schoner en leuker voor iedereen.<\/p>\n<h2>Belangrijkste kenmerken van Omegla<\/h2>\n<p>Omegla biedt alles wat gebruikers zo geweldig vonden aan de Omegle en nog veel meer:<\/p>\n<h3>1. Directe videochat met \u00e9\u00e9n klik<\/h3>\n<p>Geen inschrijving. Geen profiel. Geen vertraging. Ga gewoon naar Omegla, geef camera-\/micotoegang en je staat oog in oog met een onbekende waar ook ter wereld.<\/p>\n<h3>2. Tekst- en videomodus<\/h3>\n<p>Houd je je camera liever uit? Omegla biedt zowel chat met alleen tekst als volledige videochat, zodat je volledige controle hebt over je privacy en de manier waarop je contact maakt.<\/p>\n<h3>3. Geslacht en landfilters<\/h3>\n<p>Op zoek naar een persoonlijkere chat? Gebruik Omegla's geslachts- en regiofilters (sommige functies kunnen premium zijn) om in contact te komen met mannen, vrouwen of gebruikers uit een specifiek land.<\/p>\n<h3>4. Knop \"Volgende\" om naadloos over te slaan<\/h3>\n<p>Als een gesprek niet jouw vibe is, klik je gewoon op \"Volgende\" om meteen een match te maken met iemand anders. Er is geen ongemakkelijk wachten, alleen pure, ononderbroken serendipiteit.<\/p>\n<h3>5. Geen registratie vereist<\/h3>\n<p>Je hoeft geen account aan te maken of persoonlijke gegevens te delen. Omegla is ontworpen voor maximale anonimiteit en minimale wrijving.<\/p>\n<h3>6. Veilige en gemodereerde omgeving<\/h3>\n<p>Omegla bevat geavanceerde matiging, waaronder:<\/p>\n<ul>\n<li>Geautomatiseerde AI-bewaking op naaktheid en misbruik<\/li>\n<li>Rapportage en blokkeerfuncties voor gebruikers<\/li>\n<li>24\/7 live moderators om snel te reageren op problemen<\/li>\n<\/ul>\n<h3>7. Mobiele en desktopondersteuning<\/h3>\n<p>Omegla werkt in je browser op elk apparaat: telefoon, tablet of computer. De interface past zich soepel aan, zodat je altijd en overal kunt chatten.<\/p>\n<h3>8. Leuke video-effecten (Binnenkort beschikbaar)<\/h3>\n<p>Omegla ontwikkelt video-effecten en AR-maskers om gebruikers te helpen het ijs te breken en zich uit te drukken, waardoor gesprekken lichter en boeiender worden.<\/p>\n<h2>Hoe Omegla gebruiken<\/h2>\n<p>Omegla maakt willekeurige videochat zo eenvoudig mogelijk. Zo begin je binnen enkele seconden:<\/p>\n<h3>Stap 1: Bezoek de website van Omegla<\/h3>\n<p>Open je browser en ga naar omegla.com of het Omegla-domein in jouw regio.<\/p>\n<h3>Stap 2: Kies video- of tekstchat<\/h3>\n<p>Kies of je een videochat wilt (camera\/mic inschakelen) of een chat met alleen tekst. Beide zijn anoniem en gratis.<\/p>\n<h3>Stap 3: Machtigingen verlenen<\/h3>\n<p>Geef je browser toegang tot je webcam en microfoon als je videochat.<\/p>\n<h3>Stap 4: Klik op \"Start\" of \"Verbinden\".<\/h3>\n<p>Je wordt binnen enkele seconden gekoppeld aan een willekeurige vreemdeling. Begin een gesprek, van hallo tot een uitgebreid gesprek.<\/p>\n<h3>Stap 5: Gebruik \"Volgende\" om over te slaan<\/h3>\n<p>Klaar voor een nieuw iemand? Klik op \"Volgende\" en Omegla zoekt direct een andere chatpartner voor je.<\/p>\n<h3>Stap 6: Filters instellen (optioneel)<\/h3>\n<p>Als je mensen wilt ontmoeten op geslacht of locatie, gebruik dan de filteropties. Sommige vereisen een upgrade of registratie.<\/p>\n<h3>Stap 7: Blijf veilig<\/h3>\n<p>Maak jezelf vertrouwd met Omegla's meld\/blokkeer knoppen en chatrichtlijnen.<\/p>\n<h2>De gebruikerservaring van Omegla<\/h2>\n<p>Omegla stelt snelheid, eenvoud en veiligheid centraal in zijn platform. Dit is wat gebruikers en experts geweldig vinden:<\/p>\n<h3>Wat Omegla onderscheidt<\/h3>\n<ul>\n<li>Geen registratie nodig: Begin direct te chatten, in volledige anonimiteit.<\/li>\n<li>Razendsnelle wedstrijden: Minimale laadtijd of downtime.<\/li>\n<li>Flexibele chatmodi: Video of tekst, jouw keuze.<\/li>\n<li>Wereldwijd bereik: Maak contact met gebruikers van elk continent.<\/li>\n<li>Geavanceerde matiging: Schonere, veiligere omgeving dan de klassieke Omegle.<\/li>\n<li>Gebruiksvriendelijke interface: Eenvoudig, modern ontwerp werkt op alle apparaten.<\/li>\n<\/ul>\n<h3>Wat gebruikers leuk vinden<\/h3>\n<ul>\n<li>\"Begin te chatten in 10 seconden-geen aanmelding, geen e-mail, geen gedoe.\"<\/li>\n<li>\"Beter gematigd dan Omegle. Ik voel me hier veiliger.\"<\/li>\n<li>\"De landenfilter is geweldig om talen te oefenen.\"<\/li>\n<li>\"Het werkt op mijn telefoon en laptop. Gemakkelijk te gebruiken, strak ontwerp.\"<\/li>\n<\/ul>\n<h3>Waar Omegla kan verbeteren<\/h3>\n<ul>\n<li>Voor filters op geslacht\/land is mogelijk een premium upgrade vereist<\/li>\n<li>Zoals alle willekeurige chatapps zijn er nog steeds af en toe trollen (die snel worden verbannen als ze worden gerapporteerd).<\/li>\n<li>Nog geen community- of groepchatfuncties (binnenkort beschikbaar)<\/li>\n<li>Kan verslavend zijn - je verliest gemakkelijk de tijd uit het oog<\/li>\n<\/ul>\n<h2>Omegla vs. Omegle en andere alternatieven<\/h2>\n<p>Hoe verhoudt Omegla zich tot de grootste chatplatforms?<\/p>\n<table>\n<thead>\n<tr>\n<th>Functie<\/th>\n<th>Omegla<\/th>\n<th>Omegle<\/th>\n<th>Chatroulette<\/th>\n<th>Chatrandom<\/th>\n<th>Funyo<\/th>\n<th>HOLLA<\/th>\n<th>LivU<\/th>\n<\/tr>\n<\/thead>\n<tbody>\n<tr>\n<td>Aanmelden niet nodig<\/td>\n<td>Ja<\/td>\n<td>Ja<\/td>\n<td>Ja<\/td>\n<td>Ja<\/td>\n<td>Ja<\/td>\n<td>Ja<\/td>\n<td>Ja<\/td>\n<\/tr>\n<tr>\n<td>Video- en tekstchat<\/td>\n<td>Beide<\/td>\n<td>Beide<\/td>\n<td>Beide<\/td>\n<td>Beide<\/td>\n<td>Beide<\/td>\n<td>Beide<\/td>\n<td>Beide<\/td>\n<\/tr>\n<tr>\n<td>Geslacht filter<\/td>\n<td>Ja*<\/td>\n<td>Nee<\/td>\n<td>Nee<\/td>\n<td>Ja<\/td>\n<td>Ja<\/td>\n<td>Ja<\/td>\n<td>Ja<\/td>\n<\/tr>\n<tr>\n<td>Land Filter<\/td>\n<td>Ja*<\/td>\n<td>Ja<\/td>\n<td>Ja<\/td>\n<td>Ja<\/td>\n<td>Ja<\/td>\n<td>Ja<\/td>\n<td>Ja<\/td>\n<\/tr>\n<tr>\n<td>Mobielvriendelijk<\/td>\n<td>Ja<\/td>\n<td>\u26a0\ufe0f Gemengd<\/td>\n<td>Ja<\/td>\n<td>Ja<\/td>\n<td>Ja<\/td>\n<td>Ja<\/td>\n<td>Ja<\/td>\n<\/tr>\n<tr>\n<td>Moderatie\/Veiligheid<\/td>\n<td>Sterk<\/td>\n<td>\u26a0\ufe0f Beperkt<\/td>\n<td>\u26a0\ufe0f Beperkt<\/td>\n<td>Matig<\/td>\n<td>Ja<\/td>\n<td>Sterk<\/td>\n<td>Sterk<\/td>\n<\/tr>\n<tr>\n<td>Live video-effecten<\/td>\n<td>Binnenkort<\/td>\n<td>Nee<\/td>\n<td>Nee<\/td>\n<td>Nee<\/td>\n<td>Nee<\/td>\n<td>Ja<\/td>\n<td>Ja<\/td>\n<\/tr>\n<tr>\n<td>Systeem voor vrienden\/koppels<\/td>\n<td>Nee<\/td>\n<td>Nee<\/td>\n<td>Nee<\/td>\n<td>Ja<\/td>\n<td>Ja<\/td>\n<td>Ja<\/td>\n<td>Ja<\/td>\n<\/tr>\n<\/tbody>\n<\/table>\n<p>*Voor sommige geavanceerde filters is mogelijk een betaald plan of registratie vereist.<\/p>\n<p>Samenvatting: Omegla is de duidelijke upgrade voor iedereen die van Omegle hield - het levert dezelfde directe, anonieme verbindingen, maar met veel betere moderatie, privacycontroles en een mobielvriendelijk ontwerp.<\/p>\n<h2>Is Omegla veilig?<\/h2>\n<p>Omegla is ontworpen met veiligheid in het achterhoofd, door te leren van de valkuilen van zijn voorganger en een sterkere gemeenschap op te bouwen:<\/p>\n<h3>Veiligheidsfuncties<\/h3>\n<ul>\n<li>Realtime AI-moderatie scant op naaktheid en misbruik<\/li>\n<li>Menselijke moderatoren beoordelen gemarkeerde gebruikers en inhoud<\/li>\n<li>Knoppen voor rapporteren en blokkeren altijd zichtbaar in chat<\/li>\n<li>Strikte gemeenschapsregels - pesten, racisme of illegale activiteiten worden niet getolereerd<\/li>\n<li>Geen persoonlijke info of inschrijving vereist<\/li>\n<li>Chats zijn priv\u00e9 en tijdelijk - er wordt geen geschiedenis opgeslagen<\/li>\n<\/ul>\n<h3>Veiligheidstips voor gebruikers<\/h3>\n<ul>\n<li>Deel nooit je echte naam, contactgegevens, adres of financi\u00eble gegevens.<\/li>\n<li>Be\u00ebindig de chat onmiddellijk als iemand ongepast is - meld en blokkeer.<\/li>\n<li>Klik niet op onbekende links en accepteer geen bestanden van vreemden.<\/li>\n<li>Gebruik een bijnaam als om een naam wordt gevraagd - onthul nooit je identiteit tenzij je de persoon vertrouwt en ga van het platform af.<\/li>\n<li>Denk eraan dat alle videochats priv\u00e9 zijn, maar pas online veiligheid net zo toe als in het openbaar.<\/li>\n<\/ul>\n<h2>Tips om het meeste uit Omegla te halen<\/h2>\n<ul>\n<li>Begin elke chat met een vriendelijk hallo: De meeste gebruikers reageren goed op een warme begroeting.<\/li>\n<li>Verspil geen tijd aan slechte matches: Gebruik \"Volgende\" om het leuk en positief te houden.<\/li>\n<li>Probeer verschillende tijden van de dag: De gebruikersgroep verandert; 's nachts en in het weekend is het vaak het drukst.<\/li>\n<li>Talen oefenen: Gebruik landenfilters om taaluitwisselingspartners te vinden.<\/li>\n<li>Rapporteer en blokkeer vrijuit: Help de gemeenschap schoon te houden voor iedereen.<\/li>\n<li>Chat overal vandaan: Omegla werkt perfect op mobiele apparaten - gebruik Wi-Fi voor de beste kwaliteit.<\/li>\n<li>Komende functies uitproberen: Nieuwe video-effecten en AR-maskers komen eraan - gebruik ze om het ijs te breken!<\/li>\n<\/ul>\n<h2>Problemen met Omegla oplossen<\/h2>\n<h3>Camera of microfoon werkt niet<\/h3>\n<p>Zorg ervoor dat de toestemming voor de browser is verleend, sluit andere apps die de camera gebruiken, start de browser of het apparaat opnieuw op en probeer het opnieuw.<\/p>\n<h3>Wegvallende of haperende verbinding<\/h3>\n<p>Gebruik een snelle, stabiele internetverbinding (bij voorkeur Wi-Fi), sluit tabbladen\/apps die veel bandbreedte gebruiken en controleer je router als de problemen aanhouden.<\/p>\n<h3>Geen toegang tot filters voor geslacht of land<\/h3>\n<p>Deze vereisen mogelijk een betaalde upgrade; bekijk de premiumsectie van de site voor meer informatie.<\/p>\n<h3>Ongepaste gebruikers tegenkomen<\/h3>\n<p>Klik meteen op blokkeren en rapporteren: het moderatieteam is snel en proactief.<\/p>\n<h3>Video wordt niet geladen<\/h3>\n<p>Vernieuw de pagina, probeer een andere browser of controleer of uw apparaat videochat ondersteunt.<\/p>\n<p>Absoluut-vooral als je de oude Omegle mist en een veiligere, schonere en modernere ervaring wilt. Omegla combineert alles wat Omegle legendarisch maakte - pure random chat, echte menselijke connectie en verrassing - met een broodnodige focus op moderatie, privacy en gebruikersgemak.<\/p>\n<p>Geen inschrijving, geen profiel, gewoon direct video- of tekstchatten. Of je nu op zoek bent naar vrienden, taalpartners, romantiek of gewoon wilt zien wat er allemaal is, Omegla brengt de wereld binnen handbereik.<\/p>\n<p>Klaar om te beginnen?<br \/>\nGa naar omegla.com, klik op \"Start\" en duik erin - je volgende geweldige gesprek kan slechts enkele seconden van je verwijderd zijn.<\/p>","protected":false},"excerpt":{"rendered":"<p>The end of Omegle marked the close of a digital era\u2014but it also opened the door to a new generation of spontaneous, global connections. Enter Omegla: a fresh, modern, and safe alternative designed to bring the thrill of random video chat back to life for millions of users. If you\u2019ve been searching for a platform [&hellip;]<\/p>\n","protected":false},"author":6,"featured_media":0,"parent":0,"menu_order":0,"comment_status":"closed","ping_status":"closed","template":"","meta":{"footnotes":""},"class_list":["post-12700","page","type-page","status-publish","hentry"],"yoast_head":"<!-- This site is optimized with the Yoast SEO plugin v27.4 - https:\/\/yoast.com\/product\/yoast-seo-wordpress\/ -->\n<title>Omegla - The New Omegle: Talk to Strangers - TinyChat.com<\/title>\n<meta name=\"description\" content=\"Enjoying Omegla? Join over 50,000,000 strangers on TinyChat! Turn on your cam and start meeting new people, or find a match.\" \/>\n<meta name=\"robots\" content=\"index, follow, max-snippet:-1, max-image-preview:large, max-video-preview:-1\" \/>\n<link rel=\"canonical\" href=\"https:\/\/tinychat.com\/nl\/omegla\/\" \/>\n<meta property=\"og:locale\" content=\"nl_NL\" \/>\n<meta property=\"og:type\" content=\"article\" \/>\n<meta property=\"og:title\" content=\"Omegla - The New Omegle: Talk to Strangers - TinyChat.com\" \/>\n<meta property=\"og:description\" content=\"Enjoying Omegla? Join over 50,000,000 strangers on TinyChat! Turn on your cam and start meeting new people, or find a match.\" \/>\n<meta property=\"og:url\" content=\"https:\/\/tinychat.com\/nl\/omegla\/\" \/>\n<meta property=\"og:site_name\" content=\"TinyChat\" \/>\n<meta property=\"article:publisher\" content=\"https:\/\/www.facebook.com\/tinychat\" \/>\n<meta property=\"article:modified_time\" content=\"2025-07-21T10:49:57+00:00\" \/>\n<meta property=\"og:image\" content=\"https:\/\/tinychat.com\/wp-content\/uploads\/2020\/04\/Tinychat-logo-1280x284-new-black.png\" \/>\n\t<meta property=\"og:image:width\" content=\"1280\" \/>\n\t<meta property=\"og:image:height\" content=\"284\" \/>\n\t<meta property=\"og:image:type\" content=\"image\/png\" \/>\n<meta name=\"twitter:card\" content=\"summary_large_image\" \/>\n<meta name=\"twitter:site\" content=\"@tinychat\" \/>\n<meta name=\"twitter:label1\" content=\"Geschatte leestijd\" \/>\n\t<meta name=\"twitter:data1\" content=\"7 minuten\" \/>\n<script type=\"application\/ld+json\" class=\"yoast-schema-graph\">{\"@context\":\"https:\\\/\\\/schema.org\",\"@graph\":[{\"@type\":\"WebPage\",\"@id\":\"https:\\\/\\\/tinychat.com\\\/omegla\\\/\",\"url\":\"https:\\\/\\\/tinychat.com\\\/omegla\\\/\",\"name\":\"Omegla - The New Omegle: Talk to Strangers - TinyChat.com\",\"isPartOf\":{\"@id\":\"https:\\\/\\\/tinychat.com\\\/#website\"},\"datePublished\":\"2025-07-21T09:15:10+00:00\",\"dateModified\":\"2025-07-21T10:49:57+00:00\",\"description\":\"Enjoying Omegla? Join over 50,000,000 strangers on TinyChat! Turn on your cam and start meeting new people, or find a match.\",\"breadcrumb\":{\"@id\":\"https:\\\/\\\/tinychat.com\\\/omegla\\\/#breadcrumb\"},\"inLanguage\":\"nl-NL\",\"potentialAction\":[{\"@type\":\"ReadAction\",\"target\":[\"https:\\\/\\\/tinychat.com\\\/omegla\\\/\"]}]},{\"@type\":\"BreadcrumbList\",\"@id\":\"https:\\\/\\\/tinychat.com\\\/omegla\\\/#breadcrumb\",\"itemListElement\":[{\"@type\":\"ListItem\",\"position\":1,\"name\":\"Home\",\"item\":\"https:\\\/\\\/tinychat.com\\\/\"},{\"@type\":\"ListItem\",\"position\":2,\"name\":\"Omegla\"}]},{\"@type\":\"WebSite\",\"@id\":\"https:\\\/\\\/tinychat.com\\\/#website\",\"url\":\"https:\\\/\\\/tinychat.com\\\/\",\"name\":\"TinyChat\",\"description\":\"Random Video Chat with Strangers\",\"publisher\":{\"@id\":\"https:\\\/\\\/tinychat.com\\\/#organization\"},\"alternateName\":\"TinyChat.com\",\"potentialAction\":[{\"@type\":\"SearchAction\",\"target\":{\"@type\":\"EntryPoint\",\"urlTemplate\":\"https:\\\/\\\/tinychat.com\\\/?s={search_term_string}\"},\"query-input\":{\"@type\":\"PropertyValueSpecification\",\"valueRequired\":true,\"valueName\":\"search_term_string\"}}],\"inLanguage\":\"nl-NL\"},{\"@type\":\"Organization\",\"@id\":\"https:\\\/\\\/tinychat.com\\\/#organization\",\"name\":\"TinyChat\",\"alternateName\":\"TinyChat.com\",\"url\":\"https:\\\/\\\/tinychat.com\\\/\",\"logo\":{\"@type\":\"ImageObject\",\"inLanguage\":\"nl-NL\",\"@id\":\"https:\\\/\\\/tinychat.com\\\/#\\\/schema\\\/logo\\\/image\\\/\",\"url\":\"https:\\\/\\\/tinychat.com\\\/wp-content\\\/uploads\\\/2023\\\/11\\\/Tinychat-icon-square.png\",\"contentUrl\":\"https:\\\/\\\/tinychat.com\\\/wp-content\\\/uploads\\\/2023\\\/11\\\/Tinychat-icon-square.png\",\"width\":284,\"height\":284,\"caption\":\"TinyChat\"},\"image\":{\"@id\":\"https:\\\/\\\/tinychat.com\\\/#\\\/schema\\\/logo\\\/image\\\/\"},\"sameAs\":[\"https:\\\/\\\/www.facebook.com\\\/tinychat\",\"https:\\\/\\\/x.com\\\/tinychat\"]}]}<\/script>\n<!-- \/ Yoast SEO plugin. -->","yoast_head_json":{"title":"Omegla - De nieuwe Omegle: praten met vreemden - TinyChat.nl","description":"Genieten van Omegla? Sluit je aan bij meer dan 50.000.000 vreemden op TinyChat! Zet je cam aan en begin nieuwe mensen te ontmoeten of zoek een match.","robots":{"index":"index","follow":"follow","max-snippet":"max-snippet:-1","max-image-preview":"max-image-preview:large","max-video-preview":"max-video-preview:-1"},"canonical":"https:\/\/tinychat.com\/nl\/omegla\/","og_locale":"nl_NL","og_type":"article","og_title":"Omegla - The New Omegle: Talk to Strangers - TinyChat.com","og_description":"Enjoying Omegla? Join over 50,000,000 strangers on TinyChat! Turn on your cam and start meeting new people, or find a match.","og_url":"https:\/\/tinychat.com\/nl\/omegla\/","og_site_name":"TinyChat","article_publisher":"https:\/\/www.facebook.com\/tinychat","article_modified_time":"2025-07-21T10:49:57+00:00","og_image":[{"width":1280,"height":284,"url":"https:\/\/tinychat.com\/wp-content\/uploads\/2020\/04\/Tinychat-logo-1280x284-new-black.png","type":"image\/png"}],"twitter_card":"summary_large_image","twitter_site":"@tinychat","twitter_misc":{"Geschatte leestijd":"7 minuten"},"schema":{"@context":"https:\/\/schema.org","@graph":[{"@type":"WebPage","@id":"https:\/\/tinychat.com\/omegla\/","url":"https:\/\/tinychat.com\/omegla\/","name":"Omegla - De nieuwe Omegle: praten met vreemden - TinyChat.nl","isPartOf":{"@id":"https:\/\/tinychat.com\/#website"},"datePublished":"2025-07-21T09:15:10+00:00","dateModified":"2025-07-21T10:49:57+00:00","description":"Genieten van Omegla? Sluit je aan bij meer dan 50.000.000 vreemden op TinyChat! Zet je cam aan en begin nieuwe mensen te ontmoeten of zoek een match.","breadcrumb":{"@id":"https:\/\/tinychat.com\/omegla\/#breadcrumb"},"inLanguage":"nl-NL","potentialAction":[{"@type":"ReadAction","target":["https:\/\/tinychat.com\/omegla\/"]}]},{"@type":"BreadcrumbList","@id":"https:\/\/tinychat.com\/omegla\/#breadcrumb","itemListElement":[{"@type":"ListItem","position":1,"name":"Home","item":"https:\/\/tinychat.com\/"},{"@type":"ListItem","position":2,"name":"Omegla"}]},{"@type":"WebSite","@id":"https:\/\/tinychat.com\/#website","url":"https:\/\/tinychat.com\/","name":"TinyChat","description":"Willekeurige videochat met vreemden","publisher":{"@id":"https:\/\/tinychat.com\/#organization"},"alternateName":"TinyChat.com","potentialAction":[{"@type":"SearchAction","target":{"@type":"EntryPoint","urlTemplate":"https:\/\/tinychat.com\/?s={search_term_string}"},"query-input":{"@type":"PropertyValueSpecification","valueRequired":true,"valueName":"search_term_string"}}],"inLanguage":"nl-NL"},{"@type":"Organization","@id":"https:\/\/tinychat.com\/#organization","name":"TinyChat","alternateName":"TinyChat.com","url":"https:\/\/tinychat.com\/","logo":{"@type":"ImageObject","inLanguage":"nl-NL","@id":"https:\/\/tinychat.com\/#\/schema\/logo\/image\/","url":"https:\/\/tinychat.com\/wp-content\/uploads\/2023\/11\/Tinychat-icon-square.png","contentUrl":"https:\/\/tinychat.com\/wp-content\/uploads\/2023\/11\/Tinychat-icon-square.png","width":284,"height":284,"caption":"TinyChat"},"image":{"@id":"https:\/\/tinychat.com\/#\/schema\/logo\/image\/"},"sameAs":["https:\/\/www.facebook.com\/tinychat","https:\/\/x.com\/tinychat"]}]}},"_links":{"self":[{"href":"https:\/\/tinychat.com\/nl\/wp-json\/wp\/v2\/pages\/12700","targetHints":{"allow":["GET"]}}],"collection":[{"href":"https:\/\/tinychat.com\/nl\/wp-json\/wp\/v2\/pages"}],"about":[{"href":"https:\/\/tinychat.com\/nl\/wp-json\/wp\/v2\/types\/page"}],"author":[{"embeddable":true,"href":"https:\/\/tinychat.com\/nl\/wp-json\/wp\/v2\/users\/6"}],"replies":[{"embeddable":true,"href":"https:\/\/tinychat.com\/nl\/wp-json\/wp\/v2\/comments?post=12700"}],"version-history":[{"count":3,"href":"https:\/\/tinychat.com\/nl\/wp-json\/wp\/v2\/pages\/12700\/revisions"}],"predecessor-version":[{"id":13343,"href":"https:\/\/tinychat.com\/nl\/wp-json\/wp\/v2\/pages\/12700\/revisions\/13343"}],"wp:attachment":[{"href":"https:\/\/tinychat.com\/nl\/wp-json\/wp\/v2\/media?parent=12700"}],"curies":[{"name":"wp","href":"https:\/\/api.w.org\/{rel}","templated":true}]}}