{"id":12724,"date":"2025-08-07T10:14:49","date_gmt":"2025-08-07T08:14:49","guid":{"rendered":"https:\/\/tinychat.com\/?page_id=12724"},"modified":"2025-08-07T11:00:11","modified_gmt":"2025-08-07T09:00:11","slug":"incognito-chat","status":"publish","type":"page","link":"https:\/\/tinychat.com\/nl\/incognito-chat\/","title":{"rendered":"Incognito chat"},"content":{"rendered":"<p>Heb je ooit online met iemand willen praten - een vraag stellen, een verhaal delen of gewoon ventileren - zonder te laten zien wie je bent? Dat is de aantrekkingskracht van incognito chat: volledige privacy, totale vrijheid en echte gesprekken, zonder dat je je gezicht hoeft te laten zien of je naam hoeft te delen.<\/p>\n<p>Of je nu op zoek bent naar een veilige ruimte om persoonlijke onderwerpen te bespreken, nieuwe mensen wilt ontmoeten zonder druk uit te oefenen of gewoon hunkert naar de sensatie van totale anonimiteit, incognito chatrooms en apps zijn jouw digitale schuilplaats. Dit is alles wat je moet weten over chatten in incognitomodus en waarom het zo populair is.<\/p>\n<h2>Wat is Incognito Chat?<\/h2>\n<p>Incognito chat verwijst naar online chatplatforms, apps of chatrooms waarmee gebruikers anoniem met anderen kunnen praten. In tegenstelling tot sociale media of traditionele berichtenapps, hoef je je niet aan te melden met je echte naam, geen foto te gebruiken en zelfs geen profiel aan te maken. Je bent vrij om iedereen (of niemand) te zijn en toch echte gesprekken te voeren.<\/p>\n<p>Incognito online chatten is alles:<\/p>\n<ul>\n<li>Anonimiteit: Je hoeft je identiteit niet prijs te geven - gebruik een bijnaam, blijf \"incognito\" of laat de app een willekeurige naam voor je genereren.<\/li>\n<li>Privacy: Gesprekken zijn niet gebonden aan je accounts en worden meestal niet opgeslagen.<\/li>\n<li>Vrijheid: Zeg wat je denkt zonder bang te zijn voor een oordeel of consequenties.<\/li>\n<\/ul>\n<p>Platformen kunnen tekst-, spraak- of zelfs videochat aanbieden, maar altijd met anonimiteit als kern.<\/p>\n<h2>Waarom Incognito Chat Online gebruiken?<\/h2>\n<p>Mensen voelen zich om allerlei redenen aangetrokken tot incognito chat:<\/p>\n<ul>\n<li>Deel vrijuit: Het is makkelijker om openlijk te praten over gevoelens, geheimen of moeilijke onderwerpen als je anoniem bent.<\/li>\n<li>Krijg eerlijk advies: Mensen zijn geneigd meer oprechte feedback te geven als er geen sociale gevolgen zijn.<\/li>\n<li>Ontmoet nieuwe mensen: Kom in contact met vreemden over de hele wereld - geen druk, geen verplichtingen.<\/li>\n<li>Vermijd ongemakkelijkheid: Geen angst om bekenden tegen het lijf te lopen of iets g\u00eanants te zeggen.<\/li>\n<li>Ondersteuning en hulp: Geweldig voor het vinden van steungroepen, chats over geestelijke gezondheid of peer-to-peer counseling.<\/li>\n<\/ul>\n<blockquote><p>\"Ik gebruik incognito chatapps als ik advies nodig heb over dingen waar ik niet met vrienden over kan praten. Ik heb daar een aantal van mijn eerlijkste, nuttigste gesprekken gehad.\"<\/p><\/blockquote>\n<h2>Populaire soorten Incognito Chat<\/h2>\n<p>Er is een hele wereld van incognito chat-apps en platforms om te ontdekken:<\/p>\n<h3>1. Anonieme Incognito Chatruimtes<\/h3>\n<p>Dit zijn klassieke tekstgebaseerde kamers waar iedereen anoniem is. Chat Avenue, Wireclub en TinyChat bieden allemaal openbare en priv\u00e9kamers waar je direct in kunt springen.<\/p>\n<h3>2. Incognito chat-apps<\/h3>\n<p>Mobiele apps zoals Chatous, Whisper en Wakie zijn ontworpen voor anoniem chatten. Kies je nickname en begin met chatten-geen telefoonnummer of sociale login nodig.<\/p>\n<h3>3. E\u00e9n-op-\u00e9\u00e9n Incognito videochat<\/h3>\n<p>Met platforms als Omegle en Chatroulette kun je videochatten zonder je aan te melden. Je echte identiteit wordt nooit getoond, tenzij je dat zelf wilt.<\/p>\n<h3>4. Incognito groepschats<\/h3>\n<p>Sluit je aan bij thema- of interesseruimtes (muziek, geestelijke gezondheid, dating, enz.) en maak contact met anderen die ook incognito willen blijven.<\/p>\n<h2>Incognito Chat vs. gewone online chat<\/h2>\n<table>\n<thead>\n<tr>\n<th>Functie<\/th>\n<th>Incognito chat<\/th>\n<th>Gewone chat-apps<\/th>\n<th>Sociale media<\/th>\n<\/tr>\n<\/thead>\n<tbody>\n<tr>\n<td>Geen echte naam\/profiel nodig<\/td>\n<td>\u2705<\/td>\n<td>\u274c<\/td>\n<td>\u274c<\/td>\n<\/tr>\n<tr>\n<td>Anoniem inloggen<\/td>\n<td>\u2705<\/td>\n<td>\u274c<\/td>\n<td>\u274c<\/td>\n<\/tr>\n<tr>\n<td>Gesprekken niet opgeslagen<\/td>\n<td>\u2705\/\u274c<\/td>\n<td>\u274c<\/td>\n<td>\u274c<\/td>\n<\/tr>\n<tr>\n<td>Groeps- of priv\u00e9opties<\/td>\n<td>\u2705<\/td>\n<td>\u2705<\/td>\n<td>\u2705<\/td>\n<\/tr>\n<tr>\n<td>Gratis te gebruiken<\/td>\n<td>\u2705<\/td>\n<td>\u2705<\/td>\n<td>\u2705<\/td>\n<\/tr>\n<tr>\n<td>Willekeurig matchen mogelijk<\/td>\n<td>\u2705<\/td>\n<td>\u274c<\/td>\n<td>\u274c<\/td>\n<\/tr>\n<\/tbody>\n<\/table>\n<p>Incognito chat onderscheidt zich door je vrijheid, flexibiliteit en gemoedsrust te geven.<\/p>\n<h2>Hoe werkt Incognito Chat?<\/h2>\n<p>Aan de slag gaan met incognito chat online is super eenvoudig:<\/p>\n<ol>\n<li>Kies een platform of app: Beslis of je wilt tekst-, spraak- of videochatten.<\/li>\n<li>Maak een bijnaam aan (of ga als \"Gast\"): Op de meeste sites kun je zonder registratie inloggen.<\/li>\n<li>Kies een chatroom of begin een \u00e9\u00e9n-op-\u00e9\u00e9n chat: Sommige platforms bieden themaruimtes voor specifieke onderwerpen.<\/li>\n<li>Begin met chatten! Deel wat je wilt, luister en maak overal contact met mensen.<\/li>\n<li>Je kunt op elk moment weggaan of overslaan: Als het gesprek niet is wat je wilt, ben je vrij om verder te gaan.<\/li>\n<\/ol>\n<p>De meeste apps en sites zijn gratis, sommige bieden betaalde functies zoals het verwijderen van advertenties, geavanceerde filters of VIP-kamers.<\/p>\n<h2>Wie gebruikt Incognito Chat?<\/h2>\n<p>Iedereen! Typische gebruikers zijn:<\/p>\n<ul>\n<li>Tieners en jongvolwassenen op zoek naar advies of steun van leeftijdsgenoten<\/li>\n<li>Mensen met vragen over relaties, gezondheid of persoonlijke problemen<\/li>\n<li>Singles die willen flirten of nieuwe mensen ontmoeten zonder priv\u00e9-info te delen<\/li>\n<li>Professionals of studenten die openlijk willen praten over werk- of schoolstress<\/li>\n<li>Iedereen die hunkert naar een eerlijk gesprek zonder druk<\/li>\n<\/ul>\n<p>Er is geen leeftijdsgrens als je behoefte hebt aan een beetje privacy.<\/p>\n<h2>Is Incognito Chat echt veilig?<\/h2>\n<p>Incognito chat is veiliger dan de meeste sociale platforms-maar gebruik altijd je gezonde verstand:<\/p>\n<ul>\n<li>Deel geen echte namen, adressen, telefoonnummers of persoonlijke informatie.<\/li>\n<li>Wees voorzichtig met foto's of video's: Verstuur nooit afbeeldingen die je niet openbaar wilt hebben.<\/li>\n<li>Als een gesprek ongemakkelijk aanvoelt, ga dan onmiddellijk weg.<\/li>\n<li>Gebruik platforms met functies voor moderatie en rapportage.<\/li>\n<li>Onthoud dat anonimiteit twee kanten op werkt: Andere gebruikers zijn ook anoniem - vertrouw op je instinct.<\/li>\n<\/ul>\n<p>Als je incognito chat gebruikt voor geestelijke gezondheid of ondersteuning, zoek dan naar diensten met getrainde moderators of geverifieerde helpers.<\/p>\n<h2>Beste functies van Incognito Chat Apps en Sites<\/h2>\n<ul>\n<li>Geen registratie nodig: Spring direct in, geen e-mail of telefoonnummer nodig.<\/li>\n<li>Priv\u00e9 incognito chatruimtes: Neem deel aan onderwerpgebaseerde of algemene chatrooms voor elke stemming.<\/li>\n<li>Tijdelijke chatgeschiedenis: Veel apps slaan gesprekken niet op, dus je woorden verdwijnen als je weggaat.<\/li>\n<li>Gebruikerscontrole: Blokkeer of rapporteer iedereen die over de schreef gaat.<\/li>\n<li>Optie voor tekst, spraak of video: Kies hoeveel je wilt delen.<\/li>\n<li>Op interesses gebaseerde matching: Filter kamers op onderwerp, locatie of leeftijd voor relevantere chats.<\/li>\n<\/ul>\n<h2>Tips voor de beste Incognito Chat-ervaring<\/h2>\n<ul>\n<li>Begin met algemene kamers: Voel je op je gemak voordat je meer deelt in priv\u00e9chats.<\/li>\n<li>Wees beleefd en respectvol: Anonimiteit is geen vrijbrief om onbeleefd te zijn - met een goede sfeer kom je een heel eind.<\/li>\n<li>Vertel niet te veel: Ook al ben je anoniem, houd toch wat grenzen aan.<\/li>\n<li>Gebruik interessetags: Ze helpen je mensen te vinden met wie je echt wilt praten.<\/li>\n<li>Experimenteer met verschillende platforms: Elk platform heeft zijn eigen sfeer en functies.<\/li>\n<\/ul>\n<h2>Wanneer Incognito Chat gebruiken?<\/h2>\n<ul>\n<li>Als je advies nodig hebt of anoniem wilt reageren<\/li>\n<li>Vrienden maken zonder je identiteit te delen<\/li>\n<li>Voor priv\u00e9 flirten of dating chats<\/li>\n<li>Bij het verkennen van gevoelige onderwerpen waar je elders niet over kunt praten<\/li>\n<li>Als online chatten nieuw voor je is en je het risicoloos wilt proberen<\/li>\n<\/ul>\n<h2>Gratis vs. Betaalde Incognito Chat-functies<\/h2>\n<p>De meeste incognito chatplatforms zijn gratis te gebruiken. Betaalde upgrades kunnen zijn:<\/p>\n<ul>\n<li>Advertentievrije ervaring<\/li>\n<li>Geavanceerde overeenkomende filters<\/li>\n<li>VIP- of priv\u00e9kamers<\/li>\n<li>Aangepaste emoji's of stickers<\/li>\n<\/ul>\n<p>Maar voor de meeste gebruikers biedt de gratis versie voldoende privacy en flexibiliteit.<\/p>\n<p>Incognito chat is de ultieme online veilige ruimte - waar je kunt zeggen wat je op je lever hebt, de vragen kunt stellen die je nergens anders kunt stellen en mensen van over de hele wereld kunt ontmoeten, en dat allemaal terwijl je volledig anoniem blijft. Of je nu op zoek bent naar advies, vriendschap, plezier of gewoon een nieuw perspectief, er is een incognito chat app of kamer die op je wacht.<\/p>\n<p>Klaar om het te proberen? Ga vanavond naar een incognito chatroom en ontdek de vrijheid van een echt priv\u00e9 online verbinding.<\/p>","protected":false},"excerpt":{"rendered":"<p>Have you ever wanted to talk to someone online\u2014ask a question, share a story, or just vent\u2014without revealing who you are? That\u2019s the appeal of incognito chat: complete privacy, total freedom, and real conversations, with no need to show your face or share your name. Whether you\u2019re looking for a safe space to discuss personal [&hellip;]<\/p>\n","protected":false},"author":8,"featured_media":0,"parent":0,"menu_order":0,"comment_status":"closed","ping_status":"closed","template":"","meta":{"footnotes":""},"class_list":["post-12724","page","type-page","status-publish","hentry"],"yoast_head":"<!-- This site is optimized with the Yoast SEO plugin v27.5 - https:\/\/yoast.com\/product\/yoast-seo-wordpress\/ -->\n<title>Incognito Chat with Video Chat on TinyChat.com<\/title>\n<meta name=\"description\" content=\"Enjoying Incognito Chat? Join over 50,000,000 strangers on TinyChat! Turn on your cam and start meeting new people, or find a match.\" \/>\n<meta name=\"robots\" content=\"index, follow, max-snippet:-1, max-image-preview:large, max-video-preview:-1\" \/>\n<link rel=\"canonical\" href=\"https:\/\/tinychat.com\/nl\/incognito-chat\/\" \/>\n<meta property=\"og:locale\" content=\"nl_NL\" \/>\n<meta property=\"og:type\" content=\"article\" \/>\n<meta property=\"og:title\" content=\"Incognito Chat with Video Chat on TinyChat.com\" \/>\n<meta property=\"og:description\" content=\"Enjoying Incognito Chat? Join over 50,000,000 strangers on TinyChat! Turn on your cam and start meeting new people, or find a match.\" \/>\n<meta property=\"og:url\" content=\"https:\/\/tinychat.com\/nl\/incognito-chat\/\" \/>\n<meta property=\"og:site_name\" content=\"TinyChat\" \/>\n<meta property=\"article:publisher\" content=\"https:\/\/www.facebook.com\/tinychat\" \/>\n<meta property=\"article:modified_time\" content=\"2025-08-07T09:00:11+00:00\" \/>\n<meta property=\"og:image\" content=\"https:\/\/tinychat.com\/wp-content\/uploads\/2020\/04\/Tinychat-logo-1280x284-new-black.png\" \/>\n\t<meta property=\"og:image:width\" content=\"1280\" \/>\n\t<meta property=\"og:image:height\" content=\"284\" \/>\n\t<meta property=\"og:image:type\" content=\"image\/png\" \/>\n<meta name=\"twitter:card\" content=\"summary_large_image\" \/>\n<meta name=\"twitter:site\" content=\"@tinychat\" \/>\n<meta name=\"twitter:label1\" content=\"Geschatte leestijd\" \/>\n\t<meta name=\"twitter:data1\" content=\"5 minuten\" \/>\n<script type=\"application\/ld+json\" class=\"yoast-schema-graph\">{\"@context\":\"https:\\\/\\\/schema.org\",\"@graph\":[{\"@type\":\"WebPage\",\"@id\":\"https:\\\/\\\/tinychat.com\\\/incognito-chat\\\/\",\"url\":\"https:\\\/\\\/tinychat.com\\\/incognito-chat\\\/\",\"name\":\"Incognito Chat with Video Chat on TinyChat.com\",\"isPartOf\":{\"@id\":\"https:\\\/\\\/tinychat.com\\\/#website\"},\"datePublished\":\"2025-08-07T08:14:49+00:00\",\"dateModified\":\"2025-08-07T09:00:11+00:00\",\"description\":\"Enjoying Incognito Chat? Join over 50,000,000 strangers on TinyChat! Turn on your cam and start meeting new people, or find a match.\",\"breadcrumb\":{\"@id\":\"https:\\\/\\\/tinychat.com\\\/incognito-chat\\\/#breadcrumb\"},\"inLanguage\":\"nl-NL\",\"potentialAction\":[{\"@type\":\"ReadAction\",\"target\":[\"https:\\\/\\\/tinychat.com\\\/incognito-chat\\\/\"]}]},{\"@type\":\"BreadcrumbList\",\"@id\":\"https:\\\/\\\/tinychat.com\\\/incognito-chat\\\/#breadcrumb\",\"itemListElement\":[{\"@type\":\"ListItem\",\"position\":1,\"name\":\"Home\",\"item\":\"https:\\\/\\\/tinychat.com\\\/\"},{\"@type\":\"ListItem\",\"position\":2,\"name\":\"Incognito Chat\"}]},{\"@type\":\"WebSite\",\"@id\":\"https:\\\/\\\/tinychat.com\\\/#website\",\"url\":\"https:\\\/\\\/tinychat.com\\\/\",\"name\":\"TinyChat\",\"description\":\"Random Video Chat with Strangers\",\"publisher\":{\"@id\":\"https:\\\/\\\/tinychat.com\\\/#organization\"},\"alternateName\":\"TinyChat.com\",\"potentialAction\":[{\"@type\":\"SearchAction\",\"target\":{\"@type\":\"EntryPoint\",\"urlTemplate\":\"https:\\\/\\\/tinychat.com\\\/?s={search_term_string}\"},\"query-input\":{\"@type\":\"PropertyValueSpecification\",\"valueRequired\":true,\"valueName\":\"search_term_string\"}}],\"inLanguage\":\"nl-NL\"},{\"@type\":\"Organization\",\"@id\":\"https:\\\/\\\/tinychat.com\\\/#organization\",\"name\":\"TinyChat\",\"alternateName\":\"TinyChat.com\",\"url\":\"https:\\\/\\\/tinychat.com\\\/\",\"logo\":{\"@type\":\"ImageObject\",\"inLanguage\":\"nl-NL\",\"@id\":\"https:\\\/\\\/tinychat.com\\\/#\\\/schema\\\/logo\\\/image\\\/\",\"url\":\"https:\\\/\\\/tinychat.com\\\/wp-content\\\/uploads\\\/2023\\\/11\\\/Tinychat-icon-square.png\",\"contentUrl\":\"https:\\\/\\\/tinychat.com\\\/wp-content\\\/uploads\\\/2023\\\/11\\\/Tinychat-icon-square.png\",\"width\":284,\"height\":284,\"caption\":\"TinyChat\"},\"image\":{\"@id\":\"https:\\\/\\\/tinychat.com\\\/#\\\/schema\\\/logo\\\/image\\\/\"},\"sameAs\":[\"https:\\\/\\\/www.facebook.com\\\/tinychat\",\"https:\\\/\\\/x.com\\\/tinychat\"]}]}<\/script>\n<!-- \/ Yoast SEO plugin. -->","yoast_head_json":{"title":"Incognito chatten met videochat op TinyChat.com","description":"Geniet je van Incognito Chat? Sluit je aan bij meer dan 50.000.000 vreemden op TinyChat! Zet je cam aan en begin nieuwe mensen te ontmoeten, of zoek een match.","robots":{"index":"index","follow":"follow","max-snippet":"max-snippet:-1","max-image-preview":"max-image-preview:large","max-video-preview":"max-video-preview:-1"},"canonical":"https:\/\/tinychat.com\/nl\/incognito-chat\/","og_locale":"nl_NL","og_type":"article","og_title":"Incognito Chat with Video Chat on TinyChat.com","og_description":"Enjoying Incognito Chat? Join over 50,000,000 strangers on TinyChat! Turn on your cam and start meeting new people, or find a match.","og_url":"https:\/\/tinychat.com\/nl\/incognito-chat\/","og_site_name":"TinyChat","article_publisher":"https:\/\/www.facebook.com\/tinychat","article_modified_time":"2025-08-07T09:00:11+00:00","og_image":[{"width":1280,"height":284,"url":"https:\/\/tinychat.com\/wp-content\/uploads\/2020\/04\/Tinychat-logo-1280x284-new-black.png","type":"image\/png"}],"twitter_card":"summary_large_image","twitter_site":"@tinychat","twitter_misc":{"Geschatte leestijd":"5 minuten"},"schema":{"@context":"https:\/\/schema.org","@graph":[{"@type":"WebPage","@id":"https:\/\/tinychat.com\/incognito-chat\/","url":"https:\/\/tinychat.com\/incognito-chat\/","name":"Incognito chatten met videochat op TinyChat.com","isPartOf":{"@id":"https:\/\/tinychat.com\/#website"},"datePublished":"2025-08-07T08:14:49+00:00","dateModified":"2025-08-07T09:00:11+00:00","description":"Geniet je van Incognito Chat? Sluit je aan bij meer dan 50.000.000 vreemden op TinyChat! Zet je cam aan en begin nieuwe mensen te ontmoeten, of zoek een match.","breadcrumb":{"@id":"https:\/\/tinychat.com\/incognito-chat\/#breadcrumb"},"inLanguage":"nl-NL","potentialAction":[{"@type":"ReadAction","target":["https:\/\/tinychat.com\/incognito-chat\/"]}]},{"@type":"BreadcrumbList","@id":"https:\/\/tinychat.com\/incognito-chat\/#breadcrumb","itemListElement":[{"@type":"ListItem","position":1,"name":"Home","item":"https:\/\/tinychat.com\/"},{"@type":"ListItem","position":2,"name":"Incognito Chat"}]},{"@type":"WebSite","@id":"https:\/\/tinychat.com\/#website","url":"https:\/\/tinychat.com\/","name":"TinyChat","description":"Willekeurige videochat met vreemden","publisher":{"@id":"https:\/\/tinychat.com\/#organization"},"alternateName":"TinyChat.com","potentialAction":[{"@type":"SearchAction","target":{"@type":"EntryPoint","urlTemplate":"https:\/\/tinychat.com\/?s={search_term_string}"},"query-input":{"@type":"PropertyValueSpecification","valueRequired":true,"valueName":"search_term_string"}}],"inLanguage":"nl-NL"},{"@type":"Organization","@id":"https:\/\/tinychat.com\/#organization","name":"TinyChat","alternateName":"TinyChat.com","url":"https:\/\/tinychat.com\/","logo":{"@type":"ImageObject","inLanguage":"nl-NL","@id":"https:\/\/tinychat.com\/#\/schema\/logo\/image\/","url":"https:\/\/tinychat.com\/wp-content\/uploads\/2023\/11\/Tinychat-icon-square.png","contentUrl":"https:\/\/tinychat.com\/wp-content\/uploads\/2023\/11\/Tinychat-icon-square.png","width":284,"height":284,"caption":"TinyChat"},"image":{"@id":"https:\/\/tinychat.com\/#\/schema\/logo\/image\/"},"sameAs":["https:\/\/www.facebook.com\/tinychat","https:\/\/x.com\/tinychat"]}]}},"_links":{"self":[{"href":"https:\/\/tinychat.com\/nl\/wp-json\/wp\/v2\/pages\/12724","targetHints":{"allow":["GET"]}}],"collection":[{"href":"https:\/\/tinychat.com\/nl\/wp-json\/wp\/v2\/pages"}],"about":[{"href":"https:\/\/tinychat.com\/nl\/wp-json\/wp\/v2\/types\/page"}],"author":[{"embeddable":true,"href":"https:\/\/tinychat.com\/nl\/wp-json\/wp\/v2\/users\/8"}],"replies":[{"embeddable":true,"href":"https:\/\/tinychat.com\/nl\/wp-json\/wp\/v2\/comments?post=12724"}],"version-history":[{"count":2,"href":"https:\/\/tinychat.com\/nl\/wp-json\/wp\/v2\/pages\/12724\/revisions"}],"predecessor-version":[{"id":13418,"href":"https:\/\/tinychat.com\/nl\/wp-json\/wp\/v2\/pages\/12724\/revisions\/13418"}],"wp:attachment":[{"href":"https:\/\/tinychat.com\/nl\/wp-json\/wp\/v2\/media?parent=12724"}],"curies":[{"name":"wp","href":"https:\/\/api.w.org\/{rel}","templated":true}]}}