{"id":1319,"date":"2025-08-11T08:58:22","date_gmt":"2025-08-11T06:58:22","guid":{"rendered":"https:\/\/tinychat.com\/?page_id=1319"},"modified":"2025-08-11T09:23:00","modified_gmt":"2025-08-11T07:23:00","slug":"camloo","status":"publish","type":"page","link":"https:\/\/tinychat.com\/nl\/camloo\/","title":{"rendered":"Camloo"},"content":{"rendered":"<p>In een tijdperk waarin de meeste sociale media voorspelbaar en algoritme-gedreven aanvoelen, onderscheidt Camloo zich door de pure spontaniteit van online interacties nieuw leven in te blazen. Als een modern willekeurig videochatplatform brengt Camloo vreemden van over de hele wereld samen voor directe, persoonlijke gesprekken - geen eindeloos scrollen, geen samengestelde feeds, gewoon echte mensen die elkaar in realtime ontmoeten.<\/p>\n<p>Met snelle matching, HD-videokwaliteit en een gebruiksvriendelijke interface maakt de Camloo het mogelijk om binnen enkele seconden boeiende chats te hebben, of je nu nieuwe vrienden wilt maken, wilt flirten, een vreemde taal wilt oefenen of gewoon de tijd wilt doorbrengen met interessante vreemden.<\/p>\n<p>Deze uitgebreide recensie behandelt alles wat je moet weten over Camloo, inclusief de functies, veiligheidsmaatregelen en hoe het zich verhoudt tot andere populaire videochatdiensten.<\/p>\n<h2>Wat is Camloo?<\/h2>\n<p>Camloo is een willekeurige videochatwebsite en -app die is ontworpen om mensen over de hele wereld direct met elkaar in contact te brengen. Net als Omegle, Chatroulette en ChatHub is de primaire focus live video-interactie, maar met een schonere interface, betere streaming stabiliteit en privacy-gerichte tools.<\/p>\n<p>Het platform elimineert de wrijving van het opzetten van accounts of het navigeren door complexe menu's-je kunt binnen enkele seconden na het bezoeken van de site of het openen van de app al in gesprek zijn. Deze eenvoud is een grote aantrekkingskracht voor zowel gelegenheidsgebruikers als regelmatige chatters.<\/p>\n<h2>Belangrijkste kenmerken van Camloo<\/h2>\n<p>Camloo is meer dan alleen een basis chatportaal. Het bevat handige functies die gesprekken plezieriger en veiliger maken.<\/p>\n<h3>1. Directe overeenkomst<\/h3>\n<ul>\n<li>Met \u00e9\u00e9n klik of \u00e9\u00e9n tik maak je contact met een onbekende.<\/li>\n<li>Geen lange aanmeldprocedure nodig voor basisgebruik.<\/li>\n<li>Hoge verbindingssnelheden met minimale wachttijd.<\/li>\n<\/ul>\n<h3>2. Locatie en geslacht filters<\/h3>\n<ul>\n<li>Kies ervoor om mensen uit een bepaald land of een bepaalde regio te koppelen.<\/li>\n<li>Filter op geslacht om je ervaring te personaliseren.<\/li>\n<li>Afhankelijk van je stemming kun je filters in- of uitschakelen.<\/li>\n<\/ul>\n<h3>3. Tekstchatoptie<\/h3>\n<ul>\n<li>Ge\u00efntegreerde tekstberichten naast video.<\/li>\n<li>Perfect voor het delen van links, grappen of snelle vertalingen.<\/li>\n<\/ul>\n<h3>4. Functie voor vrienden en opnieuw verbinden<\/h3>\n<ul>\n<li>Voeg interessante mensen toe aan je vriendenlijst.<\/li>\n<li>Maak later opnieuw verbinding zonder alleen te vertrouwen op willekeurige matches.<\/li>\n<\/ul>\n<h3>5. Leuke visuele effecten<\/h3>\n<ul>\n<li>Gebruik filters en stickers om je video te verbeteren.<\/li>\n<li>Geweldig om het ijs te breken en gesprekken speelser te maken.<\/li>\n<\/ul>\n<h3>6. Privacy- en veiligheidstools<\/h3>\n<ul>\n<li>Met de onscherpe voorbeeldmodus kun je een silhouet zien voordat je de feed onthult.<\/li>\n<li>Gemakkelijk toegankelijke rapport- en blokkeerknoppen.<\/li>\n<li>Actieve moderatie om ongepaste inhoud te verwijderen.<\/li>\n<\/ul>\n<h3>7. Platformoverschrijdende toegang<\/h3>\n<ul>\n<li>Werkt zowel op desktop browsers als op mobiele apparaten.<\/li>\n<li>Responsieve lay-out voor soepele navigatie op elk schermformaat.<\/li>\n<\/ul>\n<h2>Hoe gebruik je Camloo<\/h2>\n<p>Camloo is ontworpen voor maximaal gebruiksgemak.<\/p>\n<h3>Stap 1: Bezoek de website of download de app<\/h3>\n<ul>\n<li>Desktopgebruikers kunnen terecht op de offici\u00eble Camloo-site.<\/li>\n<li>Mobiele gebruikers kunnen de browserversie of de speciale app gebruiken.<\/li>\n<\/ul>\n<h3>Stap 2: Pas uw instellingen aan<\/h3>\n<ul>\n<li>Selecteer het land van je voorkeur of laat het open voor wereldwijde overeenkomst.<\/li>\n<li>Kies desgewenst een genderfilter.<\/li>\n<li>De vervagingsmodus in- of uitschakelen.<\/li>\n<\/ul>\n<h3>Stap 3: Begin met chatten<\/h3>\n<ul>\n<li>Klik op Start en je bent binnen enkele seconden verbonden.<\/li>\n<li>Veeg of klik op Volgende om over te slaan en iemand nieuw te ontmoeten.<\/li>\n<\/ul>\n<h3>Stap 4: Vrienden toevoegen &amp; doorgaan<\/h3>\n<ul>\n<li>Contacten opslaan voor toekomstige gesprekken.<\/li>\n<li>Gebruik de chatbalk aan de zijkant om berichten te versturen tijdens een video.<\/li>\n<\/ul>\n<h2>Gebruikerservaring op Camloo<\/h2>\n<p>Het ongecompliceerde ontwerp en de stabiele prestaties van de Camloo hebben het een favoriet gemaakt onder gebruikers die op zoek zijn naar probleemloze interactie.<\/p>\n<h3>Wat gebruikers leuk vinden<\/h3>\n<ul>\n<li>Snel opstarten-chatten in enkele seconden.<\/li>\n<li>Stabiele videokwaliteit, zelfs bij gemiddelde internetsnelheden.<\/li>\n<li>Filters om relevante overeenkomsten te vinden.<\/li>\n<li>Blur preview voor veiligere eerste indrukken.<\/li>\n<li>Vriendelijke UI die goed werkt op zowel mobiel als desktop.<\/li>\n<li>Geen druk-skip op elk moment zonder ongemakkelijkheid.<\/li>\n<\/ul>\n<h3>Waar gebruikers ruimte voor verbetering zien<\/h3>\n<ul>\n<li>Beperkte geavanceerde functies in vergelijking met sommige concurrenten.<\/li>\n<li>Minder in-app effecten dan social-first platforms zoals Azar.<\/li>\n<li>Minder gebruikers in daluren voor bepaalde regio's.<\/li>\n<li>Premium extraatjes kunnen nodig zijn voor maximale filtering.<\/li>\n<\/ul>\n<h2>Camloo vs. Andere videochatplatforms<\/h2>\n<table>\n<thead>\n<tr>\n<th>Functie<\/th>\n<th>Camloo<\/th>\n<th>OmegleWeb<\/th>\n<th>ChatHub<\/th>\n<th>Camzey<\/th>\n<th>LuckyCrush<\/th>\n<th>Azar<\/th>\n<\/tr>\n<\/thead>\n<tbody>\n<tr>\n<td>Random Video Chat met Vreemden<\/td>\n<td>Ja<\/td>\n<td>Ja<\/td>\n<td>Ja<\/td>\n<td>Ja<\/td>\n<td>Ja<\/td>\n<td>Ja<\/td>\n<\/tr>\n<tr>\n<td>Geslacht\/Locatie Filters<\/td>\n<td>Ja<\/td>\n<td>\u26a0\ufe0f Beperkt<\/td>\n<td>Ja<\/td>\n<td>Ja<\/td>\n<td>Ja<\/td>\n<td>Ja<\/td>\n<\/tr>\n<tr>\n<td>Voorbeeldmodus vervagen<\/td>\n<td>Ja<\/td>\n<td>Nee<\/td>\n<td>Ja<\/td>\n<td>Ja<\/td>\n<td>Nee<\/td>\n<td>Ja<\/td>\n<\/tr>\n<tr>\n<td>Leuke filters\/effecten<\/td>\n<td>Ja<\/td>\n<td>Nee<\/td>\n<td>Ja<\/td>\n<td>Ja<\/td>\n<td>Nee<\/td>\n<td>Ja<\/td>\n<\/tr>\n<tr>\n<td>Vriend systeem<\/td>\n<td>Ja<\/td>\n<td>Nee<\/td>\n<td>Ja<\/td>\n<td>Ja<\/td>\n<td>Ja<\/td>\n<td>Ja<\/td>\n<\/tr>\n<tr>\n<td>Vertaling<\/td>\n<td>Nee<\/td>\n<td>Nee<\/td>\n<td>Nee<\/td>\n<td>Nee<\/td>\n<td>Nee<\/td>\n<td>Ja<\/td>\n<\/tr>\n<tr>\n<td>Platformoverschrijdend<\/td>\n<td>Ja<\/td>\n<td>Ja<\/td>\n<td>Ja<\/td>\n<td>Ja<\/td>\n<td>Ja<\/td>\n<td>Ja<\/td>\n<\/tr>\n<\/tbody>\n<\/table>\n<p>Samenvatting: Camloo's balans van gebruiksgemak, privacy tools en cross-platform compatibiliteit maakt het ideaal voor gebruikers die snel, schoon en plezierig willen videochatten zonder onnodige complicaties.<\/p>\n<h2>Is Camloo veilig?<\/h2>\n<p>Yes-Camloo bevat meerdere veiligheidsmaatregelen om gebruikers te beschermen:<\/p>\n<ul>\n<li>Realtime AI-moderatie en menselijke beoordeling.<\/li>\n<li>Vervaag de preview om te bepalen wat er wordt weergegeven.<\/li>\n<li>Anoniem chatten zonder persoonlijke gegevens.<\/li>\n<li>Blokkeer\/rapporteerfuncties om overtredingen snel af te handelen.<\/li>\n<\/ul>\n<h3>Veiligheidstips<\/h3>\n<ul>\n<li>Deel geen persoonlijke informatie.<\/li>\n<li>Gebruik geslachts- en locatiefilters verstandig.<\/li>\n<li>Be\u00ebindig chats waar je je ongemakkelijk bij voelt.<\/li>\n<li>Ouders moeten het gebruik door tieners in de gaten houden.<\/li>\n<\/ul>\n<h2>Tips om het meeste uit Camloo te halen<\/h2>\n<ul>\n<li>Verken de wereld om je culturele kennis uit te breiden.<\/li>\n<li>Gebruik filters als je gerichtere gesprekken wilt.<\/li>\n<li>Log in tijdens piekuren voor meer wedstrijden.<\/li>\n<li>Probeer effecten om chats leuker te maken.<\/li>\n<li>Houd je camerahoek en belichting goed om vriendelijk en benaderbaar over te komen.<\/li>\n<li>Rapporteer slechte actoren om het platform veilig te houden.<\/li>\n<\/ul>\n<h2>Veelvoorkomende Camloo problemen en oplossingen<\/h2>\n<h3>Geen toegang tot camera of microfoon<\/h3>\n<p>Sta machtigingen toe in de instellingen van je browser of app.<\/p>\n<h3>Lage videokwaliteit<\/h3>\n<p>Ga over op een sterkere internetverbinding.<\/p>\n<h3>Filters werken niet<\/h3>\n<p>Log in en controleer of ze premium toegang vereisen.<\/p>\n<h3>Ongepaste gebruikers tegenkomen<\/h3>\n<p>Blokkeer\/rapporteer en ga onmiddellijk verder.<\/p>\n<p>Als u op zoek bent naar een eenvoudig, modern platform voor willekeurige videochat waarmee u snel in gesprek raakt, dan is Camloo het proberen waard. Het is schoon, snel en heeft net genoeg functies om interacties veilig en leuk te maken, zonder je te overweldigen met opties.<\/p>\n<p>Hoewel het misschien geen flitsende extra's heeft zoals vertaling of enorme sociale feeds, blinkt Camloo uit in het leveren van directe, ongefilterde menselijke verbinding. Voor velen is dat precies wat een willekeurige videochat zou moeten zijn.<\/p>\n<p>Klaar om het te proberen? Ga naar Camloo of download de app, druk op start en kijk wie er aan de andere kant staat te wachten.<\/p>","protected":false},"excerpt":{"rendered":"<p>In an era where most social media feels predictable and algorithm-driven, Camloo stands out by reviving the pure spontaneity of online interactions. As a modern random video chat platform, Camloo brings together strangers from around the world for instant, face-to-face conversations\u2014no endless scrolling, no curated feeds, just real people meeting in real time. With fast [&hellip;]<\/p>\n","protected":false},"author":6,"featured_media":0,"parent":0,"menu_order":0,"comment_status":"closed","ping_status":"closed","template":"","meta":{"footnotes":""},"class_list":["post-1319","page","type-page","status-publish","hentry"],"yoast_head":"<!-- This site is optimized with the Yoast SEO plugin v27.5 - https:\/\/yoast.com\/product\/yoast-seo-wordpress\/ -->\n<title>Camloo - Alternative to OmeTV &amp; Monkey App - TinyChat.com<\/title>\n<meta name=\"description\" content=\"Enjoying Camloo? Join over 50,000,000 strangers on TinyChat! Turn on your cam and start meeting new people, or find a match.\" \/>\n<meta name=\"robots\" content=\"index, follow, max-snippet:-1, max-image-preview:large, max-video-preview:-1\" \/>\n<link rel=\"canonical\" href=\"https:\/\/tinychat.com\/nl\/camloo\/\" \/>\n<meta property=\"og:locale\" content=\"nl_NL\" \/>\n<meta property=\"og:type\" content=\"article\" \/>\n<meta property=\"og:title\" content=\"Camloo - Alternative to OmeTV &amp; Monkey App - TinyChat.com\" \/>\n<meta property=\"og:description\" content=\"Enjoying Camloo? Join over 50,000,000 strangers on TinyChat! Turn on your cam and start meeting new people, or find a match.\" \/>\n<meta property=\"og:url\" content=\"https:\/\/tinychat.com\/nl\/camloo\/\" \/>\n<meta property=\"og:site_name\" content=\"TinyChat\" \/>\n<meta property=\"article:publisher\" content=\"https:\/\/www.facebook.com\/tinychat\" \/>\n<meta property=\"article:modified_time\" content=\"2025-08-11T07:23:00+00:00\" \/>\n<meta property=\"og:image\" content=\"https:\/\/tinychat.com\/wp-content\/uploads\/2020\/04\/Tinychat-logo-1280x284-new-black.png\" \/>\n\t<meta property=\"og:image:width\" content=\"1280\" \/>\n\t<meta property=\"og:image:height\" content=\"284\" \/>\n\t<meta property=\"og:image:type\" content=\"image\/png\" \/>\n<meta name=\"twitter:card\" content=\"summary_large_image\" \/>\n<meta name=\"twitter:site\" content=\"@tinychat\" \/>\n<meta name=\"twitter:label1\" content=\"Geschatte leestijd\" \/>\n\t<meta name=\"twitter:data1\" content=\"5 minuten\" \/>\n<script type=\"application\/ld+json\" class=\"yoast-schema-graph\">{\"@context\":\"https:\\\/\\\/schema.org\",\"@graph\":[{\"@type\":\"WebPage\",\"@id\":\"https:\\\/\\\/tinychat.com\\\/camloo\\\/\",\"url\":\"https:\\\/\\\/tinychat.com\\\/camloo\\\/\",\"name\":\"Camloo - Alternative to OmeTV & Monkey App - TinyChat.com\",\"isPartOf\":{\"@id\":\"https:\\\/\\\/tinychat.com\\\/#website\"},\"datePublished\":\"2025-08-11T06:58:22+00:00\",\"dateModified\":\"2025-08-11T07:23:00+00:00\",\"description\":\"Enjoying Camloo? Join over 50,000,000 strangers on TinyChat! Turn on your cam and start meeting new people, or find a match.\",\"breadcrumb\":{\"@id\":\"https:\\\/\\\/tinychat.com\\\/camloo\\\/#breadcrumb\"},\"inLanguage\":\"nl-NL\",\"potentialAction\":[{\"@type\":\"ReadAction\",\"target\":[\"https:\\\/\\\/tinychat.com\\\/camloo\\\/\"]}]},{\"@type\":\"BreadcrumbList\",\"@id\":\"https:\\\/\\\/tinychat.com\\\/camloo\\\/#breadcrumb\",\"itemListElement\":[{\"@type\":\"ListItem\",\"position\":1,\"name\":\"Home\",\"item\":\"https:\\\/\\\/tinychat.com\\\/\"},{\"@type\":\"ListItem\",\"position\":2,\"name\":\"Camloo\"}]},{\"@type\":\"WebSite\",\"@id\":\"https:\\\/\\\/tinychat.com\\\/#website\",\"url\":\"https:\\\/\\\/tinychat.com\\\/\",\"name\":\"TinyChat\",\"description\":\"Random Video Chat with Strangers\",\"publisher\":{\"@id\":\"https:\\\/\\\/tinychat.com\\\/#organization\"},\"alternateName\":\"TinyChat.com\",\"potentialAction\":[{\"@type\":\"SearchAction\",\"target\":{\"@type\":\"EntryPoint\",\"urlTemplate\":\"https:\\\/\\\/tinychat.com\\\/?s={search_term_string}\"},\"query-input\":{\"@type\":\"PropertyValueSpecification\",\"valueRequired\":true,\"valueName\":\"search_term_string\"}}],\"inLanguage\":\"nl-NL\"},{\"@type\":\"Organization\",\"@id\":\"https:\\\/\\\/tinychat.com\\\/#organization\",\"name\":\"TinyChat\",\"alternateName\":\"TinyChat.com\",\"url\":\"https:\\\/\\\/tinychat.com\\\/\",\"logo\":{\"@type\":\"ImageObject\",\"inLanguage\":\"nl-NL\",\"@id\":\"https:\\\/\\\/tinychat.com\\\/#\\\/schema\\\/logo\\\/image\\\/\",\"url\":\"https:\\\/\\\/tinychat.com\\\/wp-content\\\/uploads\\\/2023\\\/11\\\/Tinychat-icon-square.png\",\"contentUrl\":\"https:\\\/\\\/tinychat.com\\\/wp-content\\\/uploads\\\/2023\\\/11\\\/Tinychat-icon-square.png\",\"width\":284,\"height\":284,\"caption\":\"TinyChat\"},\"image\":{\"@id\":\"https:\\\/\\\/tinychat.com\\\/#\\\/schema\\\/logo\\\/image\\\/\"},\"sameAs\":[\"https:\\\/\\\/www.facebook.com\\\/tinychat\",\"https:\\\/\\\/x.com\\\/tinychat\"]}]}<\/script>\n<!-- \/ Yoast SEO plugin. -->","yoast_head_json":{"title":"Camloo - Alternatief voor OmeTV &amp; Monkey App - TinyChat.com","description":"Genieten van Camloo? Sluit je aan bij meer dan 50.000.000 vreemden op TinyChat! Zet je cam aan en begin nieuwe mensen te ontmoeten, of zoek een match.","robots":{"index":"index","follow":"follow","max-snippet":"max-snippet:-1","max-image-preview":"max-image-preview:large","max-video-preview":"max-video-preview:-1"},"canonical":"https:\/\/tinychat.com\/nl\/camloo\/","og_locale":"nl_NL","og_type":"article","og_title":"Camloo - Alternative to OmeTV & Monkey App - TinyChat.com","og_description":"Enjoying Camloo? Join over 50,000,000 strangers on TinyChat! Turn on your cam and start meeting new people, or find a match.","og_url":"https:\/\/tinychat.com\/nl\/camloo\/","og_site_name":"TinyChat","article_publisher":"https:\/\/www.facebook.com\/tinychat","article_modified_time":"2025-08-11T07:23:00+00:00","og_image":[{"width":1280,"height":284,"url":"https:\/\/tinychat.com\/wp-content\/uploads\/2020\/04\/Tinychat-logo-1280x284-new-black.png","type":"image\/png"}],"twitter_card":"summary_large_image","twitter_site":"@tinychat","twitter_misc":{"Geschatte leestijd":"5 minuten"},"schema":{"@context":"https:\/\/schema.org","@graph":[{"@type":"WebPage","@id":"https:\/\/tinychat.com\/camloo\/","url":"https:\/\/tinychat.com\/camloo\/","name":"Camloo - Alternatief voor OmeTV &amp; Monkey App - TinyChat.com","isPartOf":{"@id":"https:\/\/tinychat.com\/#website"},"datePublished":"2025-08-11T06:58:22+00:00","dateModified":"2025-08-11T07:23:00+00:00","description":"Genieten van Camloo? Sluit je aan bij meer dan 50.000.000 vreemden op TinyChat! Zet je cam aan en begin nieuwe mensen te ontmoeten, of zoek een match.","breadcrumb":{"@id":"https:\/\/tinychat.com\/camloo\/#breadcrumb"},"inLanguage":"nl-NL","potentialAction":[{"@type":"ReadAction","target":["https:\/\/tinychat.com\/camloo\/"]}]},{"@type":"BreadcrumbList","@id":"https:\/\/tinychat.com\/camloo\/#breadcrumb","itemListElement":[{"@type":"ListItem","position":1,"name":"Home","item":"https:\/\/tinychat.com\/"},{"@type":"ListItem","position":2,"name":"Camloo"}]},{"@type":"WebSite","@id":"https:\/\/tinychat.com\/#website","url":"https:\/\/tinychat.com\/","name":"TinyChat","description":"Willekeurige videochat met vreemden","publisher":{"@id":"https:\/\/tinychat.com\/#organization"},"alternateName":"TinyChat.com","potentialAction":[{"@type":"SearchAction","target":{"@type":"EntryPoint","urlTemplate":"https:\/\/tinychat.com\/?s={search_term_string}"},"query-input":{"@type":"PropertyValueSpecification","valueRequired":true,"valueName":"search_term_string"}}],"inLanguage":"nl-NL"},{"@type":"Organization","@id":"https:\/\/tinychat.com\/#organization","name":"TinyChat","alternateName":"TinyChat.com","url":"https:\/\/tinychat.com\/","logo":{"@type":"ImageObject","inLanguage":"nl-NL","@id":"https:\/\/tinychat.com\/#\/schema\/logo\/image\/","url":"https:\/\/tinychat.com\/wp-content\/uploads\/2023\/11\/Tinychat-icon-square.png","contentUrl":"https:\/\/tinychat.com\/wp-content\/uploads\/2023\/11\/Tinychat-icon-square.png","width":284,"height":284,"caption":"TinyChat"},"image":{"@id":"https:\/\/tinychat.com\/#\/schema\/logo\/image\/"},"sameAs":["https:\/\/www.facebook.com\/tinychat","https:\/\/x.com\/tinychat"]}]}},"_links":{"self":[{"href":"https:\/\/tinychat.com\/nl\/wp-json\/wp\/v2\/pages\/1319","targetHints":{"allow":["GET"]}}],"collection":[{"href":"https:\/\/tinychat.com\/nl\/wp-json\/wp\/v2\/pages"}],"about":[{"href":"https:\/\/tinychat.com\/nl\/wp-json\/wp\/v2\/types\/page"}],"author":[{"embeddable":true,"href":"https:\/\/tinychat.com\/nl\/wp-json\/wp\/v2\/users\/6"}],"replies":[{"embeddable":true,"href":"https:\/\/tinychat.com\/nl\/wp-json\/wp\/v2\/comments?post=1319"}],"version-history":[{"count":4,"href":"https:\/\/tinychat.com\/nl\/wp-json\/wp\/v2\/pages\/1319\/revisions"}],"predecessor-version":[{"id":13433,"href":"https:\/\/tinychat.com\/nl\/wp-json\/wp\/v2\/pages\/1319\/revisions\/13433"}],"wp:attachment":[{"href":"https:\/\/tinychat.com\/nl\/wp-json\/wp\/v2\/media?parent=1319"}],"curies":[{"name":"wp","href":"https:\/\/api.w.org\/{rel}","templated":true}]}}