{"id":148,"date":"2024-11-08T23:34:38","date_gmt":"2024-11-08T21:34:38","guid":{"rendered":"https:\/\/tinychat.com\/?page_id=148"},"modified":"2025-06-12T10:27:14","modified_gmt":"2025-06-12T08:27:14","slug":"cam-to-cam-chat","status":"publish","type":"page","link":"https:\/\/tinychat.com\/nl\/cam-to-cam-chat\/","title":{"rendered":"Cam naar Cam Chat"},"content":{"rendered":"<p>Word je wel eens moe van eindeloze sms'jes of anonieme profielen? Cam to cam chat is het tegengif: het komt het dichtst in de buurt van iemand persoonlijk ontmoeten, zonder ooit je huis te verlaten. Het is live, direct en face-to-face, dus je kunt het wachten overslaan en mensen echt leren kennen, waar ter wereld ze ook zijn.<\/p>\n<p>Misschien wil je vrienden maken, een beetje flirten of gewoon je dag onderbreken met echte gesprekken. Wat je reden ook is, cam to cam chat geeft je de kans om contact te maken met echte mensen, hier en nu.<\/p>\n<h2>Wat maakt Cam to Cam Chat zo uniek?<\/h2>\n<p>Wat onderscheidt cam to cam chatten van andere soorten online chatten? Het draait allemaal om directe video in twee richtingen. In tegenstelling tot livestreaming of groepsgesprekken, staan jullie allebei op de camera-geen loer op de achtergrond of verschuilen jullie je achter een gebruikersnaam.<\/p>\n<p>Dit is waarom mensen terug blijven komen:<\/p>\n<ul>\n<li>Directe reacties: Zie gezichtsuitdrukkingen, gelach en echte emoties in realtime.<\/li>\n<li>Authentieke verbinding: Je weet precies met wie je praat - geen giswerk meer.<\/li>\n<li>Totale controle: Als je de vibe niet voelt, klik je gewoon op \"volgende\" en ga je verder.<\/li>\n<li>Geen nep: Cam to cam maakt het veel moeilijker voor iemand om zich voor te doen als iemand die hij niet is.<\/li>\n<\/ul>\n<p>Elke chat is een nieuwe ervaring en je krijgt het volledige plaatje - letterlijk!<\/p>\n<h2>Hoe werkt Cam to Cam Chat?<\/h2>\n<p>Het kan niet eenvoudiger zijn om te beginnen:<\/p>\n<ol>\n<li>Kies een cam to cam chatsite of app.<\/li>\n<li>Geef camera- en microfoontoegang.<\/li>\n<li>Klik om te beginnen-wordt direct gekoppeld aan een andere gebruiker die ook klaar is om te chatten.<\/li>\n<li>Beide gebruikers zien elkaar tegelijkertijd op video.<\/li>\n<li>Blijf zo lang als je wilt of klik op \"Volgende\" om iemand anders te zoeken.<\/li>\n<\/ol>\n<p>Geen profielen, geen lange vragenlijsten, geen ongemakkelijke stilte als het niet klikt. Het draait allemaal om live, in-the-moment contact.<\/p>\n<h2>De beste cam-naar-cam chatplatforms<\/h2>\n<p>Op zoek naar een plek om het uit te proberen? Hier zijn enkele van de populairste en meest vertrouwde platforms:<\/p>\n<ul>\n<li>Omegle: Klassiek, gebruiksvriendelijk en vol willekeurige cam-naar-cam chats.<\/li>\n<li>Chatroulette: Snel met tonnen gebruikers wereldwijd.<\/li>\n<li>Chatrandom: Biedt filters voor geslacht en locatie, plus \u00e9\u00e9n-op-\u00e9\u00e9n van cam tot cam als belangrijkste evenement.<\/li>\n<li>StrangerCam: Gericht op snelle en gemakkelijke cam-naar-cam ervaringen.<\/li>\n<li>Chatspin: Geweldig voor willekeurige videowedstrijden, plus optionele tekst of filters.<\/li>\n<\/ul>\n<p>Ze hebben allemaal hun eigen persoonlijkheid - probeer er een paar en kijk welke bij jouw stijl past.<\/p>\n<h2>Hoe veilig en leuk blijven<\/h2>\n<p>Cam to cam chat zit meestal vol met vriendelijke, nieuwsgierige mensen, maar het is slim om online op je hoede te zijn:<\/p>\n<ul>\n<li>Gebruik een bijnaam, niet je echte naam.<\/li>\n<li>Geef geen priv\u00e9-informatie zoals je adres, werkplek of persoonlijke sociale contacten.<\/li>\n<li>Als een chat vreemd of ongemakkelijk wordt, ga dan onmiddellijk weg - uitleg is niet nodig.<\/li>\n<li>De meeste platformen hebben eenvoudige blokkeer\/rapporteerfuncties - gebruik deze indien nodig.<\/li>\n<li>Blijf positief en respectvol-goede vibes trekken goede chats aan.<\/li>\n<\/ul>\n<p>Onthoud dat je de hele tijd alles onder controle hebt.<\/p>\n<h2>Waarom mensen van cam to cam chatten houden<\/h2>\n<p>Je krijgt echte menselijke interactie - veel meer dan met sms of sociale apps. Het is een kans om een nieuwe taal te oefenen, mensen van ver weg te ontmoeten of gewoon te lachen om de willekeur van dit alles.<\/p>\n<p>Wat gebruikers zeggen:<\/p>\n<blockquote><p>\"Ik vind het leuk om echte reacties te zien en gesprekken te voeren die echt voelen. Cam to cam is gewoon eerlijker.\"<\/p>\n<p>\"Ik heb vrienden ontmoet, nieuwe culturen leren kennen en me nooit verveeld gevoeld. Elke chat is anders.\"<\/p>\n<p>\"Het is leuk, makkelijk en neemt de druk weg om indruk te maken met alleen maar teksten.\"<\/p><\/blockquote>\n<h2>Cam to Cam Chat vs. andere online chatopties<\/h2>\n<table>\n<thead>\n<tr>\n<th>Functie<\/th>\n<th>Cam naar Cam Chat<\/th>\n<th>Livestreaming<\/th>\n<th>Tekstchat<\/th>\n<th>Groepsvideochat<\/th>\n<\/tr>\n<\/thead>\n<tbody>\n<tr>\n<td>Beide gebruikers op camera<\/td>\n<td>\u2705<\/td>\n<td>\u274c<\/td>\n<td>\u274c<\/td>\n<td>\u2705<\/td>\n<\/tr>\n<tr>\n<td>E\u00e9n-op-\u00e9\u00e9n, priv\u00e9<\/td>\n<td>\u2705<\/td>\n<td>\u274c<\/td>\n<td>\u2705<\/td>\n<td>\u274c<\/td>\n<\/tr>\n<tr>\n<td>Willekeurige, directe matching<\/td>\n<td>\u2705<\/td>\n<td>\u274c<\/td>\n<td>\u2705<\/td>\n<td>\u274c<\/td>\n<\/tr>\n<tr>\n<td>Gratis te gebruiken<\/td>\n<td>\u2705<\/td>\n<td>\u2705\/\u274c<\/td>\n<td>\u2705<\/td>\n<td>\u2705<\/td>\n<\/tr>\n<tr>\n<td>Geen registratie vereist<\/td>\n<td>\u2705<\/td>\n<td>\u274c<\/td>\n<td>\u2705<\/td>\n<td>\u274c<\/td>\n<\/tr>\n<\/tbody>\n<\/table>\n<p>Voor echte, spontane en wederzijdse videogesprekken is cam to cam chat de duidelijke winnaar.<\/p>\n<h2>Tips voor de beste cam-naar-cam chatervaring<\/h2>\n<ul>\n<li>Wees vriendelijk - begin met een zwaai of een glimlach.<\/li>\n<li>Houd het positief en respectvol.<\/li>\n<li>Als je verlegen bent, is dat heel normaal! Hoe meer je chat, hoe makkelijker het wordt.<\/li>\n<li>Probeer verschillende momenten van de dag om mensen van over de hele wereld te ontmoeten.<\/li>\n<li>Wees niet bang om naar de volgende persoon te gaan als het niet jouw vibe is.<\/li>\n<\/ul>\n<p>Cam to cam chat verandert de manier waarop we elkaar online ontmoeten en contact maken. Geen wachttijden, geen pretenties, gewoon echte, persoonlijke gesprekken met mensen overal. Of je nu op zoek bent naar vriendschap, nieuwe ervaringen of gewoon een leuke onderbreking van je dag, het is zo simpel als je camera aanzetten en hallo zeggen.<\/p>\n<p>Dus waarom zou je cam to cam chat niet eens proberen? Je volgende geweldige gesprek kan slechts een klik verwijderd zijn.<\/p>","protected":false},"excerpt":{"rendered":"<p>Ever get tired of endless text messages or anonymous profiles? Cam to cam chat is the antidote: it\u2019s the closest thing to meeting someone new in person, without ever leaving your home. It\u2019s live, instant, and face-to-face\u2014so you get to skip the waiting and really get to know people, wherever they are in the world. [&hellip;]<\/p>\n","protected":false},"author":8,"featured_media":0,"parent":0,"menu_order":0,"comment_status":"closed","ping_status":"closed","template":"","meta":{"footnotes":""},"class_list":["post-148","page","type-page","status-publish","hentry"],"yoast_head":"<!-- This site is optimized with the Yoast SEO plugin v27.4 - https:\/\/yoast.com\/product\/yoast-seo-wordpress\/ -->\n<title>Cam to Cam Chat with Video Chat on TinyChat.com<\/title>\n<meta name=\"description\" content=\"Enjoying Cam to Cam Chat? Join over 50,000,000 strangers on TinyChat! Turn on your cam and start meeting new people, or find a match.\" \/>\n<meta name=\"robots\" content=\"index, follow, max-snippet:-1, max-image-preview:large, max-video-preview:-1\" \/>\n<link rel=\"canonical\" href=\"https:\/\/tinychat.com\/nl\/cam-to-cam-chat\/\" \/>\n<meta property=\"og:locale\" content=\"nl_NL\" \/>\n<meta property=\"og:type\" content=\"article\" \/>\n<meta property=\"og:title\" content=\"Cam to Cam Chat with Video Chat on TinyChat.com\" \/>\n<meta property=\"og:description\" content=\"Enjoying Cam to Cam Chat? Join over 50,000,000 strangers on TinyChat! Turn on your cam and start meeting new people, or find a match.\" \/>\n<meta property=\"og:url\" content=\"https:\/\/tinychat.com\/nl\/cam-to-cam-chat\/\" \/>\n<meta property=\"og:site_name\" content=\"TinyChat\" \/>\n<meta property=\"article:publisher\" content=\"https:\/\/www.facebook.com\/tinychat\" \/>\n<meta property=\"article:modified_time\" content=\"2025-06-12T08:27:14+00:00\" \/>\n<meta property=\"og:image\" content=\"https:\/\/tinychat.com\/wp-content\/uploads\/2020\/04\/Tinychat-logo-1280x284-new-black.png\" \/>\n\t<meta property=\"og:image:width\" content=\"1280\" \/>\n\t<meta property=\"og:image:height\" content=\"284\" \/>\n\t<meta property=\"og:image:type\" content=\"image\/png\" \/>\n<meta name=\"twitter:card\" content=\"summary_large_image\" \/>\n<meta name=\"twitter:site\" content=\"@tinychat\" \/>\n<meta name=\"twitter:label1\" content=\"Geschatte leestijd\" \/>\n\t<meta name=\"twitter:data1\" content=\"4 minuten\" \/>\n<script type=\"application\/ld+json\" class=\"yoast-schema-graph\">{\"@context\":\"https:\\\/\\\/schema.org\",\"@graph\":[{\"@type\":\"WebPage\",\"@id\":\"https:\\\/\\\/tinychat.com\\\/cam-to-cam-chat\\\/\",\"url\":\"https:\\\/\\\/tinychat.com\\\/cam-to-cam-chat\\\/\",\"name\":\"Cam to Cam Chat with Video Chat on TinyChat.com\",\"isPartOf\":{\"@id\":\"https:\\\/\\\/tinychat.com\\\/#website\"},\"datePublished\":\"2024-11-08T21:34:38+00:00\",\"dateModified\":\"2025-06-12T08:27:14+00:00\",\"description\":\"Enjoying Cam to Cam Chat? Join over 50,000,000 strangers on TinyChat! Turn on your cam and start meeting new people, or find a match.\",\"breadcrumb\":{\"@id\":\"https:\\\/\\\/tinychat.com\\\/cam-to-cam-chat\\\/#breadcrumb\"},\"inLanguage\":\"nl-NL\",\"potentialAction\":[{\"@type\":\"ReadAction\",\"target\":[\"https:\\\/\\\/tinychat.com\\\/cam-to-cam-chat\\\/\"]}]},{\"@type\":\"BreadcrumbList\",\"@id\":\"https:\\\/\\\/tinychat.com\\\/cam-to-cam-chat\\\/#breadcrumb\",\"itemListElement\":[{\"@type\":\"ListItem\",\"position\":1,\"name\":\"Home\",\"item\":\"https:\\\/\\\/tinychat.com\\\/\"},{\"@type\":\"ListItem\",\"position\":2,\"name\":\"Cam to Cam Chat\"}]},{\"@type\":\"WebSite\",\"@id\":\"https:\\\/\\\/tinychat.com\\\/#website\",\"url\":\"https:\\\/\\\/tinychat.com\\\/\",\"name\":\"TinyChat\",\"description\":\"Random Video Chat with Strangers\",\"publisher\":{\"@id\":\"https:\\\/\\\/tinychat.com\\\/#organization\"},\"alternateName\":\"TinyChat.com\",\"potentialAction\":[{\"@type\":\"SearchAction\",\"target\":{\"@type\":\"EntryPoint\",\"urlTemplate\":\"https:\\\/\\\/tinychat.com\\\/?s={search_term_string}\"},\"query-input\":{\"@type\":\"PropertyValueSpecification\",\"valueRequired\":true,\"valueName\":\"search_term_string\"}}],\"inLanguage\":\"nl-NL\"},{\"@type\":\"Organization\",\"@id\":\"https:\\\/\\\/tinychat.com\\\/#organization\",\"name\":\"TinyChat\",\"alternateName\":\"TinyChat.com\",\"url\":\"https:\\\/\\\/tinychat.com\\\/\",\"logo\":{\"@type\":\"ImageObject\",\"inLanguage\":\"nl-NL\",\"@id\":\"https:\\\/\\\/tinychat.com\\\/#\\\/schema\\\/logo\\\/image\\\/\",\"url\":\"https:\\\/\\\/tinychat.com\\\/wp-content\\\/uploads\\\/2023\\\/11\\\/Tinychat-icon-square.png\",\"contentUrl\":\"https:\\\/\\\/tinychat.com\\\/wp-content\\\/uploads\\\/2023\\\/11\\\/Tinychat-icon-square.png\",\"width\":284,\"height\":284,\"caption\":\"TinyChat\"},\"image\":{\"@id\":\"https:\\\/\\\/tinychat.com\\\/#\\\/schema\\\/logo\\\/image\\\/\"},\"sameAs\":[\"https:\\\/\\\/www.facebook.com\\\/tinychat\",\"https:\\\/\\\/x.com\\\/tinychat\"]}]}<\/script>\n<!-- \/ Yoast SEO plugin. -->","yoast_head_json":{"title":"Cam to Cam chatten met videochat op TinyChat.com","description":"Geniet je van Cam to Cam Chat? Sluit je aan bij meer dan 50.000.000 vreemden op TinyChat! Zet je cam aan en begin nieuwe mensen te ontmoeten of zoek een match.","robots":{"index":"index","follow":"follow","max-snippet":"max-snippet:-1","max-image-preview":"max-image-preview:large","max-video-preview":"max-video-preview:-1"},"canonical":"https:\/\/tinychat.com\/nl\/cam-to-cam-chat\/","og_locale":"nl_NL","og_type":"article","og_title":"Cam to Cam Chat with Video Chat on TinyChat.com","og_description":"Enjoying Cam to Cam Chat? Join over 50,000,000 strangers on TinyChat! Turn on your cam and start meeting new people, or find a match.","og_url":"https:\/\/tinychat.com\/nl\/cam-to-cam-chat\/","og_site_name":"TinyChat","article_publisher":"https:\/\/www.facebook.com\/tinychat","article_modified_time":"2025-06-12T08:27:14+00:00","og_image":[{"width":1280,"height":284,"url":"https:\/\/tinychat.com\/wp-content\/uploads\/2020\/04\/Tinychat-logo-1280x284-new-black.png","type":"image\/png"}],"twitter_card":"summary_large_image","twitter_site":"@tinychat","twitter_misc":{"Geschatte leestijd":"4 minuten"},"schema":{"@context":"https:\/\/schema.org","@graph":[{"@type":"WebPage","@id":"https:\/\/tinychat.com\/cam-to-cam-chat\/","url":"https:\/\/tinychat.com\/cam-to-cam-chat\/","name":"Cam to Cam chatten met videochat op TinyChat.com","isPartOf":{"@id":"https:\/\/tinychat.com\/#website"},"datePublished":"2024-11-08T21:34:38+00:00","dateModified":"2025-06-12T08:27:14+00:00","description":"Geniet je van Cam to Cam Chat? Sluit je aan bij meer dan 50.000.000 vreemden op TinyChat! Zet je cam aan en begin nieuwe mensen te ontmoeten of zoek een match.","breadcrumb":{"@id":"https:\/\/tinychat.com\/cam-to-cam-chat\/#breadcrumb"},"inLanguage":"nl-NL","potentialAction":[{"@type":"ReadAction","target":["https:\/\/tinychat.com\/cam-to-cam-chat\/"]}]},{"@type":"BreadcrumbList","@id":"https:\/\/tinychat.com\/cam-to-cam-chat\/#breadcrumb","itemListElement":[{"@type":"ListItem","position":1,"name":"Home","item":"https:\/\/tinychat.com\/"},{"@type":"ListItem","position":2,"name":"Cam to Cam Chat"}]},{"@type":"WebSite","@id":"https:\/\/tinychat.com\/#website","url":"https:\/\/tinychat.com\/","name":"TinyChat","description":"Willekeurige videochat met vreemden","publisher":{"@id":"https:\/\/tinychat.com\/#organization"},"alternateName":"TinyChat.com","potentialAction":[{"@type":"SearchAction","target":{"@type":"EntryPoint","urlTemplate":"https:\/\/tinychat.com\/?s={search_term_string}"},"query-input":{"@type":"PropertyValueSpecification","valueRequired":true,"valueName":"search_term_string"}}],"inLanguage":"nl-NL"},{"@type":"Organization","@id":"https:\/\/tinychat.com\/#organization","name":"TinyChat","alternateName":"TinyChat.com","url":"https:\/\/tinychat.com\/","logo":{"@type":"ImageObject","inLanguage":"nl-NL","@id":"https:\/\/tinychat.com\/#\/schema\/logo\/image\/","url":"https:\/\/tinychat.com\/wp-content\/uploads\/2023\/11\/Tinychat-icon-square.png","contentUrl":"https:\/\/tinychat.com\/wp-content\/uploads\/2023\/11\/Tinychat-icon-square.png","width":284,"height":284,"caption":"TinyChat"},"image":{"@id":"https:\/\/tinychat.com\/#\/schema\/logo\/image\/"},"sameAs":["https:\/\/www.facebook.com\/tinychat","https:\/\/x.com\/tinychat"]}]}},"_links":{"self":[{"href":"https:\/\/tinychat.com\/nl\/wp-json\/wp\/v2\/pages\/148","targetHints":{"allow":["GET"]}}],"collection":[{"href":"https:\/\/tinychat.com\/nl\/wp-json\/wp\/v2\/pages"}],"about":[{"href":"https:\/\/tinychat.com\/nl\/wp-json\/wp\/v2\/types\/page"}],"author":[{"embeddable":true,"href":"https:\/\/tinychat.com\/nl\/wp-json\/wp\/v2\/users\/8"}],"replies":[{"embeddable":true,"href":"https:\/\/tinychat.com\/nl\/wp-json\/wp\/v2\/comments?post=148"}],"version-history":[{"count":3,"href":"https:\/\/tinychat.com\/nl\/wp-json\/wp\/v2\/pages\/148\/revisions"}],"predecessor-version":[{"id":13245,"href":"https:\/\/tinychat.com\/nl\/wp-json\/wp\/v2\/pages\/148\/revisions\/13245"}],"wp:attachment":[{"href":"https:\/\/tinychat.com\/nl\/wp-json\/wp\/v2\/media?parent=148"}],"curies":[{"name":"wp","href":"https:\/\/api.w.org\/{rel}","templated":true}]}}