{"id":3987,"date":"2025-05-23T17:34:41","date_gmt":"2025-05-23T15:34:41","guid":{"rendered":"https:\/\/tinychat.com\/?page_id=3987"},"modified":"2025-06-12T10:27:56","modified_gmt":"2025-06-12T08:27:56","slug":"talk-to-strangers","status":"publish","type":"page","link":"https:\/\/tinychat.com\/nl\/talk-to-strangers\/","title":{"rendered":"Praten met vreemden"},"content":{"rendered":"<p>Het verlangen om online met vreemden te praten gaat niet over koetjes en kalfjes - het gaat over serendipiteit, verrassing en soms zelfs zelfontdekking. Of je je nu ge\u00efsoleerd, verveeld, nieuwsgierig of avontuurlijk voelt, de drang om contact te maken met iemand nieuw - iemand buiten je gebruikelijke kringen - is diep menselijk. Dat is waar platforms zoals <a href=\"https:\/\/tinychat.com\/nl\/\">TinyChat<\/a> stappen in en cre\u00ebren veilige, gemakkelijke en aantrekkelijke omgevingen om precies dat te doen: praten met vreemden.<\/p>\n<p>Dit artikel is je complete gids voor online praten met vreemden - waarom mensen het doen, hoe je het veilig doet en waarom <a href=\"https:\/\/tinychat.com\/nl\/\">TinyChat<\/a> is een van de beste platforms die momenteel beschikbaar zijn voor zinvolle, realtime interactie.<\/p>\n<h2>Waarom willen mensen met vreemden praten?<\/h2>\n<p>Op het eerste gezicht lijkt het idee misschien vreemd: waarom zou je met iemand willen praten die je nog nooit hebt ontmoet en misschien ook nooit meer zult zien? Maar in werkelijkheid is dat precies de bedoeling.<\/p>\n<h3>1. Vrijheid zonder oordeel<\/h3>\n<p>Praten met vreemden betekent dat je kunt zijn wie je wilt zijn. Er is geen sociale bagage, je hoeft niet te presteren en je hoeft niet bang te zijn voor langetermijngevolgen. Je kunt je afreageren, experimenteren, onderzoeken of gewoon je ongefilterde zelf zijn.<\/p>\n<h3>2. Oprechte nieuwsgierigheid<\/h3>\n<p>Mensen zijn van nature nieuwsgierig. We willen weten hoe mensen in andere landen leven, hoe ze over bepaalde onderwerpen denken of hoe hun leven verschilt van het onze. Praten met vreemden biedt een kijkje in de wereld van iemand anders.<\/p>\n<h3>3. Eenzaamheid bestrijden<\/h3>\n<p>In een wereld die meer dan ooit digitaal verbonden is, voelen veel mensen zich emotioneel afgesloten. Online praten met vreemden kan gevoelens van isolatie verlichten, vooral voor mensen die op afstand werken, alleen wonen of worstelen met sociale angst.<\/p>\n<h3>4. Nieuwe vrienden maken<\/h3>\n<p>Sommige gesprekken zijn vluchtig, maar andere bloeien uit tot echte vriendschappen. Veel mensen ontmoeten levenslange vrienden of partners door simpelweg een <a href=\"https:\/\/tinychat.com\/nl\/chatroulette\/\">chat<\/a> met een <a href=\"https:\/\/tinychat.com\/nl\/strangercam\/\">vreemdeling<\/a>.<\/p>\n<h3>5. Persoonlijke groei<\/h3>\n<p>Elk gesprek met een <a href=\"https:\/\/tinychat.com\/nl\/strangercam\/\">vreemdeling<\/a> kan je aannames op de proef stellen, je denkwijze verbreden of je helpen empathie te oefenen. Het is een vorm van sociale ontwikkeling met een laag risico die emotionele dividenden oplevert.<\/p>\n<h2>Wat betekent \"Praten met vreemden\" vandaag de dag?<\/h2>\n<p>In het digitale tijdperk betekent \"praten met vreemden\" niet langer alleen maar kletsen met iemand in de trein of in een koffieshop. Vandaag de dag betekent het:<\/p>\n<ul>\n<li>Klikken op een knop om te worden gekoppeld aan een willekeurige <a href=\"https:\/\/tinychat.com\/nl\/strangercam\/\">vreemdeling<\/a> overal ter wereld.<\/li>\n<li>Spontane sms- of videogesprekken voeren, vaak anoniem.<\/li>\n<li>Betrokkenheid door op interesse gebaseerde <a href=\"https:\/\/tinychat.com\/nl\/chatroulette\/\">chat<\/a> kamers of livestreamgroepen.<\/li>\n<li>Met mensen praten zonder een sociaal profiel aan te maken of je echte naam te gebruiken.<\/li>\n<\/ul>\n<p>En het belangrijkste is dat je openstaat voor nieuwe ervaringen - soms gek, soms serieus, vaak verrassend.<\/p>\n<h2>Waar online met vreemden praten<\/h2>\n<p>Het internet staat vol met platforms waarmee je met vreemden kunt praten, maar ze zijn niet allemaal hetzelfde. Sommige geven prioriteit aan veiligheid en gemeenschap, terwijl andere chaotischer of meer op volwassenen gericht zijn.<\/p>\n<p>Hier zijn de populairste soorten platforms waar mensen naartoe gaan om vreemden te ontmoeten:<\/p>\n<h3>1. E\u00e9n-op-\u00e9\u00e9n willekeurige chat<\/h3>\n<p>Dit is het Omegle-model: je wordt willekeurig aan iemand gekoppeld voor een priv\u00e9video of -sms. <a href=\"https:\/\/tinychat.com\/nl\/chatroulette\/\">chat<\/a>. Je kunt op elk moment naar de volgende persoon gaan.<\/p>\n<h3>2. Groeps-chatrooms<\/h3>\n<p>Klassieke platforms zoals <a href=\"https:\/\/tinychat.com\/nl\/\">TinyChat<\/a> publiek of privaat aanbieden <a href=\"https:\/\/tinychat.com\/nl\/chatroulette\/\">chat<\/a> kamers rond specifieke interesses (muziek, dating, gaming, geestelijke gezondheid, enz.) Je kunt meerdere mensen zien chatten via tekst of video en erbij komen wanneer jij je op je gemak voelt.<\/p>\n<h3>3. Livestream chatruimtes<\/h3>\n<p>Op sommige platforms kun je deelnemen aan live uitzendingen waar mensen zichzelf en <a href=\"https:\/\/tinychat.com\/nl\/chatroulette\/\">chat<\/a> met kijkers. Je kunt met de presentator praten, in gesprek gaan met anderen in de <a href=\"https:\/\/tinychat.com\/nl\/chatroulette\/\">chat<\/a>of zelfs \"op het podium\" uitgenodigd worden.<\/p>\n<h3>4. Alleen gesproken willekeurige chats<\/h3>\n<p>Voor mensen die ongemakkelijk zijn met video, bieden apps die je matchen via audio een geweldige manier om op je gemak te beginnen met <a href=\"https:\/\/tinychat.com\/nl\/strangercam\/\">vreemdeling<\/a> gesprekken.<\/p>\n<h2>Waarom TinyChat de beste plek is om met vreemden te praten<\/h2>\n<p>Als het aankomt op spontane, groepsgebaseerde communicatie, <a href=\"https:\/\/tinychat.com\/nl\/\">TinyChat<\/a> is een van de oudste en meest vertrouwde platforms. Het combineert de vrijheid van anonieme interactie met de structuur van topic-gebaseerde rooms, waardoor het ideaal is voor mensen die met vreemden willen praten zonder chaos.<\/p>\n<p>Dit is waarom <a href=\"https:\/\/tinychat.com\/nl\/\">TinyChat<\/a> blinkt uit als een \"praat met vreemden\" platform:<\/p>\n<h3>Aanmelden niet nodig<\/h3>\n<p>Spring in een <a href=\"https:\/\/tinychat.com\/nl\/chatroulette\/\">chat<\/a> kamer direct zonder te registreren. Wil je meer functies? Je kunt je registreren, maar dat hoeft niet. Het is wrijvingsloos ontworpen.<\/p>\n<h3>Video-, spraak- en tekstchat<\/h3>\n<p>Of je nu gezien of gehoord wilt worden, of gewoon anoniem wilt typen, <a href=\"https:\/\/tinychat.com\/nl\/\">TinyChat<\/a> geeft je meerdere manieren om te communiceren. Je hebt altijd zelf in de hand hoe zichtbaar je wilt zijn.<\/p>\n<h3>Onderwerp-gebaseerde chatrooms<\/h3>\n<p>In tegenstelling tot willekeurige \u00e9\u00e9n-op-\u00e9\u00e9n platforms, <a href=\"https:\/\/tinychat.com\/nl\/\">TinyChat<\/a> laat je kamers kiezen op basis van je interesses: muziek, politiek, dating, comedy of zelfs gewoon \"chill\". Dit maakt het makkelijker om gelijkgestemde vreemden te vinden.<\/p>\n<h3>Openbare en priv\u00e9kamers<\/h3>\n<p>Wil je mensen ontmoeten in een grote openbare ruimte? Ga naar een drukke ruimte. Wil je iets rustigers? Cre\u00eber een priv\u00e9 <a href=\"https:\/\/tinychat.com\/nl\/chatroulette\/\">chat<\/a> kamer en nodig vreemden individueel uit.<\/p>\n<h3>Live uitzendfuncties<\/h3>\n<p><a href=\"https:\/\/tinychat.com\/nl\/\">TinyChat<\/a> gaat niet alleen over \u00e9\u00e9n-op-\u00e9\u00e9n <a href=\"https:\/\/tinychat.com\/nl\/chatroulette\/\">chat<\/a>. Je kunt je eigen video\/audio uitzenden naar de ruimte en in realtime communiceren met je publiek. Of leun achterover en kijk hoe anderen leuke, rare of inzichtelijke sessies houden.<\/p>\n<h3>Platformvriendelijk<\/h3>\n<p>Gebruik het in je browser of download de iOS\/Android apps om onderweg te chatten.<\/p>\n<h2>Is het veilig om met vreemden te praten?<\/h2>\n<p>Online praten met vreemden kan zo veilig of riskant zijn als je het zelf wilt. Hoewel de meeste mensen vriendelijk of onschuldig zijn, is het belangrijk om je privacy en emotionele welzijn te beschermen. <a href=\"https:\/\/tinychat.com\/nl\/\">TinyChat<\/a> en andere gerenommeerde platforms dragen hun steentje bij door te modereren, maar jouw gewoonten zijn ook belangrijk.<\/p>\n<h3>Veiligheidstips voor online gesprekken met vreemden<\/h3>\n<ul>\n<li>Blijf anoniem: Gebruik een bijnaam. Deel nooit je echte naam, adres, school of werkplek.<\/li>\n<li>Stuur geen foto's of links: Zelfs als iemand betrouwbaar lijkt, moet je vermijden om afbeeldingen te delen of op links te klikken.<\/li>\n<li>Wees respectvol: Behandel anderen zoals je zelf behandeld wilt worden. De meeste platforms, waaronder <a href=\"https:\/\/tinychat.com\/nl\/\">TinyChat<\/a>hebben duidelijke regels tegen haatdragende taal en intimidatie.<\/li>\n<li>Meld ongepaste gebruikers: Als iemand over de schreef gaat, gebruik dan de ingebouwde meldknop.<\/li>\n<li>Vermijd het delen van sociale media tenzij je er alle vertrouwen in hebt en de verbinding wilt voortzetten.<\/li>\n<\/ul>\n<h2>Voordelen van praten met vreemden op TinyChat<\/h2>\n<p>Er is iets speciaals aan de groepsindeling van TinyChat. Dit is waar gebruikers het meest van houden:<\/p>\n<h3>Spontane groepsenergie<\/h3>\n<p>In tegenstelling tot \u00e9\u00e9n-op-\u00e9\u00e9n <a href=\"https:\/\/tinychat.com\/nl\/chatroulette\/\">chat<\/a> De open ruimtes van TinyChat bieden ruimte voor ongedwongen afluisteren, langzame betrokkenheid en leuk commentaar. Je bent vrij om mee te doen - of alleen maar te kijken.<\/p>\n<h3>Diverse wereldwijde gemeenschap<\/h3>\n<p><a href=\"https:\/\/tinychat.com\/nl\/\">TinyChat<\/a> brengt gebruikers van over de hele wereld samen en biedt culturele inzichten, verschillende perspectieven en af en toe een onverwachte vriendschap.<\/p>\n<h3>Omgeving zonder druk<\/h3>\n<p>Je kunt op elk moment een ruimte verlaten, je microfoon dempen of je video uitschakelen. Je hebt altijd zelf in de hand hoe diep (of oppervlakkig) je betrokkenheid gaat.<\/p>\n<h3>Ervaring op maat<\/h3>\n<p>Of je er nu bent om te flirten, vrienden te maken, over politiek te debatteren, muziek te delen of gewoon onzin te praten met vreemden, er is een ruimte voor.<\/p>\n<h2>Ervaringen van echte gebruikers<\/h2>\n<blockquote><p>\"Ik begon <a href=\"https:\/\/tinychat.com\/nl\/\">TinyChat<\/a> tijdens de pandemie om iemand te vinden om mee te praten. Twee jaar later kom ik nog steeds langs om nieuwe mensen te ontmoeten. Het is net een virtuele bar.<br \/>\n- <em>Kevin M., Verenigde Staten<\/em><\/p><\/blockquote>\n<blockquote><p>\"Wat ik leuk vind is dat het niet te gek is. Ik kan gewoon chillen in een muziekkamer, mijn microfoon opzetten en vibe met willekeurige mensen van Canada tot Kroati\u00eb.\"<br \/>\n- <em>Elena R., Nederland<\/em><\/p><\/blockquote>\n<blockquote><p>\"Ik heb <a href=\"https:\/\/tinychat.com\/nl\/omegle\/\">Omegle<\/a> en dat soort sites. <a href=\"https:\/\/tinychat.com\/nl\/\">TinyChat<\/a> is beter voor echte gesprekken. Je kunt rondhangen zonder gedwongen te worden om te praten.\"<br \/>\n- <em>Jason T., Zuid-Afrika<\/em><\/p><\/blockquote>\n<h2>TinyChat vs Andere \"Praat met Vreemden\" Platforms<\/h2>\n<table>\n<thead>\n<tr>\n<th>Functie<\/th>\n<th><a href=\"https:\/\/tinychat.com\/nl\/\">TinyChat<\/a><\/th>\n<th><a href=\"https:\/\/tinychat.com\/nl\/omegle\/\">Omegle<\/a><\/th>\n<th><a href=\"https:\/\/tinychat.com\/nl\/chatroulette\/\">Chatroulette<\/a><\/th>\n<th><a href=\"https:\/\/tinychat.com\/nl\/ometv\/\">OmeTV<\/a><\/th>\n<th><a href=\"https:\/\/tinychat.com\/nl\/strangercam\/\">StrangerCam<\/a><\/th>\n<\/tr>\n<\/thead>\n<tbody>\n<tr>\n<td>Groep kamers<\/td>\n<td>Ja<\/td>\n<td>Nee<\/td>\n<td>Nee<\/td>\n<td>Nee<\/td>\n<td>Nee<\/td>\n<\/tr>\n<tr>\n<td>Tekst + Video + Stem <a href=\"https:\/\/tinychat.com\/nl\/chatroulette\/\">Chat<\/a><\/td>\n<td>Ja<\/td>\n<td>Ja<\/td>\n<td>Ja<\/td>\n<td>Ja<\/td>\n<td>Ja<\/td>\n<\/tr>\n<tr>\n<td>Aanmelden niet nodig<\/td>\n<td>Ja<\/td>\n<td>Ja<\/td>\n<td>Ja<\/td>\n<td>Ja<\/td>\n<td>Ja<\/td>\n<\/tr>\n<tr>\n<td>Onderwerp-gebaseerd <a href=\"https:\/\/tinychat.com\/nl\/chatroulette\/\">Chat<\/a><\/td>\n<td>Ja<\/td>\n<td>Nee<\/td>\n<td>Nee<\/td>\n<td>Nee<\/td>\n<td>Nee<\/td>\n<\/tr>\n<tr>\n<td>Live uitzenden<\/td>\n<td>Ja<\/td>\n<td>Nee<\/td>\n<td>Nee<\/td>\n<td>Nee<\/td>\n<td>Nee<\/td>\n<\/tr>\n<tr>\n<td>Mobiele app beschikbaar<\/td>\n<td>Ja<\/td>\n<td>Nee<\/td>\n<td>Ja<\/td>\n<td>Ja<\/td>\n<td>Ja<\/td>\n<\/tr>\n<tr>\n<td>Moderatie en rapportage<\/td>\n<td>Goed<\/td>\n<td>\u26a0\ufe0f Slecht<\/td>\n<td>Matig<\/td>\n<td>Goed<\/td>\n<td>Goed<\/td>\n<\/tr>\n<\/tbody>\n<\/table>\n<p>Samenvatting: <a href=\"https:\/\/tinychat.com\/nl\/\">TinyChat<\/a> is de beste keuze als je op zoek bent naar niet onhandige, groepsgebaseerde <a href=\"https:\/\/tinychat.com\/nl\/strangercam\/\">vreemdeling<\/a> <a href=\"https:\/\/tinychat.com\/nl\/chatroulette\/\">chat<\/a> met onderwerpfiltering, spraak-\/video-opties en een omgeving met weinig druk.<\/p>\n<h2>Tips om het meeste te halen uit je \"Praten met vreemden\"-ervaring<\/h2>\n<ul>\n<li>Begin in de waarnemersmodus: Je hoeft niet meteen te praten. Kijk toe, lees de kamer en doe dan rustig mee.<\/li>\n<li>Vind je niche: <a href=\"https:\/\/tinychat.com\/nl\/\">TinyChat<\/a> heeft kamers voor van alles en nog wat, van politiek tot dating. Ga op verkenning tot je er een vindt die bij je stemming past.<\/li>\n<li>Gebruik video alleen wanneer dat comfortabel is: Tekst en audio zijn prima manieren om contact te maken. Haast je niet om je camera aan te zetten.<\/li>\n<li>Wees ruimdenkend: Niet elke <a href=\"https:\/\/tinychat.com\/nl\/chatroulette\/\">chat<\/a> zullen geweldig zijn. Sommige zullen saai zijn. Andere kunnen je dag veranderen. Blijf ontdekken.<\/li>\n<li>Blijf consistent: Hoe vaker je komt opdagen, hoe comfortabeler en zelfverzekerder je wordt in het omgaan met nieuwe mensen.<\/li>\n<\/ul>\n<p>De uitdrukking \"praat met vreemden\" ging vroeger gepaard met waarschuwingen. Maar in de online wereld - als het goed en veilig wordt gedaan - is het een poort geworden naar verbinding, empathie en gedeelde ervaringen.<\/p>\n<p><a href=\"https:\/\/tinychat.com\/nl\/\">TinyChat<\/a> biedt een platform waar dit idee gedijt - een ruimte waar mensen elkaar niet ontmoeten voor volgers, likes of datingmatches, maar gewoon voor het plezier van een gesprek. Het gaat om lachen met iemand in een andere tijdzone, een verhaal aanhoren van een totaal andere persoon, een gesprek met iemand in een andere tijdzone. <a href=\"https:\/\/tinychat.com\/nl\/strangercam\/\">vreemdeling<\/a>of een gemeenschappelijke basis vinden in een chaotische wereld.<\/p>\n<p>Dus als je met vreemden wilt praten - niet doelloos, maar zinvol - dan zit je hier goed. Word lid van een <a href=\"https:\/\/tinychat.com\/nl\/\">TinyChat<\/a> kamer, zet je microfoon aan (of niet) en kijk waar het gesprek je brengt.<\/p>\n<p>Want soms zijn de beste gesprekken met mensen die je nog nooit hebt ontmoet.<\/p>","protected":false},"excerpt":{"rendered":"<p>The desire to talk to strangers online isn\u2019t about small talk \u2014 it\u2019s about serendipity, surprise, and sometimes, even self-discovery. Whether you&#8217;re feeling isolated, bored, curious, or adventurous, the urge to connect with someone new \u2014 someone outside your usual circles \u2014 is deeply human. That\u2019s where platforms like TinyChat step in, creating safe, easy, [&hellip;]<\/p>\n","protected":false},"author":8,"featured_media":0,"parent":0,"menu_order":0,"comment_status":"closed","ping_status":"closed","template":"","meta":{"footnotes":""},"class_list":["post-3987","page","type-page","status-publish","hentry"],"yoast_head":"<!-- This site is optimized with the Yoast SEO plugin v27.6 - https:\/\/yoast.com\/product\/yoast-seo-wordpress\/ -->\n<title>Talk to Strangers with Video Chat on TinyChat.com<\/title>\n<meta name=\"description\" content=\"Enjoying Talk to Strangers? Join over 50,000,000 strangers on TinyChat! Turn on your cam and start meeting new people, or find a match.\" \/>\n<meta name=\"robots\" content=\"index, follow, max-snippet:-1, max-image-preview:large, max-video-preview:-1\" \/>\n<link rel=\"canonical\" href=\"https:\/\/tinychat.com\/nl\/talk-to-strangers\/\" \/>\n<meta property=\"og:locale\" content=\"nl_NL\" \/>\n<meta property=\"og:type\" content=\"article\" \/>\n<meta property=\"og:title\" content=\"Talk to Strangers with Video Chat on TinyChat.com\" \/>\n<meta property=\"og:description\" content=\"Enjoying Talk to Strangers? Join over 50,000,000 strangers on TinyChat! Turn on your cam and start meeting new people, or find a match.\" \/>\n<meta property=\"og:url\" content=\"https:\/\/tinychat.com\/nl\/talk-to-strangers\/\" \/>\n<meta property=\"og:site_name\" content=\"TinyChat\" \/>\n<meta property=\"article:publisher\" content=\"https:\/\/www.facebook.com\/tinychat\" \/>\n<meta property=\"article:modified_time\" content=\"2025-06-12T08:27:56+00:00\" \/>\n<meta property=\"og:image\" content=\"https:\/\/tinychat.com\/wp-content\/uploads\/2020\/04\/Tinychat-logo-1280x284-new-black.png\" \/>\n\t<meta property=\"og:image:width\" content=\"1280\" \/>\n\t<meta property=\"og:image:height\" content=\"284\" \/>\n\t<meta property=\"og:image:type\" content=\"image\/png\" \/>\n<meta name=\"twitter:card\" content=\"summary_large_image\" \/>\n<meta name=\"twitter:site\" content=\"@tinychat\" \/>\n<meta name=\"twitter:label1\" content=\"Geschatte leestijd\" \/>\n\t<meta name=\"twitter:data1\" content=\"7 minuten\" \/>\n<script type=\"application\/ld+json\" class=\"yoast-schema-graph\">{\"@context\":\"https:\\\/\\\/schema.org\",\"@graph\":[{\"@type\":\"WebPage\",\"@id\":\"https:\\\/\\\/tinychat.com\\\/talk-to-strangers\\\/\",\"url\":\"https:\\\/\\\/tinychat.com\\\/talk-to-strangers\\\/\",\"name\":\"Talk to Strangers with Video Chat on TinyChat.com\",\"isPartOf\":{\"@id\":\"https:\\\/\\\/tinychat.com\\\/#website\"},\"datePublished\":\"2025-05-23T15:34:41+00:00\",\"dateModified\":\"2025-06-12T08:27:56+00:00\",\"description\":\"Enjoying Talk to Strangers? Join over 50,000,000 strangers on TinyChat! Turn on your cam and start meeting new people, or find a match.\",\"breadcrumb\":{\"@id\":\"https:\\\/\\\/tinychat.com\\\/talk-to-strangers\\\/#breadcrumb\"},\"inLanguage\":\"nl-NL\",\"potentialAction\":[{\"@type\":\"ReadAction\",\"target\":[\"https:\\\/\\\/tinychat.com\\\/talk-to-strangers\\\/\"]}]},{\"@type\":\"BreadcrumbList\",\"@id\":\"https:\\\/\\\/tinychat.com\\\/talk-to-strangers\\\/#breadcrumb\",\"itemListElement\":[{\"@type\":\"ListItem\",\"position\":1,\"name\":\"Home\",\"item\":\"https:\\\/\\\/tinychat.com\\\/\"},{\"@type\":\"ListItem\",\"position\":2,\"name\":\"Talk to Strangers\"}]},{\"@type\":\"WebSite\",\"@id\":\"https:\\\/\\\/tinychat.com\\\/#website\",\"url\":\"https:\\\/\\\/tinychat.com\\\/\",\"name\":\"TinyChat\",\"description\":\"Random Video Chat with Strangers\",\"publisher\":{\"@id\":\"https:\\\/\\\/tinychat.com\\\/#organization\"},\"alternateName\":\"TinyChat.com\",\"potentialAction\":[{\"@type\":\"SearchAction\",\"target\":{\"@type\":\"EntryPoint\",\"urlTemplate\":\"https:\\\/\\\/tinychat.com\\\/?s={search_term_string}\"},\"query-input\":{\"@type\":\"PropertyValueSpecification\",\"valueRequired\":true,\"valueName\":\"search_term_string\"}}],\"inLanguage\":\"nl-NL\"},{\"@type\":\"Organization\",\"@id\":\"https:\\\/\\\/tinychat.com\\\/#organization\",\"name\":\"TinyChat\",\"alternateName\":\"TinyChat.com\",\"url\":\"https:\\\/\\\/tinychat.com\\\/\",\"logo\":{\"@type\":\"ImageObject\",\"inLanguage\":\"nl-NL\",\"@id\":\"https:\\\/\\\/tinychat.com\\\/#\\\/schema\\\/logo\\\/image\\\/\",\"url\":\"https:\\\/\\\/tinychat.com\\\/wp-content\\\/uploads\\\/2023\\\/11\\\/Tinychat-icon-square.png\",\"contentUrl\":\"https:\\\/\\\/tinychat.com\\\/wp-content\\\/uploads\\\/2023\\\/11\\\/Tinychat-icon-square.png\",\"width\":284,\"height\":284,\"caption\":\"TinyChat\"},\"image\":{\"@id\":\"https:\\\/\\\/tinychat.com\\\/#\\\/schema\\\/logo\\\/image\\\/\"},\"sameAs\":[\"https:\\\/\\\/www.facebook.com\\\/tinychat\",\"https:\\\/\\\/x.com\\\/tinychat\"]}]}<\/script>\n<!-- \/ Yoast SEO plugin. -->","yoast_head_json":{"title":"Praat met vreemden met videochat op TinyChat.com","description":"Vind je het leuk om met vreemden te praten? Sluit je aan bij meer dan 50.000.000 vreemden op TinyChat! Zet je cam aan en begin nieuwe mensen te ontmoeten of zoek een match.","robots":{"index":"index","follow":"follow","max-snippet":"max-snippet:-1","max-image-preview":"max-image-preview:large","max-video-preview":"max-video-preview:-1"},"canonical":"https:\/\/tinychat.com\/nl\/talk-to-strangers\/","og_locale":"nl_NL","og_type":"article","og_title":"Talk to Strangers with Video Chat on TinyChat.com","og_description":"Enjoying Talk to Strangers? Join over 50,000,000 strangers on TinyChat! Turn on your cam and start meeting new people, or find a match.","og_url":"https:\/\/tinychat.com\/nl\/talk-to-strangers\/","og_site_name":"TinyChat","article_publisher":"https:\/\/www.facebook.com\/tinychat","article_modified_time":"2025-06-12T08:27:56+00:00","og_image":[{"width":1280,"height":284,"url":"https:\/\/tinychat.com\/wp-content\/uploads\/2020\/04\/Tinychat-logo-1280x284-new-black.png","type":"image\/png"}],"twitter_card":"summary_large_image","twitter_site":"@tinychat","twitter_misc":{"Geschatte leestijd":"7 minuten"},"schema":{"@context":"https:\/\/schema.org","@graph":[{"@type":"WebPage","@id":"https:\/\/tinychat.com\/talk-to-strangers\/","url":"https:\/\/tinychat.com\/talk-to-strangers\/","name":"Praat met vreemden met videochat op TinyChat.com","isPartOf":{"@id":"https:\/\/tinychat.com\/#website"},"datePublished":"2025-05-23T15:34:41+00:00","dateModified":"2025-06-12T08:27:56+00:00","description":"Vind je het leuk om met vreemden te praten? Sluit je aan bij meer dan 50.000.000 vreemden op TinyChat! Zet je cam aan en begin nieuwe mensen te ontmoeten of zoek een match.","breadcrumb":{"@id":"https:\/\/tinychat.com\/talk-to-strangers\/#breadcrumb"},"inLanguage":"nl-NL","potentialAction":[{"@type":"ReadAction","target":["https:\/\/tinychat.com\/talk-to-strangers\/"]}]},{"@type":"BreadcrumbList","@id":"https:\/\/tinychat.com\/talk-to-strangers\/#breadcrumb","itemListElement":[{"@type":"ListItem","position":1,"name":"Home","item":"https:\/\/tinychat.com\/"},{"@type":"ListItem","position":2,"name":"Talk to Strangers"}]},{"@type":"WebSite","@id":"https:\/\/tinychat.com\/#website","url":"https:\/\/tinychat.com\/","name":"TinyChat","description":"Willekeurige videochat met vreemden","publisher":{"@id":"https:\/\/tinychat.com\/#organization"},"alternateName":"TinyChat.com","potentialAction":[{"@type":"SearchAction","target":{"@type":"EntryPoint","urlTemplate":"https:\/\/tinychat.com\/?s={search_term_string}"},"query-input":{"@type":"PropertyValueSpecification","valueRequired":true,"valueName":"search_term_string"}}],"inLanguage":"nl-NL"},{"@type":"Organization","@id":"https:\/\/tinychat.com\/#organization","name":"TinyChat","alternateName":"TinyChat.com","url":"https:\/\/tinychat.com\/","logo":{"@type":"ImageObject","inLanguage":"nl-NL","@id":"https:\/\/tinychat.com\/#\/schema\/logo\/image\/","url":"https:\/\/tinychat.com\/wp-content\/uploads\/2023\/11\/Tinychat-icon-square.png","contentUrl":"https:\/\/tinychat.com\/wp-content\/uploads\/2023\/11\/Tinychat-icon-square.png","width":284,"height":284,"caption":"TinyChat"},"image":{"@id":"https:\/\/tinychat.com\/#\/schema\/logo\/image\/"},"sameAs":["https:\/\/www.facebook.com\/tinychat","https:\/\/x.com\/tinychat"]}]}},"_links":{"self":[{"href":"https:\/\/tinychat.com\/nl\/wp-json\/wp\/v2\/pages\/3987","targetHints":{"allow":["GET"]}}],"collection":[{"href":"https:\/\/tinychat.com\/nl\/wp-json\/wp\/v2\/pages"}],"about":[{"href":"https:\/\/tinychat.com\/nl\/wp-json\/wp\/v2\/types\/page"}],"author":[{"embeddable":true,"href":"https:\/\/tinychat.com\/nl\/wp-json\/wp\/v2\/users\/8"}],"replies":[{"embeddable":true,"href":"https:\/\/tinychat.com\/nl\/wp-json\/wp\/v2\/comments?post=3987"}],"version-history":[{"count":3,"href":"https:\/\/tinychat.com\/nl\/wp-json\/wp\/v2\/pages\/3987\/revisions"}],"predecessor-version":[{"id":13180,"href":"https:\/\/tinychat.com\/nl\/wp-json\/wp\/v2\/pages\/3987\/revisions\/13180"}],"wp:attachment":[{"href":"https:\/\/tinychat.com\/nl\/wp-json\/wp\/v2\/media?parent=3987"}],"curies":[{"name":"wp","href":"https:\/\/api.w.org\/{rel}","templated":true}]}}