{"id":4004,"date":"2025-09-03T08:37:25","date_gmt":"2025-09-03T06:37:25","guid":{"rendered":"https:\/\/tinychat.com\/?page_id=4004"},"modified":"2025-09-03T12:46:19","modified_gmt":"2025-09-03T10:46:19","slug":"video-call-strangers","status":"publish","type":"page","link":"https:\/\/tinychat.com\/nl\/video-call-strangers\/","title":{"rendered":"Videogesprekken met vreemden"},"content":{"rendered":"<p>Soms zijn de meest memorabele gesprekken die met mensen die je nooit verwacht had te ontmoeten. Dat is de magie van platformen voor videogesprekken met vreemden - onmiddellijke, persoonlijke verbindingen met mensen van over de hele wereld. Met \u00e9\u00e9n klik kun je iemand zien en spreken die je helemaal niet kent, zonder biografie\u00ebn of algoritmes.<\/p>\n<p>Of je nu vrienden wilt maken, verveling tegen wilt gaan, andere culturen wilt leren kennen of gewoon wilt lachen, vreemdere videogesprekken bieden een unieke manier om in realtime contact te maken.<\/p>\n<h2>Wat betekent het om met vreemden te videobellen?<\/h2>\n<p>Als je online videobellen met vreemden doet, gebruik je een website of app die je koppelt aan willekeurige gebruikers voor \u00e9\u00e9n-op-\u00e9\u00e9n of groep live videogesprekken. Je hoeft je niet aan te melden, te betalen of persoonlijke gegevens te delen. In plaats daarvan doe je het gewoon:<\/p>\n<ol>\n<li>Schakel je webcam en microfoon in.<\/li>\n<li>Klik op \"Start\" of \"Verbinden\".<\/li>\n<li>Word meteen gekoppeld aan een nieuw iemand.<\/li>\n<\/ol>\n<p>Gesprekken kunnen seconden, minuten of uren duren. Als het niet klikt, kun je met \u00e9\u00e9n klik naar de volgende persoon gaan.<\/p>\n<p>Het is spontaan, anoniem en verfrissend direct.<\/p>\n<h2>Waarom mensen houden van willekeurige videogesprekken met vreemden<\/h2>\n<p>Dus waarom loggen miljoenen mensen elke dag in om te videochatten met vreemden?<\/p>\n<ul>\n<li>Directe verbinding - Begin een echt gesprek binnen enkele seconden.<\/li>\n<li>Wereldwijde vari\u00ebteit - Ontmoet mensen uit alle hoeken van de wereld.<\/li>\n<li>Menselijke authenticiteit - Iemands gezicht zien en stem horen maakt het echter dan sms'en.<\/li>\n<li>Nuldruk - Als het niet klikt, sla dan over en probeer het opnieuw.<\/li>\n<li>Spannende onvoorspelbaarheid - Je weet nooit of de volgende chat grappig, flirterig, diepgaand of verrassend zal zijn.<\/li>\n<\/ul>\n<p>Het is het digitale equivalent van een gesprek in de trein of in een caf\u00e9, behalve dat de hele wereld binnen handbereik is.<\/p>\n<h2>Gratis videogesprekken met vreemden: zo werkt het<\/h2>\n<p>De meeste platforms voor vreemdere videogesprekken zijn gratis te gebruiken. Dit is het eenvoudige proces:<\/p>\n<ol>\n<li>Bezoek een platform - Populaire opties zijn Omegle, Chatroulette, Chatspin en TinyChat.<\/li>\n<li>Geef toegang tot camera en microfoon - Essentieel voor face-to-face interactie.<\/li>\n<li>Klik op verbinden - Word onmiddellijk gekoppeld aan een andere gebruiker.<\/li>\n<li>Blijven of overslaan - Als de sfeer goed is, blijf dan hangen; zo niet, ga dan verder.<\/li>\n<\/ol>\n<p>Op sommige platforms kun je ook filters toevoegen zoals geslacht, locatie of interesses, zodat je meer kans hebt om mensen te ontmoeten met wie het klikt.<\/p>\n<h2>Beste platforms om vreemden te bellen<\/h2>\n<p>Er zijn tientallen diensten beschikbaar. Hier zijn enkele van de populairste en meest vertrouwde:<\/p>\n<ul>\n<li>Omegle - De originele willekeurige videochatwebsite, beroemd om zijn eenvoudige tekst- en video-opties.<\/li>\n<li>Chatroulette - Een wereldwijd platform dat bekend staat om zijn snelheid en onvoorspelbaarheid.<\/li>\n<li>Chatspin - Voegt filters, themachatrooms en zelfs leuke video-effecten toe.<\/li>\n<li>Camsurf - Gericht op veilige, gemodereerde gesprekken.<\/li>\n<li>Chatrandom - Biedt zowel \u00e9\u00e9n-op-\u00e9\u00e9n gesprekken als chatrooms voor groepen.<\/li>\n<li>TinyChat - Een mix van vreemdelingenchat en gemeenschapskamers.<\/li>\n<li>LuckyCrush - Koppelt mannen aan vrouwen voor flirterige \u00e9\u00e9n-op-\u00e9\u00e9n chats.<\/li>\n<\/ul>\n<p>Ze hebben allemaal hun eigen stijl, dus door er meer dan \u00e9\u00e9n te proberen kun je je favoriet vinden.<\/p>\n<h2>Vreemden bellen via video vs. chatten via tekst<\/h2>\n<p>Hoewel chatrooms met alleen tekst nog steeds bestaan, biedt live videobellen een rijkere ervaring.<\/p>\n<table>\n<thead>\n<tr>\n<th>Functie<\/th>\n<th>Videogesprekken met vreemden<\/th>\n<th>Tekstchatten met vreemden<\/th>\n<\/tr>\n<\/thead>\n<tbody>\n<tr>\n<td>Gezichtsuitdrukkingen bekijken<\/td>\n<td>\u2705<\/td>\n<td>\u274c<\/td>\n<\/tr>\n<tr>\n<td>Hoor de toon van je stem<\/td>\n<td>\u2705<\/td>\n<td>\u274c<\/td>\n<\/tr>\n<tr>\n<td>Snellere verbinding<\/td>\n<td>\u2705<\/td>\n<td>\u26a0\ufe0f Soms langzamer<\/td>\n<\/tr>\n<tr>\n<td>Meer authentieke interactie<\/td>\n<td>\u2705<\/td>\n<td>\u274c<\/td>\n<\/tr>\n<tr>\n<td>Gemakkelijker verkeerd te interpreteren<\/td>\n<td>\u274c<\/td>\n<td>\u2705<\/td>\n<\/tr>\n<\/tbody>\n<\/table>\n<p>Als je iemand in real time ziet, voelen gesprekken echt en spontaan aan.<\/p>\n<h2>Veilig bellen met vreemden<\/h2>\n<p>Hoewel de meeste mensen vriendelijk en respectvol zijn, is het slim om grenzen te stellen. Zo houd je videochats met vreemden veilig:<\/p>\n<ul>\n<li>Deel geen persoonlijke informatie - Houd je volledige naam, telefoonnummer en adres priv\u00e9.<\/li>\n<li>Gebruik een bijnaam - Blijf anoniem tot je je op je gemak voelt.<\/li>\n<li>Controleer je achtergrond - Zorg ervoor dat je camera geen priv\u00e9gegevens onthult.<\/li>\n<li>Snel overslaan - Voel je niet verplicht om in een chat te blijven die niet goed aanvoelt.<\/li>\n<li>Meld ongepaste gebruikers - Kies platforms met moderatietools.<\/li>\n<\/ul>\n<p>Veiligheid is wat gratis vreemdelingvideogesprekken zowel leuk als stressvrij maakt.<\/p>\n<h2>Waarom mensen lid worden van sites voor video-oproepen met vreemden<\/h2>\n<p>Er is niet \u00e9\u00e9n reden waarom mensen van deze platforms houden: het is een mix van nieuwsgierigheid, plezier en verbinding.<\/p>\n<ul>\n<li>Om verveling tegen te gaan - Geweldig voor late avonden of vrije tijd.<\/li>\n<li>Nieuwe vrienden ontmoeten - Breid je kring uit buiten je lokale omgeving.<\/li>\n<li>Om te flirten en te daten - Sommige chats vonkten onmiddellijk chemie.<\/li>\n<li>Taalvaardigheden oefenen - Praten met moedertaalsprekers is de beste manier om te leren.<\/li>\n<li>Culturen verkennen - Direct horen over het leven in een ander deel van de wereld.<\/li>\n<\/ul>\n<p>De onvoorspelbaarheid is een deel van het plezier-je kunt een dom gesprek hebben, of een gesprek dat verrassend betekenisvol aanvoelt.<\/p>\n<h2>TinyChat: een communautair alternatief<\/h2>\n<p>Als je houdt van de spanning van het videobellen met vreemden, maar meer structuur wilt, dan is TinyChat de moeite waard om te bekijken. In tegenstelling tot veel \u00e9\u00e9n-op-\u00e9\u00e9n platformen biedt TinyChat:<\/p>\n<ul>\n<li>Groepsvideochatrooms - Neem deel aan lopende gesprekken over specifieke onderwerpen.<\/li>\n<li>Priv\u00e9kamers - Begin je eigen ruimte en nodig mensen uit.<\/li>\n<li>Meerdere formaten - Schakel tussen tekst, spraak en video.<\/li>\n<li>Platformonafhankelijke toegang - Werkt in browsers en op mobiele apps.<\/li>\n<li>Gemeenschapsevenementen - Ontmoet mensen met dezelfde interesses in realtime.<\/li>\n<\/ul>\n<p>TinyChat combineert willekeurigheid met gemeenschap, waardoor je het beste van twee werelden krijgt.<\/p>\n<h2>Tips voor een geweldige videogesprekservaring met vreemden<\/h2>\n<p>Wil je meer uit je chats halen? Probeer deze eens:<\/p>\n<ul>\n<li>Glimlach bij het aansluiten - Een warme start zet de toon.<\/li>\n<li>Sta open voor verschillende perspectieven en persoonlijkheden.<\/li>\n<li>Stel leuke vragen - \"Wat is de beste maaltijd die je ooit hebt gehad?\" is beter dan \"hoi\".<\/li>\n<li>Blijf respectvol - Vriendelijkheid zorgt meestal voor de beste reacties.<\/li>\n<li>Probeer verschillende tijden - Door op verschillende tijden in te loggen, kom je in contact met nieuwe delen van de wereld.<\/li>\n<\/ul>\n<h2>Gratis vs. Betaalde functies<\/h2>\n<p>De meeste platforms voor vreemdere videogesprekken zijn volledig gratis. Sommige bieden echter optionele upgrades aan:<\/p>\n<table>\n<thead>\n<tr>\n<th>Functie<\/th>\n<th>Gratis versie<\/th>\n<th>Betaalde versie<\/th>\n<\/tr>\n<\/thead>\n<tbody>\n<tr>\n<td>Willekeurige videovergelijking<\/td>\n<td>Ja<\/td>\n<td>Ja<\/td>\n<\/tr>\n<tr>\n<td>Onbeperkt overslaan<\/td>\n<td>\u26a0\ufe0f Soms afgetopt<\/td>\n<td>Onbeperkt<\/td>\n<\/tr>\n<tr>\n<td>Geslacht\/locatiefilters<\/td>\n<td>\u26a0\ufe0f Basis<\/td>\n<td>Geavanceerd<\/td>\n<\/tr>\n<tr>\n<td>Advertenties verwijderd<\/td>\n<td>\u274c<\/td>\n<td>Ja<\/td>\n<\/tr>\n<tr>\n<td>Priv\u00e9 VIP-kamers<\/td>\n<td>\u274c<\/td>\n<td>Ja<\/td>\n<\/tr>\n<\/tbody>\n<\/table>\n<p>Voor gewone gebruikers zijn de gratis versies meer dan genoeg.<\/p>\n<h2>De opwinding van het onbekende<\/h2>\n<p>Een van de grootste voordelen van vreemdere videochat is het gevoel van avontuur. Elk gesprek is een dobbelsteenworp. Op \u00e9\u00e9n avond kun je:<\/p>\n<ul>\n<li>Leer slang uit een andere taal.<\/li>\n<li>Lach om flauwe grappen met iemand aan de andere kant van de wereld.<\/li>\n<li>Ontdek een nieuwe band of een aanrader voor een tv-programma.<\/li>\n<li>Deel een verhaal over je leven en hoor er een terug.<\/li>\n<li>Maak een verbinding die ook na het gesprek blijft bestaan.<\/li>\n<\/ul>\n<p>De onzekerheid houdt de dingen fris en spannend.<\/p>\n<p>Platformen voor vreemden voor videogesprekken zijn een van de leukste en meest spontane manieren om online met elkaar in contact te komen. Ze zijn gratis, snel en wereldwijd - ze brengen mensen van elke achtergrond samen voor een realtime gesprek van aangezicht tot aangezicht.<\/p>\n<p>Of je nu vrienden wilt maken, flirten, een nieuwe taal wilt oefenen of gewoon wilt genieten van wat gezelschap op de late avond, er is altijd wel iemand die een praatje wil maken.<\/p>\n<p>Dus als je klaar bent om uit je bubbel te stappen, zet dan je webcam aan, klik op \"connect\" en kijk wie je tegenkomt. Je volgende vreemde videogesprek kan het hoogtepunt van je dag worden.<\/p>","protected":false},"excerpt":{"rendered":"<p>Sometimes, the most memorable conversations are with people you never expected to meet. That\u2019s the magic of video call strangers platforms\u2014instant, face-to-face connections with people from all over the world. With just a click, you can see and talk to someone completely new, no bios or algorithms required. Whether you\u2019re looking to make friends, fight [&hellip;]<\/p>\n","protected":false},"author":8,"featured_media":0,"parent":0,"menu_order":0,"comment_status":"closed","ping_status":"closed","template":"","meta":{"footnotes":""},"class_list":["post-4004","page","type-page","status-publish","hentry"],"yoast_head":"<!-- This site is optimized with the Yoast SEO plugin v27.4 - https:\/\/yoast.com\/product\/yoast-seo-wordpress\/ -->\n<title>Video Call Strangers with Video Chat on TinyChat.com<\/title>\n<meta name=\"description\" content=\"Enjoying Video Call Strangers? Join over 50,000,000 strangers on TinyChat! Turn on your cam and start meeting new people, or find a match.\" \/>\n<meta name=\"robots\" content=\"index, follow, max-snippet:-1, max-image-preview:large, max-video-preview:-1\" \/>\n<link rel=\"canonical\" href=\"https:\/\/tinychat.com\/nl\/video-call-strangers\/\" \/>\n<meta property=\"og:locale\" content=\"nl_NL\" \/>\n<meta property=\"og:type\" content=\"article\" \/>\n<meta property=\"og:title\" content=\"Video Call Strangers with Video Chat on TinyChat.com\" \/>\n<meta property=\"og:description\" content=\"Enjoying Video Call Strangers? Join over 50,000,000 strangers on TinyChat! Turn on your cam and start meeting new people, or find a match.\" \/>\n<meta property=\"og:url\" content=\"https:\/\/tinychat.com\/nl\/video-call-strangers\/\" \/>\n<meta property=\"og:site_name\" content=\"TinyChat\" \/>\n<meta property=\"article:publisher\" content=\"https:\/\/www.facebook.com\/tinychat\" \/>\n<meta property=\"article:modified_time\" content=\"2025-09-03T10:46:19+00:00\" \/>\n<meta property=\"og:image\" content=\"https:\/\/tinychat.com\/wp-content\/uploads\/2020\/04\/Tinychat-logo-1280x284-new-black.png\" \/>\n\t<meta property=\"og:image:width\" content=\"1280\" \/>\n\t<meta property=\"og:image:height\" content=\"284\" \/>\n\t<meta property=\"og:image:type\" content=\"image\/png\" \/>\n<meta name=\"twitter:card\" content=\"summary_large_image\" \/>\n<meta name=\"twitter:site\" content=\"@tinychat\" \/>\n<meta name=\"twitter:label1\" content=\"Geschatte leestijd\" \/>\n\t<meta name=\"twitter:data1\" content=\"5 minuten\" \/>\n<script type=\"application\/ld+json\" class=\"yoast-schema-graph\">{\"@context\":\"https:\\\/\\\/schema.org\",\"@graph\":[{\"@type\":\"WebPage\",\"@id\":\"https:\\\/\\\/tinychat.com\\\/video-call-strangers\\\/\",\"url\":\"https:\\\/\\\/tinychat.com\\\/video-call-strangers\\\/\",\"name\":\"Video Call Strangers with Video Chat on TinyChat.com\",\"isPartOf\":{\"@id\":\"https:\\\/\\\/tinychat.com\\\/#website\"},\"datePublished\":\"2025-09-03T06:37:25+00:00\",\"dateModified\":\"2025-09-03T10:46:19+00:00\",\"description\":\"Enjoying Video Call Strangers? Join over 50,000,000 strangers on TinyChat! Turn on your cam and start meeting new people, or find a match.\",\"breadcrumb\":{\"@id\":\"https:\\\/\\\/tinychat.com\\\/video-call-strangers\\\/#breadcrumb\"},\"inLanguage\":\"nl-NL\",\"potentialAction\":[{\"@type\":\"ReadAction\",\"target\":[\"https:\\\/\\\/tinychat.com\\\/video-call-strangers\\\/\"]}]},{\"@type\":\"BreadcrumbList\",\"@id\":\"https:\\\/\\\/tinychat.com\\\/video-call-strangers\\\/#breadcrumb\",\"itemListElement\":[{\"@type\":\"ListItem\",\"position\":1,\"name\":\"Home\",\"item\":\"https:\\\/\\\/tinychat.com\\\/\"},{\"@type\":\"ListItem\",\"position\":2,\"name\":\"Video Call Strangers\"}]},{\"@type\":\"WebSite\",\"@id\":\"https:\\\/\\\/tinychat.com\\\/#website\",\"url\":\"https:\\\/\\\/tinychat.com\\\/\",\"name\":\"TinyChat\",\"description\":\"Random Video Chat with Strangers\",\"publisher\":{\"@id\":\"https:\\\/\\\/tinychat.com\\\/#organization\"},\"alternateName\":\"TinyChat.com\",\"potentialAction\":[{\"@type\":\"SearchAction\",\"target\":{\"@type\":\"EntryPoint\",\"urlTemplate\":\"https:\\\/\\\/tinychat.com\\\/?s={search_term_string}\"},\"query-input\":{\"@type\":\"PropertyValueSpecification\",\"valueRequired\":true,\"valueName\":\"search_term_string\"}}],\"inLanguage\":\"nl-NL\"},{\"@type\":\"Organization\",\"@id\":\"https:\\\/\\\/tinychat.com\\\/#organization\",\"name\":\"TinyChat\",\"alternateName\":\"TinyChat.com\",\"url\":\"https:\\\/\\\/tinychat.com\\\/\",\"logo\":{\"@type\":\"ImageObject\",\"inLanguage\":\"nl-NL\",\"@id\":\"https:\\\/\\\/tinychat.com\\\/#\\\/schema\\\/logo\\\/image\\\/\",\"url\":\"https:\\\/\\\/tinychat.com\\\/wp-content\\\/uploads\\\/2023\\\/11\\\/Tinychat-icon-square.png\",\"contentUrl\":\"https:\\\/\\\/tinychat.com\\\/wp-content\\\/uploads\\\/2023\\\/11\\\/Tinychat-icon-square.png\",\"width\":284,\"height\":284,\"caption\":\"TinyChat\"},\"image\":{\"@id\":\"https:\\\/\\\/tinychat.com\\\/#\\\/schema\\\/logo\\\/image\\\/\"},\"sameAs\":[\"https:\\\/\\\/www.facebook.com\\\/tinychat\",\"https:\\\/\\\/x.com\\\/tinychat\"]}]}<\/script>\n<!-- \/ Yoast SEO plugin. -->","yoast_head_json":{"title":"Video oproep vreemden met Video Chat op TinyChat.com","description":"Genieten van Video Call Vreemden? Word lid van meer dan 50.000.000 vreemden op TinyChat! Zet je cam aan en begin nieuwe mensen te ontmoeten of zoek een match.","robots":{"index":"index","follow":"follow","max-snippet":"max-snippet:-1","max-image-preview":"max-image-preview:large","max-video-preview":"max-video-preview:-1"},"canonical":"https:\/\/tinychat.com\/nl\/video-call-strangers\/","og_locale":"nl_NL","og_type":"article","og_title":"Video Call Strangers with Video Chat on TinyChat.com","og_description":"Enjoying Video Call Strangers? Join over 50,000,000 strangers on TinyChat! Turn on your cam and start meeting new people, or find a match.","og_url":"https:\/\/tinychat.com\/nl\/video-call-strangers\/","og_site_name":"TinyChat","article_publisher":"https:\/\/www.facebook.com\/tinychat","article_modified_time":"2025-09-03T10:46:19+00:00","og_image":[{"width":1280,"height":284,"url":"https:\/\/tinychat.com\/wp-content\/uploads\/2020\/04\/Tinychat-logo-1280x284-new-black.png","type":"image\/png"}],"twitter_card":"summary_large_image","twitter_site":"@tinychat","twitter_misc":{"Geschatte leestijd":"5 minuten"},"schema":{"@context":"https:\/\/schema.org","@graph":[{"@type":"WebPage","@id":"https:\/\/tinychat.com\/video-call-strangers\/","url":"https:\/\/tinychat.com\/video-call-strangers\/","name":"Video oproep vreemden met Video Chat op TinyChat.com","isPartOf":{"@id":"https:\/\/tinychat.com\/#website"},"datePublished":"2025-09-03T06:37:25+00:00","dateModified":"2025-09-03T10:46:19+00:00","description":"Genieten van Video Call Vreemden? Word lid van meer dan 50.000.000 vreemden op TinyChat! Zet je cam aan en begin nieuwe mensen te ontmoeten of zoek een match.","breadcrumb":{"@id":"https:\/\/tinychat.com\/video-call-strangers\/#breadcrumb"},"inLanguage":"nl-NL","potentialAction":[{"@type":"ReadAction","target":["https:\/\/tinychat.com\/video-call-strangers\/"]}]},{"@type":"BreadcrumbList","@id":"https:\/\/tinychat.com\/video-call-strangers\/#breadcrumb","itemListElement":[{"@type":"ListItem","position":1,"name":"Home","item":"https:\/\/tinychat.com\/"},{"@type":"ListItem","position":2,"name":"Video Call Strangers"}]},{"@type":"WebSite","@id":"https:\/\/tinychat.com\/#website","url":"https:\/\/tinychat.com\/","name":"TinyChat","description":"Willekeurige videochat met vreemden","publisher":{"@id":"https:\/\/tinychat.com\/#organization"},"alternateName":"TinyChat.com","potentialAction":[{"@type":"SearchAction","target":{"@type":"EntryPoint","urlTemplate":"https:\/\/tinychat.com\/?s={search_term_string}"},"query-input":{"@type":"PropertyValueSpecification","valueRequired":true,"valueName":"search_term_string"}}],"inLanguage":"nl-NL"},{"@type":"Organization","@id":"https:\/\/tinychat.com\/#organization","name":"TinyChat","alternateName":"TinyChat.com","url":"https:\/\/tinychat.com\/","logo":{"@type":"ImageObject","inLanguage":"nl-NL","@id":"https:\/\/tinychat.com\/#\/schema\/logo\/image\/","url":"https:\/\/tinychat.com\/wp-content\/uploads\/2023\/11\/Tinychat-icon-square.png","contentUrl":"https:\/\/tinychat.com\/wp-content\/uploads\/2023\/11\/Tinychat-icon-square.png","width":284,"height":284,"caption":"TinyChat"},"image":{"@id":"https:\/\/tinychat.com\/#\/schema\/logo\/image\/"},"sameAs":["https:\/\/www.facebook.com\/tinychat","https:\/\/x.com\/tinychat"]}]}},"_links":{"self":[{"href":"https:\/\/tinychat.com\/nl\/wp-json\/wp\/v2\/pages\/4004","targetHints":{"allow":["GET"]}}],"collection":[{"href":"https:\/\/tinychat.com\/nl\/wp-json\/wp\/v2\/pages"}],"about":[{"href":"https:\/\/tinychat.com\/nl\/wp-json\/wp\/v2\/types\/page"}],"author":[{"embeddable":true,"href":"https:\/\/tinychat.com\/nl\/wp-json\/wp\/v2\/users\/8"}],"replies":[{"embeddable":true,"href":"https:\/\/tinychat.com\/nl\/wp-json\/wp\/v2\/comments?post=4004"}],"version-history":[{"count":4,"href":"https:\/\/tinychat.com\/nl\/wp-json\/wp\/v2\/pages\/4004\/revisions"}],"predecessor-version":[{"id":13498,"href":"https:\/\/tinychat.com\/nl\/wp-json\/wp\/v2\/pages\/4004\/revisions\/13498"}],"wp:attachment":[{"href":"https:\/\/tinychat.com\/nl\/wp-json\/wp\/v2\/media?parent=4004"}],"curies":[{"name":"wp","href":"https:\/\/api.w.org\/{rel}","templated":true}]}}