{"id":4056,"date":"2025-09-03T08:50:30","date_gmt":"2025-09-03T06:50:30","guid":{"rendered":"https:\/\/tinychat.com\/?page_id=4056"},"modified":"2025-09-03T12:43:21","modified_gmt":"2025-09-03T10:43:21","slug":"stranger-video-chat","status":"publish","type":"page","link":"https:\/\/tinychat.com\/nl\/stranger-video-chat\/","title":{"rendered":"Vreemdeling Video Chat"},"content":{"rendered":"<p>Soms zijn de beste gesprekken degene die je nooit ziet aankomen. Dat is precies waar videochat met vreemden over gaat - onmiddellijk in contact komen met mensen die je niet kent, waar ook ter wereld, via live video. Geen lange profielen, niet swipen, geen algoritmes - alleen jij, je webcam en de verrassing om te zien wie er aan de andere kant opduikt.<\/p>\n<p>Voor miljoenen mensen is het een van de spannendste manieren geworden om online te socializen. Of je nu verveling wilt tegengaan, nieuwe vrienden wilt ontmoeten, een beetje wilt flirten of andere culturen wilt leren kennen, de chatplatforms voor vreemdere cam maken het gemakkelijk, gratis en spontaan.<\/p>\n<h2>Wat is videochat voor vreemden?<\/h2>\n<p>Vreemdeling videochat is een eenvoudig maar krachtig concept: een website of app koppelt je willekeurig aan een andere gebruiker voor een live videogesprek. Je kunt zo lang praten als je wilt, of op \"volgende\" klikken om meteen iemand anders te ontmoeten.<\/p>\n<p>De belangrijkste kenmerken zijn vaak:<\/p>\n<ul>\n<li>Gratis videochat met vreemden zonder dat je je hoeft aan te melden.<\/li>\n<li>E\u00e9n-op-\u00e9\u00e9n koppeling voor priv\u00e9gesprekken.<\/li>\n<li>Tekst- en voicechatopties als je niet meteen je gezicht wilt laten zien.<\/li>\n<li>Knoppen voor overslaan\/volgende om te bepalen met wie je praat.<\/li>\n<li>Interesses- of locatiefilters om je te helpen matchen met mensen die jouw vibe delen.<\/li>\n<\/ul>\n<p>Het is een onbekommerde manier om online realtime menselijke interactie te ervaren.<\/p>\n<h2>Waarom mensen van videochat met vreemden houden<\/h2>\n<p>De aantrekkingskracht is eenvoudig: elke chat is een verrassing en die onvoorspelbaarheid maakt het leuk. Dit is waarom mensen steeds weer terugkomen:<\/p>\n<ul>\n<li>Directe menselijke connectie - Ontmoet iemand face-to-face in een paar seconden.<\/li>\n<li>Wereldwijd bereik - Praat met mensen uit verschillende landen, achtergronden en culturen.<\/li>\n<li>Lage inzet - Geen profielen, likes of volgers om te beheren. Als het lastig is, sla je het gewoon over.<\/li>\n<li>Anonimiteit - Blijf priv\u00e9 met een bijnaam of houd je camera uit tot je klaar bent.<\/li>\n<li>Afwisseling - Van flauwe gesprekken tot diepgaande gesprekken op de late avond, elke sessie is anders.<\/li>\n<\/ul>\n<p>Het is socialiseren in zijn meest spontane vorm.<\/p>\n<h2>Hoe vreemdeling camchatten werkt<\/h2>\n<p>Als je het nog nooit geprobeerd hebt, is het eenvoudig om te beginnen:<\/p>\n<ol>\n<li>Kies een platform - Opties zijn Omegle, Chatroulette, Chatspin, TinyChat en Camsurf.<\/li>\n<li>Schakel je camera en microfoon in - De meeste sites vragen om toestemming voordat je verbinding maakt.<\/li>\n<li>Klik op \"Start\" - Je wordt meteen gekoppeld aan een vreemde voor live videochat.<\/li>\n<li>Chatten of overslaan - Geniet van het gesprek of klik op \"volgende\" om verder te gaan wanneer je maar wilt.<\/li>\n<li>Pas filters aan - Sommige sites laten je interesses, geslacht of locatie kiezen om matches te beperken.<\/li>\n<\/ol>\n<p>Je hebt altijd alles onder controle: je kunt een paar seconden chatten of een uur blijven.<\/p>\n<h2>Beste platforms voor videochat met vreemden<\/h2>\n<p>Er zijn tientallen opties, maar hier zijn enkele van de populairste en betrouwbaarste sites:<\/p>\n<ul>\n<li>Omegle - Het originele chatplatform voor willekeurige vreemden, met tekst- en videomodi.<\/li>\n<li>Chatroulette - Bekend om zijn snelle willekeurige videogesprekken en wereldwijde bereik.<\/li>\n<li>Chatspin - Biedt filters voor geslacht en locatie, plus leuke video-effecten.<\/li>\n<li>Camsurf - Een schoon, gemodereerd platform met een vriendelijke gemeenschap.<\/li>\n<li>Chatrandom - Bevat themakamers en een modus \"alleen meisjes\".<\/li>\n<li>TinyChat - Combineert vreemdere chat met groepsruimtes voor een gemeenschapsgevoel.<\/li>\n<li>Bazoocam - Populair in Europa, met ingebouwde ijsbrekerspelletjes.<\/li>\n<\/ul>\n<p>Ze hebben allemaal hun eigen sfeer, dus het is de moeite waard om er een paar uit te proberen om te zien waar je je het meest op je gemak voelt.<\/p>\n<h2>Vreemd videochatten vs. chatten met alleen tekst<\/h2>\n<p>Hoewel tekstchat nog steeds een optie is, voegt vreemde videochat een hele nieuwe laag authenticiteit toe.<\/p>\n<table>\n<thead>\n<tr>\n<th>Functie<\/th>\n<th>Vreemdeling Video Chat<\/th>\n<th>Alleen tekstchat<\/th>\n<\/tr>\n<\/thead>\n<tbody>\n<tr>\n<td>Gezichtsuitdrukkingen bekijken<\/td>\n<td>\u2705<\/td>\n<td>\u274c<\/td>\n<\/tr>\n<tr>\n<td>Hoor de toon van je stem<\/td>\n<td>\u2705<\/td>\n<td>\u274c<\/td>\n<\/tr>\n<tr>\n<td>Snellere verbinding<\/td>\n<td>\u2705<\/td>\n<td>\u26a0\ufe0f Soms<\/td>\n<\/tr>\n<tr>\n<td>Meer persoonlijke ervaring<\/td>\n<td>\u2705<\/td>\n<td>\u274c<\/td>\n<\/tr>\n<tr>\n<td>Gemakkelijker om tekst verkeerd te interpreteren<\/td>\n<td>\u274c<\/td>\n<td>\u2705<\/td>\n<\/tr>\n<\/tbody>\n<\/table>\n<p>Iemand in realtime zien en horen maakt gesprekken natuurlijker en boeiender.<\/p>\n<h2>Veiligheid bij videochats met vreemden<\/h2>\n<p>De meeste mensen gaan voor hun plezier met vreemdere cam chats mee, maar het is slim om voorzorgsmaatregelen te nemen die getuigen van gezond verstand:<\/p>\n<ul>\n<li>Bescherm je privacy - Deel niet je echte naam, telefoonnummer of locatie.<\/li>\n<li>Gebruik een neutrale achtergrond - Houd persoonlijke details buiten het camerakader.<\/li>\n<li>Ga vrijuit - Als iemand je ongemakkelijk laat voelen, ga dan meteen weg.<\/li>\n<li>Meld ongepast gedrag - Gerenommeerde platforms hebben moderatietools.<\/li>\n<li>Blijf bij bekende sites - Vermijd duistere platforms zonder veiligheidsrichtlijnen.<\/li>\n<\/ul>\n<p>Als je het goed aanpakt, kan videochat met vreemden zowel veilig als plezierig zijn.<\/p>\n<h2>Waarom mensen deelnemen aan vreemdelingencam chats<\/h2>\n<p>Heb je je ooit afgevraagd waarom mensen zo graag online met vreemden praten? De redenen vari\u00ebren, maar enkele van de meest voorkomende zijn:<\/p>\n<ul>\n<li>Verveling tegengaan - Perfect voor late avonden of vrije tijd.<\/li>\n<li>Sociale verbinding - Een snelle manier om je minder ge\u00efsoleerd te voelen.<\/li>\n<li>Flirten en daten - Veel gebruikers hopen op chemie en romantiek.<\/li>\n<li>Leren - Oefen een taal of hoor perspectieven van verschillende culturen.<\/li>\n<li>Nieuwsgierigheid - Soms is het gewoon leuk om te zien wie er allemaal zijn.<\/li>\n<\/ul>\n<p>Die mix van nieuwsgierigheid en verbondenheid is wat deze platforms in leven houdt.<\/p>\n<h2>Tips voor een betere videochatervaring met vreemden<\/h2>\n<p>Wil je het meeste uit je chats halen? Hier zijn enkele eenvoudige manieren om de ervaring te verbeteren:<\/p>\n<ul>\n<li>Glimlach en zeg eerst hallo - met vriendelijke gevoelens kom je een heel eind.<\/li>\n<li>Stel open vragen - In plaats van \"ja\/nee\" vragen, vraag naar interesses of verhalen.<\/li>\n<li>Wees respectvol - Behandel anderen zoals je zelf behandeld wilt worden.<\/li>\n<li>Houd het in het begin luchtig - Humor en ongedwongen gesprekken helpen het ijs te breken.<\/li>\n<li>Experimenteer met tijden - Verschillende tijdzones betekenen verschillende mensen online.<\/li>\n<\/ul>\n<h2>Vreemd videochatten voor verschillende behoeften<\/h2>\n<p>Vreemdeling cam chat is niet alleen voor \u00e9\u00e9n type persoon. Het kan werken voor:<\/p>\n<ul>\n<li>Singles - Op zoek naar een flirterig gesprek of potenti\u00eble afspraakjes.<\/li>\n<li>Reizigers - De plaatselijke bevolking virtueel ontmoeten voordat ze een nieuwe plaats bezoeken.<\/li>\n<li>Studenten - Een tweede taal oefenen met moedertaalsprekers.<\/li>\n<li>Externe medewerkers - Lange dagen onderbreken met sociale interactie.<\/li>\n<li>Nieuwsgierige geesten - Gewoon de menselijke kant van het internet verkennen.<\/li>\n<\/ul>\n<h2>Gratis vs. Betaalde videochatfuncties voor vreemden<\/h2>\n<p>De meeste platforms voor vreemde cam zijn gratis, maar sommige bieden upgrades aan.<\/p>\n<table>\n<thead>\n<tr>\n<th>Functie<\/th>\n<th>Gratis versie<\/th>\n<th>Betaalde versie<\/th>\n<\/tr>\n<\/thead>\n<tbody>\n<tr>\n<td>Willekeurige aanpassing<\/td>\n<td>Ja<\/td>\n<td>Ja<\/td>\n<\/tr>\n<tr>\n<td>Onbeperkt overslaan<\/td>\n<td>\u26a0\ufe0f Soms beperkt<\/td>\n<td>Altijd<\/td>\n<\/tr>\n<tr>\n<td>Geslachtsfilters<\/td>\n<td>\u26a0\ufe0f Basis<\/td>\n<td>Geavanceerd<\/td>\n<\/tr>\n<tr>\n<td>Advertenties verwijderd<\/td>\n<td>\u274c<\/td>\n<td>Ja<\/td>\n<\/tr>\n<tr>\n<td>Prioriteit matching<\/td>\n<td>\u274c<\/td>\n<td>Ja<\/td>\n<\/tr>\n<\/tbody>\n<\/table>\n<p>Voor gewone gebruikers is de gratis versie meestal meer dan genoeg.<\/p>\n<h2>TinyChat als vreemdeling Video Chat Alternative<\/h2>\n<p>Als je op zoek bent naar iets anders dan de standaard \u00e9\u00e9n-op-\u00e9\u00e9n match, biedt TinyChat een unieke twist. In plaats van alleen willekeurige gesprekken, kun je deelnemen aan themagroepsruimten of je eigen kamer hosten. Dat maakt het makkelijk om mensen te vinden die jouw interesses delen, terwijl je de spontaniteit van het ontmoeten van vreemden behoudt.<\/p>\n<p>TinyChat is geweldig voor:<\/p>\n<ul>\n<li>Deelnemen aan levendige groepsgesprekken over muziek, daten, gamen of actuele gebeurtenissen.<\/li>\n<li>Cre\u00eber je eigen priv\u00e9chatroom voor \u00e9\u00e9n-op-\u00e9\u00e9n gesprekken.<\/li>\n<li>Schakelen tussen video, audio en tekst, afhankelijk van je stemming.<\/li>\n<li>Platformoverschrijdend chatten op desktop of mobiele apps.<\/li>\n<\/ul>\n<p>Het behoudt de opwinding van vreemde videochat terwijl het je meer controle en gemeenschap geeft.<\/p>\n<p>Videochat met vreemden is een van de leukste en meest spontane manieren geworden om online contact te leggen. Met slechts een webcam en een klik kun je oog in oog staan met iemand nieuw, waar ook ter wereld. Het is onvoorspelbaar, authentiek en vaak verrassend lonend.<\/p>\n<p>Of je het nu doet voor je plezier, culturele uitwisseling, nachtelijk gezelschap of zelfs de kans op romantiek, stranger cam chat biedt eindeloze mogelijkheden - zonder kosten of verplichtingen.<\/p>\n<p>Dus als je klaar bent om het te proberen, ga dan naar een gratis platform zoals TinyChat of Chatspin, zet je camera aan en kijk wie er is. Je volgende geweldige gesprek is misschien maar \u00e9\u00e9n klik verwijderd.<\/p>","protected":false},"excerpt":{"rendered":"<p>Sometimes the best conversations are the ones you never see coming. That\u2019s exactly what stranger video chat is all about\u2014connecting instantly with people you don\u2019t know, anywhere in the world, through live video. No long profiles, no swiping, no algorithms\u2014just you, your webcam, and the surprise of seeing who pops up on the other side. [&hellip;]<\/p>\n","protected":false},"author":8,"featured_media":0,"parent":0,"menu_order":0,"comment_status":"closed","ping_status":"closed","template":"","meta":{"footnotes":""},"class_list":["post-4056","page","type-page","status-publish","hentry"],"yoast_head":"<!-- This site is optimized with the Yoast SEO plugin v27.4 - https:\/\/yoast.com\/product\/yoast-seo-wordpress\/ -->\n<title>Stranger Video Chat with Video Chat on TinyChat.com<\/title>\n<meta name=\"description\" content=\"Enjoying Stranger Video Chat? Join over 50,000,000 strangers on TinyChat! Turn on your cam and start meeting new people, or find a match.\" \/>\n<meta name=\"robots\" content=\"index, follow, max-snippet:-1, max-image-preview:large, max-video-preview:-1\" \/>\n<link rel=\"canonical\" href=\"https:\/\/tinychat.com\/nl\/stranger-video-chat\/\" \/>\n<meta property=\"og:locale\" content=\"nl_NL\" \/>\n<meta property=\"og:type\" content=\"article\" \/>\n<meta property=\"og:title\" content=\"Stranger Video Chat with Video Chat on TinyChat.com\" \/>\n<meta property=\"og:description\" content=\"Enjoying Stranger Video Chat? Join over 50,000,000 strangers on TinyChat! Turn on your cam and start meeting new people, or find a match.\" \/>\n<meta property=\"og:url\" content=\"https:\/\/tinychat.com\/nl\/stranger-video-chat\/\" \/>\n<meta property=\"og:site_name\" content=\"TinyChat\" \/>\n<meta property=\"article:publisher\" content=\"https:\/\/www.facebook.com\/tinychat\" \/>\n<meta property=\"article:modified_time\" content=\"2025-09-03T10:43:21+00:00\" \/>\n<meta property=\"og:image\" content=\"https:\/\/tinychat.com\/wp-content\/uploads\/2020\/04\/Tinychat-logo-1280x284-new-black.png\" \/>\n\t<meta property=\"og:image:width\" content=\"1280\" \/>\n\t<meta property=\"og:image:height\" content=\"284\" \/>\n\t<meta property=\"og:image:type\" content=\"image\/png\" \/>\n<meta name=\"twitter:card\" content=\"summary_large_image\" \/>\n<meta name=\"twitter:site\" content=\"@tinychat\" \/>\n<meta name=\"twitter:label1\" content=\"Geschatte leestijd\" \/>\n\t<meta name=\"twitter:data1\" content=\"6 minuten\" \/>\n<script type=\"application\/ld+json\" class=\"yoast-schema-graph\">{\"@context\":\"https:\\\/\\\/schema.org\",\"@graph\":[{\"@type\":\"WebPage\",\"@id\":\"https:\\\/\\\/tinychat.com\\\/stranger-video-chat\\\/\",\"url\":\"https:\\\/\\\/tinychat.com\\\/stranger-video-chat\\\/\",\"name\":\"Stranger Video Chat with Video Chat on TinyChat.com\",\"isPartOf\":{\"@id\":\"https:\\\/\\\/tinychat.com\\\/#website\"},\"datePublished\":\"2025-09-03T06:50:30+00:00\",\"dateModified\":\"2025-09-03T10:43:21+00:00\",\"description\":\"Enjoying Stranger Video Chat? Join over 50,000,000 strangers on TinyChat! Turn on your cam and start meeting new people, or find a match.\",\"breadcrumb\":{\"@id\":\"https:\\\/\\\/tinychat.com\\\/stranger-video-chat\\\/#breadcrumb\"},\"inLanguage\":\"nl-NL\",\"potentialAction\":[{\"@type\":\"ReadAction\",\"target\":[\"https:\\\/\\\/tinychat.com\\\/stranger-video-chat\\\/\"]}]},{\"@type\":\"BreadcrumbList\",\"@id\":\"https:\\\/\\\/tinychat.com\\\/stranger-video-chat\\\/#breadcrumb\",\"itemListElement\":[{\"@type\":\"ListItem\",\"position\":1,\"name\":\"Home\",\"item\":\"https:\\\/\\\/tinychat.com\\\/\"},{\"@type\":\"ListItem\",\"position\":2,\"name\":\"Stranger Video Chat\"}]},{\"@type\":\"WebSite\",\"@id\":\"https:\\\/\\\/tinychat.com\\\/#website\",\"url\":\"https:\\\/\\\/tinychat.com\\\/\",\"name\":\"TinyChat\",\"description\":\"Random Video Chat with Strangers\",\"publisher\":{\"@id\":\"https:\\\/\\\/tinychat.com\\\/#organization\"},\"alternateName\":\"TinyChat.com\",\"potentialAction\":[{\"@type\":\"SearchAction\",\"target\":{\"@type\":\"EntryPoint\",\"urlTemplate\":\"https:\\\/\\\/tinychat.com\\\/?s={search_term_string}\"},\"query-input\":{\"@type\":\"PropertyValueSpecification\",\"valueRequired\":true,\"valueName\":\"search_term_string\"}}],\"inLanguage\":\"nl-NL\"},{\"@type\":\"Organization\",\"@id\":\"https:\\\/\\\/tinychat.com\\\/#organization\",\"name\":\"TinyChat\",\"alternateName\":\"TinyChat.com\",\"url\":\"https:\\\/\\\/tinychat.com\\\/\",\"logo\":{\"@type\":\"ImageObject\",\"inLanguage\":\"nl-NL\",\"@id\":\"https:\\\/\\\/tinychat.com\\\/#\\\/schema\\\/logo\\\/image\\\/\",\"url\":\"https:\\\/\\\/tinychat.com\\\/wp-content\\\/uploads\\\/2023\\\/11\\\/Tinychat-icon-square.png\",\"contentUrl\":\"https:\\\/\\\/tinychat.com\\\/wp-content\\\/uploads\\\/2023\\\/11\\\/Tinychat-icon-square.png\",\"width\":284,\"height\":284,\"caption\":\"TinyChat\"},\"image\":{\"@id\":\"https:\\\/\\\/tinychat.com\\\/#\\\/schema\\\/logo\\\/image\\\/\"},\"sameAs\":[\"https:\\\/\\\/www.facebook.com\\\/tinychat\",\"https:\\\/\\\/x.com\\\/tinychat\"]}]}<\/script>\n<!-- \/ Yoast SEO plugin. -->","yoast_head_json":{"title":"Vreemd videochatten met videochat op TinyChat.com","description":"Genieten van Vreemdeling Video Chat? Sluit je aan bij meer dan 50.000.000 vreemden op TinyChat! Zet je cam aan en begin nieuwe mensen te ontmoeten of zoek een match.","robots":{"index":"index","follow":"follow","max-snippet":"max-snippet:-1","max-image-preview":"max-image-preview:large","max-video-preview":"max-video-preview:-1"},"canonical":"https:\/\/tinychat.com\/nl\/stranger-video-chat\/","og_locale":"nl_NL","og_type":"article","og_title":"Stranger Video Chat with Video Chat on TinyChat.com","og_description":"Enjoying Stranger Video Chat? Join over 50,000,000 strangers on TinyChat! Turn on your cam and start meeting new people, or find a match.","og_url":"https:\/\/tinychat.com\/nl\/stranger-video-chat\/","og_site_name":"TinyChat","article_publisher":"https:\/\/www.facebook.com\/tinychat","article_modified_time":"2025-09-03T10:43:21+00:00","og_image":[{"width":1280,"height":284,"url":"https:\/\/tinychat.com\/wp-content\/uploads\/2020\/04\/Tinychat-logo-1280x284-new-black.png","type":"image\/png"}],"twitter_card":"summary_large_image","twitter_site":"@tinychat","twitter_misc":{"Geschatte leestijd":"6 minuten"},"schema":{"@context":"https:\/\/schema.org","@graph":[{"@type":"WebPage","@id":"https:\/\/tinychat.com\/stranger-video-chat\/","url":"https:\/\/tinychat.com\/stranger-video-chat\/","name":"Vreemd videochatten met videochat op TinyChat.com","isPartOf":{"@id":"https:\/\/tinychat.com\/#website"},"datePublished":"2025-09-03T06:50:30+00:00","dateModified":"2025-09-03T10:43:21+00:00","description":"Genieten van Vreemdeling Video Chat? Sluit je aan bij meer dan 50.000.000 vreemden op TinyChat! Zet je cam aan en begin nieuwe mensen te ontmoeten of zoek een match.","breadcrumb":{"@id":"https:\/\/tinychat.com\/stranger-video-chat\/#breadcrumb"},"inLanguage":"nl-NL","potentialAction":[{"@type":"ReadAction","target":["https:\/\/tinychat.com\/stranger-video-chat\/"]}]},{"@type":"BreadcrumbList","@id":"https:\/\/tinychat.com\/stranger-video-chat\/#breadcrumb","itemListElement":[{"@type":"ListItem","position":1,"name":"Home","item":"https:\/\/tinychat.com\/"},{"@type":"ListItem","position":2,"name":"Stranger Video Chat"}]},{"@type":"WebSite","@id":"https:\/\/tinychat.com\/#website","url":"https:\/\/tinychat.com\/","name":"TinyChat","description":"Willekeurige videochat met vreemden","publisher":{"@id":"https:\/\/tinychat.com\/#organization"},"alternateName":"TinyChat.com","potentialAction":[{"@type":"SearchAction","target":{"@type":"EntryPoint","urlTemplate":"https:\/\/tinychat.com\/?s={search_term_string}"},"query-input":{"@type":"PropertyValueSpecification","valueRequired":true,"valueName":"search_term_string"}}],"inLanguage":"nl-NL"},{"@type":"Organization","@id":"https:\/\/tinychat.com\/#organization","name":"TinyChat","alternateName":"TinyChat.com","url":"https:\/\/tinychat.com\/","logo":{"@type":"ImageObject","inLanguage":"nl-NL","@id":"https:\/\/tinychat.com\/#\/schema\/logo\/image\/","url":"https:\/\/tinychat.com\/wp-content\/uploads\/2023\/11\/Tinychat-icon-square.png","contentUrl":"https:\/\/tinychat.com\/wp-content\/uploads\/2023\/11\/Tinychat-icon-square.png","width":284,"height":284,"caption":"TinyChat"},"image":{"@id":"https:\/\/tinychat.com\/#\/schema\/logo\/image\/"},"sameAs":["https:\/\/www.facebook.com\/tinychat","https:\/\/x.com\/tinychat"]}]}},"_links":{"self":[{"href":"https:\/\/tinychat.com\/nl\/wp-json\/wp\/v2\/pages\/4056","targetHints":{"allow":["GET"]}}],"collection":[{"href":"https:\/\/tinychat.com\/nl\/wp-json\/wp\/v2\/pages"}],"about":[{"href":"https:\/\/tinychat.com\/nl\/wp-json\/wp\/v2\/types\/page"}],"author":[{"embeddable":true,"href":"https:\/\/tinychat.com\/nl\/wp-json\/wp\/v2\/users\/8"}],"replies":[{"embeddable":true,"href":"https:\/\/tinychat.com\/nl\/wp-json\/wp\/v2\/comments?post=4056"}],"version-history":[{"count":5,"href":"https:\/\/tinychat.com\/nl\/wp-json\/wp\/v2\/pages\/4056\/revisions"}],"predecessor-version":[{"id":13496,"href":"https:\/\/tinychat.com\/nl\/wp-json\/wp\/v2\/pages\/4056\/revisions\/13496"}],"wp:attachment":[{"href":"https:\/\/tinychat.com\/nl\/wp-json\/wp\/v2\/media?parent=4056"}],"curies":[{"name":"wp","href":"https:\/\/api.w.org\/{rel}","templated":true}]}}