{"id":4158,"date":"2025-08-14T09:27:29","date_gmt":"2025-08-14T07:27:29","guid":{"rendered":"https:\/\/tinychat.com\/?page_id=4158"},"modified":"2025-08-14T10:01:21","modified_gmt":"2025-08-14T08:01:21","slug":"omegle-video-call","status":"publish","type":"page","link":"https:\/\/tinychat.com\/nl\/omegle-video-call\/","title":{"rendered":"Omegle Videogesprek"},"content":{"rendered":"<p>Het idee om live in gesprek te gaan met iemand die je nog nooit hebt ontmoet - waar ook ter wereld - is niet nieuw. Omegle videogesprekken maakten het beroemd en het concept is nog steeds spannend. Het is snel, onvoorspelbaar en persoonlijk. Met slechts een klik kun je oog in oog staan met iemand aan de andere kant van de planeet, verhalen delen, lachen of zelfs maar een paar minuten nieuwsgierigheid.<\/p>\n<p>Voor velen biedt deze manier van chatten iets wat sociale media en datingapps niet kunnen: realtime interactie zonder filters, swipes of algoritmes die bepalen wie je ontmoet.<\/p>\n<h2>Wat is een Omegle-videogesprek?<\/h2>\n<p>In zijn eenvoudigste vorm is een Omegle videogesprek een \u00e9\u00e9n-op-\u00e9\u00e9n live videochat met een willekeurige vreemdeling. Jij zet je webcam aan, de andere persoon doet hetzelfde en jullie praten totdat een van jullie besluit om verder te gaan. Geen registratie, geen persoonlijke gegevens, geen verplichtingen - gewoon spontane, directe communicatie.<\/p>\n<p>Hoewel het merk Omegle het populair maakte, bestaat deze vorm van willekeurig videobellen nu op veel platforms. Het kernidee blijft hetzelfde: maak meteen verbinding, praat zo lang als je wilt en ga dan naar de volgende wedstrijd.<\/p>\n<h2>Waarom mensen van Omegle-achtige videogesprekken houden<\/h2>\n<p>Er is een reden waarom miljoenen mensen deze formule hebben geprobeerd en blijven terugkomen. Het gaat niet alleen om chatten, het gaat om de onverwachte momenten die zich voordoen als twee vreemden elkaar in realtime ontmoeten.<\/p>\n<ul>\n<li>Directe verbinding - Je hoeft geen gebruikersnamen uit te wisselen of mensen toe te voegen. Je zit meteen in het gesprek.<\/li>\n<li>Wereldwijd bereik - Ontmoet mensen van overal, van grote steden tot afgelegen steden.<\/li>\n<li>Volledige afwisseling - Elk gesprek is anders; je weet nooit wie de volgende is.<\/li>\n<li>Vrijheid om over te slaan - Als de sfeer niet goed is, ben je maar \u00e9\u00e9n klik verwijderd van een nieuwe chat.<\/li>\n<li>Face-to-face eerlijkheid - Iemand in het echt zien en horen maakt het moeilijker om je achter nepprofielen te verbergen.<\/li>\n<\/ul>\n<p>Sommige mensen gebruiken Omegle-achtige videogesprekken voor snel vermaak, anderen voor echte vriendschap of zelfs taaloefeningen.<\/p>\n<h2>Hoe Omegle videogesprek werkt<\/h2>\n<p>Als je het nog nooit geprobeerd hebt, is het verrassend eenvoudig om ermee te beginnen:<\/p>\n<ol>\n<li>Kies een platform - Terwijl de originele Omegle site \u00e9\u00e9n optie is, zijn er nu vele alternatieven zoals TinyChat, Chatspin, en CamSurf.<\/li>\n<li>Schakel je webcam en microfoon in - De site vraagt om toestemming om je camera en audio te gebruiken.<\/li>\n<li>Klik om te verbinden - Het platform koppelt je binnen enkele seconden aan een andere gebruiker.<\/li>\n<li>Chat of sla over - Blijf zo lang als je van het gesprek geniet, of klik op \"volgende\" om iemand nieuw te ontmoeten.<\/li>\n<\/ol>\n<p>Veel platforms laten je ook interessetags toevoegen zodat je meer kans hebt om gekoppeld te worden aan mensen die jouw hobby's of onderwerpen delen.<\/p>\n<h2>Omegle Videogesprek Variaties<\/h2>\n<p>Niet alle willekeurige videochats zijn hetzelfde. Je kunt verschillende formats tegenkomen die passen bij verschillende stemmingen of comfortniveaus:<\/p>\n<ul>\n<li>Gratis Omegle videogesprek - Geen kosten, geen aanmelding, alleen directe matches.<\/li>\n<li>Anonieme videogesprekken - Verberg je naam, gebruik een bijnaam of schakel je cam uit tot je klaar bent.<\/li>\n<li>Op interesses gebaseerd matchen - Match met mensen op basis van gedeelde onderwerpen.<\/li>\n<li>Alleen voor volwassenen secties - 18+ chats voor diegenen die op zoek zijn naar flirterige of expliciete interacties.<\/li>\n<li>Groepsvideokamers - In plaats van slechts \u00e9\u00e9n persoon, kun je lid worden van een kamer met meerdere cams tegelijk.<\/li>\n<\/ul>\n<h2>Omegle Videogesprek vs. Chatten alleen tekst<\/h2>\n<p>Hoewel Omegle ook begon met tekstchat, biedt de functie voor videogesprekken een veel rijkere ervaring.<\/p>\n<table>\n<thead>\n<tr>\n<th>Functie<\/th>\n<th>Omegle Videogesprek<\/th>\n<th>Omegle Tekstchat<\/th>\n<\/tr>\n<\/thead>\n<tbody>\n<tr>\n<td>Gezichtsuitdrukkingen bekijken<\/td>\n<td>\u2705<\/td>\n<td>\u274c<\/td>\n<\/tr>\n<tr>\n<td>Hoor de toon van je stem<\/td>\n<td>\u2705<\/td>\n<td>\u274c<\/td>\n<\/tr>\n<tr>\n<td>Directe chemiecontrole<\/td>\n<td>\u2705<\/td>\n<td>\u274c<\/td>\n<\/tr>\n<tr>\n<td>Meer persoonlijke verbinding<\/td>\n<td>\u2705<\/td>\n<td>\u26a0\ufe0f Minder<\/td>\n<\/tr>\n<tr>\n<td>Werkt zonder webcam<\/td>\n<td>\u274c<\/td>\n<td>\u2705<\/td>\n<\/tr>\n<\/tbody>\n<\/table>\n<p>Tekstchat kan geweldig zijn om anoniem te blijven, maar video zorgt ervoor dat de interactie menselijker aanvoelt.<\/p>\n<h2>Veilig blijven tijdens Omegle-videogesprekken<\/h2>\n<p>Omdat je vreemden ontmoet, is het belangrijk om grenzen te stellen. De beste platforms, inclusief sommige Omegle alternatieven, hebben veiligheidsfuncties, maar je moet ook jezelf beschermen:<\/p>\n<ul>\n<li>Deel geen persoonlijke informatie zoals je volledige naam, adres of werkplek.<\/li>\n<li>Gebruik een bijnaam als je je naam al geeft.<\/li>\n<li>Sla onmiddellijk over als iemand je ongemakkelijk laat voelen.<\/li>\n<li>Meld ongepaste gebruikers - de meeste sites hebben snelle meldingsfuncties.<\/li>\n<li>Let op de achtergrond van je camera om te voorkomen dat je priv\u00e9details laat zien.<\/li>\n<\/ul>\n<h2>Waarom mensen nog steeds zoeken naar Omegle Video Call Alternatieven<\/h2>\n<p>Omegle bestaat al jaren, maar het is lang niet de enige optie en voor velen is het niet meer de beste. Sommige gebruikers zoeken naar alternatieven omdat:<\/p>\n<ul>\n<li>Omegle heeft niet altijd een sterke moderatie.<\/li>\n<li>Bepaalde regio's blokkeren de site.<\/li>\n<li>Ze willen filters zoals geslacht, locatie of interesses.<\/li>\n<li>Ze geven de voorkeur aan een schonere, vriendelijkere gemeenschap.<\/li>\n<li>Ze houden van mobielvriendelijke ontwerpen of speciale apps.<\/li>\n<\/ul>\n<p>Dat is waar platforms zoals TinyChat uitblinken, met zowel willekeurige \u00e9\u00e9n-op-\u00e9\u00e9n videogesprekken als gestructureerde groepschats met onderwerpgebaseerde kamers.<\/p>\n<h2>Waarom TinyChat is een groot Omegle videogesprek alternatief<\/h2>\n<p>TinyChat geeft je meer manieren om contact te maken zonder de spontaniteit van een Omegle-achtige wedstrijd te verliezen:<\/p>\n<ul>\n<li>Openbare en priv\u00e9kamers - Chat \u00e9\u00e9n-op-\u00e9\u00e9n of neem deel aan open kamers op basis van je interesses.<\/li>\n<li>Video, spraak en tekst - Kies hoe je verbinding wilt maken.<\/li>\n<li>Geen verplichte aanmelding - Spring er meteen in of maak een account aan voor extra functies.<\/li>\n<li>Platformonafhankelijke toegang - Werkt in je browser of via mobiele apps.<\/li>\n<li>Wereldwijde gemeenschap - Ontmoet mensen van over de hele wereld, op elk moment van de dag.<\/li>\n<\/ul>\n<p>Voor degenen die het idee van de Omegle videogesprekken leuk vinden, maar meer controle willen over hun omgeving, is de TinyChat een goede keuze.<\/p>\n<h2>Met behulp van Omegle Video Call voor plezier en verbinding<\/h2>\n<p>Mensen maken om allerlei redenen gebruik van oproepen in Omegle-stijl:<\/p>\n<ul>\n<li>Om mensen te ontmoeten op reis of in nieuwe steden.<\/li>\n<li>Het spreken van een taal oefenen met moedertaalsprekers.<\/li>\n<li>Om de verveling te doorbreken en vriendelijke gezichten te ontmoeten tijdens de pauze.<\/li>\n<li>Om te flirten en te kijken of er meteen een klik is.<\/li>\n<li>Andere culturen en levensstijlen ontdekken zonder van huis weg te gaan.<\/li>\n<\/ul>\n<p>Of je doel nu informeel of meer betekenisvol is, de ervaring kan zo luchtig of diep zijn als je zelf wilt.<\/p>\n<h2>Tips voor een betere Omegle-videogesprekservaring<\/h2>\n<ul>\n<li>Goede verlichting helpt - Mensen zullen eerder blijven hangen als ze je goed kunnen zien.<\/li>\n<li>Houd een open geest - Je zult mensen met allerlei achtergronden ontmoeten.<\/li>\n<li>Glimlach en zeg eerst hallo - Een vriendelijk begin maakt het verschil.<\/li>\n<li>Probeer het op verschillende tijden - De gebruikersgroep verandert afhankelijk van het uur, waardoor je afwisseling hebt.<\/li>\n<li>Weet wanneer je moet stoppen - Als het niet werkt, ga dan verder zonder schuldgevoel.<\/li>\n<\/ul>\n<h2>De spanning van willekeurig videobellen<\/h2>\n<p>De aantrekkingskracht van Omegle videogesprekken is niet afgenomen omdat het iets tijdloos aanboort: nieuwsgierigheid naar andere mensen. Een vreemde in real time ontmoeten - van aangezicht tot aangezicht - kan opwindend, grappig, verrassend of zelfs ontroerend zijn. Soms heb je maar een minuut contact, soms uren, en soms wissel je gegevens uit om nog eens te praten.<\/p>\n<p>Het is deze mix van onvoorspelbaarheid en mogelijkheden die ervoor zorgt dat mensen terug blijven komen.<\/p>\n<p>Omegle video gesprek sessies bieden een van de snelste en meest persoonlijke manieren om vreemden online te ontmoeten. Of je nu blijft bij Omegle zelf of alternatieven zoals TinyChat verkent, de formule blijft hetzelfde: maak direct contact, deel een moment en ga verder wanneer je er klaar voor bent.<\/p>\n<p>Het gaat niet om het opbouwen van een vriendenlijst of het najagen van 'vind-ik-leuks', maar om echte, ongefilterde menselijke interactie. Als je het nog nooit hebt geprobeerd, heb je alleen een webcam, een goede internetverbinding en een beetje nieuwsgierigheid nodig.<\/p>\n<p>Wie weet? Je volgende videogesprek in Omegle-stijl zou wel eens het hoogtepunt van je dag kunnen zijn.<\/p>","protected":false},"excerpt":{"rendered":"<p>The idea of jumping into a live conversation with someone you\u2019ve never met\u2014anywhere in the world\u2014isn\u2019t new. Omegle video call features made it famous, and the concept still excites people today. It\u2019s fast, unpredictable, and personal. With just a click, you can be face-to-face with someone on the other side of the planet, sharing stories, [&hellip;]<\/p>\n","protected":false},"author":8,"featured_media":0,"parent":0,"menu_order":0,"comment_status":"closed","ping_status":"closed","template":"","meta":{"footnotes":""},"class_list":["post-4158","page","type-page","status-publish","hentry"],"yoast_head":"<!-- This site is optimized with the Yoast SEO plugin v27.6 - https:\/\/yoast.com\/product\/yoast-seo-wordpress\/ -->\n<title>Omegle Video Call with Video Chat on TinyChat.com<\/title>\n<meta name=\"description\" content=\"Enjoying Omegle Video Call? Join over 50,000,000 strangers on TinyChat! Turn on your cam and start meeting new people, or find a match.\" \/>\n<meta name=\"robots\" content=\"index, follow, max-snippet:-1, max-image-preview:large, max-video-preview:-1\" \/>\n<link rel=\"canonical\" href=\"https:\/\/tinychat.com\/nl\/omegle-video-call\/\" \/>\n<meta property=\"og:locale\" content=\"nl_NL\" \/>\n<meta property=\"og:type\" content=\"article\" \/>\n<meta property=\"og:title\" content=\"Omegle Video Call with Video Chat on TinyChat.com\" \/>\n<meta property=\"og:description\" content=\"Enjoying Omegle Video Call? Join over 50,000,000 strangers on TinyChat! Turn on your cam and start meeting new people, or find a match.\" \/>\n<meta property=\"og:url\" content=\"https:\/\/tinychat.com\/nl\/omegle-video-call\/\" \/>\n<meta property=\"og:site_name\" content=\"TinyChat\" \/>\n<meta property=\"article:publisher\" content=\"https:\/\/www.facebook.com\/tinychat\" \/>\n<meta property=\"article:modified_time\" content=\"2025-08-14T08:01:21+00:00\" \/>\n<meta property=\"og:image\" content=\"https:\/\/tinychat.com\/wp-content\/uploads\/2020\/04\/Tinychat-logo-1280x284-new-black.png\" \/>\n\t<meta property=\"og:image:width\" content=\"1280\" \/>\n\t<meta property=\"og:image:height\" content=\"284\" \/>\n\t<meta property=\"og:image:type\" content=\"image\/png\" \/>\n<meta name=\"twitter:card\" content=\"summary_large_image\" \/>\n<meta name=\"twitter:site\" content=\"@tinychat\" \/>\n<meta name=\"twitter:label1\" content=\"Geschatte leestijd\" \/>\n\t<meta name=\"twitter:data1\" content=\"6 minuten\" \/>\n<script type=\"application\/ld+json\" class=\"yoast-schema-graph\">{\"@context\":\"https:\\\/\\\/schema.org\",\"@graph\":[{\"@type\":\"WebPage\",\"@id\":\"https:\\\/\\\/tinychat.com\\\/omegle-video-call\\\/\",\"url\":\"https:\\\/\\\/tinychat.com\\\/omegle-video-call\\\/\",\"name\":\"Omegle Video Call with Video Chat on TinyChat.com\",\"isPartOf\":{\"@id\":\"https:\\\/\\\/tinychat.com\\\/#website\"},\"datePublished\":\"2025-08-14T07:27:29+00:00\",\"dateModified\":\"2025-08-14T08:01:21+00:00\",\"description\":\"Enjoying Omegle Video Call? Join over 50,000,000 strangers on TinyChat! Turn on your cam and start meeting new people, or find a match.\",\"breadcrumb\":{\"@id\":\"https:\\\/\\\/tinychat.com\\\/omegle-video-call\\\/#breadcrumb\"},\"inLanguage\":\"nl-NL\",\"potentialAction\":[{\"@type\":\"ReadAction\",\"target\":[\"https:\\\/\\\/tinychat.com\\\/omegle-video-call\\\/\"]}]},{\"@type\":\"BreadcrumbList\",\"@id\":\"https:\\\/\\\/tinychat.com\\\/omegle-video-call\\\/#breadcrumb\",\"itemListElement\":[{\"@type\":\"ListItem\",\"position\":1,\"name\":\"Home\",\"item\":\"https:\\\/\\\/tinychat.com\\\/\"},{\"@type\":\"ListItem\",\"position\":2,\"name\":\"Omegle Video Call\"}]},{\"@type\":\"WebSite\",\"@id\":\"https:\\\/\\\/tinychat.com\\\/#website\",\"url\":\"https:\\\/\\\/tinychat.com\\\/\",\"name\":\"TinyChat\",\"description\":\"Random Video Chat with Strangers\",\"publisher\":{\"@id\":\"https:\\\/\\\/tinychat.com\\\/#organization\"},\"alternateName\":\"TinyChat.com\",\"potentialAction\":[{\"@type\":\"SearchAction\",\"target\":{\"@type\":\"EntryPoint\",\"urlTemplate\":\"https:\\\/\\\/tinychat.com\\\/?s={search_term_string}\"},\"query-input\":{\"@type\":\"PropertyValueSpecification\",\"valueRequired\":true,\"valueName\":\"search_term_string\"}}],\"inLanguage\":\"nl-NL\"},{\"@type\":\"Organization\",\"@id\":\"https:\\\/\\\/tinychat.com\\\/#organization\",\"name\":\"TinyChat\",\"alternateName\":\"TinyChat.com\",\"url\":\"https:\\\/\\\/tinychat.com\\\/\",\"logo\":{\"@type\":\"ImageObject\",\"inLanguage\":\"nl-NL\",\"@id\":\"https:\\\/\\\/tinychat.com\\\/#\\\/schema\\\/logo\\\/image\\\/\",\"url\":\"https:\\\/\\\/tinychat.com\\\/wp-content\\\/uploads\\\/2023\\\/11\\\/Tinychat-icon-square.png\",\"contentUrl\":\"https:\\\/\\\/tinychat.com\\\/wp-content\\\/uploads\\\/2023\\\/11\\\/Tinychat-icon-square.png\",\"width\":284,\"height\":284,\"caption\":\"TinyChat\"},\"image\":{\"@id\":\"https:\\\/\\\/tinychat.com\\\/#\\\/schema\\\/logo\\\/image\\\/\"},\"sameAs\":[\"https:\\\/\\\/www.facebook.com\\\/tinychat\",\"https:\\\/\\\/x.com\\\/tinychat\"]}]}<\/script>\n<!-- \/ Yoast SEO plugin. -->","yoast_head_json":{"title":"Omegle Videogesprek met Video Chat op TinyChat.com","description":"Genieten van Omegle Video Call? Word lid van meer dan 50.000.000 vreemden op TinyChat! Zet je cam aan en begin nieuwe mensen te ontmoeten, of zoek een match.","robots":{"index":"index","follow":"follow","max-snippet":"max-snippet:-1","max-image-preview":"max-image-preview:large","max-video-preview":"max-video-preview:-1"},"canonical":"https:\/\/tinychat.com\/nl\/omegle-video-call\/","og_locale":"nl_NL","og_type":"article","og_title":"Omegle Video Call with Video Chat on TinyChat.com","og_description":"Enjoying Omegle Video Call? Join over 50,000,000 strangers on TinyChat! Turn on your cam and start meeting new people, or find a match.","og_url":"https:\/\/tinychat.com\/nl\/omegle-video-call\/","og_site_name":"TinyChat","article_publisher":"https:\/\/www.facebook.com\/tinychat","article_modified_time":"2025-08-14T08:01:21+00:00","og_image":[{"width":1280,"height":284,"url":"https:\/\/tinychat.com\/wp-content\/uploads\/2020\/04\/Tinychat-logo-1280x284-new-black.png","type":"image\/png"}],"twitter_card":"summary_large_image","twitter_site":"@tinychat","twitter_misc":{"Geschatte leestijd":"6 minuten"},"schema":{"@context":"https:\/\/schema.org","@graph":[{"@type":"WebPage","@id":"https:\/\/tinychat.com\/omegle-video-call\/","url":"https:\/\/tinychat.com\/omegle-video-call\/","name":"Omegle Videogesprek met Video Chat op TinyChat.com","isPartOf":{"@id":"https:\/\/tinychat.com\/#website"},"datePublished":"2025-08-14T07:27:29+00:00","dateModified":"2025-08-14T08:01:21+00:00","description":"Genieten van Omegle Video Call? Word lid van meer dan 50.000.000 vreemden op TinyChat! Zet je cam aan en begin nieuwe mensen te ontmoeten, of zoek een match.","breadcrumb":{"@id":"https:\/\/tinychat.com\/omegle-video-call\/#breadcrumb"},"inLanguage":"nl-NL","potentialAction":[{"@type":"ReadAction","target":["https:\/\/tinychat.com\/omegle-video-call\/"]}]},{"@type":"BreadcrumbList","@id":"https:\/\/tinychat.com\/omegle-video-call\/#breadcrumb","itemListElement":[{"@type":"ListItem","position":1,"name":"Home","item":"https:\/\/tinychat.com\/"},{"@type":"ListItem","position":2,"name":"Omegle Video Call"}]},{"@type":"WebSite","@id":"https:\/\/tinychat.com\/#website","url":"https:\/\/tinychat.com\/","name":"TinyChat","description":"Willekeurige videochat met vreemden","publisher":{"@id":"https:\/\/tinychat.com\/#organization"},"alternateName":"TinyChat.com","potentialAction":[{"@type":"SearchAction","target":{"@type":"EntryPoint","urlTemplate":"https:\/\/tinychat.com\/?s={search_term_string}"},"query-input":{"@type":"PropertyValueSpecification","valueRequired":true,"valueName":"search_term_string"}}],"inLanguage":"nl-NL"},{"@type":"Organization","@id":"https:\/\/tinychat.com\/#organization","name":"TinyChat","alternateName":"TinyChat.com","url":"https:\/\/tinychat.com\/","logo":{"@type":"ImageObject","inLanguage":"nl-NL","@id":"https:\/\/tinychat.com\/#\/schema\/logo\/image\/","url":"https:\/\/tinychat.com\/wp-content\/uploads\/2023\/11\/Tinychat-icon-square.png","contentUrl":"https:\/\/tinychat.com\/wp-content\/uploads\/2023\/11\/Tinychat-icon-square.png","width":284,"height":284,"caption":"TinyChat"},"image":{"@id":"https:\/\/tinychat.com\/#\/schema\/logo\/image\/"},"sameAs":["https:\/\/www.facebook.com\/tinychat","https:\/\/x.com\/tinychat"]}]}},"_links":{"self":[{"href":"https:\/\/tinychat.com\/nl\/wp-json\/wp\/v2\/pages\/4158","targetHints":{"allow":["GET"]}}],"collection":[{"href":"https:\/\/tinychat.com\/nl\/wp-json\/wp\/v2\/pages"}],"about":[{"href":"https:\/\/tinychat.com\/nl\/wp-json\/wp\/v2\/types\/page"}],"author":[{"embeddable":true,"href":"https:\/\/tinychat.com\/nl\/wp-json\/wp\/v2\/users\/8"}],"replies":[{"embeddable":true,"href":"https:\/\/tinychat.com\/nl\/wp-json\/wp\/v2\/comments?post=4158"}],"version-history":[{"count":3,"href":"https:\/\/tinychat.com\/nl\/wp-json\/wp\/v2\/pages\/4158\/revisions"}],"predecessor-version":[{"id":13446,"href":"https:\/\/tinychat.com\/nl\/wp-json\/wp\/v2\/pages\/4158\/revisions\/13446"}],"wp:attachment":[{"href":"https:\/\/tinychat.com\/nl\/wp-json\/wp\/v2\/media?parent=4158"}],"curies":[{"name":"wp","href":"https:\/\/api.w.org\/{rel}","templated":true}]}}