{"id":7865,"date":"2025-08-27T08:33:59","date_gmt":"2025-08-27T06:33:59","guid":{"rendered":"https:\/\/tinychat.com\/?page_id=7865"},"modified":"2025-08-27T09:32:44","modified_gmt":"2025-08-27T07:32:44","slug":"talk-with-stranger","status":"publish","type":"page","link":"https:\/\/tinychat.com\/nl\/talk-with-stranger\/","title":{"rendered":"Talk With Stranger"},"content":{"rendered":"<p>Het internet staat vol met platforms die mensen helpen met elkaar in contact te komen, maar er zijn er maar weinig die de onvoorspelbaarheid en opwinding van random chat bieden. Terwijl sociale media draait om gecureerde feeds en bekende kringen, brengen willekeurige chatplatforms spontaniteit terug in de online wereld. Een van de populairste diensten op dit gebied is Talk With Stranger-een platform dat is ontworpen om het ontmoeten van nieuwe mensen zo eenvoudig te maken als het klikken op een knop.<\/p>\n<p>In tegenstelling tot traditionele messaging apps, richt Talk With Stranger zich op anonimiteit, willekeur en toegankelijkheid. Het geeft je de kans om vreemden van over de hele wereld te ontmoeten, via tekstchatrooms of \u00e9\u00e9n-op-\u00e9\u00e9n gesprekken, zonder dat je je hoeft te registreren. Voor mensen die houden van ongeplande ontmoetingen is het een aantrekkelijk alternatief voor grotere namen als Omegle, Chatroulette en ChatHub.<\/p>\n<p>In deze review gaan we dieper in op wat Talk With Stranger biedt, de functies, hoe het te gebruiken, gebruikerservaring, veiligheidstools en hoe het zich verhoudt tot andere platforms.<\/p>\n<h2>Wat is Talk With Stranger?<\/h2>\n<p>Talk With Stranger is een gratis online chatplatform waarmee je met vreemden in contact kunt komen via tekst-, spraak- en videochat. Het doel is om mogelijkheden te cre\u00ebren voor mensen om elkaar te ontmoeten zonder de noodzaak voor profielen, ingewikkelde aanmeldingen of lange termijn verplichtingen.<\/p>\n<p>De kern van het platform is:<\/p>\n<ul>\n<li>Willekeurige interacties: Je weet nooit wie je tegenkomt.<\/li>\n<li>Community-gedreven ruimtes: Doe mee aan groepsdiscussies over onderwerpen die je leuk vindt.<\/li>\n<li>Anonimiteit: Chatten zonder persoonlijke details prijs te geven.<\/li>\n<\/ul>\n<p>Het maakt deel uit van een groeiende categorie lichtgewicht, browsergebaseerde chatdiensten die je direct toegang geven tot vreemden, of je nu nieuwe vrienden wilt maken, de tijd wilt doden of gewoon wilt zien waar anderen het over hebben.<\/p>\n<h2>Belangrijkste kenmerken van Talk With Stranger<\/h2>\n<p>Talk With Stranger biedt een mix van klassieke chatroom-nostalgie en moderne random chat-tools, waardoor het aantrekkelijk is voor een breed publiek.<\/p>\n<h3>1. Openbare chatrooms<\/h3>\n<ul>\n<li>Thematische chatrooms waar groepen mensen samenkomen.<\/li>\n<li>De onderwerpen vari\u00ebren van hobby's en sport tot informele \"ontmoet nieuwe mensen\"-ruimtes.<\/li>\n<li>Geweldig voor gebruikers die de voorkeur geven aan groepsgesprekken.<\/li>\n<\/ul>\n<h3>2. E\u00e9n-op-\u00e9\u00e9n chat<\/h3>\n<ul>\n<li>Koppel willekeurig een onbekende voor een direct gesprek.<\/li>\n<li>Kan alleen tekst bevatten of ook video en audio.<\/li>\n<li>Elke wedstrijd is priv\u00e9 en tijdelijk.<\/li>\n<\/ul>\n<h3>3. Spraak- en video-opties<\/h3>\n<ul>\n<li>Ga verder dan tekst door webcam en microfoon in te schakelen.<\/li>\n<li>Biedt een meer persoonlijke en authentieke ervaring.<\/li>\n<\/ul>\n<h3>4. Anonimiteit<\/h3>\n<ul>\n<li>Geen registratie nodig om de basisfuncties te gebruiken.<\/li>\n<li>Je kunt volledig anoniem blijven tijdens het chatten.<\/li>\n<\/ul>\n<h3>5. Compatibiliteit tussen apparaten<\/h3>\n<ul>\n<li>Werkt op desktop- en mobiele browsers.<\/li>\n<li>Sommige regio's ondersteunen ook toegang via apps.<\/li>\n<\/ul>\n<h3>6. Interactie met de gemeenschap<\/h3>\n<ul>\n<li>Gebruikers kunnen vrienden toevoegen als ze iemand interessant vinden.<\/li>\n<li>Sommige functies maken doorlopende gesprekken mogelijk in plaats van eenmalige chats.<\/li>\n<\/ul>\n<h2>Hoe Talk With Stranger gebruiken<\/h2>\n<p>Talk With Stranger is ontworpen om zo wrijvingsloos mogelijk te zijn. Zo kunt u aan de slag:<\/p>\n<h3>Stap 1: Bezoek de website<\/h3>\n<ul>\n<li>Open de offici\u00eble Talk With Stranger site in je browser.<\/li>\n<\/ul>\n<h3>Stap 2: Kies een modus<\/h3>\n<ul>\n<li>Een openbare chatroom binnengaan.<\/li>\n<li>Of start een priv\u00e9 \u00e9\u00e9n-op-\u00e9\u00e9n chat.<\/li>\n<\/ul>\n<h3>Stap 3: Machtigingen toestaan (optioneel)<\/h3>\n<ul>\n<li>Geef voor video- of voicechat toegang tot je camera en microfoon.<\/li>\n<\/ul>\n<h3>Stap 4: Begin te praten<\/h3>\n<ul>\n<li>Neem deel aan het gesprek, typ een bericht of zet je webcam aan.<\/li>\n<\/ul>\n<h3>Stap 5: Blijf verkennen<\/h3>\n<ul>\n<li>Wissel zo vaak als je wilt van chatroom of ga naar nieuwe vreemden.<\/li>\n<\/ul>\n<p>Deze \"drop-in, drop-out\" benadering maakt het makkelijk te gebruiken, of je nu vijf minuten hebt of een hele avond.<\/p>\n<h2>Gebruikerservaring op Talk With Stranger<\/h2>\n<p>Talk With Stranger combineert elementen van klassieke internetchatrooms met nieuwere willekeurige chatsystemen.<\/p>\n<h3>Wat gebruikers leuk vinden<\/h3>\n<ul>\n<li>Openbare chatrooms voelen nostalgisch en interactief aan.<\/li>\n<li>E\u00e9n-op-\u00e9\u00e9n chats zijn gemakkelijk toegankelijk en anoniem.<\/li>\n<li>Ondersteunt tekst, spraak en video voor flexibiliteit.<\/li>\n<li>Werkt op verschillende apparaten zonder dat je iets hoeft te downloaden.<\/li>\n<\/ul>\n<h3>Veel voorkomende klachten<\/h3>\n<ul>\n<li>Drukke ruimtes kunnen soms chaotisch aanvoelen.<\/li>\n<li>Willekeurige \u00e9\u00e9n-op-\u00e9\u00e9n chats hebben geen geavanceerde filters.<\/li>\n<li>De kwaliteit van wedstrijden hangt sterk af van wie er op dat moment online is.<\/li>\n<\/ul>\n<p>Over het geheel genomen levert Talk With Stranger een lichtgewicht, community-gedreven ervaring die mensen aanspreekt die de ouderwetse groepschatrooms missen, maar ook moderne willekeurige verbindingen willen.<\/p>\n<h2>Talk With Stranger vs. andere platforms<\/h2>\n<p>Dit is hoe Talk With Stranger zich verhoudt tot andere populaire willekeurige chatdiensten:<\/p>\n<table>\n<thead>\n<tr>\n<th>Functie<\/th>\n<th>Talk With Stranger<\/th>\n<th>Omegle<\/th>\n<th>ChatHub<\/th>\n<th>Chat Avenue<\/th>\n<th>Emerald Chat<\/th>\n<th>Y99<\/th>\n<\/tr>\n<\/thead>\n<tbody>\n<tr>\n<td>Openbare chatrooms<\/td>\n<td>Ja<\/td>\n<td>Nee<\/td>\n<td>Nee<\/td>\n<td>Ja<\/td>\n<td>Nee<\/td>\n<td>Ja<\/td>\n<\/tr>\n<tr>\n<td>Willekeurige \u00e9\u00e9n-op-\u00e9\u00e9n-chat<\/td>\n<td>Ja<\/td>\n<td>Ja<\/td>\n<td>Ja<\/td>\n<td>Ja<\/td>\n<td>Ja<\/td>\n<td>Ja<\/td>\n<\/tr>\n<tr>\n<td>Spraak- en video-opties<\/td>\n<td>Ja<\/td>\n<td>Nee<\/td>\n<td>Ja<\/td>\n<td>Nee<\/td>\n<td>Ja<\/td>\n<td>Ja<\/td>\n<\/tr>\n<tr>\n<td>Anonimiteit<\/td>\n<td>Sterk<\/td>\n<td>Sterk<\/td>\n<td>Matig<\/td>\n<td>Matig<\/td>\n<td>Matig<\/td>\n<td>Sterk<\/td>\n<\/tr>\n<tr>\n<td>Opties voor vrienden en profielen<\/td>\n<td>Beperkt<\/td>\n<td>Nee<\/td>\n<td>Ja<\/td>\n<td>Nee<\/td>\n<td>Ja<\/td>\n<td>Ja<\/td>\n<\/tr>\n<tr>\n<td>Ondersteuning voor meerdere apparaten<\/td>\n<td>Ja<\/td>\n<td>Ja<\/td>\n<td>Ja<\/td>\n<td>Ja<\/td>\n<td>Ja<\/td>\n<td>Ja<\/td>\n<\/tr>\n<\/tbody>\n<\/table>\n<p>Samenvatting: Talk With Stranger biedt het beste van twee werelden-community chatrooms zoals Y99 en Chat Avenue, en \u00e9\u00e9n-op-\u00e9\u00e9n random chats zoals Omegle en ChatHub.<\/p>\n<h2>Is Talk With Stranger veilig?<\/h2>\n<p>Zoals bij alle platformen waar vreemden bij betrokken zijn, hangt de veiligheid af van zowel de beschikbare tools als het gedrag van de gebruiker.<\/p>\n<h3>Ingebouwde veiligheidstools<\/h3>\n<ul>\n<li>Anonieme toegang zonder verplicht profiel.<\/li>\n<li>Meld\/blokkeer knoppen om slecht gedrag aan te pakken.<\/li>\n<li>Matiging in sommige openbare ruimtes.<\/li>\n<\/ul>\n<h3>Veiligheidstips<\/h3>\n<ul>\n<li>Deel nooit persoonlijke gegevens zoals je echte naam, telefoonnummer of adres.<\/li>\n<li>Gebruik de skip-knop om ongemakkelijke gesprekken te verlaten.<\/li>\n<li>Ouders moeten toezicht houden op jongere gebruikers, omdat het platform voor iedereen toegankelijk is.<\/li>\n<li>Blijf bij openbare chatrooms als je nieuw bent en nog aan het ontdekken.<\/li>\n<\/ul>\n<h2>Tips om het meeste uit Talk With Stranger te halen<\/h2>\n<ul>\n<li>Verken verschillende kamers. Elke kamer heeft zijn eigen cultuur en toon.<\/li>\n<li>Probeer spraak of video. Persoonlijker dan alleen tekst.<\/li>\n<li>Doe mee tijdens piekuren. Meer activiteit betekent meer interessante wedstrijden.<\/li>\n<li>Houd gesprekken luchtig. Willekeurige chats werken het best met informele, vriendelijke onderwerpen.<\/li>\n<li>Sla snel over. Niet elke vreemdeling past bij je.<\/li>\n<\/ul>\n<h2>Veelvoorkomende problemen en oplossingen<\/h2>\n<h3>Probleem: Chatrooms laden niet<\/h3>\n<ul>\n<li>Vernieuw de pagina of wissel van browser.<\/li>\n<li>Cookies\/cache wissen.<\/li>\n<\/ul>\n<h3>Probleem: microfoon of camera werkt niet<\/h3>\n<ul>\n<li>Sta machtigingen toe in je browser.<\/li>\n<li>Controleer of er geen andere app gebruikmaakt van je hardware.<\/li>\n<\/ul>\n<h3>Probleem: te veel spam in kamers<\/h3>\n<ul>\n<li>Blijf bij gemodereerde kamers.<\/li>\n<li>Spamaccounts melden en blokkeren.<\/li>\n<\/ul>\n<h2>Waarom mensen Talk With Stranger gebruiken<\/h2>\n<p>Mensen kiezen voor Talk With Stranger omdat het biedt:<\/p>\n<ul>\n<li>Verscheidenheid: Chatrooms plus \u00e9\u00e9n-op-\u00e9\u00e9n.<\/li>\n<li>Flexibiliteit: Tekst-, spraak- en videomodi.<\/li>\n<li>Anonimiteit: Geen accounts nodig.<\/li>\n<li>Gemeenschap: Actieve groepen met uiteenlopende onderwerpen.<\/li>\n<\/ul>\n<p>Het heeft de nostalgie van ouderwetse chatrooms en voldoet tegelijkertijd aan de moderne verwachtingen van instant global chat.<\/p>\n<p>Als je op zoek bent naar een gratis, anonieme en flexibele manier om vreemden te ontmoeten, is Talk With Stranger het proberen waard. Het combineert willekeurige \u00e9\u00e9n-op-\u00e9\u00e9n chats met de levendigheid van openbare chatrooms, waardoor gebruikers meer keuze hebben dan platformen die alleen het \u00e9\u00e9n of het ander doen.<\/p>\n<p>Het heeft misschien niet de filters of het raffinement van grotere diensten zoals Emerald Chat, maar het blinkt uit in eenvoud en toegankelijkheid.<\/p>\n<p>Kortom: Talk With Stranger is een geweldig platform voor iedereen die houdt van de onvoorspelbaarheid van random chat, met de toegevoegde bonus van community-gedreven kamers voor groepsinteractie.<\/p>\n<p>Klaar om het te proberen? Bezoek Talk With Stranger, kies een kamer of klik op \"Start\" om je volgende willekeurige match te ontmoeten.<\/p>","protected":false},"excerpt":{"rendered":"<p>The internet is full of platforms that help people connect, but few offer the unpredictability and excitement of random chat. While social media is all about curated feeds and known circles, random chat platforms bring spontaneity back into the online world. One of the most popular services in this space is Talk With Stranger\u2014a platform [&hellip;]<\/p>\n","protected":false},"author":6,"featured_media":0,"parent":0,"menu_order":0,"comment_status":"closed","ping_status":"closed","template":"","meta":{"footnotes":""},"class_list":["post-7865","page","type-page","status-publish","hentry"],"yoast_head":"<!-- This site is optimized with the Yoast SEO plugin v27.3 - https:\/\/yoast.com\/product\/yoast-seo-wordpress\/ -->\n<title>Talk With Stranger - Free Random Chat Rooms - TinyChat.com<\/title>\n<meta name=\"description\" content=\"Enjoying Talk With Stranger? Join over 50,000,000 strangers on TinyChat! Turn on your cam and start meeting new people, or find a match.\" \/>\n<meta name=\"robots\" content=\"index, follow, max-snippet:-1, max-image-preview:large, max-video-preview:-1\" \/>\n<link rel=\"canonical\" href=\"https:\/\/tinychat.com\/nl\/talk-with-stranger\/\" \/>\n<meta property=\"og:locale\" content=\"nl_NL\" \/>\n<meta property=\"og:type\" content=\"article\" \/>\n<meta property=\"og:title\" content=\"Talk With Stranger - Free Random Chat Rooms - TinyChat.com\" \/>\n<meta property=\"og:description\" content=\"Enjoying Talk With Stranger? Join over 50,000,000 strangers on TinyChat! Turn on your cam and start meeting new people, or find a match.\" \/>\n<meta property=\"og:url\" content=\"https:\/\/tinychat.com\/nl\/talk-with-stranger\/\" \/>\n<meta property=\"og:site_name\" content=\"TinyChat\" \/>\n<meta property=\"article:publisher\" content=\"https:\/\/www.facebook.com\/tinychat\" \/>\n<meta property=\"article:modified_time\" content=\"2025-08-27T07:32:44+00:00\" \/>\n<meta property=\"og:image\" content=\"https:\/\/tinychat.com\/wp-content\/uploads\/2020\/04\/Tinychat-logo-1280x284-new-black.png\" \/>\n\t<meta property=\"og:image:width\" content=\"1280\" \/>\n\t<meta property=\"og:image:height\" content=\"284\" \/>\n\t<meta property=\"og:image:type\" content=\"image\/png\" \/>\n<meta name=\"twitter:card\" content=\"summary_large_image\" \/>\n<meta name=\"twitter:site\" content=\"@tinychat\" \/>\n<meta name=\"twitter:label1\" content=\"Geschatte leestijd\" \/>\n\t<meta name=\"twitter:data1\" content=\"6 minuten\" \/>\n<script type=\"application\/ld+json\" class=\"yoast-schema-graph\">{\"@context\":\"https:\\\/\\\/schema.org\",\"@graph\":[{\"@type\":\"WebPage\",\"@id\":\"https:\\\/\\\/tinychat.com\\\/talk-with-stranger\\\/\",\"url\":\"https:\\\/\\\/tinychat.com\\\/talk-with-stranger\\\/\",\"name\":\"Talk With Stranger - Free Random Chat Rooms - TinyChat.com\",\"isPartOf\":{\"@id\":\"https:\\\/\\\/tinychat.com\\\/#website\"},\"datePublished\":\"2025-08-27T06:33:59+00:00\",\"dateModified\":\"2025-08-27T07:32:44+00:00\",\"description\":\"Enjoying Talk With Stranger? Join over 50,000,000 strangers on TinyChat! Turn on your cam and start meeting new people, or find a match.\",\"breadcrumb\":{\"@id\":\"https:\\\/\\\/tinychat.com\\\/talk-with-stranger\\\/#breadcrumb\"},\"inLanguage\":\"nl-NL\",\"potentialAction\":[{\"@type\":\"ReadAction\",\"target\":[\"https:\\\/\\\/tinychat.com\\\/talk-with-stranger\\\/\"]}]},{\"@type\":\"BreadcrumbList\",\"@id\":\"https:\\\/\\\/tinychat.com\\\/talk-with-stranger\\\/#breadcrumb\",\"itemListElement\":[{\"@type\":\"ListItem\",\"position\":1,\"name\":\"Home\",\"item\":\"https:\\\/\\\/tinychat.com\\\/\"},{\"@type\":\"ListItem\",\"position\":2,\"name\":\"Talk With Stranger\"}]},{\"@type\":\"WebSite\",\"@id\":\"https:\\\/\\\/tinychat.com\\\/#website\",\"url\":\"https:\\\/\\\/tinychat.com\\\/\",\"name\":\"TinyChat\",\"description\":\"Random Video Chat with Strangers\",\"publisher\":{\"@id\":\"https:\\\/\\\/tinychat.com\\\/#organization\"},\"alternateName\":\"TinyChat.com\",\"potentialAction\":[{\"@type\":\"SearchAction\",\"target\":{\"@type\":\"EntryPoint\",\"urlTemplate\":\"https:\\\/\\\/tinychat.com\\\/?s={search_term_string}\"},\"query-input\":{\"@type\":\"PropertyValueSpecification\",\"valueRequired\":true,\"valueName\":\"search_term_string\"}}],\"inLanguage\":\"nl-NL\"},{\"@type\":\"Organization\",\"@id\":\"https:\\\/\\\/tinychat.com\\\/#organization\",\"name\":\"TinyChat\",\"alternateName\":\"TinyChat.com\",\"url\":\"https:\\\/\\\/tinychat.com\\\/\",\"logo\":{\"@type\":\"ImageObject\",\"inLanguage\":\"nl-NL\",\"@id\":\"https:\\\/\\\/tinychat.com\\\/#\\\/schema\\\/logo\\\/image\\\/\",\"url\":\"https:\\\/\\\/tinychat.com\\\/wp-content\\\/uploads\\\/2023\\\/11\\\/Tinychat-icon-square.png\",\"contentUrl\":\"https:\\\/\\\/tinychat.com\\\/wp-content\\\/uploads\\\/2023\\\/11\\\/Tinychat-icon-square.png\",\"width\":284,\"height\":284,\"caption\":\"TinyChat\"},\"image\":{\"@id\":\"https:\\\/\\\/tinychat.com\\\/#\\\/schema\\\/logo\\\/image\\\/\"},\"sameAs\":[\"https:\\\/\\\/www.facebook.com\\\/tinychat\",\"https:\\\/\\\/x.com\\\/tinychat\"]}]}<\/script>\n<!-- \/ Yoast SEO plugin. -->","yoast_head_json":{"title":"Talk With Stranger - Gratis willekeurige chatrooms - TinyChat.nl","description":"Genieten van Talk With Stranger? Sluit je aan bij meer dan 50.000.000 vreemden op TinyChat! Zet je cam aan en begin nieuwe mensen te ontmoeten, of zoek een match.","robots":{"index":"index","follow":"follow","max-snippet":"max-snippet:-1","max-image-preview":"max-image-preview:large","max-video-preview":"max-video-preview:-1"},"canonical":"https:\/\/tinychat.com\/nl\/talk-with-stranger\/","og_locale":"nl_NL","og_type":"article","og_title":"Talk With Stranger - Free Random Chat Rooms - TinyChat.com","og_description":"Enjoying Talk With Stranger? Join over 50,000,000 strangers on TinyChat! Turn on your cam and start meeting new people, or find a match.","og_url":"https:\/\/tinychat.com\/nl\/talk-with-stranger\/","og_site_name":"TinyChat","article_publisher":"https:\/\/www.facebook.com\/tinychat","article_modified_time":"2025-08-27T07:32:44+00:00","og_image":[{"width":1280,"height":284,"url":"https:\/\/tinychat.com\/wp-content\/uploads\/2020\/04\/Tinychat-logo-1280x284-new-black.png","type":"image\/png"}],"twitter_card":"summary_large_image","twitter_site":"@tinychat","twitter_misc":{"Geschatte leestijd":"6 minuten"},"schema":{"@context":"https:\/\/schema.org","@graph":[{"@type":"WebPage","@id":"https:\/\/tinychat.com\/talk-with-stranger\/","url":"https:\/\/tinychat.com\/talk-with-stranger\/","name":"Talk With Stranger - Gratis willekeurige chatrooms - TinyChat.nl","isPartOf":{"@id":"https:\/\/tinychat.com\/#website"},"datePublished":"2025-08-27T06:33:59+00:00","dateModified":"2025-08-27T07:32:44+00:00","description":"Genieten van Talk With Stranger? Sluit je aan bij meer dan 50.000.000 vreemden op TinyChat! Zet je cam aan en begin nieuwe mensen te ontmoeten, of zoek een match.","breadcrumb":{"@id":"https:\/\/tinychat.com\/talk-with-stranger\/#breadcrumb"},"inLanguage":"nl-NL","potentialAction":[{"@type":"ReadAction","target":["https:\/\/tinychat.com\/talk-with-stranger\/"]}]},{"@type":"BreadcrumbList","@id":"https:\/\/tinychat.com\/talk-with-stranger\/#breadcrumb","itemListElement":[{"@type":"ListItem","position":1,"name":"Home","item":"https:\/\/tinychat.com\/"},{"@type":"ListItem","position":2,"name":"Talk With Stranger"}]},{"@type":"WebSite","@id":"https:\/\/tinychat.com\/#website","url":"https:\/\/tinychat.com\/","name":"TinyChat","description":"Willekeurige videochat met vreemden","publisher":{"@id":"https:\/\/tinychat.com\/#organization"},"alternateName":"TinyChat.com","potentialAction":[{"@type":"SearchAction","target":{"@type":"EntryPoint","urlTemplate":"https:\/\/tinychat.com\/?s={search_term_string}"},"query-input":{"@type":"PropertyValueSpecification","valueRequired":true,"valueName":"search_term_string"}}],"inLanguage":"nl-NL"},{"@type":"Organization","@id":"https:\/\/tinychat.com\/#organization","name":"TinyChat","alternateName":"TinyChat.com","url":"https:\/\/tinychat.com\/","logo":{"@type":"ImageObject","inLanguage":"nl-NL","@id":"https:\/\/tinychat.com\/#\/schema\/logo\/image\/","url":"https:\/\/tinychat.com\/wp-content\/uploads\/2023\/11\/Tinychat-icon-square.png","contentUrl":"https:\/\/tinychat.com\/wp-content\/uploads\/2023\/11\/Tinychat-icon-square.png","width":284,"height":284,"caption":"TinyChat"},"image":{"@id":"https:\/\/tinychat.com\/#\/schema\/logo\/image\/"},"sameAs":["https:\/\/www.facebook.com\/tinychat","https:\/\/x.com\/tinychat"]}]}},"_links":{"self":[{"href":"https:\/\/tinychat.com\/nl\/wp-json\/wp\/v2\/pages\/7865","targetHints":{"allow":["GET"]}}],"collection":[{"href":"https:\/\/tinychat.com\/nl\/wp-json\/wp\/v2\/pages"}],"about":[{"href":"https:\/\/tinychat.com\/nl\/wp-json\/wp\/v2\/types\/page"}],"author":[{"embeddable":true,"href":"https:\/\/tinychat.com\/nl\/wp-json\/wp\/v2\/users\/6"}],"replies":[{"embeddable":true,"href":"https:\/\/tinychat.com\/nl\/wp-json\/wp\/v2\/comments?post=7865"}],"version-history":[{"count":3,"href":"https:\/\/tinychat.com\/nl\/wp-json\/wp\/v2\/pages\/7865\/revisions"}],"predecessor-version":[{"id":13475,"href":"https:\/\/tinychat.com\/nl\/wp-json\/wp\/v2\/pages\/7865\/revisions\/13475"}],"wp:attachment":[{"href":"https:\/\/tinychat.com\/nl\/wp-json\/wp\/v2\/media?parent=7865"}],"curies":[{"name":"wp","href":"https:\/\/api.w.org\/{rel}","templated":true}]}}