{"id":8386,"date":"2025-04-19T11:35:24","date_gmt":"2025-04-19T09:35:24","guid":{"rendered":"https:\/\/tinychat.com\/?page_id=8386"},"modified":"2025-07-07T18:17:39","modified_gmt":"2025-07-07T16:17:39","slug":"chat-avenue","status":"publish","type":"page","link":"https:\/\/tinychat.com\/nl\/chat-avenue\/","title":{"rendered":"Chat Avenue"},"content":{"rendered":"<p>Bekend om zijn grote verscheidenheid aan <a href=\"https:\/\/tinychat.com\/nl\/chatroulette\/\">chat<\/a> kamers, retro-interface en trouwe gebruikersgroep, <a href=\"https:\/\/tinychat.com\/nl\/chatroulette\/\">Chat<\/a> Avenue is niet zomaar een willekeurige <a href=\"https:\/\/tinychat.com\/nl\/chatroulette\/\">chat<\/a> site - het is een veteraan in de online chatscene die vandaag de dag nog steeds relevant is.<\/p>\n<p>Gelanceerd in 2000, <a href=\"https:\/\/tinychat.com\/nl\/chatroulette\/\">Chat<\/a> Avenue is uitgegroeid tot meer dan een dozijn gespecialiseerde <a href=\"https:\/\/tinychat.com\/nl\/chatroulette\/\">chat<\/a> kamers op maat voor verschillende interesses en demografische groepen - van tieners <a href=\"https:\/\/tinychat.com\/nl\/chatroulette\/\">chat<\/a> en volwassen <a href=\"https:\/\/tinychat.com\/nl\/chatroulette\/\">chat<\/a> naar muziek, sport, dating en zelfs webcam <a href=\"https:\/\/tinychat.com\/nl\/chatroulette\/\">chat<\/a>. Het combineert het gevoel van ouderwets IRC-achtig chatten met moderne moderatie, gebruikersprofielen en mobiele toegang.<\/p>\n<p>Als je op zoek bent naar een eersteklas tekstervaring met optionele video-integratie, <a href=\"https:\/\/tinychat.com\/nl\/chatroulette\/\">Chat<\/a> Avenue biedt een uitgestrekte, laagdrempelige plek om <a href=\"https:\/\/tinychat.com\/nl\/talk-to-strangers\/\">met vreemden praten<\/a>deel te nemen aan themagerichte kamers en te communiceren met een breed scala aan mensen, van gewone gebruikers tot <a href=\"https:\/\/tinychat.com\/nl\/chatroulette\/\">chat<\/a> veteranen.<\/p>\n<p>In deze gedetailleerde gids onderzoeken we wat <a href=\"https:\/\/tinychat.com\/nl\/chatroulette\/\">Chat<\/a> Avenue is, de functies, gebruikerservaring, voor- en nadelen, vergelijkingen met concurrenten en tips om veilig door het platform te navigeren.<\/p>\n<h2>Wat is Chat Avenue?<\/h2>\n<p><a href=\"https:\/\/tinychat.com\/nl\/chatroulette\/\">Chat<\/a> Avenue is een van de oudste online <a href=\"https:\/\/tinychat.com\/nl\/chatroulette\/\">chat<\/a> platforms, die gratis en anoniem <a href=\"https:\/\/tinychat.com\/nl\/chatroulette\/\">chat<\/a> kamers georganiseerd op onderwerp of interesse. In tegenstelling tot nieuwere video-first <a href=\"https:\/\/tinychat.com\/nl\/chatroulette\/\">chat<\/a> platforms, <a href=\"https:\/\/tinychat.com\/nl\/chatroulette\/\">Chat<\/a> Avenue legt de nadruk op tekstcommunicatie, maar biedt in bepaalde kamers ook video- en spraakfunctionaliteit.<\/p>\n<p>In plaats van je te koppelen aan een willekeurige gebruiker, <a href=\"https:\/\/tinychat.com\/nl\/chatroulette\/\">Chat<\/a> Avenue plaatst je in het openbaar <a href=\"https:\/\/tinychat.com\/nl\/chatroulette\/\">chat<\/a> kamers waar meerdere gebruikers met elkaar praten. Je kunt publiekelijk antwoorden, priv\u00e9berichten sturen en zelfs je eigen profiel aanmaken met een avatar en bio als je wilt blijven.<\/p>\n<p>Of je nu op zoek bent naar een ongedwongen gesprek, dating <a href=\"https:\/\/tinychat.com\/nl\/chatroulette\/\">chat<\/a>Gesprekken over games of anonieme ondersteuning, <a href=\"https:\/\/tinychat.com\/nl\/chatroulette\/\">Chat<\/a> Avenue biedt gespecialiseerde kamers die het gemakkelijk maken om je niche te vinden.<\/p>\n<h2>Belangrijkste kenmerken van Chat Avenue<\/h2>\n<p>Wat bepaalt <a href=\"https:\/\/tinychat.com\/nl\/chatroulette\/\">Chat<\/a> Avenue afgezien van de vele willekeurige <a href=\"https:\/\/tinychat.com\/nl\/chatroulette\/\">chat<\/a> apps en sites die vandaag de dag beschikbaar zijn, is de gestructureerde, thematische aanpak. Dit zijn de belangrijkste functies:<\/p>\n<h3>1. Tientallen onderwerpspecifieke chatrooms<\/h3>\n<p><a href=\"https:\/\/tinychat.com\/nl\/chatroulette\/\">Chat<\/a> Avenue is de thuisbasis van meer dan een dozijn <a href=\"https:\/\/tinychat.com\/nl\/chatroulette\/\">chat<\/a> zalen, elk afgestemd op een ander publiek of onderwerp. Deze omvatten:<\/p>\n<ul>\n<li>Tiener <a href=\"https:\/\/tinychat.com\/nl\/chatroulette\/\">Chat<\/a><\/li>\n<li>Volwassen <a href=\"https:\/\/tinychat.com\/nl\/chatroulette\/\">Chat<\/a><\/li>\n<li>Meisjes <a href=\"https:\/\/tinychat.com\/nl\/chatroulette\/\">Chat<\/a><\/li>\n<li>Jongens <a href=\"https:\/\/tinychat.com\/nl\/chatroulette\/\">Chat<\/a><\/li>\n<li>Dating <a href=\"https:\/\/tinychat.com\/nl\/chatroulette\/\">Chat<\/a><\/li>\n<li>LGBT <a href=\"https:\/\/tinychat.com\/nl\/chatroulette\/\">Chat<\/a><\/li>\n<li>Video <a href=\"https:\/\/tinychat.com\/nl\/chatroulette\/\">Chat<\/a><\/li>\n<li>Algemeen <a href=\"https:\/\/tinychat.com\/nl\/chatroulette\/\">Chat<\/a><\/li>\n<li>Muziek <a href=\"https:\/\/tinychat.com\/nl\/chatroulette\/\">Chat<\/a><\/li>\n<li>Sport <a href=\"https:\/\/tinychat.com\/nl\/chatroulette\/\">Chat<\/a><\/li>\n<li>Gamen <a href=\"https:\/\/tinychat.com\/nl\/chatroulette\/\">Chat<\/a><\/li>\n<li>College <a href=\"https:\/\/tinychat.com\/nl\/chatroulette\/\">Chat<\/a><\/li>\n<\/ul>\n<p>Elke kamer heeft zijn eigen sfeer, vaste gebruikers en actieve moderators. Je kunt van de ene kamer naar de andere springen of je kunt kiezen voor de kamer die het beste bij je interesse of identiteit past.<\/p>\n<h3>2. Anonieme tekstcommunicatie<\/h3>\n<p>De meeste van <a href=\"https:\/\/tinychat.com\/nl\/chatroulette\/\">Chat<\/a> De interacties van Avenue zijn gebaseerd op tekst, waardoor het ideaal is voor gebruikers die verlegen zijn om camera's of liever typen dan spreken. Je hoeft je niet te registreren om deel te nemen aan een <a href=\"https:\/\/tinychat.com\/nl\/chatroulette\/\">chat<\/a> - kun je meteen in de meeste kamers springen en een bijnaam kiezen.<\/p>\n<p>Je kunt publiekelijk reageren op de kamer of priv\u00e9berichten sturen naar individuen. Gebruikers kunnen ook vriendenlijsten aanmaken en <a href=\"https:\/\/tinychat.com\/nl\/chatroulette\/\">chat<\/a> priv\u00e9 buiten de hoofdkamer.<\/p>\n<h3>3. Optionele registratie &amp; aangepaste profielen<\/h3>\n<p>Hoewel registratie niet verplicht is, kun je wel een gratis account aanmaken om extra functies te ontgrendelen, zoals:<\/p>\n<ul>\n<li>Aangepaste avatars<\/li>\n<li>Gebruikersnamen en biografie\u00ebn<\/li>\n<li>Directe vriendschapsverzoeken<\/li>\n<li>Priv\u00e9berichten in verschillende kamers<\/li>\n<li>Moderatierollen (voor vertrouwde gebruikers)<\/li>\n<\/ul>\n<p>Als je een account hebt, hoef je ook niet telkens een bijnaam te gebruiken als je lid wordt en krijg je een consistentere identiteit binnen de community.<\/p>\n<h3>4. Ge\u00efntegreerde Webcam Chat (selectieve kamers)<\/h3>\n<p>Bepaalde ruimtes, zoals de Video <a href=\"https:\/\/tinychat.com\/nl\/chatroulette\/\">Chat<\/a> en Volwassen <a href=\"https:\/\/tinychat.com\/nl\/chatroulette\/\">Chat<\/a>ondersteunen webcamintegratie, waardoor gebruikers naast tekst ook video kunnen uitzenden. Je kunt ook de webcams van andere gebruikers bekijken als zij deze hebben ingeschakeld.<\/p>\n<p>In tegenstelling tot \u00e9\u00e9n-op-\u00e9\u00e9n video <a href=\"https:\/\/tinychat.com\/nl\/chatroulette\/\">chat<\/a> sites is deze video ge\u00efntegreerd in groepsruimten, waardoor het meer een sociale ervaring wordt dan een directe <a href=\"https:\/\/tinychat.com\/nl\/chatroulette\/\">chat<\/a>.<\/p>\n<h3>5. Mobiel-vriendelijke interface<\/h3>\n<p><a href=\"https:\/\/tinychat.com\/nl\/chatroulette\/\">Chat<\/a> Avenue is volledig geoptimaliseerd voor mobiele apparaten en hoewel er geen standalone app is, is de mobiele browserervaring schoon, responsief en volledig functioneel. Je kunt <a href=\"https:\/\/tinychat.com\/nl\/chatroulette\/\">chat<\/a> onderweg zonder de toegang tot belangrijke functies te verliezen.<\/p>\n<h3>6. Community moderatie en veiligheidscontroles<\/h3>\n<p>De meeste kamers hebben live moderators en een actieve set regels, vooral in Teen <a href=\"https:\/\/tinychat.com\/nl\/chatroulette\/\">Chat<\/a>LGBT <a href=\"https:\/\/tinychat.com\/nl\/chatroulette\/\">Chat<\/a>en Volwassenen <a href=\"https:\/\/tinychat.com\/nl\/chatroulette\/\">Chat<\/a>. Gebruikers kunnen ongepast gedrag melden en mods kunnen storende gebruikers schoppen, dempen of verbannen.<\/p>\n<p><a href=\"https:\/\/tinychat.com\/nl\/chatroulette\/\">Chat<\/a> Avenue biedt ook inhoudfilters en handhaving van de servicevoorwaarden om gesprekken respectvol en veilig te houden - hoewel de kwaliteit van de handhaving per ruimte verschilt.<\/p>\n<h2>Hoe gebruik je Chat Avenue<\/h2>\n<p>Aan de slag met <a href=\"https:\/\/tinychat.com\/nl\/chatroulette\/\">Chat<\/a> Avenue is eenvoudig, of je nu desktop of mobiel bent. Hier is een stap-voor-stap overzicht:<\/p>\n<h3>Stap 1: Bezoek de website<\/h3>\n<p>Ga naar www.chat-avenue.com. Je ziet een homepage met alle beschikbare <a href=\"https:\/\/tinychat.com\/nl\/chatroulette\/\">chat<\/a> kamers per categorie.<\/p>\n<h3>Stap 2: Kies een chatroom<\/h3>\n<p>Klik op de kamer die overeenkomt met je interesses. Je wordt direct naar een live <a href=\"https:\/\/tinychat.com\/nl\/chatroulette\/\">chat<\/a> omgeving bevolkt met andere gebruikers.<\/p>\n<h3>Stap 3: Voer een bijnaam in (of registreer)<\/h3>\n<p>Je kunt meteen beginnen met chatten door een bijnaam in te voeren. Als je extra functies wilt, klik je op \"Registreren\" om een profiel aan te maken.<\/p>\n<h3>Stap 4: Doe mee aan de conversatie<\/h3>\n<p>Zodra je in de kamer bent, kun je openbare berichten plaatsen, op anderen reageren of op individuele gebruikersnamen klikken om priv\u00e9berichten te sturen.<\/p>\n<h3>Stap 5: Video- of webcamopties verkennen (indien beschikbaar)<\/h3>\n<p>In sommige kamers zie je camerapictogrammen. Klik hierop om je webcam in te schakelen of de live feed van iemand anders te bekijken - maar volg altijd de regels van de kamer.<\/p>\n<h2>Gebruikerservaring op Chat Avenue<\/h2>\n<p>Terwijl de interface van <a href=\"https:\/\/tinychat.com\/nl\/chatroulette\/\">Chat<\/a> Avenue mag dan retro aanvoelen, het blijft een van zijn sterke punten. De focus op functioneel ontwerp in plaats van flashiness maakt het snel, stabiel en eenvoudig te navigeren.<\/p>\n<h3>Wat gebruikers leuk vinden<\/h3>\n<ul>\n<li>Gestructureerde gesprekken in themakamers<\/li>\n<li>Minimale toegangsdrempel - inloggen is niet nodig<\/li>\n<li>Mogelijkheid om anoniem te blijven of een profiel op te bouwen<\/li>\n<li>Diverse gemeenschap met verschillende belangen<\/li>\n<li>Klassieke nostalgie in chatrooms met moderne veiligheidsfuncties<\/li>\n<\/ul>\n<h3>Wat kan worden verbeterd<\/h3>\n<ul>\n<li>Gebruikersinterface voelt verouderd aan vergeleken met modernere platforms<\/li>\n<li>De kwaliteit van de moderatie varieert per kamer - sommige zijn goed gemanaged, andere minder<\/li>\n<li>Geen \u00e9\u00e9n-op-\u00e9\u00e9n videowedstrijdsysteem zoals <a href=\"https:\/\/tinychat.com\/nl\/chatroulette\/\">Chatroulette<\/a> of <a href=\"https:\/\/tinychat.com\/nl\/omegle\/\">Omegle<\/a><\/li>\n<li>Geen mobiele app - alleen toegang via browser<\/li>\n<\/ul>\n<h2>Beoordelingen van echte gebruikers<\/h2>\n<blockquote><p>\"Het is ouderwets, maar daar hou ik van. Echt <a href=\"https:\/\/tinychat.com\/nl\/chatroulette\/\">chat<\/a> kamers, geen bots, geen nepmatching. Gewoon mensen die praten.\"<br \/>\n- <em>Samantha P., Trustpilot<\/em><\/p><\/blockquote>\n<blockquote><p>\"Tiener <a href=\"https:\/\/tinychat.com\/nl\/chatroulette\/\">Chat<\/a> mods waakt, waardoor het veilig voelt. Ik heb hier vrienden ontmoet die ik nog steeds elke dag spreek.\"<br \/>\n- <em>Liam R., Reddit<\/em><\/p><\/blockquote>\n<blockquote><p>\"Als je een onderwerp-gebaseerde plaats wilt om <a href=\"https:\/\/tinychat.com\/nl\/chatroulette\/\">chat<\/a> met vreemden die geen puinhoop is, <a href=\"https:\/\/tinychat.com\/nl\/chatroulette\/\">Chat<\/a> Avenue houdt nog steeds stand.\"<br \/>\n- <em>Tony V., Google Beoordelingen<\/em><\/p><\/blockquote>\n<h2>Chat Avenue vs Andere Chat Platforms<\/h2>\n<p>Hoe werkt <a href=\"https:\/\/tinychat.com\/nl\/chatroulette\/\">Chat<\/a> Avenue het opneemt tegen concurrenten in deze sector?<\/p>\n<table>\n<thead>\n<tr>\n<th>Functie<\/th>\n<th><a href=\"https:\/\/tinychat.com\/nl\/chatroulette\/\">Chat<\/a> Avenue<\/th>\n<th><a href=\"https:\/\/tinychat.com\/nl\/omegle\/\">Omegle<\/a><\/th>\n<th><a href=\"https:\/\/tinychat.com\/nl\/chathub\/\">ChatHub<\/a><\/th>\n<th><a href=\"https:\/\/tinychat.com\/nl\/\">TinyChat<\/a><\/th>\n<th><a href=\"https:\/\/tinychat.com\/nl\/ometv\/\">OmeTV<\/a><\/th>\n<\/tr>\n<\/thead>\n<tbody>\n<tr>\n<td>Topic-gebaseerde kamers<\/td>\n<td>Ja<\/td>\n<td>Nee<\/td>\n<td>Nee<\/td>\n<td>Ja<\/td>\n<td>Nee<\/td>\n<\/tr>\n<tr>\n<td>Groep <a href=\"https:\/\/tinychat.com\/nl\/chatroulette\/\">Chat<\/a><\/td>\n<td>Ja<\/td>\n<td>Nee<\/td>\n<td>Nee<\/td>\n<td>Ja<\/td>\n<td>Nee<\/td>\n<\/tr>\n<tr>\n<td>Tekst <a href=\"https:\/\/tinychat.com\/nl\/chatroulette\/\">Chat<\/a><\/td>\n<td>Ja<\/td>\n<td>Ja<\/td>\n<td>Ja<\/td>\n<td>Ja<\/td>\n<td>Ja<\/td>\n<\/tr>\n<tr>\n<td>Video <a href=\"https:\/\/tinychat.com\/nl\/chatroulette\/\">Chat<\/a><\/td>\n<td>Beperkt<\/td>\n<td>Ja<\/td>\n<td>Ja<\/td>\n<td>Ja<\/td>\n<td>Ja<\/td>\n<\/tr>\n<tr>\n<td>Anoniem gebruik<\/td>\n<td>Ja<\/td>\n<td>Ja<\/td>\n<td>Ja<\/td>\n<td>Ja<\/td>\n<td>Ja<\/td>\n<\/tr>\n<tr>\n<td>Profiel aanmaken<\/td>\n<td>Optioneel<\/td>\n<td>Nee<\/td>\n<td>Nee<\/td>\n<td>Ja<\/td>\n<td>Nee<\/td>\n<\/tr>\n<tr>\n<td>Mobiele ondersteuning<\/td>\n<td>Browser<\/td>\n<td>Browser<\/td>\n<td>Browser<\/td>\n<td>App<\/td>\n<td>App<\/td>\n<\/tr>\n<tr>\n<td>Moderatie<\/td>\n<td>Varieert<\/td>\n<td>\u26a0\ufe0f Minimaal<\/td>\n<td>Sterk<\/td>\n<td>Matig<\/td>\n<td>Goed<\/td>\n<\/tr>\n<\/tbody>\n<\/table>\n<p>Samenvatting: <a href=\"https:\/\/tinychat.com\/nl\/chatroulette\/\">Chat<\/a> Avenue is ideaal voor gebruikers die de voorkeur geven aan groepsdiscussies, getypte gesprekken en op onderwerpen gebaseerde kamers boven willekeurige \u00e9\u00e9n-op-\u00e9\u00e9n chats.<\/p>\n<h2>Tips voor veilig gebruik van Chat Avenue<\/h2>\n<p>Zoals elke <a href=\"https:\/\/tinychat.com\/nl\/chatroulette\/\">chat<\/a> platform hangt de veiligheid af van je gewoonten. Hier zijn best practices:<\/p>\n<ul>\n<li>Gebruik een unieke bijnaam die niet gebonden is aan je echte identiteit<\/li>\n<li>Vermijd het delen van priv\u00e9gegevens (volledige naam, e-mail, locatie)<\/li>\n<li>Klik niet op externe links, tenzij ze zijn geverifieerd<\/li>\n<li>Gebruik de webcam op een verantwoorde manier - alleen in ruimtes die dit ondersteunen en volg alle richtlijnen op<\/li>\n<li>Rapporteer slecht gedrag onmiddellijk aan moderators<\/li>\n<li>Blijf in kamers die geschikt zijn voor je leeftijd en interesses<\/li>\n<\/ul>\n<h2>Problemen oplossen<\/h2>\n<h3>Kan chatroom niet binnengaan<\/h3>\n<p>Controleer of cookies en JavaScript zijn ingeschakeld in uw browser. Vernieuw of probeer een andere browser.<\/p>\n<h3>Webcam werkt niet<\/h3>\n<p>Controleer of je browser toestemming heeft om je camera te gebruiken. Probeer de browser opnieuw op te starten of controleer de beveiligingsinstellingen.<\/p>\n<h3>Verbannen uit een kamer<\/h3>\n<p>Kamerverboden zijn meestal gebonden aan je IP of account. Probeer een andere kamer, neem contact op met een mod of wacht het af.<\/p>\n<h3>Langzaam laden of vertraging<\/h3>\n<p><a href=\"https:\/\/tinychat.com\/nl\/chatroulette\/\">Chat<\/a> Avenue is licht, maar langzame verbindingen kunnen de webcamfuncties be\u00efnvloeden. Probeer achtergrondactiviteit te verminderen of schakel over naar een ander netwerk.<\/p>\n<p><a href=\"https:\/\/tinychat.com\/nl\/chatroulette\/\">Chat<\/a> Avenue is misschien niet flitsend, maar het levert een van de meest consistente en betrouwbare anonieme <a href=\"https:\/\/tinychat.com\/nl\/chatroulette\/\">chat<\/a> ervaringen online.<\/p>\n<p>Met zijn grote gebruikersgroep, grote verscheidenheid aan <a href=\"https:\/\/tinychat.com\/nl\/chatroulette\/\">chat<\/a> kamers, optionele video-integratie en de lage instapdrempel is het een uitstekend platform voor iedereen die de voorkeur geeft aan groepsgesprekken boven \u00e9\u00e9n-op-\u00e9\u00e9n willekeur.<\/p>\n<p>Als je op zoek bent naar een plek om vreemden te ontmoeten zonder te swipen of te matchen, en je houdt van de ouderwetse eenvoud van live <a href=\"https:\/\/tinychat.com\/nl\/chatroulette\/\">chat<\/a> kamers, <a href=\"https:\/\/tinychat.com\/nl\/chatroulette\/\">Chat<\/a> Avenue is nog steeds een van de beste keuzes die er zijn.<\/p>\n<p>Bezoek www.chat-avenue.com, kies een kamer en begin een gesprek. Je weet nooit wie je zult ontmoeten.<\/p>","protected":false},"excerpt":{"rendered":"<p>Known for its wide variety of chat rooms, retro interface, and loyal user base, Chat Avenue isn\u2019t just another random chat site \u2014 it\u2019s a veteran of the online chatting scene that still holds relevance today. Launched in 2000, Chat Avenue has grown to include over a dozen specialized chat rooms tailored to different interests [&hellip;]<\/p>\n","protected":false},"author":6,"featured_media":0,"parent":0,"menu_order":0,"comment_status":"closed","ping_status":"closed","template":"","meta":{"footnotes":""},"class_list":["post-8386","page","type-page","status-publish","hentry"],"yoast_head":"<!-- This site is optimized with the Yoast SEO plugin v27.3 - https:\/\/yoast.com\/product\/yoast-seo-wordpress\/ -->\n<title>Chat Avenue - The Original Random Video Chat - TinyChat.com<\/title>\n<meta name=\"description\" content=\"Enjoying Chat Avenue? Join over 50,000,000 strangers on TinyChat! Turn on your cam and start meeting new people, or find a match.\" \/>\n<meta name=\"robots\" content=\"index, follow, max-snippet:-1, max-image-preview:large, max-video-preview:-1\" \/>\n<link rel=\"canonical\" href=\"https:\/\/tinychat.com\/nl\/chat-avenue\/\" \/>\n<meta property=\"og:locale\" content=\"nl_NL\" \/>\n<meta property=\"og:type\" content=\"article\" \/>\n<meta property=\"og:title\" content=\"Chat Avenue - The Original Random Video Chat - TinyChat.com\" \/>\n<meta property=\"og:description\" content=\"Enjoying Chat Avenue? Join over 50,000,000 strangers on TinyChat! Turn on your cam and start meeting new people, or find a match.\" \/>\n<meta property=\"og:url\" content=\"https:\/\/tinychat.com\/nl\/chat-avenue\/\" \/>\n<meta property=\"og:site_name\" content=\"TinyChat\" \/>\n<meta property=\"article:publisher\" content=\"https:\/\/www.facebook.com\/tinychat\" \/>\n<meta property=\"article:modified_time\" content=\"2025-07-07T16:17:39+00:00\" \/>\n<meta property=\"og:image\" content=\"https:\/\/tinychat.com\/wp-content\/uploads\/2020\/04\/Tinychat-logo-1280x284-new-black.png\" \/>\n\t<meta property=\"og:image:width\" content=\"1280\" \/>\n\t<meta property=\"og:image:height\" content=\"284\" \/>\n\t<meta property=\"og:image:type\" content=\"image\/png\" \/>\n<meta name=\"twitter:card\" content=\"summary_large_image\" \/>\n<meta name=\"twitter:site\" content=\"@tinychat\" \/>\n<meta name=\"twitter:label1\" content=\"Geschatte leestijd\" \/>\n\t<meta name=\"twitter:data1\" content=\"6 minuten\" \/>\n<script type=\"application\/ld+json\" class=\"yoast-schema-graph\">{\"@context\":\"https:\\\/\\\/schema.org\",\"@graph\":[{\"@type\":\"WebPage\",\"@id\":\"https:\\\/\\\/tinychat.com\\\/chat-avenue\\\/\",\"url\":\"https:\\\/\\\/tinychat.com\\\/chat-avenue\\\/\",\"name\":\"Chat Avenue - The Original Random Video Chat - TinyChat.com\",\"isPartOf\":{\"@id\":\"https:\\\/\\\/tinychat.com\\\/#website\"},\"datePublished\":\"2025-04-19T09:35:24+00:00\",\"dateModified\":\"2025-07-07T16:17:39+00:00\",\"description\":\"Enjoying Chat Avenue? Join over 50,000,000 strangers on TinyChat! Turn on your cam and start meeting new people, or find a match.\",\"breadcrumb\":{\"@id\":\"https:\\\/\\\/tinychat.com\\\/chat-avenue\\\/#breadcrumb\"},\"inLanguage\":\"nl-NL\",\"potentialAction\":[{\"@type\":\"ReadAction\",\"target\":[\"https:\\\/\\\/tinychat.com\\\/chat-avenue\\\/\"]}]},{\"@type\":\"BreadcrumbList\",\"@id\":\"https:\\\/\\\/tinychat.com\\\/chat-avenue\\\/#breadcrumb\",\"itemListElement\":[{\"@type\":\"ListItem\",\"position\":1,\"name\":\"Home\",\"item\":\"https:\\\/\\\/tinychat.com\\\/\"},{\"@type\":\"ListItem\",\"position\":2,\"name\":\"Chat Avenue\"}]},{\"@type\":\"WebSite\",\"@id\":\"https:\\\/\\\/tinychat.com\\\/#website\",\"url\":\"https:\\\/\\\/tinychat.com\\\/\",\"name\":\"TinyChat\",\"description\":\"Random Video Chat with Strangers\",\"publisher\":{\"@id\":\"https:\\\/\\\/tinychat.com\\\/#organization\"},\"alternateName\":\"TinyChat.com\",\"potentialAction\":[{\"@type\":\"SearchAction\",\"target\":{\"@type\":\"EntryPoint\",\"urlTemplate\":\"https:\\\/\\\/tinychat.com\\\/?s={search_term_string}\"},\"query-input\":{\"@type\":\"PropertyValueSpecification\",\"valueRequired\":true,\"valueName\":\"search_term_string\"}}],\"inLanguage\":\"nl-NL\"},{\"@type\":\"Organization\",\"@id\":\"https:\\\/\\\/tinychat.com\\\/#organization\",\"name\":\"TinyChat\",\"alternateName\":\"TinyChat.com\",\"url\":\"https:\\\/\\\/tinychat.com\\\/\",\"logo\":{\"@type\":\"ImageObject\",\"inLanguage\":\"nl-NL\",\"@id\":\"https:\\\/\\\/tinychat.com\\\/#\\\/schema\\\/logo\\\/image\\\/\",\"url\":\"https:\\\/\\\/tinychat.com\\\/wp-content\\\/uploads\\\/2023\\\/11\\\/Tinychat-icon-square.png\",\"contentUrl\":\"https:\\\/\\\/tinychat.com\\\/wp-content\\\/uploads\\\/2023\\\/11\\\/Tinychat-icon-square.png\",\"width\":284,\"height\":284,\"caption\":\"TinyChat\"},\"image\":{\"@id\":\"https:\\\/\\\/tinychat.com\\\/#\\\/schema\\\/logo\\\/image\\\/\"},\"sameAs\":[\"https:\\\/\\\/www.facebook.com\\\/tinychat\",\"https:\\\/\\\/x.com\\\/tinychat\"]}]}<\/script>\n<!-- \/ Yoast SEO plugin. -->","yoast_head_json":{"title":"Chat Avenue - De originele willekeurige videochat - TinyChat.nl","description":"Genieten van Chat Avenue? Sluit je aan bij meer dan 50.000.000 vreemden op TinyChat! Zet je cam aan en begin nieuwe mensen te ontmoeten, of zoek een match.","robots":{"index":"index","follow":"follow","max-snippet":"max-snippet:-1","max-image-preview":"max-image-preview:large","max-video-preview":"max-video-preview:-1"},"canonical":"https:\/\/tinychat.com\/nl\/chat-avenue\/","og_locale":"nl_NL","og_type":"article","og_title":"Chat Avenue - The Original Random Video Chat - TinyChat.com","og_description":"Enjoying Chat Avenue? Join over 50,000,000 strangers on TinyChat! Turn on your cam and start meeting new people, or find a match.","og_url":"https:\/\/tinychat.com\/nl\/chat-avenue\/","og_site_name":"TinyChat","article_publisher":"https:\/\/www.facebook.com\/tinychat","article_modified_time":"2025-07-07T16:17:39+00:00","og_image":[{"width":1280,"height":284,"url":"https:\/\/tinychat.com\/wp-content\/uploads\/2020\/04\/Tinychat-logo-1280x284-new-black.png","type":"image\/png"}],"twitter_card":"summary_large_image","twitter_site":"@tinychat","twitter_misc":{"Geschatte leestijd":"6 minuten"},"schema":{"@context":"https:\/\/schema.org","@graph":[{"@type":"WebPage","@id":"https:\/\/tinychat.com\/chat-avenue\/","url":"https:\/\/tinychat.com\/chat-avenue\/","name":"Chat Avenue - De originele willekeurige videochat - TinyChat.nl","isPartOf":{"@id":"https:\/\/tinychat.com\/#website"},"datePublished":"2025-04-19T09:35:24+00:00","dateModified":"2025-07-07T16:17:39+00:00","description":"Genieten van Chat Avenue? Sluit je aan bij meer dan 50.000.000 vreemden op TinyChat! Zet je cam aan en begin nieuwe mensen te ontmoeten, of zoek een match.","breadcrumb":{"@id":"https:\/\/tinychat.com\/chat-avenue\/#breadcrumb"},"inLanguage":"nl-NL","potentialAction":[{"@type":"ReadAction","target":["https:\/\/tinychat.com\/chat-avenue\/"]}]},{"@type":"BreadcrumbList","@id":"https:\/\/tinychat.com\/chat-avenue\/#breadcrumb","itemListElement":[{"@type":"ListItem","position":1,"name":"Home","item":"https:\/\/tinychat.com\/"},{"@type":"ListItem","position":2,"name":"Chat Avenue"}]},{"@type":"WebSite","@id":"https:\/\/tinychat.com\/#website","url":"https:\/\/tinychat.com\/","name":"TinyChat","description":"Willekeurige videochat met vreemden","publisher":{"@id":"https:\/\/tinychat.com\/#organization"},"alternateName":"TinyChat.com","potentialAction":[{"@type":"SearchAction","target":{"@type":"EntryPoint","urlTemplate":"https:\/\/tinychat.com\/?s={search_term_string}"},"query-input":{"@type":"PropertyValueSpecification","valueRequired":true,"valueName":"search_term_string"}}],"inLanguage":"nl-NL"},{"@type":"Organization","@id":"https:\/\/tinychat.com\/#organization","name":"TinyChat","alternateName":"TinyChat.com","url":"https:\/\/tinychat.com\/","logo":{"@type":"ImageObject","inLanguage":"nl-NL","@id":"https:\/\/tinychat.com\/#\/schema\/logo\/image\/","url":"https:\/\/tinychat.com\/wp-content\/uploads\/2023\/11\/Tinychat-icon-square.png","contentUrl":"https:\/\/tinychat.com\/wp-content\/uploads\/2023\/11\/Tinychat-icon-square.png","width":284,"height":284,"caption":"TinyChat"},"image":{"@id":"https:\/\/tinychat.com\/#\/schema\/logo\/image\/"},"sameAs":["https:\/\/www.facebook.com\/tinychat","https:\/\/x.com\/tinychat"]}]}},"_links":{"self":[{"href":"https:\/\/tinychat.com\/nl\/wp-json\/wp\/v2\/pages\/8386","targetHints":{"allow":["GET"]}}],"collection":[{"href":"https:\/\/tinychat.com\/nl\/wp-json\/wp\/v2\/pages"}],"about":[{"href":"https:\/\/tinychat.com\/nl\/wp-json\/wp\/v2\/types\/page"}],"author":[{"embeddable":true,"href":"https:\/\/tinychat.com\/nl\/wp-json\/wp\/v2\/users\/6"}],"replies":[{"embeddable":true,"href":"https:\/\/tinychat.com\/nl\/wp-json\/wp\/v2\/comments?post=8386"}],"version-history":[{"count":4,"href":"https:\/\/tinychat.com\/nl\/wp-json\/wp\/v2\/pages\/8386\/revisions"}],"predecessor-version":[{"id":13200,"href":"https:\/\/tinychat.com\/nl\/wp-json\/wp\/v2\/pages\/8386\/revisions\/13200"}],"wp:attachment":[{"href":"https:\/\/tinychat.com\/nl\/wp-json\/wp\/v2\/media?parent=8386"}],"curies":[{"name":"wp","href":"https:\/\/api.w.org\/{rel}","templated":true}]}}