{"id":8689,"date":"2025-10-21T11:18:47","date_gmt":"2025-10-21T09:18:47","guid":{"rendered":"https:\/\/tinychat.com\/?page_id=8689"},"modified":"2025-10-21T13:17:16","modified_gmt":"2025-10-21T11:17:16","slug":"chathour","status":"publish","type":"page","link":"https:\/\/tinychat.com\/nl\/chathour\/","title":{"rendered":"ChatHour"},"content":{"rendered":"<p>In een tijdperk dat gedomineerd wordt door social media algoritmes en dating apps, biedt ChatHour een verfrissende throwback naar de wortels van online communicatie - chatrooms. Het is een platform dat de kunst van het converseren viert, waar mensen elkaar niet ontmoeten via swipes of gecureerde feeds, maar via gedeelde interesses en spontane interactie.<\/p>\n<p>Met duizenden actieve gebruikers in verschillende thematische chatrooms, dient ChatHour als een hybride tussen de klassieke chatroom ervaring en modern online netwerken. Of je nu op zoek bent naar het maken van vrienden, het verkennen van onderwerpen die je leuk vindt, of gewoon de tijd doorbrengen met chatten met nieuwe mensen, ChatHour maakt het gemakkelijk, snel, en verrassend boeiend.<\/p>\n<p>Deze review onderzoekt wat de ChatHour is, hoe het werkt, de opvallende functies, gebruikerservaring, vergelijkingen met concurrenten, veiligheidstips en waarom het wereldwijd een trouw publiek blijft aantrekken.<\/p>\n<h2>Wat is ChatHour?<\/h2>\n<p>ChatHour is een gratis online chatplatform dat gebruikers met elkaar in contact brengt via openbare chatrooms en priv\u00e9gesprekken. Het vertrouwt niet op willekeurige video pairing zoals Omegle of Chatroulette - in plaats daarvan geeft het gebruikers een keuze. Je kunt deelnemen aan thematische chatrooms, deelnemen aan groepsdiscussies of priv\u00e9chats starten met personen die jouw interesses delen.<\/p>\n<p>Gelanceerd in het midden van de jaren 2000, heeft ChatHour een sterke gebruikersbasis behouden dankzij de eenvoud, het brede scala aan chatonderwerpen en de nadruk op tekstgebaseerde communicatie. Voor degenen die liever praten zonder cameradruk, blijft het een van de meest actieve tekstchatgemeenschappen online.<\/p>\n<h2>Belangrijkste kenmerken van ChatHour<\/h2>\n<p>ChatHour valt op door de balans tussen ouderwetse charme en moderne bruikbaarheid. De belangrijkste kenmerken zijn flexibiliteit en communicatiegemak.<\/p>\n<h3>1. Thematische openbare chatrooms<\/h3>\n<ul>\n<li>Neem deel aan duizenden chatrooms op basis van interesses zoals muziek, reizen, sport, relaties of lokale gebieden.<\/li>\n<li>Chatrooms zijn 24\/7 actief met gebruikers van over de hele wereld.<\/li>\n<li>Maak je eigen kamer als je geen onderwerp kunt vinden dat je leuk vindt.<\/li>\n<\/ul>\n<h3>2. Priv\u00e9berichten<\/h3>\n<ul>\n<li>Begin \u00e9\u00e9n-op-\u00e9\u00e9n chats met gebruikers die je ontmoet in openbare ruimtes.<\/li>\n<li>Gesprekken priv\u00e9 voortzetten zonder het platform te verlaten.<\/li>\n<\/ul>\n<h3>3. Gebruikersprofielen<\/h3>\n<ul>\n<li>Maak een eenvoudig profiel met foto's en een korte biografie.<\/li>\n<li>Helpt anderen jouw interesses te leren kennen en zinvolle chats te beginnen.<\/li>\n<\/ul>\n<h3>4. Compatibiliteit voor mobiel en desktop<\/h3>\n<ul>\n<li>Werkt probleemloos op zowel webbrowsers als mobiele apparaten.<\/li>\n<li>Je hoeft geen app te downloaden, maar mobiele gebruikers kunnen de site bookmarken voor snelle toegang.<\/li>\n<\/ul>\n<h3>5. Zoeken en filters<\/h3>\n<ul>\n<li>Zoek mensen op gebruikersnaam, geslacht of locatie.<\/li>\n<li>Filters helpen je chatrooms of gebruikers te vinden die overeenkomen met jouw interesses.<\/li>\n<\/ul>\n<h3>6. Vrije toegang<\/h3>\n<ul>\n<li>De belangrijkste functies zijn volledig gratis.<\/li>\n<li>Geen verborgen betaalmuren of premium abonnementsvallen.<\/li>\n<\/ul>\n<h3>7. Aangepaste chatrooms<\/h3>\n<ul>\n<li>Geregistreerde gebruikers kunnen hun eigen openbare of priv\u00e9chatrooms maken.<\/li>\n<li>Moderatietools helpen bij het beheren van wie kan deelnemen.<\/li>\n<\/ul>\n<h2>Hoe gebruik je ChatHour<\/h2>\n<p>ChatHour is ontworpen om eenvoudig te zijn en door iedereen te gebruiken, zelfs zonder ervaring in chatrooms.<\/p>\n<h3>Stap 1: Bezoek de ChatHour Website<\/h3>\n<p>Open ChatHour in uw browser op desktop of mobiel.<\/p>\n<h3>Stap 2: Kies een kamer of maak er een<\/h3>\n<p>Blader door de beschikbare categorie\u00ebn en sluit je aan bij een kamer die je interesseert, of begin je eigen chatroom.<\/p>\n<h3>Stap 3: Maak een profiel aan (optioneel)<\/h3>\n<p>Je kunt chatten als gast, maar door een gratis account aan te maken kun je een foto uploaden, je favoriete kamers opslaan en gebruikers priv\u00e9 berichten sturen.<\/p>\n<h3>Stap 4: Begin met chatten<\/h3>\n<p>Ga een willekeurige chatroom binnen en neem deel aan het gesprek. De meeste chatrooms hebben lopende discussies, waardoor het makkelijk is om mee te doen.<\/p>\n<h3>Stap 5: Priv\u00e9 verbinding maken<\/h3>\n<p>Als je iemand interessant vindt, kun je een priv\u00e9 \u00e9\u00e9n-op-\u00e9\u00e9n chat starten voor meer persoonlijke interactie.<\/p>\n<p>Het hele proces duurt minder dan een minuut - geen downloads, geen wachttijden, alleen conversatie.<\/p>\n<h2>Gebruikerservaring op ChatHour<\/h2>\n<p>ChatHour heeft de eenvoud behouden die vroege chatplatforms zoals Yahoo! Chat of IRC populair maakte, terwijl het net genoeg moderne functies introduceert om het relevant te houden.<\/p>\n<h3>Wat gebruikers leuk vinden<\/h3>\n<ul>\n<li>Enorme verscheidenheid aan chatrooms per onderwerp en regio.<\/li>\n<li>Optie om openbaar of priv\u00e9 te chatten.<\/li>\n<li>Eenvoudige, no-nonsense interface.<\/li>\n<li>Werkt op elk apparaat.<\/li>\n<li>24\/7 actieve gebruikers.<\/li>\n<\/ul>\n<h3>Waar gebruikers ruimte voor verbetering zien<\/h3>\n<ul>\n<li>Mist functionaliteit voor videochat.<\/li>\n<li>Sommige chatrooms kunnen op bepaalde uren inactief zijn.<\/li>\n<li>Interface kan gedateerd aanvoelen voor jongere gebruikers.<\/li>\n<li>Spamgebruikers in openbare ruimtes.<\/li>\n<\/ul>\n<p>Over het geheel genomen is de gebruikerservaring nostalgisch en toch betrouwbaar - het geeft de voorkeur aan conversatie boven flitsend design, wat mensen aantrekt die waarde hechten aan eenvoud en zinvolle uitwisselingen.<\/p>\n<h2>ChatHour vs. Andere Chatplatforms<\/h2>\n<p>Dit is hoe ChatHour zich verhoudt tot andere chat- en sociale platforms:<\/p>\n<table>\n<thead>\n<tr>\n<th>Functie<\/th>\n<th>ChatHour<\/th>\n<th>Omegle<\/th>\n<th>Chatroulette<\/th>\n<th>ChatHub<\/th>\n<th>Wireclub<\/th>\n<th>Paltalk<\/th>\n<\/tr>\n<\/thead>\n<tbody>\n<tr>\n<td>Openbare chatrooms<\/td>\n<td>Ja<\/td>\n<td>Nee<\/td>\n<td>Nee<\/td>\n<td>Nee<\/td>\n<td>Ja<\/td>\n<td>Ja<\/td>\n<\/tr>\n<tr>\n<td>Priv\u00e9berichten<\/td>\n<td>Ja<\/td>\n<td>Nee<\/td>\n<td>Nee<\/td>\n<td>Ja<\/td>\n<td>Ja<\/td>\n<td>Ja<\/td>\n<\/tr>\n<tr>\n<td>Gebruikersprofielen<\/td>\n<td>Ja<\/td>\n<td>Nee<\/td>\n<td>Nee<\/td>\n<td>Ja<\/td>\n<td>Ja<\/td>\n<td>Ja<\/td>\n<\/tr>\n<tr>\n<td>Video chatten<\/td>\n<td>Nee<\/td>\n<td>Ja<\/td>\n<td>Ja<\/td>\n<td>Ja<\/td>\n<td>Ja<\/td>\n<td>Ja<\/td>\n<\/tr>\n<tr>\n<td>Stemchat<\/td>\n<td>Nee<\/td>\n<td>Nee<\/td>\n<td>Nee<\/td>\n<td>Nee<\/td>\n<td>Beperkt<\/td>\n<td>Ja<\/td>\n<\/tr>\n<tr>\n<td>Anonimiteit<\/td>\n<td>Matig<\/td>\n<td>Sterk<\/td>\n<td>Sterk<\/td>\n<td>Matig<\/td>\n<td>Matig<\/td>\n<td>Beperkt<\/td>\n<\/tr>\n<tr>\n<td>Mobielvriendelijk<\/td>\n<td>Ja<\/td>\n<td>Ja<\/td>\n<td>Ja<\/td>\n<td>Ja<\/td>\n<td>Ja<\/td>\n<td>Ja<\/td>\n<\/tr>\n<\/tbody>\n<\/table>\n<p>Samenvatting: ChatHour is meer community-gedreven dan willekeurige chat-apps zoals Omegle, en toegankelijker dan complexe platforms zoals Paltalk. Het is een ideaal platform voor gebruikers die de voorkeur geven aan gestructureerde tekstchat boven onvoorspelbare videoverbindingen.<\/p>\n<h2>Is ChatHour veilig?<\/h2>\n<p>ChatHour neemt de veiligheid van gebruikers serieus, maar zoals met elk openbaar chatplatform, is verantwoordelijk gebruik essentieel.<\/p>\n<h3>Ingebouwde veiligheidsfuncties<\/h3>\n<ul>\n<li>Basismoderatie in populaire chatrooms.<\/li>\n<li>Blokkeer en rapporteer opties voor ongepaste gebruikers.<\/li>\n<li>Priv\u00e9 chatbediening.<\/li>\n<\/ul>\n<h3>Veiligheidstips voor gebruikers<\/h3>\n<ul>\n<li>Vermijd het delen van persoonlijke of financi\u00eble informatie.<\/li>\n<li>Blijf in gemodereerde of drukbezochte chatrooms.<\/li>\n<li>Wees voorzichtig als je op externe links klikt.<\/li>\n<li>Ouders moeten toezicht houden op minderjarigen die de site gebruiken.<\/li>\n<\/ul>\n<p>ChatHour's tekst-alleen structuur beperkt op natuurlijke wijze de risico's die geassocieerd worden met videochats, waardoor het een van de veiligere keuzes is voor casual chats wanneer het verstandig gebruikt wordt.<\/p>\n<h2>Tips om het meeste uit ChatHour te halen<\/h2>\n<ul>\n<li>Verken meerdere chatrooms - blijf niet bij \u00e9\u00e9n; er is een kamer voor bijna elk denkbaar onderwerp.<\/li>\n<li>Controleer de piekuren - 's avonds en in het weekend zijn de gebruikers meestal het meest actief.<\/li>\n<li>Ga beleefd te werk - vriendelijke gebruikers trekken meestal meer reacties aan.<\/li>\n<li>Pas je profiel aan - een korte, oprechte bio helpt anderen om contact met je te maken.<\/li>\n<li>Meld spammers - kamers schoon houden helpt de gemeenschap bloeien.<\/li>\n<li>Maak een bladwijzer van je favoriete kamers - zodat je de volgende keer gemakkelijk terug kunt komen.<\/li>\n<\/ul>\n<p>Deze kleine gewoontes maken de ChatHour-ervaring meer de moeite waard en leuker.<\/p>\n<h2>Veelvoorkomende problemen en oplossingen<\/h2>\n<h3>Probleem: kan niet inloggen<\/h3>\n<ul>\n<li>Zorg ervoor dat cookies zijn ingeschakeld.<\/li>\n<li>Probeer je wachtwoord opnieuw in te stellen of de cache van je browser te wissen.<\/li>\n<\/ul>\n<h3>Probleem: berichten worden niet verzonden<\/h3>\n<ul>\n<li>Vernieuw de chatroom.<\/li>\n<li>Controleer je internetverbinding.<\/li>\n<\/ul>\n<h3>Probleem: te veel inactieve gebruikers<\/h3>\n<ul>\n<li>Verken andere kamers of probeer het op drukkere momenten van de dag.<\/li>\n<\/ul>\n<h3>Probleem: ongepaste gebruikers<\/h3>\n<ul>\n<li>Blokkeer en rapporteer ze onmiddellijk.<\/li>\n<li>Blijf bij gemodereerde ruimtes voor veiligere interacties.<\/li>\n<\/ul>\n<h2>Waarom mensen kiezen voor ChatHour<\/h2>\n<p>Mensen kiezen om veel redenen voor ChatHour:<\/p>\n<ul>\n<li>Keuzevrijheid - sluit je aan bij openbare chats of ga priv\u00e9 wanneer je maar wilt.<\/li>\n<li>Diversiteit - duizenden onderwerpen en gebruikers van over de hele wereld.<\/li>\n<li>Eenvoud - snel aan te sluiten, gemakkelijk te gebruiken.<\/li>\n<li>Gemeenschap - vriendschappen opbouwen die verder gaan dan eenmalige ontmoetingen.<\/li>\n<\/ul>\n<p>In een digitale wereld die gedomineerd wordt door videogebaseerde platforms, bewijst de ChatHour dat tekstchat nog steeds krachtig is - vooral voor diegenen die de voorkeur geven aan gesprekken zonder camera.<\/p>\n<h2>Eindoordeel: Is ChatHour de moeite waard?<\/h2>\n<p>Als je de dagen van de klassieke chatrooms mist of het gewoon leuk vindt om mensen te ontmoeten met gedeelde interesses, dan is ChatHour absoluut het proberen waard. Het jaagt geen trends na en vindt het wiel niet opnieuw uit, maar verfijnt de tijdloze formule die de eerste internetcommunity's tot bloei bracht.<\/p>\n<p>Hoewel het misschien geen willekeurige videochat of flitsende filters biedt, maken de betrouwbaarheid, de focus op de gemeenschap en het wereldwijde bereik van ChatHour het een uitstekende optie voor zinvolle online gesprekken.<\/p>\n<p>Of je nu wilt:<\/p>\n<ul>\n<li>Ontmoet nieuwe vrienden,<\/li>\n<li>Bespreek je favoriete onderwerpen,<\/li>\n<li>Of gewoon lekker kletsen...<\/li>\n<\/ul>\n<p>ChatHour biedt de digitale ruimte om dit te doen - vrij en moeiteloos.<\/p>\n<p>Kortom: ChatHour is een moderne voortzetting van klassieke online chatrooms en biedt een veilige, sociale en gemakkelijke manier om mensen te ontmoeten via tekst. Het is ideaal voor gebruikers die de voorkeur geven aan echte gesprekken boven algoritmes en genieten van een gevoel van online gemeenschap.<\/p>\n<p>Klaar om te beginnen met chatten? Bezoek ChatHour, word lid van een kamer die jou interesseert en kijk waar het gesprek toe leidt.<\/p>","protected":false},"excerpt":{"rendered":"<p>In an age dominated by social media algorithms and dating apps, ChatHour offers a refreshing throwback to the roots of online communication \u2014 chatrooms. It\u2019s a platform that celebrates the art of conversation, where people meet not through swipes or curated feeds, but through shared interests and spontaneous interaction. With thousands of active users across [&hellip;]<\/p>\n","protected":false},"author":6,"featured_media":0,"parent":0,"menu_order":0,"comment_status":"closed","ping_status":"closed","template":"","meta":{"footnotes":""},"class_list":["post-8689","page","type-page","status-publish","hentry"],"yoast_head":"<!-- This site is optimized with the Yoast SEO plugin v27.4 - https:\/\/yoast.com\/product\/yoast-seo-wordpress\/ -->\n<title>ChatHour - Mobile Free Chat Rooms - TinyChat.com<\/title>\n<meta name=\"description\" content=\"Enjoying ChatHour? Join over 50,000,000 strangers on TinyChat! Turn on your cam and start meeting new people, or find a match.\" \/>\n<meta name=\"robots\" content=\"index, follow, max-snippet:-1, max-image-preview:large, max-video-preview:-1\" \/>\n<link rel=\"canonical\" href=\"https:\/\/tinychat.com\/nl\/chathour\/\" \/>\n<meta property=\"og:locale\" content=\"nl_NL\" \/>\n<meta property=\"og:type\" content=\"article\" \/>\n<meta property=\"og:title\" content=\"ChatHour - Mobile Free Chat Rooms - TinyChat.com\" \/>\n<meta property=\"og:description\" content=\"Enjoying ChatHour? Join over 50,000,000 strangers on TinyChat! Turn on your cam and start meeting new people, or find a match.\" \/>\n<meta property=\"og:url\" content=\"https:\/\/tinychat.com\/nl\/chathour\/\" \/>\n<meta property=\"og:site_name\" content=\"TinyChat\" \/>\n<meta property=\"article:publisher\" content=\"https:\/\/www.facebook.com\/tinychat\" \/>\n<meta property=\"article:modified_time\" content=\"2025-10-21T11:17:16+00:00\" \/>\n<meta property=\"og:image\" content=\"https:\/\/tinychat.com\/wp-content\/uploads\/2020\/04\/Tinychat-logo-1280x284-new-black.png\" \/>\n\t<meta property=\"og:image:width\" content=\"1280\" \/>\n\t<meta property=\"og:image:height\" content=\"284\" \/>\n\t<meta property=\"og:image:type\" content=\"image\/png\" \/>\n<meta name=\"twitter:card\" content=\"summary_large_image\" \/>\n<meta name=\"twitter:site\" content=\"@tinychat\" \/>\n<meta name=\"twitter:label1\" content=\"Geschatte leestijd\" \/>\n\t<meta name=\"twitter:data1\" content=\"6 minuten\" \/>\n<script type=\"application\/ld+json\" class=\"yoast-schema-graph\">{\"@context\":\"https:\\\/\\\/schema.org\",\"@graph\":[{\"@type\":\"WebPage\",\"@id\":\"https:\\\/\\\/tinychat.com\\\/chathour\\\/\",\"url\":\"https:\\\/\\\/tinychat.com\\\/chathour\\\/\",\"name\":\"ChatHour - Mobile Free Chat Rooms - TinyChat.com\",\"isPartOf\":{\"@id\":\"https:\\\/\\\/tinychat.com\\\/#website\"},\"datePublished\":\"2025-10-21T09:18:47+00:00\",\"dateModified\":\"2025-10-21T11:17:16+00:00\",\"description\":\"Enjoying ChatHour? Join over 50,000,000 strangers on TinyChat! Turn on your cam and start meeting new people, or find a match.\",\"breadcrumb\":{\"@id\":\"https:\\\/\\\/tinychat.com\\\/chathour\\\/#breadcrumb\"},\"inLanguage\":\"nl-NL\",\"potentialAction\":[{\"@type\":\"ReadAction\",\"target\":[\"https:\\\/\\\/tinychat.com\\\/chathour\\\/\"]}]},{\"@type\":\"BreadcrumbList\",\"@id\":\"https:\\\/\\\/tinychat.com\\\/chathour\\\/#breadcrumb\",\"itemListElement\":[{\"@type\":\"ListItem\",\"position\":1,\"name\":\"Home\",\"item\":\"https:\\\/\\\/tinychat.com\\\/\"},{\"@type\":\"ListItem\",\"position\":2,\"name\":\"ChatHour\"}]},{\"@type\":\"WebSite\",\"@id\":\"https:\\\/\\\/tinychat.com\\\/#website\",\"url\":\"https:\\\/\\\/tinychat.com\\\/\",\"name\":\"TinyChat\",\"description\":\"Random Video Chat with Strangers\",\"publisher\":{\"@id\":\"https:\\\/\\\/tinychat.com\\\/#organization\"},\"alternateName\":\"TinyChat.com\",\"potentialAction\":[{\"@type\":\"SearchAction\",\"target\":{\"@type\":\"EntryPoint\",\"urlTemplate\":\"https:\\\/\\\/tinychat.com\\\/?s={search_term_string}\"},\"query-input\":{\"@type\":\"PropertyValueSpecification\",\"valueRequired\":true,\"valueName\":\"search_term_string\"}}],\"inLanguage\":\"nl-NL\"},{\"@type\":\"Organization\",\"@id\":\"https:\\\/\\\/tinychat.com\\\/#organization\",\"name\":\"TinyChat\",\"alternateName\":\"TinyChat.com\",\"url\":\"https:\\\/\\\/tinychat.com\\\/\",\"logo\":{\"@type\":\"ImageObject\",\"inLanguage\":\"nl-NL\",\"@id\":\"https:\\\/\\\/tinychat.com\\\/#\\\/schema\\\/logo\\\/image\\\/\",\"url\":\"https:\\\/\\\/tinychat.com\\\/wp-content\\\/uploads\\\/2023\\\/11\\\/Tinychat-icon-square.png\",\"contentUrl\":\"https:\\\/\\\/tinychat.com\\\/wp-content\\\/uploads\\\/2023\\\/11\\\/Tinychat-icon-square.png\",\"width\":284,\"height\":284,\"caption\":\"TinyChat\"},\"image\":{\"@id\":\"https:\\\/\\\/tinychat.com\\\/#\\\/schema\\\/logo\\\/image\\\/\"},\"sameAs\":[\"https:\\\/\\\/www.facebook.com\\\/tinychat\",\"https:\\\/\\\/x.com\\\/tinychat\"]}]}<\/script>\n<!-- \/ Yoast SEO plugin. -->","yoast_head_json":{"title":"ChatHour - Gratis mobiele chatrooms - TinyChat.com","description":"Genieten van ChatHour? Sluit je aan bij meer dan 50.000.000 vreemden op TinyChat! Zet je cam aan en begin nieuwe mensen te ontmoeten, of zoek een match.","robots":{"index":"index","follow":"follow","max-snippet":"max-snippet:-1","max-image-preview":"max-image-preview:large","max-video-preview":"max-video-preview:-1"},"canonical":"https:\/\/tinychat.com\/nl\/chathour\/","og_locale":"nl_NL","og_type":"article","og_title":"ChatHour - Mobile Free Chat Rooms - TinyChat.com","og_description":"Enjoying ChatHour? Join over 50,000,000 strangers on TinyChat! Turn on your cam and start meeting new people, or find a match.","og_url":"https:\/\/tinychat.com\/nl\/chathour\/","og_site_name":"TinyChat","article_publisher":"https:\/\/www.facebook.com\/tinychat","article_modified_time":"2025-10-21T11:17:16+00:00","og_image":[{"width":1280,"height":284,"url":"https:\/\/tinychat.com\/wp-content\/uploads\/2020\/04\/Tinychat-logo-1280x284-new-black.png","type":"image\/png"}],"twitter_card":"summary_large_image","twitter_site":"@tinychat","twitter_misc":{"Geschatte leestijd":"6 minuten"},"schema":{"@context":"https:\/\/schema.org","@graph":[{"@type":"WebPage","@id":"https:\/\/tinychat.com\/chathour\/","url":"https:\/\/tinychat.com\/chathour\/","name":"ChatHour - Gratis mobiele chatrooms - TinyChat.com","isPartOf":{"@id":"https:\/\/tinychat.com\/#website"},"datePublished":"2025-10-21T09:18:47+00:00","dateModified":"2025-10-21T11:17:16+00:00","description":"Genieten van ChatHour? Sluit je aan bij meer dan 50.000.000 vreemden op TinyChat! Zet je cam aan en begin nieuwe mensen te ontmoeten, of zoek een match.","breadcrumb":{"@id":"https:\/\/tinychat.com\/chathour\/#breadcrumb"},"inLanguage":"nl-NL","potentialAction":[{"@type":"ReadAction","target":["https:\/\/tinychat.com\/chathour\/"]}]},{"@type":"BreadcrumbList","@id":"https:\/\/tinychat.com\/chathour\/#breadcrumb","itemListElement":[{"@type":"ListItem","position":1,"name":"Home","item":"https:\/\/tinychat.com\/"},{"@type":"ListItem","position":2,"name":"ChatHour"}]},{"@type":"WebSite","@id":"https:\/\/tinychat.com\/#website","url":"https:\/\/tinychat.com\/","name":"TinyChat","description":"Willekeurige videochat met vreemden","publisher":{"@id":"https:\/\/tinychat.com\/#organization"},"alternateName":"TinyChat.com","potentialAction":[{"@type":"SearchAction","target":{"@type":"EntryPoint","urlTemplate":"https:\/\/tinychat.com\/?s={search_term_string}"},"query-input":{"@type":"PropertyValueSpecification","valueRequired":true,"valueName":"search_term_string"}}],"inLanguage":"nl-NL"},{"@type":"Organization","@id":"https:\/\/tinychat.com\/#organization","name":"TinyChat","alternateName":"TinyChat.com","url":"https:\/\/tinychat.com\/","logo":{"@type":"ImageObject","inLanguage":"nl-NL","@id":"https:\/\/tinychat.com\/#\/schema\/logo\/image\/","url":"https:\/\/tinychat.com\/wp-content\/uploads\/2023\/11\/Tinychat-icon-square.png","contentUrl":"https:\/\/tinychat.com\/wp-content\/uploads\/2023\/11\/Tinychat-icon-square.png","width":284,"height":284,"caption":"TinyChat"},"image":{"@id":"https:\/\/tinychat.com\/#\/schema\/logo\/image\/"},"sameAs":["https:\/\/www.facebook.com\/tinychat","https:\/\/x.com\/tinychat"]}]}},"_links":{"self":[{"href":"https:\/\/tinychat.com\/nl\/wp-json\/wp\/v2\/pages\/8689","targetHints":{"allow":["GET"]}}],"collection":[{"href":"https:\/\/tinychat.com\/nl\/wp-json\/wp\/v2\/pages"}],"about":[{"href":"https:\/\/tinychat.com\/nl\/wp-json\/wp\/v2\/types\/page"}],"author":[{"embeddable":true,"href":"https:\/\/tinychat.com\/nl\/wp-json\/wp\/v2\/users\/6"}],"replies":[{"embeddable":true,"href":"https:\/\/tinychat.com\/nl\/wp-json\/wp\/v2\/comments?post=8689"}],"version-history":[{"count":3,"href":"https:\/\/tinychat.com\/nl\/wp-json\/wp\/v2\/pages\/8689\/revisions"}],"predecessor-version":[{"id":13560,"href":"https:\/\/tinychat.com\/nl\/wp-json\/wp\/v2\/pages\/8689\/revisions\/13560"}],"wp:attachment":[{"href":"https:\/\/tinychat.com\/nl\/wp-json\/wp\/v2\/media?parent=8689"}],"curies":[{"name":"wp","href":"https:\/\/api.w.org\/{rel}","templated":true}]}}