{"id":881,"date":"2024-12-02T19:15:37","date_gmt":"2024-12-02T17:15:37","guid":{"rendered":"https:\/\/tinychat.com\/?page_id=881"},"modified":"2025-06-12T10:27:21","modified_gmt":"2025-06-12T08:27:21","slug":"ometv","status":"publish","type":"page","link":"https:\/\/tinychat.com\/nl\/ometv\/","title":{"rendered":"OmeTV"},"content":{"rendered":"<p>OmeTV is uitgegroeid tot een toonaangevende keuze voor gebruikers die real-time gesprekken willen voeren met vreemden, zonder in te leveren op veiligheid, privacy of kwaliteit. Hoewel veel platforms, waaronder de legendarische <a href=\"https:\/\/tinychat.com\/nl\/omegle\/\">Omegle<\/a> en <a href=\"https:\/\/tinychat.com\/nl\/chatroulette\/\">Chatroulette<\/a>OmeTV, die het idee van willekeurige chats populair maakte, heeft dit concept overgenomen en er de verfijning, moderatie en moderne mobiele ondersteuning aan toegevoegd die de gebruikers van vandaag verwachten.<\/p>\n<p>OmeTV gaat niet over gimmicks of spelletjes-it's over zinvolle, een-op-een videogesprekken die zijn net zo makkelijk te beginnen als ze zijn om te vertrekken. Of je nu nieuwe mensen wilt ontmoeten, een vreemde taal wilt oefenen, vrienden over de hele wereld wilt maken of gewoon <a href=\"https:\/\/tinychat.com\/nl\/chatroulette\/\">chat<\/a> met een nieuw iemand, biedt OmeTV een veilig, gebruiksvriendelijk platform dat gebouwd is voor wereldwijde interactie.<\/p>\n<p>Van de no-nonsense interface tot de gemodereerde omgeving, OmeTV biedt een aantrekkelijk alternatief voor platforms die zijn geplaagd door trollen, bots, of expliciete inhoud. In dit artikel verkennen we de functies, veiligheidsprotocollen, gebruikerservaring, vergelijkingen en praktische tips van OmeTV om het meeste uit je chats te halen.<\/p>\n<h2>Wat is OmeTV?<\/h2>\n<p>OmeTV is een browser- en mobielvriendelijke video <a href=\"https:\/\/tinychat.com\/nl\/chatroulette\/\">chat<\/a> platform dat gebruikers van over de hele wereld met elkaar in contact brengt voor anonieme \u00e9\u00e9n-op-\u00e9\u00e9n videogesprekken. Zoals <a href=\"https:\/\/tinychat.com\/nl\/omegle\/\">Omegle<\/a> en <a href=\"https:\/\/tinychat.com\/nl\/chatroulette\/\">Chatroulette<\/a>Het basisconcept is eenvoudig: klik op een knop, wordt gekoppeld aan een <a href=\"https:\/\/tinychat.com\/nl\/strangercam\/\">vreemdeling<\/a>en begin te praten.<\/p>\n<p>Maar waar OmeTV echt in uitblinkt is de toewijding aan veiligheid, moderatie en internationale toegankelijkheid. Het platform is beschikbaar in meer dan 100 landen, vertaald in tientallen talen, en gemodereerd in real-time om te zorgen voor een schoner, vriendelijker <a href=\"https:\/\/tinychat.com\/nl\/chatroulette\/\">chat<\/a> omgeving.<\/p>\n<h2>Belangrijkste kenmerken van OmeTV<\/h2>\n<p>De kracht van de OmeTV ligt in zijn minimalisme, ondersteund door een sterke nadruk op veiligheid en prestaties. Dit zijn de belangrijkste kenmerken die hem tot een opvallende optie in de markt maken <a href=\"https:\/\/tinychat.com\/nl\/\">willekeurige videochat<\/a> ruimte:<\/p>\n<h3>1. Directe videovergelijking<\/h3>\n<p>Met OmeTV hoef je je niet aan te melden of een profiel aan te maken om te beginnen. Zodra je op de site komt (of de app opent), kun je direct beginnen met chatten. Geef gewoon toegang tot de camera en microfoon en klik op de knop \"Starten\".<\/p>\n<p>Het platform koppelt je met een <a href=\"https:\/\/tinychat.com\/nl\/strangercam\/\">vreemdeling<\/a> gebaseerd op je taal en geografische instellingen, voor een naadloze en wereldwijde ervaring.<\/p>\n<h3>2. Tekstvertaling<\/h3>\n<p>Een van de opvallende functies van OmeTV is de automatische vertaling van berichten. Als je aan het chatten bent met iemand die typt in een andere taal, OmeTV vertaalt automatisch het bericht in uw voorkeurstaal in real time.<\/p>\n<p>Deze functie doorbreekt taalbarri\u00e8res en helpt de communicatie te bevorderen tussen gebruikers die anders moeite zouden hebben elkaar te begrijpen.<\/p>\n<h3>3. Geslachtsfilter (Betaald)<\/h3>\n<p>Voor gebruikers die een meer op maat gemaakte ervaring willen, biedt OmeTV een geslachtsfilter via het premium abonnementsmodel. Hiermee kun je kiezen of je gematcht wilt worden met mannen, vrouwen of beide.<\/p>\n<p>Dit is vooral handig voor mensen die op zoek zijn naar romantische gesprekken of die zich meer op hun gemak voelen om met een specifiek geslacht te praten.<\/p>\n<h3>4. Integratie van mobiele apps<\/h3>\n<p>OmeTV heeft het mobiele tijdperk volledig omarmd. De iOS- en Android-apps behoren tot de best beoordeelde in de categorie en bieden soepele video <a href=\"https:\/\/tinychat.com\/nl\/chatroulette\/\">chat<\/a>De tools voor moderatie en de consistentie van de gebruikersinterface op verschillende apparaten.<\/p>\n<p>De mobiele versie bevat alle kernfuncties van de desktopsite, zodat je onderweg verbinding kunt maken met dezelfde kwaliteit en veiligheid.<\/p>\n<h3>5. Geen bots, geen advertenties tijdens chats<\/h3>\n<p>In tegenstelling tot veel gratis <a href=\"https:\/\/tinychat.com\/nl\/chatroulette\/\">chat<\/a> platforms die gebruikers bombarderen met advertenties of bots toestaan gesprekken te simuleren, is OmeTV trots op het aanbieden van bot-vrije, advertentie-vrije <a href=\"https:\/\/tinychat.com\/nl\/chatroulette\/\">chat<\/a> sessies.<\/p>\n<p>De afwezigheid van advertenties tijdens chats verbetert de focus, minimaliseert afleiding en zorgt voor een meer authentieke ervaring.<\/p>\n<h3>6. Real-time moderatie<\/h3>\n<p>OmeTV heeft een team van actieve moderators ondersteund door AI-gestuurde flagging systemen die gedrag en scherm inhoud in real time te controleren. Ongepast gedrag kan resulteren in onmiddellijke bans, het helpen onderhouden van een respectvolle, gastvrije ruimte.<\/p>\n<p>Dit onderscheidt OmeTV van platformen waar moderatie te mild of niet-bestaand is.<\/p>\n<h3>7. Anoniem gebruik<\/h3>\n<p>Ondanks de moderne functies behoudt OmeTV het kernelement van anonimiteit. Registratie is niet nodig. Je kunt beginnen met chatten zonder persoonlijke gegevens te verstrekken. Je hebt volledige controle over wat je onthult en aan wie.<\/p>\n<h2>Hoe gebruik je OmeTV<\/h2>\n<p>Een van de grootste voordelen van OmeTV is het gemak waarmee je aan de slag kunt. Hier is een eenvoudige gids om door het platform te navigeren:<\/p>\n<h3>Stap 1: Bezoek OmeTV<\/h3>\n<p>Ga naar OmeTV in je browser of download de OmeTV app in de Apple App Store of Google Play Store.<\/p>\n<h3>Stap 2: Camera en microfoon toestaan<\/h3>\n<p>Het platform vraagt toegang tot je webcam en microfoon. Geef toegang om video in te schakelen <a href=\"https:\/\/tinychat.com\/nl\/chatroulette\/\">chat<\/a>. Je kunt je camera altijd uitschakelen als je de voorkeur geeft aan interacties met alleen tekst.<\/p>\n<h3>Stap 3: Selecteer uw voorkeuren<\/h3>\n<p>Selecteer op de startpagina of in de interface van de app je taal en land om de kwaliteit van je matches te verbeteren. Premium gebruikers kunnen hier ook geslachtsfilters instellen.<\/p>\n<h3>Stap 4: Klik op \"Starten\".<\/h3>\n<p>Klik op de startknop om je reis te beginnen. Je wordt binnen enkele seconden gekoppeld aan een andere gebruiker. Als je niet ge\u00efnteresseerd bent in de persoon aan wie je wordt gekoppeld, klik je gewoon op \"Volgende\" om verder te gaan.<\/p>\n<h3>Stap 5: Gebruik het tekstvak<\/h3>\n<p>Als spreken geen optie is, kun je de ingebouwde tekst gebruiken <a href=\"https:\/\/tinychat.com\/nl\/chatroulette\/\">chat<\/a> doos om te communiceren. Automatische vertalingen maken het makkelijker om met mensen uit verschillende landen te praten.<\/p>\n<h3>Stap 6: Rapporteer of blokkeer indien nodig<\/h3>\n<p>OmeTV heeft knoppen om gebruikers te rapporteren, te blokkeren of te muten. Gebruik deze hulpmiddelen om een veilige omgeving te behouden en ongepast gedrag te signaleren.<\/p>\n<h2>Veiligheid en privacy op OmeTV<\/h2>\n<p>Met zoveel willekeurige <a href=\"https:\/\/tinychat.com\/nl\/chatroulette\/\">chat<\/a> sites die bekritiseerd worden vanwege onveilige inhoud en slechte moderatie, onderscheidt OmeTV zich door de veiligheid van gebruikers serieus te nemen.<\/p>\n<h3>1. AI + menselijke matiging<\/h3>\n<p>OmeTV combineert AI-controlesystemen met een team van menselijke moderatoren om ongepast gedrag op te sporen en de communityrichtlijnen te handhaven. Dit hybride model helpt het platform snel te reageren op schendingen.<\/p>\n<h3>2. Filters tegen naaktheid en misbruik<\/h3>\n<p>OmeTV's AI is getraind om expliciete inhoud te detecteren, waaronder naaktheid of aanstootgevende gebaren. Dergelijke inhoud resulteert in onmiddellijke bans, vaak zonder dat de gebruiker dit hoeft te melden.<\/p>\n<h3>3. Geen verzameling van persoonlijke gegevens<\/h3>\n<p>Op het platform zijn geen gebruikersnamen, e-mails of wachtwoorden nodig, waardoor het een van de meest besloten platformen is. <a href=\"https:\/\/tinychat.com\/nl\/chatroulette\/\">chat<\/a> omgevingen beschikbaar. Het staat je vrij om altijd anoniem te blijven.<\/p>\n<h3>4. Beveiligde verbindingen<\/h3>\n<p>Alle chats zijn beveiligd met HTTPS-encryptie, waardoor je gegevens worden beschermd terwijl ze worden verzonden. Dit voorkomt dat derden je gesprekken kunnen afluisteren.<\/p>\n<h3>5. Richtlijnen van de Gemeenschap<\/h3>\n<p>Gebruikers moeten akkoord gaan met OmeTV's strikte gebruiksvoorwaarden, die haatdragende taal, naaktheid, intimidatie en beledigend gedrag verbieden. Het overtreden van deze regels kan resulteren in permanente bans.<\/p>\n<h2>Gebruikerservaring op OmeTV<\/h2>\n<p>De gebruikerservaring van de OmeTV is een van de sterkste punten. Dit is wat het zo aantrekkelijk maakt:<\/p>\n<h3>Schone interface<\/h3>\n<p>Het ontwerp is modern, snel en zonder afleiding. Er is geen rommel of onnodige functies. De interface werkt naadloos op zowel desktop als mobiel.<\/p>\n<h3>Snel matchen<\/h3>\n<p>Gebruikers worden binnen enkele seconden gekoppeld en de videokwaliteit is over het algemeen vloeiend en stabiel, mits je een fatsoenlijke internetverbinding hebt.<\/p>\n<h3>Hoogwaardige gebruikers<\/h3>\n<p>Door betere moderatie en minder bots, trekt OmeTV serieuzere gebruikers aan die echt ge\u00efnteresseerd zijn in gesprekken.<\/p>\n<h3>Mobiele toegankelijkheid<\/h3>\n<p>Met speciale apps biedt de OmeTV een uitstekende mobiele ervaring, zodat gebruikers <a href=\"https:\/\/tinychat.com\/nl\/chatroulette\/\">chat<\/a> comfortabel vanaf elke plek.<\/p>\n<h2>Beoordelingen van echte gebruikers<\/h2>\n<blockquote><p>\"Ik heb <a href=\"https:\/\/tinychat.com\/nl\/omegle\/\">Omegle<\/a> en <a href=\"https:\/\/tinychat.com\/nl\/chatroulette\/\">Chatroulette<\/a>maar OmeTV voelt veiliger en legitiemer. Het is ook schoner en ziet er modern uit.\"<br \/>\n- <em>Sasha R., App Store-beoordeling<\/em><\/p><\/blockquote>\n<blockquote><p>\"De vertaaltool is een game changer. Ik heb gesproken met mensen uit Zuid-Korea, Brazili\u00eb en Turkije en ik heb ze echt begrepen.\"<br \/>\n- <em>Diego M., Google Play<\/em><\/p><\/blockquote>\n<blockquote><p>\"Beste app voor video <a href=\"https:\/\/tinychat.com\/nl\/chatroulette\/\">chat<\/a> als je gewoon mensen wilt ontmoeten zonder al die troep. Het voelt eigenlijk gecontroleerd.\"<br \/>\n- <em>Keisha L., Reddit<\/em><\/p><\/blockquote>\n<h2>OmeTV vs. Andere Chatplatforms<\/h2>\n<p>Hoe verhoudt OmeTV zich tot concurrenten in de video <a href=\"https:\/\/tinychat.com\/nl\/chatroulette\/\">chat<\/a> ruimte?<\/p>\n<table>\n<thead>\n<tr>\n<th>Functie<\/th>\n<th>OmeTV<\/th>\n<th><a href=\"https:\/\/tinychat.com\/nl\/omegle\/\">Omegle<\/a><\/th>\n<th><a href=\"https:\/\/tinychat.com\/nl\/chatroulette\/\">Chatroulette<\/a><\/th>\n<th>Bazoocam<\/th>\n<th><a href=\"https:\/\/tinychat.com\/nl\/strangercam\/\">StrangerCam<\/a><\/th>\n<\/tr>\n<\/thead>\n<tbody>\n<tr>\n<td>Video <a href=\"https:\/\/tinychat.com\/nl\/chatroulette\/\">Chat<\/a><\/td>\n<td>Ja<\/td>\n<td>Ja<\/td>\n<td>Ja<\/td>\n<td>Ja<\/td>\n<td>Ja<\/td>\n<\/tr>\n<tr>\n<td>Tekst <a href=\"https:\/\/tinychat.com\/nl\/chatroulette\/\">Chat<\/a><\/td>\n<td>Ja<\/td>\n<td>Ja<\/td>\n<td>Ja<\/td>\n<td>Ja<\/td>\n<td>Ja<\/td>\n<\/tr>\n<tr>\n<td>Registratie<\/td>\n<td>Nee<\/td>\n<td>Nee<\/td>\n<td>Nee<\/td>\n<td>Nee<\/td>\n<td>Nee<\/td>\n<\/tr>\n<tr>\n<td>Mobiele app<\/td>\n<td>Moedertaalspreker<\/td>\n<td>\u26a0\ufe0f Geen<\/td>\n<td>Ja<\/td>\n<td>Ja<\/td>\n<td>Ja<\/td>\n<\/tr>\n<tr>\n<td>Geslacht filter<\/td>\n<td>Premium<\/td>\n<td>Nee<\/td>\n<td>Nee<\/td>\n<td>Premium<\/td>\n<td>Premium<\/td>\n<\/tr>\n<tr>\n<td>Beoordelingssysteem<\/td>\n<td>Sterk<\/td>\n<td>\u26a0\ufe0f Zwak<\/td>\n<td>Verbeterd<\/td>\n<td>Matig<\/td>\n<td>Goed<\/td>\n<\/tr>\n<tr>\n<td>Vertaalprogramma<\/td>\n<td>Ja<\/td>\n<td>Nee<\/td>\n<td>Nee<\/td>\n<td>Nee<\/td>\n<td>Nee<\/td>\n<\/tr>\n<tr>\n<td>Advertentievrij <a href=\"https:\/\/tinychat.com\/nl\/chatroulette\/\">Chat<\/a><\/td>\n<td>Ja<\/td>\n<td>Nee<\/td>\n<td>\u26a0\ufe0f Enkele advertenties<\/td>\n<td>\u26a0\ufe0f Enkele advertenties<\/td>\n<td>Ja<\/td>\n<\/tr>\n<\/tbody>\n<\/table>\n<p>OmeTV scoort hoog op veiligheid, vertaalfuncties, mobiele optimalisatie en moderatie. Het is ideaal voor gebruikers die op zoek zijn naar een schoon, serieus platform in plaats van een alleskunner. <a href=\"https:\/\/tinychat.com\/nl\/chatroulette\/\">chat<\/a> site.<\/p>\n<h2>Tips voor veilig en effectief gebruik van OmeTV<\/h2>\n<ul>\n<li>Gebruik het tekstvak als je verlegen bent: Je hoeft niet altijd te spreken-gebruik de tekst <a href=\"https:\/\/tinychat.com\/nl\/chatroulette\/\">chat<\/a> om het ijs te breken.<\/li>\n<li>Vertalingen gebruiken: Laat taalbarri\u00e8res je niet tegenhouden om wereldwijd te chatten. Gebruik de ingebouwde vertaalfunctie.<\/li>\n<li>Vermijd het delen van persoonlijke informatie: Zoals bij alle anonieme chats, deel nooit je echte naam, e-mail of sociale accounts.<\/li>\n<li>Wangedrag melden: Help de community schoon te houden door misbruik of ongepaste inhoud te melden.<\/li>\n<li>Gebruik goede verlichting: Een goed verlichte ruimte zorgt voor een betere videokwaliteit en verbetert het vertrouwen van de gebruiker.<\/li>\n<li>Blijf kalm en vriendelijk: Gesprekken verlopen soepeler als je vriendelijk en geduldig bent, zelfs met vreemden.<\/li>\n<\/ul>\n<h2>Veelvoorkomende problemen met de OmeTV oplossen<\/h2>\n<p>Hier zijn oplossingen voor de meest voorkomende gebruikersproblemen:<\/p>\n<h3>Camera of microfoon werkt niet<\/h3>\n<p>Controleer of je browser of mobiele app toestemming heeft. Start je browser opnieuw op of controleer de instellingen op OS-niveau.<\/p>\n<h3>Verbannen zonder waarschuwing<\/h3>\n<p>OmeTV's moderatie kan streng zijn. Ga in beroep via hun website of wacht tot de ban is verlopen. Overweeg om een ander netwerk of VPN te gebruiken.<\/p>\n<h3>Wedstrijden herhalen<\/h3>\n<p>Verruim je land- of taalinstellingen. Meer specifieke filters resulteren in minder overeenkomsten.<\/p>\n<h3>App crasht<\/h3>\n<p>Zorg ervoor dat de app is bijgewerkt. Installeer indien nodig opnieuw. App-cache wissen op Android.<\/p>\n<p>Absoluut. OmeTV valt op in de willekeurige <a href=\"https:\/\/tinychat.com\/nl\/chatroulette\/\">chat<\/a> ruimte om de juiste redenen: veiligheid, prestaties, meertalige toegankelijkheid en mobiel gemak. Het is gemaakt voor mensen die echte gesprekken willen, geen onzin.<\/p>\n<p>Hoewel het niet beschikt over flitsende functies zoals spelletjes of discussieforums, levert het waar het het belangrijkst is: schone, directe, wereldwijde videochats met een betrouwbaar moderatiesysteem.<\/p>\n<p>Of je nu nieuwe vrienden wilt maken, culturen wilt ontdekken of gewoon wilt genieten van een spontane <a href=\"https:\/\/tinychat.com\/nl\/chatroulette\/\">chat<\/a>De OmeTV biedt een slimme, veilige en aantrekkelijke ervaring, zeker vergeleken met het wilde westen van oudere platforms.<\/p>\n<p>Dus, als je klaar bent om iemand nieuw te ontmoeten, geef OmeTV een kans. Je weet maar nooit wie je tegenkomt.<\/p>","protected":false},"excerpt":{"rendered":"<p>OmeTV has emerged as a leading choice for users who want real-time conversations with strangers\u2014without sacrificing safety, privacy, or quality. While many platforms, including the legendary Omegle and Chatroulette, popularized the idea of random chats, OmeTV has taken this concept and added the polish, moderation, and modern mobile support today\u2019s users expect. OmeTV isn\u2019t about [&hellip;]<\/p>\n","protected":false},"author":6,"featured_media":0,"parent":0,"menu_order":0,"comment_status":"closed","ping_status":"closed","template":"","meta":{"footnotes":""},"class_list":["post-881","page","type-page","status-publish","hentry"],"yoast_head":"<!-- This site is optimized with the Yoast SEO plugin v27.5 - https:\/\/yoast.com\/product\/yoast-seo-wordpress\/ -->\n<title>OmeTV - Omegle Random Chat Alternative on TinyChat.com<\/title>\n<meta name=\"description\" content=\"Enjoying OmeTV? Join over 50,000,000 strangers on TinyChat! Turn on your cam and start meeting new people, or find a match.\" \/>\n<meta name=\"robots\" content=\"index, follow, max-snippet:-1, max-image-preview:large, max-video-preview:-1\" \/>\n<link rel=\"canonical\" href=\"https:\/\/tinychat.com\/nl\/ometv\/\" \/>\n<meta property=\"og:locale\" content=\"nl_NL\" \/>\n<meta property=\"og:type\" content=\"article\" \/>\n<meta property=\"og:title\" content=\"OmeTV - Omegle Random Chat Alternative on TinyChat.com\" \/>\n<meta property=\"og:description\" content=\"Enjoying OmeTV? Join over 50,000,000 strangers on TinyChat! Turn on your cam and start meeting new people, or find a match.\" \/>\n<meta property=\"og:url\" content=\"https:\/\/tinychat.com\/nl\/ometv\/\" \/>\n<meta property=\"og:site_name\" content=\"TinyChat\" \/>\n<meta property=\"article:publisher\" content=\"https:\/\/www.facebook.com\/tinychat\" \/>\n<meta property=\"article:modified_time\" content=\"2025-06-12T08:27:21+00:00\" \/>\n<meta property=\"og:image\" content=\"https:\/\/tinychat.com\/wp-content\/uploads\/2020\/04\/Tinychat-logo-1280x284-new-black.png\" \/>\n\t<meta property=\"og:image:width\" content=\"1280\" \/>\n\t<meta property=\"og:image:height\" content=\"284\" \/>\n\t<meta property=\"og:image:type\" content=\"image\/png\" \/>\n<meta name=\"twitter:card\" content=\"summary_large_image\" \/>\n<meta name=\"twitter:site\" content=\"@tinychat\" \/>\n<meta name=\"twitter:label1\" content=\"Geschatte leestijd\" \/>\n\t<meta name=\"twitter:data1\" content=\"8 minuten\" \/>\n<script type=\"application\/ld+json\" class=\"yoast-schema-graph\">{\"@context\":\"https:\\\/\\\/schema.org\",\"@graph\":[{\"@type\":\"WebPage\",\"@id\":\"https:\\\/\\\/tinychat.com\\\/ometv\\\/\",\"url\":\"https:\\\/\\\/tinychat.com\\\/ometv\\\/\",\"name\":\"OmeTV - Omegle Random Chat Alternative on TinyChat.com\",\"isPartOf\":{\"@id\":\"https:\\\/\\\/tinychat.com\\\/#website\"},\"datePublished\":\"2024-12-02T17:15:37+00:00\",\"dateModified\":\"2025-06-12T08:27:21+00:00\",\"description\":\"Enjoying OmeTV? Join over 50,000,000 strangers on TinyChat! Turn on your cam and start meeting new people, or find a match.\",\"breadcrumb\":{\"@id\":\"https:\\\/\\\/tinychat.com\\\/ometv\\\/#breadcrumb\"},\"inLanguage\":\"nl-NL\",\"potentialAction\":[{\"@type\":\"ReadAction\",\"target\":[\"https:\\\/\\\/tinychat.com\\\/ometv\\\/\"]}]},{\"@type\":\"BreadcrumbList\",\"@id\":\"https:\\\/\\\/tinychat.com\\\/ometv\\\/#breadcrumb\",\"itemListElement\":[{\"@type\":\"ListItem\",\"position\":1,\"name\":\"Home\",\"item\":\"https:\\\/\\\/tinychat.com\\\/\"},{\"@type\":\"ListItem\",\"position\":2,\"name\":\"OmeTV\"}]},{\"@type\":\"WebSite\",\"@id\":\"https:\\\/\\\/tinychat.com\\\/#website\",\"url\":\"https:\\\/\\\/tinychat.com\\\/\",\"name\":\"TinyChat\",\"description\":\"Random Video Chat with Strangers\",\"publisher\":{\"@id\":\"https:\\\/\\\/tinychat.com\\\/#organization\"},\"alternateName\":\"TinyChat.com\",\"potentialAction\":[{\"@type\":\"SearchAction\",\"target\":{\"@type\":\"EntryPoint\",\"urlTemplate\":\"https:\\\/\\\/tinychat.com\\\/?s={search_term_string}\"},\"query-input\":{\"@type\":\"PropertyValueSpecification\",\"valueRequired\":true,\"valueName\":\"search_term_string\"}}],\"inLanguage\":\"nl-NL\"},{\"@type\":\"Organization\",\"@id\":\"https:\\\/\\\/tinychat.com\\\/#organization\",\"name\":\"TinyChat\",\"alternateName\":\"TinyChat.com\",\"url\":\"https:\\\/\\\/tinychat.com\\\/\",\"logo\":{\"@type\":\"ImageObject\",\"inLanguage\":\"nl-NL\",\"@id\":\"https:\\\/\\\/tinychat.com\\\/#\\\/schema\\\/logo\\\/image\\\/\",\"url\":\"https:\\\/\\\/tinychat.com\\\/wp-content\\\/uploads\\\/2023\\\/11\\\/Tinychat-icon-square.png\",\"contentUrl\":\"https:\\\/\\\/tinychat.com\\\/wp-content\\\/uploads\\\/2023\\\/11\\\/Tinychat-icon-square.png\",\"width\":284,\"height\":284,\"caption\":\"TinyChat\"},\"image\":{\"@id\":\"https:\\\/\\\/tinychat.com\\\/#\\\/schema\\\/logo\\\/image\\\/\"},\"sameAs\":[\"https:\\\/\\\/www.facebook.com\\\/tinychat\",\"https:\\\/\\\/x.com\\\/tinychat\"]}]}<\/script>\n<!-- \/ Yoast SEO plugin. -->","yoast_head_json":{"title":"OmeTV - Omegle Willekeurige Chat Alternative op TinyChat.com","description":"Genieten van OmeTV? Sluit je aan bij meer dan 50.000.000 vreemden op TinyChat! Zet je cam aan en begin nieuwe mensen te ontmoeten, of zoek een match.","robots":{"index":"index","follow":"follow","max-snippet":"max-snippet:-1","max-image-preview":"max-image-preview:large","max-video-preview":"max-video-preview:-1"},"canonical":"https:\/\/tinychat.com\/nl\/ometv\/","og_locale":"nl_NL","og_type":"article","og_title":"OmeTV - Omegle Random Chat Alternative on TinyChat.com","og_description":"Enjoying OmeTV? Join over 50,000,000 strangers on TinyChat! Turn on your cam and start meeting new people, or find a match.","og_url":"https:\/\/tinychat.com\/nl\/ometv\/","og_site_name":"TinyChat","article_publisher":"https:\/\/www.facebook.com\/tinychat","article_modified_time":"2025-06-12T08:27:21+00:00","og_image":[{"width":1280,"height":284,"url":"https:\/\/tinychat.com\/wp-content\/uploads\/2020\/04\/Tinychat-logo-1280x284-new-black.png","type":"image\/png"}],"twitter_card":"summary_large_image","twitter_site":"@tinychat","twitter_misc":{"Geschatte leestijd":"8 minuten"},"schema":{"@context":"https:\/\/schema.org","@graph":[{"@type":"WebPage","@id":"https:\/\/tinychat.com\/ometv\/","url":"https:\/\/tinychat.com\/ometv\/","name":"OmeTV - Omegle Willekeurige Chat Alternative op TinyChat.com","isPartOf":{"@id":"https:\/\/tinychat.com\/#website"},"datePublished":"2024-12-02T17:15:37+00:00","dateModified":"2025-06-12T08:27:21+00:00","description":"Genieten van OmeTV? Sluit je aan bij meer dan 50.000.000 vreemden op TinyChat! Zet je cam aan en begin nieuwe mensen te ontmoeten, of zoek een match.","breadcrumb":{"@id":"https:\/\/tinychat.com\/ometv\/#breadcrumb"},"inLanguage":"nl-NL","potentialAction":[{"@type":"ReadAction","target":["https:\/\/tinychat.com\/ometv\/"]}]},{"@type":"BreadcrumbList","@id":"https:\/\/tinychat.com\/ometv\/#breadcrumb","itemListElement":[{"@type":"ListItem","position":1,"name":"Home","item":"https:\/\/tinychat.com\/"},{"@type":"ListItem","position":2,"name":"OmeTV"}]},{"@type":"WebSite","@id":"https:\/\/tinychat.com\/#website","url":"https:\/\/tinychat.com\/","name":"TinyChat","description":"Willekeurige videochat met vreemden","publisher":{"@id":"https:\/\/tinychat.com\/#organization"},"alternateName":"TinyChat.com","potentialAction":[{"@type":"SearchAction","target":{"@type":"EntryPoint","urlTemplate":"https:\/\/tinychat.com\/?s={search_term_string}"},"query-input":{"@type":"PropertyValueSpecification","valueRequired":true,"valueName":"search_term_string"}}],"inLanguage":"nl-NL"},{"@type":"Organization","@id":"https:\/\/tinychat.com\/#organization","name":"TinyChat","alternateName":"TinyChat.com","url":"https:\/\/tinychat.com\/","logo":{"@type":"ImageObject","inLanguage":"nl-NL","@id":"https:\/\/tinychat.com\/#\/schema\/logo\/image\/","url":"https:\/\/tinychat.com\/wp-content\/uploads\/2023\/11\/Tinychat-icon-square.png","contentUrl":"https:\/\/tinychat.com\/wp-content\/uploads\/2023\/11\/Tinychat-icon-square.png","width":284,"height":284,"caption":"TinyChat"},"image":{"@id":"https:\/\/tinychat.com\/#\/schema\/logo\/image\/"},"sameAs":["https:\/\/www.facebook.com\/tinychat","https:\/\/x.com\/tinychat"]}]}},"_links":{"self":[{"href":"https:\/\/tinychat.com\/nl\/wp-json\/wp\/v2\/pages\/881","targetHints":{"allow":["GET"]}}],"collection":[{"href":"https:\/\/tinychat.com\/nl\/wp-json\/wp\/v2\/pages"}],"about":[{"href":"https:\/\/tinychat.com\/nl\/wp-json\/wp\/v2\/types\/page"}],"author":[{"embeddable":true,"href":"https:\/\/tinychat.com\/nl\/wp-json\/wp\/v2\/users\/6"}],"replies":[{"embeddable":true,"href":"https:\/\/tinychat.com\/nl\/wp-json\/wp\/v2\/comments?post=881"}],"version-history":[{"count":2,"href":"https:\/\/tinychat.com\/nl\/wp-json\/wp\/v2\/pages\/881\/revisions"}],"predecessor-version":[{"id":13174,"href":"https:\/\/tinychat.com\/nl\/wp-json\/wp\/v2\/pages\/881\/revisions\/13174"}],"wp:attachment":[{"href":"https:\/\/tinychat.com\/nl\/wp-json\/wp\/v2\/media?parent=881"}],"curies":[{"name":"wp","href":"https:\/\/api.w.org\/{rel}","templated":true}]}}