{"id":909,"date":"2025-04-04T12:10:29","date_gmt":"2025-04-04T10:10:29","guid":{"rendered":"https:\/\/tinychat.com\/?page_id=909"},"modified":"2025-07-07T18:18:13","modified_gmt":"2025-07-07T16:18:13","slug":"chathub","status":"publish","type":"page","link":"https:\/\/tinychat.com\/nl\/chathub\/","title":{"rendered":"Chathub"},"content":{"rendered":"<p>In een digitaal landschap waar online contact maken met vreemden zowel een tijdverdrijf als een levenslijn is geworden voor miljoenen, onderscheidt ChatHub zich als een moderne, verfijnde en zeer aanpasbare video-oplossing. <a href=\"https:\/\/tinychat.com\/nl\/chatroulette\/\">chat<\/a> platform. Met de opkomst van platforms als <a href=\"https:\/\/tinychat.com\/nl\/omegle\/\">Omegle<\/a>, <a href=\"https:\/\/tinychat.com\/nl\/chatroulette\/\">Chatroulette<\/a>en <a href=\"https:\/\/tinychat.com\/nl\/ometv\/\">OmeTV<\/a>Het idee om willekeurig mensen te ontmoeten via een webcam is niet nieuw meer, maar ChatHub brengt het in het heden met multi-chatvensters, sterke moderatie, krachtige filters en een gestroomlijnde gebruikerservaring.<\/p>\n<p>Of je hier nu bent om nieuwe mensen te ontmoeten, anoniem te flirten, een nieuwe taal te oefenen of gewoon de tijd te doden met vreemden, ChatHub biedt een platform dat schoner, veiliger en geavanceerder aanvoelt dan veel van zijn voorgangers. Het biedt alle willekeur en spontaniteit die mensen zo leuk vinden aan videochat, maar zonder de chaos.<\/p>\n<p>Laten we eens kijken hoe ChatHub werkt, wat het uniek maakt en waarom het misschien wel een van de beste alternatieven is voor <a href=\"https:\/\/tinychat.com\/nl\/omegle\/\">Omegle<\/a> in de video van vandaag <a href=\"https:\/\/tinychat.com\/nl\/chatroulette\/\">chat<\/a> ecosysteem.<\/p>\n<h2>Wat is ChatHub?<\/h2>\n<p>ChatHub is een gratis, browsergebaseerde, willekeurige <a href=\"https:\/\/tinychat.com\/nl\/chatroulette\/\">chat<\/a> site die gebruikers in staat stelt om via video of tekst in contact te komen met vreemden van over de hele wereld. ChatHub werd gelanceerd als reactie op de afnemende kwaliteit en moderatie van oudere platforms en is ontworpen om een schonere, veiligere en effici\u00ebntere gebruikerservaring te bieden.<\/p>\n<p>In tegenstelling tot veel concurrenten ondersteunt ChatHub tot vier gelijktijdige <a href=\"https:\/\/tinychat.com\/nl\/chatroulette\/\">chat<\/a> vensters, waardoor het een van de weinige willekeurige multi-cam <a href=\"https:\/\/tinychat.com\/nl\/chatroulette\/\">chat<\/a> online ervaringen. Het biedt ook filters op taal, geslacht (voor premium gebruikers) en locatie, zodat gebruikers hun zoekopdrachten kunnen verfijnen. <a href=\"https:\/\/tinychat.com\/nl\/chatroulette\/\">chat<\/a> partners op basis van voorkeuren.<\/p>\n<p>Het beste van alles is dat er geen registratie vereist is, wat betekent dat je er meteen in kunt duiken - direct, anoniem en gratis.<\/p>\n<h2>Belangrijkste functies van ChatHub<\/h2>\n<p>Wat ChatHub onderscheidt van een zee van <a href=\"https:\/\/tinychat.com\/nl\/\">willekeurige videochat<\/a> sites? Heel veel, eigenlijk. Hier volgt een overzicht van de meest opvallende functies:<\/p>\n<h3>1. E\u00e9n-op-\u00e9\u00e9n willekeurige videochat<\/h3>\n<p>In de kern biedt ChatHub directe video <a href=\"https:\/\/tinychat.com\/nl\/chatroulette\/\">chat<\/a> met vreemden van over de hele wereld. Klik gewoon op \"Start\" en je bent binnen enkele seconden verbonden met een nieuw iemand.<\/p>\n<p>De ervaring is gestroomlijnd en minimaal: geen pop-ups, geen onnodige animaties, alleen een persoonlijk gesprek.<\/p>\n<h3>2. Multi-Cam Chat (tot 4 vreemden)<\/h3>\n<p>Met ChatHub, een unieke en opvallende functie, kun je de multi-chatmodus inschakelen, waarbij je met maximaal vier mensen tegelijk verbinding kunt maken in verschillende vensters. Dit is perfect voor gebruikers die meer opties willen of houden van groepsinteracties.<\/p>\n<p>U kunt elk van de <a href=\"https:\/\/tinychat.com\/nl\/chatroulette\/\">chat<\/a> vensters onafhankelijk van elkaar uit, waardoor het een effici\u00ebnte manier is om de juiste persoon te vinden om mee te praten zonder al je gesprekken tegelijk te be\u00ebindigen.<\/p>\n<h3>3. Taal- en locatiefilters<\/h3>\n<p>ChatHub geeft gebruikers de mogelijkheid om te filteren op <a href=\"https:\/\/tinychat.com\/nl\/chatroulette\/\">chat<\/a> partners op taal, waardoor gesprekken soepeler en begrijpelijker verlopen. Wilt u alleen <a href=\"https:\/\/tinychat.com\/nl\/chatroulette\/\">chat<\/a> met Engels-, Spaans- of Franstaligen? Dat kan.<\/p>\n<p>Er is ook een locatiefilter beschikbaar, waarmee je gebruikers uit bepaalde landen voorrang kunt geven. Dit is vooral handig voor culturele uitwisselingen, regionale interesses of als je mensen uit een bepaald gebied wilt ontmoeten.<\/p>\n<h3>4. Geslachtsfilter (alleen Premium)<\/h3>\n<p>ChatHub biedt een betaalde genderfilter waarmee je kunt kiezen tussen chatten met mannen, vrouwen of beide. Dit is ideaal voor gebruikers die op zoek zijn naar meer persoonlijke interacties, waaronder datinggesprekken.<\/p>\n<p>De functie is beschikbaar via een premium abonnement, waarmee de moderatietools en advertentievrije ervaring worden gefinancierd.<\/p>\n<h3>5. Tekstchatmodus<\/h3>\n<p>Als je nog niet klaar bent voor video, of je bevindt je in een openbare omgeving, dan biedt ChatHub ook een tekst-alleen <a href=\"https:\/\/tinychat.com\/nl\/chatroulette\/\">chat<\/a> modus. Je kunt op elk moment schakelen tussen de tekst- en videomodus en deze optie is perfect voor gebruikers die de voorkeur geven aan meer ingetogen interacties.<\/p>\n<h3>6. Geen registratie vereist<\/h3>\n<p>Zoals <a href=\"https:\/\/tinychat.com\/nl\/omegle\/\">Omegle<\/a> en <a href=\"https:\/\/tinychat.com\/nl\/chatroulette\/\">Chatroulette<\/a>ChatHub hanteert een anoniem toegangsmodel. Je hoeft geen account aan te maken, geen e-mailadres op te geven en geen software te downloaden. Alles wordt afgehandeld via je browser.<\/p>\n<p>Deze drempelloze toegang stimuleert verkenning en spontane interacties.<\/p>\n<h3>7. Schone en minimale interface<\/h3>\n<p>De interface van ChatHub is ontworpen voor maximale gebruiksvriendelijkheid, zonder rommel, licht en intu\u00eftief. Met eenvoudige navigatie, snelle knoppen voor overslaan\/terugmelden\/blokkeren en snel laden, maakt het platform het gemakkelijk om gefocust te blijven op je gesprekken.<\/p>\n<h2>Hoe ChatHub gebruiken<\/h2>\n<p>Aan de slag gaan op ChatHub is eenvoudig en snel. Hier is een stap-voor-stap handleiding om je te helpen beginnen:<\/p>\n<h3>Stap 1: Bezoek de website<\/h3>\n<p>Ga naar ChatHub. Op de startpagina zie je video en tekst. <a href=\"https:\/\/tinychat.com\/nl\/chatroulette\/\">chat<\/a> opties.<\/p>\n<h3>Stap 2: Kies de chatmodus<\/h3>\n<p>Selecteer of je wilt beginnen met video of tekst <a href=\"https:\/\/tinychat.com\/nl\/chatroulette\/\">chat<\/a>. Als je video kiest, geef dan toegang tot je camera en microfoon.<\/p>\n<h3>Stap 3: Voorkeuren instellen (optioneel)<\/h3>\n<p>Voordat je begint, kun je filters instellen zoals:<\/p>\n<ul>\n<li>Taal<\/li>\n<li>Land<\/li>\n<li>Geslacht (alleen Premium-gebruikers)<\/li>\n<\/ul>\n<p>Je kunt ook de multi-chatmodus inschakelen als je met meerdere mensen tegelijk wilt praten.<\/p>\n<h3>Stap 4: Klik op \"Starten\".<\/h3>\n<p>Als je klaar bent, klik je op de \"Start\"-knop en word je verbonden met een willekeurige <a href=\"https:\/\/tinychat.com\/nl\/strangercam\/\">vreemdeling<\/a>. U kunt de <a href=\"https:\/\/tinychat.com\/nl\/chatroulette\/\">chat<\/a> of klik op \"Volgende\" om naar de volgende gebruiker te gaan.<\/p>\n<h3>Stap 5: Bedieningselementen op het scherm gebruiken<\/h3>\n<p>Je kunt het geluid uitschakelen, je camera uitzetten of gebruikers rechtstreeks vanuit de interface blokkeren\/rapporteren. Deze tools zijn altijd gemakkelijk toegankelijk tijdens je sessie.<\/p>\n<h2>Veiligheid en privacy op ChatHub<\/h2>\n<p>ChatHub legt sterk de nadruk op het cre\u00ebren van een veilige, respectvolle omgeving en biedt meerdere beschermingslagen voor gebruikers.<\/p>\n<h3>1. Moderatie-instrumenten<\/h3>\n<p>ChatHub gebruikt een combinatie van AI en menselijke moderatoren om ongepaste inhoud te detecteren en te blokkeren. Gebruikers die de richtlijnen overtreden (bijv. naaktheid, haatdragende taal, intimidatie) worden van het platform verbannen.<\/p>\n<h3>2. Rapporteren en blokkeren<\/h3>\n<p>Elke gebruiker heeft toegang tot de knoppen \"Rapporteren\" en \"Blokkeren\". Als je iemand tegenkomt die zich ongepast gedraagt, klik dan op de knop \"Rapporteren\". Herhaaldelijk gerapporteerde gebruikers worden gemarkeerd voor beoordeling en mogelijke verbanningen.<\/p>\n<h3>3. Optioneel Video uit\/Audio uit<\/h3>\n<p>Wil je niet meteen gezien of gehoord worden? Je kunt je webcam of microfoon uitschakelen voordat je een <a href=\"https:\/\/tinychat.com\/nl\/chatroulette\/\">chat<\/a> of op elk moment tijdens je sessie.<\/p>\n<h3>4. Anonimiteit<\/h3>\n<p>Er zijn geen accounts nodig, noch persoonlijke info of gebruikersnamen. ChatHub is volledig anoniem, tenzij je ervoor kiest om iets bekend te maken tijdens je <a href=\"https:\/\/tinychat.com\/nl\/chatroulette\/\">chat<\/a>.<\/p>\n<h3>5. Beveiligde verbinding<\/h3>\n<p>Alle gegevens worden verzonden via HTTPS, wat zorgt voor een veilige verbinding tussen gebruikers en het platform.<\/p>\n<h2>Gebruikerservaring op ChatHub<\/h2>\n<p>ChatHub wordt alom geprezen om zijn soepele interface, responsieve filters en snelle verbindingssnelheden. Hier volgt een overzicht van de ervaring vanuit gebruikersperspectief:<\/p>\n<h3>Sterke punten<\/h3>\n<ul>\n<li>Snelle koppeling: Verbindingen worden binnen enkele seconden gemaakt.<\/li>\n<li>Multi-Cam <a href=\"https:\/\/tinychat.com\/nl\/chatroulette\/\">Chat<\/a>: Meer betrokkenheid, meer keuze.<\/li>\n<li>Minder spam\/bot-activiteit: Betere filtering vermindert verkeer van lage kwaliteit.<\/li>\n<li>Moderne gebruikersinterface: Schoon, eenvoudig te navigeren, geoptimaliseerd voor desktop en mobiel.<\/li>\n<\/ul>\n<h3>Zwakke punten<\/h3>\n<ul>\n<li>Genderfilter achter betaalmuur: Sommige gebruikers geven de voorkeur aan gratis toegang tot deze optie.<\/li>\n<li>Nog geen mobiele app: In tegenstelling tot <a href=\"https:\/\/tinychat.com\/nl\/ometv\/\">OmeTV<\/a> of smaragd <a href=\"https:\/\/tinychat.com\/nl\/chatroulette\/\">Chat<\/a>ChatHub is alleen beschikbaar via browsers.<\/li>\n<\/ul>\n<h3>Feedback van echte gebruikers<\/h3>\n<blockquote><p>\"ChatHub is net als Omegle-maar dan echt bruikbaar. Ik hou van de lay-out en hoe schoon het aanvoelt.\"<br \/>\n- <em>Marcus P., Trustpilot<\/em><\/p><\/blockquote>\n<blockquote><p>\"Multi-chat is een game changer. Ik hoef niet steeds goede gesprekken te be\u00ebindigen om te kunnen blijven ontdekken.\"<br \/>\n- <em>Elise R., Reddit<\/em><\/p><\/blockquote>\n<blockquote><p>\"Ik voel me veiliger op ChatHub dan op <a href=\"https:\/\/tinychat.com\/nl\/chatroulette\/\">Chatroulette<\/a> of <a href=\"https:\/\/tinychat.com\/nl\/omegle\/\">Omegle<\/a>. De matiging werkt hier echt.\"<br \/>\n- <em>Daniel G., Sitejabber<\/em><\/p><\/blockquote>\n<h2>ChatHub vs Andere Chatplatforms<\/h2>\n<p>Hoe verhoudt ChatHub zich tot andere <a href=\"https:\/\/tinychat.com\/nl\/\">willekeurige videochat<\/a> sites? Hier volgt een kort overzicht:<\/p>\n<table>\n<thead>\n<tr>\n<th>Functie<\/th>\n<th>ChatHub<\/th>\n<th><a href=\"https:\/\/tinychat.com\/nl\/omegle\/\">Omegle<\/a><\/th>\n<th><a href=\"https:\/\/tinychat.com\/nl\/chatroulette\/\">Chatroulette<\/a><\/th>\n<th><a href=\"https:\/\/tinychat.com\/nl\/ometv\/\">OmeTV<\/a><\/th>\n<th><a href=\"https:\/\/tinychat.com\/nl\/strangercam\/\">StrangerCam<\/a><\/th>\n<\/tr>\n<\/thead>\n<tbody>\n<tr>\n<td>Multi-Cam <a href=\"https:\/\/tinychat.com\/nl\/chatroulette\/\">Chat<\/a><\/td>\n<td>Ja<\/td>\n<td>Nee<\/td>\n<td>Nee<\/td>\n<td>Nee<\/td>\n<td>Nee<\/td>\n<\/tr>\n<tr>\n<td>Tekst <a href=\"https:\/\/tinychat.com\/nl\/chatroulette\/\">Chat<\/a><\/td>\n<td>Ja<\/td>\n<td>Ja<\/td>\n<td>Ja<\/td>\n<td>Ja<\/td>\n<td>Ja<\/td>\n<\/tr>\n<tr>\n<td>Video <a href=\"https:\/\/tinychat.com\/nl\/chatroulette\/\">Chat<\/a><\/td>\n<td>Ja<\/td>\n<td>Ja<\/td>\n<td>Ja<\/td>\n<td>Ja<\/td>\n<td>Ja<\/td>\n<\/tr>\n<tr>\n<td>Taal Filter<\/td>\n<td>Ja<\/td>\n<td>Beperkt<\/td>\n<td>Nee<\/td>\n<td>Ja<\/td>\n<td>Nee<\/td>\n<\/tr>\n<tr>\n<td>Locatie Filter<\/td>\n<td>Ja<\/td>\n<td>Nee<\/td>\n<td>Ja<\/td>\n<td>Ja<\/td>\n<td>Premium<\/td>\n<\/tr>\n<tr>\n<td>Geslacht filter<\/td>\n<td>Premium<\/td>\n<td>Nee<\/td>\n<td>Nee<\/td>\n<td>Premium<\/td>\n<td>Premium<\/td>\n<\/tr>\n<tr>\n<td>Mobiele app<\/td>\n<td>Alleen browser<\/td>\n<td>Nee<\/td>\n<td>Ja<\/td>\n<td>Ja<\/td>\n<td>Ja<\/td>\n<\/tr>\n<tr>\n<td>Kwaliteit<\/td>\n<td>Hoog<\/td>\n<td>\u26a0\ufe0f Laag<\/td>\n<td>Matig<\/td>\n<td>Goed<\/td>\n<td>Goed<\/td>\n<\/tr>\n<\/tbody>\n<\/table>\n<p>Samenvatting: ChatHub blinkt uit in gebruiksvriendelijkheid, geavanceerde filters en multi-chat, maar heeft geen eigen app. Het is ideaal voor gebruikers die controle en flexibiliteit belangrijker vinden dan toevallige willekeur.<\/p>\n<h2>Tips om veilig te genieten van ChatHub<\/h2>\n<p>Volg deze tips om het meeste uit je ervaring te halen:<\/p>\n<ul>\n<li>Blijf anoniem tenzij je zeker weet met wie je praat.<\/li>\n<li>Gebruik de taalfilter voor soepelere gesprekken.<\/li>\n<li>Probeer multi-chat voor een bredere betrokkenheid.<\/li>\n<li>Meld ongepast gedrag om de gemeenschap te helpen verbeteren.<\/li>\n<li>Vermijd het delen van persoonlijke gegevens zoals volledige naam, e-mail of sociale accounts.<\/li>\n<li>Gebruik goede verlichting en een hoofdtelefoon om de kwaliteit te verbeteren.<\/li>\n<\/ul>\n<h2>Veelvoorkomende ChatHub-problemen oplossen<\/h2>\n<h3>Camera of microfoon niet gedetecteerd<\/h3>\n<p>Controleer de machtigingen van de browser en de instellingen van het besturingssysteem. Laad de site opnieuw of start de browser opnieuw op.<\/p>\n<h3>Filters werken niet<\/h3>\n<p>Vernieuw de pagina of leeg de cache van de browser. Voor geavanceerde filters zijn mogelijk premium functies vereist.<\/p>\n<h3>Trage verbinding<\/h3>\n<p>Schakel over op een stabiele Wi-Fi-verbinding. Schakel downloads of apps met hoge bandbreedte op de achtergrond uit.<\/p>\n<h3>Herhaalde matches krijgen<\/h3>\n<p>Pas je filters aan of probeer het opnieuw tijdens piekuren wanneer er meer gebruikers online zijn.<\/p>\n<h3>Verbannen van site<\/h3>\n<p>Verboden zijn vaak tijdelijk. Gebruik een VPN om van IP te veranderen of neem contact op met support als je denkt dat het een vergissing was.<\/p>\n<p>ChatHub is een van de meest doordacht ontworpen <a href=\"https:\/\/tinychat.com\/nl\/\">willekeurige videochat<\/a> platformen die vandaag beschikbaar zijn. Het is schoon, snel, respectvol en geeft gebruikers meer controle over hun ervaring dan veel van zijn oudere, chaotischere concurrenten.<\/p>\n<p>Met functies als multi-cam <a href=\"https:\/\/tinychat.com\/nl\/chatroulette\/\">chat<\/a>, taal\/locatiefilters en solide moderatie, biedt het wat de meeste mensen echt willen van een <a href=\"https:\/\/tinychat.com\/nl\/\">willekeurige videochat<\/a> ervaring: plezier, veiligheid en verbinding - zonder de onzin.<\/p>\n<p>Of je nu vrienden wilt maken, flirten, gespreksvaardigheden wilt oefenen of gewoon je tijd op een interessante manier wilt verdrijven, ChatHub is zeker de moeite waard.<\/p>\n<p>Bezoek ChatHub en neem je volgende sociale sprong - \u00e9\u00e9n klik, \u00e9\u00e9n gesprek en misschien \u00e9\u00e9n betekenisvolle connectie per keer.<\/p>","protected":false},"excerpt":{"rendered":"<p>In a digital landscape where connecting with strangers online has become both a pastime and a lifeline for millions, ChatHub stands out as a modern, refined, and highly customizable video chat platform. With the rise of platforms like Omegle, Chatroulette, and OmeTV, the idea of meeting people randomly via webcam is no longer novel\u2014but ChatHub [&hellip;]<\/p>\n","protected":false},"author":6,"featured_media":0,"parent":0,"menu_order":0,"comment_status":"closed","ping_status":"closed","template":"","meta":{"footnotes":""},"class_list":["post-909","page","type-page","status-publish","hentry"],"yoast_head":"<!-- This site is optimized with the Yoast SEO plugin v27.6 - https:\/\/yoast.com\/product\/yoast-seo-wordpress\/ -->\n<title>Chathub - 100% Free Random Video Chat - TinyChat<\/title>\n<meta name=\"description\" content=\"Chathub: Enjoy 100% free random video chat. Connect instantly and meet new people with no hidden costs on TinyChat.com.\" \/>\n<meta name=\"robots\" content=\"index, follow, max-snippet:-1, max-image-preview:large, max-video-preview:-1\" \/>\n<link rel=\"canonical\" href=\"https:\/\/tinychat.com\/nl\/chathub\/\" \/>\n<meta property=\"og:locale\" content=\"nl_NL\" \/>\n<meta property=\"og:type\" content=\"article\" \/>\n<meta property=\"og:title\" content=\"Chathub - 100% Free Random Video Chat - TinyChat\" \/>\n<meta property=\"og:description\" content=\"Chathub: Enjoy 100% free random video chat. Connect instantly and meet new people with no hidden costs on TinyChat.com.\" \/>\n<meta property=\"og:url\" content=\"https:\/\/tinychat.com\/nl\/chathub\/\" \/>\n<meta property=\"og:site_name\" content=\"TinyChat\" \/>\n<meta property=\"article:publisher\" content=\"https:\/\/www.facebook.com\/tinychat\" \/>\n<meta property=\"article:modified_time\" content=\"2025-07-07T16:18:13+00:00\" \/>\n<meta property=\"og:image\" content=\"https:\/\/tinychat.com\/wp-content\/uploads\/2020\/04\/Tinychat-logo-1280x284-new-black.png\" \/>\n\t<meta property=\"og:image:width\" content=\"1280\" \/>\n\t<meta property=\"og:image:height\" content=\"284\" \/>\n\t<meta property=\"og:image:type\" content=\"image\/png\" \/>\n<meta name=\"twitter:card\" content=\"summary_large_image\" \/>\n<meta name=\"twitter:site\" content=\"@tinychat\" \/>\n<meta name=\"twitter:label1\" content=\"Geschatte leestijd\" \/>\n\t<meta name=\"twitter:data1\" content=\"7 minuten\" \/>\n<script type=\"application\/ld+json\" class=\"yoast-schema-graph\">{\"@context\":\"https:\\\/\\\/schema.org\",\"@graph\":[{\"@type\":\"WebPage\",\"@id\":\"https:\\\/\\\/tinychat.com\\\/chathub\\\/\",\"url\":\"https:\\\/\\\/tinychat.com\\\/chathub\\\/\",\"name\":\"Chathub - 100% Free Random Video Chat - TinyChat\",\"isPartOf\":{\"@id\":\"https:\\\/\\\/tinychat.com\\\/#website\"},\"datePublished\":\"2025-04-04T10:10:29+00:00\",\"dateModified\":\"2025-07-07T16:18:13+00:00\",\"description\":\"Chathub: Enjoy 100% free random video chat. Connect instantly and meet new people with no hidden costs on TinyChat.com.\",\"breadcrumb\":{\"@id\":\"https:\\\/\\\/tinychat.com\\\/chathub\\\/#breadcrumb\"},\"inLanguage\":\"nl-NL\",\"potentialAction\":[{\"@type\":\"ReadAction\",\"target\":[\"https:\\\/\\\/tinychat.com\\\/chathub\\\/\"]}]},{\"@type\":\"BreadcrumbList\",\"@id\":\"https:\\\/\\\/tinychat.com\\\/chathub\\\/#breadcrumb\",\"itemListElement\":[{\"@type\":\"ListItem\",\"position\":1,\"name\":\"Home\",\"item\":\"https:\\\/\\\/tinychat.com\\\/\"},{\"@type\":\"ListItem\",\"position\":2,\"name\":\"Chathub\"}]},{\"@type\":\"WebSite\",\"@id\":\"https:\\\/\\\/tinychat.com\\\/#website\",\"url\":\"https:\\\/\\\/tinychat.com\\\/\",\"name\":\"TinyChat\",\"description\":\"Random Video Chat with Strangers\",\"publisher\":{\"@id\":\"https:\\\/\\\/tinychat.com\\\/#organization\"},\"alternateName\":\"TinyChat.com\",\"potentialAction\":[{\"@type\":\"SearchAction\",\"target\":{\"@type\":\"EntryPoint\",\"urlTemplate\":\"https:\\\/\\\/tinychat.com\\\/?s={search_term_string}\"},\"query-input\":{\"@type\":\"PropertyValueSpecification\",\"valueRequired\":true,\"valueName\":\"search_term_string\"}}],\"inLanguage\":\"nl-NL\"},{\"@type\":\"Organization\",\"@id\":\"https:\\\/\\\/tinychat.com\\\/#organization\",\"name\":\"TinyChat\",\"alternateName\":\"TinyChat.com\",\"url\":\"https:\\\/\\\/tinychat.com\\\/\",\"logo\":{\"@type\":\"ImageObject\",\"inLanguage\":\"nl-NL\",\"@id\":\"https:\\\/\\\/tinychat.com\\\/#\\\/schema\\\/logo\\\/image\\\/\",\"url\":\"https:\\\/\\\/tinychat.com\\\/wp-content\\\/uploads\\\/2023\\\/11\\\/Tinychat-icon-square.png\",\"contentUrl\":\"https:\\\/\\\/tinychat.com\\\/wp-content\\\/uploads\\\/2023\\\/11\\\/Tinychat-icon-square.png\",\"width\":284,\"height\":284,\"caption\":\"TinyChat\"},\"image\":{\"@id\":\"https:\\\/\\\/tinychat.com\\\/#\\\/schema\\\/logo\\\/image\\\/\"},\"sameAs\":[\"https:\\\/\\\/www.facebook.com\\\/tinychat\",\"https:\\\/\\\/x.com\\\/tinychat\"]}]}<\/script>\n<!-- \/ Yoast SEO plugin. -->","yoast_head_json":{"title":"Chathub - 100% Gratis willekeurige videochat - TinyChat","description":"Chathub: Geniet van 100% gratis random videochat. Maak direct contact en ontmoet nieuwe mensen zonder verborgen kosten op TinyChat.com.","robots":{"index":"index","follow":"follow","max-snippet":"max-snippet:-1","max-image-preview":"max-image-preview:large","max-video-preview":"max-video-preview:-1"},"canonical":"https:\/\/tinychat.com\/nl\/chathub\/","og_locale":"nl_NL","og_type":"article","og_title":"Chathub - 100% Free Random Video Chat - TinyChat","og_description":"Chathub: Enjoy 100% free random video chat. Connect instantly and meet new people with no hidden costs on TinyChat.com.","og_url":"https:\/\/tinychat.com\/nl\/chathub\/","og_site_name":"TinyChat","article_publisher":"https:\/\/www.facebook.com\/tinychat","article_modified_time":"2025-07-07T16:18:13+00:00","og_image":[{"width":1280,"height":284,"url":"https:\/\/tinychat.com\/wp-content\/uploads\/2020\/04\/Tinychat-logo-1280x284-new-black.png","type":"image\/png"}],"twitter_card":"summary_large_image","twitter_site":"@tinychat","twitter_misc":{"Geschatte leestijd":"7 minuten"},"schema":{"@context":"https:\/\/schema.org","@graph":[{"@type":"WebPage","@id":"https:\/\/tinychat.com\/chathub\/","url":"https:\/\/tinychat.com\/chathub\/","name":"Chathub - 100% Gratis willekeurige videochat - TinyChat","isPartOf":{"@id":"https:\/\/tinychat.com\/#website"},"datePublished":"2025-04-04T10:10:29+00:00","dateModified":"2025-07-07T16:18:13+00:00","description":"Chathub: Geniet van 100% gratis random videochat. Maak direct contact en ontmoet nieuwe mensen zonder verborgen kosten op TinyChat.com.","breadcrumb":{"@id":"https:\/\/tinychat.com\/chathub\/#breadcrumb"},"inLanguage":"nl-NL","potentialAction":[{"@type":"ReadAction","target":["https:\/\/tinychat.com\/chathub\/"]}]},{"@type":"BreadcrumbList","@id":"https:\/\/tinychat.com\/chathub\/#breadcrumb","itemListElement":[{"@type":"ListItem","position":1,"name":"Home","item":"https:\/\/tinychat.com\/"},{"@type":"ListItem","position":2,"name":"Chathub"}]},{"@type":"WebSite","@id":"https:\/\/tinychat.com\/#website","url":"https:\/\/tinychat.com\/","name":"TinyChat","description":"Willekeurige videochat met vreemden","publisher":{"@id":"https:\/\/tinychat.com\/#organization"},"alternateName":"TinyChat.com","potentialAction":[{"@type":"SearchAction","target":{"@type":"EntryPoint","urlTemplate":"https:\/\/tinychat.com\/?s={search_term_string}"},"query-input":{"@type":"PropertyValueSpecification","valueRequired":true,"valueName":"search_term_string"}}],"inLanguage":"nl-NL"},{"@type":"Organization","@id":"https:\/\/tinychat.com\/#organization","name":"TinyChat","alternateName":"TinyChat.com","url":"https:\/\/tinychat.com\/","logo":{"@type":"ImageObject","inLanguage":"nl-NL","@id":"https:\/\/tinychat.com\/#\/schema\/logo\/image\/","url":"https:\/\/tinychat.com\/wp-content\/uploads\/2023\/11\/Tinychat-icon-square.png","contentUrl":"https:\/\/tinychat.com\/wp-content\/uploads\/2023\/11\/Tinychat-icon-square.png","width":284,"height":284,"caption":"TinyChat"},"image":{"@id":"https:\/\/tinychat.com\/#\/schema\/logo\/image\/"},"sameAs":["https:\/\/www.facebook.com\/tinychat","https:\/\/x.com\/tinychat"]}]}},"_links":{"self":[{"href":"https:\/\/tinychat.com\/nl\/wp-json\/wp\/v2\/pages\/909","targetHints":{"allow":["GET"]}}],"collection":[{"href":"https:\/\/tinychat.com\/nl\/wp-json\/wp\/v2\/pages"}],"about":[{"href":"https:\/\/tinychat.com\/nl\/wp-json\/wp\/v2\/types\/page"}],"author":[{"embeddable":true,"href":"https:\/\/tinychat.com\/nl\/wp-json\/wp\/v2\/users\/6"}],"replies":[{"embeddable":true,"href":"https:\/\/tinychat.com\/nl\/wp-json\/wp\/v2\/comments?post=909"}],"version-history":[{"count":3,"href":"https:\/\/tinychat.com\/nl\/wp-json\/wp\/v2\/pages\/909\/revisions"}],"predecessor-version":[{"id":13177,"href":"https:\/\/tinychat.com\/nl\/wp-json\/wp\/v2\/pages\/909\/revisions\/13177"}],"wp:attachment":[{"href":"https:\/\/tinychat.com\/nl\/wp-json\/wp\/v2\/media?parent=909"}],"curies":[{"name":"wp","href":"https:\/\/api.w.org\/{rel}","templated":true}]}}