{"id":10047,"date":"2025-07-07T17:54:47","date_gmt":"2025-07-07T15:54:47","guid":{"rendered":"https:\/\/tinychat.com\/?page_id=10047"},"modified":"2025-07-07T18:49:48","modified_gmt":"2025-07-07T16:49:48","slug":"livu","status":"publish","type":"page","link":"https:\/\/tinychat.com\/pl\/livu\/","title":{"rendered":"Livu"},"content":{"rendered":"<p>W erze cyfrowej nasyconej sieciami spo\u0142eczno\u015bciowymi, wyselekcjonowanymi profilami i nieko\u0144cz\u0105cym si\u0119 przewijaniem, czasami wszystko, czego chcesz, to spontaniczna, prawdziwa rozmowa z kim\u015b, kogo nigdy nie spotka\u0142e\u015b. Oto obietnica LivU - nowej generacji aplikacji do losowych rozm\u00f3w wideo, kt\u00f3ra natychmiast \u0142\u0105czy Ci\u0119 z nieznajomymi na ca\u0142ym \u015bwiecie w celu zabawy, \u015bmiechu, a mo\u017ce nawet przyja\u017ani lub romansu. Niezale\u017cnie od tego, czy chcesz poszerzy\u0107 swoje horyzonty, znale\u017a\u0107 partnera do nauki, \u0107wiczy\u0107 j\u0119zyk, czy po prostu sp\u0119dzi\u0107 czas, LivU sprawia, \u017ce poznawanie nowych ludzi jest szybkie, bezpieczne i naprawd\u0119 ekscytuj\u0105ce.<\/p>\n<p>Pierwotnie uruchomiona jako platforma mobilna, LivU (czasami stylizowana na LiveU) mo\u017ce obecnie pochwali\u0107 si\u0119 milionami u\u017cytkownik\u00f3w w ponad 200 krajach, zdobywaj\u0105c entuzjastyczne recenzje za elegancki interfejs, pot\u0119\u017cny silnik dopasowywania i zaanga\u017cowanie w bezpiecze\u0144stwo spo\u0142eczno\u015bci. W tym szczeg\u00f3\u0142owym artykule zbadamy wszystko, co LivU ma do zaoferowania: jak dzia\u0142a, jego g\u0142\u00f3wne funkcje, wra\u017cenia u\u017cytkownika, bezpiecze\u0144stwo, jak wypada w por\u00f3wnaniu z konkurencj\u0105 i podstawowe wskaz\u00f3wki, jak najlepiej wykorzysta\u0107 ka\u017cdy czat.<\/p>\n<h2>Czym jest LivU?<\/h2>\n<p>LivU to darmowa aplikacja mobilna do losowego czatu wideo, czatu tekstowego i rozm\u00f3w na \u017cywo z nieznajomymi na ca\u0142ym \u015bwiecie. Pomy\u015bl o tym jak o cyfrowym paszporcie - otwierasz aplikacj\u0119, naciskasz przycisk i natychmiast \u0142\u0105czysz si\u0119 z now\u0105 osob\u0105 gdzie\u015b na \u015bwiecie, twarz\u0105 w twarz za pomoc\u0105 kamery i mikrofonu.<\/p>\n<p>Dzi\u0119ki pocz\u0105tkom w Azji i szybkiej globalnej ekspansji, LivU obs\u0142uguje obecnie ogromn\u0105, zr\u00f3\u017cnicowan\u0105 publiczno\u015b\u0107 obejmuj\u0105c\u0105 Ameryk\u0119 P\u00f3\u0142nocn\u0105, Europ\u0119, Bliski Wsch\u00f3d, Ameryk\u0119 Po\u0142udniow\u0105 i nie tylko. To, co wyr\u00f3\u017cnia LivU, to skupienie si\u0119 na autentycznych, bezpiecznych i zabawnych rozmowach, wspieranych przez zaawansowan\u0105 moderacj\u0119, funkcje t\u0142umaczenia i konfigurowalne filtry.<\/p>\n<p>Niezale\u017cnie od tego, czy chcesz nawi\u0105za\u0107 nowe znajomo\u015bci, pozna\u0107 r\u00f3\u017cne kultury, czy po prostu wyj\u015b\u0107 z ba\u0144ki spo\u0142ecznej, LivU zosta\u0142o zaprojektowane tak, aby ka\u017cde spotkanie sta\u0142o si\u0119 niezapomnian\u0105 chwil\u0105.<\/p>\n<h2>Kluczowe cechy LivU<\/h2>\n<p>LivU \u0142\u0105czy w sobie najlepsze funkcje losowych aplikacji do czat\u00f3w wideo z pot\u0119\u017cnymi dodatkami zapewniaj\u0105cymi bezpiecze\u0144stwo, zabaw\u0119 i znacz\u0105ce po\u0142\u0105czenie:<\/p>\n<h3>1. Natychmiastowy losowy czat wideo<\/h3>\n<p>Podstawow\u0105 funkcj\u0105 LivU jest losowy czat wideo za jednym dotkni\u0119ciem. Wystarczy otworzy\u0107 aplikacj\u0119, zezwoli\u0107 na dost\u0119p do kamery i mikrofonu, by rozpocz\u0105\u0107 rozmow\u0119 twarz\u0105 w twarz z nieznajomym. Je\u015bli nie spodoba ci si\u0119 tw\u00f3j mecz, po prostu przesu\u0144 palcem lub dotknij \"Dalej\", aby rozpocz\u0105\u0107 nowe spotkanie.<\/p>\n<h3>2. Filtry p\u0142ci i regionu<\/h3>\n<p>Chcesz rozmawia\u0107 tylko z kobietami lub pozna\u0107 osoby z okre\u015blonego kraju? LivU oferuje zaawansowane filtry (niekt\u00f3re darmowe, niekt\u00f3re premium) umo\u017cliwiaj\u0105ce wyb\u00f3r p\u0142ci lub regionu rozm\u00f3wcy. Idealny do \u0107wiczenia j\u0119zyka, znajdowania lokalnych przyjaci\u00f3\u0142 lub szukania mi\u0119dzynarodowych kontakt\u00f3w.<\/p>\n<h3>3. T\u0142umaczenie tekstu w czasie rzeczywistym<\/h3>\n<p>Prze\u0142am bariery j\u0119zykowe! T\u0142umaczenie w aplikacji LivU pozwala wygodnie rozmawia\u0107 z u\u017cytkownikami z innych kraj\u00f3w, automatycznie t\u0142umacz\u0105c wiadomo\u015bci w czasie rzeczywistym. Dzi\u0119ki temu globalne przyja\u017anie i wymiana j\u0119zykowa staj\u0105 si\u0119 p\u0142ynne.<\/p>\n<h3>4. Maski AR i filtry wideo<\/h3>\n<p>Dodaj zabawny akcent do swoich rozm\u00f3w dzi\u0119ki maskom AR, naklejkom i filtrom wideo w czasie rzeczywistym. Efekty te s\u0105 nie tylko zabawne, ale tak\u017ce pomagaj\u0105 poczu\u0107 si\u0119 bardziej komfortowo przed kamer\u0105, zw\u0142aszcza je\u015bli dopiero zaczynasz korzysta\u0107 z czatu wideo.<\/p>\n<h3>5. Czat tekstowy i obrazkowy<\/h3>\n<p>Wolisz zacz\u0105\u0107 od tekstu? LivU umo\u017cliwia prze\u0142\u0105czenie si\u0119 na czat tekstowy w dowolnym momencie, a tak\u017ce wysy\u0142anie zdj\u0119\u0107 lub emotikon\u00f3w (wszystkie podlegaj\u0105 moderacji ze wzgl\u0119d\u00f3w bezpiecze\u0144stwa).<\/p>\n<h3>6. Historia mecz\u00f3w i system znajomych<\/h3>\n<p>Znalaz\u0142e\u015b kogo\u015b, z kim chcia\u0142by\u015b ponownie porozmawia\u0107? Dodaj t\u0119 osob\u0119 do znajomych, wy\u015blij prezenty lub znajd\u017a j\u0105 w historii mecz\u00f3w, aby porozmawia\u0107 z ni\u0105 w przysz\u0142o\u015bci.<\/p>\n<h3>7. Prezenty za po\u0142\u0105czenia wideo i waluta w aplikacji<\/h3>\n<p>LivU zawiera system wirtualnych prezent\u00f3w i monet w aplikacji. Prezenty to \u015bwietny spos\u00f3b na prze\u0142amanie lod\u00f3w, okazanie uznania lub wyr\u00f3\u017cnienie si\u0119 z t\u0142umu.<\/p>\n<h3>8. Umiarkowanie i kontrole bezpiecze\u0144stwa<\/h3>\n<p>LivU priorytetowo traktuje bezpiecze\u0144stwo spo\u0142eczno\u015bci:<\/p>\n<ul>\n<li>Moderowanie tre\u015bci oparte na sztucznej inteligencji<\/li>\n<li>Moderatorzy 24\/7<\/li>\n<li>Funkcje szybkiego raportowania i blokowania<\/li>\n<li>Wskaz\u00f3wki dotycz\u0105ce bezpiecznego czatu i ochrony prywatno\u015bci<\/li>\n<\/ul>\n<h3>9. Dostosowywanie profilu<\/h3>\n<p>Zarejestrowani u\u017cytkownicy mog\u0105 skonfigurowa\u0107 szczeg\u00f3\u0142owy profil ze zdj\u0119ciami, biografi\u0105, zainteresowaniami i nie tylko - pomagaj\u0105c innym lepiej Ci\u0119 pozna\u0107 i prowadz\u0105c do bardziej znacz\u0105cych kontakt\u00f3w.<\/p>\n<h3>10. Mobile-First Design<\/h3>\n<p>LivU zosta\u0142o stworzone dla system\u00f3w Android i iOS, z szybkim, nowoczesnym interfejsem zoptymalizowanym pod k\u0105tem telefon\u00f3w i tablet\u00f3w. Wersja na komputery stacjonarne nie jest wymagana.<\/p>\n<h2>Jak korzysta\u0107 z LivU<\/h2>\n<p>Rozpocz\u0119cie korzystania z LivU jest szybkie i \u0142atwe:<\/p>\n<h3>Krok 1: Pobranie i zainstalowanie aplikacji<\/h3>\n<p>Wyszukaj LivU w App Store (iOS) lub Google Play (Android) i zainstaluj aplikacj\u0119.<\/p>\n<h3>Krok 2: Zarejestruj si\u0119 lub zaloguj<\/h3>\n<p>Mo\u017cesz korzysta\u0107 z LivU jako go\u015b\u0107 do natychmiastowego czatu wideo, ale rejestracja (za pomoc\u0105 telefonu, e-maila lub loginu spo\u0142eczno\u015bciowego) odblokowuje wi\u0119cej funkcji, takich jak zarz\u0105dzanie znajomymi, dostosowywanie profilu i wysy\u0142anie prezent\u00f3w.<\/p>\n<h3>Krok 3: Przyznanie dost\u0119pu do kamery, mikrofonu i lokalizacji<\/h3>\n<p>LivU poprosi o uprawnienia do wideo i audio. Mo\u017cesz tak\u017ce w\u0142\u0105czy\u0107 lokalizacj\u0119 w celu dok\u0142adniejszego dopasowania regionu (opcjonalnie).<\/p>\n<h3>Krok 4: Ustaw filtry i preferencje<\/h3>\n<p>Wybierz filtry p\u0142ci lub kraju (opcjonalnie, niekt\u00f3re mog\u0105 wymaga\u0107 monet lub subskrypcji premium).<\/p>\n<h3>Krok 5: Rozpocznij czat<\/h3>\n<p>Stuknij \"Start\" lub \"Go Live\", aby rozpocz\u0105\u0107 losow\u0105 przygod\u0119 z czatem wideo. Mo\u017cesz prze\u0142\u0105cza\u0107 si\u0119 mi\u0119dzy czatem wideo i tekstowym w dowolnym momencie.<\/p>\n<h3>Krok 6: U\u017cywaj prezent\u00f3w, naklejek i t\u0142umacze\u0144<\/h3>\n<p>Wzboga\u0107 sw\u00f3j czat o efekty AR, prezenty lub t\u0142umaczenie w czasie rzeczywistym.<\/p>\n<h3>Krok 7: Dodaj znajomych lub po\u0142\u0105cz si\u0119 ponownie<\/h3>\n<p>Je\u015bli przypadli\u015bcie sobie do gustu, dodaj swojego partnera jako znajomego lub skorzystaj z historii mecz\u00f3w, aby p\u00f3\u017aniej ponownie nawi\u0105za\u0107 po\u0142\u0105czenie.<\/p>\n<h2>Do\u015bwiadczenie u\u017cytkownika na LivU<\/h2>\n<p>LivU zosta\u0142o zaprojektowane z my\u015bl\u0105 o szybko\u015bci, bezpiecze\u0144stwie i czystej zabawie, zapewniaj\u0105c u\u017cytkownikom \u017cyw\u0105 i przyjazn\u0105 przestrze\u0144 do nawi\u0105zywania nowych kontakt\u00f3w.<\/p>\n<h3>Co kochaj\u0105 u\u017cytkownicy<\/h3>\n<ul>\n<li>\u2705 Natychmiastowy czat wideo - bez czekania, bez konieczno\u015bci rejestracji do podstawowego u\u017cytku<\/li>\n<li>Globalna baza u\u017cytkownik\u00f3w - miliony online w dowolnym momencie<\/li>\n<li>\u2705 Filtry - \u0142atwe \u0142\u0105czenie wed\u0142ug p\u0142ci, j\u0119zyka lub lokalizacji<\/li>\n<li>\u2705 Narz\u0119dzia do t\u0142umaczenia - czat w r\u00f3\u017cnych j\u0119zykach, bez wysi\u0142ku<\/li>\n<li>Kreatywne efekty AR - prze\u0142om dla nie\u015bmia\u0142ych u\u017cytkownik\u00f3w<\/li>\n<li>\u2705 System znajomo\u015bci i dopasowa\u0144 - buduj prawdziwe, trwa\u0142e wi\u0119zi<\/li>\n<li>\u2705 Bezpieczne i moderowane - sztuczna inteligencja i ludzie dbaj\u0105 o czysto\u015b\u0107.<\/li>\n<\/ul>\n<h3>Co LivU mo\u017ce poprawi\u0107<\/h3>\n<ul>\n<li>Niekt\u00f3re filtry i funkcje wymagaj\u0105 monet lub subskrypcji premium.<\/li>\n<li>Sporadyczni nieodpowiedni u\u017cytkownicy (u\u017cyj narz\u0119dzi do blokowania\/raportowania)<\/li>\n<li>Wci\u0105gaj\u0105ca - \u0142atwo sp\u0119dzi\u0107 godziny na czacie!<\/li>\n<li>\u274c Brak wersji desktopowej\/webowej<\/li>\n<li>Darmowa wersja ma reklamy i ograniczenia dotycz\u0105ce monet.<\/li>\n<\/ul>\n<h3>Prawdziwe recenzje u\u017cytkownik\u00f3w<\/h3>\n<blockquote><p>\"Pozna\u0142em przyjaci\u00f3\u0142 w czterech krajach i poprawi\u0142em sw\u00f3j angielski. T\u0142umaczenie dzia\u0142a naprawd\u0119 dobrze!\"<br \/>\n- <em>Daniel R., Google Play Review<\/em><\/p><\/blockquote>\n<blockquote><p>\"Maski AR sprawiaj\u0105, \u017ce nie\u015bmiali ludzie czuj\u0105 si\u0119 mniej niezr\u0119cznie. System znajomych oznacza, \u017ce mog\u0119 rozmawia\u0107 z fajnymi lud\u017ami\".<br \/>\n- <em>Sophie L., App Store<\/em><\/p><\/blockquote>\n<blockquote><p>\"Jest bezpieczna, zabawna i \u0142atwa w u\u017cyciu. Filtr p\u0142ci jest \u015bwietny, ale kosztuje monety, je\u015bli chcesz korzysta\u0107 z niego bez ogranicze\u0144\".<br \/>\n- <em>Ahmed T., Trustpilot<\/em><\/p><\/blockquote>\n<h2>LivU a inne losowe aplikacje do czat\u00f3w wideo<\/h2>\n<p>Jak LivU wypada na tle najlepszych platform do czat\u00f3w wideo na \u015bwiecie?<\/p>\n<table>\n<thead>\n<tr>\n<th>Cecha<\/th>\n<th>LivU<\/th>\n<th>HOLLA<\/th>\n<th>Omegle<\/th>\n<th>Chatrandom<\/th>\n<th>Funyo<\/th>\n<th>LuckyCrush<\/th>\n<\/tr>\n<\/thead>\n<tbody>\n<tr>\n<td>Aplikacja mobilna<\/td>\n<td>Tak<\/td>\n<td>Tak<\/td>\n<td>Nie<\/td>\n<td>Tak<\/td>\n<td>Tak<\/td>\n<td>Tak<\/td>\n<\/tr>\n<tr>\n<td>Rejestracja nie jest wymagana<\/td>\n<td>Tak<\/td>\n<td>Tak<\/td>\n<td>Tak<\/td>\n<td>Tak<\/td>\n<td>Tak<\/td>\n<td>Tylko dla m\u0119\u017cczyzn<\/td>\n<\/tr>\n<tr>\n<td>Wideo\/g\u0142os\/tekst<\/td>\n<td>Wszystkie<\/td>\n<td>Wszystkie<\/td>\n<td>\u2705\/\u274c\/\u2705<\/td>\n<td>\u2705\/\u274c\/\u2705<\/td>\n<td>\u2705\/\u274c\/\u2705<\/td>\n<td>\u2705\/\u274c\/\u2705<\/td>\n<\/tr>\n<tr>\n<td>Filtry p\u0142ci\/kraju<\/td>\n<td>Premium<\/td>\n<td>Premium<\/td>\n<td>\u26a0\ufe0f Limited<\/td>\n<td>Premium<\/td>\n<td>Premium<\/td>\n<td>Tak<\/td>\n<\/tr>\n<tr>\n<td>Efekty\/filtry AR<\/td>\n<td>Tak<\/td>\n<td>Tak<\/td>\n<td>Nie<\/td>\n<td>Nie<\/td>\n<td>Nie<\/td>\n<td>Nie<\/td>\n<\/tr>\n<tr>\n<td>T\u0142umaczenie<\/td>\n<td>Tak<\/td>\n<td>Tak<\/td>\n<td>Nie<\/td>\n<td>Nie<\/td>\n<td>Nie<\/td>\n<td>Nie<\/td>\n<\/tr>\n<tr>\n<td>System znajomo\u015bci\/dopasowania<\/td>\n<td>Tak<\/td>\n<td>Tak<\/td>\n<td>Nie<\/td>\n<td>Tak<\/td>\n<td>Tak<\/td>\n<td>Tak<\/td>\n<\/tr>\n<tr>\n<td>Bezpiecze\u0144stwo\/Moderacja<\/td>\n<td>Silny<\/td>\n<td>Silny<\/td>\n<td>\u26a0\ufe0f Limited<\/td>\n<td>Tak<\/td>\n<td>Tak<\/td>\n<td>Tak<\/td>\n<\/tr>\n<\/tbody>\n<\/table>\n<p>Podsumowanie: LivU jest idealnym rozwi\u0105zaniem dla u\u017cytkownik\u00f3w, kt\u00f3rzy chc\u0105 korzysta\u0107 z mobilnego, bezpiecznego i bogatego w funkcje losowego czatu wideo o globalnym zasi\u0119gu i inteligentnym t\u0142umaczeniu.<\/p>\n<h2>Czy LivU jest bezpieczne?<\/h2>\n<p>LivU priorytetowo traktuje bezpiecze\u0144stwo i prywatno\u015b\u0107 u\u017cytkownik\u00f3w poprzez po\u0142\u0105czenie technologii i moderacji:<\/p>\n<ul>\n<li>Oparta na sztucznej inteligencji moderacja tre\u015bci sprawdza wideo i tekst pod k\u0105tem nadu\u017cy\u0107 lub nago\u015bci.<\/li>\n<li>Moderatorzy 24\/7 reaguj\u0105 na zg\u0142oszenia i sprawdzaj\u0105 podejrzane zachowania.<\/li>\n<li>Funkcje raportowania\/blokowania umo\u017cliwiaj\u0105 u\u017cytkownikom natychmiastowe usuwanie problematycznych dopasowa\u0144.<\/li>\n<li>Brak publicznych post\u00f3w - wszystkie czaty s\u0105 prywatne i jeden na jednego<\/li>\n<li>Historia mecz\u00f3w i kontrola znajomych zapewniaj\u0105 kontrol\u0119 nad bie\u017c\u0105cymi po\u0142\u0105czeniami<\/li>\n<\/ul>\n<h3>Wskaz\u00f3wki dotycz\u0105ce bezpiecze\u0144stwa<\/h3>\n<ul>\n<li>Nigdy nie udost\u0119pniaj swojego prawdziwego imienia i nazwiska, danych kontaktowych ani informacji finansowych.<\/li>\n<li>Zako\u0144cz czat, je\u015bli czujesz si\u0119 niekomfortowo - nie wahaj si\u0119 go zablokowa\u0107\/zg\u0142osi\u0107.<\/li>\n<li>Nie klikaj link\u00f3w ani nie akceptuj plik\u00f3w od nieznajomych.<\/li>\n<li>Dodawaj do znajomych tylko te osoby, kt\u00f3rym naprawd\u0119 ufasz.<\/li>\n<\/ul>\n<h2>Wskaz\u00f3wki, jak najlepiej wykorzysta\u0107 LivU<\/h2>\n<ul>\n<li>Zacznij od u\u015bmiechu i przywitania: Przyjazne powitania przynosz\u0105 najlepsze rezultaty<\/li>\n<li>Wypr\u00f3buj filtry: Po\u0142\u0105cz si\u0119 z u\u017cytkownikami wed\u0142ug kraju lub p\u0142ci, aby dopasowa\u0107 swoje zainteresowania<\/li>\n<li>U\u017cywaj masek AR: Prze\u0142am lody, baw si\u0119 dobrze i z\u0142agod\u017a nerwy przed kamer\u0105<\/li>\n<li>\u0106wicz j\u0119zyki: Korzystaj z t\u0142umacze\u0144, aby uczy\u0107 si\u0119 i rozmawia\u0107 z u\u017cytkownikami na ca\u0142ym \u015bwiecie<\/li>\n<li>Zachowaj lekko\u015b\u0107 i szacunek: Pozytywna energia prowadzi do lepszych rozm\u00f3w<\/li>\n<li>Zachowaj bezpiecze\u0144stwo: Zaufaj swojemu instynktowi i swobodnie korzystaj z narz\u0119dzi bezpiecze\u0144stwa aplikacji<\/li>\n<\/ul>\n<h2>Rozwi\u0105zywanie typowych problem\u00f3w z LivU<\/h2>\n<h3>Nie dzia\u0142a kamera lub mikrofon<\/h3>\n<p>Sprawd\u017a uprawnienia aplikacji w ustawieniach telefonu, zamknij inne aplikacje korzystaj\u0105ce z aparatu i uruchom ponownie aplikacj\u0119.<\/p>\n<h3>Spadki lub op\u00f3\u017anienia po\u0142\u0105czenia<\/h3>\n<p>Korzystaj z silnego po\u0142\u0105czenia Wi-Fi, zamknij aplikacje wymagaj\u0105ce du\u017cej przepustowo\u015bci i zaktualizuj LivU do najnowszej wersji.<\/p>\n<h3>Filtry niedost\u0119pne<\/h3>\n<p>Niekt\u00f3re filtry wymagaj\u0105 monet lub cz\u0142onkostwa premium; sprawd\u017a saldo lub subskrypcj\u0119.<\/p>\n<h3>Napotykanie nieodpowiednich u\u017cytkownik\u00f3w<\/h3>\n<p>Natychmiast dotknij opcji zablokuj lub zg\u0142o\u015b. Zesp\u00f3\u0142 moderator\u00f3w reaguje i blokuje sprawc\u00f3w.<\/p>\n<h3>T\u0142umaczenie nie dzia\u0142a<\/h3>\n<p>Upewnij si\u0119, \u017ce aplikacja jest zaktualizowana, a po\u0142\u0105czenie internetowe stabilne. Niekt\u00f3re funkcje mog\u0105 wymaga\u0107 subskrypcji premium.<\/p>\n<h2>Przemy\u015blenia ko\u0144cowe: Czy warto wypr\u00f3bowa\u0107 LivU?<\/h2>\n<p>Jak najbardziej - zw\u0142aszcza dla ka\u017cdego, kto uwielbia spontaniczne znajomo\u015bci, globalne przyja\u017anie i emocje zwi\u0105zane z czatami wideo. Prosty interfejs LivU, zaawansowane funkcje dopasowywania i t\u0142umaczenia oraz dba\u0142o\u015b\u0107 o bezpiecze\u0144stwo sprawiaj\u0105, \u017ce jest to jedna z najlepszych aplikacji do losowego czatowania zar\u00f3wno dla nowych, jak i do\u015bwiadczonych u\u017cytkownik\u00f3w.<\/p>\n<p>Niezale\u017cnie od tego, czy chcesz pozna\u0107 nowych przyjaci\u00f3\u0142, po\u0107wiczy\u0107 j\u0119zyk, czy po prostu zabi\u0107 troch\u0119 czasu, LivU zapewnia naprawd\u0119 zabawne i wci\u0105gaj\u0105ce do\u015bwiadczenie.<\/p>\n<p>Pobierz LivU z App Store lub Google Play, przyznaj dost\u0119p do kamery i zanurz si\u0119 w \u015bwiecie nowych rozm\u00f3w. Kto wie, kogo spotkasz w przysz\u0142o\u015bci?<\/p>","protected":false},"excerpt":{"rendered":"<p>In a digital age saturated with social networks, curated profiles, and endless scrolling, sometimes all you want is a spontaneous, real conversation with someone you\u2019ve never met. That\u2019s the promise of LivU \u2014 a next-generation random video chat app that instantly connects you to strangers across the world for fun, laughter, and maybe even friendship [&hellip;]<\/p>\n","protected":false},"author":6,"featured_media":0,"parent":0,"menu_order":0,"comment_status":"closed","ping_status":"closed","template":"","meta":{"footnotes":""},"class_list":["post-10047","page","type-page","status-publish","hentry"],"yoast_head":"<!-- This site is optimized with the Yoast SEO plugin v27.3 - https:\/\/yoast.com\/product\/yoast-seo-wordpress\/ -->\n<title>Livu - Live Video Chat &amp; Meet New People - TinyChat.com<\/title>\n<meta name=\"description\" content=\"Enjoying Livu? Join over 50,000,000 strangers on TinyChat! Turn on your cam and start meeting new people, or find a match.\" \/>\n<meta name=\"robots\" content=\"index, follow, max-snippet:-1, max-image-preview:large, max-video-preview:-1\" \/>\n<link rel=\"canonical\" href=\"https:\/\/tinychat.com\/pl\/livu\/\" \/>\n<meta property=\"og:locale\" content=\"pl_PL\" \/>\n<meta property=\"og:type\" content=\"article\" \/>\n<meta property=\"og:title\" content=\"Livu - Live Video Chat &amp; Meet New People - TinyChat.com\" \/>\n<meta property=\"og:description\" content=\"Enjoying Livu? Join over 50,000,000 strangers on TinyChat! Turn on your cam and start meeting new people, or find a match.\" \/>\n<meta property=\"og:url\" content=\"https:\/\/tinychat.com\/pl\/livu\/\" \/>\n<meta property=\"og:site_name\" content=\"TinyChat\" \/>\n<meta property=\"article:publisher\" content=\"https:\/\/www.facebook.com\/tinychat\" \/>\n<meta property=\"article:modified_time\" content=\"2025-07-07T16:49:48+00:00\" \/>\n<meta property=\"og:image\" content=\"https:\/\/tinychat.com\/wp-content\/uploads\/2020\/04\/Tinychat-logo-1280x284-new-black.png\" \/>\n\t<meta property=\"og:image:width\" content=\"1280\" \/>\n\t<meta property=\"og:image:height\" content=\"284\" \/>\n\t<meta property=\"og:image:type\" content=\"image\/png\" \/>\n<meta name=\"twitter:card\" content=\"summary_large_image\" \/>\n<meta name=\"twitter:site\" content=\"@tinychat\" \/>\n<meta name=\"twitter:label1\" content=\"Szacowany czas czytania\" \/>\n\t<meta name=\"twitter:data1\" content=\"7 minut\" \/>\n<script type=\"application\/ld+json\" class=\"yoast-schema-graph\">{\"@context\":\"https:\\\/\\\/schema.org\",\"@graph\":[{\"@type\":\"WebPage\",\"@id\":\"https:\\\/\\\/tinychat.com\\\/livu\\\/\",\"url\":\"https:\\\/\\\/tinychat.com\\\/livu\\\/\",\"name\":\"Livu - Live Video Chat & Meet New People - TinyChat.com\",\"isPartOf\":{\"@id\":\"https:\\\/\\\/tinychat.com\\\/#website\"},\"datePublished\":\"2025-07-07T15:54:47+00:00\",\"dateModified\":\"2025-07-07T16:49:48+00:00\",\"description\":\"Enjoying Livu? Join over 50,000,000 strangers on TinyChat! Turn on your cam and start meeting new people, or find a match.\",\"breadcrumb\":{\"@id\":\"https:\\\/\\\/tinychat.com\\\/livu\\\/#breadcrumb\"},\"inLanguage\":\"pl-PL\",\"potentialAction\":[{\"@type\":\"ReadAction\",\"target\":[\"https:\\\/\\\/tinychat.com\\\/livu\\\/\"]}]},{\"@type\":\"BreadcrumbList\",\"@id\":\"https:\\\/\\\/tinychat.com\\\/livu\\\/#breadcrumb\",\"itemListElement\":[{\"@type\":\"ListItem\",\"position\":1,\"name\":\"Home\",\"item\":\"https:\\\/\\\/tinychat.com\\\/\"},{\"@type\":\"ListItem\",\"position\":2,\"name\":\"Livu\"}]},{\"@type\":\"WebSite\",\"@id\":\"https:\\\/\\\/tinychat.com\\\/#website\",\"url\":\"https:\\\/\\\/tinychat.com\\\/\",\"name\":\"TinyChat\",\"description\":\"Random Video Chat with Strangers\",\"publisher\":{\"@id\":\"https:\\\/\\\/tinychat.com\\\/#organization\"},\"alternateName\":\"TinyChat.com\",\"potentialAction\":[{\"@type\":\"SearchAction\",\"target\":{\"@type\":\"EntryPoint\",\"urlTemplate\":\"https:\\\/\\\/tinychat.com\\\/?s={search_term_string}\"},\"query-input\":{\"@type\":\"PropertyValueSpecification\",\"valueRequired\":true,\"valueName\":\"search_term_string\"}}],\"inLanguage\":\"pl-PL\"},{\"@type\":\"Organization\",\"@id\":\"https:\\\/\\\/tinychat.com\\\/#organization\",\"name\":\"TinyChat\",\"alternateName\":\"TinyChat.com\",\"url\":\"https:\\\/\\\/tinychat.com\\\/\",\"logo\":{\"@type\":\"ImageObject\",\"inLanguage\":\"pl-PL\",\"@id\":\"https:\\\/\\\/tinychat.com\\\/#\\\/schema\\\/logo\\\/image\\\/\",\"url\":\"https:\\\/\\\/tinychat.com\\\/wp-content\\\/uploads\\\/2023\\\/11\\\/Tinychat-icon-square.png\",\"contentUrl\":\"https:\\\/\\\/tinychat.com\\\/wp-content\\\/uploads\\\/2023\\\/11\\\/Tinychat-icon-square.png\",\"width\":284,\"height\":284,\"caption\":\"TinyChat\"},\"image\":{\"@id\":\"https:\\\/\\\/tinychat.com\\\/#\\\/schema\\\/logo\\\/image\\\/\"},\"sameAs\":[\"https:\\\/\\\/www.facebook.com\\\/tinychat\",\"https:\\\/\\\/x.com\\\/tinychat\"]}]}<\/script>\n<!-- \/ Yoast SEO plugin. -->","yoast_head_json":{"title":"Livu - Czat wideo na \u017cywo i poznawanie nowych ludzi - TinyChat.com","description":"Korzystasz z Livu? Do\u0142\u0105cz do ponad 50 000 000 nieznajomych na TinyChat! W\u0142\u0105cz kamer\u0119 i zacznij poznawa\u0107 nowych ludzi lub znajd\u017a partnera.","robots":{"index":"index","follow":"follow","max-snippet":"max-snippet:-1","max-image-preview":"max-image-preview:large","max-video-preview":"max-video-preview:-1"},"canonical":"https:\/\/tinychat.com\/pl\/livu\/","og_locale":"pl_PL","og_type":"article","og_title":"Livu - Live Video Chat & Meet New People - TinyChat.com","og_description":"Enjoying Livu? Join over 50,000,000 strangers on TinyChat! Turn on your cam and start meeting new people, or find a match.","og_url":"https:\/\/tinychat.com\/pl\/livu\/","og_site_name":"TinyChat","article_publisher":"https:\/\/www.facebook.com\/tinychat","article_modified_time":"2025-07-07T16:49:48+00:00","og_image":[{"width":1280,"height":284,"url":"https:\/\/tinychat.com\/wp-content\/uploads\/2020\/04\/Tinychat-logo-1280x284-new-black.png","type":"image\/png"}],"twitter_card":"summary_large_image","twitter_site":"@tinychat","twitter_misc":{"Szacowany czas czytania":"7 minut"},"schema":{"@context":"https:\/\/schema.org","@graph":[{"@type":"WebPage","@id":"https:\/\/tinychat.com\/livu\/","url":"https:\/\/tinychat.com\/livu\/","name":"Livu - Czat wideo na \u017cywo i poznawanie nowych ludzi - TinyChat.com","isPartOf":{"@id":"https:\/\/tinychat.com\/#website"},"datePublished":"2025-07-07T15:54:47+00:00","dateModified":"2025-07-07T16:49:48+00:00","description":"Korzystasz z Livu? Do\u0142\u0105cz do ponad 50 000 000 nieznajomych na TinyChat! W\u0142\u0105cz kamer\u0119 i zacznij poznawa\u0107 nowych ludzi lub znajd\u017a partnera.","breadcrumb":{"@id":"https:\/\/tinychat.com\/livu\/#breadcrumb"},"inLanguage":"pl-PL","potentialAction":[{"@type":"ReadAction","target":["https:\/\/tinychat.com\/livu\/"]}]},{"@type":"BreadcrumbList","@id":"https:\/\/tinychat.com\/livu\/#breadcrumb","itemListElement":[{"@type":"ListItem","position":1,"name":"Home","item":"https:\/\/tinychat.com\/"},{"@type":"ListItem","position":2,"name":"Livu"}]},{"@type":"WebSite","@id":"https:\/\/tinychat.com\/#website","url":"https:\/\/tinychat.com\/","name":"TinyChat","description":"Losowy czat wideo z nieznajomymi","publisher":{"@id":"https:\/\/tinychat.com\/#organization"},"alternateName":"TinyChat.com","potentialAction":[{"@type":"SearchAction","target":{"@type":"EntryPoint","urlTemplate":"https:\/\/tinychat.com\/?s={search_term_string}"},"query-input":{"@type":"PropertyValueSpecification","valueRequired":true,"valueName":"search_term_string"}}],"inLanguage":"pl-PL"},{"@type":"Organization","@id":"https:\/\/tinychat.com\/#organization","name":"TinyChat","alternateName":"TinyChat.com","url":"https:\/\/tinychat.com\/","logo":{"@type":"ImageObject","inLanguage":"pl-PL","@id":"https:\/\/tinychat.com\/#\/schema\/logo\/image\/","url":"https:\/\/tinychat.com\/wp-content\/uploads\/2023\/11\/Tinychat-icon-square.png","contentUrl":"https:\/\/tinychat.com\/wp-content\/uploads\/2023\/11\/Tinychat-icon-square.png","width":284,"height":284,"caption":"TinyChat"},"image":{"@id":"https:\/\/tinychat.com\/#\/schema\/logo\/image\/"},"sameAs":["https:\/\/www.facebook.com\/tinychat","https:\/\/x.com\/tinychat"]}]}},"_links":{"self":[{"href":"https:\/\/tinychat.com\/pl\/wp-json\/wp\/v2\/pages\/10047","targetHints":{"allow":["GET"]}}],"collection":[{"href":"https:\/\/tinychat.com\/pl\/wp-json\/wp\/v2\/pages"}],"about":[{"href":"https:\/\/tinychat.com\/pl\/wp-json\/wp\/v2\/types\/page"}],"author":[{"embeddable":true,"href":"https:\/\/tinychat.com\/pl\/wp-json\/wp\/v2\/users\/6"}],"replies":[{"embeddable":true,"href":"https:\/\/tinychat.com\/pl\/wp-json\/wp\/v2\/comments?post=10047"}],"version-history":[{"count":3,"href":"https:\/\/tinychat.com\/pl\/wp-json\/wp\/v2\/pages\/10047\/revisions"}],"predecessor-version":[{"id":13322,"href":"https:\/\/tinychat.com\/pl\/wp-json\/wp\/v2\/pages\/10047\/revisions\/13322"}],"wp:attachment":[{"href":"https:\/\/tinychat.com\/pl\/wp-json\/wp\/v2\/media?parent=10047"}],"curies":[{"name":"wp","href":"https:\/\/api.w.org\/{rel}","templated":true}]}}