{"id":10116,"date":"2025-12-02T10:02:33","date_gmt":"2025-12-02T08:02:33","guid":{"rendered":"https:\/\/tinychat.com\/?page_id=10116"},"modified":"2025-12-02T12:03:02","modified_gmt":"2025-12-02T10:03:02","slug":"stickam","status":"publish","type":"page","link":"https:\/\/tinychat.com\/pl\/stickam\/","title":{"rendered":"Stickam"},"content":{"rendered":"<p>Przed Twitch, przed YouNow, przed TikTok Live \u2014 istnia\u0142 Stickam. Przez prawie dekad\u0119 Stickam by\u0142 jedn\u0105 z najbardziej innowacyjnych i lubianych platform internetowych do prowadzenia czat\u00f3w wideo na \u017cywo. Nie by\u0142a to tylko strona internetowa, ale prawdziwe zjawisko kulturowe. Miliony nastolatk\u00f3w, muzyk\u00f3w, graczy, vloger\u00f3w i tw\u00f3rc\u00f3w gromadzi\u0142o si\u0119 tam codziennie, aby transmitowa\u0107 na \u017cywo, sp\u0119dza\u0107 czas, nadawa\u0107 z kamer internetowych, prowadzi\u0107 czaty i tworzy\u0107 ogromne spo\u0142eczno\u015bci internetowe na d\u0142ugo przed er\u0105 medi\u00f3w spo\u0142eczno\u015bciowych.<\/p>\n<p>Mimo \u017ce serwis Stickam zosta\u0142 zamkni\u0119ty w 2013 roku, jego dziedzictwo pozosta\u0142o \u017cywe. Wiele funkcji uwa\u017canych dzi\u015b za \u201cstandardowe\u201d \u2014 pokoje wideo dla wielu u\u017cytkownik\u00f3w, osadzone transmisje na \u017cywo, interaktywne nak\u0142adki czatu, fankluby i transmisje w stylu tw\u00f3rc\u00f3w \u2014 to wszystko rzeczy, kt\u00f3re serwis Stickam wprowadzi\u0142 jako pierwszy, cz\u0119sto na d\u0142ugo przed konkurencj\u0105.<\/p>\n<p>W niniejszym przegl\u0105dzie om\u00f3wiono, czym by\u0142 serwis Stickam, jak dzia\u0142a\u0142, jakie by\u0142y jego kluczowe cechy, kultura spo\u0142eczno\u015bci, narz\u0119dzia bezpiecze\u0144stwa, por\u00f3wnania z nowoczesnymi platformami, dlaczego zosta\u0142 zamkni\u0119ty i dlaczego pozostaje jednym z najwa\u017cniejszych serwis\u00f3w czatowych w historii internetu.<\/p>\n<h2>Czym by\u0142 Stickam?<\/h2>\n<p>Stickam (uruchomiony w 2005 r.) by\u0142 pioniersk\u0105 platform\u0105 do transmisji wideo na \u017cywo i czatu. W czasach, gdy kamery internetowe by\u0142y jeszcze rzadko\u015bci\u0105, a media spo\u0142eczno\u015bciowe dopiero raczkowa\u0142y, Stickam umo\u017cliwia\u0142 u\u017cytkownikom:<\/p>\n<ul>\n<li>Transmisja na \u017cywo za po\u015brednictwem kamery internetowej<\/li>\n<li>Do\u0142\u0105cz do wieloosobowych czat\u00f3w wideo<\/li>\n<li>Organizuj publiczne lub prywatne pokazy na \u017cywo<\/li>\n<li>Komunikuj si\u0119 w czasie rzeczywistym z fanami i widzami<\/li>\n<li>Tw\u00f3rz dostosowywalne strony profilowe<\/li>\n<li>Udost\u0119pniaj jednocze\u015bnie pliki audio, wideo i obraz z kamer internetowych<\/li>\n<\/ul>\n<p>Sta\u0142o si\u0119 szczeg\u00f3lnie popularne w\u015br\u00f3d:<\/p>\n<ul>\n<li>Nastolatki i m\u0142odzi doro\u015bli<\/li>\n<li>Muzycy promuj\u0105cy swoj\u0105 tw\u00f3rczo\u015b\u0107<\/li>\n<li>Zespo\u0142y indie i scena undergroundowa<\/li>\n<li>Pierwsi tw\u00f3rcy YouTube<\/li>\n<li>Cosplayerzy, gracze i fani anime<\/li>\n<li>Prowadz\u0105cy talk show na \u017cywo i streamerzy osobowo\u015bci<\/li>\n<\/ul>\n<p>Stickam nie by\u0142o tylko serwisem czatowym \u2014 by\u0142o to jedno z pierwszych ekosystem\u00f3w spo\u0142eczno\u015bciowych transmisji na \u017cywo, a tysi\u0105ce tw\u00f3rc\u00f3w uznaje je dzi\u015b za sw\u00f3j punkt wyj\u015bcia.<\/p>\n<h2>Najwa\u017cniejsze cechy modelu Stickam<\/h2>\n<p>Stickam wyprzedza\u0142 swoje czasy. Wiele z jego funkcji by\u0142o prze\u0142omowych na d\u0142ugo przed pojawieniem si\u0119 platform takich jak Twitch, YouNow, Instagram Live i TikTok, kt\u00f3re przyj\u0119\u0142y podobne pomys\u0142y.<\/p>\n<h3>1. Transmisja na \u017cywo z wielu kamer<\/h3>\n<p>U\u017cytkownicy mog\u0105 nadawa\u0107:<\/p>\n<ul>\n<li>Ich kamera internetowa<\/li>\n<li>Zewn\u0119trzna kamera wideo<\/li>\n<li>Wcze\u015bniej nagrane filmy<\/li>\n<li>Transmisje audio na \u017cywo<\/li>\n<\/ul>\n<p>To otworzy\u0142o drzwi dla muzyk\u00f3w, DJ-\u00f3w, podcaster\u00f3w i vloger\u00f3w.<\/p>\n<h3>2. Wielou\u017cytkownikowe czaty wideo<\/h3>\n<p>Stickam pozwala\u0142 na wy\u015bwietlanie do 6 okien wideo w jednym pokoju czatu \u2014 co by\u0142o w\u00f3wczas rewolucyjnym rozwi\u0105zaniem. U\u017cytkownicy mogli:<\/p>\n<ul>\n<li>Do\u0142\u0105cz do pokoi publicznych<\/li>\n<li>Tworzenie prywatnych pokoi<\/li>\n<li>Prowad\u017a rozmowy grupowe<\/li>\n<li>Poznawaj nowych ludzi towarzysko<\/li>\n<li>Buduj spo\u0142eczno\u015bci o sta\u0142ym charakterze<\/li>\n<\/ul>\n<p>By\u0142o to podstaw\u0105 kultury Stickam.<\/p>\n<h3>3. System obserwowania i dodawania znajomych<\/h3>\n<p>Na d\u0142ugo przed Instagramem i Twitch, Stickam mia\u0142:<\/p>\n<ul>\n<li>Listy znajomych<\/li>\n<li>Transmisja oparta na obserwuj\u0105cych<\/li>\n<li>Spo\u0142eczno\u015bci fan\u00f3w<\/li>\n<li>\u015aciany profilowe i komentarze<\/li>\n<\/ul>\n<p>Tw\u00f3rcy mog\u0105 budowa\u0107 grono odbiorc\u00f3w bezpo\u015brednio na platformie.<\/p>\n<h3>4. Pokazy publiczne i prywatne<\/h3>\n<p>U\u017cytkownicy mogli wybiera\u0107 spo\u015br\u00f3d:<\/p>\n<ul>\n<li>Transmisje publiczne (dost\u0119pne dla wszystkich)<\/li>\n<li>Prywatne pokazy (tylko dla zaproszonych os\u00f3b)<\/li>\n<li>Czaty grupowe<\/li>\n<\/ul>\n<p>Ta elastyczno\u015b\u0107 przyci\u0105gn\u0119\u0142a artyst\u00f3w, influencer\u00f3w i gospodarzy spo\u0142eczno\u015bci.<\/p>\n<h3>5. Dostosowanie profilu<\/h3>\n<p>U\u017cytkownicy mog\u0105 spersonalizowa\u0107 swoj\u0105 stron\u0119 za pomoc\u0105:<\/p>\n<ul>\n<li>Sk\u00f3rki i t\u0142a<\/li>\n<li>Odtwarzacze muzyczne<\/li>\n<li>Osadzone filmy<\/li>\n<li>Sekcje biografii osobistej<\/li>\n<\/ul>\n<p>Wydawa\u0142o si\u0119 to po\u0142\u0105czeniem serwis\u00f3w MySpace, Twitch i Chatroulette.<\/p>\n<h3>6. Spo\u0142eczno\u015b\u0107 m\u0142odzie\u017cy i nastolatk\u00f3w<\/h3>\n<p>Stickam cieszy\u0142 si\u0119 szczeg\u00f3ln\u0105 popularno\u015bci\u0105 w\u015br\u00f3d m\u0142odszych u\u017cytkownik\u00f3w. Mia\u0142 du\u017ce spo\u0142eczno\u015bci fan\u00f3w skupione wok\u00f3\u0142:<\/p>\n<ul>\n<li>Muzyka<\/li>\n<li>Anime<\/li>\n<li>Kultura emo\/scena<\/li>\n<li>Gaming<\/li>\n<li>Cosplay<\/li>\n<li>Vlogowanie<\/li>\n<\/ul>\n<p>By\u0142o to jedno z pierwszych miejsc w Internecie, gdzie kultura m\u0142odzie\u017cowa rozwija\u0142a si\u0119 w ogromnym tempie.<\/p>\n<h3>7. Transmisja wy\u0142\u0105cznie audio<\/h3>\n<p>Cz\u0119sto odtwarzane zespo\u0142y i DJ-e:<\/p>\n<ul>\n<li>Koncerty na \u017cywo<\/li>\n<li>Sesje akustyczne<\/li>\n<li>Sesje studyjne<\/li>\n<li>Premiera muzyczna<\/li>\n<\/ul>\n<p>Stickam sta\u0142o si\u0119 centrum dla muzyk\u00f3w promuj\u0105cych swoj\u0105 tw\u00f3rczo\u015b\u0107 bezpo\u015brednio w\u015br\u00f3d fan\u00f3w.<\/p>\n<h3>8. Bezp\u0142atne korzystanie<\/h3>\n<p>Platforma pozostawa\u0142a ca\u0142kowicie bezp\u0142atna przez ca\u0142y okres swojego funkcjonowania, co przyczyni\u0142o si\u0119 do wzrostu jej popularno\u015bci na ca\u0142ym \u015bwiecie.<\/p>\n<h2>Jak dzia\u0142a\u0142 Stickam<\/h2>\n<p>Korzystanie z Stickam by\u0142o proste w por\u00f3wnaniu z nowoczesnymi platformami streamingowymi. Oto jak wygl\u0105da\u0142a typowa sesja:<\/p>\n<h3>Krok 1: Utw\u00f3rz konto<\/h3>\n<p>U\u017cytkownicy utworzyli bezp\u0142atny profil.<\/p>\n<h3>Krok 2: Dostosuj swoj\u0105 przestrze\u0144<\/h3>\n<p>Dodaj zdj\u0119cia, sk\u00f3rk\u0119 profilu, pliki audio i biografi\u0119.<\/p>\n<h3>Krok 3: Uruchomienie<\/h3>\n<p>Kliknij \u201cGo Live\u201d (Rozpocznij transmisj\u0119), wybierz kamer\u0119 internetow\u0105 i rozpocznij transmisj\u0119.<\/p>\n<h3>Krok 4: Do\u0142\u0105cz do pokoju rozm\u00f3w<\/h3>\n<p>Przegl\u0105daj pokoje wed\u0142ug:<\/p>\n<ul>\n<li>Grupy wiekowe<\/li>\n<li>Gatunki muzyczne<\/li>\n<li>Gry<\/li>\n<li>Tematy<\/li>\n<li>Grupy spo\u0142eczne<\/li>\n<\/ul>\n<h3>Krok 5: Interakcja<\/h3>\n<p>U\u017cytkownicy mogli rozmawia\u0107 na czacie, \u0142\u0105czy\u0107 si\u0119 za pomoc\u0105 kamery lub wysy\u0142a\u0107 zaproszenia do grona znajomych.<\/p>\n<h3>Krok 6: Zbuduj grono obserwuj\u0105cych<\/h3>\n<p>Je\u015bli regularnie prowadzi\u0142e\u015b programy lub streamowa\u0142e\u015b, zyska\u0142e\u015b fan\u00f3w i sta\u0142ych widz\u00f3w.<\/p>\n<p>Stickam bardziej przypomina\u0142o spo\u0142eczno\u015bciowy wszech\u015bwiat ni\u017c zwyk\u0142\u0105 stron\u0119 z czatem.<\/p>\n<h2>Do\u015bwiadczenia u\u017cytkownik\u00f3w dotycz\u0105ce modelu Stickam<\/h2>\n<p>Stickam znane by\u0142o z \u017cywej, energicznej spo\u0142eczno\u015bci. Atmosfera by\u0142a mieszank\u0105:<\/p>\n<ul>\n<li>Wczesna kultura tw\u00f3rcza w Internecie<\/li>\n<li>Vlogowanie na \u017cywo<\/li>\n<li>Miejsca spotka\u0144 nastolatk\u00f3w<\/li>\n<li>Scena muzyczna indie<\/li>\n<li>Przyja\u017anie i fandomy online<\/li>\n<\/ul>\n<h3>Co spodoba\u0142o si\u0119 u\u017cytkownikom<\/h3>\n<ul>\n<li>Wielou\u017cytkownikowe pokoje wideo<\/li>\n<li>Konfigurowalne profile<\/li>\n<li>Narz\u0119dzia do transmisji na \u017cywo znacznie wyprzedzaj\u0105ce swoje czasy<\/li>\n<li>Silne poczucie wsp\u00f3lnoty<\/li>\n<li>Opcje czatu publicznego i prywatnego<\/li>\n<li>Odkrywanie nowych muzyk\u00f3w i tw\u00f3rc\u00f3w<\/li>\n<li>Bezp\u0142atny dost\u0119p<\/li>\n<\/ul>\n<h3>Gdzie czasami napotyka\u0142o trudno\u015bci<\/h3>\n<ul>\n<li>Wyzwania zwi\u0105zane z moderacj\u0105 (ogromne t\u0142umy + m\u0142odzi u\u017cytkownicy)<\/li>\n<li>Sporadyczne problemy ze stabilno\u015bci\u0105<\/li>\n<li>Zaj\u0119te pokoje mog\u0105 si\u0119 szybko zape\u0142ni\u0107.<\/li>\n<li>Trudno\u015bci w zarz\u0105dzaniu ogromnym nat\u0119\u017ceniem ruchu w godzinach szczytu<\/li>\n<\/ul>\n<p>Jednak surowa autentyczno\u015b\u0107 platformy sprawi\u0142a, \u017ce by\u0142a ona niezapomniana.<\/p>\n<h2>Stickam a nowoczesne platformy czatowe<\/h2>\n<p>Oto por\u00f3wnanie serwisu Stickam z g\u0142\u00f3wnymi serwisami czatowymi i platformami do transmisji na \u017cywo:<\/p>\n<table>\n<thead>\n<tr>\n<th>Cecha<\/th>\n<th>Stickam (starsza wersja)<\/th>\n<th>Twitch<\/th>\n<th>TinyChat<\/th>\n<th>Chatroulette<\/th>\n<th>YouNow<\/th>\n<th>Discord<\/th>\n<\/tr>\n<\/thead>\n<tbody>\n<tr>\n<td>Wielou\u017cytkownikowe pokoje wideo<\/td>\n<td>\u2b50 Tak<\/td>\n<td>Nie<\/td>\n<td>Tak<\/td>\n<td>Nie<\/td>\n<td>Nie<\/td>\n<td>Tak<\/td>\n<\/tr>\n<tr>\n<td>Osobiste transmisje na \u017cywo<\/td>\n<td>Tak<\/td>\n<td>Tak<\/td>\n<td>Ograniczony<\/td>\n<td>Nie<\/td>\n<td>Tak<\/td>\n<td>Ograniczony<\/td>\n<\/tr>\n<tr>\n<td>Losowe dopasowywanie rozm\u00f3w<\/td>\n<td>Nie<\/td>\n<td>Nie<\/td>\n<td>Nie<\/td>\n<td>Tak<\/td>\n<td>Nie<\/td>\n<td>Nie<\/td>\n<\/tr>\n<tr>\n<td>Konfigurowalne profile<\/td>\n<td>Tak<\/td>\n<td>Ograniczony<\/td>\n<td>Ograniczony<\/td>\n<td>Nie<\/td>\n<td>Ograniczony<\/td>\n<td>Tak<\/td>\n<\/tr>\n<tr>\n<td>Spo\u0142eczno\u015bci nastolatk\u00f3w\/m\u0142odzie\u017cy<\/td>\n<td>Bardzo silny<\/td>\n<td>Umiarkowany<\/td>\n<td>Silny<\/td>\n<td>S\u0142aby<\/td>\n<td>Silny<\/td>\n<td>Silny<\/td>\n<\/tr>\n<tr>\n<td>Funkcje sieci spo\u0142eczno\u015bciowej<\/td>\n<td>Tak<\/td>\n<td>Cz\u0119\u015bciowy<\/td>\n<td>Cz\u0119\u015bciowy<\/td>\n<td>Nie<\/td>\n<td>Cz\u0119\u015bciowy<\/td>\n<td>Tak<\/td>\n<\/tr>\n<tr>\n<td>Darmowy w u\u017cyciu<\/td>\n<td>Tak<\/td>\n<td>Cz\u0119\u015bciowo<\/td>\n<td>G\u0142\u00f3wnie<\/td>\n<td>Tak<\/td>\n<td>Tak<\/td>\n<td>Tak<\/td>\n<\/tr>\n<\/tbody>\n<\/table>\n<p>Stickam nie by\u0142o przypadkow\u0105 stron\u0105 z czatem wideo, tak\u0105 jak Omegle \u2014 by\u0142o duchowym przodkiem wsp\u00f3\u0142czesnych platform spo\u0142eczno\u015bciowych umo\u017cliwiaj\u0105cych transmisje na \u017cywo.<\/p>\n<h2>Bezpiecze\u0144stwo i moderacja na Stickam<\/h2>\n<p>W swoim czasie firma Stickam zainwestowa\u0142a znaczne \u015brodki w bezpiecze\u0144stwo, w tym:<\/p>\n<ul>\n<li>Moderatorzy r\u0119czni<\/li>\n<li>Systemy raportowania<\/li>\n<li>Czaty dla okre\u015blonych grup wiekowych<\/li>\n<li>Zasady dotycz\u0105ce nieodpowiednich tre\u015bci<\/li>\n<li>Narz\u0119dzia do blokowania<\/li>\n<\/ul>\n<p>Jednak, podobnie jak w przypadku wi\u0119kszo\u015bci platform z du\u017c\u0105 populacj\u0105 nastolatk\u00f3w, wymagania dotycz\u0105ce moderacji by\u0142y niezwykle wysokie.<\/p>\n<h3>Jak u\u017cytkownicy zapewnili sobie bezpiecze\u0144stwo<\/h3>\n<ul>\n<li>Unikanie udost\u0119pniania danych osobowych<\/li>\n<li>Przebywa\u0142 w moderowanych pokojach<\/li>\n<li>Zg\u0142oszeni sprawcy narusze\u0144 zasad<\/li>\n<li>Wykorzystywane prywatne pokoje dla zaufanych przyjaci\u00f3\u0142<\/li>\n<\/ul>\n<p>Stickam pos\u0142u\u017cy\u0142o jako do\u015bwiadczenie edukacyjne dla przysz\u0142ych platform w zakresie zarz\u0105dzania du\u017cymi spo\u0142eczno\u015bciami m\u0142odzie\u017cowymi.<\/p>\n<h2>Dlaczego Stickam zosta\u0142o zamkni\u0119te?<\/h2>\n<p>Stickam niespodziewanie zako\u0144czy\u0142 dzia\u0142alno\u015b\u0107 w styczniu 2013 r., publikuj\u0105c po\u017cegnaln\u0105 wiadomo\u015b\u0107, w kt\u00f3rej podkre\u015blono:<\/p>\n<ul>\n<li>Nigdy nie zosta\u0142 sprzedany.<\/li>\n<li>Nie zosta\u0142o nabyte.<\/li>\n<li>Zosta\u0142o zamkni\u0119te z powodu wewn\u0119trznych decyzji biznesowych.<\/li>\n<\/ul>\n<p>Eksperci bran\u017cowi sugeruj\u0105, \u017ce przyczyny by\u0142y nast\u0119puj\u0105ce:<\/p>\n<ul>\n<li>Rosn\u0105ce koszty serwer\u00f3w i przepustowo\u015bci \u0142\u0105czy<\/li>\n<li>Wysokie wymagania dotycz\u0105ce moderacji<\/li>\n<li>Rosn\u0105ca konkurencja ze strony YouNow, TinyChat i pocz\u0105tkowej fazy rozwoju serwisu Twitch<\/li>\n<li>Przej\u015bcie na aplikacje mobilne<\/li>\n<li>Zmiana modeli przychod\u00f3w z reklam<\/li>\n<\/ul>\n<p>Nawet po zamkni\u0119ciu wp\u0142yw Stickam pozosta\u0142 ogromny.<\/p>\n<h2>Co sprawi\u0142o, \u017ce model Stickam sta\u0142 si\u0119 kultowy?<\/h2>\n<p>Stickam jest ciep\u0142o wspominany, poniewa\u017c by\u0142:<\/p>\n<ul>\n<li>Centrum kultury dla spo\u0142eczno\u015bci m\u0142odzie\u017cowych<\/li>\n<li>Trampolina dla przysz\u0142ych celebryt\u00f3w i influencer\u00f3w<\/li>\n<li>Jedna z pierwszych platform do transmisji na \u017cywo<\/li>\n<li>Miejsce, w kt\u00f3rym zawi\u0105za\u0142y si\u0119 silne przyja\u017anie<\/li>\n<li>Pionier wielou\u017cytkownikowych czat\u00f3w z kamer\u0105 internetow\u0105<\/li>\n<li>Kreatywna przestrze\u0144, w kt\u00f3rej kwit\u0142a muzyka, sztuka i wczesna kultura internetowa.<\/li>\n<\/ul>\n<p>Tysi\u0105ce ludzi nadal twierdzi, \u017ce Stickam by\u0142o ich pierwszym kontaktem ze spo\u0142eczno\u015bci\u0105 cyfrow\u0105 i \u0142\u0105czno\u015bci\u0105 internetow\u0105.<\/p>\n<h2>Nowoczesne alternatywy dla Stickam<\/h2>\n<p>Je\u015bli u\u017cytkownicy chc\u0105 nowoczesnego do\u015bwiadczenia podobnego do Stickam, te platformy s\u0105 najbli\u017csze:<\/p>\n<ul>\n<li>TinyChat (wielou\u017cytkownikowe pokoje wideo)<\/li>\n<li>YouNow (transmisje na \u017cywo tworzone przez u\u017cytkownik\u00f3w)<\/li>\n<li>Twitch (transmisje na \u017cywo, zw\u0142aszcza z gier)<\/li>\n<li>Discord (serwery spo\u0142eczno\u015bciowe i pokoje wideo)<\/li>\n<li>FaceFlow (grupowy czat wideo)<\/li>\n<li>Camfrog (spo\u0142eczno\u015bci wideo oparte na zainteresowaniach)<\/li>\n<\/ul>\n<p>\u017baden z nich nie odtwarza dok\u0142adnie modelu Stickam, ale ka\u017cdy z nich niesie ze sob\u0105 cz\u0119\u015b\u0107 jego dziedzictwa.<\/p>\n<h2>Ko\u0144cowe przemy\u015blenia: Dziedzictwo Stickam<\/h2>\n<p>Stickam nie by\u0142o tylko serwisem czatowym. By\u0142o to miejsce narodzin wsp\u00f3\u0142czesnej kultury transmisji na \u017cywo. Zainspirowa\u0142o ono platformy, z kt\u00f3rych korzystamy dzisiaj, i udowodni\u0142o, \u017ce ludzie na ca\u0142ym \u015bwiecie pragn\u0105 kontakt\u00f3w w czasie rzeczywistym na d\u0142ugo przed tym, zanim transmisje na \u017cywo sta\u0142y si\u0119 popularne.<\/p>\n<p>Niezale\u017cnie od tego, czy:<\/p>\n<ul>\n<li>Sp\u0119dzanie czasu w grupowych pokojach wideo<\/li>\n<li>Ogl\u0105danie wyst\u0119pu ulubionego zespo\u0142u indie<\/li>\n<li>Budowanie kr\u0119gu cyfrowych przyjaci\u00f3\u0142<\/li>\n<li>Prowadzenie nocnych czat\u00f3w przed kamer\u0105 internetow\u0105<\/li>\n<li>Tworzenie wczesnych program\u00f3w internetowych<\/li>\n<\/ul>\n<p>Stickam by\u0142o miejscem, w kt\u00f3rym kwit\u0142a kultura internetowa.<\/p>\n<p>Stickam pozostaje jedn\u0105 z najwa\u017cniejszych platform czatowych w historii \u2014 pionierem, kt\u00f3ry ukszta\u0142towa\u0142 livestreaming, kultur\u0119 tw\u00f3rc\u00f3w i spo\u0142eczno\u015bci internetowe, jakie znamy dzisiaj.<\/p>\n<p>By\u0107 mo\u017ce ju\u017c nie istnieje, ale jego dziedzictwo nadal wywiera wp\u0142yw na ca\u0142y \u015bwiat cyfrowy.<\/p>","protected":false},"excerpt":{"rendered":"<p>Before Twitch, before YouNow, before TikTok Live \u2014 there was Stickam. For nearly a decade, Stickam was one of the internet\u2019s most innovative and beloved live video chat platforms. It wasn\u2019t just a website; it was a cultural phenomenon. Millions of teens, musicians, gamers, vloggers, and creators gathered there daily to livestream, hang out, broadcast [&hellip;]<\/p>\n","protected":false},"author":6,"featured_media":0,"parent":0,"menu_order":0,"comment_status":"closed","ping_status":"closed","template":"","meta":{"footnotes":""},"class_list":["post-10116","page","type-page","status-publish","hentry"],"yoast_head":"<!-- This site is optimized with the Yoast SEO plugin v27.4 - https:\/\/yoast.com\/product\/yoast-seo-wordpress\/ -->\n<title>Stickam - Original Video Chat Roulette - TinyChat.com<\/title>\n<meta name=\"description\" content=\"Enjoying Stickam? Join over 50,000,000 strangers on TinyChat! Turn on your cam and start meeting new people, or find a match.\" \/>\n<meta name=\"robots\" content=\"index, follow, max-snippet:-1, max-image-preview:large, max-video-preview:-1\" \/>\n<link rel=\"canonical\" href=\"https:\/\/tinychat.com\/pl\/stickam\/\" \/>\n<meta property=\"og:locale\" content=\"pl_PL\" \/>\n<meta property=\"og:type\" content=\"article\" \/>\n<meta property=\"og:title\" content=\"Stickam - Original Video Chat Roulette - TinyChat.com\" \/>\n<meta property=\"og:description\" content=\"Enjoying Stickam? Join over 50,000,000 strangers on TinyChat! Turn on your cam and start meeting new people, or find a match.\" \/>\n<meta property=\"og:url\" content=\"https:\/\/tinychat.com\/pl\/stickam\/\" \/>\n<meta property=\"og:site_name\" content=\"TinyChat\" \/>\n<meta property=\"article:publisher\" content=\"https:\/\/www.facebook.com\/tinychat\" \/>\n<meta property=\"article:modified_time\" content=\"2025-12-02T10:03:02+00:00\" \/>\n<meta property=\"og:image\" content=\"https:\/\/tinychat.com\/wp-content\/uploads\/2020\/04\/Tinychat-logo-1280x284-new-black.png\" \/>\n\t<meta property=\"og:image:width\" content=\"1280\" \/>\n\t<meta property=\"og:image:height\" content=\"284\" \/>\n\t<meta property=\"og:image:type\" content=\"image\/png\" \/>\n<meta name=\"twitter:card\" content=\"summary_large_image\" \/>\n<meta name=\"twitter:site\" content=\"@tinychat\" \/>\n<meta name=\"twitter:label1\" content=\"Szacowany czas czytania\" \/>\n\t<meta name=\"twitter:data1\" content=\"6 minut\" \/>\n<script type=\"application\/ld+json\" class=\"yoast-schema-graph\">{\"@context\":\"https:\\\/\\\/schema.org\",\"@graph\":[{\"@type\":\"WebPage\",\"@id\":\"https:\\\/\\\/tinychat.com\\\/stickam\\\/\",\"url\":\"https:\\\/\\\/tinychat.com\\\/stickam\\\/\",\"name\":\"Stickam - Original Video Chat Roulette - TinyChat.com\",\"isPartOf\":{\"@id\":\"https:\\\/\\\/tinychat.com\\\/#website\"},\"datePublished\":\"2025-12-02T08:02:33+00:00\",\"dateModified\":\"2025-12-02T10:03:02+00:00\",\"description\":\"Enjoying Stickam? Join over 50,000,000 strangers on TinyChat! Turn on your cam and start meeting new people, or find a match.\",\"breadcrumb\":{\"@id\":\"https:\\\/\\\/tinychat.com\\\/stickam\\\/#breadcrumb\"},\"inLanguage\":\"pl-PL\",\"potentialAction\":[{\"@type\":\"ReadAction\",\"target\":[\"https:\\\/\\\/tinychat.com\\\/stickam\\\/\"]}]},{\"@type\":\"BreadcrumbList\",\"@id\":\"https:\\\/\\\/tinychat.com\\\/stickam\\\/#breadcrumb\",\"itemListElement\":[{\"@type\":\"ListItem\",\"position\":1,\"name\":\"Home\",\"item\":\"https:\\\/\\\/tinychat.com\\\/\"},{\"@type\":\"ListItem\",\"position\":2,\"name\":\"Stickam\"}]},{\"@type\":\"WebSite\",\"@id\":\"https:\\\/\\\/tinychat.com\\\/#website\",\"url\":\"https:\\\/\\\/tinychat.com\\\/\",\"name\":\"TinyChat\",\"description\":\"Random Video Chat with Strangers\",\"publisher\":{\"@id\":\"https:\\\/\\\/tinychat.com\\\/#organization\"},\"alternateName\":\"TinyChat.com\",\"potentialAction\":[{\"@type\":\"SearchAction\",\"target\":{\"@type\":\"EntryPoint\",\"urlTemplate\":\"https:\\\/\\\/tinychat.com\\\/?s={search_term_string}\"},\"query-input\":{\"@type\":\"PropertyValueSpecification\",\"valueRequired\":true,\"valueName\":\"search_term_string\"}}],\"inLanguage\":\"pl-PL\"},{\"@type\":\"Organization\",\"@id\":\"https:\\\/\\\/tinychat.com\\\/#organization\",\"name\":\"TinyChat\",\"alternateName\":\"TinyChat.com\",\"url\":\"https:\\\/\\\/tinychat.com\\\/\",\"logo\":{\"@type\":\"ImageObject\",\"inLanguage\":\"pl-PL\",\"@id\":\"https:\\\/\\\/tinychat.com\\\/#\\\/schema\\\/logo\\\/image\\\/\",\"url\":\"https:\\\/\\\/tinychat.com\\\/wp-content\\\/uploads\\\/2023\\\/11\\\/Tinychat-icon-square.png\",\"contentUrl\":\"https:\\\/\\\/tinychat.com\\\/wp-content\\\/uploads\\\/2023\\\/11\\\/Tinychat-icon-square.png\",\"width\":284,\"height\":284,\"caption\":\"TinyChat\"},\"image\":{\"@id\":\"https:\\\/\\\/tinychat.com\\\/#\\\/schema\\\/logo\\\/image\\\/\"},\"sameAs\":[\"https:\\\/\\\/www.facebook.com\\\/tinychat\",\"https:\\\/\\\/x.com\\\/tinychat\"]}]}<\/script>\n<!-- \/ Yoast SEO plugin. -->","yoast_head_json":{"title":"Stickam \u2013 Oryginalny czat wideo z ruletk\u0105 \u2013 TinyChat.com","description":"Podoba Ci si\u0119 Stickam? Do\u0142\u0105cz do ponad 50 000 000 nieznajomych na TinyChat! W\u0142\u0105cz kamer\u0119 i zacznij poznawa\u0107 nowych ludzi lub znajd\u017a partnera.","robots":{"index":"index","follow":"follow","max-snippet":"max-snippet:-1","max-image-preview":"max-image-preview:large","max-video-preview":"max-video-preview:-1"},"canonical":"https:\/\/tinychat.com\/pl\/stickam\/","og_locale":"pl_PL","og_type":"article","og_title":"Stickam - Original Video Chat Roulette - TinyChat.com","og_description":"Enjoying Stickam? Join over 50,000,000 strangers on TinyChat! Turn on your cam and start meeting new people, or find a match.","og_url":"https:\/\/tinychat.com\/pl\/stickam\/","og_site_name":"TinyChat","article_publisher":"https:\/\/www.facebook.com\/tinychat","article_modified_time":"2025-12-02T10:03:02+00:00","og_image":[{"width":1280,"height":284,"url":"https:\/\/tinychat.com\/wp-content\/uploads\/2020\/04\/Tinychat-logo-1280x284-new-black.png","type":"image\/png"}],"twitter_card":"summary_large_image","twitter_site":"@tinychat","twitter_misc":{"Szacowany czas czytania":"6 minut"},"schema":{"@context":"https:\/\/schema.org","@graph":[{"@type":"WebPage","@id":"https:\/\/tinychat.com\/stickam\/","url":"https:\/\/tinychat.com\/stickam\/","name":"Stickam \u2013 Oryginalny czat wideo z ruletk\u0105 \u2013 TinyChat.com","isPartOf":{"@id":"https:\/\/tinychat.com\/#website"},"datePublished":"2025-12-02T08:02:33+00:00","dateModified":"2025-12-02T10:03:02+00:00","description":"Podoba Ci si\u0119 Stickam? Do\u0142\u0105cz do ponad 50 000 000 nieznajomych na TinyChat! W\u0142\u0105cz kamer\u0119 i zacznij poznawa\u0107 nowych ludzi lub znajd\u017a partnera.","breadcrumb":{"@id":"https:\/\/tinychat.com\/stickam\/#breadcrumb"},"inLanguage":"pl-PL","potentialAction":[{"@type":"ReadAction","target":["https:\/\/tinychat.com\/stickam\/"]}]},{"@type":"BreadcrumbList","@id":"https:\/\/tinychat.com\/stickam\/#breadcrumb","itemListElement":[{"@type":"ListItem","position":1,"name":"Home","item":"https:\/\/tinychat.com\/"},{"@type":"ListItem","position":2,"name":"Stickam"}]},{"@type":"WebSite","@id":"https:\/\/tinychat.com\/#website","url":"https:\/\/tinychat.com\/","name":"TinyChat","description":"Losowy czat wideo z nieznajomymi","publisher":{"@id":"https:\/\/tinychat.com\/#organization"},"alternateName":"TinyChat.com","potentialAction":[{"@type":"SearchAction","target":{"@type":"EntryPoint","urlTemplate":"https:\/\/tinychat.com\/?s={search_term_string}"},"query-input":{"@type":"PropertyValueSpecification","valueRequired":true,"valueName":"search_term_string"}}],"inLanguage":"pl-PL"},{"@type":"Organization","@id":"https:\/\/tinychat.com\/#organization","name":"TinyChat","alternateName":"TinyChat.com","url":"https:\/\/tinychat.com\/","logo":{"@type":"ImageObject","inLanguage":"pl-PL","@id":"https:\/\/tinychat.com\/#\/schema\/logo\/image\/","url":"https:\/\/tinychat.com\/wp-content\/uploads\/2023\/11\/Tinychat-icon-square.png","contentUrl":"https:\/\/tinychat.com\/wp-content\/uploads\/2023\/11\/Tinychat-icon-square.png","width":284,"height":284,"caption":"TinyChat"},"image":{"@id":"https:\/\/tinychat.com\/#\/schema\/logo\/image\/"},"sameAs":["https:\/\/www.facebook.com\/tinychat","https:\/\/x.com\/tinychat"]}]}},"_links":{"self":[{"href":"https:\/\/tinychat.com\/pl\/wp-json\/wp\/v2\/pages\/10116","targetHints":{"allow":["GET"]}}],"collection":[{"href":"https:\/\/tinychat.com\/pl\/wp-json\/wp\/v2\/pages"}],"about":[{"href":"https:\/\/tinychat.com\/pl\/wp-json\/wp\/v2\/types\/page"}],"author":[{"embeddable":true,"href":"https:\/\/tinychat.com\/pl\/wp-json\/wp\/v2\/users\/6"}],"replies":[{"embeddable":true,"href":"https:\/\/tinychat.com\/pl\/wp-json\/wp\/v2\/comments?post=10116"}],"version-history":[{"count":3,"href":"https:\/\/tinychat.com\/pl\/wp-json\/wp\/v2\/pages\/10116\/revisions"}],"predecessor-version":[{"id":13587,"href":"https:\/\/tinychat.com\/pl\/wp-json\/wp\/v2\/pages\/10116\/revisions\/13587"}],"wp:attachment":[{"href":"https:\/\/tinychat.com\/pl\/wp-json\/wp\/v2\/media?parent=10116"}],"curies":[{"name":"wp","href":"https:\/\/api.w.org\/{rel}","templated":true}]}}