{"id":10182,"date":"2025-07-07T17:44:10","date_gmt":"2025-07-07T15:44:10","guid":{"rendered":"https:\/\/tinychat.com\/?page_id=10182"},"modified":"2025-07-07T18:40:50","modified_gmt":"2025-07-07T16:40:50","slug":"funyo","status":"publish","type":"page","link":"https:\/\/tinychat.com\/pl\/funyo\/","title":{"rendered":"Funyo"},"content":{"rendered":"<p>W \u015bwiecie, w kt\u00f3rym komunikacja online jest zdominowana przez wyselekcjonowane kana\u0142y, listy znajomych i coraz cia\u015bniejsze \u015bciany prywatno\u015bci, Funyo oferuje od\u015bwie\u017caj\u0105c\u0105 alternatyw\u0119: spontaniczny czat wideo w czasie rzeczywistym z nieznajomymi na ca\u0142ym \u015bwiecie. Bez d\u0142ugich rejestracji, bez skomplikowanych profili - tylko ty, twoja kamera internetowa i szansa na poznanie kogo\u015b nowego za ka\u017cdym klikni\u0119ciem.<\/p>\n<p>Uruchomiony, aby rywalizowa\u0107 z takimi serwisami jak Omegle, Chatroulette i Chatrandom, Funyo szybko zyska\u0142 globaln\u0105 popularno\u015b\u0107 dzi\u0119ki swojej prostocie, szybko\u015bci i prawdziwym ludzkim kontaktom. Niezale\u017cnie od tego, czy szukasz szybkiego czatu, nowych przyjaci\u00f3\u0142, chcesz si\u0119 po\u015bmia\u0107, czy po prostu chcesz zobaczy\u0107, jak wygl\u0105da \u015bwiat poza twoj\u0105 w\u0142asn\u0105 ba\u0144k\u0105, Funyo to miejsce, w kt\u00f3rym ka\u017cde spotkanie jest niespodziank\u0105.<\/p>\n<p>Ten artyku\u0142 zabierze Ci\u0119 g\u0142\u0119boko w \u015bwiat Funyo: jak dzia\u0142a, jego funkcje, wra\u017cenia u\u017cytkownika, bezpiecze\u0144stwo, jak wypada w por\u00f3wnaniu z innymi platformami i podstawowe wskaz\u00f3wki, jak najlepiej wykorzysta\u0107 losow\u0105 przygod\u0119 z czatem wideo.<\/p>\n<h2>Co to jest Funyo?<\/h2>\n<p>Funyo to bezp\u0142atna platforma do losowych rozm\u00f3w wideo online, kt\u00f3ra natychmiast \u0142\u0105czy Ci\u0119 z nieznajomymi z ca\u0142ego \u015bwiata za po\u015brednictwem kamery internetowej i mikrofonu. Nie musisz si\u0119 rejestrowa\u0107, niczego pobiera\u0107, ani nawet wybiera\u0107 nazwy u\u017cytkownika - po prostu przyznaj dost\u0119p do swojej kamery, kliknij \"Start\" i w ci\u0105gu kilku sekund zostaniesz dopasowany do kogo\u015b nowego.<\/p>\n<p>Zaprojektowany z my\u015bl\u0105 o szybko\u015bci i prostocie, Funyo usuwa wszelkie bariery w nawi\u0105zywaniu nowych po\u0142\u0105cze\u0144. Jest dost\u0119pny za po\u015brednictwem dowolnej nowoczesnej przegl\u0105darki na komputerze lub telefonie kom\u00f3rkowym, a wszystkie funkcje s\u0105 bezp\u0142atne. Podobnie jak inne aplikacje do czatowania w stylu \"ruletki\", Funyo zosta\u0142 stworzony z my\u015bl\u0105 o chwilach, w kt\u00f3rych chcesz wyj\u015b\u0107 ze swojej strefy komfortu i porozmawia\u0107 z kim\u015b, kogo inaczej nigdy by\u015b nie spotka\u0142.<\/p>\n<p>G\u0142\u00f3wnymi odbiorcami Funyo s\u0105 nastolatki, m\u0142odzi doro\u015bli i wszyscy, kt\u00f3rzy szukaj\u0105 zabawnego, bezpiecznego i spontanicznego czatu wideo.<\/p>\n<h2>Kluczowe cechy Funyo<\/h2>\n<p>Funyo wyr\u00f3\u017cnia si\u0119 tym, \u017ce koncentruje si\u0119 na czystym, wydajnym i przyjaznym dla u\u017cytkownika do\u015bwiadczeniu, oferuj\u0105c jednocze\u015bnie wystarczaj\u0105co du\u017co funkcji, aby uczyni\u0107 go interesuj\u0105cym.<\/p>\n<h3>1. Losowy czat wideo jednym klikni\u0119ciem<\/h3>\n<p>G\u0142\u00f3wn\u0105 zalet\u0105 Funyo jest natychmiastowe po\u0142\u0105czenie. Wystarczy jedno klikni\u0119cie, aby po\u0142\u0105czy\u0107 si\u0119 z przypadkow\u0105 nieznajom\u0105 osob\u0105 i rozpocz\u0105\u0107 rozmow\u0119 wideo twarz\u0105 w twarz. Nie trzeba wype\u0142nia\u0107 formularzy, wybiera\u0107 zainteresowa\u0144 ani czeka\u0107 w lobby.<\/p>\n<p>To przypadek w najlepszym wydaniu - ka\u017cdy nowy czat mo\u017ce by\u0107 przyjacielem, flirtem lub tylko kilkoma sekundami \u015bmiechu.<\/p>\n<h3>2. Darmowy i anonimowy<\/h3>\n<p>Funyo jest darmowy w 100%. Nie musisz tworzy\u0107 konta ani udost\u0119pnia\u0107 danych osobowych. Pozostajesz anonimowy, chyba \u017ce zdecydujesz si\u0119 ujawni\u0107 co\u015b podczas czatu.<\/p>\n<p>To sprawia, \u017ce Funyo jest idealny dla u\u017cytkownik\u00f3w, kt\u00f3rzy chc\u0105 niskiego zaanga\u017cowania i wolnego od ryzyka sposobu na kontakty towarzyskie online.<\/p>\n<h3>3. Przycisk \"Dalej\" do szybkiego pomijania<\/h3>\n<p>Nie czujesz po\u0142\u0105czenia? Po prostu kliknij \"Dalej\" i natychmiast zostaniesz dopasowany do kogo\u015b innego. To szybkie podej\u015bcie zach\u0119ca do spontaniczno\u015bci i pomaga unikn\u0105\u0107 niezr\u0119cznej ciszy lub niechcianych rozm\u00f3w.<\/p>\n<h3>4. Opcja czatu tekstowego<\/h3>\n<p>Funyo obs\u0142uguje zintegrowany czat tekstowy wraz z wideo. Je\u015bli jeste\u015b nie\u015bmia\u0142y, masz s\u0142abe po\u0142\u0105czenie lub chcesz wys\u0142a\u0107 link, mo\u017cesz pisa\u0107 wiadomo\u015bci podczas rozmowy wideo.<\/p>\n<h3>5. Filtry p\u0142ci i kraju (funkcja Premium)<\/h3>\n<p>Dla u\u017cytkownik\u00f3w, kt\u00f3rzy chc\u0105 mie\u0107 wi\u0119ksz\u0105 kontrol\u0119, Funyo oferuje filtry p\u0142ci i kraju. Chcesz rozmawia\u0107 tylko z kobietami lub osobami z okre\u015blonego kraju? Funkcje te s\u0105 zazwyczaj dost\u0119pne w p\u0142atnej lub zarejestrowanej wersji, ale podstawowy czat jest zawsze bezp\u0142atny.<\/p>\n<h3>6. Wsparcie dla urz\u0105dze\u0144 mobilnych i stacjonarnych<\/h3>\n<p>Funyo dzia\u0142a p\u0142ynnie zar\u00f3wno w przegl\u0105darkach stacjonarnych, jak i na urz\u0105dzeniach mobilnych. Wersja mobilna jest zoptymalizowana pod k\u0105tem mniejszych ekran\u00f3w, umo\u017cliwiaj\u0105c czatowanie z dowolnego miejsca.<\/p>\n<h3>7. Nie wymaga pobierania<\/h3>\n<p>Wszystkie funkcje Funyo s\u0105 dost\u0119pne w przegl\u0105darce. Nie ma potrzeby instalowania aplikacji lub dodatkowego oprogramowania, dzi\u0119ki czemu urz\u0105dzenie pozostaje czyste, a prywatno\u015b\u0107 nienaruszona.<\/p>\n<h3>8. Narz\u0119dzia raportowania i moderacji<\/h3>\n<p>Funyo zobowi\u0105zuje si\u0119 do zapewnienia bezpiecznego i pe\u0142nego szacunku \u015brodowiska. U\u017cytkownicy mog\u0105 szybko zg\u0142asza\u0107 nieodpowiednie zachowania, a zesp\u00f3\u0142 moderator\u00f3w sprawdza raporty, aby platforma by\u0142a jak najbardziej przyjazna.<\/p>\n<h2>Jak korzysta\u0107 z Funyo<\/h2>\n<p>Funyo zosta\u0142 zaprojektowany z my\u015bl\u0105 o \u0142atwym dost\u0119pie i natychmiastowej satysfakcji. Oto jak rozpocz\u0105\u0107 czat w kilka sekund:<\/p>\n<h3>Krok 1: Przejd\u017a do Funyo<\/h3>\n<p>Odwied\u017a funyo.com (lub w\u0142a\u015bciw\u0105 domen\u0119 lokaln\u0105) w dowolnej nowoczesnej przegl\u0105darce.<\/p>\n<h3>Krok 2: W\u0142\u0105czenie kamery i mikrofonu<\/h3>\n<p>Po wy\u015bwietleniu monitu zezw\u00f3l Funyo na dost\u0119p do kamery internetowej i mikrofonu. Jest to wymagane do prowadzenia rozm\u00f3w wideo.<\/p>\n<h3>Krok 3: Kliknij \"Start\" lub \"Po\u0142\u0105cz\"<\/h3>\n<p>Natychmiast zostaniesz po\u0142\u0105czony z przypadkowym nieznajomym. Wideo i d\u017awi\u0119k b\u0119d\u0105 transmitowane na \u017cywo do siebie nawzajem.<\/p>\n<h3>Krok 4: Rozmawiaj, u\u015bmiechaj si\u0119 i kliknij \"Dalej\", gdy b\u0119dziesz gotowy.<\/h3>\n<p>Rozmawiaj tak d\u0142ugo, jak chcesz. Je\u015bli atmosfera nie jest odpowiednia lub chcesz pozna\u0107 kogo\u015b nowego, kliknij przycisk \"Dalej\", aby ponownie nawi\u0105za\u0107 po\u0142\u0105czenie.<\/p>\n<h3>Krok 5: Korzystanie z czatu tekstowego (opcjonalnie)<\/h3>\n<p>Wpisuj wiadomo\u015bci do swojego partnera na czacie, je\u015bli wolisz lub je\u015bli pojawi\u0105 si\u0119 bariery j\u0119zykowe.<\/p>\n<h3>Krok 6: Zastosowanie filtr\u00f3w (opcjonalnie, Premium)<\/h3>\n<p>Je\u015bli chcesz okre\u015bli\u0107 p\u0142e\u0107 lub kraj, aktywuj funkcje filtrowania (mo\u017ce to wymaga\u0107 rejestracji konta lub p\u0142atno\u015bci).<\/p>\n<h2>Wra\u017cenia u\u017cytkownika na Funyo<\/h2>\n<p>Do\u015bwiadczenie Funyo polega na szybko\u015bci, zaskoczeniu i odkrywaniu spo\u0142eczno\u015bci. Oto, co zwykle m\u00f3wi\u0105 u\u017cytkownicy:<\/p>\n<h3>Co ludzie kochaj\u0105<\/h3>\n<ul>\n<li>Nie wymaga rejestracji - czatuj natychmiast, anonimowo i za darmo.<\/li>\n<li>Przejrzysty interfejs - minimalna liczba reklam, szybkie po\u0142\u0105czenia, intuicyjny uk\u0142ad<\/li>\n<li>Dzia\u0142a wsz\u0119dzie - wysoka wydajno\u015b\u0107 na komputerach stacjonarnych i urz\u0105dzeniach mobilnych<\/li>\n<li>Serendipitous encounters - ka\u017cdy czat to nowa przygoda.<\/li>\n<li>Zintegrowany czat tekstowy dla dodatkowej elastyczno\u015bci<\/li>\n<\/ul>\n<h3>Gdzie Funyo mo\u017ce si\u0119 poprawi\u0107<\/h3>\n<ul>\n<li>Sporadyczni nieodpowiedni u\u017cytkownicy - powszechne w wi\u0119kszo\u015bci losowych witryn wideo.<\/li>\n<li>Brak zaawansowanych funkcji profilu lub dopasowania w wersji darmowej<\/li>\n<li>\u274c Filtry p\u0142ci\/kraju zablokowane za premium<\/li>\n<li>\u274c Brak wbudowanej spo\u0142eczno\u015bci lub struktury \"pokoju\" - czysto losowe, jeden na jednego<\/li>\n<\/ul>\n<h3>Rzeczywiste opinie u\u017cytkownik\u00f3w<\/h3>\n<blockquote><p>\"Pozna\u0142em fajnego przyjaciela z Brazylii i teraz rozmawiamy co tydzie\u0144. Funyo jest zabawny i \u0142atwy - o wiele mniej przera\u017caj\u0105cy ni\u017c niekt\u00f3re inne strony.\"<br \/>\n- <em>Emily C., Trustpilot<\/em><\/p><\/blockquote>\n<blockquote><p>\"Czasami trafiaj\u0105 si\u0119 dziwacy, ale wystarczy klikn\u0105\u0107 Dalej. Moim zdaniem jest lepszy ni\u017c Omegle do prawdziwej rozmowy\".<br \/>\n- <em>Mark D., Google Play<\/em><\/p><\/blockquote>\n<blockquote><p>\"Proste, dzia\u0142a na moim telefonie i nie wymaga rejestracji. Idealne, gdy si\u0119 nudz\u0119.\"<br \/>\n- <em>Ashwin R., Reddit<\/em><\/p><\/blockquote>\n<h2>Funyo vs inne platformy czatu<\/h2>\n<p>Oto jak Funyo wypada na tle popularnych konkurent\u00f3w:<\/p>\n<table>\n<thead>\n<tr>\n<th>Cecha<\/th>\n<th>Funyo<\/th>\n<th>Omegle<\/th>\n<th>Chatroulette<\/th>\n<th>Chatrandom<\/th>\n<th>Thundr<\/th>\n<th>LuckyCrush<\/th>\n<\/tr>\n<\/thead>\n<tbody>\n<tr>\n<td>Rejestracja nie jest wymagana<\/td>\n<td>Tak<\/td>\n<td>Tak<\/td>\n<td>Tak<\/td>\n<td>Tak<\/td>\n<td>Tak<\/td>\n<td>Tylko dla m\u0119\u017cczyzn<\/td>\n<\/tr>\n<tr>\n<td>Bezp\u0142atne u\u017cytkowanie<\/td>\n<td>Tak<\/td>\n<td>Tak<\/td>\n<td>Tak<\/td>\n<td>Tak<\/td>\n<td>Tak<\/td>\n<td>Kobiety<\/td>\n<\/tr>\n<tr>\n<td>Czat wideo<\/td>\n<td>Tak<\/td>\n<td>Tak<\/td>\n<td>Tak<\/td>\n<td>Tak<\/td>\n<td>Tak<\/td>\n<td>Tak<\/td>\n<\/tr>\n<tr>\n<td>Czat tekstowy<\/td>\n<td>Tak<\/td>\n<td>Tak<\/td>\n<td>Tak<\/td>\n<td>Tak<\/td>\n<td>Tak<\/td>\n<td>Tak<\/td>\n<\/tr>\n<tr>\n<td>Filtr p\u0142ci<\/td>\n<td>\u26a0\ufe0f Premium<\/td>\n<td>\u26a0\ufe0f Nie<\/td>\n<td>\u26a0\ufe0f Nie<\/td>\n<td>Tak<\/td>\n<td>Tak<\/td>\n<td>Tak<\/td>\n<\/tr>\n<tr>\n<td>Filtr kraju<\/td>\n<td>\u26a0\ufe0f Premium<\/td>\n<td>Tak<\/td>\n<td>Tak<\/td>\n<td>Tak<\/td>\n<td>Tak<\/td>\n<td>Nie<\/td>\n<\/tr>\n<tr>\n<td>Zoptymalizowany pod k\u0105tem urz\u0105dze\u0144 mobilnych<\/td>\n<td>Tak<\/td>\n<td>\u26a0\ufe0f Mieszane<\/td>\n<td>Tak<\/td>\n<td>Tak<\/td>\n<td>Tak<\/td>\n<td>Tak<\/td>\n<\/tr>\n<tr>\n<td>Czat spo\u0142eczno\u015bciowy\/grupowy<\/td>\n<td>Nie<\/td>\n<td>Nie<\/td>\n<td>Nie<\/td>\n<td>Nie<\/td>\n<td>Nie<\/td>\n<td>Nie<\/td>\n<\/tr>\n<tr>\n<td>Raportowanie\/moderacja<\/td>\n<td>Tak<\/td>\n<td>\u26a0\ufe0f Limited<\/td>\n<td>\u26a0\ufe0f Limited<\/td>\n<td>Tak<\/td>\n<td>Tak<\/td>\n<td>Tak<\/td>\n<\/tr>\n<\/tbody>\n<\/table>\n<p>Podsumowanie: Funyo jest najlepszy dla u\u017cytkownik\u00f3w, kt\u00f3rzy chc\u0105 natychmiastowego, anonimowego czatu wideo jeden na jednego przy minimalnym tarciu i bez konieczno\u015bci rejestracji. Jest czysty, spontaniczny i koncentruje si\u0119 na dreszczyku emocji zwi\u0105zanym z odkrywaniem.<\/p>\n<h2>Czy Funyo jest bezpieczny?<\/h2>\n<p>Bezpiecze\u0144stwo jest priorytetem, ale podobnie jak w przypadku ka\u017cdej otwartej, losowej platformy czatu, zawsze zaleca si\u0119 pewn\u0105 osobist\u0105 ostro\u017cno\u015b\u0107.<\/p>\n<h3>Funkcje bezpiecze\u0144stwa<\/h3>\n<ul>\n<li>Funkcje raportowania i blokowania w celu radzenia sobie ze z\u0142ymi aktorami<\/li>\n<li>Zesp\u00f3\u0142 moderator\u00f3w sprawdza oflagowane zachowania i usuwa sprawc\u00f3w.<\/li>\n<li>Brak profili lub publicznych post\u00f3w - wszystkie czaty s\u0105 prywatne i jeden na jednego.<\/li>\n<li>Brak trwa\u0142ej historii - czat znika po opuszczeniu konta.<\/li>\n<\/ul>\n<h3>Najlepsze praktyki<\/h3>\n<ul>\n<li>Nigdy nie udost\u0119pniaj danych osobowych (imi\u0119 i nazwisko, adres, telefon, konta spo\u0142eczno\u015bciowe).<\/li>\n<li>Natychmiast zako\u0144cz rozmow\u0119, je\u015bli kto\u015b sprawi, \u017ce poczujesz si\u0119 niekomfortowo.<\/li>\n<li>Unikaj klikania link\u00f3w zewn\u0119trznych lub pobierania plik\u00f3w od nieznajomych.<\/li>\n<li>Zaufaj swojemu instynktowi i swobodnie korzystaj z funkcji raportowania<\/li>\n<\/ul>\n<h2>Wskaz\u00f3wki dotycz\u0105ce korzystania z Funyo<\/h2>\n<ul>\n<li>Przywitaj si\u0119 i u\u015bmiechnij: Przyjazne powitania wywo\u0142uj\u0105 najlepsze reakcje<\/li>\n<li>Nie rozpami\u0119tuj z\u0142ych mecz\u00f3w: U\u017cyj przycisku \"Dalej\", aby kontynuowa\u0107 i zachowa\u0107 zabaw\u0119<\/li>\n<li>Pr\u00f3buj o r\u00f3\u017cnych porach: Baza u\u017cytkownik\u00f3w zmienia si\u0119 w ci\u0105gu dnia, aby uzyska\u0107 szersz\u0105 mieszank\u0119.<\/li>\n<li>Korzystaj z czatu tekstowego, je\u015bli jeste\u015b nie\u015bmia\u0142y: czasami s\u0142owa przychodz\u0105 \u0142atwiej ni\u017c wideo.<\/li>\n<li>U\u017cywaj s\u0142uchawek: Dla prywatno\u015bci i lepszej jako\u015bci d\u017awi\u0119ku<\/li>\n<li>Zachowaj anonimowo\u015b\u0107: Nie ujawniaj niczego, czego nie powiedzia\u0142by\u015b nieznajomemu na ulicy.<\/li>\n<\/ul>\n<h2>Rozwi\u0105zywanie typowych problem\u00f3w z Funyo<\/h2>\n<h3>Nie dzia\u0142a kamera lub mikrofon<\/h3>\n<p>Sprawd\u017a uprawnienia przegl\u0105darki, zamknij inne aplikacje korzystaj\u0105ce z aparatu lub wypr\u00f3buj inn\u0105 przegl\u0105dark\u0119\/urz\u0105dzenie.<\/p>\n<h3>Spadki lub op\u00f3\u017anienia po\u0142\u0105czenia<\/h3>\n<p>Korzystaj ze stabilnego po\u0142\u0105czenia Wi-Fi i zamknij inne karty lub aplikacje wymagaj\u0105ce du\u017cej przepustowo\u015bci.<\/p>\n<h3>Brak dost\u0119pu do filtr\u00f3w p\u0142ci\/kraju<\/h3>\n<p>Mog\u0105 to by\u0107 funkcje premium; rozwa\u017c rejestracj\u0119 lub uaktualnienie, je\u015bli chcesz uzyska\u0107 taki poziom kontroli.<\/p>\n<h3>Napotykanie nieodpowiednich u\u017cytkownik\u00f3w<\/h3>\n<p>Natychmiast kliknij \"Dalej\" i zg\u0142o\u015b u\u017cytkownika. Zesp\u00f3\u0142 moderator\u00f3w przegl\u0105da zg\u0142oszenia i banuje u\u017cytkownik\u00f3w, kt\u00f3rzy dopu\u015bcili si\u0119 nadu\u017cy\u0107.<\/p>\n<h3>Wideo nie \u0142aduje si\u0119<\/h3>\n<p>Od\u015bwie\u017c stron\u0119, sprawd\u017a pr\u0119dko\u015b\u0107 Internetu lub prze\u0142\u0105cz si\u0119 na inn\u0105 przegl\u0105dark\u0119.<\/p>\n<h2>Przemy\u015blenia ko\u0144cowe: Czy warto wypr\u00f3bowa\u0107 Funyo?<\/h2>\n<p>Absolutnie - zw\u0142aszcza dla ka\u017cdego, kto szuka prawdziwych, niefiltrowanych i spontanicznych spotka\u0144 online. Funyo przywraca magi\u0119 zaskoczenia w erze cyfrowej. Serwis Funyo jest jednym z najlepszych sposob\u00f3w na poznanie nowych os\u00f3b online - bez wzgl\u0119du na to, czy szukasz przyja\u017ani, romansu, wymiany j\u0119zykowej, czy po prostu szybkiej rozrywki.<\/p>\n<p>Je\u015bli uwielbiasz dreszczyk emocji zwi\u0105zany z nieznanym i chcesz szybko i bez zobowi\u0105za\u0144 korzysta\u0107 z czat\u00f3w wideo, Funyo to platforma, kt\u00f3rej nie mo\u017cesz przegapi\u0107.<\/p>\n<p>Odwied\u017a funyo.com, w\u0142\u0105cz kamer\u0119 internetow\u0105 i kliknij \"Start\". Kto wie, kogo spotkasz w przysz\u0142o\u015bci?<\/p>","protected":false},"excerpt":{"rendered":"<p>In a world where online communication is dominated by curated feeds, friend lists, and ever-tightening privacy walls, Funyo offers a refreshing alternative: spontaneous, real-time video chat with strangers around the globe. No long signups, no complicated profiles\u2014just you, your webcam, and the chance to meet someone new with every click. Launched to rival the likes [&hellip;]<\/p>\n","protected":false},"author":6,"featured_media":0,"parent":0,"menu_order":0,"comment_status":"closed","ping_status":"closed","template":"","meta":{"footnotes":""},"class_list":["post-10182","page","type-page","status-publish","hentry"],"yoast_head":"<!-- This site is optimized with the Yoast SEO plugin v27.3 - https:\/\/yoast.com\/product\/yoast-seo-wordpress\/ -->\n<title>Funyo - Free Random Video Chat - TinyChat.com<\/title>\n<meta name=\"description\" content=\"Enjoying Funyo? Join over 50,000,000 strangers on TinyChat! Turn on your cam and start meeting new people, or find a match.\" \/>\n<meta name=\"robots\" content=\"index, follow, max-snippet:-1, max-image-preview:large, max-video-preview:-1\" \/>\n<link rel=\"canonical\" href=\"https:\/\/tinychat.com\/pl\/funyo\/\" \/>\n<meta property=\"og:locale\" content=\"pl_PL\" \/>\n<meta property=\"og:type\" content=\"article\" \/>\n<meta property=\"og:title\" content=\"Funyo - Free Random Video Chat - TinyChat.com\" \/>\n<meta property=\"og:description\" content=\"Enjoying Funyo? Join over 50,000,000 strangers on TinyChat! Turn on your cam and start meeting new people, or find a match.\" \/>\n<meta property=\"og:url\" content=\"https:\/\/tinychat.com\/pl\/funyo\/\" \/>\n<meta property=\"og:site_name\" content=\"TinyChat\" \/>\n<meta property=\"article:publisher\" content=\"https:\/\/www.facebook.com\/tinychat\" \/>\n<meta property=\"article:modified_time\" content=\"2025-07-07T16:40:50+00:00\" \/>\n<meta property=\"og:image\" content=\"https:\/\/tinychat.com\/wp-content\/uploads\/2020\/04\/Tinychat-logo-1280x284-new-black.png\" \/>\n\t<meta property=\"og:image:width\" content=\"1280\" \/>\n\t<meta property=\"og:image:height\" content=\"284\" \/>\n\t<meta property=\"og:image:type\" content=\"image\/png\" \/>\n<meta name=\"twitter:card\" content=\"summary_large_image\" \/>\n<meta name=\"twitter:site\" content=\"@tinychat\" \/>\n<meta name=\"twitter:label1\" content=\"Szacowany czas czytania\" \/>\n\t<meta name=\"twitter:data1\" content=\"7 minut\" \/>\n<script type=\"application\/ld+json\" class=\"yoast-schema-graph\">{\"@context\":\"https:\\\/\\\/schema.org\",\"@graph\":[{\"@type\":\"WebPage\",\"@id\":\"https:\\\/\\\/tinychat.com\\\/funyo\\\/\",\"url\":\"https:\\\/\\\/tinychat.com\\\/funyo\\\/\",\"name\":\"Funyo - Free Random Video Chat - TinyChat.com\",\"isPartOf\":{\"@id\":\"https:\\\/\\\/tinychat.com\\\/#website\"},\"datePublished\":\"2025-07-07T15:44:10+00:00\",\"dateModified\":\"2025-07-07T16:40:50+00:00\",\"description\":\"Enjoying Funyo? Join over 50,000,000 strangers on TinyChat! Turn on your cam and start meeting new people, or find a match.\",\"breadcrumb\":{\"@id\":\"https:\\\/\\\/tinychat.com\\\/funyo\\\/#breadcrumb\"},\"inLanguage\":\"pl-PL\",\"potentialAction\":[{\"@type\":\"ReadAction\",\"target\":[\"https:\\\/\\\/tinychat.com\\\/funyo\\\/\"]}]},{\"@type\":\"BreadcrumbList\",\"@id\":\"https:\\\/\\\/tinychat.com\\\/funyo\\\/#breadcrumb\",\"itemListElement\":[{\"@type\":\"ListItem\",\"position\":1,\"name\":\"Home\",\"item\":\"https:\\\/\\\/tinychat.com\\\/\"},{\"@type\":\"ListItem\",\"position\":2,\"name\":\"Funyo\"}]},{\"@type\":\"WebSite\",\"@id\":\"https:\\\/\\\/tinychat.com\\\/#website\",\"url\":\"https:\\\/\\\/tinychat.com\\\/\",\"name\":\"TinyChat\",\"description\":\"Random Video Chat with Strangers\",\"publisher\":{\"@id\":\"https:\\\/\\\/tinychat.com\\\/#organization\"},\"alternateName\":\"TinyChat.com\",\"potentialAction\":[{\"@type\":\"SearchAction\",\"target\":{\"@type\":\"EntryPoint\",\"urlTemplate\":\"https:\\\/\\\/tinychat.com\\\/?s={search_term_string}\"},\"query-input\":{\"@type\":\"PropertyValueSpecification\",\"valueRequired\":true,\"valueName\":\"search_term_string\"}}],\"inLanguage\":\"pl-PL\"},{\"@type\":\"Organization\",\"@id\":\"https:\\\/\\\/tinychat.com\\\/#organization\",\"name\":\"TinyChat\",\"alternateName\":\"TinyChat.com\",\"url\":\"https:\\\/\\\/tinychat.com\\\/\",\"logo\":{\"@type\":\"ImageObject\",\"inLanguage\":\"pl-PL\",\"@id\":\"https:\\\/\\\/tinychat.com\\\/#\\\/schema\\\/logo\\\/image\\\/\",\"url\":\"https:\\\/\\\/tinychat.com\\\/wp-content\\\/uploads\\\/2023\\\/11\\\/Tinychat-icon-square.png\",\"contentUrl\":\"https:\\\/\\\/tinychat.com\\\/wp-content\\\/uploads\\\/2023\\\/11\\\/Tinychat-icon-square.png\",\"width\":284,\"height\":284,\"caption\":\"TinyChat\"},\"image\":{\"@id\":\"https:\\\/\\\/tinychat.com\\\/#\\\/schema\\\/logo\\\/image\\\/\"},\"sameAs\":[\"https:\\\/\\\/www.facebook.com\\\/tinychat\",\"https:\\\/\\\/x.com\\\/tinychat\"]}]}<\/script>\n<!-- \/ Yoast SEO plugin. -->","yoast_head_json":{"title":"Funyo - Darmowy losowy czat wideo - TinyChat.com","description":"Korzystasz z Funyo? Do\u0142\u0105cz do ponad 50 000 000 nieznajomych na TinyChat! W\u0142\u0105cz kamer\u0119 i zacznij poznawa\u0107 nowych ludzi lub znajd\u017a partnera.","robots":{"index":"index","follow":"follow","max-snippet":"max-snippet:-1","max-image-preview":"max-image-preview:large","max-video-preview":"max-video-preview:-1"},"canonical":"https:\/\/tinychat.com\/pl\/funyo\/","og_locale":"pl_PL","og_type":"article","og_title":"Funyo - Free Random Video Chat - TinyChat.com","og_description":"Enjoying Funyo? Join over 50,000,000 strangers on TinyChat! Turn on your cam and start meeting new people, or find a match.","og_url":"https:\/\/tinychat.com\/pl\/funyo\/","og_site_name":"TinyChat","article_publisher":"https:\/\/www.facebook.com\/tinychat","article_modified_time":"2025-07-07T16:40:50+00:00","og_image":[{"width":1280,"height":284,"url":"https:\/\/tinychat.com\/wp-content\/uploads\/2020\/04\/Tinychat-logo-1280x284-new-black.png","type":"image\/png"}],"twitter_card":"summary_large_image","twitter_site":"@tinychat","twitter_misc":{"Szacowany czas czytania":"7 minut"},"schema":{"@context":"https:\/\/schema.org","@graph":[{"@type":"WebPage","@id":"https:\/\/tinychat.com\/funyo\/","url":"https:\/\/tinychat.com\/funyo\/","name":"Funyo - Darmowy losowy czat wideo - TinyChat.com","isPartOf":{"@id":"https:\/\/tinychat.com\/#website"},"datePublished":"2025-07-07T15:44:10+00:00","dateModified":"2025-07-07T16:40:50+00:00","description":"Korzystasz z Funyo? Do\u0142\u0105cz do ponad 50 000 000 nieznajomych na TinyChat! W\u0142\u0105cz kamer\u0119 i zacznij poznawa\u0107 nowych ludzi lub znajd\u017a partnera.","breadcrumb":{"@id":"https:\/\/tinychat.com\/funyo\/#breadcrumb"},"inLanguage":"pl-PL","potentialAction":[{"@type":"ReadAction","target":["https:\/\/tinychat.com\/funyo\/"]}]},{"@type":"BreadcrumbList","@id":"https:\/\/tinychat.com\/funyo\/#breadcrumb","itemListElement":[{"@type":"ListItem","position":1,"name":"Home","item":"https:\/\/tinychat.com\/"},{"@type":"ListItem","position":2,"name":"Funyo"}]},{"@type":"WebSite","@id":"https:\/\/tinychat.com\/#website","url":"https:\/\/tinychat.com\/","name":"TinyChat","description":"Losowy czat wideo z nieznajomymi","publisher":{"@id":"https:\/\/tinychat.com\/#organization"},"alternateName":"TinyChat.com","potentialAction":[{"@type":"SearchAction","target":{"@type":"EntryPoint","urlTemplate":"https:\/\/tinychat.com\/?s={search_term_string}"},"query-input":{"@type":"PropertyValueSpecification","valueRequired":true,"valueName":"search_term_string"}}],"inLanguage":"pl-PL"},{"@type":"Organization","@id":"https:\/\/tinychat.com\/#organization","name":"TinyChat","alternateName":"TinyChat.com","url":"https:\/\/tinychat.com\/","logo":{"@type":"ImageObject","inLanguage":"pl-PL","@id":"https:\/\/tinychat.com\/#\/schema\/logo\/image\/","url":"https:\/\/tinychat.com\/wp-content\/uploads\/2023\/11\/Tinychat-icon-square.png","contentUrl":"https:\/\/tinychat.com\/wp-content\/uploads\/2023\/11\/Tinychat-icon-square.png","width":284,"height":284,"caption":"TinyChat"},"image":{"@id":"https:\/\/tinychat.com\/#\/schema\/logo\/image\/"},"sameAs":["https:\/\/www.facebook.com\/tinychat","https:\/\/x.com\/tinychat"]}]}},"_links":{"self":[{"href":"https:\/\/tinychat.com\/pl\/wp-json\/wp\/v2\/pages\/10182","targetHints":{"allow":["GET"]}}],"collection":[{"href":"https:\/\/tinychat.com\/pl\/wp-json\/wp\/v2\/pages"}],"about":[{"href":"https:\/\/tinychat.com\/pl\/wp-json\/wp\/v2\/types\/page"}],"author":[{"embeddable":true,"href":"https:\/\/tinychat.com\/pl\/wp-json\/wp\/v2\/users\/6"}],"replies":[{"embeddable":true,"href":"https:\/\/tinychat.com\/pl\/wp-json\/wp\/v2\/comments?post=10182"}],"version-history":[{"count":3,"href":"https:\/\/tinychat.com\/pl\/wp-json\/wp\/v2\/pages\/10182\/revisions"}],"predecessor-version":[{"id":13320,"href":"https:\/\/tinychat.com\/pl\/wp-json\/wp\/v2\/pages\/10182\/revisions\/13320"}],"wp:attachment":[{"href":"https:\/\/tinychat.com\/pl\/wp-json\/wp\/v2\/media?parent=10182"}],"curies":[{"name":"wp","href":"https:\/\/api.w.org\/{rel}","templated":true}]}}