{"id":10206,"date":"2025-05-30T14:48:39","date_gmt":"2025-05-30T12:48:39","guid":{"rendered":"https:\/\/tinychat.com\/?page_id=10206"},"modified":"2025-07-07T18:31:23","modified_gmt":"2025-07-07T16:31:23","slug":"joingy","status":"publish","type":"page","link":"https:\/\/tinychat.com\/pl\/joingy\/","title":{"rendered":"Joingy"},"content":{"rendered":"<p>Joingy stworzy\u0142 dla siebie nisz\u0119, oferuj\u0105c platform\u0119, kt\u00f3ra stawia na szybko\u015b\u0107, prostot\u0119 i anonimowo\u015b\u0107. Je\u015bli chcesz natychmiast wskoczy\u0107 do rozmowy z przypadkow\u0105 osob\u0105, to jest to idealne rozwi\u0105zanie dla Ciebie. <a href=\"https:\/\/tinychat.com\/pl\/strangercam\/\">nieznajomy<\/a> - Bez profili, bez pobierania, bez komplikacji - Joingy mo\u017ce by\u0107 po prostu <a href=\"https:\/\/tinychat.com\/pl\/chatroulette\/\">czat<\/a> strona, kt\u00f3rej szukasz.<\/p>\n<p>Koncentruje si\u0119 g\u0142\u00f3wnie na losowym wideo i tek\u015bcie <a href=\"https:\/\/tinychat.com\/pl\/chatroulette\/\">czat<\/a>Joingy oferuje czyste, wydajne do\u015bwiadczenie dla u\u017cytkownik\u00f3w, kt\u00f3rzy chc\u0105 interakcji w czasie rzeczywistym z lud\u017ami na ca\u0142ym \u015bwiecie. Niezale\u017cnie od tego, czy chodzi o zabaw\u0119, poznawanie nowych ludzi, czy po prostu zabicie czasu, szybkie kojarzenie Joingy i prosty interfejs sprawiaj\u0105, \u017ce jest to platforma do spontanicznych rozm\u00f3w.<\/p>\n<p>W tym kompleksowym przewodniku zbadamy, czym jest Joingy, jego wyr\u00f3\u017cniaj\u0105ce si\u0119 cechy, jak wypada na tle konkurencji, kwestie bezpiecze\u0144stwa i jak najlepiej wykorzysta\u0107 swoje do\u015bwiadczenie na tym coraz bardziej popularnym urz\u0105dzeniu. <a href=\"https:\/\/tinychat.com\/pl\/strangercam\/\">nieznajomy<\/a> <a href=\"https:\/\/tinychat.com\/pl\/chatroulette\/\">czat<\/a> strona.<\/p>\n<h2>Co to jest Joingy?<\/h2>\n<p>Joingy to darmowy, anonimowy serwis wideo i tekstowy. <a href=\"https:\/\/tinychat.com\/pl\/chatroulette\/\">czat<\/a> platforma, kt\u00f3ra losowo \u0142\u0105czy u\u017cytkownik\u00f3w w celu prowadzenia rozm\u00f3w w czasie rzeczywistym. Jak <a href=\"https:\/\/tinychat.com\/pl\/omegle\/\">Omegle<\/a> oraz <a href=\"https:\/\/tinychat.com\/pl\/chatroulette\/\">Chatroulette<\/a>nie wymaga rejestracji ani tworzenia profilu - u\u017cytkownicy po prostu wybieraj\u0105 opcj\u0119 <a href=\"https:\/\/tinychat.com\/pl\/chatroulette\/\">czat<\/a> i s\u0105 natychmiast parowane z <a href=\"https:\/\/tinychat.com\/pl\/strangercam\/\">nieznajomy<\/a>.<\/p>\n<p>To, co wyr\u00f3\u017cnia Joingy, to skupienie si\u0119 na szybkim kojarzeniu wideo jeden na jednego, w po\u0142\u0105czeniu z opcjonalnym filtrowaniem opartym na zainteresowaniach i eleganckim, responsywnym wygl\u0105dem, kt\u00f3ry dzia\u0142a dobrze na komputerach stacjonarnych i urz\u0105dzeniach mobilnych.<\/p>\n<p>Chocia\u017c nie oferuje <a href=\"https:\/\/tinychat.com\/pl\/chatroulette\/\">czat<\/a> pokoje lub zaawansowane funkcje spo\u0142eczno\u015bciowe, Joingy robi to, co robi bardzo dobrze: u\u0142atwia prywatne, anonimowe interakcje mi\u0119dzy dwiema osobami naraz.<\/p>\n<h2>Kluczowe cechy Joingy<\/h2>\n<p>Joingy zapewnia prostot\u0119 - i to jest du\u017ca cz\u0119\u015b\u0107 jego atrakcyjno\u015bci. Oto najwa\u017cniejsze funkcje platformy:<\/p>\n<h3>1. Natychmiastowy czat wideo lub tekstowy<\/h3>\n<p>Sercem Joingy jest funkcja \"jeden na jednego\". <a href=\"https:\/\/tinychat.com\/pl\/chatroulette\/\">czat<\/a> system. Po wej\u015bciu na stron\u0119 u\u017cytkownik mo\u017ce wybra\u0107 pomi\u0119dzy trybem tekstowym lub wideo <a href=\"https:\/\/tinychat.com\/pl\/chatroulette\/\">czat<\/a>, a nast\u0119pnie kliknij \"Start\", aby natychmiast po\u0142\u0105czy\u0107 si\u0119 z losowym <a href=\"https:\/\/tinychat.com\/pl\/strangercam\/\">nieznajomy<\/a>.<\/p>\n<p>Interfejs jest szybki, lekki i zbudowany tak, aby dzia\u0142a\u0107 bez op\u00f3\u017anie\u0144 - nawet na wolniejszych po\u0142\u0105czeniach.<\/p>\n<h3>2. Tagi zainteresowa\u0144 (dopasowywanie s\u0142\u00f3w kluczowych)<\/h3>\n<p>Aby zwi\u0119kszy\u0107 szanse na znacz\u0105c\u0105 interakcj\u0119, Joingy oferuje dopasowywanie oparte na zainteresowaniach. Przed rozpocz\u0119ciem sesji u\u017cytkownicy mog\u0105 wprowadzi\u0107 jedno lub wi\u0119cej s\u0142\u00f3w kluczowych lub temat\u00f3w. System spr\u00f3buje po\u0142\u0105czy\u0107 u\u017cytkownika z innymi osobami o podobnych zainteresowaniach.<\/p>\n<p>Ta funkcja jest idealna dla os\u00f3b, kt\u00f3re chc\u0105 om\u00f3wi\u0107 konkretne tematy, spotka\u0107 podobnie my\u015bl\u0105cych u\u017cytkownik\u00f3w lub unikn\u0105\u0107 zupe\u0142nie przypadkowych rozm\u00f3w.<\/p>\n<h3>3. Domy\u015blnie anonimowy<\/h3>\n<p>Joingy nie wymaga podawania \u017cadnych danych osobowych. Nie ma logowania, konta ani przechwytywania wiadomo\u015bci e-mail. U\u017cytkownik jest po prostu identyfikowany jako \"Stranger\" dla innych, a jego sesja jest tymczasowa i jednorazowa.<\/p>\n<p>Ta anonimowo\u015b\u0107 jest jedn\u0105 z podstawowych warto\u015bci Joingy - pozwala na szczer\u0105, niefiltrowan\u0105 komunikacj\u0119 bez presji to\u017csamo\u015bci lub d\u0142ugoterminowego zwi\u0105zku.<\/p>\n<h3>4. Oparte na przegl\u0105darce i przyjazne dla urz\u0105dze\u0144 mobilnych<\/h3>\n<p>Nie jest wymagana \u017cadna aplikacja. Joingy dzia\u0142a ca\u0142kowicie w przegl\u0105darce, z interfejsem reaguj\u0105cym na urz\u0105dzenia mobilne, kt\u00f3ry dzia\u0142a p\u0142ynnie na telefonach i tabletach.<\/p>\n<p>Chocia\u017c platforma nie oferuje aplikacji mobilnych (iOS\/Android), jej wersja internetowa jest w pe\u0142ni zoptymalizowana pod k\u0105tem mniejszych ekran\u00f3w i interakcji dotykowych.<\/p>\n<h3>5. Automatyczne pomijanie i szybkie ponowne \u0142\u0105czenie<\/h3>\n<p>Nie cieszysz si\u0119 swoj\u0105 obecn\u0105 <a href=\"https:\/\/tinychat.com\/pl\/chatroulette\/\">czat<\/a>? Wystarczy klikn\u0105\u0107 \"Dalej\", aby natychmiast po\u0142\u0105czy\u0107 si\u0119 z kim\u015b nowym. Joingy k\u0142adzie nacisk na szybko\u015b\u0107, wi\u0119c nie ma ekranu \u0142adowania ani op\u00f3\u017anie\u0144 podczas przechodzenia do nast\u0119pnego po\u0142\u0105czenia.<\/p>\n<p>Mo\u017cesz tak\u017ce ponownie w\u0142\u0105czy\u0107 lub wy\u0142\u0105czy\u0107 kamer\u0119 i mikrofon w dowolnym momencie sesji.<\/p>\n<h2>Jak korzysta\u0107 z Joingy<\/h2>\n<p>Rozpocz\u0119cie korzystania z Joingy jest tak proste, jak to tylko mo\u017cliwe. Oto przewodnik krok po kroku dotycz\u0105cy korzystania z platformy:<\/p>\n<h3>Krok 1: Odwied\u017a stron\u0119 internetow\u0105<\/h3>\n<p>Wejd\u017a na joingy.com za pomoc\u0105 dowolnej nowoczesnej przegl\u0105darki. Wyl\u0105dujesz bezpo\u015brednio na stronie g\u0142\u00f3wnej <a href=\"https:\/\/tinychat.com\/pl\/chatroulette\/\">czat<\/a> interfejs.<\/p>\n<h3>Krok 2: Wybierz tryb czatu<\/h3>\n<p>Wybierz pomi\u0119dzy:<\/p>\n<ul>\n<li>Wideo <a href=\"https:\/\/tinychat.com\/pl\/chatroulette\/\">Czat<\/a><\/li>\n<li>Tekst <a href=\"https:\/\/tinychat.com\/pl\/chatroulette\/\">Czat<\/a><\/li>\n<\/ul>\n<p>Konieczne b\u0119dzie przyznanie dost\u0119pu do kamery i mikrofonu na potrzeby wideo <a href=\"https:\/\/tinychat.com\/pl\/chatroulette\/\">czat<\/a>.<\/p>\n<h3>Krok 3: Dodaj tagi zainteresowa\u0144 (opcjonalnie)<\/h3>\n<p>Wpisz tematy, kt\u00f3re Ci\u0119 interesuj\u0105 - na przyk\u0142ad: \"muzyka\", \"anime\", \"filozofia\" lub \"zabawni ludzie\". Pomo\u017ce to systemowi sparowa\u0107 Ci\u0119 z innymi osobami, kt\u00f3re maj\u0105 podobne tagi.<\/p>\n<h3>Krok 4: Kliknij \"Start\"<\/h3>\n<p>Gdy b\u0119dziesz gotowy, kliknij \"Start\", a zostaniesz po\u0142\u0105czony z serwerem <a href=\"https:\/\/tinychat.com\/pl\/strangercam\/\">nieznajomy<\/a> natychmiast. The <a href=\"https:\/\/tinychat.com\/pl\/chatroulette\/\">czat<\/a> Okno wy\u015bwietli Tw\u00f3j film i ich (je\u015bli u\u017cywasz wideo), wraz z prostym interfejsem wiadomo\u015bci.<\/p>\n<h3>Krok 5: Pomi\u0144 lub zako\u0144cz czat<\/h3>\n<p>Mo\u017cesz opu\u015bci\u0107 konwersacj\u0119 w dowolnym momencie, klikaj\u0105c przycisk \"Pomi\u0144\", aby przej\u015b\u0107 do nowej konwersacji. <a href=\"https:\/\/tinychat.com\/pl\/strangercam\/\">nieznajomy<\/a> lub \"Stop\", aby ca\u0142kowicie zako\u0144czy\u0107 sesj\u0119.<\/p>\n<h2>Wra\u017cenia u\u017cytkownika na Joingy<\/h2>\n<p>Joingy koncentruje si\u0119 na szybko\u015bci, prostocie i czystym designie. Dla os\u00f3b, kt\u00f3re s\u0105 przyzwyczajone do niezgrabnych interfejs\u00f3w lub reklam. <a href=\"https:\/\/tinychat.com\/pl\/chatroulette\/\">czat<\/a> Witryny Joingy s\u0105 od\u015bwie\u017caj\u0105co nowoczesne i p\u0142ynne.<\/p>\n<h3>Co lubi\u0105 u\u017cytkownicy<\/h3>\n<ul>\n<li>Minimalistyczny uk\u0142ad bez rozpraszaj\u0105cych element\u00f3w<\/li>\n<li>Szybkie dopasowanie bez op\u00f3\u017anie\u0144<\/li>\n<li>Rejestracja nie jest wymagana<\/li>\n<li>Tagi zainteresowa\u0144 pomagaj\u0105 prowadzi\u0107 rozmow\u0119<\/li>\n<li>Dzia\u0142a r\u00f3wnie dobrze na komputerach stacjonarnych i urz\u0105dzeniach mobilnych<\/li>\n<\/ul>\n<h3>Co mo\u017cna poprawi\u0107<\/h3>\n<ul>\n<li>Brak aplikacji mobilnej - tylko przegl\u0105darka<\/li>\n<li>Brak profili u\u017cytkownik\u00f3w, listy znajomych lub <a href=\"https:\/\/tinychat.com\/pl\/chatroulette\/\">czat<\/a> historia<\/li>\n<li>Brak narz\u0119dzi moderacji dla u\u017cytkownik\u00f3w (np. przycisk zg\u0142aszania)<\/li>\n<li>Niekt\u00f3re boty lub trolle wci\u0105\u017c si\u0119 prze\u015blizguj\u0105<\/li>\n<\/ul>\n<h2>Prawdziwe recenzje u\u017cytkownik\u00f3w<\/h2>\n<blockquote><p>\"Szczerze m\u00f3wi\u0105c, Joingy jest po prostu szybki i czysty. Nie musz\u0119 si\u0119 rejestrowa\u0107 i mog\u0119 rozmawia\u0107 z kim\u015b w mniej ni\u017c pi\u0119\u0107 sekund\".<br \/>\n- Marco J., Trustpilot<\/p><\/blockquote>\n<blockquote><p>\"U\u017cywam go do \u0107wiczenia hiszpa\u0144skiego z przypadkowymi lud\u017ami. Znaczniki zainteresowania czasami dzia\u0142aj\u0105. To lepsze ni\u017c <a href=\"https:\/\/tinychat.com\/pl\/omegle\/\">Omegle<\/a>.\"<br \/>\n- Anya T., Reddit<\/p><\/blockquote>\n<blockquote><p>\"Dobry do szybkich pogaw\u0119dek. Ale jak wi\u0119kszo\u015b\u0107 <a href=\"https:\/\/tinychat.com\/pl\/chatroulette\/\">czat<\/a> W takich miejscach trzeba omin\u0105\u0107 kilku dziwak\u00f3w, zanim trafi si\u0119 na dobr\u0105 rozmow\u0119\".<br \/>\n- Raymond M., Sitejabber<\/p><\/blockquote>\n<h2>Joingy vs inne platformy do czat\u00f3w wideo<\/h2>\n<p>Zobaczmy, jak Joingy wypada na tle popularnych alternatyw w losowych przypadkach <a href=\"https:\/\/tinychat.com\/pl\/chatroulette\/\">czat<\/a> przestrze\u0144:<\/p>\n<table>\n<thead>\n<tr>\n<th>Cecha<\/th>\n<th>Joingy<\/th>\n<th><a href=\"https:\/\/tinychat.com\/pl\/omegle\/\">Omegle<\/a><\/th>\n<th><a href=\"https:\/\/tinychat.com\/pl\/chatroulette\/\">Chatroulette<\/a><\/th>\n<th><a href=\"https:\/\/tinychat.com\/pl\/chathub\/\">ChatHub<\/a><\/th>\n<th><a href=\"https:\/\/tinychat.com\/pl\/ometv\/\">OmeTV<\/a><\/th>\n<\/tr>\n<\/thead>\n<tbody>\n<tr>\n<td>Natychmiastowe wideo <a href=\"https:\/\/tinychat.com\/pl\/chatroulette\/\">Czat<\/a><\/td>\n<td>Tak<\/td>\n<td>Tak<\/td>\n<td>Tak<\/td>\n<td>Tak<\/td>\n<td>Tak<\/td>\n<\/tr>\n<tr>\n<td>Tekst <a href=\"https:\/\/tinychat.com\/pl\/chatroulette\/\">Czat<\/a> Opcja<\/td>\n<td>Tak<\/td>\n<td>Tak<\/td>\n<td>Tak<\/td>\n<td>Tak<\/td>\n<td>Tak<\/td>\n<\/tr>\n<tr>\n<td>Znaczniki zainteresowania<\/td>\n<td>Tak<\/td>\n<td>Tak<\/td>\n<td>Nie<\/td>\n<td>Nie<\/td>\n<td>Nie<\/td>\n<\/tr>\n<tr>\n<td>Anonimowe u\u017cycie<\/td>\n<td>Tak<\/td>\n<td>Tak<\/td>\n<td>Tak<\/td>\n<td>Tak<\/td>\n<td>Tak<\/td>\n<\/tr>\n<tr>\n<td>Brak rejestracji<\/td>\n<td>Tak<\/td>\n<td>Tak<\/td>\n<td>Tak<\/td>\n<td>Tak<\/td>\n<td>Tak<\/td>\n<\/tr>\n<tr>\n<td>Narz\u0119dzia moderacji<\/td>\n<td>\u26a0\ufe0f Minimal<\/td>\n<td>\u26a0\ufe0f Poor<\/td>\n<td>Umiarkowany<\/td>\n<td>Silny<\/td>\n<td>Silny<\/td>\n<\/tr>\n<tr>\n<td>Aplikacja mobilna<\/td>\n<td>Brak aplikacji<\/td>\n<td>Nie<\/td>\n<td>Tak<\/td>\n<td>Brak aplikacji<\/td>\n<td>Tak<\/td>\n<\/tr>\n<tr>\n<td>Jako\u015b\u0107 wideo<\/td>\n<td>Dobry<\/td>\n<td>\u26a0\ufe0f R\u00f3\u017cne<\/td>\n<td>Dobry<\/td>\n<td>Doskona\u0142y<\/td>\n<td>Dobry<\/td>\n<\/tr>\n<\/tbody>\n<\/table>\n<p>Podsumowanie: Joingy oferuje jedno z najszybszych i najprostszych po\u0142\u0105cze\u0144 wideo <a href=\"https:\/\/tinychat.com\/pl\/chatroulette\/\">czat<\/a> do\u015bwiadczenia online, rywalizuj\u0105c <a href=\"https:\/\/tinychat.com\/pl\/omegle\/\">Omegle<\/a> pod wzgl\u0119dem \u0142atwo\u015bci dost\u0119pu, ale z bardziej przejrzystym wygl\u0105dem i przydatnymi filtrami zainteresowa\u0144.<\/p>\n<h2>Czy Joingy jest bezpieczny?<\/h2>\n<p>Joingy dok\u0142ada wszelkich stara\u0144, aby oferowa\u0107 anonimowe, prywatne czaty jeden na jednego, ale bezpiecze\u0144stwo zale\u017cy w du\u017cej mierze od u\u017cytkownika. W przeciwie\u0144stwie do niekt\u00f3rych innych platform, Joingy nie oferuje oczywistych narz\u0119dzi do raportowania ani widocznych moderator\u00f3w.<\/p>\n<h3>Potencjalne zagro\u017cenia<\/h3>\n<ul>\n<li>Nieodpowiednie tre\u015bci w czatach wideo<\/li>\n<li>Boty lub spam skryptowy w trybie tekstowym<\/li>\n<li>Brak weryfikacji wieku - nastolatki mog\u0105 by\u0107 nara\u017cone na tre\u015bci dla doros\u0142ych.<\/li>\n<\/ul>\n<h3>Najlepsze praktyki bezpiecznego u\u017cytkowania<\/h3>\n<ul>\n<li>Nigdy nie udost\u0119pniaj danych osobowych (imi\u0119 i nazwisko, adres, media spo\u0142eczno\u015bciowe).<\/li>\n<li>Nie klikaj link\u00f3w udost\u0119pnionych przez innych u\u017cytkownik\u00f3w<\/li>\n<li>Pomijaj natychmiast, je\u015bli u\u017cytkownik zachowuje si\u0119 niew\u0142a\u015bciwie.<\/li>\n<li>Korzystanie z witryny w moderowanych \u015brodowiskach (np. w domu, a nie w publicznych sieciach Wi-Fi).<\/li>\n<li>Rozwa\u017c skorzystanie z VPN w celu zwi\u0119kszenia prywatno\u015bci<\/li>\n<\/ul>\n<h2>Wskaz\u00f3wki, jak najlepiej wykorzysta\u0107 Joingy<\/h2>\n<ul>\n<li>M\u0105drze u\u017cywaj tag\u00f3w zainteresowa\u0144 - tematy niszowe pomagaj\u0105 filtrowa\u0107 lepsze dopasowania.<\/li>\n<li>U\u017cywanie s\u0142uchawek zapewnia wyra\u017aniejszy d\u017awi\u0119k i wi\u0119ksz\u0105 prywatno\u015b\u0107<\/li>\n<li>Dobre o\u015bwietlenie dla bardziej anga\u017cuj\u0105cych czat\u00f3w wideo<\/li>\n<li>Nie b\u00f3j si\u0119 pomin\u0105\u0107 - nie jeste\u015b zobowi\u0105zany do pozostania w \u017cadnym miejscu. <a href=\"https:\/\/tinychat.com\/pl\/chatroulette\/\">czat<\/a><\/li>\n<li>Spr\u00f3buj czatowa\u0107 o r\u00f3\u017cnych porach - dane demograficzne u\u017cytkownik\u00f3w r\u00f3\u017cni\u0105 si\u0119 w zale\u017cno\u015bci od regionu i strefy czasowej.<\/li>\n<\/ul>\n<h2>Rozwi\u0105zywanie typowych problem\u00f3w<\/h2>\n<h3>Nie dzia\u0142a kamera lub mikrofon<\/h3>\n<p>Upewnij si\u0119, \u017ce przegl\u0105darka ma w\u0142\u0105czone uprawnienia. Spr\u00f3buj od\u015bwie\u017cy\u0107 lub u\u017cy\u0107 innej przegl\u0105darki (Chrome dzia\u0142a najlepiej).<\/p>\n<h3>Pusty lub czarny ekran wideo<\/h3>\n<p>Mo\u017ce to by\u0107 po stronie innego u\u017cytkownika. Pomi\u0144 i spr\u00f3buj ponownie. Sprawd\u017a r\u00f3wnie\u017c, czy kamera nie jest u\u017cywana przez inn\u0105 aplikacj\u0119.<\/p>\n<h3>Dopasowywanie odsetek nie dzia\u0142a<\/h3>\n<p>U\u017cywaj szerszych lub bardziej popularnych s\u0142\u00f3w kluczowych. Czasami niszowe tematy nie maj\u0105 wystarczaj\u0105cej liczby aktywnych u\u017cytkownik\u00f3w.<\/p>\n<h3>Niew\u0142a\u015bciwe zachowanie<\/h3>\n<p>Joingy nie ma obecnie przycisku zg\u0142aszania u\u017cytkownika. Najlepszym sposobem dzia\u0142ania jest natychmiastowe pomini\u0119cie.<\/p>\n<p>Joingy zapewnia dok\u0142adnie to, co obiecuje: czysty, bez logowania spos\u00f3b na <a href=\"https:\/\/tinychat.com\/pl\/talk-to-strangers\/\">rozmawia\u0107 z nieznajomymi<\/a> za po\u015brednictwem tekstu lub wideo. Dzi\u0119ki funkcjom takim jak tagi zainteresowa\u0144 i kompatybilno\u015b\u0107 z urz\u0105dzeniami mobilnymi, jest to doskona\u0142y wyb\u00f3r dla zwyk\u0142ych u\u017cytkownik\u00f3w, kt\u00f3rzy chc\u0105 w \u0142atwy spos\u00f3b pozna\u0107 kogo\u015b nowego.<\/p>\n<p>Nie jest pozbawiony wad - ograniczona moderacja i brak wsparcia dla aplikacji mog\u0105 odstraszy\u0107 niekt\u00f3rych u\u017cytkownik\u00f3w - ale dla tych, kt\u00f3rzy priorytetowo traktuj\u0105 prostot\u0119, szybko\u015b\u0107 i anonimowo\u015b\u0107, Joingy jest silnym konkurentem w losowaniu <a href=\"https:\/\/tinychat.com\/pl\/chatroulette\/\">czat<\/a> przestrze\u0144.<\/p>\n<p>Wi\u0119c je\u015bli jeste\u015b w nastroju na niefiltrowan\u0105 rozmow\u0119 lub po prostu chcesz pozna\u0107 <a href=\"https:\/\/tinychat.com\/pl\/strangercam\/\">nieznajomy<\/a> i zobaczy\u0107, jak to dzia\u0142a, wypr\u00f3buj Joingy na joingy.com. Wystarczy jedno klikni\u0119cie.<\/p>","protected":false},"excerpt":{"rendered":"<p>Joingy has carved out a niche for itself by offering a platform that is all about speed, simplicity, and anonymity. If you&#8217;re looking to instantly jump into a conversation with a random stranger \u2014 no profiles, no downloads, no complications \u2014 Joingy might just be the chat site you&#8217;re looking for. Focused primarily on random [&hellip;]<\/p>\n","protected":false},"author":6,"featured_media":0,"parent":0,"menu_order":0,"comment_status":"closed","ping_status":"closed","template":"","meta":{"footnotes":""},"class_list":["post-10206","page","type-page","status-publish","hentry"],"yoast_head":"<!-- This site is optimized with the Yoast SEO plugin v27.3 - https:\/\/yoast.com\/product\/yoast-seo-wordpress\/ -->\n<title>Joingy - Join the Stranger Cam Chat - TinyChat.com<\/title>\n<meta name=\"description\" content=\"Enjoying Joingy? Join over 50,000,000 strangers on TinyChat! Turn on your cam and start meeting new people, or find a match.\" \/>\n<meta name=\"robots\" content=\"index, follow, max-snippet:-1, max-image-preview:large, max-video-preview:-1\" \/>\n<link rel=\"canonical\" href=\"https:\/\/tinychat.com\/pl\/joingy\/\" \/>\n<meta property=\"og:locale\" content=\"pl_PL\" \/>\n<meta property=\"og:type\" content=\"article\" \/>\n<meta property=\"og:title\" content=\"Joingy - Join the Stranger Cam Chat - TinyChat.com\" \/>\n<meta property=\"og:description\" content=\"Enjoying Joingy? Join over 50,000,000 strangers on TinyChat! Turn on your cam and start meeting new people, or find a match.\" \/>\n<meta property=\"og:url\" content=\"https:\/\/tinychat.com\/pl\/joingy\/\" \/>\n<meta property=\"og:site_name\" content=\"TinyChat\" \/>\n<meta property=\"article:publisher\" content=\"https:\/\/www.facebook.com\/tinychat\" \/>\n<meta property=\"article:modified_time\" content=\"2025-07-07T16:31:23+00:00\" \/>\n<meta property=\"og:image\" content=\"https:\/\/tinychat.com\/wp-content\/uploads\/2020\/04\/Tinychat-logo-1280x284-new-black.png\" \/>\n\t<meta property=\"og:image:width\" content=\"1280\" \/>\n\t<meta property=\"og:image:height\" content=\"284\" \/>\n\t<meta property=\"og:image:type\" content=\"image\/png\" \/>\n<meta name=\"twitter:card\" content=\"summary_large_image\" \/>\n<meta name=\"twitter:site\" content=\"@tinychat\" \/>\n<meta name=\"twitter:label1\" content=\"Szacowany czas czytania\" \/>\n\t<meta name=\"twitter:data1\" content=\"6 minut\" \/>\n<script type=\"application\/ld+json\" class=\"yoast-schema-graph\">{\"@context\":\"https:\\\/\\\/schema.org\",\"@graph\":[{\"@type\":\"WebPage\",\"@id\":\"https:\\\/\\\/tinychat.com\\\/joingy\\\/\",\"url\":\"https:\\\/\\\/tinychat.com\\\/joingy\\\/\",\"name\":\"Joingy - Join the Stranger Cam Chat - TinyChat.com\",\"isPartOf\":{\"@id\":\"https:\\\/\\\/tinychat.com\\\/#website\"},\"datePublished\":\"2025-05-30T12:48:39+00:00\",\"dateModified\":\"2025-07-07T16:31:23+00:00\",\"description\":\"Enjoying Joingy? Join over 50,000,000 strangers on TinyChat! Turn on your cam and start meeting new people, or find a match.\",\"breadcrumb\":{\"@id\":\"https:\\\/\\\/tinychat.com\\\/joingy\\\/#breadcrumb\"},\"inLanguage\":\"pl-PL\",\"potentialAction\":[{\"@type\":\"ReadAction\",\"target\":[\"https:\\\/\\\/tinychat.com\\\/joingy\\\/\"]}]},{\"@type\":\"BreadcrumbList\",\"@id\":\"https:\\\/\\\/tinychat.com\\\/joingy\\\/#breadcrumb\",\"itemListElement\":[{\"@type\":\"ListItem\",\"position\":1,\"name\":\"Home\",\"item\":\"https:\\\/\\\/tinychat.com\\\/\"},{\"@type\":\"ListItem\",\"position\":2,\"name\":\"Joingy\"}]},{\"@type\":\"WebSite\",\"@id\":\"https:\\\/\\\/tinychat.com\\\/#website\",\"url\":\"https:\\\/\\\/tinychat.com\\\/\",\"name\":\"TinyChat\",\"description\":\"Random Video Chat with Strangers\",\"publisher\":{\"@id\":\"https:\\\/\\\/tinychat.com\\\/#organization\"},\"alternateName\":\"TinyChat.com\",\"potentialAction\":[{\"@type\":\"SearchAction\",\"target\":{\"@type\":\"EntryPoint\",\"urlTemplate\":\"https:\\\/\\\/tinychat.com\\\/?s={search_term_string}\"},\"query-input\":{\"@type\":\"PropertyValueSpecification\",\"valueRequired\":true,\"valueName\":\"search_term_string\"}}],\"inLanguage\":\"pl-PL\"},{\"@type\":\"Organization\",\"@id\":\"https:\\\/\\\/tinychat.com\\\/#organization\",\"name\":\"TinyChat\",\"alternateName\":\"TinyChat.com\",\"url\":\"https:\\\/\\\/tinychat.com\\\/\",\"logo\":{\"@type\":\"ImageObject\",\"inLanguage\":\"pl-PL\",\"@id\":\"https:\\\/\\\/tinychat.com\\\/#\\\/schema\\\/logo\\\/image\\\/\",\"url\":\"https:\\\/\\\/tinychat.com\\\/wp-content\\\/uploads\\\/2023\\\/11\\\/Tinychat-icon-square.png\",\"contentUrl\":\"https:\\\/\\\/tinychat.com\\\/wp-content\\\/uploads\\\/2023\\\/11\\\/Tinychat-icon-square.png\",\"width\":284,\"height\":284,\"caption\":\"TinyChat\"},\"image\":{\"@id\":\"https:\\\/\\\/tinychat.com\\\/#\\\/schema\\\/logo\\\/image\\\/\"},\"sameAs\":[\"https:\\\/\\\/www.facebook.com\\\/tinychat\",\"https:\\\/\\\/x.com\\\/tinychat\"]}]}<\/script>\n<!-- \/ Yoast SEO plugin. -->","yoast_head_json":{"title":"Joingy - Do\u0142\u0105cz do czatu Stranger Cam - TinyChat.com","description":"Korzystasz z Joingy? Do\u0142\u0105cz do ponad 50 000 000 nieznajomych na TinyChat! W\u0142\u0105cz kamer\u0119 i zacznij poznawa\u0107 nowych ludzi lub znajd\u017a partnera.","robots":{"index":"index","follow":"follow","max-snippet":"max-snippet:-1","max-image-preview":"max-image-preview:large","max-video-preview":"max-video-preview:-1"},"canonical":"https:\/\/tinychat.com\/pl\/joingy\/","og_locale":"pl_PL","og_type":"article","og_title":"Joingy - Join the Stranger Cam Chat - TinyChat.com","og_description":"Enjoying Joingy? Join over 50,000,000 strangers on TinyChat! Turn on your cam and start meeting new people, or find a match.","og_url":"https:\/\/tinychat.com\/pl\/joingy\/","og_site_name":"TinyChat","article_publisher":"https:\/\/www.facebook.com\/tinychat","article_modified_time":"2025-07-07T16:31:23+00:00","og_image":[{"width":1280,"height":284,"url":"https:\/\/tinychat.com\/wp-content\/uploads\/2020\/04\/Tinychat-logo-1280x284-new-black.png","type":"image\/png"}],"twitter_card":"summary_large_image","twitter_site":"@tinychat","twitter_misc":{"Szacowany czas czytania":"6 minut"},"schema":{"@context":"https:\/\/schema.org","@graph":[{"@type":"WebPage","@id":"https:\/\/tinychat.com\/joingy\/","url":"https:\/\/tinychat.com\/joingy\/","name":"Joingy - Do\u0142\u0105cz do czatu Stranger Cam - TinyChat.com","isPartOf":{"@id":"https:\/\/tinychat.com\/#website"},"datePublished":"2025-05-30T12:48:39+00:00","dateModified":"2025-07-07T16:31:23+00:00","description":"Korzystasz z Joingy? Do\u0142\u0105cz do ponad 50 000 000 nieznajomych na TinyChat! W\u0142\u0105cz kamer\u0119 i zacznij poznawa\u0107 nowych ludzi lub znajd\u017a partnera.","breadcrumb":{"@id":"https:\/\/tinychat.com\/joingy\/#breadcrumb"},"inLanguage":"pl-PL","potentialAction":[{"@type":"ReadAction","target":["https:\/\/tinychat.com\/joingy\/"]}]},{"@type":"BreadcrumbList","@id":"https:\/\/tinychat.com\/joingy\/#breadcrumb","itemListElement":[{"@type":"ListItem","position":1,"name":"Home","item":"https:\/\/tinychat.com\/"},{"@type":"ListItem","position":2,"name":"Joingy"}]},{"@type":"WebSite","@id":"https:\/\/tinychat.com\/#website","url":"https:\/\/tinychat.com\/","name":"TinyChat","description":"Losowy czat wideo z nieznajomymi","publisher":{"@id":"https:\/\/tinychat.com\/#organization"},"alternateName":"TinyChat.com","potentialAction":[{"@type":"SearchAction","target":{"@type":"EntryPoint","urlTemplate":"https:\/\/tinychat.com\/?s={search_term_string}"},"query-input":{"@type":"PropertyValueSpecification","valueRequired":true,"valueName":"search_term_string"}}],"inLanguage":"pl-PL"},{"@type":"Organization","@id":"https:\/\/tinychat.com\/#organization","name":"TinyChat","alternateName":"TinyChat.com","url":"https:\/\/tinychat.com\/","logo":{"@type":"ImageObject","inLanguage":"pl-PL","@id":"https:\/\/tinychat.com\/#\/schema\/logo\/image\/","url":"https:\/\/tinychat.com\/wp-content\/uploads\/2023\/11\/Tinychat-icon-square.png","contentUrl":"https:\/\/tinychat.com\/wp-content\/uploads\/2023\/11\/Tinychat-icon-square.png","width":284,"height":284,"caption":"TinyChat"},"image":{"@id":"https:\/\/tinychat.com\/#\/schema\/logo\/image\/"},"sameAs":["https:\/\/www.facebook.com\/tinychat","https:\/\/x.com\/tinychat"]}]}},"_links":{"self":[{"href":"https:\/\/tinychat.com\/pl\/wp-json\/wp\/v2\/pages\/10206","targetHints":{"allow":["GET"]}}],"collection":[{"href":"https:\/\/tinychat.com\/pl\/wp-json\/wp\/v2\/pages"}],"about":[{"href":"https:\/\/tinychat.com\/pl\/wp-json\/wp\/v2\/types\/page"}],"author":[{"embeddable":true,"href":"https:\/\/tinychat.com\/pl\/wp-json\/wp\/v2\/users\/6"}],"replies":[{"embeddable":true,"href":"https:\/\/tinychat.com\/pl\/wp-json\/wp\/v2\/comments?post=10206"}],"version-history":[{"count":3,"href":"https:\/\/tinychat.com\/pl\/wp-json\/wp\/v2\/pages\/10206\/revisions"}],"predecessor-version":[{"id":13198,"href":"https:\/\/tinychat.com\/pl\/wp-json\/wp\/v2\/pages\/10206\/revisions\/13198"}],"wp:attachment":[{"href":"https:\/\/tinychat.com\/pl\/wp-json\/wp\/v2\/media?parent=10206"}],"curies":[{"name":"wp","href":"https:\/\/api.w.org\/{rel}","templated":true}]}}