{"id":11180,"date":"2025-12-02T08:44:24","date_gmt":"2025-12-02T06:44:24","guid":{"rendered":"https:\/\/tinychat.com\/?page_id=11180"},"modified":"2025-12-02T10:48:23","modified_gmt":"2025-12-02T08:48:23","slug":"randomskip","status":"publish","type":"page","link":"https:\/\/tinychat.com\/pl\/randomskip\/","title":{"rendered":"Randomskip"},"content":{"rendered":"<p>Najlepsze do\u015bwiadczenia online s\u0105 cz\u0119sto najprostsze \u2014 a Randomskip jest tego dowodem. Stworzony z my\u015bl\u0105 o osobach pragn\u0105cych autentycznych, spontanicznych interakcji, Randomskip pozwala natychmiast poznawa\u0107 nowych ludzi poprzez czat wideo na \u017cywo, bez rejestracji, op\u0142at i skomplikowanych funkcji. Wystarczy otworzy\u0107 stron\u0119, klikn\u0105\u0107 \u201cStart\u201d i ju\u017c jeste\u015b twarz\u0105 w twarz z now\u0105 osob\u0105 z dowolnego miejsca na \u015bwiecie.<\/p>\n<p>Jest szybki, anonimowy i zaskakuj\u0105co wci\u0105gaj\u0105cy \u2014 przywraca emocje zwi\u0105zane z kultur\u0105 losowych czat\u00f3w z pocz\u0105tk\u00f3w internetu, ale z wykorzystaniem bardziej p\u0142ynnej technologii i nowoczesnego wygl\u0105du. Niezale\u017cnie od tego, czy chcesz zabi\u0107 czas, pozna\u0107 ludzi z innych kraj\u00f3w, czy po prostu cieszy\u0107 si\u0119 spontaniczn\u0105 rozmow\u0105, Randomskip sprawia, \u017ce jest to \u0142atwe.<\/p>\n<p>Ta szczeg\u00f3\u0142owa recenzja obejmuje informacje na temat tego, czym jest Randomskip, jego kluczowe funkcje, spos\u00f3b u\u017cytkowania, wra\u017cenia u\u017cytkownik\u00f3w, por\u00f3wnanie z konkurencj\u0105 oraz niezb\u0119dne wskaz\u00f3wki dotycz\u0105ce bezpiecze\u0144stwa i u\u017cytkowania, kt\u00f3re pozwol\u0105 maksymalnie wykorzysta\u0107 czas sp\u0119dzony na czacie online.<\/p>\n<h2>Co to jest Randomskip?<\/h2>\n<p>Randomskip to darmowa platforma do losowych rozm\u00f3w wideo, kt\u00f3ra pozwala na szybkie nawi\u0105zywanie kontakt\u00f3w z nieznajomymi przez kamer\u0119 internetow\u0105. Zasada dzia\u0142ania jest prosta, ale wci\u0105gaj\u0105ca: za ka\u017cdym razem, gdy klikniesz \u201cDalej\u201d, zostaniesz po\u0142\u0105czony z now\u0105 osob\u0105 \u2013 st\u0105d nazwa serwisu. <em>Randomskip.<\/em><\/p>\n<p>Nie potrzebujesz konta, profilu ani aplikacji. Wszystko odbywa si\u0119 w przegl\u0105darce, jest prywatne i natychmiastowe. Randomskip koncentruje si\u0119 wy\u0142\u0105cznie na szybko\u015bci i spontaniczno\u015bci, pozwalaj\u0105c u\u017cytkownikom wchodzi\u0107, rozmawia\u0107 i wychodzi\u0107, kiedy tylko maj\u0105 na to ochot\u0119.<\/p>\n<p>Najwi\u0119ksz\u0105 zalet\u0105 platformy jest jej prostota: nie ma \u017cadnych rozpraszaj\u0105cych element\u00f3w, nie trzeba czeka\u0107, a o tym, kogo poznasz, nie decyduj\u0105 \u017cadne algorytmy \u2014 to po prostu czyste, losowe po\u0142\u0105czenie.<\/p>\n<h2>Najwa\u017cniejsze cechy modelu Randomskip<\/h2>\n<p>Randomskip oferuje wszystkie niezb\u0119dne elementy doskona\u0142ego czatu losowego, \u0142\u0105cz\u0105c \u0142atwo\u015b\u0107 obs\u0142ugi z solidn\u0105 funkcjonalno\u015bci\u0105.<\/p>\n<h3>1. Czat wideo jeden na jednego<\/h3>\n<ul>\n<li>Poznaj nowych ludzi natychmiast dzi\u0119ki kamerze internetowej na \u017cywo.<\/li>\n<li>P\u0142ynna jako\u015b\u0107 obrazu i d\u017awi\u0119ku zapewniaj\u0105ca naturalne rozmowy.<\/li>\n<li>Dzia\u0142a ca\u0142kowicie w przegl\u0105darce \u2014 nie wymaga aplikacji ani pobierania.<\/li>\n<\/ul>\n<h3>2. Przycisk pomijania<\/h3>\n<ul>\n<li>Przejd\u017a do nast\u0119pnego czatu jednym klikni\u0119ciem.<\/li>\n<li>Zapewnia szybk\u0105 akcj\u0119 i emocjonuj\u0105ce wra\u017cenia.<\/li>\n<li>Zach\u0119ca do odkrywania i spontaniczno\u015bci.<\/li>\n<\/ul>\n<h3>3. Integracja czatu tekstowego<\/h3>\n<ul>\n<li>Wbudowana opcja tekstowa obok wideo.<\/li>\n<li>Idealny do cichszych \u015brodowisk lub gdy wolisz pisa\u0107 na klawiaturze.<\/li>\n<\/ul>\n<h3>4. Globalna baza u\u017cytkownik\u00f3w<\/h3>\n<ul>\n<li>Nawi\u0105\u017c kontakt z lud\u017ami z ca\u0142ego \u015bwiata.<\/li>\n<li>Poznaj nowe kultury lub \u0107wicz inne j\u0119zyki.<\/li>\n<\/ul>\n<h3>5. Kompatybilno\u015b\u0107 z urz\u0105dzeniami mobilnymi i komputerami stacjonarnymi<\/h3>\n<ul>\n<li>Dzia\u0142a p\u0142ynnie na smartfonach, tabletach i komputerach.<\/li>\n<li>W pe\u0142ni responsywny interfejs, kt\u00f3ry dostosowuje si\u0119 do Twojego urz\u0105dzenia.<\/li>\n<\/ul>\n<h3>6. Rejestracja nie jest wymagana<\/h3>\n<ul>\n<li>Rozpocznij czatowanie natychmiast, bez rejestracji i zak\u0142adania konta.<\/li>\n<li>Pe\u0142na anonimowo\u015b\u0107 dla u\u017cytkownik\u00f3w, kt\u00f3rzy ceni\u0105 sobie prywatno\u015b\u0107.<\/li>\n<\/ul>\n<h3>7. 100% Bezp\u0142atny dost\u0119p<\/h3>\n<ul>\n<li>Bez subskrypcji, ukrytych koszt\u00f3w i funkcji p\u0142atnych za odblokowanie.<\/li>\n<li>Ka\u017cda funkcja jest dost\u0119pna dla wszystkich u\u017cytkownik\u00f3w.<\/li>\n<\/ul>\n<h3>8. Nowoczesny, przejrzysty interfejs<\/h3>\n<ul>\n<li>Minimalistyczny design u\u0142atwiaj\u0105cy nawigacj\u0119.<\/li>\n<li>Skupiamy si\u0119 na prawdziwych rozmowach, a nie na zagmatwanych menu.<\/li>\n<\/ul>\n<h2>Jak korzysta\u0107 z Randomskip<\/h2>\n<p>Rozpocz\u0119cie pracy z Randomskip zajmuje kilka sekund \u2014 nie trzeba niczego pobiera\u0107, instalowa\u0107 ani konfigurowa\u0107.<\/p>\n<h3>Krok 1: Odwied\u017a stron\u0119 internetow\u0105<\/h3>\n<p>Przejd\u017a do strony Randomskip.com w przegl\u0105darce internetowej.<\/p>\n<h3>Krok 2: Zezw\u00f3l na uprawnienia<\/h3>\n<p>W przypadku pojawienia si\u0119 monitu, zezw\u00f3l na dost\u0119p do kamery i mikrofonu.<\/p>\n<h3>Krok 3: Kliknij \u201cStart\u201d<\/h3>\n<p>Zostaniesz natychmiast po\u0142\u0105czony z przypadkow\u0105 osob\u0105.<\/p>\n<h3>Krok 4: Czat lub pomini\u0119cie<\/h3>\n<p>Ciesz si\u0119 rozmow\u0105 \u2014 lub kliknij \u201cDalej\u201d, aby pozna\u0107 kogo\u015b nowego.<\/p>\n<h3>Krok 5: Kontynuuj odkrywanie<\/h3>\n<p>Nie ma ogranicze\u0144 co do liczby os\u00f3b, kt\u00f3re mo\u017cesz pozna\u0107. Ka\u017cde \u201cpomini\u0119cie\u201d otwiera nowe mo\u017cliwo\u015bci.<\/p>\n<p>To wszystko \u2014 bez logowania, bez profili, tylko rozmowa w czasie rzeczywistym.<\/p>\n<h2>Do\u015bwiadczenia u\u017cytkownik\u00f3w na Randomskip<\/h2>\n<p>Randomskip to szybko\u015b\u0107, prostota i spontaniczno\u015b\u0107. Jest przeznaczony dla u\u017cytkownik\u00f3w, kt\u00f3rzy chc\u0105 natychmiastowej interakcji z innymi lud\u017ami bez \u017cadnych komplikacji.<\/p>\n<h3>Co lubi\u0105 u\u017cytkownicy<\/h3>\n<ul>\n<li>Niezwykle \u0142atwy w u\u017cyciu \u2014 wystarczy klikn\u0105\u0107 i zacz\u0105\u0107 czatowa\u0107.<\/li>\n<li>Nie jest wymagana rejestracja ani konfiguracja.<\/li>\n<li>Szybkie, p\u0142ynne po\u0142\u0105czenia z minimalnym op\u00f3\u017anieniem.<\/li>\n<li>Dzia\u0142a dobrze na urz\u0105dzeniach mobilnych i komputerach stacjonarnych.<\/li>\n<li>100% bezp\u0142atny i prywatny.<\/li>\n<\/ul>\n<h3>Gdzie u\u017cytkownicy widz\u0105 pole do poprawy<\/h3>\n<ul>\n<li>Brak filtr\u00f3w dotycz\u0105cych p\u0142ci lub lokalizacji (ca\u0142kowicie losowe).<\/li>\n<li>Ograniczone narz\u0119dzia moderacyjne poza godzinami szczytu.<\/li>\n<li>Nie mo\u017cna ponownie po\u0142\u0105czy\u0107 si\u0119 z poprzednimi czatami.<\/li>\n<li>Okresowe spadki aktywno\u015bci w zale\u017cno\u015bci od strefy czasowej.<\/li>\n<\/ul>\n<p>Pomimo tych ogranicze\u0144, Randomskip pozostaje jednym z najprostszych i najprzyjemniejszych serwis\u00f3w do losowych rozm\u00f3w wideo online.<\/p>\n<h2>Randomskip a inne platformy czatowe<\/h2>\n<p>Oto jak Randomskip wypada na tle innych g\u0142\u00f3wnych platform:<\/p>\n<table>\n<thead>\n<tr>\n<th>Cecha<\/th>\n<th>Randomskip<\/th>\n<th>Omegle<\/th>\n<th>Chatroulette<\/th>\n<th>ChatHub<\/th>\n<th>Emerald Chat<\/th>\n<th>Umingle<\/th>\n<\/tr>\n<\/thead>\n<tbody>\n<tr>\n<td>Losowy czat wideo<\/td>\n<td>Tak<\/td>\n<td>Tak<\/td>\n<td>Tak<\/td>\n<td>Tak<\/td>\n<td>Tak<\/td>\n<td>Tak<\/td>\n<\/tr>\n<tr>\n<td>Opcja czatu tekstowego<\/td>\n<td>Tak<\/td>\n<td>Tak<\/td>\n<td>Tak<\/td>\n<td>Tak<\/td>\n<td>Tak<\/td>\n<td>Tak<\/td>\n<\/tr>\n<tr>\n<td>Przycisk pomijania<\/td>\n<td>Tak<\/td>\n<td>Tak<\/td>\n<td>Tak<\/td>\n<td>Tak<\/td>\n<td>Tak<\/td>\n<td>Tak<\/td>\n<\/tr>\n<tr>\n<td>Wymagana rejestracja<\/td>\n<td>Nie<\/td>\n<td>Nie<\/td>\n<td>Nie<\/td>\n<td>Opcjonalnie<\/td>\n<td>Opcjonalnie<\/td>\n<td>Nie<\/td>\n<\/tr>\n<tr>\n<td>Filtry (p\u0142e\u0107\/lokalizacja)<\/td>\n<td>Nie<\/td>\n<td>Nie<\/td>\n<td>Ograniczony<\/td>\n<td>Tak<\/td>\n<td>Tak<\/td>\n<td>Nie<\/td>\n<\/tr>\n<tr>\n<td>Bezp\u0142atny dost\u0119p<\/td>\n<td>Zawsze<\/td>\n<td>Zawsze<\/td>\n<td>Zawsze<\/td>\n<td>Tak<\/td>\n<td>Tak<\/td>\n<td>Zawsze<\/td>\n<\/tr>\n<tr>\n<td>Przyjazny dla urz\u0105dze\u0144 mobilnych<\/td>\n<td>Tak<\/td>\n<td>Tak<\/td>\n<td>Tak<\/td>\n<td>Tak<\/td>\n<td>Tak<\/td>\n<td>Tak<\/td>\n<\/tr>\n<tr>\n<td>Anonimowo\u015b\u0107<\/td>\n<td>Silny<\/td>\n<td>Silny<\/td>\n<td>Silny<\/td>\n<td>Umiarkowany<\/td>\n<td>Umiarkowany<\/td>\n<td>Silny<\/td>\n<\/tr>\n<\/tbody>\n<\/table>\n<p>Podsumowanie: Randomskip \u0142\u0105czy spontaniczno\u015b\u0107 Omegle z bardziej przejrzystym, nowoczesnym interfejsem. Jest to idealna platforma dla u\u017cytkownik\u00f3w, kt\u00f3rzy chc\u0105 po prostu prowadzi\u0107 szybkie, bezp\u0142atne rozmowy bez \u017cadnych zobowi\u0105za\u0144.<\/p>\n<h2>Czy Randomskip jest bezpieczny?<\/h2>\n<p>Randomskip k\u0142adzie nacisk na prywatno\u015b\u0107 i kontrol\u0119 u\u017cytkownika \u2014 to Ty decydujesz, kiedy rozpocz\u0105\u0107, pomin\u0105\u0107 lub opu\u015bci\u0107 czat. Nie wymaga podawania \u017cadnych danych osobowych, dzi\u0119ki czemu interakcje s\u0105 maksymalnie prywatne.<\/p>\n<h3>Wbudowane funkcje bezpiecze\u0144stwa<\/h3>\n<ul>\n<li>Anonimowe czaty bez kont i profili.<\/li>\n<li>Przycisk \u201ePomi\u0144\u201d, aby natychmiast opu\u015bci\u0107 dowolny czat.<\/li>\n<li>Czat jest tymczasowy i nie jest nagrywany.<\/li>\n<li>Opcja zg\u0142aszania obra\u017aliwych lub nieodpowiednich zachowa\u0144.<\/li>\n<\/ul>\n<h3>Wskaz\u00f3wki bezpiecze\u0144stwa dla u\u017cytkownik\u00f3w<\/h3>\n<ul>\n<li>Nigdy nie udost\u0119pniaj danych osobowych (imi\u0119 i nazwisko, adres, nazwy u\u017cytkownika w mediach spo\u0142eczno\u015bciowych).<\/li>\n<li>Przed kamer\u0105 u\u017cywaj neutralnego t\u0142a.<\/li>\n<li>Zako\u0144cz ka\u017cd\u0105 rozmow\u0119, kt\u00f3ra wydaje si\u0119 niekomfortowa lub podejrzana.<\/li>\n<li>Rodzice powinni monitorowa\u0107 korzystanie przez nieletnich z platform czat\u00f3w losowych.<\/li>\n<li>U\u017cyj VPN, aby zapewni\u0107 sobie dodatkow\u0105 prywatno\u015b\u0107 i ochron\u0119.<\/li>\n<\/ul>\n<p>Dzi\u0119ki tym \u015brodkom ostro\u017cno\u015bci Randomskip mo\u017ce by\u0107 bezpiecznie i pewnie u\u017cywany przez ka\u017cdego, kto szuka prawdziwych interakcji online.<\/p>\n<hr \/>\n<h2>Wskaz\u00f3wki dotycz\u0105ce maksymalnego wykorzystania mo\u017cliwo\u015bci Randomskip<\/h2>\n<ul>\n<li>B\u0105d\u017a otwarty na przypadkowo\u015b\u0107: Fajne jest poznawanie ludzi, kt\u00f3rych inaczej nigdy by\u015b nie spotka\u0142.<\/li>\n<li>Rozmowy powinny by\u0107 lekkie: humor, muzyka lub podr\u00f3\u017ce to \u015bwietne tematy na pocz\u0105tek.<\/li>\n<li>U\u017cyj s\u0142uchawek: poprawia jako\u015b\u0107 d\u017awi\u0119ku i zapewnia prywatno\u015b\u0107.<\/li>\n<li>Dobre o\u015bwietlenie pomaga: sprawia, \u017ce film jest bardziej zach\u0119caj\u0105cy i przyjazny.<\/li>\n<li>Czatuj w godzinach najwi\u0119kszego ruchu: wieczorami i w weekendy zazwyczaj jest wi\u0119cej u\u017cytkownik\u00f3w.<\/li>\n<li>Nie wahaj si\u0119 pomin\u0105\u0107: nie ka\u017cda rozmowa b\u0119dzie trafiona \u2014 to cz\u0119\u015b\u0107 do\u015bwiadczenia.<\/li>\n<\/ul>\n<p>Te ma\u0142e wskaz\u00f3wki pomog\u0105 Ci zrobi\u0107 lepsze pierwsze wra\u017cenie i cieszy\u0107 si\u0119 p\u0142ynniejszymi, bardziej satysfakcjonuj\u0105cymi rozmowami.<\/p>\n<h2>Typowe problemy i poprawki<\/h2>\n<h3>Problem: Nie dzia\u0142a kamera lub mikrofon<\/h3>\n<ul>\n<li>Sprawd\u017a ustawienia prywatno\u015bci swojej przegl\u0105darki.<\/li>\n<li>Od\u015bwie\u017c stron\u0119 lub uruchom ponownie urz\u0105dzenie.<\/li>\n<li>Upewnij si\u0119, \u017ce \u017cadna inna aplikacja nie korzysta z aparatu.<\/li>\n<\/ul>\n<h3>Problem: Powolne lub przerywane po\u0142\u0105czenie<\/h3>\n<ul>\n<li>Korzystaj ze stabilnego po\u0142\u0105czenia Wi-Fi zamiast danych kom\u00f3rkowych.<\/li>\n<li>Zamknij nieu\u017cywane karty lub programy dzia\u0142aj\u0105ce w tle.<\/li>\n<\/ul>\n<h3>Problem: Niewielu u\u017cytkownik\u00f3w online<\/h3>\n<ul>\n<li>Spr\u00f3buj wieczorem lub w weekendy.<\/li>\n<li>B\u0105d\u017a cierpliwy \u2014 globalny ruch internetowy zmienia si\u0119 w zale\u017cno\u015bci od regionu.<\/li>\n<\/ul>\n<h3>Problem: Niew\u0142a\u015bciwe zachowanie<\/h3>\n<ul>\n<li>Przejd\u017a od razu.<\/li>\n<li>Zg\u0142o\u015b u\u017cytkownika, je\u015bli narz\u0119dzia s\u0105 dost\u0119pne.<\/li>\n<\/ul>\n<h2>Dlaczego ludzie wybieraj\u0105 Randomskip<\/h2>\n<p>Ludzi przyci\u0105ga Randomskip, poniewa\u017c oferuje dok\u0142adnie to, czego nie zapewniaj\u0105 wiele nowoczesnych aplikacji spo\u0142eczno\u015bciowych \u2014 swobod\u0119, spontaniczno\u015b\u0107 i autentyczno\u015b\u0107.<\/p>\n<p>Wybieraj\u0105 go dla:<\/p>\n<ul>\n<li>Natychmiastowy dost\u0119p: bez rejestracji i logowania.<\/li>\n<li>Anonimowo\u015b\u0107: rozmawiaj swobodnie bez presji.<\/li>\n<li>Szybko\u015b\u0107: po\u0142\u0105cz si\u0119 lub pomi\u0144 w ci\u0105gu kilku sekund.<\/li>\n<li>Prostota: przejrzysty uk\u0142ad bez element\u00f3w rozpraszaj\u0105cych uwag\u0119.<\/li>\n<li>Dost\u0119pno\u015b\u0107: dzia\u0142a na ka\u017cdym urz\u0105dzeniu, o ka\u017cdej porze.<\/li>\n<\/ul>\n<p>To platforma, kt\u00f3ra celebruje prawdziwych ludzi, prawdziwe rozmowy i prawdziw\u0105 nieprzewidywalno\u015b\u0107.<\/p>\n<h2>Podsumowanie: Czy warto korzysta\u0107 z Randomskip?<\/h2>\n<p>Je\u015bli szukasz szybkiego, darmowego i anonimowego sposobu na poznanie nowych ludzi, Randomskip jest zdecydowanie wart wypr\u00f3bowania. \u0141\u0105czy w sobie to, co najlepsze w losowych czatach wideo \u2013 prawdziw\u0105 interakcj\u0119 mi\u0119dzy lud\u017ami za jednym klikni\u0119ciem \u2013 oferuj\u0105c jednocze\u015bnie p\u0142ynniejsz\u0105 technologi\u0119 i nowoczesn\u0105 wydajno\u015b\u0107.<\/p>\n<p>Nie ma logowania, p\u0142atnych tre\u015bci ani \u017cadnych barier \u2014 tylko prawdziwe rozmowy, bez filtr\u00f3w i spontaniczne.<\/p>\n<p>Czy chcesz:<\/p>\n<ul>\n<li>Sp\u0119dzaj czas na zabawnych, przypadkowych rozmowach,<\/li>\n<li>Odkryj ludzi z r\u00f3\u017cnych kultur lub<\/li>\n<li>Ponownie odkryj emocje zwi\u0105zane z rozmowami z nieznajomymi w Internecie...<\/li>\n<\/ul>\n<p>Randomskip to miejsce, w kt\u00f3rym mo\u017cna to zrobi\u0107.<\/p>\n<p>Randomskip to prosta, szybka i darmowa strona z losowymi czatami wideo, kt\u00f3ra natychmiast \u0142\u0105czy Ci\u0119 z nieznajomymi z ca\u0142ego \u015bwiata. Jest prywatna, dzia\u0142a w przegl\u0105darce i zosta\u0142a zaprojektowana z my\u015bl\u0105 o czystym, spontanicznym kontakcie \u2014 tylko Ty, Twoja kamera i \u015bwiat czekaj\u0105cy po drugiej stronie.<\/p>\n<p>Gotowy, aby przej\u015b\u0107 do kolejnej rozmowy? Odwied\u017a stron\u0119 Randomskip, kliknij \u201cStart\u201d i zobacz, kogo spotkasz nast\u0119pnym razem.<\/p>","protected":false},"excerpt":{"rendered":"<p>The best online experiences are often the simplest \u2014 and Randomskip proves it. Built for those who crave genuine, spontaneous interaction, Randomskip lets you meet new people instantly through live video chat, without sign-ups, fees, or complicated features. Just open the site, hit \u201cStart,\u201d and you\u2019re face-to-face with someone new from anywhere in the world. [&hellip;]<\/p>\n","protected":false},"author":6,"featured_media":0,"parent":0,"menu_order":0,"comment_status":"closed","ping_status":"closed","template":"","meta":{"footnotes":""},"class_list":["post-11180","page","type-page","status-publish","hentry"],"yoast_head":"<!-- This site is optimized with the Yoast SEO plugin v27.4 - https:\/\/yoast.com\/product\/yoast-seo-wordpress\/ -->\n<title>Randomskip - Free Webcam Chat - TinyChat.com<\/title>\n<meta name=\"description\" content=\"Enjoying Randomskip? Join over 50,000,000 strangers on TinyChat! Turn on your cam and start meeting new people, or find a match.\" \/>\n<meta name=\"robots\" content=\"index, follow, max-snippet:-1, max-image-preview:large, max-video-preview:-1\" \/>\n<link rel=\"canonical\" href=\"https:\/\/tinychat.com\/pl\/randomskip\/\" \/>\n<meta property=\"og:locale\" content=\"pl_PL\" \/>\n<meta property=\"og:type\" content=\"article\" \/>\n<meta property=\"og:title\" content=\"Randomskip - Free Webcam Chat - TinyChat.com\" \/>\n<meta property=\"og:description\" content=\"Enjoying Randomskip? Join over 50,000,000 strangers on TinyChat! Turn on your cam and start meeting new people, or find a match.\" \/>\n<meta property=\"og:url\" content=\"https:\/\/tinychat.com\/pl\/randomskip\/\" \/>\n<meta property=\"og:site_name\" content=\"TinyChat\" \/>\n<meta property=\"article:publisher\" content=\"https:\/\/www.facebook.com\/tinychat\" \/>\n<meta property=\"article:modified_time\" content=\"2025-12-02T08:48:23+00:00\" \/>\n<meta property=\"og:image\" content=\"https:\/\/tinychat.com\/wp-content\/uploads\/2020\/04\/Tinychat-logo-1280x284-new-black.png\" \/>\n\t<meta property=\"og:image:width\" content=\"1280\" \/>\n\t<meta property=\"og:image:height\" content=\"284\" \/>\n\t<meta property=\"og:image:type\" content=\"image\/png\" \/>\n<meta name=\"twitter:card\" content=\"summary_large_image\" \/>\n<meta name=\"twitter:site\" content=\"@tinychat\" \/>\n<meta name=\"twitter:label1\" content=\"Szacowany czas czytania\" \/>\n\t<meta name=\"twitter:data1\" content=\"6 minut\" \/>\n<script type=\"application\/ld+json\" class=\"yoast-schema-graph\">{\"@context\":\"https:\\\/\\\/schema.org\",\"@graph\":[{\"@type\":\"WebPage\",\"@id\":\"https:\\\/\\\/tinychat.com\\\/randomskip\\\/\",\"url\":\"https:\\\/\\\/tinychat.com\\\/randomskip\\\/\",\"name\":\"Randomskip - Free Webcam Chat - TinyChat.com\",\"isPartOf\":{\"@id\":\"https:\\\/\\\/tinychat.com\\\/#website\"},\"datePublished\":\"2025-12-02T06:44:24+00:00\",\"dateModified\":\"2025-12-02T08:48:23+00:00\",\"description\":\"Enjoying Randomskip? Join over 50,000,000 strangers on TinyChat! Turn on your cam and start meeting new people, or find a match.\",\"breadcrumb\":{\"@id\":\"https:\\\/\\\/tinychat.com\\\/randomskip\\\/#breadcrumb\"},\"inLanguage\":\"pl-PL\",\"potentialAction\":[{\"@type\":\"ReadAction\",\"target\":[\"https:\\\/\\\/tinychat.com\\\/randomskip\\\/\"]}]},{\"@type\":\"BreadcrumbList\",\"@id\":\"https:\\\/\\\/tinychat.com\\\/randomskip\\\/#breadcrumb\",\"itemListElement\":[{\"@type\":\"ListItem\",\"position\":1,\"name\":\"Home\",\"item\":\"https:\\\/\\\/tinychat.com\\\/\"},{\"@type\":\"ListItem\",\"position\":2,\"name\":\"Randomskip\"}]},{\"@type\":\"WebSite\",\"@id\":\"https:\\\/\\\/tinychat.com\\\/#website\",\"url\":\"https:\\\/\\\/tinychat.com\\\/\",\"name\":\"TinyChat\",\"description\":\"Random Video Chat with Strangers\",\"publisher\":{\"@id\":\"https:\\\/\\\/tinychat.com\\\/#organization\"},\"alternateName\":\"TinyChat.com\",\"potentialAction\":[{\"@type\":\"SearchAction\",\"target\":{\"@type\":\"EntryPoint\",\"urlTemplate\":\"https:\\\/\\\/tinychat.com\\\/?s={search_term_string}\"},\"query-input\":{\"@type\":\"PropertyValueSpecification\",\"valueRequired\":true,\"valueName\":\"search_term_string\"}}],\"inLanguage\":\"pl-PL\"},{\"@type\":\"Organization\",\"@id\":\"https:\\\/\\\/tinychat.com\\\/#organization\",\"name\":\"TinyChat\",\"alternateName\":\"TinyChat.com\",\"url\":\"https:\\\/\\\/tinychat.com\\\/\",\"logo\":{\"@type\":\"ImageObject\",\"inLanguage\":\"pl-PL\",\"@id\":\"https:\\\/\\\/tinychat.com\\\/#\\\/schema\\\/logo\\\/image\\\/\",\"url\":\"https:\\\/\\\/tinychat.com\\\/wp-content\\\/uploads\\\/2023\\\/11\\\/Tinychat-icon-square.png\",\"contentUrl\":\"https:\\\/\\\/tinychat.com\\\/wp-content\\\/uploads\\\/2023\\\/11\\\/Tinychat-icon-square.png\",\"width\":284,\"height\":284,\"caption\":\"TinyChat\"},\"image\":{\"@id\":\"https:\\\/\\\/tinychat.com\\\/#\\\/schema\\\/logo\\\/image\\\/\"},\"sameAs\":[\"https:\\\/\\\/www.facebook.com\\\/tinychat\",\"https:\\\/\\\/x.com\\\/tinychat\"]}]}<\/script>\n<!-- \/ Yoast SEO plugin. -->","yoast_head_json":{"title":"Randomskip \u2013 Darmowy czat z kamer\u0105 internetow\u0105 \u2013 TinyChat.com","description":"Podoba Ci si\u0119 Randomskip? Do\u0142\u0105cz do ponad 50 000 000 nieznajomych na TinyChat! W\u0142\u0105cz kamer\u0119 i zacznij poznawa\u0107 nowych ludzi lub znajd\u017a partnera.","robots":{"index":"index","follow":"follow","max-snippet":"max-snippet:-1","max-image-preview":"max-image-preview:large","max-video-preview":"max-video-preview:-1"},"canonical":"https:\/\/tinychat.com\/pl\/randomskip\/","og_locale":"pl_PL","og_type":"article","og_title":"Randomskip - Free Webcam Chat - TinyChat.com","og_description":"Enjoying Randomskip? Join over 50,000,000 strangers on TinyChat! Turn on your cam and start meeting new people, or find a match.","og_url":"https:\/\/tinychat.com\/pl\/randomskip\/","og_site_name":"TinyChat","article_publisher":"https:\/\/www.facebook.com\/tinychat","article_modified_time":"2025-12-02T08:48:23+00:00","og_image":[{"width":1280,"height":284,"url":"https:\/\/tinychat.com\/wp-content\/uploads\/2020\/04\/Tinychat-logo-1280x284-new-black.png","type":"image\/png"}],"twitter_card":"summary_large_image","twitter_site":"@tinychat","twitter_misc":{"Szacowany czas czytania":"6 minut"},"schema":{"@context":"https:\/\/schema.org","@graph":[{"@type":"WebPage","@id":"https:\/\/tinychat.com\/randomskip\/","url":"https:\/\/tinychat.com\/randomskip\/","name":"Randomskip \u2013 Darmowy czat z kamer\u0105 internetow\u0105 \u2013 TinyChat.com","isPartOf":{"@id":"https:\/\/tinychat.com\/#website"},"datePublished":"2025-12-02T06:44:24+00:00","dateModified":"2025-12-02T08:48:23+00:00","description":"Podoba Ci si\u0119 Randomskip? Do\u0142\u0105cz do ponad 50 000 000 nieznajomych na TinyChat! W\u0142\u0105cz kamer\u0119 i zacznij poznawa\u0107 nowych ludzi lub znajd\u017a partnera.","breadcrumb":{"@id":"https:\/\/tinychat.com\/randomskip\/#breadcrumb"},"inLanguage":"pl-PL","potentialAction":[{"@type":"ReadAction","target":["https:\/\/tinychat.com\/randomskip\/"]}]},{"@type":"BreadcrumbList","@id":"https:\/\/tinychat.com\/randomskip\/#breadcrumb","itemListElement":[{"@type":"ListItem","position":1,"name":"Home","item":"https:\/\/tinychat.com\/"},{"@type":"ListItem","position":2,"name":"Randomskip"}]},{"@type":"WebSite","@id":"https:\/\/tinychat.com\/#website","url":"https:\/\/tinychat.com\/","name":"TinyChat","description":"Losowy czat wideo z nieznajomymi","publisher":{"@id":"https:\/\/tinychat.com\/#organization"},"alternateName":"TinyChat.com","potentialAction":[{"@type":"SearchAction","target":{"@type":"EntryPoint","urlTemplate":"https:\/\/tinychat.com\/?s={search_term_string}"},"query-input":{"@type":"PropertyValueSpecification","valueRequired":true,"valueName":"search_term_string"}}],"inLanguage":"pl-PL"},{"@type":"Organization","@id":"https:\/\/tinychat.com\/#organization","name":"TinyChat","alternateName":"TinyChat.com","url":"https:\/\/tinychat.com\/","logo":{"@type":"ImageObject","inLanguage":"pl-PL","@id":"https:\/\/tinychat.com\/#\/schema\/logo\/image\/","url":"https:\/\/tinychat.com\/wp-content\/uploads\/2023\/11\/Tinychat-icon-square.png","contentUrl":"https:\/\/tinychat.com\/wp-content\/uploads\/2023\/11\/Tinychat-icon-square.png","width":284,"height":284,"caption":"TinyChat"},"image":{"@id":"https:\/\/tinychat.com\/#\/schema\/logo\/image\/"},"sameAs":["https:\/\/www.facebook.com\/tinychat","https:\/\/x.com\/tinychat"]}]}},"_links":{"self":[{"href":"https:\/\/tinychat.com\/pl\/wp-json\/wp\/v2\/pages\/11180","targetHints":{"allow":["GET"]}}],"collection":[{"href":"https:\/\/tinychat.com\/pl\/wp-json\/wp\/v2\/pages"}],"about":[{"href":"https:\/\/tinychat.com\/pl\/wp-json\/wp\/v2\/types\/page"}],"author":[{"embeddable":true,"href":"https:\/\/tinychat.com\/pl\/wp-json\/wp\/v2\/users\/6"}],"replies":[{"embeddable":true,"href":"https:\/\/tinychat.com\/pl\/wp-json\/wp\/v2\/comments?post=11180"}],"version-history":[{"count":4,"href":"https:\/\/tinychat.com\/pl\/wp-json\/wp\/v2\/pages\/11180\/revisions"}],"predecessor-version":[{"id":13582,"href":"https:\/\/tinychat.com\/pl\/wp-json\/wp\/v2\/pages\/11180\/revisions\/13582"}],"wp:attachment":[{"href":"https:\/\/tinychat.com\/pl\/wp-json\/wp\/v2\/media?parent=11180"}],"curies":[{"name":"wp","href":"https:\/\/api.w.org\/{rel}","templated":true}]}}