{"id":11261,"date":"2025-07-26T15:01:47","date_gmt":"2025-07-26T13:01:47","guid":{"rendered":"https:\/\/tinychat.com\/?page_id=11261"},"modified":"2025-07-26T18:22:34","modified_gmt":"2025-07-26T16:22:34","slug":"yesichat","status":"publish","type":"page","link":"https:\/\/tinychat.com\/pl\/yesichat\/","title":{"rendered":"Yesichat"},"content":{"rendered":"<p>Internet zrewolucjonizowa\u0142 spos\u00f3b, w jaki si\u0119 kontaktujemy, ale czasami najlepsze chwile s\u0105 najbardziej spontaniczne - szybki czat z nieznajomym, nocny \u015bmiech w pokoju grupowym lub odkrycie przyjaciela na drugim ko\u0144cu \u015bwiata. Yesichat zapewnia to wszystko i jeszcze wi\u0119cej, oferuj\u0105c czat nowej generacji, kt\u00f3ry \u0142\u0105czy energi\u0119 klasycznych czat\u00f3w z nowoczesnymi funkcjami prywatno\u015bci, czatu wideo i odkrywania spo\u0142eczno\u015bci.<\/p>\n<p>Niezale\u017cnie od tego, czy chcesz pozna\u0107 nowych przyjaci\u00f3\u0142, do\u0142\u0105czy\u0107 do t\u0119tni\u0105cych \u017cyciem czat\u00f3w grupowych, flirtowa\u0107, dzieli\u0107 si\u0119 memami, czy znale\u017a\u0107 wsparcie, Yesichat to bezpieczne, \u017cywe i przyjazne miejsce. Jest to idealna platforma dla tych, kt\u00f3rzy pragn\u0105 czego\u015b wi\u0119cej ni\u017c nieko\u0144cz\u0105cego si\u0119 przesuwania lub powierzchowno\u015bci kana\u0142\u00f3w spo\u0142eczno\u015bciowych - miejsca na prawdziwe rozmowy w czasie rzeczywistym.<\/p>\n<p>W tym kompleksowym przewodniku zag\u0142\u0119bimy si\u0119 w Yesichat: czym jest, jego wyr\u00f3\u017cniaj\u0105ce si\u0119 funkcje, wra\u017cenia u\u017cytkownika, protoko\u0142y bezpiecze\u0144stwa, por\u00f3wnania z innymi platformami, wskaz\u00f3wki dotycz\u0105ce rozwi\u0105zywania problem\u00f3w i porady ekspert\u00f3w dotycz\u0105ce maksymalnego wykorzystania ka\u017cdego czatu.<\/p>\n<h2>Co to jest Yesichat?<\/h2>\n<p>Yesichat to darmowy czat online i platforma do rozm\u00f3w losowych, kt\u00f3ra umo\u017cliwia u\u017cytkownikom natychmiastowe \u0142\u0105czenie si\u0119 - za po\u015brednictwem tekstu lub wideo - z nieznajomymi i grupami z ca\u0142ego \u015bwiata. Za\u0142o\u017cony w przekonaniu, \u017ce znacz\u0105ce po\u0142\u0105czenia mog\u0105 si\u0119 zdarzy\u0107 zawsze i wsz\u0119dzie, Yesichat zapewnia przestrze\u0144 dla wszystkich: introwertyk\u00f3w i ekstrawertyk\u00f3w, singli i grup, nie\u015bmia\u0142ych i wychodz\u0105cych.<\/p>\n<p>W przeciwie\u0144stwie do wielu platform czat\u00f3w wideo, kt\u00f3re koncentruj\u0105 si\u0119 wy\u0142\u0105cznie na spotkaniach jeden na jednego, Yesichat \u0142\u0105czy w sobie to, co najlepsze z obu \u015bwiat\u00f3w - klasyczne pokoje rozm\u00f3w grupowych i prywatne, losowe czaty wideo\/tekstowe. Jest przeznaczony dla:<\/p>\n<ul>\n<li>Poznawanie nowych ludzi<\/li>\n<li>Udzia\u0142 w czatach tematycznych (np. kraj, wiek, zainteresowania)<\/li>\n<li>Bezpieczne, anonimowe interakcje<\/li>\n<li>Budowanie trwa\u0142ych przyja\u017ani lub relacji<\/li>\n<\/ul>\n<p>Dost\u0119pna za po\u015brednictwem dowolnej nowoczesnej przegl\u0105darki - desktopowej lub mobilnej - platforma MTP44T nie wymaga rejestracji w celu korzystania z podstawowych funkcji, dzi\u0119ki czemu jest spontaniczna i \u0142atwa w obs\u0142udze dla pocz\u0105tkuj\u0105cych u\u017cytkownik\u00f3w.<\/p>\n<h2>Kluczowe cechy Yesichat<\/h2>\n<p>Yesichat wyr\u00f3\u017cnia si\u0119 szeregiem funkcji, kt\u00f3re \u0142\u0105cz\u0105 nostalgi\u0119 za star\u0105 szko\u0142\u0105 czat\u00f3w z nowymi technologiami spo\u0142eczno\u015bciowymi:<\/p>\n<h3>1. Natychmiastowy dost\u0119p, bez konieczno\u015bci rejestracji<\/h3>\n<p>Wskakuj do pokoj\u00f3w rozm\u00f3w lub prywatnych wiadomo\u015bci bez tworzenia konta. Nowi u\u017cytkownicy mog\u0105 rozpocz\u0105\u0107 czat w kilka sekund - idealne rozwi\u0105zanie dla tych, kt\u00f3rzy ceni\u0105 sobie prywatno\u015b\u0107 i szybko\u015b\u0107.<\/p>\n<h3>2. Publiczne i prywatne pokoje rozm\u00f3w<\/h3>\n<p>Wybieraj spo\u015br\u00f3d setek czat\u00f3w opartych na kraju, temacie, grupie wiekowej lub zainteresowaniach, takich jak \"USA Chat\", \"Teen Room\", \"Music Lovers\", \"Support Corner\" i innych. Zaanga\u017cuj si\u0119 w rozmowy grupowe lub od\u0142\u0105cz si\u0119 od prywatnych czat\u00f3w za pomoc\u0105 jednego klikni\u0119cia.<\/p>\n<h3>3. Losowy czat jeden na jednego<\/h3>\n<p>Masz ochot\u0119 na przygod\u0119? Wypr\u00f3buj funkcj\u0119 losowego czatu - zosta\u0144 natychmiast sparowany z nieznajomym na prywatny czat tekstowy lub wideo, podobnie jak Omegle lub Chatroulette, ale w \u015brodowisku bardziej skoncentrowanym na spo\u0142eczno\u015bci.<\/p>\n<h3>4. Opcje czatu wideo i audio<\/h3>\n<p>Yesichat to nie tylko tekst. W\u0142\u0105cz kamer\u0119 internetow\u0105 lub mikrofon, aby prowadzi\u0107 rozmowy twarz\u0105 w twarz na \u017cywo lub pisz na klawiaturze, je\u015bli wolisz.<\/p>\n<h3>5. Profile u\u017cytkownik\u00f3w i personalizacja<\/h3>\n<p>Utw\u00f3rz profil z pseudonimem, awatarem i opcjonalnymi informacjami (nie s\u0105 wymagane prawdziwe nazwiska ani dane osobowe). Personalizacja u\u0142atwia innym nawi\u0105zywanie z Tob\u0105 kontaktu, a Tobie pozwala si\u0119 wyr\u00f3\u017cni\u0107.<\/p>\n<h3>6. Emoji, GIF-y i udost\u0119pnianie multimedi\u00f3w<\/h3>\n<p>O\u017cywiaj rozmowy dzi\u0119ki pe\u0142nej gamie emotikon\u00f3w, GIF-\u00f3w i bezpiecznemu udost\u0119pnianiu multimedi\u00f3w (z zastrze\u017ceniem moderacji), dzi\u0119ki czemu czaty s\u0105 bardziej ekspresyjne i zabawne.<\/p>\n<h3>7. Moderacja i raportowanie w czasie rzeczywistym<\/h3>\n<p>Bezpiecze\u0144stwo jest kluczowe:<\/p>\n<ul>\n<li>Sztuczna inteligencja i ludzcy moderatorzy wsp\u00f3\u0142pracuj\u0105 ze sob\u0105, aby zapewni\u0107 bezpiecze\u0144stwo czat\u00f3w.<\/li>\n<li>\u0141atwe funkcje raportowania\/blokowania do radzenia sobie z trollami lub nieodpowiednim zachowaniem.<\/li>\n<li>Jasne zasady czatu, aby zachowa\u0107 szacunek i przyja\u017a\u0144.<\/li>\n<\/ul>\n<h3>8. Zaawansowane filtry i wyszukiwanie<\/h3>\n<p>Szukasz konkretnych os\u00f3b? U\u017cyj filtr\u00f3w, aby wyszukiwa\u0107 wed\u0142ug p\u0142ci, kraju lub grupy wiekowej - idealne do znajdowania znajomych lub potencjalnych partner\u00f3w o podobnych zainteresowaniach.<\/p>\n<h3>9. Przyjazna dla urz\u0105dze\u0144 mobilnych platforma oparta na przegl\u0105darce<\/h3>\n<p>Yesichat zosta\u0142 stworzony z my\u015bl\u0105 o nowoczesnej sieci: nie wymaga pobierania aplikacji i dzia\u0142a doskonale na smartfonach, tabletach i komputerach stacjonarnych.<\/p>\n<h3>10. Opcjonalne funkcje rejestracji i konta<\/h3>\n<p>Utw\u00f3rz konto, aby:<\/p>\n<ul>\n<li>Zarezerwuj sw\u00f3j pseudonim<\/li>\n<li>Dost\u0119p do listy znajomych i historii czat\u00f3w<\/li>\n<li>Odblokowywanie odznak lub funkcji premium<\/li>\n<li>Otrzymywanie powiadomie\u0144 o nowych wiadomo\u015bciach<\/li>\n<\/ul>\n<p>Jednak dla wi\u0119kszo\u015bci u\u017cytkownik\u00f3w podstawowa obs\u0142uga jest ca\u0142kowicie darmowa i otwarta - nie jest wymagana poczta e-mail!<\/p>\n<h2>Jak korzysta\u0107 z Yesichat<\/h2>\n<p>Rozpocz\u0119cie korzystania z Yesichat jest tak proste, jak to tylko mo\u017cliwe:<\/p>\n<h3>Krok 1: Odwied\u017a stron\u0119 internetow\u0105 Yesichat<\/h3>\n<p>Otw\u00f3rz stron\u0119 yesichat.com (lub lokaln\u0105 domen\u0119 Yesichat) w dowolnej przegl\u0105darce.<\/p>\n<h3>Krok 2: Wybierz do\u015bwiadczenie czatu<\/h3>\n<ul>\n<li>Do\u0142\u0105cz do pokoju rozm\u00f3w: Wybieraj spo\u015br\u00f3d publicznych pokoj\u00f3w w zale\u017cno\u015bci od zainteresowa\u0144 lub kraju.<\/li>\n<li>Wypr\u00f3buj czat losowy: Kliknij opcj\u0119 \"Losowy czat\", aby nawi\u0105za\u0107 prywatne, spontaniczne po\u0142\u0105czenie.<\/li>\n<li>Wiadomo\u015b\u0107 bezpo\u015brednia: Widzisz kogo\u015b interesuj\u0105cego w pokoju? Kliknij jego profil, aby rozpocz\u0105\u0107 prywatny czat.<\/li>\n<\/ul>\n<h3>Krok 3: Dostosuj sw\u00f3j profil (opcjonalnie)<\/h3>\n<p>Ustaw pseudonim, awatar i informacje o profilu. Zarejestruj konto, je\u015bli chcesz zapisa\u0107 swoje dane i list\u0119 znajomych.<\/p>\n<h3>Krok 4: W\u0142\u0105cz wideo lub audio (opcjonalnie)<\/h3>\n<p>Zezw\u00f3l na dost\u0119p do kamery\/mikrofonu dla czatu wideo\/audio - zw\u0142aszcza w czacie prywatnym lub losowym. Lub pozosta\u0144 przy tek\u015bcie, aby uzyska\u0107 bardziej klasyczne wra\u017cenia.<\/p>\n<h3>Krok 5: U\u017cywaj emotikon\u00f3w, GIF-\u00f3w lub multimedi\u00f3w<\/h3>\n<p>O\u017cyw czaty za pomoc\u0105 emotikon\u00f3w, GIF-\u00f3w lub bezpiecznego udost\u0119pniania multimedi\u00f3w (wszystkie podlegaj\u0105 moderacji).<\/p>\n<h3>Krok 6: Filtrowanie lub wyszukiwanie znajomych<\/h3>\n<p>U\u017cyj filtr\u00f3w lub narz\u0119dzi wyszukiwania, aby znale\u017a\u0107 osoby wed\u0142ug kraju, p\u0142ci lub tematu.<\/p>\n<h3>Krok 7: Zg\u0142o\u015b lub zablokuj w razie potrzeby<\/h3>\n<p>Napotka\u0142e\u015b trolla? Zablokuj lub zg\u0142o\u015b natychmiast - zesp\u00f3\u0142 moderator\u00f3w MTP44T dzia\u0142a szybko.<\/p>\n<h2>Wra\u017cenia u\u017cytkownika na Yesichat<\/h2>\n<p>Do\u015bwiadczenie Yesichat jest definiowane przez szybko\u015b\u0107, przyjazno\u015b\u0107 i elastyczno\u015b\u0107. Oto, co j\u0105 wyr\u00f3\u017cnia:<\/p>\n<h3>Co kochaj\u0105 u\u017cytkownicy<\/h3>\n<ul>\n<li>Zero-signup dla szybkich, anonimowych czat\u00f3w<\/li>\n<li>T\u0119tni\u0105ce \u017cyciem pokoje grupowe: Zawsze jest z kim porozmawia\u0107, niezale\u017cnie od zainteresowa\u0144 i do\u015bwiadczenia.<\/li>\n<li>Losowy czat wideo\/tekstowy: \u0141\u0105czy emocje czatu ruletki z przyjazn\u0105, moderowan\u0105 spo\u0142eczno\u015bci\u0105.<\/li>\n<li>Nowoczesny, przejrzysty wygl\u0105d: Brak ba\u0142aganu i natr\u0119tnych reklam<\/li>\n<li>Personalizacja profilu: U\u0142atwia wyra\u017canie siebie<\/li>\n<li>Przyjazny dla urz\u0105dze\u0144 mobilnych i stacjonarnych: p\u0142ynne prze\u0142\u0105czanie mi\u0119dzy urz\u0105dzeniami<\/li>\n<li>Umiar, kt\u00f3ry dzia\u0142a: Bezpieczna przestrze\u0144 dla nastolatk\u00f3w i doros\u0142ych<\/li>\n<\/ul>\n<h3>Gdzie u\u017cytkownicy widz\u0105 pole do poprawy<\/h3>\n<ul>\n<li>Niekt\u00f3re filtry i funkcje (takie jak niestandardowe emotikony lub prywatne prezenty) wymagaj\u0105 bezp\u0142atnej rejestracji lub niewielkiej op\u0142aty<\/li>\n<li>Czaty grupowe mog\u0105 by\u0107 zaj\u0119te - czat prywatny jest najlepszy do rozm\u00f3w w skupieniu.<\/li>\n<li>Trolle i spam wci\u0105\u017c si\u0119 pojawiaj\u0105 (jak na wszystkich platformach czatowych), ale szybka moderacja pomaga.<\/li>\n<li>Brak dedykowanych narz\u0119dzi do randkowania\/matchmakingu - nacisk k\u0142adziony jest na czat i przyja\u017a\u0144, a nie na przesuwanie.<\/li>\n<\/ul>\n<h3>Rzeczywiste opinie u\u017cytkownik\u00f3w<\/h3>\n<blockquote><p>\"Pozna\u0142am prawdziwych przyjaci\u00f3\u0142 w pokojach grupowych, a nawet znalaz\u0142am ludzi, z kt\u00f3rymi mog\u0119 \u0107wiczy\u0107 hiszpa\u0144ski. Losowy czat jest zabawny i znacznie bezpieczniejszy ni\u017c stare strony internetowe\".<br \/>\n- <em>Lisa M., Trustpilot<\/em><\/p><\/blockquote>\n<blockquote><p>\"Nie wymaga rejestracji ani irytuj\u0105cych reklam. To po prostu dzia\u0142a. Uwielbiam wersj\u0119 mobiln\u0105.\"<br \/>\n- <em>Ajay R., Google Play<\/em><\/p><\/blockquote>\n<blockquote><p>\"Yesichat to moje ulubione miejsce na nocne pogaw\u0119dki. Moderatorzy s\u0105 szybcy, je\u015bli kto\u015b przekroczy granic\u0119\".<br \/>\n- <em>Sophia T., App Store<\/em><\/p><\/blockquote>\n<h2>Yesichat vs. inne platformy czatu<\/h2>\n<p>Jak Yesichat wypada na tle wiod\u0105cych platform czatowych i spo\u0142eczno\u015bciowych?<\/p>\n<table>\n<thead>\n<tr>\n<th>Cecha<\/th>\n<th>Yesichat<\/th>\n<th>OmegleWeb<\/th>\n<th>CrushRoulette<\/th>\n<th>CamMatch<\/th>\n<th>ChatMatch<\/th>\n<th>Chat Avenue<\/th>\n<th>LivU<\/th>\n<th>HOLLA<\/th>\n<\/tr>\n<\/thead>\n<tbody>\n<tr>\n<td>Rejestracja nie jest wymagana<\/td>\n<td>Tak<\/td>\n<td>Tak<\/td>\n<td>Tak<\/td>\n<td>Tak<\/td>\n<td>Tak<\/td>\n<td>Tak<\/td>\n<td>Tak<\/td>\n<td>Tak<\/td>\n<\/tr>\n<tr>\n<td>Pokoje rozm\u00f3w grupowych<\/td>\n<td>Tak<\/td>\n<td>Nie<\/td>\n<td>Nie<\/td>\n<td>Nie<\/td>\n<td>Nie<\/td>\n<td>Tak<\/td>\n<td>Nie<\/td>\n<td>Nie<\/td>\n<\/tr>\n<tr>\n<td>Losowy czat 1 na 1<\/td>\n<td>Tak<\/td>\n<td>Tak<\/td>\n<td>Tak<\/td>\n<td>Tak<\/td>\n<td>Tak<\/td>\n<td>Tak<\/td>\n<td>Tak<\/td>\n<td>Tak<\/td>\n<\/tr>\n<tr>\n<td>Czat tekstowy i wideo<\/td>\n<td>Oba<\/td>\n<td>Oba<\/td>\n<td>Oba<\/td>\n<td>Oba<\/td>\n<td>Oba<\/td>\n<td>Oba<\/td>\n<td>Oba<\/td>\n<td>Oba<\/td>\n<\/tr>\n<tr>\n<td>Filtry kraju\/p\u0142ci<\/td>\n<td>Tak*<\/td>\n<td>Tak*<\/td>\n<td>Tak*<\/td>\n<td>Tak*<\/td>\n<td>Tak*<\/td>\n<td>Tak<\/td>\n<td>Tak<\/td>\n<td>Tak<\/td>\n<\/tr>\n<tr>\n<td>Moderacja\/Bezpiecze\u0144stwo<\/td>\n<td>Silny<\/td>\n<td>Silny<\/td>\n<td>Silny<\/td>\n<td>Silny<\/td>\n<td>Silny<\/td>\n<td>Umiarkowany<\/td>\n<td>Silny<\/td>\n<td>Silny<\/td>\n<\/tr>\n<tr>\n<td>Dostosowywanie profilu<\/td>\n<td>Tak<\/td>\n<td>Tak<\/td>\n<td>Tak<\/td>\n<td>Tak<\/td>\n<td>Tak<\/td>\n<td>Tak<\/td>\n<td>Tak<\/td>\n<td>Tak<\/td>\n<\/tr>\n<tr>\n<td>Udost\u0119pnianie multimedi\u00f3w<\/td>\n<td>Tak<\/td>\n<td>Tak<\/td>\n<td>Tak<\/td>\n<td>Tak<\/td>\n<td>Tak<\/td>\n<td>Tak<\/td>\n<td>Tak<\/td>\n<td>Tak<\/td>\n<\/tr>\n<tr>\n<td>Zoptymalizowany pod k\u0105tem urz\u0105dze\u0144 mobilnych<\/td>\n<td>Tak<\/td>\n<td>Tak<\/td>\n<td>Tak<\/td>\n<td>Tak<\/td>\n<td>Tak<\/td>\n<td>Tak<\/td>\n<td>Tak<\/td>\n<td>Tak<\/td>\n<\/tr>\n<\/tbody>\n<\/table>\n<p>**Niekt\u00f3re zaawansowane filtry mog\u0105 wymaga\u0107 rejestracji.<\/p>\n<p>Podsumowanie: Yesichat wyr\u00f3\u017cnia si\u0119 po\u0142\u0105czeniem publicznych pokoi grupowych, prywatnego\/losowego czatu, silnej moderacji i otwartej, spo\u0142eczno\u015bciowej spo\u0142eczno\u015bci - czego\u015b, czego brakuje wielu losowym aplikacjom do czatowania.<\/p>\n<h2>Czy Yesichat jest bezpieczny?<\/h2>\n<p>Yesichat stawia bezpiecze\u0144stwo u\u017cytkownik\u00f3w w centrum swojej spo\u0142eczno\u015bci:<\/p>\n<ul>\n<li>Moderacja na \u017cywo i filtry AI: Pomagaj\u0105 blokowa\u0107 spam, nago\u015b\u0107 i n\u0119kanie.<\/li>\n<li>Szybkie narz\u0119dzia raportowania\/blokowania: U\u017cytkownicy mog\u0105 dzia\u0142a\u0107 natychmiastowo, aby zachowa\u0107 komfort czat\u00f3w.<\/li>\n<li>Jasne wytyczne dotycz\u0105ce czatu: Brak tolerancji dla nadu\u017cy\u0107, nienawi\u015bci lub nielegalnej dzia\u0142alno\u015bci.<\/li>\n<li>Anonimowe u\u017cytkowanie: Nigdy nie musisz udost\u0119pnia\u0107 danych osobowych, nawet w prywatnych czatach.<\/li>\n<li>Prywatno\u015b\u0107 indywidualna i grupowa: Prywatne czaty nie s\u0105 rejestrowane ani udost\u0119pniane; pokoje grupowe s\u0105 moderowane pod k\u0105tem bezpiecze\u0144stwa.<\/li>\n<\/ul>\n<h3>Wskaz\u00f3wki dotycz\u0105ce bezpiecze\u0144stwa<\/h3>\n<ul>\n<li>Nigdy nie udost\u0119pniaj swojego prawdziwego imienia i nazwiska, adresu, telefonu ani informacji finansowych w miejscach publicznych.<\/li>\n<li>Nie akceptuj link\u00f3w ani plik\u00f3w od nieznajomych.<\/li>\n<li>Zaufaj swojemu instynktowi - opu\u015b\u0107 lub zablokuj czat, je\u015bli wydaje Ci si\u0119, \u017ce co\u015b jest nie tak.<\/li>\n<li>U\u017cywaj czatu prywatnego do poufnych rozm\u00f3w, ale zachowaj ostro\u017cno\u015b\u0107.<\/li>\n<li>Natychmiast zg\u0142aszaj trolle lub z\u0142ych aktor\u00f3w - moderatorzy dzia\u0142aj\u0105 szybko.<\/li>\n<\/ul>\n<h2>Wskaz\u00f3wki, jak najlepiej wykorzysta\u0107 Yesichat<\/h2>\n<ul>\n<li>B\u0105d\u017a przyjazny: pozdrowienia i pozytywne nastawienie tworz\u0105 najlepsze relacje.<\/li>\n<li>Wypr\u00f3buj r\u00f3\u017cne pokoje: Ka\u017cdy pok\u00f3j grupowy ma sw\u00f3j w\u0142asny klimat - odkrywaj go, a\u017c znajdziesz co\u015b dla siebie.<\/li>\n<li>\u0106wicz j\u0119zyki: Znajd\u017a pokoje dostosowane do konkretnego j\u0119zyka lub filtruj wed\u0142ug kraju w celu wymiany j\u0119zykowej.<\/li>\n<li>U\u017cywaj emotikon\u00f3w i GIF-\u00f3w: Wyra\u017a siebie, ale w odpowiedni spos\u00f3b.<\/li>\n<li>Po\u0142\u0105cz czat losowy i grupowy: Wypr\u00f3buj obie opcje, aby zdoby\u0107 nowych znajomych i zapewni\u0107 sobie spontaniczn\u0105 zabaw\u0119.<\/li>\n<li>Korzystaj z narz\u0119dzi moderacji: Pom\u00f3\u017c utrzyma\u0107 Yesichat w czysto\u015bci dla wszystkich.<\/li>\n<li>Prze\u0142\u0105czaj si\u0119 mi\u0119dzy urz\u0105dzeniami mobilnymi i stacjonarnymi: Witryna jest zoptymalizowana dla obu typ\u00f3w urz\u0105dze\u0144.<\/li>\n<li>Zarejestruj si\u0119, aby otrzymywa\u0107 dodatki: Je\u015bli lubisz Yesichat, zarejestruj si\u0119, aby zapisa\u0107 sw\u00f3j profil, otrzyma\u0107 odznaki i odblokowa\u0107 zaawansowane filtry.<\/li>\n<\/ul>\n<h2>Rozwi\u0105zywanie typowych problem\u00f3w z Yesichat<\/h2>\n<h3>Nie mo\u017cna do\u0142\u0105czy\u0107 do czatu wideo<\/h3>\n<p>Sprawd\u017a, czy przegl\u0105darka\/urz\u0105dzenie zezwala na dost\u0119p do kamery\/mikrofonu. Zamknij inne aplikacje korzystaj\u0105ce z kamery, od\u015bwie\u017c stron\u0119 lub wypr\u00f3buj inn\u0105 przegl\u0105dark\u0119.<\/p>\n<h3>Filtr lub wyszukiwanie nie dzia\u0142a<\/h3>\n<p>Niekt\u00f3re filtry wymagaj\u0105 rejestracji konta; zarejestruj si\u0119 lub od\u015bwie\u017c, je\u015bli jeste\u015b ju\u017c zalogowany.<\/p>\n<h3>Napotykanie trolli lub spamu<\/h3>\n<p>Natychmiast blokuj lub zg\u0142aszaj. Moderatorzy szybko reaguj\u0105 i banuj\u0105 sprawc\u00f3w.<\/p>\n<h3>Wolne po\u0142\u0105czenia lub op\u00f3\u017anienia<\/h3>\n<p>Korzystaj z silnego po\u0142\u0105czenia Wi-Fi, zamknij aplikacje dzia\u0142aj\u0105ce w tle i upewnij si\u0119, \u017ce przegl\u0105darka jest aktualna.<\/p>\n<h3>Utracony profil lub lista znajomych<\/h3>\n<p>Zarejestruj konto i zaloguj si\u0119, aby zapisa\u0107 sw\u00f3j pseudonim, znajomych i histori\u0119 czat\u00f3w.<\/p>\n<p>Absolutnie - zw\u0142aszcza dla ka\u017cdego, kto szuka nowoczesnego pokoju rozm\u00f3w, kt\u00f3ry \u0142\u0105czy klasyczny czat grupowy z najlepszymi obecnie funkcjami prywatno\u015bci i moderacji. Yesichat jest idealnym cyfrowym miejscem do poznawania nowych ludzi, dzielenia si\u0119 \u015bmiechem i nawi\u0105zywania prawdziwych przyja\u017ani na ca\u0142ym \u015bwiecie.<\/p>\n<p>Niezale\u017cnie od tego, czy jeste\u015b nocn\u0105 sow\u0105, towarzyskim motylem, nie\u015bmia\u0142ym introwertykiem, czy po prostu chcesz porozmawia\u0107, Yesichat oferuje szybkie, zabawne i bezpieczne po\u0142\u0105czenia w t\u0119tni\u0105cej \u017cyciem spo\u0142eczno\u015bci online. Bez rejestracji, bez presji, po prostu szczera rozmowa.<\/p>\n<p>Gotowy, by do\u0142\u0105czy\u0107 do rozmowy? Odwied\u017a yesichat.com, wybierz pok\u00f3j lub wypr\u00f3buj czat losowy i odkryj swoje ulubione miejsce spotka\u0144 - ju\u017c teraz.<\/p>","protected":false},"excerpt":{"rendered":"<p>The internet has revolutionized how we connect, but sometimes the best moments are the most spontaneous\u2014the quick chat with a stranger, a late-night laugh in a group room, or discovering a friend halfway across the world. Yesichat delivers all of this and more, offering a next-generation chat experience that combines the energy of classic chat [&hellip;]<\/p>\n","protected":false},"author":6,"featured_media":0,"parent":0,"menu_order":0,"comment_status":"closed","ping_status":"closed","template":"","meta":{"footnotes":""},"class_list":["post-11261","page","type-page","status-publish","hentry"],"yoast_head":"<!-- This site is optimized with the Yoast SEO plugin v27.4 - https:\/\/yoast.com\/product\/yoast-seo-wordpress\/ -->\n<title>Yesichat - One click without registration - TinyChat.com<\/title>\n<meta name=\"description\" content=\"Enjoying Yesichat? Join over 50,000,000 strangers on TinyChat! Turn on your cam and start meeting new people, or find a match.\" \/>\n<meta name=\"robots\" content=\"index, follow, max-snippet:-1, max-image-preview:large, max-video-preview:-1\" \/>\n<link rel=\"canonical\" href=\"https:\/\/tinychat.com\/pl\/yesichat\/\" \/>\n<meta property=\"og:locale\" content=\"pl_PL\" \/>\n<meta property=\"og:type\" content=\"article\" \/>\n<meta property=\"og:title\" content=\"Yesichat - One click without registration - TinyChat.com\" \/>\n<meta property=\"og:description\" content=\"Enjoying Yesichat? Join over 50,000,000 strangers on TinyChat! Turn on your cam and start meeting new people, or find a match.\" \/>\n<meta property=\"og:url\" content=\"https:\/\/tinychat.com\/pl\/yesichat\/\" \/>\n<meta property=\"og:site_name\" content=\"TinyChat\" \/>\n<meta property=\"article:publisher\" content=\"https:\/\/www.facebook.com\/tinychat\" \/>\n<meta property=\"article:modified_time\" content=\"2025-07-26T16:22:34+00:00\" \/>\n<meta property=\"og:image\" content=\"https:\/\/tinychat.com\/wp-content\/uploads\/2020\/04\/Tinychat-logo-1280x284-new-black.png\" \/>\n\t<meta property=\"og:image:width\" content=\"1280\" \/>\n\t<meta property=\"og:image:height\" content=\"284\" \/>\n\t<meta property=\"og:image:type\" content=\"image\/png\" \/>\n<meta name=\"twitter:card\" content=\"summary_large_image\" \/>\n<meta name=\"twitter:site\" content=\"@tinychat\" \/>\n<meta name=\"twitter:label1\" content=\"Szacowany czas czytania\" \/>\n\t<meta name=\"twitter:data1\" content=\"8 minut\" \/>\n<script type=\"application\/ld+json\" class=\"yoast-schema-graph\">{\"@context\":\"https:\\\/\\\/schema.org\",\"@graph\":[{\"@type\":\"WebPage\",\"@id\":\"https:\\\/\\\/tinychat.com\\\/yesichat\\\/\",\"url\":\"https:\\\/\\\/tinychat.com\\\/yesichat\\\/\",\"name\":\"Yesichat - One click without registration - TinyChat.com\",\"isPartOf\":{\"@id\":\"https:\\\/\\\/tinychat.com\\\/#website\"},\"datePublished\":\"2025-07-26T13:01:47+00:00\",\"dateModified\":\"2025-07-26T16:22:34+00:00\",\"description\":\"Enjoying Yesichat? Join over 50,000,000 strangers on TinyChat! Turn on your cam and start meeting new people, or find a match.\",\"breadcrumb\":{\"@id\":\"https:\\\/\\\/tinychat.com\\\/yesichat\\\/#breadcrumb\"},\"inLanguage\":\"pl-PL\",\"potentialAction\":[{\"@type\":\"ReadAction\",\"target\":[\"https:\\\/\\\/tinychat.com\\\/yesichat\\\/\"]}]},{\"@type\":\"BreadcrumbList\",\"@id\":\"https:\\\/\\\/tinychat.com\\\/yesichat\\\/#breadcrumb\",\"itemListElement\":[{\"@type\":\"ListItem\",\"position\":1,\"name\":\"Home\",\"item\":\"https:\\\/\\\/tinychat.com\\\/\"},{\"@type\":\"ListItem\",\"position\":2,\"name\":\"Yesichat\"}]},{\"@type\":\"WebSite\",\"@id\":\"https:\\\/\\\/tinychat.com\\\/#website\",\"url\":\"https:\\\/\\\/tinychat.com\\\/\",\"name\":\"TinyChat\",\"description\":\"Random Video Chat with Strangers\",\"publisher\":{\"@id\":\"https:\\\/\\\/tinychat.com\\\/#organization\"},\"alternateName\":\"TinyChat.com\",\"potentialAction\":[{\"@type\":\"SearchAction\",\"target\":{\"@type\":\"EntryPoint\",\"urlTemplate\":\"https:\\\/\\\/tinychat.com\\\/?s={search_term_string}\"},\"query-input\":{\"@type\":\"PropertyValueSpecification\",\"valueRequired\":true,\"valueName\":\"search_term_string\"}}],\"inLanguage\":\"pl-PL\"},{\"@type\":\"Organization\",\"@id\":\"https:\\\/\\\/tinychat.com\\\/#organization\",\"name\":\"TinyChat\",\"alternateName\":\"TinyChat.com\",\"url\":\"https:\\\/\\\/tinychat.com\\\/\",\"logo\":{\"@type\":\"ImageObject\",\"inLanguage\":\"pl-PL\",\"@id\":\"https:\\\/\\\/tinychat.com\\\/#\\\/schema\\\/logo\\\/image\\\/\",\"url\":\"https:\\\/\\\/tinychat.com\\\/wp-content\\\/uploads\\\/2023\\\/11\\\/Tinychat-icon-square.png\",\"contentUrl\":\"https:\\\/\\\/tinychat.com\\\/wp-content\\\/uploads\\\/2023\\\/11\\\/Tinychat-icon-square.png\",\"width\":284,\"height\":284,\"caption\":\"TinyChat\"},\"image\":{\"@id\":\"https:\\\/\\\/tinychat.com\\\/#\\\/schema\\\/logo\\\/image\\\/\"},\"sameAs\":[\"https:\\\/\\\/www.facebook.com\\\/tinychat\",\"https:\\\/\\\/x.com\\\/tinychat\"]}]}<\/script>\n<!-- \/ Yoast SEO plugin. -->","yoast_head_json":{"title":"Yesichat - Jedno klikni\u0119cie bez rejestracji - TinyChat.com","description":"Korzystasz z Yesichat? Do\u0142\u0105cz do ponad 50 000 000 nieznajomych na TinyChat! W\u0142\u0105cz kamer\u0119 i zacznij poznawa\u0107 nowych ludzi lub znajd\u017a partnera.","robots":{"index":"index","follow":"follow","max-snippet":"max-snippet:-1","max-image-preview":"max-image-preview:large","max-video-preview":"max-video-preview:-1"},"canonical":"https:\/\/tinychat.com\/pl\/yesichat\/","og_locale":"pl_PL","og_type":"article","og_title":"Yesichat - One click without registration - TinyChat.com","og_description":"Enjoying Yesichat? Join over 50,000,000 strangers on TinyChat! Turn on your cam and start meeting new people, or find a match.","og_url":"https:\/\/tinychat.com\/pl\/yesichat\/","og_site_name":"TinyChat","article_publisher":"https:\/\/www.facebook.com\/tinychat","article_modified_time":"2025-07-26T16:22:34+00:00","og_image":[{"width":1280,"height":284,"url":"https:\/\/tinychat.com\/wp-content\/uploads\/2020\/04\/Tinychat-logo-1280x284-new-black.png","type":"image\/png"}],"twitter_card":"summary_large_image","twitter_site":"@tinychat","twitter_misc":{"Szacowany czas czytania":"8 minut"},"schema":{"@context":"https:\/\/schema.org","@graph":[{"@type":"WebPage","@id":"https:\/\/tinychat.com\/yesichat\/","url":"https:\/\/tinychat.com\/yesichat\/","name":"Yesichat - Jedno klikni\u0119cie bez rejestracji - TinyChat.com","isPartOf":{"@id":"https:\/\/tinychat.com\/#website"},"datePublished":"2025-07-26T13:01:47+00:00","dateModified":"2025-07-26T16:22:34+00:00","description":"Korzystasz z Yesichat? Do\u0142\u0105cz do ponad 50 000 000 nieznajomych na TinyChat! W\u0142\u0105cz kamer\u0119 i zacznij poznawa\u0107 nowych ludzi lub znajd\u017a partnera.","breadcrumb":{"@id":"https:\/\/tinychat.com\/yesichat\/#breadcrumb"},"inLanguage":"pl-PL","potentialAction":[{"@type":"ReadAction","target":["https:\/\/tinychat.com\/yesichat\/"]}]},{"@type":"BreadcrumbList","@id":"https:\/\/tinychat.com\/yesichat\/#breadcrumb","itemListElement":[{"@type":"ListItem","position":1,"name":"Home","item":"https:\/\/tinychat.com\/"},{"@type":"ListItem","position":2,"name":"Yesichat"}]},{"@type":"WebSite","@id":"https:\/\/tinychat.com\/#website","url":"https:\/\/tinychat.com\/","name":"TinyChat","description":"Losowy czat wideo z nieznajomymi","publisher":{"@id":"https:\/\/tinychat.com\/#organization"},"alternateName":"TinyChat.com","potentialAction":[{"@type":"SearchAction","target":{"@type":"EntryPoint","urlTemplate":"https:\/\/tinychat.com\/?s={search_term_string}"},"query-input":{"@type":"PropertyValueSpecification","valueRequired":true,"valueName":"search_term_string"}}],"inLanguage":"pl-PL"},{"@type":"Organization","@id":"https:\/\/tinychat.com\/#organization","name":"TinyChat","alternateName":"TinyChat.com","url":"https:\/\/tinychat.com\/","logo":{"@type":"ImageObject","inLanguage":"pl-PL","@id":"https:\/\/tinychat.com\/#\/schema\/logo\/image\/","url":"https:\/\/tinychat.com\/wp-content\/uploads\/2023\/11\/Tinychat-icon-square.png","contentUrl":"https:\/\/tinychat.com\/wp-content\/uploads\/2023\/11\/Tinychat-icon-square.png","width":284,"height":284,"caption":"TinyChat"},"image":{"@id":"https:\/\/tinychat.com\/#\/schema\/logo\/image\/"},"sameAs":["https:\/\/www.facebook.com\/tinychat","https:\/\/x.com\/tinychat"]}]}},"_links":{"self":[{"href":"https:\/\/tinychat.com\/pl\/wp-json\/wp\/v2\/pages\/11261","targetHints":{"allow":["GET"]}}],"collection":[{"href":"https:\/\/tinychat.com\/pl\/wp-json\/wp\/v2\/pages"}],"about":[{"href":"https:\/\/tinychat.com\/pl\/wp-json\/wp\/v2\/types\/page"}],"author":[{"embeddable":true,"href":"https:\/\/tinychat.com\/pl\/wp-json\/wp\/v2\/users\/6"}],"replies":[{"embeddable":true,"href":"https:\/\/tinychat.com\/pl\/wp-json\/wp\/v2\/comments?post=11261"}],"version-history":[{"count":3,"href":"https:\/\/tinychat.com\/pl\/wp-json\/wp\/v2\/pages\/11261\/revisions"}],"predecessor-version":[{"id":13369,"href":"https:\/\/tinychat.com\/pl\/wp-json\/wp\/v2\/pages\/11261\/revisions\/13369"}],"wp:attachment":[{"href":"https:\/\/tinychat.com\/pl\/wp-json\/wp\/v2\/media?parent=11261"}],"curies":[{"name":"wp","href":"https:\/\/api.w.org\/{rel}","templated":true}]}}