{"id":11922,"date":"2025-12-02T10:01:20","date_gmt":"2025-12-02T08:01:20","guid":{"rendered":"https:\/\/tinychat.com\/?page_id=11922"},"modified":"2025-12-02T12:01:14","modified_gmt":"2025-12-02T10:01:14","slug":"strangermeetup","status":"publish","type":"page","link":"https:\/\/tinychat.com\/pl\/strangermeetup\/","title":{"rendered":"StrangerMeetup"},"content":{"rendered":"<p>W \u015bwiecie internetowym zdominowanym przez filtry, profile i algorytmiczne kana\u0142y informacyjne, StrangerMeetup oferuje co\u015b od\u015bwie\u017caj\u0105co ludzkiego: szybkie, anonimowe rozmowy tekstowe z nieznajomymi z ca\u0142ego \u015bwiata. Bez rejestracji, bez podawania danych osobowych i bez skomplikowanych funkcji \u2014 po prostu czysta, spontaniczna rozmowa z lud\u017ami, kt\u00f3rych nigdy nie spotka\u0142e\u015b.<\/p>\n<p>Zaprojektowany z my\u015bl\u0105 o u\u017cytkownikach, kt\u00f3rzy preferuj\u0105 prostot\u0119 i prywatno\u015b\u0107 komunikacji tekstowej, StrangerMeetup sta\u0142 si\u0119 platform\u0105 dla os\u00f3b, kt\u00f3re chc\u0105 rozmawia\u0107 otwarcie, poznawa\u0107 nowych ludzi lub po prostu sp\u0119dza\u0107 czas na swobodnych rozmowach online. Jest lekki, bezstresowy i dost\u0119pny na prawie ka\u017cdym urz\u0105dzeniu.<\/p>\n<p>W tej kompletnej recenzji dowiesz si\u0119, czym jest StrangerMeetup, jak dzia\u0142a, jakie s\u0105 jego g\u0142\u00f3wne funkcje, jak wygl\u0105da korzystanie z niego, jakie s\u0105 wytyczne dotycz\u0105ce bezpiecze\u0144stwa, por\u00f3wnania z konkurencj\u0105, rozwi\u0105zania problem\u00f3w i czy warto z niego korzysta\u0107 dzisiaj.<\/p>\n<h2>Co to jest StrangerMeetup?<\/h2>\n<p>StrangerMeetup to bezp\u0142atna, anonimowa us\u0142uga czatu tekstowego, kt\u00f3ra natychmiast \u0142\u0105czy Ci\u0119 z nieznajomymi. W przeciwie\u0144stwie do platform oferuj\u0105cych losowe czaty wideo, StrangerMeetup skupia si\u0119 wy\u0142\u0105cznie na komunikacji tekstowej, dzi\u0119ki czemu jest idealnym rozwi\u0105zaniem dla u\u017cytkownik\u00f3w, kt\u00f3rzy:<\/p>\n<ul>\n<li>Preferujesz prywatno\u015b\u0107<\/li>\n<li>Nie chc\u0105 pokazywa\u0107 swojej twarzy<\/li>\n<li>Ciesz si\u0119 swobodn\u0105 rozmow\u0105 bez presji<\/li>\n<li>Chcesz pozna\u0107 ludzi z r\u00f3\u017cnych kultur?<\/li>\n<li>Podobnie jak szybkie rozmowy jeden na jeden<\/li>\n<\/ul>\n<p>Nie potrzebujesz konta ani profilu \u2014 ka\u017cda sesja jest tymczasowa, anonimowa i resetowana po opuszczeniu czatu. Dzi\u0119ki temu StrangerMeetup jest doskona\u0142ym wyborem dla os\u00f3b, kt\u00f3re lubi\u0105 swobodnie rozmawia\u0107 bez obci\u0105\u017cenia to\u017csamo\u015bci\u0105 w mediach spo\u0142eczno\u015bciowych.<\/p>\n<h2>Najwa\u017cniejsze cechy StrangerMeetup<\/h2>\n<p>StrangerMeetup ogranicza wszystko do niezb\u0119dnego minimum, ale zachowuje wystarczaj\u0105c\u0105 struktur\u0119, aby zapewni\u0107 p\u0142ynn\u0105 komunikacj\u0119.<\/p>\n<h3>1. Losowy czat tekstowy<\/h3>\n<ul>\n<li>Nawi\u0105\u017c kontakt z nieznajomym w mgnieniu oka<\/li>\n<li>Nie jest wymagana kamera ani mikrofon.<\/li>\n<li>Interakcja niskoci\u015bnieniowa<\/li>\n<\/ul>\n<p>Ten format pozwala na \u0142atw\u0105, p\u0142ynn\u0105 rozmow\u0119 bez martwienia si\u0119 o wygl\u0105d lub jako\u015b\u0107 obrazu.<\/p>\n<h3>2. 100% Anonimowy<\/h3>\n<ul>\n<li>Nie trzeba si\u0119 logowa\u0107<\/li>\n<li>Nie jest wymagany adres e-mail ani numer telefonu.<\/li>\n<li>Nie przechowujemy \u017cadnych danych osobowych.<\/li>\n<\/ul>\n<p>Rozmowy znikaj\u0105 po zamkni\u0119ciu czatu, zapewniaj\u0105c maksymaln\u0105 prywatno\u015b\u0107.<\/p>\n<h3>3. Prosty i przejrzysty interfejs<\/h3>\n<ul>\n<li>Minimalistyczny design<\/li>\n<li>Dzia\u0142a p\u0142ynnie na ka\u017cdym urz\u0105dzeniu<\/li>\n<li>Niewiele rozpraszaj\u0105cych czynnik\u00f3w i brak ba\u0142aganu<\/li>\n<\/ul>\n<p>U\u017cytkownicy doceniaj\u0105 to, \u017ce wszystko jest proste i \u0142atwe do zrozumienia.<\/p>\n<h3>4. System szybkich mecz\u00f3w<\/h3>\n<ul>\n<li>Dopasowanie zajmuje kilka sekund<\/li>\n<li>Bez kolejek<\/li>\n<li>Pomi\u0144 lub roz\u0142\u0105cz w dowolnym momencie<\/li>\n<\/ul>\n<p>Idealny dla os\u00f3b, kt\u00f3re lubi\u0105 szybkie, spontaniczne po\u0142\u0105czenia.<\/p>\n<h3>5. Globalny zasi\u0119g<\/h3>\n<ul>\n<li>Rozmawiaj z lud\u017ami z ca\u0142ego \u015bwiata<\/li>\n<li>Du\u017ca r\u00f3\u017cnorodno\u015b\u0107 w rozmowie<\/li>\n<li>\u015awietne miejsce do wymiany kulturowej<\/li>\n<\/ul>\n<p>Wielu u\u017cytkownik\u00f3w do\u0142\u0105cza do serwisu specjalnie po to, aby rozmawia\u0107 z osobami z r\u00f3\u017cnych kraj\u00f3w.<\/p>\n<h3>6. Przyjazny dla urz\u0105dze\u0144 mobilnych<\/h3>\n<ul>\n<li>W pe\u0142ni funkcjonalny w przegl\u0105darkach mobilnych<\/li>\n<li>Nie trzeba pobiera\u0107 aplikacji<\/li>\n<\/ul>\n<p>Dzi\u0119ki temu StrangerMeetup idealnie nadaje si\u0119 do czatowania w podr\u00f3\u017cy.<\/p>\n<h3>7. Swoboda u\u017cytkowania<\/h3>\n<ul>\n<li>Nieograniczone czatowanie<\/li>\n<li>Nie s\u0105 wymagane \u017cadne funkcje premium.<\/li>\n<li>Brak paywall\u00f3w<\/li>\n<\/ul>\n<p>Wszystko, co niezb\u0119dne, jest dost\u0119pne bez ponoszenia koszt\u00f3w.<\/p>\n<h2>Jak korzysta\u0107 z StrangerMeetup<\/h2>\n<p>Korzystanie z StrangerMeetup jest niezwykle proste:<\/p>\n<h3>Krok 1: Odwied\u017a stron\u0119 internetow\u0105<\/h3>\n<p>Wejd\u017a na stron\u0119 StrangerMeetup.com za pomoc\u0105 dowolnej przegl\u0105darki.<\/p>\n<h3>Krok 2: Wybierz sw\u00f3j tryb<\/h3>\n<p>Wi\u0119kszo\u015b\u0107 wersji oferuje czat tekstowy lub kategorie tematyczne.<\/p>\n<h3>Krok 3: Kliknij \u201cStart\u201d<\/h3>\n<p>Natychmiast zostaniesz po\u0142\u0105czony z now\u0105 osob\u0105.<\/p>\n<h3>Krok 4: Czat lub pomini\u0119cie<\/h3>\n<p>Mo\u017cesz rozmawia\u0107 tak d\u0142ugo, jak chcesz, lub klikn\u0105\u0107 \u201eDalej\u201d, aby przej\u015b\u0107 do kolejnej nieznajomej osoby.<\/p>\n<h3>Krok 5: Wyjd\u017a w dowolnym momencie<\/h3>\n<p>Po zako\u0144czeniu czatu lub zamkni\u0119ciu strony rozmowa znika na zawsze.<\/p>\n<p>Bez kont, bez czekania \u2014 po prostu natychmiastowe wiadomo\u015bci z nieznajomymi z ca\u0142ego \u015bwiata.<\/p>\n<h2>Do\u015bwiadczenia u\u017cytkownik\u00f3w w serwisie StrangerMeetup<\/h2>\n<p>StrangerMeetup zyska\u0142o wielu zwolennik\u00f3w dzi\u0119ki \u0142atwo\u015bci obs\u0142ugi i anonimowo\u015bci.<\/p>\n<h3>Co kochaj\u0105 u\u017cytkownicy<\/h3>\n<ul>\n<li>Anonimowe i prywatne<\/li>\n<li>Nie jest wymagana kamera<\/li>\n<li>Szybkie dopasowywanie<\/li>\n<li>Idealne dla introwertyk\u00f3w lub nie\u015bmia\u0142ych u\u017cytkownik\u00f3w<\/li>\n<li>Prosty, minimalistyczny interfejs<\/li>\n<li>Dzia\u0142a dobrze na urz\u0105dzeniach mobilnych i komputerach<\/li>\n<li>Bezp\u0142atny dost\u0119p do wszystkich funkcji<\/li>\n<\/ul>\n<h3>Gdzie u\u017cytkownicy widz\u0105 pole do poprawy<\/h3>\n<ul>\n<li>Brak filtr\u00f3w dotycz\u0105cych kraju lub p\u0142ci<\/li>\n<li>U\u017cytkownicy sporadycznie wysy\u0142aj\u0105cy spam<\/li>\n<li>Brak listy znajomych i opcji ponownego po\u0142\u0105czenia<\/li>\n<li>Rozmowy s\u0105 trwale resetowane po zamkni\u0119ciu<\/li>\n<li>Niekt\u00f3re sesje czatu mog\u0105 by\u0107 kr\u00f3tkie lub niskiej jako\u015bci.<\/li>\n<\/ul>\n<p>Mimo to wi\u0119kszo\u015b\u0107 u\u017cytkownik\u00f3w docenia prostot\u0119 platformy i podej\u015bcie ukierunkowane na prywatno\u015b\u0107, zw\u0142aszcza w por\u00f3wnaniu z alternatywnymi rozwi\u0105zaniami do wideoczat\u00f3w.<\/p>\n<h2>StrangerMeetup a inne platformy czatowe<\/h2>\n<p>Oto por\u00f3wnanie StrangerMeetup z innymi popularnymi komunikatorami:<\/p>\n<table>\n<thead>\n<tr>\n<th>Cecha<\/th>\n<th>StrangerMeetup<\/th>\n<th>Omegle<\/th>\n<th>Chatroulette<\/th>\n<th>ChatHub<\/th>\n<th>RandoChat<\/th>\n<th>Chatiw<\/th>\n<\/tr>\n<\/thead>\n<tbody>\n<tr>\n<td>Czat tekstowy<\/td>\n<td>Tak<\/td>\n<td>Tak<\/td>\n<td>Ograniczony<\/td>\n<td>Tak<\/td>\n<td>Tak<\/td>\n<td>Tak<\/td>\n<\/tr>\n<tr>\n<td>Czat wideo<\/td>\n<td>Nie<\/td>\n<td>Tak<\/td>\n<td>Tak<\/td>\n<td>Tak<\/td>\n<td>Nie<\/td>\n<td>Nie<\/td>\n<\/tr>\n<tr>\n<td>Wymagana rejestracja<\/td>\n<td>Nie<\/td>\n<td>Nie<\/td>\n<td>Nie<\/td>\n<td>Opcjonalnie<\/td>\n<td>Nie<\/td>\n<td>Nie<\/td>\n<\/tr>\n<tr>\n<td>Anonimowo\u015b\u0107<\/td>\n<td>\u2b50 Bardzo wysoka<\/td>\n<td>Wysoki<\/td>\n<td>Umiarkowany<\/td>\n<td>\u015aredni<\/td>\n<td>Bardzo wysoka<\/td>\n<td>Umiarkowany<\/td>\n<\/tr>\n<tr>\n<td>Filtry (p\u0142e\u0107\/region)<\/td>\n<td>Nie<\/td>\n<td>Nie<\/td>\n<td>Ograniczony<\/td>\n<td>Tak<\/td>\n<td>Nie<\/td>\n<td>Nie<\/td>\n<\/tr>\n<tr>\n<td>Przyjazny dla urz\u0105dze\u0144 mobilnych<\/td>\n<td>Tak<\/td>\n<td>Tak<\/td>\n<td>Tak<\/td>\n<td>Tak<\/td>\n<td>Tak<\/td>\n<td>Tak<\/td>\n<\/tr>\n<tr>\n<td>Bezp\u0142atne u\u017cytkowanie<\/td>\n<td>Tak<\/td>\n<td>Tak<\/td>\n<td>Tak<\/td>\n<td>Tak<\/td>\n<td>Tak<\/td>\n<td>Tak<\/td>\n<\/tr>\n<\/tbody>\n<\/table>\n<p>Podsumowanie:<br \/>\nStrangerMeetup jest idealnym rozwi\u0105zaniem dla u\u017cytkownik\u00f3w, kt\u00f3rzy chc\u0105 komunikowa\u0107 si\u0119 anonimowo, wy\u0142\u0105cznie za pomoc\u0105 wiadomo\u015bci tekstowych, bez presji zwi\u0105zanej z rozmowami wideo. Jest prostszy i zapewnia wi\u0119ksz\u0105 prywatno\u015b\u0107 ni\u017c wiele konkurencyjnych rozwi\u0105za\u0144.<\/p>\n<h2>Bezpiecze\u0144stwo i prywatno\u015b\u0107 w serwisie StrangerMeetup<\/h2>\n<p>Czat tekstowy jest zazwyczaj bezpieczniejszy ni\u017c czat wideo, a serwis StrangerMeetup dobrze dba o prywatno\u015b\u0107 u\u017cytkownik\u00f3w.<\/p>\n<h3>Wbudowane funkcje bezpiecze\u0144stwa<\/h3>\n<ul>\n<li>Anonimowe po\u0142\u0105czenia<\/li>\n<li>Brak gromadzenia danych<\/li>\n<li>Brak systemu rejestracji<\/li>\n<li>Przycisk \u201ePomi\u0144\u201d, aby opu\u015bci\u0107 dowolny czat<\/li>\n<li>Moderacja w przypadku naruszenia zasad<\/li>\n<\/ul>\n<h3>Wskaz\u00f3wki bezpiecze\u0144stwa dla u\u017cytkownik\u00f3w<\/h3>\n<p>Aby zapewni\u0107 sobie ochron\u0119:<\/p>\n<ul>\n<li>Nie udost\u0119pniaj danych osobowych<\/li>\n<li>Unikaj wysy\u0142ania zdj\u0119\u0107<\/li>\n<li>Nie klikaj link\u00f3w od nieznajomych<\/li>\n<li>Zako\u0144cz rozmowy, kt\u00f3re sprawiaj\u0105, \u017ce czujesz si\u0119 niekomfortowo.<\/li>\n<li>U\u017cyj VPN, aby zwi\u0119kszy\u0107 prywatno\u015b\u0107<\/li>\n<li>Rodzice powinni nadzorowa\u0107 osoby niepe\u0142noletnie.<\/li>\n<\/ul>\n<p>Dzi\u0119ki tym \u015brodkom ostro\u017cno\u015bci preparat StrangerMeetup mo\u017ce by\u0107 bezpiecznie stosowany przez wi\u0119kszo\u015b\u0107 os\u00f3b.<\/p>\n<h2>Wskaz\u00f3wki dotycz\u0105ce maksymalnego wykorzystania StrangerMeetup<\/h2>\n<p>Oto jak poprawi\u0107 swoje wra\u017cenia:<\/p>\n<ul>\n<li>Zacznij od prostych pozdrowie\u0144<\/li>\n<li>Rozmowa powinna mie\u0107 swobodny i przyjazny charakter.<\/li>\n<li>B\u0105d\u017a otwarty na poznawanie ludzi z r\u00f3\u017cnych kultur<\/li>\n<li>Spr\u00f3buj w godzinach szczytu, aby uzyska\u0107 wi\u0119cej aktywnych u\u017cytkownik\u00f3w.<\/li>\n<li>Korzystaj z anonimowo\u015bci, aby swobodnie wyra\u017ca\u0107 siebie.<\/li>\n<li>Je\u015bli rozmowa nie idzie, szybko j\u0105 przerwij<\/li>\n<\/ul>\n<p>Tekstowy charakter StrangerMeetup cz\u0119sto prowadzi do g\u0142\u0119bszych lub bardziej szczerych rozm\u00f3w \u2014 zw\u0142aszcza gdy obaj u\u017cytkownicy s\u0105 zrelaksowani.<\/p>\n<h2>Typowe problemy i sposoby ich rozwi\u0105zywania<\/h2>\n<h3>Problem: \u201cBrak u\u017cytkownik\u00f3w online\u201d<\/h3>\n<ul>\n<li>Spr\u00f3buj ponownie w godzinach szczytu<\/li>\n<li>Od\u015bwie\u017c stron\u0119<\/li>\n<li>Sprawd\u017a inn\u0105 przegl\u0105dark\u0119<\/li>\n<\/ul>\n<h3>Problem: Wiadomo\u015bci nie s\u0105 wysy\u0142ane<\/h3>\n<ul>\n<li>Od\u015bwie\u017c sesj\u0119 czatu<\/li>\n<li>Wyczy\u015b\u0107 pami\u0119\u0107 podr\u0119czn\u0105 przegl\u0105darki<\/li>\n<li>Zapewnij stabilne po\u0142\u0105czenie internetowe<\/li>\n<\/ul>\n<h3>Problem: Zbyt wielu u\u017cytkownik\u00f3w spamuj\u0105cych<\/h3>\n<ul>\n<li>Wyjed\u017a natychmiast<\/li>\n<li>Cz\u0119sto korzystaj z funkcji pomijania<\/li>\n<\/ul>\n<h3>Problem: Roz\u0142\u0105czenia lub resetowanie czatu<\/h3>\n<ul>\n<li>Przegl\u0105darka mog\u0142a si\u0119 od\u015bwie\u017cy\u0107.<\/li>\n<li>Problemy z po\u0142\u0105czeniem po obu stronach<\/li>\n<\/ul>\n<p>StrangerMeetup jest og\u00f3lnie stabilny, ale podobnie jak wszystkie darmowe serwisy czatu losowego, wra\u017cenia z u\u017cytkowania zale\u017c\u0105 cz\u0119\u015bciowo od po\u0142\u0105czenia internetowego i czasu.<\/p>\n<h2>Dlaczego ludzie wybieraj\u0105 StrangerMeetup<\/h2>\n<p>StrangerMeetup jest atrakcyjny dla u\u017cytkownik\u00f3w, poniewa\u017c:<\/p>\n<ul>\n<li>Prywatny<\/li>\n<li>Anonimowy<\/li>\n<li>Tylko tekst<\/li>\n<li>Szybki<\/li>\n<li>Darmowy<\/li>\n<li>Prosty<\/li>\n<li>Rejestracja nie jest wymagana<\/li>\n<\/ul>\n<p>Dla wielu os\u00f3b brak wideo eliminuje presj\u0119 spo\u0142eczn\u0105, umo\u017cliwiaj\u0105c im swobodniejsz\u0105 komunikacj\u0119.<\/p>\n<p>Jest szczeg\u00f3lnie popularny w\u015br\u00f3d:<\/p>\n<ul>\n<li>Introwertycy<\/li>\n<li>Osoby ucz\u0105ce si\u0119 j\u0119zyk\u00f3w<\/li>\n<li>Osoby unikaj\u0105ce platform opartych na wideo<\/li>\n<li>U\u017cytkownicy zm\u0119czeni mediami spo\u0142eczno\u015bciowymi<\/li>\n<li>Podr\u00f3\u017cni pragn\u0105cy mi\u0119dzynarodowych rozm\u00f3w<\/li>\n<li>Osoby poszukuj\u0105ce emocjonalnej wi\u0119zi bez ujawniania swojej to\u017csamo\u015bci<\/li>\n<\/ul>\n<h2>Podsumowanie: Czy warto korzysta\u0107 z StrangerMeetup?<\/h2>\n<p>Je\u015bli szukasz czystej, anonimowej platformy do czatowania tekstowego, zdecydowanie warto wypr\u00f3bowa\u0107 StrangerMeetup. Jest prosta, szybka, prywatna i dost\u0119pna z dowolnego urz\u0105dzenia \u2014 dzi\u0119ki czemu stanowi jeden z naj\u0142atwiejszych sposob\u00f3w na rozmow\u0119 z przypadkowymi nieznajomymi online bez udost\u0119pniania danych osobowych.<\/p>\n<p>Niezale\u017cnie od tego, czy:<\/p>\n<ul>\n<li>Znudzony i ch\u0119tny do rozmowy<\/li>\n<li>Ciekawy ludzi z innych kraj\u00f3w<\/li>\n<li>Szukasz bezpiecznego miejsca, gdzie mo\u017cesz swobodnie wyra\u017ca\u0107 swoje zdanie?<\/li>\n<li>Szukam szczerej rozmowy<\/li>\n<li>W nadziei na ucieczk\u0119 od zm\u0119czenia mediami spo\u0142eczno\u015bciowymi<\/li>\n<\/ul>\n<p>StrangerMeetup stanowi od\u015bwie\u017caj\u0105c\u0105 alternatyw\u0119, kt\u00f3ra stawia na pierwszym miejscu prywatno\u015b\u0107, prostot\u0119 i po\u0142\u0105czenie w czasie rzeczywistym.<\/p>\n<p>StrangerMeetup to czysta, anonimowa platforma do losowych rozm\u00f3w tekstowych, idealna dla wszystkich, kt\u00f3rzy chc\u0105 prowadzi\u0107 szybkie, swobodne rozmowy z nieznajomymi z ca\u0142ego \u015bwiata.<\/p>\n<p>Chcesz spr\u00f3bowa\u0107? Odwied\u017a stron\u0119 StrangerMeetup, kliknij \u201cStart\u201d i zobacz, kogo poznasz.<\/p>","protected":false},"excerpt":{"rendered":"<p>In an online world dominated by filters, profiles, and algorithm-driven feeds, StrangerMeetup offers something refreshingly human: quick, anonymous text conversations with strangers from around the world. No sign-ups, no personal details, and no complicated features \u2014 just pure, spontaneous chatting with people you\u2019ve never met. Designed for users who prefer the simplicity and privacy of [&hellip;]<\/p>\n","protected":false},"author":6,"featured_media":0,"parent":0,"menu_order":0,"comment_status":"closed","ping_status":"closed","template":"","meta":{"footnotes":""},"class_list":["post-11922","page","type-page","status-publish","hentry"],"yoast_head":"<!-- This site is optimized with the Yoast SEO plugin v27.4 - https:\/\/yoast.com\/product\/yoast-seo-wordpress\/ -->\n<title>StrangerMeetup - Meet New Friends Online - TinyChat.com<\/title>\n<meta name=\"description\" content=\"Enjoying StrangerMeetup? Join over 50,000,000 strangers on TinyChat! Turn on your cam and start meeting new people, or find a match.\" \/>\n<meta name=\"robots\" content=\"index, follow, max-snippet:-1, max-image-preview:large, max-video-preview:-1\" \/>\n<link rel=\"canonical\" href=\"https:\/\/tinychat.com\/pl\/strangermeetup\/\" \/>\n<meta property=\"og:locale\" content=\"pl_PL\" \/>\n<meta property=\"og:type\" content=\"article\" \/>\n<meta property=\"og:title\" content=\"StrangerMeetup - Meet New Friends Online - TinyChat.com\" \/>\n<meta property=\"og:description\" content=\"Enjoying StrangerMeetup? Join over 50,000,000 strangers on TinyChat! Turn on your cam and start meeting new people, or find a match.\" \/>\n<meta property=\"og:url\" content=\"https:\/\/tinychat.com\/pl\/strangermeetup\/\" \/>\n<meta property=\"og:site_name\" content=\"TinyChat\" \/>\n<meta property=\"article:publisher\" content=\"https:\/\/www.facebook.com\/tinychat\" \/>\n<meta property=\"article:modified_time\" content=\"2025-12-02T10:01:14+00:00\" \/>\n<meta property=\"og:image\" content=\"https:\/\/tinychat.com\/wp-content\/uploads\/2020\/04\/Tinychat-logo-1280x284-new-black.png\" \/>\n\t<meta property=\"og:image:width\" content=\"1280\" \/>\n\t<meta property=\"og:image:height\" content=\"284\" \/>\n\t<meta property=\"og:image:type\" content=\"image\/png\" \/>\n<meta name=\"twitter:card\" content=\"summary_large_image\" \/>\n<meta name=\"twitter:site\" content=\"@tinychat\" \/>\n<meta name=\"twitter:label1\" content=\"Szacowany czas czytania\" \/>\n\t<meta name=\"twitter:data1\" content=\"6 minut\" \/>\n<script type=\"application\/ld+json\" class=\"yoast-schema-graph\">{\"@context\":\"https:\\\/\\\/schema.org\",\"@graph\":[{\"@type\":\"WebPage\",\"@id\":\"https:\\\/\\\/tinychat.com\\\/strangermeetup\\\/\",\"url\":\"https:\\\/\\\/tinychat.com\\\/strangermeetup\\\/\",\"name\":\"StrangerMeetup - Meet New Friends Online - TinyChat.com\",\"isPartOf\":{\"@id\":\"https:\\\/\\\/tinychat.com\\\/#website\"},\"datePublished\":\"2025-12-02T08:01:20+00:00\",\"dateModified\":\"2025-12-02T10:01:14+00:00\",\"description\":\"Enjoying StrangerMeetup? Join over 50,000,000 strangers on TinyChat! Turn on your cam and start meeting new people, or find a match.\",\"breadcrumb\":{\"@id\":\"https:\\\/\\\/tinychat.com\\\/strangermeetup\\\/#breadcrumb\"},\"inLanguage\":\"pl-PL\",\"potentialAction\":[{\"@type\":\"ReadAction\",\"target\":[\"https:\\\/\\\/tinychat.com\\\/strangermeetup\\\/\"]}]},{\"@type\":\"BreadcrumbList\",\"@id\":\"https:\\\/\\\/tinychat.com\\\/strangermeetup\\\/#breadcrumb\",\"itemListElement\":[{\"@type\":\"ListItem\",\"position\":1,\"name\":\"Home\",\"item\":\"https:\\\/\\\/tinychat.com\\\/\"},{\"@type\":\"ListItem\",\"position\":2,\"name\":\"StrangerMeetup\"}]},{\"@type\":\"WebSite\",\"@id\":\"https:\\\/\\\/tinychat.com\\\/#website\",\"url\":\"https:\\\/\\\/tinychat.com\\\/\",\"name\":\"TinyChat\",\"description\":\"Random Video Chat with Strangers\",\"publisher\":{\"@id\":\"https:\\\/\\\/tinychat.com\\\/#organization\"},\"alternateName\":\"TinyChat.com\",\"potentialAction\":[{\"@type\":\"SearchAction\",\"target\":{\"@type\":\"EntryPoint\",\"urlTemplate\":\"https:\\\/\\\/tinychat.com\\\/?s={search_term_string}\"},\"query-input\":{\"@type\":\"PropertyValueSpecification\",\"valueRequired\":true,\"valueName\":\"search_term_string\"}}],\"inLanguage\":\"pl-PL\"},{\"@type\":\"Organization\",\"@id\":\"https:\\\/\\\/tinychat.com\\\/#organization\",\"name\":\"TinyChat\",\"alternateName\":\"TinyChat.com\",\"url\":\"https:\\\/\\\/tinychat.com\\\/\",\"logo\":{\"@type\":\"ImageObject\",\"inLanguage\":\"pl-PL\",\"@id\":\"https:\\\/\\\/tinychat.com\\\/#\\\/schema\\\/logo\\\/image\\\/\",\"url\":\"https:\\\/\\\/tinychat.com\\\/wp-content\\\/uploads\\\/2023\\\/11\\\/Tinychat-icon-square.png\",\"contentUrl\":\"https:\\\/\\\/tinychat.com\\\/wp-content\\\/uploads\\\/2023\\\/11\\\/Tinychat-icon-square.png\",\"width\":284,\"height\":284,\"caption\":\"TinyChat\"},\"image\":{\"@id\":\"https:\\\/\\\/tinychat.com\\\/#\\\/schema\\\/logo\\\/image\\\/\"},\"sameAs\":[\"https:\\\/\\\/www.facebook.com\\\/tinychat\",\"https:\\\/\\\/x.com\\\/tinychat\"]}]}<\/script>\n<!-- \/ Yoast SEO plugin. -->","yoast_head_json":{"title":"StrangerMeetup \u2013 Poznaj nowych przyjaci\u00f3\u0142 online \u2013 TinyChat.com","description":"Podoba Ci si\u0119 StrangerMeetup? Do\u0142\u0105cz do ponad 50 000 000 nieznajomych na TinyChat! W\u0142\u0105cz kamer\u0119 i zacznij poznawa\u0107 nowych ludzi lub znajd\u017a partnera.","robots":{"index":"index","follow":"follow","max-snippet":"max-snippet:-1","max-image-preview":"max-image-preview:large","max-video-preview":"max-video-preview:-1"},"canonical":"https:\/\/tinychat.com\/pl\/strangermeetup\/","og_locale":"pl_PL","og_type":"article","og_title":"StrangerMeetup - Meet New Friends Online - TinyChat.com","og_description":"Enjoying StrangerMeetup? Join over 50,000,000 strangers on TinyChat! Turn on your cam and start meeting new people, or find a match.","og_url":"https:\/\/tinychat.com\/pl\/strangermeetup\/","og_site_name":"TinyChat","article_publisher":"https:\/\/www.facebook.com\/tinychat","article_modified_time":"2025-12-02T10:01:14+00:00","og_image":[{"width":1280,"height":284,"url":"https:\/\/tinychat.com\/wp-content\/uploads\/2020\/04\/Tinychat-logo-1280x284-new-black.png","type":"image\/png"}],"twitter_card":"summary_large_image","twitter_site":"@tinychat","twitter_misc":{"Szacowany czas czytania":"6 minut"},"schema":{"@context":"https:\/\/schema.org","@graph":[{"@type":"WebPage","@id":"https:\/\/tinychat.com\/strangermeetup\/","url":"https:\/\/tinychat.com\/strangermeetup\/","name":"StrangerMeetup \u2013 Poznaj nowych przyjaci\u00f3\u0142 online \u2013 TinyChat.com","isPartOf":{"@id":"https:\/\/tinychat.com\/#website"},"datePublished":"2025-12-02T08:01:20+00:00","dateModified":"2025-12-02T10:01:14+00:00","description":"Podoba Ci si\u0119 StrangerMeetup? Do\u0142\u0105cz do ponad 50 000 000 nieznajomych na TinyChat! W\u0142\u0105cz kamer\u0119 i zacznij poznawa\u0107 nowych ludzi lub znajd\u017a partnera.","breadcrumb":{"@id":"https:\/\/tinychat.com\/strangermeetup\/#breadcrumb"},"inLanguage":"pl-PL","potentialAction":[{"@type":"ReadAction","target":["https:\/\/tinychat.com\/strangermeetup\/"]}]},{"@type":"BreadcrumbList","@id":"https:\/\/tinychat.com\/strangermeetup\/#breadcrumb","itemListElement":[{"@type":"ListItem","position":1,"name":"Home","item":"https:\/\/tinychat.com\/"},{"@type":"ListItem","position":2,"name":"StrangerMeetup"}]},{"@type":"WebSite","@id":"https:\/\/tinychat.com\/#website","url":"https:\/\/tinychat.com\/","name":"TinyChat","description":"Losowy czat wideo z nieznajomymi","publisher":{"@id":"https:\/\/tinychat.com\/#organization"},"alternateName":"TinyChat.com","potentialAction":[{"@type":"SearchAction","target":{"@type":"EntryPoint","urlTemplate":"https:\/\/tinychat.com\/?s={search_term_string}"},"query-input":{"@type":"PropertyValueSpecification","valueRequired":true,"valueName":"search_term_string"}}],"inLanguage":"pl-PL"},{"@type":"Organization","@id":"https:\/\/tinychat.com\/#organization","name":"TinyChat","alternateName":"TinyChat.com","url":"https:\/\/tinychat.com\/","logo":{"@type":"ImageObject","inLanguage":"pl-PL","@id":"https:\/\/tinychat.com\/#\/schema\/logo\/image\/","url":"https:\/\/tinychat.com\/wp-content\/uploads\/2023\/11\/Tinychat-icon-square.png","contentUrl":"https:\/\/tinychat.com\/wp-content\/uploads\/2023\/11\/Tinychat-icon-square.png","width":284,"height":284,"caption":"TinyChat"},"image":{"@id":"https:\/\/tinychat.com\/#\/schema\/logo\/image\/"},"sameAs":["https:\/\/www.facebook.com\/tinychat","https:\/\/x.com\/tinychat"]}]}},"_links":{"self":[{"href":"https:\/\/tinychat.com\/pl\/wp-json\/wp\/v2\/pages\/11922","targetHints":{"allow":["GET"]}}],"collection":[{"href":"https:\/\/tinychat.com\/pl\/wp-json\/wp\/v2\/pages"}],"about":[{"href":"https:\/\/tinychat.com\/pl\/wp-json\/wp\/v2\/types\/page"}],"author":[{"embeddable":true,"href":"https:\/\/tinychat.com\/pl\/wp-json\/wp\/v2\/users\/6"}],"replies":[{"embeddable":true,"href":"https:\/\/tinychat.com\/pl\/wp-json\/wp\/v2\/comments?post=11922"}],"version-history":[{"count":3,"href":"https:\/\/tinychat.com\/pl\/wp-json\/wp\/v2\/pages\/11922\/revisions"}],"predecessor-version":[{"id":13577,"href":"https:\/\/tinychat.com\/pl\/wp-json\/wp\/v2\/pages\/11922\/revisions\/13577"}],"wp:attachment":[{"href":"https:\/\/tinychat.com\/pl\/wp-json\/wp\/v2\/media?parent=11922"}],"curies":[{"name":"wp","href":"https:\/\/api.w.org\/{rel}","templated":true}]}}