{"id":11954,"date":"2024-10-24T12:21:22","date_gmt":"2024-10-24T10:21:22","guid":{"rendered":"https:\/\/tinychat.com\/?page_id=11954"},"modified":"2025-06-12T10:28:41","modified_gmt":"2025-06-12T08:28:41","slug":"luckycrush","status":"publish","type":"page","link":"https:\/\/tinychat.com\/pl\/luckycrush\/","title":{"rendered":"LuckyCrush"},"content":{"rendered":"<p>Losowy czat wideo jeden na jednego wy\u0142\u0105cznie mi\u0119dzy m\u0119\u017cczyznami i kobietami, natychmiast dopasowywany do zalotnych, zabawnych i by\u0107 mo\u017ce romantycznych rozm\u00f3w. W przeciwie\u0144stwie do tradycyjnych platform czatowych, kt\u00f3re \u0142\u0105cz\u0105 u\u017cytkownik\u00f3w niezale\u017cnie od p\u0142ci, LuckyCrush odwraca formu\u0142\u0119 - je\u015bli jeste\u015b m\u0119\u017cczyzn\u0105, zawsze b\u0119dziesz po\u0142\u0105czony z kobiet\u0105 i odwrotnie.<\/p>\n<p>Ta przemy\u015blana konstrukcja sprawia, \u017ce LuckyCrush jest jedn\u0105 z najbardziej celowych platform w przestrzeni czat\u00f3w losowych. Z dziesi\u0105tkami milion\u00f3w u\u017cytkownik\u00f3w na ca\u0142ym \u015bwiecie i rosn\u0105c\u0105 reputacj\u0105 dzi\u0119ki czystemu projektowi, szybkiemu dopasowywaniu i wysokiemu zaanga\u017cowaniu, \u0142atwo jest zrozumie\u0107, dlaczego tak wiele os\u00f3b zwraca si\u0119 do LuckyCrush, gdy szukaj\u0105 bardziej skoncentrowanego na flircie losowego do\u015bwiadczenia wideo.<\/p>\n<p>W tej szczeg\u00f3\u0142owej recenzji zbadamy wszystko, co musisz wiedzie\u0107 o LuckyCrush - jak dzia\u0142a, co go wyr\u00f3\u017cnia, jak wypada w por\u00f3wnaniu z podobnymi platformami i jak najlepiej wykorzysta\u0107 swoje czaty.<\/p>\n<h2>Czym jest LuckyCrush?<\/h2>\n<p>LuckyCrush to mi\u0119dzynarodowa platforma do losowych czat\u00f3w wideo, kt\u00f3ra \u0142\u0105czy m\u0119\u017cczyzn wy\u0142\u0105cznie z kobietami i odwrotnie. Witryna zosta\u0142a uruchomiona w 2019 roku i szybko zyska\u0142a popularno\u015b\u0107 na ca\u0142ym \u015bwiecie, przyci\u0105gaj\u0105c u\u017cytkownik\u00f3w, kt\u00f3rzy chc\u0105 szybkich, anonimowych czat\u00f3w wideo z p\u0142ci\u0105 przeciwn\u0105, bez konfiguracji profilu i bez publicznych pokoi.<\/p>\n<p>W przeciwie\u0144stwie do witryn takich jak Omegle lub Chatroulette - gdzie jeste\u015b po\u0142\u0105czony z kimkolwiek bez wzgl\u0119du na p\u0142e\u0107 - LuckyCrush u\u017cywa algorytmu, aby zapewni\u0107 parowanie p\u0142ci za ka\u017cdym razem. M\u0119\u017cczy\u017ani s\u0105 \u0142\u0105czeni tylko z kobietami, a kobiety tylko z m\u0119\u017cczyznami. To w\u0142a\u015bnie ta prostota, w po\u0142\u0105czeniu z usprawnionym interfejsem u\u017cytkownika i globaln\u0105 baz\u0105 u\u017cytkownik\u00f3w, nadaje LuckyCrush wyj\u0105tkow\u0105 osobowo\u015b\u0107.<\/p>\n<p>Platforma jest darmowa, ale dzia\u0142a w oparciu o system kredytowy dla m\u0119\u017cczyzn. Kobiety natomiast mog\u0105 korzysta\u0107 z serwisu ca\u0142kowicie za darmo - jest to model biznesowy maj\u0105cy na celu utrzymanie r\u00f3wnowagi p\u0142ci i zach\u0119canie do bardziej autentycznych, przeciwnych p\u0142ci dopasowa\u0144.<\/p>\n<h2>Kluczowe cechy LuckyCrush<\/h2>\n<p>LuckyCrush jest wyj\u0105tkowy zar\u00f3wno pod wzgl\u0119dem funkcji, jak i wygl\u0105du. Oto, co go wyr\u00f3\u017cnia:<\/p>\n<h3>1. Matchmaking oparty na p\u0142ci<\/h3>\n<p>G\u0142\u00f3wnym punktem sprzeda\u017cy LuckyCrush jest domy\u015blne filtrowanie p\u0142ci. \u0141\u0105czy:<\/p>\n<ul>\n<li>M\u0119\u017cczy\u017ani wy\u0142\u0105cznie dla kobiet<\/li>\n<li>Kobiety wy\u0142\u0105cznie dla m\u0119\u017cczyzn<\/li>\n<\/ul>\n<p>Natychmiast nadaje to ton flirtowi, romansowi lub przyjaznym przekomarzaniom mi\u0119dzy p\u0142ciami. Eliminuje to chaos cz\u0119sto spotykany na bardziej og\u00f3lnych platformach czatu.<\/p>\n<h3>2. Losowy czat wideo jeden na jednego<\/h3>\n<p>Nie ma pokoi grupowych, opcji tekstowych ani anonimowych for\u00f3w. Ka\u017cda sesja to prywatny, prowadzony na \u017cywo czat wideo twarz\u0105 w twarz z jedn\u0105 osob\u0105 naraz.<\/p>\n<p>Je\u015bli nie podoba ci si\u0119 dopasowanie, po prostu kliknij \"Dalej\", aby przej\u015b\u0107 do kogo\u015b innego.<\/p>\n<h3>3. Natychmiastowe dopasowanie - nie jest wymagana rejestracja<\/h3>\n<p>Mo\u017cesz rozpocz\u0105\u0107 czat jednym klikni\u0119ciem. Bez adresu e-mail. Bez rejestracji. Bez profilu. To beztarciowe podej\u015bcie jest cz\u0119\u015bci\u0105 sukcesu LuckyCrush - zw\u0142aszcza na urz\u0105dzeniach mobilnych, gdzie u\u017cytkownicy oczekuj\u0105 szybko\u015bci i \u0142atwo\u015bci.<\/p>\n<p>(Rejestracja jest jednak zalecana, je\u015bli chcesz zdoby\u0107 darmowe kredyty, uzyska\u0107 dost\u0119p do historii czatu lub \u015bledzi\u0107 u\u017cycie).<\/p>\n<h3>4. System kredytowy (dla m\u0119\u017cczyzn)<\/h3>\n<p>LuckyCrush mo\u017cna wypr\u00f3bowa\u0107 za darmo, ale m\u0119\u017cczy\u017ani musz\u0105 korzysta\u0107 z kredyt\u00f3w, aby kontynuowa\u0107 czatowanie po okresie pr\u00f3bnym. Kredyty s\u0105 kupowane w pakietach, a ka\u017cda sekunda czatu wideo zu\u017cywa niewielk\u0105 ich ilo\u015b\u0107.<\/p>\n<p>Kobiety natomiast korzystaj\u0105 z serwisu ca\u0142kowicie za darmo, co pomaga zapewni\u0107 sta\u0142\u0105 obecno\u015b\u0107 prawdziwych u\u017cytkowniczek.<\/p>\n<h3>5. Globalny zasi\u0119g<\/h3>\n<p>LuckyCrush ma u\u017cytkownik\u00f3w w ponad 100 krajach, z automatycznym dopasowywaniem region\u00f3w dla szybszych rozm\u00f3w lokalnych. Mo\u017cesz tak\u017ce prze\u0142\u0105czy\u0107 si\u0119 na czat mi\u0119dzynarodowy, aby uzyska\u0107 szersze do\u015bwiadczenie.<\/p>\n<p>Ten mi\u0119dzynarodowy klimat sprawia, \u017ce LuckyCrush jest idealny dla:<\/p>\n<ul>\n<li>Mi\u0119dzykulturowy flirt<\/li>\n<li>Praktykowanie j\u0119zyk\u00f3w<\/li>\n<li>Odkrywanie nowych akcent\u00f3w i osobowo\u015bci<\/li>\n<\/ul>\n<h3>6. Prosty interfejs z silnym wsparciem dla urz\u0105dze\u0144 mobilnych<\/h3>\n<p>Projekt jest przejrzysty, zoptymalizowany pod k\u0105tem urz\u0105dze\u0144 mobilnych i intuicyjny:<\/p>\n<ul>\n<li>Pe\u0142noekranowy interfejs wideo<\/li>\n<li>W razie potrzeby pole czatu dla tekstu<\/li>\n<li>Szybki czas \u0142adowania i minimalne rozpraszanie uwagi<\/li>\n<\/ul>\n<p>Niezale\u017cnie od tego, czy korzystasz z niego na komputerze, czy na telefonie kom\u00f3rkowym, LuckyCrush dzia\u0142a p\u0142ynnie.<\/p>\n<h2>Jak korzysta\u0107 z LuckyCrush<\/h2>\n<p>Korzystanie z LuckyCrush jest szybkie i proste. Oto jak zacz\u0105\u0107:<\/p>\n<h3>Krok 1: Odwied\u017a stron\u0119<\/h3>\n<p>Wejd\u017a na stron\u0119 luckycrush.live w dowolnej przegl\u0105darce. Zostaniesz poproszony o wybranie p\u0142ci.<\/p>\n<h3>Krok 2: Przyznanie dost\u0119pu do kamery internetowej i mikrofonu<\/h3>\n<p>Aby korzysta\u0107 z platformy, nale\u017cy w\u0142\u0105czy\u0107 kamer\u0119 i mikrofon. Witryna u\u017cywa ich wy\u0142\u0105cznie do czatu wideo.<\/p>\n<h3>Krok 3: Rozpocznij czat<\/h3>\n<p>Po dopasowaniu sesja czatu rozpoczyna si\u0119 natychmiast. Zobaczysz drug\u0105 osob\u0119 na wideo, a ona zobaczy Ciebie. W razie potrzeby mo\u017cesz r\u00f3wnie\u017c pisa\u0107 w oknie czatu.<\/p>\n<h3>Krok 4: Kliknij \"Dalej\", aby pomin\u0105\u0107<\/h3>\n<p>Chcesz wypr\u00f3bowa\u0107 nowy mecz? Naci\u015bnij przycisk \"Dalej\", aby natychmiast zmieni\u0107 partnera.<\/p>\n<h3>Krok 5: Zarz\u0105dzanie kredytami (tylko dla m\u0119\u017cczyzn)<\/h3>\n<p>Je\u015bli jeste\u015b u\u017cytkownikiem p\u0142ci m\u0119skiej, bezp\u0142atny okres pr\u00f3bny ko\u0144czy si\u0119 po kilku minutach. Aby kontynuowa\u0107 korzystanie z us\u0142ugi, nale\u017cy zakupi\u0107 kredyty.<\/p>\n<h2>Do\u015bwiadczenie u\u017cytkownika na LuckyCrush<\/h2>\n<p>LuckyCrush oferuje jedno z najbardziej p\u0142ynnych i skoncentrowanych do\u015bwiadcze\u0144 u\u017cytkownika w kategorii czat\u00f3w losowych. Nie jest prze\u0142adowany niepotrzebnymi funkcjami - nacisk k\u0142adziony jest wy\u0142\u0105cznie na interakcj\u0119 twarz\u0105 w twarz z osob\u0105 p\u0142ci przeciwnej.<\/p>\n<h3>Co ludzie kochaj\u0105<\/h3>\n<ul>\n<li>Szybki i \u0142atwy dost\u0119p<\/li>\n<li>Gwarancja zgodno\u015bci p\u0142ci<\/li>\n<li>Bezp\u0142atnie dla kobiet<\/li>\n<li>Prawdziwi u\u017cytkownicy - znacznie mniej bot\u00f3w i trolli<\/li>\n<li>Projekt przyjazny flirtowi, ale nie tylko dla doros\u0142ych<\/li>\n<li>Dopracowany interfejs u\u017cytkownika z doskona\u0142\u0105 kompatybilno\u015bci\u0105 z urz\u0105dzeniami mobilnymi<\/li>\n<\/ul>\n<h3>Co mog\u0142oby by\u0107 lepsze<\/h3>\n<ul>\n<li>M\u0119\u017cczy\u017ani musz\u0105 zap\u0142aci\u0107 po kr\u00f3tkim bezp\u0142atnym okresie pr\u00f3bnym<\/li>\n<li>Brak opcji czatu dla os\u00f3b tej samej p\u0142ci<\/li>\n<li>Brak zainteresowania lub dopasowania do tematu<\/li>\n<li>Ograniczone narz\u0119dzia bezpiecze\u0144stwa\/raportowania w trakcie sesji<\/li>\n<\/ul>\n<h2>Rzeczywiste opinie u\u017cytkownik\u00f3w<\/h2>\n<blockquote><p>\"O wiele lepsze ni\u017c Omegle. Przynajmniej wiem, \u017ce zawsze jestem dopasowany do prawdziwej kobiety. To jest warte kredyt\u00f3w, je\u015bli jeste\u015b powa\u017cny.\"<br \/>\n- <em>Eric S., Google Play<\/em><\/p><\/blockquote>\n<blockquote><p>\"Odby\u0142em kilka \u015bwietnych rozm\u00f3w - fajnie, \u017ce mecze s\u0105 zawsze damsko-m\u0119skie. Czuje si\u0119 mniej przypadkowo w dobry spos\u00f3b\".<br \/>\n- <em>Laura G., Sitejabber<\/em><\/p><\/blockquote>\n<blockquote><p>\"Potrzebuj\u0105 wi\u0119cej funkcji, takich jak zapisywanie znajomych, ale dzia\u0142a naprawd\u0119 dobrze do szybkich, zabawnych czat\u00f3w\".<br \/>\n- <em>Dan V., Reddit<\/em><\/p><\/blockquote>\n<h2>LuckyCrush a inne platformy czat\u00f3w wideo<\/h2>\n<p>Oto jak LuckyCrush wypada na tle innych du\u017cych firm w bran\u017cy:<\/p>\n<table>\n<thead>\n<tr>\n<th>Cecha<\/th>\n<th>LuckyCrush<\/th>\n<th>Omegle<\/th>\n<th>ChatHub<\/th>\n<th>Emerald Chat<\/th>\n<th>Thundr<\/th>\n<\/tr>\n<\/thead>\n<tbody>\n<tr>\n<td>Parowanie p\u0142ci<\/td>\n<td>Gwarantowane<\/td>\n<td>Losowy<\/td>\n<td>Premium<\/td>\n<td>Oparte na karmie<\/td>\n<td>Premium<\/td>\n<\/tr>\n<tr>\n<td>Czat wideo<\/td>\n<td>Tak<\/td>\n<td>Tak<\/td>\n<td>Tak<\/td>\n<td>Tak<\/td>\n<td>Tak<\/td>\n<\/tr>\n<tr>\n<td>Bezp\u0142atnie dla kobiet<\/td>\n<td>Tak<\/td>\n<td>Tak<\/td>\n<td>Tak<\/td>\n<td>Tak<\/td>\n<td>Tak<\/td>\n<\/tr>\n<tr>\n<td>Anonimowe u\u017cycie<\/td>\n<td>Tak<\/td>\n<td>Tak<\/td>\n<td>Tak<\/td>\n<td>Opcjonalnie<\/td>\n<td>Tak<\/td>\n<\/tr>\n<tr>\n<td>Zoptymalizowany pod k\u0105tem urz\u0105dze\u0144 mobilnych<\/td>\n<td>Doskona\u0142y<\/td>\n<td>\u26a0\ufe0f Mieszane<\/td>\n<td>Dobry<\/td>\n<td>Dobry<\/td>\n<td>Doskona\u0142y<\/td>\n<\/tr>\n<tr>\n<td>Dopasowanie odsetek<\/td>\n<td>Nie<\/td>\n<td>Tak<\/td>\n<td>Nie<\/td>\n<td>Tak<\/td>\n<td>Nie<\/td>\n<\/tr>\n<tr>\n<td>System kredytowy (p\u0142atne u\u017cytkowanie)<\/td>\n<td>Dla m\u0119\u017cczyzn<\/td>\n<td>Nie<\/td>\n<td>Nie<\/td>\n<td>Nie<\/td>\n<td>Nie<\/td>\n<\/tr>\n<tr>\n<td>Interfejs u\u017cytkownika dla doros\u0142ych<\/td>\n<td>Tak<\/td>\n<td>\u26a0\ufe0f Nie jest bezpieczny<\/td>\n<td>Tak<\/td>\n<td>Tak<\/td>\n<td>Tak<\/td>\n<\/tr>\n<\/tbody>\n<\/table>\n<p>Podsumowanie: LuckyCrush wygrywa pod wzgl\u0119dem wy\u0142\u0105czno\u015bci na p\u0142e\u0107 przeciwn\u0105, jako\u015bci u\u017cytkownik\u00f3w i do\u015bwiadczenia skoncentrowanego na flircie. Nie jest to najbardziej konfigurowalna platforma, ale jest jedn\u0105 z najbardziej przeznaczonych do prostego, anonimowego flirtu opartego na wideo.<\/p>\n<h2>Czy LuckyCrush jest bezpieczny?<\/h2>\n<p>LuckyCrush oferuje wi\u0119ksze bezpiecze\u0144stwo ni\u017c wi\u0119kszo\u015b\u0107 losowych witryn do czat\u00f3w wideo - ale nadal jest to \u015brodowisko regulowane przez u\u017cytkownik\u00f3w, wi\u0119c dyskrecja jest niezb\u0119dna.<\/p>\n<h3>Pozytywne aspekty bezpiecze\u0144stwa<\/h3>\n<ul>\n<li>Rozmowy jeden na jeden ograniczaj\u0105 trolling<\/li>\n<li>Wy\u0142\u0105czno\u015b\u0107 p\u0142ci zapewnia lepsz\u0105 r\u00f3wnowag\u0119 behawioraln\u0105<\/li>\n<li>Brak pomieszcze\u0144 og\u00f3lnodost\u0119pnych<\/li>\n<li>Brak sta\u0142ego przechowywania danych<\/li>\n<li>Po\u0142\u0105czenia szyfrowane<\/li>\n<\/ul>\n<h3>Ograniczenia<\/h3>\n<ul>\n<li>Brak moderacji w czasie rzeczywistym na ka\u017cdym czacie<\/li>\n<li>Brak widocznego przycisku raportowania podczas po\u0142\u0105cze\u0144<\/li>\n<li>Brak weryfikacji wieku poza systemem honorowania u\u017cytkownik\u00f3w<\/li>\n<\/ul>\n<h2>Wskaz\u00f3wki dotycz\u0105ce skutecznego korzystania z LuckyCrush<\/h2>\n<ul>\n<li>U\u017cywaj s\u0142uchawek dla lepszego d\u017awi\u0119ku i prywatno\u015bci<\/li>\n<li>Pomi\u0144 szybko, je\u015bli rozmowa nie jest w twoim klimacie<\/li>\n<li>Unikaj udost\u0119pniania danych osobowych (portale spo\u0142eczno\u015bciowe, e-mail itp.).<\/li>\n<li>Trzymaj aparat na wysoko\u015bci oczu w dobrym o\u015bwietleniu<\/li>\n<li>Kobiety: Wypr\u00f3buj r\u00f3\u017cne pory dnia na mecze mi\u0119dzynarodowe<\/li>\n<li>M\u0119\u017cczy\u017ani: Skorzystaj z darmowych kredyt\u00f3w, aby przetestowa\u0107 przed zakupem<\/li>\n<\/ul>\n<h2>Rozwi\u0105zywanie typowych problem\u00f3w<\/h2>\n<h3>Brak dost\u0119pu do kamery<\/h3>\n<p>Upewnij si\u0119, \u017ce przegl\u0105darka ma uprawnienia do korzystania z kamery\/mikrofonu. Zamknij inne aplikacje, kt\u00f3re mog\u0105 korzysta\u0107 z kamery.<\/p>\n<h3>Op\u00f3\u017anienia lub niska jako\u015b\u0107 wideo<\/h3>\n<p>Prze\u0142\u0105cz si\u0119 na stabilne po\u0142\u0105czenie Wi-Fi. Zamknij karty w tle lub zmie\u0144 przegl\u0105dark\u0119.<\/p>\n<h3>Nie znaleziono dopasowania<\/h3>\n<p>Spr\u00f3buj w godzinach szczytu (wieczory\/weekendy). Popyt mo\u017ce by\u0107 regionalny; prze\u0142\u0105czenie na globalny mo\u017ce pom\u00f3c.<\/p>\n<h3>Kredyty si\u0119 sko\u0144czy\u0142y<\/h3>\n<p>Zarejestruj si\u0119, aby zdoby\u0107 darmowe kredyty lub kup pakiet, aby kontynuowa\u0107 czatowanie.<\/p>\n<p>LuckyCrush nie stara si\u0119 by\u0107 serwisem randkowym ani centrum przyja\u017ani. Jest tutaj, aby zapewni\u0107 ci prywatne rozmowy wideo jeden na jednego, kt\u00f3re s\u0105 spontaniczne, bezpieczne i domy\u015blnie mi\u0119dzy p\u0142ciami.<\/p>\n<p>Dzi\u0119ki milionom u\u017cytkownik\u00f3w, p\u0142ynnemu interfejsowi i algorytmowi kojarzenia p\u0142ci, kt\u00f3ry zapewnia to, czego naprawd\u0119 chce wi\u0119kszo\u015b\u0107 losowych u\u017cytkownik\u00f3w czatu, LuckyCrush zaspokaja wyra\u017ane i rosn\u0105ce zapotrzebowanie.<\/p>\n<p>Nie jest to miejsce na d\u0142ugie biografie lub dog\u0142\u0119bne dopasowywanie - chodzi o po\u0142\u0105czenie na \u017cywo w danym momencie.<\/p>\n<p>Je\u015bli wi\u0119c szukasz kolejnego kroku poza Omegle lub Chatroulette i masz do\u015b\u0107 spamu, bot\u00f3w lub nie wiesz, z kim b\u0119dziesz pasowa\u0107, daj LuckyCrush szans\u0119.<\/p>\n<p>Odwied\u017a luckycrush.live i zacznij czatowa\u0107 natychmiast - bez rejestracji, bez oceniania, tylko prawdziwi ludzie, prawdziwe przyci\u0105ganie, prawdziwy czas.<\/p>","protected":false},"excerpt":{"rendered":"<p>Random one-on-one video chat exclusively between men and women, matched instantly for flirty, fun, and possibly romantic conversations. Unlike traditional random chat platforms that connect users regardless of gender, LuckyCrush flips the formula \u2014 if you\u2019re a man, you\u2019ll always be connected to a woman, and vice versa. That deliberate design makes LuckyCrush one of [&hellip;]<\/p>\n","protected":false},"author":6,"featured_media":0,"parent":0,"menu_order":0,"comment_status":"closed","ping_status":"closed","template":"","meta":{"footnotes":""},"class_list":["post-11954","page","type-page","status-publish","hentry"],"yoast_head":"<!-- This site is optimized with the Yoast SEO plugin v27.4 - https:\/\/yoast.com\/product\/yoast-seo-wordpress\/ -->\n<title>LuckyCrush - Online Video Chat Website with Girls - TinyChat.com<\/title>\n<meta name=\"description\" content=\"Enjoying LuckyCrush? Join over 50,000,000 strangers on TinyChat! Turn on your cam and start meeting new people, or find a match.\" \/>\n<meta name=\"robots\" content=\"index, follow, max-snippet:-1, max-image-preview:large, max-video-preview:-1\" \/>\n<link rel=\"canonical\" href=\"https:\/\/tinychat.com\/pl\/luckycrush\/\" \/>\n<meta property=\"og:locale\" content=\"pl_PL\" \/>\n<meta property=\"og:type\" content=\"article\" \/>\n<meta property=\"og:title\" content=\"LuckyCrush - Online Video Chat Website with Girls - TinyChat.com\" \/>\n<meta property=\"og:description\" content=\"Enjoying LuckyCrush? Join over 50,000,000 strangers on TinyChat! Turn on your cam and start meeting new people, or find a match.\" \/>\n<meta property=\"og:url\" content=\"https:\/\/tinychat.com\/pl\/luckycrush\/\" \/>\n<meta property=\"og:site_name\" content=\"TinyChat\" \/>\n<meta property=\"article:publisher\" content=\"https:\/\/www.facebook.com\/tinychat\" \/>\n<meta property=\"article:modified_time\" content=\"2025-06-12T08:28:41+00:00\" \/>\n<meta property=\"og:image\" content=\"https:\/\/tinychat.com\/wp-content\/uploads\/2020\/04\/Tinychat-logo-1280x284-new-black.png\" \/>\n\t<meta property=\"og:image:width\" content=\"1280\" \/>\n\t<meta property=\"og:image:height\" content=\"284\" \/>\n\t<meta property=\"og:image:type\" content=\"image\/png\" \/>\n<meta name=\"twitter:card\" content=\"summary_large_image\" \/>\n<meta name=\"twitter:site\" content=\"@tinychat\" \/>\n<meta name=\"twitter:label1\" content=\"Szacowany czas czytania\" \/>\n\t<meta name=\"twitter:data1\" content=\"6 minut\" \/>\n<script type=\"application\/ld+json\" class=\"yoast-schema-graph\">{\"@context\":\"https:\\\/\\\/schema.org\",\"@graph\":[{\"@type\":\"WebPage\",\"@id\":\"https:\\\/\\\/tinychat.com\\\/luckycrush\\\/\",\"url\":\"https:\\\/\\\/tinychat.com\\\/luckycrush\\\/\",\"name\":\"LuckyCrush - Online Video Chat Website with Girls - TinyChat.com\",\"isPartOf\":{\"@id\":\"https:\\\/\\\/tinychat.com\\\/#website\"},\"datePublished\":\"2024-10-24T10:21:22+00:00\",\"dateModified\":\"2025-06-12T08:28:41+00:00\",\"description\":\"Enjoying LuckyCrush? Join over 50,000,000 strangers on TinyChat! Turn on your cam and start meeting new people, or find a match.\",\"breadcrumb\":{\"@id\":\"https:\\\/\\\/tinychat.com\\\/luckycrush\\\/#breadcrumb\"},\"inLanguage\":\"pl-PL\",\"potentialAction\":[{\"@type\":\"ReadAction\",\"target\":[\"https:\\\/\\\/tinychat.com\\\/luckycrush\\\/\"]}]},{\"@type\":\"BreadcrumbList\",\"@id\":\"https:\\\/\\\/tinychat.com\\\/luckycrush\\\/#breadcrumb\",\"itemListElement\":[{\"@type\":\"ListItem\",\"position\":1,\"name\":\"Home\",\"item\":\"https:\\\/\\\/tinychat.com\\\/\"},{\"@type\":\"ListItem\",\"position\":2,\"name\":\"LuckyCrush\"}]},{\"@type\":\"WebSite\",\"@id\":\"https:\\\/\\\/tinychat.com\\\/#website\",\"url\":\"https:\\\/\\\/tinychat.com\\\/\",\"name\":\"TinyChat\",\"description\":\"Random Video Chat with Strangers\",\"publisher\":{\"@id\":\"https:\\\/\\\/tinychat.com\\\/#organization\"},\"alternateName\":\"TinyChat.com\",\"potentialAction\":[{\"@type\":\"SearchAction\",\"target\":{\"@type\":\"EntryPoint\",\"urlTemplate\":\"https:\\\/\\\/tinychat.com\\\/?s={search_term_string}\"},\"query-input\":{\"@type\":\"PropertyValueSpecification\",\"valueRequired\":true,\"valueName\":\"search_term_string\"}}],\"inLanguage\":\"pl-PL\"},{\"@type\":\"Organization\",\"@id\":\"https:\\\/\\\/tinychat.com\\\/#organization\",\"name\":\"TinyChat\",\"alternateName\":\"TinyChat.com\",\"url\":\"https:\\\/\\\/tinychat.com\\\/\",\"logo\":{\"@type\":\"ImageObject\",\"inLanguage\":\"pl-PL\",\"@id\":\"https:\\\/\\\/tinychat.com\\\/#\\\/schema\\\/logo\\\/image\\\/\",\"url\":\"https:\\\/\\\/tinychat.com\\\/wp-content\\\/uploads\\\/2023\\\/11\\\/Tinychat-icon-square.png\",\"contentUrl\":\"https:\\\/\\\/tinychat.com\\\/wp-content\\\/uploads\\\/2023\\\/11\\\/Tinychat-icon-square.png\",\"width\":284,\"height\":284,\"caption\":\"TinyChat\"},\"image\":{\"@id\":\"https:\\\/\\\/tinychat.com\\\/#\\\/schema\\\/logo\\\/image\\\/\"},\"sameAs\":[\"https:\\\/\\\/www.facebook.com\\\/tinychat\",\"https:\\\/\\\/x.com\\\/tinychat\"]}]}<\/script>\n<!-- \/ Yoast SEO plugin. -->","yoast_head_json":{"title":"LuckyCrush - Strona czatu wideo online z dziewczynami - TinyChat.com","description":"Korzystasz z LuckyCrush? Do\u0142\u0105cz do ponad 50 000 000 nieznajomych na TinyChat! W\u0142\u0105cz kamer\u0119 i zacznij poznawa\u0107 nowych ludzi lub znajd\u017a partnera.","robots":{"index":"index","follow":"follow","max-snippet":"max-snippet:-1","max-image-preview":"max-image-preview:large","max-video-preview":"max-video-preview:-1"},"canonical":"https:\/\/tinychat.com\/pl\/luckycrush\/","og_locale":"pl_PL","og_type":"article","og_title":"LuckyCrush - Online Video Chat Website with Girls - TinyChat.com","og_description":"Enjoying LuckyCrush? Join over 50,000,000 strangers on TinyChat! Turn on your cam and start meeting new people, or find a match.","og_url":"https:\/\/tinychat.com\/pl\/luckycrush\/","og_site_name":"TinyChat","article_publisher":"https:\/\/www.facebook.com\/tinychat","article_modified_time":"2025-06-12T08:28:41+00:00","og_image":[{"width":1280,"height":284,"url":"https:\/\/tinychat.com\/wp-content\/uploads\/2020\/04\/Tinychat-logo-1280x284-new-black.png","type":"image\/png"}],"twitter_card":"summary_large_image","twitter_site":"@tinychat","twitter_misc":{"Szacowany czas czytania":"6 minut"},"schema":{"@context":"https:\/\/schema.org","@graph":[{"@type":"WebPage","@id":"https:\/\/tinychat.com\/luckycrush\/","url":"https:\/\/tinychat.com\/luckycrush\/","name":"LuckyCrush - Strona czatu wideo online z dziewczynami - TinyChat.com","isPartOf":{"@id":"https:\/\/tinychat.com\/#website"},"datePublished":"2024-10-24T10:21:22+00:00","dateModified":"2025-06-12T08:28:41+00:00","description":"Korzystasz z LuckyCrush? Do\u0142\u0105cz do ponad 50 000 000 nieznajomych na TinyChat! W\u0142\u0105cz kamer\u0119 i zacznij poznawa\u0107 nowych ludzi lub znajd\u017a partnera.","breadcrumb":{"@id":"https:\/\/tinychat.com\/luckycrush\/#breadcrumb"},"inLanguage":"pl-PL","potentialAction":[{"@type":"ReadAction","target":["https:\/\/tinychat.com\/luckycrush\/"]}]},{"@type":"BreadcrumbList","@id":"https:\/\/tinychat.com\/luckycrush\/#breadcrumb","itemListElement":[{"@type":"ListItem","position":1,"name":"Home","item":"https:\/\/tinychat.com\/"},{"@type":"ListItem","position":2,"name":"LuckyCrush"}]},{"@type":"WebSite","@id":"https:\/\/tinychat.com\/#website","url":"https:\/\/tinychat.com\/","name":"TinyChat","description":"Losowy czat wideo z nieznajomymi","publisher":{"@id":"https:\/\/tinychat.com\/#organization"},"alternateName":"TinyChat.com","potentialAction":[{"@type":"SearchAction","target":{"@type":"EntryPoint","urlTemplate":"https:\/\/tinychat.com\/?s={search_term_string}"},"query-input":{"@type":"PropertyValueSpecification","valueRequired":true,"valueName":"search_term_string"}}],"inLanguage":"pl-PL"},{"@type":"Organization","@id":"https:\/\/tinychat.com\/#organization","name":"TinyChat","alternateName":"TinyChat.com","url":"https:\/\/tinychat.com\/","logo":{"@type":"ImageObject","inLanguage":"pl-PL","@id":"https:\/\/tinychat.com\/#\/schema\/logo\/image\/","url":"https:\/\/tinychat.com\/wp-content\/uploads\/2023\/11\/Tinychat-icon-square.png","contentUrl":"https:\/\/tinychat.com\/wp-content\/uploads\/2023\/11\/Tinychat-icon-square.png","width":284,"height":284,"caption":"TinyChat"},"image":{"@id":"https:\/\/tinychat.com\/#\/schema\/logo\/image\/"},"sameAs":["https:\/\/www.facebook.com\/tinychat","https:\/\/x.com\/tinychat"]}]}},"_links":{"self":[{"href":"https:\/\/tinychat.com\/pl\/wp-json\/wp\/v2\/pages\/11954","targetHints":{"allow":["GET"]}}],"collection":[{"href":"https:\/\/tinychat.com\/pl\/wp-json\/wp\/v2\/pages"}],"about":[{"href":"https:\/\/tinychat.com\/pl\/wp-json\/wp\/v2\/types\/page"}],"author":[{"embeddable":true,"href":"https:\/\/tinychat.com\/pl\/wp-json\/wp\/v2\/users\/6"}],"replies":[{"embeddable":true,"href":"https:\/\/tinychat.com\/pl\/wp-json\/wp\/v2\/comments?post=11954"}],"version-history":[{"count":3,"href":"https:\/\/tinychat.com\/pl\/wp-json\/wp\/v2\/pages\/11954\/revisions"}],"predecessor-version":[{"id":13218,"href":"https:\/\/tinychat.com\/pl\/wp-json\/wp\/v2\/pages\/11954\/revisions\/13218"}],"wp:attachment":[{"href":"https:\/\/tinychat.com\/pl\/wp-json\/wp\/v2\/media?parent=11954"}],"curies":[{"name":"wp","href":"https:\/\/api.w.org\/{rel}","templated":true}]}}