{"id":12021,"date":"2025-08-07T10:51:13","date_gmt":"2025-08-07T08:51:13","guid":{"rendered":"https:\/\/tinychat.com\/?page_id=12021"},"modified":"2025-08-07T10:56:26","modified_gmt":"2025-08-07T08:56:26","slug":"omegle-alternative","status":"publish","type":"page","link":"https:\/\/tinychat.com\/pl\/omegle-alternative\/","title":{"rendered":"Omegle Alternatywa"},"content":{"rendered":"<p>Przez lata Omegle by\u0142 platform\u0105 dla ka\u017cdego, kto chcia\u0142 natychmiast po\u0142\u0105czy\u0107 si\u0119 z nieznajomymi za po\u015brednictwem tekstu lub wideo. Jej prostota i spontaniczno\u015b\u0107 zmieni\u0142y spos\u00f3b, w jaki miliony ludzi nawi\u0105zywa\u0142y nowe znajomo\u015bci online. Jednak wraz z ewolucj\u0105 \u015bwiata losowych czat\u00f3w wideo, zmieni\u0142y si\u0119 r\u00f3wnie\u017c oczekiwania u\u017cytkownik\u00f3w - a teraz wiele os\u00f3b szuka bezpieczniejszej i bardziej anga\u017cuj\u0105cej alternatywy dla Omegle.<\/p>\n<p>Niezale\u017cnie od tego, czy jeste\u015b zm\u0119czony botami, szukasz wi\u0119cej funkcji, czy po prostu chcesz platformy, kt\u00f3ra bardziej przypomina spo\u0142eczno\u015b\u0107, obecnie dost\u0119pne s\u0105 dziesi\u0105tki alternatyw dla Omegle. W\u015br\u00f3d nich TinyChat wyr\u00f3\u017cnia si\u0119 jako jedna z najlepszych - oferuj\u0105c bogatsz\u0105, bardziej interaktywn\u0105 i bezpieczniejsz\u0105 przestrze\u0144 do prawdziwych rozm\u00f3w. Oto dlaczego.<\/p>\n<h2>Dlaczego warto szuka\u0107 alternatywy dla Omegle?<\/h2>\n<p>Omegle otworzy\u0142 nowe mo\u017cliwo\u015bci, ale nie jest pozbawiony wad. Oto dlaczego tak wielu u\u017cytkownik\u00f3w poluje teraz na najlepsz\u0105 alternatyw\u0119 Omegle:<\/p>\n<ul>\n<li>Brak moderacji: Omegle sta\u0142 si\u0119 nies\u0142awny z powodu bot\u00f3w, spamu i nieodpowiednich tre\u015bci.<\/li>\n<li>Brak prawdziwej spo\u0142eczno\u015bci: Wi\u0119kszo\u015b\u0107 rozm\u00f3w jest przelotna, z niewielk\u0105 szans\u0105 na nawi\u0105zanie kontaktu poza chwil\u0105 obecn\u0105.<\/li>\n<li>Ograniczone funkcje: Brak czat\u00f3w grupowych, s\u0142aba obs\u0142uga urz\u0105dze\u0144 mobilnych i bardzo niewiele opcji dostosowywania.<\/li>\n<li>Kwestie bezpiecze\u0144stwa: Bez solidnych narz\u0119dzi kontroli i raportowania wielu u\u017cytkownik\u00f3w (zw\u0142aszcza kobiet i os\u00f3b m\u0142odszych) nie czuje si\u0119 bezpiecznie.<\/li>\n<li>Brak czat\u00f3w tematycznych: Trudno jest znale\u017a\u0107 ludzi, kt\u00f3rzy podzielaj\u0105 twoje zainteresowania lub chc\u0105 porozmawia\u0107 o czym\u015b konkretnym.<\/li>\n<\/ul>\n<p>W\u0142a\u015bnie dlatego platformy takie jak TinyChat zyska\u0142y na popularno\u015bci, zapewniaj\u0105c wszystko, czego brakuje Omegle - i wiele wi\u0119cej.<\/p>\n<h2>Co sprawia, \u017ce Omegle jest \u015bwietn\u0105 alternatyw\u0105?<\/h2>\n<p>Nie wszystkie losowe platformy czat\u00f3w wideo s\u0105 sobie r\u00f3wne. Najlepsze alternatywy Omegle oferuj\u0105:<\/p>\n<ul>\n<li>Silniejsze narz\u0119dzia moderacji i raportowania<\/li>\n<li>Wiele format\u00f3w czatu: tekstowy, g\u0142osowy i wideo, zar\u00f3wno prywatny, jak i grupowy<\/li>\n<li>Pokoje i spo\u0142eczno\u015bci tematyczne<\/li>\n<li>Aplikacje mobilne i obs\u0142uga wielu platform<\/li>\n<li>Personalizacja i kontrola u\u017cytkownika<\/li>\n<li>Przyjazna, aktywna baza u\u017cytkownik\u00f3w<\/li>\n<\/ul>\n<p>TinyChat spe\u0142nia wszystkie te wymagania i wykracza poza nie.<\/p>\n<h2>TinyChat: Najlepsza alternatywa Omegle dla prawdziwych rozm\u00f3w<\/h2>\n<p>TinyChat od lat jest podstaw\u0105 czatu online, ale ostatnio zmieni\u0142 si\u0119 w wiod\u0105c\u0105 alternatyw\u0119 Omegle - \u0142\u0105cz\u0105c spontaniczno\u015b\u0107 losowego czatu z g\u0142\u0119bi\u0105 i bezpiecze\u0144stwem prawdziwej spo\u0142eczno\u015bci online.<\/p>\n<h3>Czym wyr\u00f3\u017cnia si\u0119 TinyChat?<\/h3>\n<h4>1. Grupowe i prywatne pokoje rozm\u00f3w wideo<\/h4>\n<p>W przeciwie\u0144stwie do losowego parowania jeden na jednego w Omegle, TinyChat umo\u017cliwia do\u0142\u0105czanie do publicznych lub prywatnych czat\u00f3w wideo opartych na tematach, zainteresowaniach, a nawet geografii. Chcesz porozmawia\u0107 o muzyce, grach, randkach, zdrowiu psychicznym lub po prostu odpocz\u0105\u0107 z nowymi przyjaci\u00f3\u0142mi? Jest na to odpowiedni pok\u00f3j.<\/p>\n<h4>2. Bezpieczniejsze, moderowane do\u015bwiadczenie<\/h4>\n<p>TinyChat korzysta z aktywnej moderacji i narz\u0119dzi raportowania u\u017cytkownik\u00f3w, aby zapewni\u0107 przyjazn\u0105 i bezpieczn\u0105 atmosfer\u0119. Prawdopodobie\u0144stwo natkni\u0119cia si\u0119 na boty, trolle lub tre\u015bci o charakterze wulgarnym jest znacznie mniejsze ni\u017c w przypadku Omegle.<\/p>\n<h4>3. Tekst, g\u0142os i wideo - Tw\u00f3j wyb\u00f3r<\/h4>\n<p>Niezale\u017cnie od tego, czy jeste\u015b gotowy do pracy z kamer\u0105, czy po prostu chcesz rozmawia\u0107 przez tekst lub d\u017awi\u0119k, TinyChat oferuje wszystkie trzy opcje. Mo\u017cesz kontrolowa\u0107 spos\u00f3b \u0142\u0105czenia si\u0119 i do\u0142\u0105cza\u0107 do pokoj\u00f3w w preferowanym formacie.<\/p>\n<h4>4. Do rozpocz\u0119cia nie jest wymagana rejestracja<\/h4>\n<p>Mo\u017cesz od razu przej\u015b\u0107 do pokoju czatu jako go\u015b\u0107 lub zarejestrowa\u0107 si\u0119, aby uzyska\u0107 wi\u0119cej funkcji i mo\u017cliwo\u015b\u0107 tworzenia w\u0142asnych pokoi.<\/p>\n<h4>5. Klimat spo\u0142eczno\u015bci<\/h4>\n<p>TinyChat to nie tylko miejsce do przelotnych pogaw\u0119dek. Wielu u\u017cytkownik\u00f3w nawi\u0105zuje prawdziwe przyja\u017anie, tworzy grupy zainteresowa\u0144, a nawet organizuje wydarzenia. To \u017cywa, oddychaj\u0105ca spo\u0142eczno\u015b\u0107 - co\u015b, czego Omegle po prostu nie mo\u017ce zaoferowa\u0107.<\/p>\n<h4>6. Obs\u0142uga wielu platform<\/h4>\n<p>Aplikacja TinyChat jest dost\u0119pna w Internecie, na iOS i Androida - dzi\u0119ki czemu mo\u017cna \u0142\u0105czy\u0107 si\u0119 w podr\u00f3\u017cy, z dowolnego urz\u0105dzenia.<\/p>\n<h2>Jak TinyChat wypada na tle innych alternatyw Omegle?<\/h2>\n<table>\n<thead>\n<tr>\n<th>Cecha<\/th>\n<th>TinyChat<\/th>\n<th>Omegle<\/th>\n<th>Chatroulette<\/th>\n<th>Chatspin<\/th>\n<th>Camsurf<\/th>\n<\/tr>\n<\/thead>\n<tbody>\n<tr>\n<td>Grupowe czaty wideo<\/td>\n<td>\u2705<\/td>\n<td>\u274c<\/td>\n<td>\u274c<\/td>\n<td>\u274c<\/td>\n<td>\u274c<\/td>\n<\/tr>\n<tr>\n<td>Tematyczne pokoje rozm\u00f3w<\/td>\n<td>\u2705<\/td>\n<td>\u274c<\/td>\n<td>\u274c<\/td>\n<td>\u2705<\/td>\n<td>\u274c<\/td>\n<\/tr>\n<tr>\n<td>Czat tekstowy, g\u0142osowy i wideo<\/td>\n<td>\u2705<\/td>\n<td>\u2705<\/td>\n<td>\u2705<\/td>\n<td>\u2705<\/td>\n<td>\u2705<\/td>\n<\/tr>\n<tr>\n<td>Silny umiar<\/td>\n<td>\u2705<\/td>\n<td>\u274c<\/td>\n<td>\u2705<\/td>\n<td>\u2705<\/td>\n<td>\u2705<\/td>\n<\/tr>\n<tr>\n<td>Aplikacje mobilne<\/td>\n<td>\u2705<\/td>\n<td>\u274c<\/td>\n<td>\u2705<\/td>\n<td>\u2705<\/td>\n<td>\u2705<\/td>\n<\/tr>\n<tr>\n<td>Spo\u0142eczno\u015b\u0107 i wydarzenia<\/td>\n<td>\u2705<\/td>\n<td>\u274c<\/td>\n<td>\u274c<\/td>\n<td>\u274c<\/td>\n<td>\u274c<\/td>\n<\/tr>\n<tr>\n<td>Rejestracja nie jest wymagana<\/td>\n<td>\u2705<\/td>\n<td>\u2705<\/td>\n<td>\u2705<\/td>\n<td>\u2705<\/td>\n<td>\u2705<\/td>\n<\/tr>\n<\/tbody>\n<\/table>\n<p>Jak wida\u0107, TinyChat oferuje bogatsze, bardziej konfigurowalne i bezpieczniejsze do\u015bwiadczenie ni\u017c wi\u0119kszo\u015b\u0107 innych alternatyw Omegle.<\/p>\n<h2>Dlaczego u\u017cytkownicy uwielbiaj\u0105 TinyChat jako alternatyw\u0119 dla Omegle?<\/h2>\n<ul>\n<li>Wi\u0119ksza kontrola nad tym, z kim rozmawiasz: Wybierz pok\u00f3j, do\u0142\u0105cz do grupy lub stw\u00f3rz w\u0142asn\u0105 - koniec z ruletk\u0105 \"nast\u0119pny\".<\/li>\n<li>Poznaj ludzi, kt\u00f3rzy podzielaj\u0105 Twoje zainteresowania: Od muzyki i gier po randki i zdrowie psychiczne - znajd\u017a sw\u00f3j t\u0142um.<\/li>\n<li>Pozosta\u0144 anonimowy lub stw\u00f3rz profil: Wyb\u00f3r nale\u017cy do Ciebie; prywatno\u015b\u0107 jest zawsze szanowana.<\/li>\n<li>Anga\u017cuj si\u0119 w swoim tempie: Najpierw obserwuj, czatuj przez tekst lub przejd\u017a od razu do wideo. TinyChat dostosowuje si\u0119 do Twojego poziomu komfortu.<\/li>\n<li>Aktywna, przyjazna spo\u0142eczno\u015b\u0107: TinyChat przyci\u0105ga ludzi, kt\u00f3rzy chc\u0105 rozmawia\u0107, a nie tylko czai\u0107 si\u0119 lub trollowa\u0107.<\/li>\n<\/ul>\n<h2>Wskaz\u00f3wki, jak najlepiej wykorzysta\u0107 TinyChat<\/h2>\n<ul>\n<li>Poznaj r\u00f3\u017cne pokoje: Wypr\u00f3buj pokoje publiczne, prywatne i tematyczne, a\u017c znajdziesz swoje ulubione przestrzenie.<\/li>\n<li>Nie wstyd\u017a si\u0119: Wielu u\u017cytkownik\u00f3w zaczyna jako obserwatorzy - wskocz, gdy poczujesz si\u0119 komfortowo.<\/li>\n<li>Szanuj innych: Traktuj wszystkich z \u017cyczliwo\u015bci\u0105 i zg\u0142aszaj wszelkie z\u0142e zachowania.<\/li>\n<li>U\u017cywaj wideo, gdy jeste\u015b gotowy: Czat wideo to \u015bwietny spos\u00f3b na budowanie prawdziwych relacji, ale zawsze jest opcjonalny.<\/li>\n<li>Spr\u00f3buj zorganizowa\u0107 w\u0142asny pok\u00f3j: Zbierz znajomych lub nieznajomych, aby porozmawia\u0107 na ulubione tematy.<\/li>\n<\/ul>\n<h2>Bezpiecze\u0144stwo na TinyChat i innych alternatywach Omegle<\/h2>\n<p>Wi\u0119kszo\u015b\u0107 ludzi korzysta z Internetu dla zabawy, nawi\u0105zywania kontakt\u00f3w i rozmowy - ale wa\u017cne jest, aby:<\/p>\n<ul>\n<li>Nigdy nie udost\u0119pniaj danych osobowych (imi\u0119 i nazwisko, adres, dane kontaktowe) nieznajomym.<\/li>\n<li>U\u017cywaj unikalnego pseudonimu lub trybu go\u015bcia, dop\u00f3ki nie poczujesz si\u0119 komfortowo.<\/li>\n<li>Opu\u015b\u0107 pomieszczenie lub czat, kt\u00f3ry sprawia, \u017ce czujesz si\u0119 nieswojo.<\/li>\n<li>Zg\u0142aszaj z\u0142e zachowanie - aktywni moderatorzy s\u0142u\u017c\u0105 pomoc\u0105.<\/li>\n<li>Dla nastolatk\u00f3w i m\u0142odszych u\u017cytkownik\u00f3w: trzymaj si\u0119 pomieszcze\u0144 dostosowanych do wieku i przeczytaj wszystkie wytyczne dotycz\u0105ce bezpiecze\u0144stwa.<\/li>\n<\/ul>\n<h2>Darmowe czy p\u0142atne: Czy trzeba wydawa\u0107 pieni\u0105dze?<\/h2>\n<p>G\u0142\u00f3wne funkcje TinyChat - do\u0142\u0105czanie do pokoj\u00f3w, czatowanie, wideo i audio - s\u0105 bezp\u0142atne. Istniej\u0105 p\u0142atne aktualizacje zapewniaj\u0105ce dodatkowe korzy\u015bci (takie jak wirtualne prezenty lub dostosowywanie profilu), ale nie s\u0105 one potrzebne, aby cieszy\u0107 si\u0119 podstawow\u0105 funkcjonalno\u015bci\u0105. Jest to prawdziwa darmowa alternatywa dla Omegle.<\/p>\n<h2>Kiedy wypr\u00f3bowa\u0107 alternatyw\u0119 Omegle, tak\u0105 jak TinyChat?<\/h2>\n<ul>\n<li>Gdy chcesz czego\u015b wi\u0119cej ni\u017c przypadkowej rozmowy jeden na jeden<\/li>\n<li>Je\u015bli cenisz sobie bezpiecze\u0144stwo, moderacj\u0119 i spo\u0142eczno\u015b\u0107<\/li>\n<li>W przypadku czat\u00f3w opartych na zainteresowaniach, wydarze\u0144 lub rozm\u00f3w grupowych<\/li>\n<li>Kiedy jeste\u015b znudzony, samotny lub ciekawy poznania nowych ludzi<\/li>\n<li>Do\u015bwiadczy\u0107 nowej atmosfery i bardziej pozytywnej spo\u0142eczno\u015bci online.<\/li>\n<\/ul>\n<p>Je\u015bli szukasz alternatywy dla Omegle, kt\u00f3ra jest bezpieczniejsza, bardziej zabawna i prawdziwie interaktywna, TinyChat jest najlepszym wyborem. Dzi\u0119ki t\u0119tni\u0105cym \u017cyciem pokojom rozm\u00f3w, aktywnej moderacji i elastycznym opcjom czatu, jest to idealne miejsce do poznawania nieznajomych, nawi\u0105zywania przyja\u017ani i odkrywania nowych spo\u0142eczno\u015bci - a wszystko to przy zachowaniu kontroli nad swoimi do\u015bwiadczeniami.<\/p>\n<p>Gotowy, aby podnie\u015b\u0107 poziom swojej gry na czacie online? Do\u0142\u0105cz do pokoju TinyChat ju\u017c dzi\u015b i odkryj najbardziej satysfakcjonuj\u0105cy spos\u00f3b nawi\u0105zywania kontakt\u00f3w z nowymi lud\u017ami online!<\/p>","protected":false},"excerpt":{"rendered":"<p>For years, Omegle was the go-to platform for anyone looking to connect instantly with strangers via text or video. Its simplicity and spontaneity changed the way millions of people made new friends online. But as the world of random video chat has evolved, so have user expectations\u2014and now, many people are searching for a safer, [&hellip;]<\/p>\n","protected":false},"author":8,"featured_media":0,"parent":0,"menu_order":0,"comment_status":"closed","ping_status":"closed","template":"","meta":{"footnotes":""},"class_list":["post-12021","page","type-page","status-publish","hentry"],"yoast_head":"<!-- This site is optimized with the Yoast SEO plugin v27.5 - https:\/\/yoast.com\/product\/yoast-seo-wordpress\/ -->\n<title>Omegle Alternative with Video Chat on TinyChat.com<\/title>\n<meta name=\"description\" content=\"Enjoying Omegle Alternative? Join over 50,000,000 strangers on TinyChat! Turn on your cam and start meeting new people, or find a match.\" \/>\n<meta name=\"robots\" content=\"index, follow, max-snippet:-1, max-image-preview:large, max-video-preview:-1\" \/>\n<link rel=\"canonical\" href=\"https:\/\/tinychat.com\/pl\/omegle-alternative\/\" \/>\n<meta property=\"og:locale\" content=\"pl_PL\" \/>\n<meta property=\"og:type\" content=\"article\" \/>\n<meta property=\"og:title\" content=\"Omegle Alternative with Video Chat on TinyChat.com\" \/>\n<meta property=\"og:description\" content=\"Enjoying Omegle Alternative? Join over 50,000,000 strangers on TinyChat! Turn on your cam and start meeting new people, or find a match.\" \/>\n<meta property=\"og:url\" content=\"https:\/\/tinychat.com\/pl\/omegle-alternative\/\" \/>\n<meta property=\"og:site_name\" content=\"TinyChat\" \/>\n<meta property=\"article:publisher\" content=\"https:\/\/www.facebook.com\/tinychat\" \/>\n<meta property=\"article:modified_time\" content=\"2025-08-07T08:56:26+00:00\" \/>\n<meta property=\"og:image\" content=\"https:\/\/tinychat.com\/wp-content\/uploads\/2020\/04\/Tinychat-logo-1280x284-new-black.png\" \/>\n\t<meta property=\"og:image:width\" content=\"1280\" \/>\n\t<meta property=\"og:image:height\" content=\"284\" \/>\n\t<meta property=\"og:image:type\" content=\"image\/png\" \/>\n<meta name=\"twitter:card\" content=\"summary_large_image\" \/>\n<meta name=\"twitter:site\" content=\"@tinychat\" \/>\n<meta name=\"twitter:label1\" content=\"Szacowany czas czytania\" \/>\n\t<meta name=\"twitter:data1\" content=\"5 minut\" \/>\n<script type=\"application\/ld+json\" class=\"yoast-schema-graph\">{\"@context\":\"https:\\\/\\\/schema.org\",\"@graph\":[{\"@type\":\"WebPage\",\"@id\":\"https:\\\/\\\/tinychat.com\\\/omegle-alternative\\\/\",\"url\":\"https:\\\/\\\/tinychat.com\\\/omegle-alternative\\\/\",\"name\":\"Omegle Alternative with Video Chat on TinyChat.com\",\"isPartOf\":{\"@id\":\"https:\\\/\\\/tinychat.com\\\/#website\"},\"datePublished\":\"2025-08-07T08:51:13+00:00\",\"dateModified\":\"2025-08-07T08:56:26+00:00\",\"description\":\"Enjoying Omegle Alternative? Join over 50,000,000 strangers on TinyChat! Turn on your cam and start meeting new people, or find a match.\",\"breadcrumb\":{\"@id\":\"https:\\\/\\\/tinychat.com\\\/omegle-alternative\\\/#breadcrumb\"},\"inLanguage\":\"pl-PL\",\"potentialAction\":[{\"@type\":\"ReadAction\",\"target\":[\"https:\\\/\\\/tinychat.com\\\/omegle-alternative\\\/\"]}]},{\"@type\":\"BreadcrumbList\",\"@id\":\"https:\\\/\\\/tinychat.com\\\/omegle-alternative\\\/#breadcrumb\",\"itemListElement\":[{\"@type\":\"ListItem\",\"position\":1,\"name\":\"Home\",\"item\":\"https:\\\/\\\/tinychat.com\\\/\"},{\"@type\":\"ListItem\",\"position\":2,\"name\":\"Omegle Alternative\"}]},{\"@type\":\"WebSite\",\"@id\":\"https:\\\/\\\/tinychat.com\\\/#website\",\"url\":\"https:\\\/\\\/tinychat.com\\\/\",\"name\":\"TinyChat\",\"description\":\"Random Video Chat with Strangers\",\"publisher\":{\"@id\":\"https:\\\/\\\/tinychat.com\\\/#organization\"},\"alternateName\":\"TinyChat.com\",\"potentialAction\":[{\"@type\":\"SearchAction\",\"target\":{\"@type\":\"EntryPoint\",\"urlTemplate\":\"https:\\\/\\\/tinychat.com\\\/?s={search_term_string}\"},\"query-input\":{\"@type\":\"PropertyValueSpecification\",\"valueRequired\":true,\"valueName\":\"search_term_string\"}}],\"inLanguage\":\"pl-PL\"},{\"@type\":\"Organization\",\"@id\":\"https:\\\/\\\/tinychat.com\\\/#organization\",\"name\":\"TinyChat\",\"alternateName\":\"TinyChat.com\",\"url\":\"https:\\\/\\\/tinychat.com\\\/\",\"logo\":{\"@type\":\"ImageObject\",\"inLanguage\":\"pl-PL\",\"@id\":\"https:\\\/\\\/tinychat.com\\\/#\\\/schema\\\/logo\\\/image\\\/\",\"url\":\"https:\\\/\\\/tinychat.com\\\/wp-content\\\/uploads\\\/2023\\\/11\\\/Tinychat-icon-square.png\",\"contentUrl\":\"https:\\\/\\\/tinychat.com\\\/wp-content\\\/uploads\\\/2023\\\/11\\\/Tinychat-icon-square.png\",\"width\":284,\"height\":284,\"caption\":\"TinyChat\"},\"image\":{\"@id\":\"https:\\\/\\\/tinychat.com\\\/#\\\/schema\\\/logo\\\/image\\\/\"},\"sameAs\":[\"https:\\\/\\\/www.facebook.com\\\/tinychat\",\"https:\\\/\\\/x.com\\\/tinychat\"]}]}<\/script>\n<!-- \/ Yoast SEO plugin. -->","yoast_head_json":{"title":"Omegle Alternatywa z czatem wideo na TinyChat.com","description":"Korzystasz z alternatywy Omegle? Do\u0142\u0105cz do ponad 50 000 000 nieznajomych na TinyChat! W\u0142\u0105cz kamer\u0119 i zacznij poznawa\u0107 nowych ludzi lub znajd\u017a partnera.","robots":{"index":"index","follow":"follow","max-snippet":"max-snippet:-1","max-image-preview":"max-image-preview:large","max-video-preview":"max-video-preview:-1"},"canonical":"https:\/\/tinychat.com\/pl\/omegle-alternative\/","og_locale":"pl_PL","og_type":"article","og_title":"Omegle Alternative with Video Chat on TinyChat.com","og_description":"Enjoying Omegle Alternative? Join over 50,000,000 strangers on TinyChat! Turn on your cam and start meeting new people, or find a match.","og_url":"https:\/\/tinychat.com\/pl\/omegle-alternative\/","og_site_name":"TinyChat","article_publisher":"https:\/\/www.facebook.com\/tinychat","article_modified_time":"2025-08-07T08:56:26+00:00","og_image":[{"width":1280,"height":284,"url":"https:\/\/tinychat.com\/wp-content\/uploads\/2020\/04\/Tinychat-logo-1280x284-new-black.png","type":"image\/png"}],"twitter_card":"summary_large_image","twitter_site":"@tinychat","twitter_misc":{"Szacowany czas czytania":"5 minut"},"schema":{"@context":"https:\/\/schema.org","@graph":[{"@type":"WebPage","@id":"https:\/\/tinychat.com\/omegle-alternative\/","url":"https:\/\/tinychat.com\/omegle-alternative\/","name":"Omegle Alternatywa z czatem wideo na TinyChat.com","isPartOf":{"@id":"https:\/\/tinychat.com\/#website"},"datePublished":"2025-08-07T08:51:13+00:00","dateModified":"2025-08-07T08:56:26+00:00","description":"Korzystasz z alternatywy Omegle? Do\u0142\u0105cz do ponad 50 000 000 nieznajomych na TinyChat! W\u0142\u0105cz kamer\u0119 i zacznij poznawa\u0107 nowych ludzi lub znajd\u017a partnera.","breadcrumb":{"@id":"https:\/\/tinychat.com\/omegle-alternative\/#breadcrumb"},"inLanguage":"pl-PL","potentialAction":[{"@type":"ReadAction","target":["https:\/\/tinychat.com\/omegle-alternative\/"]}]},{"@type":"BreadcrumbList","@id":"https:\/\/tinychat.com\/omegle-alternative\/#breadcrumb","itemListElement":[{"@type":"ListItem","position":1,"name":"Home","item":"https:\/\/tinychat.com\/"},{"@type":"ListItem","position":2,"name":"Omegle Alternative"}]},{"@type":"WebSite","@id":"https:\/\/tinychat.com\/#website","url":"https:\/\/tinychat.com\/","name":"TinyChat","description":"Losowy czat wideo z nieznajomymi","publisher":{"@id":"https:\/\/tinychat.com\/#organization"},"alternateName":"TinyChat.com","potentialAction":[{"@type":"SearchAction","target":{"@type":"EntryPoint","urlTemplate":"https:\/\/tinychat.com\/?s={search_term_string}"},"query-input":{"@type":"PropertyValueSpecification","valueRequired":true,"valueName":"search_term_string"}}],"inLanguage":"pl-PL"},{"@type":"Organization","@id":"https:\/\/tinychat.com\/#organization","name":"TinyChat","alternateName":"TinyChat.com","url":"https:\/\/tinychat.com\/","logo":{"@type":"ImageObject","inLanguage":"pl-PL","@id":"https:\/\/tinychat.com\/#\/schema\/logo\/image\/","url":"https:\/\/tinychat.com\/wp-content\/uploads\/2023\/11\/Tinychat-icon-square.png","contentUrl":"https:\/\/tinychat.com\/wp-content\/uploads\/2023\/11\/Tinychat-icon-square.png","width":284,"height":284,"caption":"TinyChat"},"image":{"@id":"https:\/\/tinychat.com\/#\/schema\/logo\/image\/"},"sameAs":["https:\/\/www.facebook.com\/tinychat","https:\/\/x.com\/tinychat"]}]}},"_links":{"self":[{"href":"https:\/\/tinychat.com\/pl\/wp-json\/wp\/v2\/pages\/12021","targetHints":{"allow":["GET"]}}],"collection":[{"href":"https:\/\/tinychat.com\/pl\/wp-json\/wp\/v2\/pages"}],"about":[{"href":"https:\/\/tinychat.com\/pl\/wp-json\/wp\/v2\/types\/page"}],"author":[{"embeddable":true,"href":"https:\/\/tinychat.com\/pl\/wp-json\/wp\/v2\/users\/8"}],"replies":[{"embeddable":true,"href":"https:\/\/tinychat.com\/pl\/wp-json\/wp\/v2\/comments?post=12021"}],"version-history":[{"count":2,"href":"https:\/\/tinychat.com\/pl\/wp-json\/wp\/v2\/pages\/12021\/revisions"}],"predecessor-version":[{"id":13417,"href":"https:\/\/tinychat.com\/pl\/wp-json\/wp\/v2\/pages\/12021\/revisions\/13417"}],"wp:attachment":[{"href":"https:\/\/tinychat.com\/pl\/wp-json\/wp\/v2\/media?parent=12021"}],"curies":[{"name":"wp","href":"https:\/\/api.w.org\/{rel}","templated":true}]}}