{"id":12071,"date":"2025-08-11T08:47:15","date_gmt":"2025-08-11T06:47:15","guid":{"rendered":"https:\/\/tinychat.com\/?page_id=12071"},"modified":"2025-08-11T09:25:19","modified_gmt":"2025-08-11T07:25:19","slug":"callmechat","status":"publish","type":"page","link":"https:\/\/tinychat.com\/pl\/callmechat\/","title":{"rendered":"Callmechat"},"content":{"rendered":"<p>W dzisiejszym cyfrowym krajobrazie, w kt\u00f3rym kana\u0142y medi\u00f3w spo\u0142eczno\u015bciowych s\u0105 coraz bardziej wyselekcjonowane i przewidywalne, Callmechat oferuje od\u015bwie\u017caj\u0105c\u0105 alternatyw\u0119. Zamiast przegl\u0105da\u0107 dopracowane profile lub \u015bledzi\u0107 algorytmy tre\u015bci, Callmechat koncentruje si\u0119 na bezpo\u015brednich kontaktach mi\u0119dzyludzkich w czasie rzeczywistym - umo\u017cliwiaj\u0105c spotkanie twarz\u0105 w twarz z nieznajomymi z ca\u0142ego \u015bwiata w ci\u0105gu kilku sekund.<\/p>\n<p>Niezale\u017cnie od tego, czy szukasz swobodnej rozmowy, \u0107wiczysz j\u0119zyk obcy, odkrywasz nowe kultury, czy nawet masz nadziej\u0119 na romantyczn\u0105 iskr\u0119, Callmechat u\u0142atwia poznawanie ludzi online w niefiltrowany, autentyczny spos\u00f3b.<\/p>\n<p>Ten szczeg\u00f3\u0142owy przewodnik wyja\u015bnia, czym jest Callmechat, jego funkcje, narz\u0119dzia bezpiecze\u0144stwa, jak z niego korzysta\u0107 i jak wypada w por\u00f3wnaniu z innymi platformami do losowych czat\u00f3w wideo.<\/p>\n<h2>Co to jest Callmechat?<\/h2>\n<p>Callmechat to platforma do losowych czat\u00f3w wideo, kt\u00f3ra natychmiast \u0142\u0105czy u\u017cytkownik\u00f3w za po\u015brednictwem wideo na \u017cywo, audio i opcjonalnych wiadomo\u015bci tekstowych. Podobnie jak Omegle, Chatroulette lub ChatHub, zosta\u0142a stworzona z my\u015bl\u0105 o spontanicznych interakcjach - z t\u0105 r\u00f3\u017cnic\u0105, \u017ce wykorzystuje nowoczesn\u0105 technologi\u0119 przesy\u0142ania strumieniowego, bardziej przejrzysty interfejs i dodatkowe \u015brodki bezpiecze\u0144stwa, aby zapewni\u0107 lepsze og\u00f3lne wra\u017cenia.<\/p>\n<p>Do konwersacji mo\u017cna do\u0142\u0105czy\u0107 jednym klikni\u0119ciem lub dotkni\u0119ciem, bez konieczno\u015bci d\u0142ugiej rejestracji lub skomplikowanych ustawie\u0144. Ta prostota sprawi\u0142a, \u017ce Callmechat jest atrakcyjny dla szerokiego grona u\u017cytkownik\u00f3w - od tych, kt\u00f3rzy korzystaj\u0105 z niego po raz pierwszy, po sta\u0142ych bywalc\u00f3w, kt\u00f3rzy codziennie wskakuj\u0105, by zobaczy\u0107, kogo spotkaj\u0105.<\/p>\n<h2>Kluczowe cechy Callmechat<\/h2>\n<p>Callmechat zosta\u0142 zaprojektowany z my\u015bl\u0105 o r\u00f3wnowadze mi\u0119dzy zabaw\u0105, bezpiecze\u0144stwem i \u0142atwo\u015bci\u0105 u\u017cytkowania, co czyni go solidnym wyborem dla ka\u017cdego zainteresowanego losowymi rozmowami wideo.<\/p>\n<h3>1. Natychmiastowe losowe dopasowanie<\/h3>\n<ul>\n<li>Po\u0142\u0105cz si\u0119 w kilka sekund z nieznajomymi z dowolnego miejsca na \u015bwiecie.<\/li>\n<li>Bez kolejek, bez czekania - po prostu dotknij i zacznij czatowa\u0107.<\/li>\n<li>Je\u015bli atmosfera nie jest odpowiednia, natychmiast przejd\u017a do nast\u0119pnej osoby.<\/li>\n<\/ul>\n<h3>2. Filtry lokalizacji i p\u0142ci<\/h3>\n<ul>\n<li>Wybierz okre\u015blone regiony, aby skupi\u0107 si\u0119 na swoich meczach.<\/li>\n<li>Filtruj wed\u0142ug p\u0142ci, aby uzyska\u0107 bardziej spersonalizowane wra\u017cenia.<\/li>\n<li>Opcjonalnie - pozostaw filtry wy\u0142\u0105czone dla pe\u0142nej losowo\u015bci.<\/li>\n<\/ul>\n<h3>3. Zintegrowany czat tekstowy<\/h3>\n<ul>\n<li>Czat tekstowy obok strumienia wideo.<\/li>\n<li>Idealny do udost\u0119pniania szybkich notatek, t\u0142umacze\u0144 lub link\u00f3w.<\/li>\n<\/ul>\n<h3>4. Opcja znajomo\u015bci i ponownego po\u0142\u0105czenia<\/h3>\n<ul>\n<li>Dodaj osoby, z kt\u00f3rymi lubi\u0142e\u015b rozmawia\u0107, aby m\u00f3c ponownie nawi\u0105za\u0107 kontakt.<\/li>\n<li>Nie ma potrzeby polega\u0107 na przypadkowym spotkaniu.<\/li>\n<\/ul>\n<h3>5. Zabawne efekty wizualne<\/h3>\n<ul>\n<li>U\u017cyj masek, naklejek i filtr\u00f3w AR, aby prze\u0142ama\u0107 lody.<\/li>\n<li>Dodaj humor lub styl do swoich rozm\u00f3w.<\/li>\n<\/ul>\n<h3>6. Narz\u0119dzia bezpiecze\u0144stwa i prywatno\u015bci<\/h3>\n<ul>\n<li>Tryb podgl\u0105du rozmycia pozwala zobaczy\u0107 sylwetk\u0119 przed wy\u015bwietleniem pe\u0142nego wideo.<\/li>\n<li>Przyciski szybkiego raportowania i blokowania s\u0105 dost\u0119pne przez ca\u0142y czas.<\/li>\n<li>Aktywny zesp\u00f3\u0142 moderator\u00f3w do radzenia sobie z nieodpowiednim zachowaniem.<\/li>\n<\/ul>\n<h3>7. Dost\u0119pno\u015b\u0107 mi\u0119dzyplatformowa<\/h3>\n<ul>\n<li>Dzia\u0142a p\u0142ynnie na przegl\u0105darkach stacjonarnych i urz\u0105dzeniach mobilnych.<\/li>\n<li>Responsywny interfejs dla ka\u017cdego rozmiaru ekranu.<\/li>\n<\/ul>\n<h2>Jak u\u017cywa\u0107 Callmechat<\/h2>\n<p>Jedn\u0105 z mocnych stron Callmechat jest jego przyjazna dla pocz\u0105tkuj\u0105cych konfiguracja.<\/p>\n<h3>Krok 1: Dost\u0119p do platformy<\/h3>\n<ul>\n<li>Odwied\u017a oficjaln\u0105 stron\u0119 Callmechat na komputerze lub urz\u0105dzeniu mobilnym.<\/li>\n<li>Niekt\u00f3re regiony maj\u0105 r\u00f3wnie\u017c dost\u0119p do aplikacji za po\u015brednictwem sklep\u00f3w z aplikacjami.<\/li>\n<\/ul>\n<h3>Krok 2: Dostosowanie ustawie\u0144<\/h3>\n<ul>\n<li>Wybierz preferowan\u0105 lokalizacj\u0119 lub pozostaw j\u0105 globaln\u0105.<\/li>\n<li>W razie potrzeby wybierz filtr p\u0142ci.<\/li>\n<li>W\u0142\u0105cz podgl\u0105d rozmycia dla dodatkowego bezpiecze\u0144stwa.<\/li>\n<\/ul>\n<h3>Krok 3: Rozpocznij czat<\/h3>\n<ul>\n<li>Kliknij Start i natychmiast uzyskaj dopasowanie.<\/li>\n<li>U\u017cyj Next, aby przej\u015b\u0107 do nowego meczu w dowolnym momencie.<\/li>\n<\/ul>\n<h3>Krok 4: Dodaj znajomych lub przegl\u0105daj dalej<\/h3>\n<ul>\n<li>Zapisywanie interesuj\u0105cych os\u00f3b na li\u015bcie znajomych.<\/li>\n<li>Kontynuuj rozmowy z nowymi osobami tak d\u0142ugo, jak chcesz.<\/li>\n<\/ul>\n<h2>Wra\u017cenia u\u017cytkownika na Callmechat<\/h2>\n<p>P\u0142ynny interfejs Callmechat i niska bariera wej\u015bcia pomog\u0142y mu zdoby\u0107 lojaln\u0105 baz\u0119 u\u017cytkownik\u00f3w.<\/p>\n<h3>Co lubi\u0105 u\u017cytkownicy<\/h3>\n<ul>\n<li>Szybka konfiguracja - bez obowi\u0105zkowej rejestracji.<\/li>\n<li>Stabilna jako\u015b\u0107 wideo z minimalnym op\u00f3\u017anieniem.<\/li>\n<li>Konfigurowalne filtry dla bardziej trafnych dopasowa\u0144.<\/li>\n<li>Opcje bezpiecze\u0144stwa, takie jak podgl\u0105d rozmycia.<\/li>\n<li>Prosty interfejs dzia\u0142aj\u0105cy na r\u00f3\u017cnych urz\u0105dzeniach.<\/li>\n<\/ul>\n<h3>Typowe wady<\/h3>\n<ul>\n<li>Niekt\u00f3re filtry mog\u0105 wymaga\u0107 dost\u0119pu premium.<\/li>\n<li>Mniejsza baza u\u017cytkownik\u00f3w w niekt\u00f3rych strefach czasowych.<\/li>\n<li>Brak wbudowanego t\u0142umaczenia dla wieloj\u0119zycznych czat\u00f3w.<\/li>\n<li>Dost\u0119pno\u015b\u0107 aplikacji mo\u017ce si\u0119 r\u00f3\u017cni\u0107 w zale\u017cno\u015bci od kraju.<\/li>\n<\/ul>\n<h2>Callmechat vs. inne platformy losowych czat\u00f3w wideo<\/h2>\n<table>\n<thead>\n<tr>\n<th>Cecha<\/th>\n<th>Callmechat<\/th>\n<th>OmegleWeb<\/th>\n<th>ChatHub<\/th>\n<th>Camloo<\/th>\n<th>LuckyCrush<\/th>\n<th>Azar<\/th>\n<\/tr>\n<\/thead>\n<tbody>\n<tr>\n<td>Losowy czat wideo<\/td>\n<td>Tak<\/td>\n<td>Tak<\/td>\n<td>Tak<\/td>\n<td>Tak<\/td>\n<td>Tak<\/td>\n<td>Tak<\/td>\n<\/tr>\n<tr>\n<td>Filtry p\u0142ci\/lokalizacji<\/td>\n<td>Tak<\/td>\n<td>\u26a0\ufe0f Limited<\/td>\n<td>Tak<\/td>\n<td>Tak<\/td>\n<td>Tak<\/td>\n<td>Tak<\/td>\n<\/tr>\n<tr>\n<td>Tryb podgl\u0105du rozmycia<\/td>\n<td>Tak<\/td>\n<td>Nie<\/td>\n<td>Tak<\/td>\n<td>Tak<\/td>\n<td>Nie<\/td>\n<td>Tak<\/td>\n<\/tr>\n<tr>\n<td>Zabawne efekty\/filtry<\/td>\n<td>Tak<\/td>\n<td>Nie<\/td>\n<td>Tak<\/td>\n<td>Tak<\/td>\n<td>Nie<\/td>\n<td>Tak<\/td>\n<\/tr>\n<tr>\n<td>System znajomych<\/td>\n<td>Tak<\/td>\n<td>Nie<\/td>\n<td>Tak<\/td>\n<td>Tak<\/td>\n<td>Tak<\/td>\n<td>Tak<\/td>\n<\/tr>\n<tr>\n<td>T\u0142umaczenie<\/td>\n<td>Nie<\/td>\n<td>Nie<\/td>\n<td>Nie<\/td>\n<td>Nie<\/td>\n<td>Nie<\/td>\n<td>Tak<\/td>\n<\/tr>\n<tr>\n<td>Cross-Platform<\/td>\n<td>Tak<\/td>\n<td>Tak<\/td>\n<td>Tak<\/td>\n<td>Tak<\/td>\n<td>Tak<\/td>\n<td>Tak<\/td>\n<\/tr>\n<\/tbody>\n<\/table>\n<p>Podsumowanie: Callmechat oferuje solidn\u0105 r\u00f3wnowag\u0119 mi\u0119dzy funkcjami, narz\u0119dziami do ochrony prywatno\u015bci i wydajno\u015bci\u0105, dzi\u0119ki czemu jest doskona\u0142ym wyborem dla u\u017cytkownik\u00f3w, kt\u00f3rzy chc\u0105 szybkich, nieskomplikowanych losowych czat\u00f3w bez po\u015bwi\u0119cania bezpiecze\u0144stwa.<\/p>\n<h2>Czy Callmechat jest bezpieczny?<\/h2>\n<p>Yes-Callmechat powa\u017cnie traktuje bezpiecze\u0144stwo u\u017cytkownik\u00f3w:<\/p>\n<ul>\n<li>Moderacja oparta na sztucznej inteligencji odfiltrowuje jednoznaczne tre\u015bci.<\/li>\n<li>Narz\u0119dzia blokowania\/raportowania s\u0105 zawsze dost\u0119pne.<\/li>\n<li>Tryb rozmycia ukrywa wideo do momentu zatwierdzenia przez u\u017cytkownika.<\/li>\n<li>Mo\u017cesz czatowa\u0107 anonimowo - nie musisz ujawnia\u0107 danych osobowych.<\/li>\n<\/ul>\n<h3>Wskaz\u00f3wki dotycz\u0105ce bezpiecze\u0144stwa<\/h3>\n<ul>\n<li>Unikaj udost\u0119pniania swojej lokalizacji lub danych osobowych.<\/li>\n<li>U\u017cyj trybu rozmycia dla pierwszych wra\u017ce\u0144.<\/li>\n<li>Natychmiast zg\u0142aszaj nieodpowiednie zachowanie.<\/li>\n<li>Rodzice powinni nadzorowa\u0107 m\u0142odszych u\u017cytkownik\u00f3w.<\/li>\n<\/ul>\n<h2>Wskaz\u00f3wki, jak najlepiej wykorzysta\u0107 Callmechat<\/h2>\n<ul>\n<li>U\u017cyj trybu globalnego, aby rozszerzy\u0107 swoje kontakty kulturowe.<\/li>\n<li>W\u0142\u0105cz filtry, je\u015bli chcesz uzyska\u0107 ukierunkowane dopasowania.<\/li>\n<li>Zaloguj si\u0119 w godzinach szczytu, aby zwi\u0119kszy\u0107 aktywno\u015b\u0107 u\u017cytkownik\u00f3w.<\/li>\n<li>Baw si\u0119 efektami, aby interakcje by\u0142y przyjemniejsze.<\/li>\n<li>Zadbaj o dobre o\u015bwietlenie, aby uzyska\u0107 lepsze wra\u017cenie wideo.<\/li>\n<li>Pom\u00f3\u017c spo\u0142eczno\u015bci, zg\u0142aszaj\u0105c osoby \u0142ami\u0105ce zasady.<\/li>\n<\/ul>\n<h2>Typowe problemy i naprawy Callmechat<\/h2>\n<h3>Nie dzia\u0142a kamera\/mikrofon<\/h3>\n<p>Zezw\u00f3l na uprawnienia w ustawieniach przegl\u0105darki lub aplikacji.<\/p>\n<h3>S\u0142aba jako\u015b\u0107 wideo<\/h3>\n<p>Korzystaj ze stabilnego po\u0142\u0105czenia Wi-Fi i zamykaj aplikacje dzia\u0142aj\u0105ce w tle.<\/p>\n<h3>Filtry nie s\u0105 stosowane<\/h3>\n<p>Zaloguj si\u0119 i upewnij si\u0119, \u017ce w razie potrzeby masz dost\u0119p do funkcji premium.<\/p>\n<h3>Napotykanie obra\u017aliwych u\u017cytkownik\u00f3w<\/h3>\n<p>Zablokuj, zg\u0142o\u015b i natychmiast przejd\u017a do nast\u0119pnego meczu.<\/p>\n<p>Je\u015bli chcesz prostego, bezpiecznego i wci\u0105gaj\u0105cego losowego czatu wideo, Callmechat spe\u0142nia te oczekiwania. Nie jest prze\u0142adowany sztuczkami - koncentruje si\u0119 na szybkim dopasowywaniu, przyzwoitych narz\u0119dziach prywatno\u015bci i przejrzystym wygl\u0105dzie, co jest dok\u0142adnie tym, czego wiele os\u00f3b oczekuje od tego typu platformy.<\/p>\n<p>Cho\u0107 nie posiada on wszystkich zaawansowanych funkcji dost\u0119pnych na rynku, to oferuje wystarczaj\u0105co du\u017co funkcji, by umili\u0107 ci czas i sprawi\u0107, \u017ce twoje spotkania b\u0119d\u0105 znacz\u0105ce. Niezale\u017cnie od tego, czy jeste\u015b tutaj, aby szybko porozmawia\u0107, czy te\u017c zbudowa\u0107 nowe po\u0142\u0105czenie, Callmechat jest solidnym dodatkiem do twojego losowego sk\u0142adu czatu.<\/p>\n<p>Gotowy do rozpocz\u0119cia? Odwied\u017a Callmechat, naci\u015bnij start i zobacz, dok\u0105d zaprowadzi Ci\u0119 nast\u0119pna rozmowa.<\/p>","protected":false},"excerpt":{"rendered":"<p>In today\u2019s digital landscape, where social media feeds are increasingly curated and predictable, Callmechat offers a refreshing alternative. Instead of browsing polished profiles or following content algorithms, Callmechat focuses on direct, real-time human connection\u2014putting you face-to-face with strangers from around the globe in a matter of seconds. Whether you\u2019re looking for casual conversation, practicing a [&hellip;]<\/p>\n","protected":false},"author":6,"featured_media":0,"parent":0,"menu_order":0,"comment_status":"closed","ping_status":"closed","template":"","meta":{"footnotes":""},"class_list":["post-12071","page","type-page","status-publish","hentry"],"yoast_head":"<!-- This site is optimized with the Yoast SEO plugin v27.5 - https:\/\/yoast.com\/product\/yoast-seo-wordpress\/ -->\n<title>Callmechat - Alternative to OmeTV &amp; Monkey App - TinyChat.com<\/title>\n<meta name=\"description\" content=\"Enjoying Callmechat? Join over 50,000,000 strangers on TinyChat! Turn on your cam and start meeting new people, or find a match.\" \/>\n<meta name=\"robots\" content=\"index, follow, max-snippet:-1, max-image-preview:large, max-video-preview:-1\" \/>\n<link rel=\"canonical\" href=\"https:\/\/tinychat.com\/pl\/callmechat\/\" \/>\n<meta property=\"og:locale\" content=\"pl_PL\" \/>\n<meta property=\"og:type\" content=\"article\" \/>\n<meta property=\"og:title\" content=\"Callmechat - Alternative to OmeTV &amp; Monkey App - TinyChat.com\" \/>\n<meta property=\"og:description\" content=\"Enjoying Callmechat? Join over 50,000,000 strangers on TinyChat! Turn on your cam and start meeting new people, or find a match.\" \/>\n<meta property=\"og:url\" content=\"https:\/\/tinychat.com\/pl\/callmechat\/\" \/>\n<meta property=\"og:site_name\" content=\"TinyChat\" \/>\n<meta property=\"article:publisher\" content=\"https:\/\/www.facebook.com\/tinychat\" \/>\n<meta property=\"article:modified_time\" content=\"2025-08-11T07:25:19+00:00\" \/>\n<meta property=\"og:image\" content=\"https:\/\/tinychat.com\/wp-content\/uploads\/2020\/04\/Tinychat-logo-1280x284-new-black.png\" \/>\n\t<meta property=\"og:image:width\" content=\"1280\" \/>\n\t<meta property=\"og:image:height\" content=\"284\" \/>\n\t<meta property=\"og:image:type\" content=\"image\/png\" \/>\n<meta name=\"twitter:card\" content=\"summary_large_image\" \/>\n<meta name=\"twitter:site\" content=\"@tinychat\" \/>\n<meta name=\"twitter:label1\" content=\"Szacowany czas czytania\" \/>\n\t<meta name=\"twitter:data1\" content=\"5 minut\" \/>\n<script type=\"application\/ld+json\" class=\"yoast-schema-graph\">{\"@context\":\"https:\\\/\\\/schema.org\",\"@graph\":[{\"@type\":\"WebPage\",\"@id\":\"https:\\\/\\\/tinychat.com\\\/callmechat\\\/\",\"url\":\"https:\\\/\\\/tinychat.com\\\/callmechat\\\/\",\"name\":\"Callmechat - Alternative to OmeTV & Monkey App - TinyChat.com\",\"isPartOf\":{\"@id\":\"https:\\\/\\\/tinychat.com\\\/#website\"},\"datePublished\":\"2025-08-11T06:47:15+00:00\",\"dateModified\":\"2025-08-11T07:25:19+00:00\",\"description\":\"Enjoying Callmechat? Join over 50,000,000 strangers on TinyChat! Turn on your cam and start meeting new people, or find a match.\",\"breadcrumb\":{\"@id\":\"https:\\\/\\\/tinychat.com\\\/callmechat\\\/#breadcrumb\"},\"inLanguage\":\"pl-PL\",\"potentialAction\":[{\"@type\":\"ReadAction\",\"target\":[\"https:\\\/\\\/tinychat.com\\\/callmechat\\\/\"]}]},{\"@type\":\"BreadcrumbList\",\"@id\":\"https:\\\/\\\/tinychat.com\\\/callmechat\\\/#breadcrumb\",\"itemListElement\":[{\"@type\":\"ListItem\",\"position\":1,\"name\":\"Home\",\"item\":\"https:\\\/\\\/tinychat.com\\\/\"},{\"@type\":\"ListItem\",\"position\":2,\"name\":\"Callmechat\"}]},{\"@type\":\"WebSite\",\"@id\":\"https:\\\/\\\/tinychat.com\\\/#website\",\"url\":\"https:\\\/\\\/tinychat.com\\\/\",\"name\":\"TinyChat\",\"description\":\"Random Video Chat with Strangers\",\"publisher\":{\"@id\":\"https:\\\/\\\/tinychat.com\\\/#organization\"},\"alternateName\":\"TinyChat.com\",\"potentialAction\":[{\"@type\":\"SearchAction\",\"target\":{\"@type\":\"EntryPoint\",\"urlTemplate\":\"https:\\\/\\\/tinychat.com\\\/?s={search_term_string}\"},\"query-input\":{\"@type\":\"PropertyValueSpecification\",\"valueRequired\":true,\"valueName\":\"search_term_string\"}}],\"inLanguage\":\"pl-PL\"},{\"@type\":\"Organization\",\"@id\":\"https:\\\/\\\/tinychat.com\\\/#organization\",\"name\":\"TinyChat\",\"alternateName\":\"TinyChat.com\",\"url\":\"https:\\\/\\\/tinychat.com\\\/\",\"logo\":{\"@type\":\"ImageObject\",\"inLanguage\":\"pl-PL\",\"@id\":\"https:\\\/\\\/tinychat.com\\\/#\\\/schema\\\/logo\\\/image\\\/\",\"url\":\"https:\\\/\\\/tinychat.com\\\/wp-content\\\/uploads\\\/2023\\\/11\\\/Tinychat-icon-square.png\",\"contentUrl\":\"https:\\\/\\\/tinychat.com\\\/wp-content\\\/uploads\\\/2023\\\/11\\\/Tinychat-icon-square.png\",\"width\":284,\"height\":284,\"caption\":\"TinyChat\"},\"image\":{\"@id\":\"https:\\\/\\\/tinychat.com\\\/#\\\/schema\\\/logo\\\/image\\\/\"},\"sameAs\":[\"https:\\\/\\\/www.facebook.com\\\/tinychat\",\"https:\\\/\\\/x.com\\\/tinychat\"]}]}<\/script>\n<!-- \/ Yoast SEO plugin. -->","yoast_head_json":{"title":"Callmechat - Alternatywa dla OmeTV i Monkey App - TinyChat.com","description":"Korzystasz z Callmechat? Do\u0142\u0105cz do ponad 50 000 000 nieznajomych na TinyChat! W\u0142\u0105cz kamer\u0119 i zacznij poznawa\u0107 nowych ludzi lub znajd\u017a partnera.","robots":{"index":"index","follow":"follow","max-snippet":"max-snippet:-1","max-image-preview":"max-image-preview:large","max-video-preview":"max-video-preview:-1"},"canonical":"https:\/\/tinychat.com\/pl\/callmechat\/","og_locale":"pl_PL","og_type":"article","og_title":"Callmechat - Alternative to OmeTV & Monkey App - TinyChat.com","og_description":"Enjoying Callmechat? Join over 50,000,000 strangers on TinyChat! Turn on your cam and start meeting new people, or find a match.","og_url":"https:\/\/tinychat.com\/pl\/callmechat\/","og_site_name":"TinyChat","article_publisher":"https:\/\/www.facebook.com\/tinychat","article_modified_time":"2025-08-11T07:25:19+00:00","og_image":[{"width":1280,"height":284,"url":"https:\/\/tinychat.com\/wp-content\/uploads\/2020\/04\/Tinychat-logo-1280x284-new-black.png","type":"image\/png"}],"twitter_card":"summary_large_image","twitter_site":"@tinychat","twitter_misc":{"Szacowany czas czytania":"5 minut"},"schema":{"@context":"https:\/\/schema.org","@graph":[{"@type":"WebPage","@id":"https:\/\/tinychat.com\/callmechat\/","url":"https:\/\/tinychat.com\/callmechat\/","name":"Callmechat - Alternatywa dla OmeTV i Monkey App - TinyChat.com","isPartOf":{"@id":"https:\/\/tinychat.com\/#website"},"datePublished":"2025-08-11T06:47:15+00:00","dateModified":"2025-08-11T07:25:19+00:00","description":"Korzystasz z Callmechat? Do\u0142\u0105cz do ponad 50 000 000 nieznajomych na TinyChat! W\u0142\u0105cz kamer\u0119 i zacznij poznawa\u0107 nowych ludzi lub znajd\u017a partnera.","breadcrumb":{"@id":"https:\/\/tinychat.com\/callmechat\/#breadcrumb"},"inLanguage":"pl-PL","potentialAction":[{"@type":"ReadAction","target":["https:\/\/tinychat.com\/callmechat\/"]}]},{"@type":"BreadcrumbList","@id":"https:\/\/tinychat.com\/callmechat\/#breadcrumb","itemListElement":[{"@type":"ListItem","position":1,"name":"Home","item":"https:\/\/tinychat.com\/"},{"@type":"ListItem","position":2,"name":"Callmechat"}]},{"@type":"WebSite","@id":"https:\/\/tinychat.com\/#website","url":"https:\/\/tinychat.com\/","name":"TinyChat","description":"Losowy czat wideo z nieznajomymi","publisher":{"@id":"https:\/\/tinychat.com\/#organization"},"alternateName":"TinyChat.com","potentialAction":[{"@type":"SearchAction","target":{"@type":"EntryPoint","urlTemplate":"https:\/\/tinychat.com\/?s={search_term_string}"},"query-input":{"@type":"PropertyValueSpecification","valueRequired":true,"valueName":"search_term_string"}}],"inLanguage":"pl-PL"},{"@type":"Organization","@id":"https:\/\/tinychat.com\/#organization","name":"TinyChat","alternateName":"TinyChat.com","url":"https:\/\/tinychat.com\/","logo":{"@type":"ImageObject","inLanguage":"pl-PL","@id":"https:\/\/tinychat.com\/#\/schema\/logo\/image\/","url":"https:\/\/tinychat.com\/wp-content\/uploads\/2023\/11\/Tinychat-icon-square.png","contentUrl":"https:\/\/tinychat.com\/wp-content\/uploads\/2023\/11\/Tinychat-icon-square.png","width":284,"height":284,"caption":"TinyChat"},"image":{"@id":"https:\/\/tinychat.com\/#\/schema\/logo\/image\/"},"sameAs":["https:\/\/www.facebook.com\/tinychat","https:\/\/x.com\/tinychat"]}]}},"_links":{"self":[{"href":"https:\/\/tinychat.com\/pl\/wp-json\/wp\/v2\/pages\/12071","targetHints":{"allow":["GET"]}}],"collection":[{"href":"https:\/\/tinychat.com\/pl\/wp-json\/wp\/v2\/pages"}],"about":[{"href":"https:\/\/tinychat.com\/pl\/wp-json\/wp\/v2\/types\/page"}],"author":[{"embeddable":true,"href":"https:\/\/tinychat.com\/pl\/wp-json\/wp\/v2\/users\/6"}],"replies":[{"embeddable":true,"href":"https:\/\/tinychat.com\/pl\/wp-json\/wp\/v2\/comments?post=12071"}],"version-history":[{"count":4,"href":"https:\/\/tinychat.com\/pl\/wp-json\/wp\/v2\/pages\/12071\/revisions"}],"predecessor-version":[{"id":13434,"href":"https:\/\/tinychat.com\/pl\/wp-json\/wp\/v2\/pages\/12071\/revisions\/13434"}],"wp:attachment":[{"href":"https:\/\/tinychat.com\/pl\/wp-json\/wp\/v2\/media?parent=12071"}],"curies":[{"name":"wp","href":"https:\/\/api.w.org\/{rel}","templated":true}]}}