{"id":12075,"date":"2025-09-29T10:54:27","date_gmt":"2025-09-29T08:54:27","guid":{"rendered":"https:\/\/tinychat.com\/?page_id=12075"},"modified":"2025-09-29T12:42:16","modified_gmt":"2025-09-29T10:42:16","slug":"knuddels","status":"publish","type":"page","link":"https:\/\/tinychat.com\/pl\/knuddels\/","title":{"rendered":"Knuddels"},"content":{"rendered":"<p>Podczas gdy wiele nowoczesnych platform czatowych koncentruje si\u0119 na szybkich, anonimowych i przypadkowych spotkaniach, nadal istniej\u0105 spo\u0142eczno\u015bci, kt\u00f3re k\u0142ad\u0105 nacisk na przyja\u017a\u0144, d\u0142ugoterminowe po\u0142\u0105czenia i cyfrowe przestrzenie spo\u0142eczne. Jedn\u0105 z najbardziej godnych uwagi platform w tej kategorii jest Knuddels, wieloletnia us\u0142uga czatu online, kt\u00f3ra rozpocz\u0119\u0142a si\u0119 w Niemczech i od tego czasu sta\u0142a si\u0119 aktywnym, unikalnym centrum spo\u0142eczno\u015bciowym.<\/p>\n<p>W przeciwie\u0144stwie do losowych platform czatowych, takich jak Omegle lub Chatroulette, Knuddels \u0142\u0105czy tradycyjne czaty z nowoczesnymi funkcjami spo\u0142eczno\u015bciowymi, tworz\u0105c przestrze\u0144, w kt\u00f3rej ludzie mog\u0105 poznawa\u0107 nowych przyjaci\u00f3\u0142, budowa\u0107 spo\u0142eczno\u015bci i prowadzi\u0107 ci\u0105g\u0142e rozmowy. Zachowuje ducha wczesnych czat\u00f3w internetowych, jednocze\u015bnie ewoluuj\u0105c, aby pozosta\u0107 istotnym w erze aplikacji mobilnych i globalnej \u0142\u0105czno\u015bci.<\/p>\n<p>W tej szczeg\u00f3\u0142owej recenzji zbadamy, czym jest Knuddels, jego funkcje, jak z niego korzysta\u0107, wra\u017cenia u\u017cytkownika, narz\u0119dzia bezpiecze\u0144stwa, por\u00f3wnania z innymi platformami i wskaz\u00f3wki, jak najlepiej go wykorzysta\u0107.<\/p>\n<h2>Co to jest Knuddels?<\/h2>\n<p>Knuddels to platforma czatowa za\u0142o\u017cona w Niemczech w 1999 roku, co czyni j\u0105 jedn\u0105 z najd\u0142u\u017cej dzia\u0142aj\u0105cych spo\u0142eczno\u015bci czatowych online w Europie. Jej nazwa pochodzi od niemieckiego s\u0142owa <em>Knuddel<\/em>, co oznacza \"przytuli\u0107\" lub \"u\u015bciska\u0107\", odzwierciedlaj\u0105c skupienie si\u0119 na \u017cyczliwo\u015bci i pozytywnych interakcjach.<\/p>\n<p>Pocz\u0105tkowo uruchomiony jako prosty czat internetowy, Knuddels rozwin\u0105\u0142 si\u0119 w przyjazn\u0105 dla urz\u0105dze\u0144 mobilnych aplikacj\u0119 i platform\u0119 przegl\u0105darkow\u0105 z milionami u\u017cytkownik\u00f3w. Jest szczeg\u00f3lnie popularny w Niemczech, ale przyci\u0105ga r\u00f3wnie\u017c u\u017cytkownik\u00f3w z ca\u0142ego \u015bwiata.<\/p>\n<p>W przeciwie\u0144stwie do czysto losowych us\u0142ug czatu wideo, Knuddels jest bardziej spo\u0142eczno\u015bci\u0105 spo\u0142eczno\u015bciow\u0105:<\/p>\n<ul>\n<li>Publiczne czaty na r\u00f3\u017cne tematy.<\/li>\n<li>Prywatne wiadomo\u015bci mi\u0119dzy cz\u0142onkami.<\/li>\n<li>Listy znajomych i profile dla bie\u017c\u0105cych po\u0142\u0105cze\u0144.<\/li>\n<li>Gry i funkcje rozrywkowe.<\/li>\n<\/ul>\n<h2>Kluczowe cechy Knuddels<\/h2>\n<p>Knuddels jest bogaty w funkcje w por\u00f3wnaniu do minimalistycznych platform czatu losowego. Oto co oferuje:<\/p>\n<h3>1. Publiczne czaty<\/h3>\n<ul>\n<li>Dziesi\u0105tki czat\u00f3w tematycznych (np. randki, hobby, grupy lokalne).<\/li>\n<li>Pokoje s\u0105 moderowane w celu utrzymania pozytywnego \u015brodowiska.<\/li>\n<li>U\u017cytkownicy mog\u0105 do\u0142\u0105cza\u0107 do wielu konwersacji jednocze\u015bnie.<\/li>\n<\/ul>\n<h3>2. Prywatne wiadomo\u015bci<\/h3>\n<ul>\n<li>Czaty jeden na jednego mi\u0119dzy u\u017cytkownikami.<\/li>\n<li>Wbudowany system znajomych do \u015bledzenia po\u0142\u0105cze\u0144.<\/li>\n<\/ul>\n<h3>3. Opcje wideo i g\u0142osowe<\/h3>\n<ul>\n<li>Chocia\u017c Knuddels opiera si\u0119 g\u0142\u00f3wnie na tek\u015bcie, zawiera opcje interakcji wideo lub g\u0142osowej ze znajomymi.<\/li>\n<li>\u015awietnie nadaje si\u0119 do wyj\u015bcia poza tekst, gdy zaufanie zostanie zbudowane.<\/li>\n<\/ul>\n<h3>4. Profile spo\u0142eczno\u015bci<\/h3>\n<ul>\n<li>Ka\u017cdy u\u017cytkownik ma profil z opcjonalnymi szczeg\u00f3\u0142ami.<\/li>\n<li>Listy znajomych, punkty reputacji i zdj\u0119cia profilowe zwi\u0119kszaj\u0105 poczucie wsp\u00f3lnoty.<\/li>\n<\/ul>\n<h3>5. Gry i rozrywka<\/h3>\n<ul>\n<li>Mini-gry zintegrowane z pokojami rozm\u00f3w.<\/li>\n<li>Funkcje grywalizacji, takie jak odznaki i osi\u0105gni\u0119cia.<\/li>\n<\/ul>\n<h3>6. Aplikacja mobilna<\/h3>\n<ul>\n<li>Dost\u0119pna na Androida i iOS.<\/li>\n<li>P\u0142ynna integracja z wersj\u0105 internetow\u0105.<\/li>\n<\/ul>\n<h3>7. Bezpiecze\u0144stwo i moderacja<\/h3>\n<ul>\n<li>Du\u017cy nacisk na bezpieczn\u0105 spo\u0142eczno\u015b\u0107.<\/li>\n<li>Systemy reputacji zach\u0119caj\u0105 do zachowania pe\u0142nego szacunku.<\/li>\n<li>Narz\u0119dzia do raportowania i moderowania s\u0105 przyjazne dla \u015brodowiska.<\/li>\n<\/ul>\n<h2>Jak korzysta\u0107 z Knuddels<\/h2>\n<p>Knuddels jest przeznaczony dla os\u00f3b, kt\u00f3re chc\u0105 czego\u015b wi\u0119cej ni\u017c tylko przelotnych przypadkowych spotka\u0144 - chodzi o do\u0142\u0105czenie do spo\u0142eczno\u015bci.<\/p>\n<h3>Krok 1: Zarejestruj si\u0119<\/h3>\n<ul>\n<li>Wymagana jest rejestracja (za po\u015brednictwem poczty e-mail lub kont spo\u0142eczno\u015bciowych).<\/li>\n<li>Utw\u00f3rz nazw\u0119 u\u017cytkownika i profil podstawowy.<\/li>\n<\/ul>\n<h3>Krok 2: Przegl\u0105danie czat\u00f3w<\/h3>\n<ul>\n<li>Przegl\u0105daj kategorie takie jak randki, hobby lub pokoje regionalne.<\/li>\n<li>Do\u0142\u0105cz i zacznij czatowa\u0107 z innymi natychmiast.<\/li>\n<\/ul>\n<h3>Krok 3: Dodaj znajomych<\/h3>\n<ul>\n<li>Je\u015bli nawi\u0105\u017cesz z kim\u015b kontakt, dodaj go do swojej listy znajomych.<\/li>\n<li>Kontynuuj rozmowy prywatnie p\u00f3\u017aniej.<\/li>\n<\/ul>\n<h3>Krok 4: Korzystanie z gier i funkcji<\/h3>\n<ul>\n<li>Graj we wbudowane gry jako lodo\u0142amacze.<\/li>\n<li>Zdobywaj odznaki i punkty reputacji za pozytywne interakcje.<\/li>\n<\/ul>\n<h3>Krok 5: Pozosta\u0144 w kontakcie<\/h3>\n<ul>\n<li>B\u0105d\u017a w kontakcie ze swoj\u0105 sieci\u0105.<\/li>\n<li>Odkrywaj nowe pokoje lub regularnie do\u0142\u0105czaj do wydarze\u0144.<\/li>\n<\/ul>\n<h2>Do\u015bwiadczenie u\u017cytkownika w Knuddels<\/h2>\n<p>Knuddels r\u00f3\u017cni si\u0119 od szybkich, anonimowych platform, takich jak Omegle - jest bardziej zorganizowany i oparty na spo\u0142eczno\u015bci.<\/p>\n<h3>Co lubi\u0105 u\u017cytkownicy<\/h3>\n<ul>\n<li>Czuje si\u0119 jak prawdziwa spo\u0142eczno\u015b\u0107 online, a nie tylko przypadkowe czaty.<\/li>\n<li>Moderowane pokoje zapewniaj\u0105 bezpiecze\u0144stwo i struktur\u0119.<\/li>\n<li>Gry i grywalizacja sprawiaj\u0105, \u017ce jest to zabawne i wci\u0105gaj\u0105ce.<\/li>\n<li>\u0141atwy kontakt ze znajomymi za po\u015brednictwem list znajomych.<\/li>\n<li>Aplikacja mobilna umo\u017cliwia dost\u0119p w dowolnym miejscu.<\/li>\n<\/ul>\n<h3>Gdzie u\u017cytkownicy widz\u0105 pole do poprawy<\/h3>\n<ul>\n<li>Wymaga rejestracji (nie natychmiastowej, jak losowe strony czatu).<\/li>\n<li>G\u0142\u00f3wnie niemieckoj\u0119zyczny - ograniczony zasi\u0119g dla u\u017cytkownik\u00f3w spoza Niemiec.<\/li>\n<li>Bardziej uporz\u0105dkowana, mniej spontaniczna ni\u017c platformy w stylu Omegle.<\/li>\n<li>Design wydaje si\u0119 nieco oldschoolowy w por\u00f3wnaniu do nowszych aplikacji.<\/li>\n<\/ul>\n<p>Pomimo tych ogranicze\u0144 Knuddels rozwija si\u0119, oferuj\u0105c bardziej przyjazne, bezpieczniejsze i d\u0142ugoterminowe do\u015bwiadczenie.<\/p>\n<h2>Knuddels vs. inne platformy czatu<\/h2>\n<p>Oto, jak Knuddels wypada w por\u00f3wnaniu zar\u00f3wno z losowymi witrynami czatowymi, jak i platformami spo\u0142eczno\u015bciowymi:<\/p>\n<table>\n<thead>\n<tr>\n<th>Cecha<\/th>\n<th>Knuddels<\/th>\n<th>Omegle<\/th>\n<th>Chatroulette<\/th>\n<th>ChatHub<\/th>\n<th>Y99<\/th>\n<th>Wireclub<\/th>\n<\/tr>\n<\/thead>\n<tbody>\n<tr>\n<td>Publiczne czaty<\/td>\n<td>Tak<\/td>\n<td>Nie<\/td>\n<td>Nie<\/td>\n<td>Nie<\/td>\n<td>Tak<\/td>\n<td>Tak<\/td>\n<\/tr>\n<tr>\n<td>Prywatne wiadomo\u015bci<\/td>\n<td>Tak<\/td>\n<td>Nie<\/td>\n<td>Nie<\/td>\n<td>Tak<\/td>\n<td>Tak<\/td>\n<td>Tak<\/td>\n<\/tr>\n<tr>\n<td>Wideo i g\u0142os<\/td>\n<td>Ograniczony<\/td>\n<td>Tak<\/td>\n<td>Tak<\/td>\n<td>Tak<\/td>\n<td>Tak<\/td>\n<td>Tak<\/td>\n<\/tr>\n<tr>\n<td>Profile i przyjaciele<\/td>\n<td>Tak<\/td>\n<td>Nie<\/td>\n<td>Nie<\/td>\n<td>Tak<\/td>\n<td>Tak<\/td>\n<td>Tak<\/td>\n<\/tr>\n<tr>\n<td>Gry i rozrywka<\/td>\n<td>Tak<\/td>\n<td>Nie<\/td>\n<td>Nie<\/td>\n<td>Nie<\/td>\n<td>Nie<\/td>\n<td>Nie<\/td>\n<\/tr>\n<tr>\n<td>Anonimowo\u015b\u0107<\/td>\n<td>Ograniczony<\/td>\n<td>Silny<\/td>\n<td>Silny<\/td>\n<td>Umiarkowany<\/td>\n<td>Umiarkowany<\/td>\n<td>Umiarkowany<\/td>\n<\/tr>\n<tr>\n<td>Aplikacja mobilna<\/td>\n<td>Tak<\/td>\n<td>Tak<\/td>\n<td>Tak<\/td>\n<td>Tak<\/td>\n<td>Tak<\/td>\n<td>Nie<\/td>\n<\/tr>\n<\/tbody>\n<\/table>\n<p>Podsumowanie: Knuddels jest bli\u017cszy Wireclub lub Y99 ni\u017c Omegle - chodzi o spo\u0142eczno\u015b\u0107, zorganizowan\u0105 interakcj\u0119 i ci\u0105g\u0142e relacje, a nie czyst\u0105 losowo\u015b\u0107.<\/p>\n<h2>Czy Knuddels jest bezpieczny?<\/h2>\n<p>Knuddels k\u0142adzie du\u017cy nacisk na bezpiecze\u0144stwo i umiar.<\/p>\n<h3>Wbudowane narz\u0119dzia bezpiecze\u0144stwa<\/h3>\n<ul>\n<li>Obecno\u015b\u0107 moderatora na czacie.<\/li>\n<li>Systemy reputacji zniech\u0119caj\u0105 do z\u0142ych zachowa\u0144.<\/li>\n<li>Narz\u0119dzia raportowania dost\u0119pne dla u\u017cytkownik\u00f3w.<\/li>\n<\/ul>\n<h3>Wskaz\u00f3wki bezpiecze\u0144stwa dla u\u017cytkownik\u00f3w<\/h3>\n<ul>\n<li>Unikaj nadmiernego udost\u0119pniania danych osobowych.<\/li>\n<li>U\u017cywaj prywatnych wiadomo\u015bci tylko z zaufanymi znajomymi.<\/li>\n<li>Trzymaj si\u0119 moderowanych pokoj\u00f3w dla bezpieczniejszych do\u015bwiadcze\u0144.<\/li>\n<li>Rodzice powinni monitorowa\u0107 nieletnich, poniewa\u017c platforma jest otwarta dla wszystkich grup wiekowych.<\/li>\n<\/ul>\n<h2>Wskaz\u00f3wki, jak najlepiej wykorzysta\u0107 Knuddels<\/h2>\n<ul>\n<li>Korzystaj z wielu pokoi - ka\u017cdy z nich ma inn\u0105 atmosfer\u0119 i spo\u0142eczno\u015b\u0107.<\/li>\n<li>Wype\u0142nij sw\u00f3j profil, aby nawi\u0105za\u0107 trwa\u0142e kontakty.<\/li>\n<li>Wypr\u00f3buj gry - to zabawne prze\u0142amywacze lod\u00f3w.<\/li>\n<li>B\u0105d\u017a pe\u0142en szacunku - system reputacji nagradza pozytywne nastawienie.<\/li>\n<li>Korzystaj z aplikacji mobilnej do czatowania w podr\u00f3\u017cy.<\/li>\n<li>Dodaj znajomych, je\u015bli lubisz z kim\u015b rozmawia\u0107 - nie polegaj tylko na przypadkowych spotkaniach.<\/li>\n<\/ul>\n<h2>Typowe problemy i poprawki<\/h2>\n<h3>Problem: Nie \u0142aduj\u0105 si\u0119 pokoje rozm\u00f3w<\/h3>\n<ul>\n<li>Zaktualizuj aplikacj\u0119 lub od\u015bwie\u017c przegl\u0105dark\u0119.<\/li>\n<li>Wyczy\u015b\u0107 pliki cookie\/cache.<\/li>\n<\/ul>\n<h3>Problem: bariera j\u0119zykowa<\/h3>\n<ul>\n<li>Wi\u0119kszo\u015b\u0107 u\u017cytkownik\u00f3w m\u00f3wi po niemiecku, ale mo\u017cna te\u017c znale\u017a\u0107 pokoje w j\u0119zyku angielskim.<\/li>\n<li>U\u017cywaj narz\u0119dzi t\u0142umaczeniowych do czat\u00f3w w r\u00f3\u017cnych j\u0119zykach.<\/li>\n<\/ul>\n<h3>Problem: Wideo nie dzia\u0142a<\/h3>\n<ul>\n<li>Zezwalaj na uprawnienia przegl\u0105darki lub aplikacji.<\/li>\n<li>Uruchom ponownie aplikacj\u0119\/urz\u0105dzenie.<\/li>\n<\/ul>\n<h3>Problem: spam lub niechciane wiadomo\u015bci<\/h3>\n<ul>\n<li>Natychmiast zg\u0142aszaj u\u017cytkownik\u00f3w.<\/li>\n<li>Trzymaj si\u0119 moderowanych pokoj\u00f3w.<\/li>\n<\/ul>\n<h2>Dlaczego ludzie wybieraj\u0105 Knuddels<\/h2>\n<p>Ludzie wybieraj\u0105 Knuddels, poniewa\u017c oferuje:<\/p>\n<ul>\n<li>Duch spo\u0142eczno\u015bci - zbli\u017cony do wczesnych czat\u00f3w internetowych.<\/li>\n<li>Umiar, kt\u00f3ry tworzy bezpieczniejsze \u015brodowisko.<\/li>\n<li>Listy znajomych i profile dla bie\u017c\u0105cych po\u0142\u0105cze\u0144.<\/li>\n<li>Zabawne dodatki, takie jak gry i osi\u0105gni\u0119cia.<\/li>\n<\/ul>\n<p>Jest to idealne rozwi\u0105zanie dla u\u017cytkownik\u00f3w, kt\u00f3rzy chc\u0105 czego\u015b wi\u0119cej ni\u017c przelotnych, przypadkowych czat\u00f3w - chc\u0105 przyjaznej spo\u0142eczno\u015bci cyfrowej.<\/p>\n<h2>Przemy\u015blenia ko\u0144cowe: Czy warto korzysta\u0107 z Knuddels?<\/h2>\n<p>Je\u015bli szukasz zorganizowanej spo\u0142eczno\u015bci czatu online z nostalgi\u0105 i nowoczesnymi narz\u0119dziami, Knuddels jest wart poznania. Cho\u0107 nie zapewnia on takiej spontaniczno\u015bci jak Omegle czy Chatroulette, to doskonale sprawdza si\u0119 w budowaniu przyja\u017ani, grup i przyjaznej atmosfery spo\u0142ecznej.<\/p>\n<p>Czy chcesz:<\/p>\n<ul>\n<li>Do\u0142\u0105cz do t\u0119tni\u0105cych \u017cyciem publicznych czat\u00f3w.<\/li>\n<li>Utrzymuj kontakt z nowymi znajomymi.<\/li>\n<li>Graj w zwyk\u0142e gry podczas czatowania.<\/li>\n<li>Lub po prostu cieszy\u0107 si\u0119 bezpieczn\u0105, pozytywn\u0105 przestrzeni\u0105 do spotka\u0144 towarzyskich...<\/li>\n<\/ul>\n<p>Knuddels zapewnia to wszystko na jednej platformie.<\/p>\n<p>W skr\u00f3cie: Knuddels to d\u0142ugo dzia\u0142aj\u0105ca, oparta na spo\u0142eczno\u015bci us\u0142uga czatu, kt\u00f3ra wype\u0142nia luk\u0119 mi\u0119dzy oldschoolowymi pokojami rozm\u00f3w a nowoczesnymi aplikacjami spo\u0142eczno\u015bciowymi. Jest on szczeg\u00f3lnie odpowiedni dla u\u017cytkownik\u00f3w, kt\u00f3rzy chc\u0105 utrzymywa\u0107 sta\u0142e kontakty, a nie szybkie anonimowe czaty.<\/p>\n<p>Gotowy, by do\u0142\u0105czy\u0107? Zarejestruj si\u0119, przegl\u0105daj pokoje i odkryj, dlaczego Knuddels pozostaje ulubie\u0144cem \u015bwiata czat\u00f3w online po ponad dw\u00f3ch dekadach.<\/p>","protected":false},"excerpt":{"rendered":"<p>While many modern chat platforms focus on quick, anonymous, and random encounters, there are still communities that emphasize friendship, long-term connections, and digital social spaces. One of the most notable platforms in this category is Knuddels, a long-standing online chat service that started in Germany and has since grown into an active, unique social hub. [&hellip;]<\/p>\n","protected":false},"author":6,"featured_media":0,"parent":0,"menu_order":0,"comment_status":"closed","ping_status":"closed","template":"","meta":{"footnotes":""},"class_list":["post-12075","page","type-page","status-publish","hentry"],"yoast_head":"<!-- This site is optimized with the Yoast SEO plugin v27.6 - https:\/\/yoast.com\/product\/yoast-seo-wordpress\/ -->\n<title>Knuddels - Chat &amp; Play for Free in Chatrooms - TinyChat.com<\/title>\n<meta name=\"description\" content=\"Enjoying Knuddels? Join over 50,000,000 strangers on TinyChat! Turn on your cam and start meeting new people, or find a match.\" \/>\n<meta name=\"robots\" content=\"index, follow, max-snippet:-1, max-image-preview:large, max-video-preview:-1\" \/>\n<link rel=\"canonical\" href=\"https:\/\/tinychat.com\/pl\/knuddels\/\" \/>\n<meta property=\"og:locale\" content=\"pl_PL\" \/>\n<meta property=\"og:type\" content=\"article\" \/>\n<meta property=\"og:title\" content=\"Knuddels - Chat &amp; Play for Free in Chatrooms - TinyChat.com\" \/>\n<meta property=\"og:description\" content=\"Enjoying Knuddels? Join over 50,000,000 strangers on TinyChat! Turn on your cam and start meeting new people, or find a match.\" \/>\n<meta property=\"og:url\" content=\"https:\/\/tinychat.com\/pl\/knuddels\/\" \/>\n<meta property=\"og:site_name\" content=\"TinyChat\" \/>\n<meta property=\"article:publisher\" content=\"https:\/\/www.facebook.com\/tinychat\" \/>\n<meta property=\"article:modified_time\" content=\"2025-09-29T10:42:16+00:00\" \/>\n<meta property=\"og:image\" content=\"https:\/\/tinychat.com\/wp-content\/uploads\/2020\/04\/Tinychat-logo-1280x284-new-black.png\" \/>\n\t<meta property=\"og:image:width\" content=\"1280\" \/>\n\t<meta property=\"og:image:height\" content=\"284\" \/>\n\t<meta property=\"og:image:type\" content=\"image\/png\" \/>\n<meta name=\"twitter:card\" content=\"summary_large_image\" \/>\n<meta name=\"twitter:site\" content=\"@tinychat\" \/>\n<meta name=\"twitter:label1\" content=\"Szacowany czas czytania\" \/>\n\t<meta name=\"twitter:data1\" content=\"6 minut\" \/>\n<script type=\"application\/ld+json\" class=\"yoast-schema-graph\">{\"@context\":\"https:\\\/\\\/schema.org\",\"@graph\":[{\"@type\":\"WebPage\",\"@id\":\"https:\\\/\\\/tinychat.com\\\/knuddels\\\/\",\"url\":\"https:\\\/\\\/tinychat.com\\\/knuddels\\\/\",\"name\":\"Knuddels - Chat & Play for Free in Chatrooms - TinyChat.com\",\"isPartOf\":{\"@id\":\"https:\\\/\\\/tinychat.com\\\/#website\"},\"datePublished\":\"2025-09-29T08:54:27+00:00\",\"dateModified\":\"2025-09-29T10:42:16+00:00\",\"description\":\"Enjoying Knuddels? Join over 50,000,000 strangers on TinyChat! Turn on your cam and start meeting new people, or find a match.\",\"breadcrumb\":{\"@id\":\"https:\\\/\\\/tinychat.com\\\/knuddels\\\/#breadcrumb\"},\"inLanguage\":\"pl-PL\",\"potentialAction\":[{\"@type\":\"ReadAction\",\"target\":[\"https:\\\/\\\/tinychat.com\\\/knuddels\\\/\"]}]},{\"@type\":\"BreadcrumbList\",\"@id\":\"https:\\\/\\\/tinychat.com\\\/knuddels\\\/#breadcrumb\",\"itemListElement\":[{\"@type\":\"ListItem\",\"position\":1,\"name\":\"Home\",\"item\":\"https:\\\/\\\/tinychat.com\\\/\"},{\"@type\":\"ListItem\",\"position\":2,\"name\":\"Knuddels\"}]},{\"@type\":\"WebSite\",\"@id\":\"https:\\\/\\\/tinychat.com\\\/#website\",\"url\":\"https:\\\/\\\/tinychat.com\\\/\",\"name\":\"TinyChat\",\"description\":\"Random Video Chat with Strangers\",\"publisher\":{\"@id\":\"https:\\\/\\\/tinychat.com\\\/#organization\"},\"alternateName\":\"TinyChat.com\",\"potentialAction\":[{\"@type\":\"SearchAction\",\"target\":{\"@type\":\"EntryPoint\",\"urlTemplate\":\"https:\\\/\\\/tinychat.com\\\/?s={search_term_string}\"},\"query-input\":{\"@type\":\"PropertyValueSpecification\",\"valueRequired\":true,\"valueName\":\"search_term_string\"}}],\"inLanguage\":\"pl-PL\"},{\"@type\":\"Organization\",\"@id\":\"https:\\\/\\\/tinychat.com\\\/#organization\",\"name\":\"TinyChat\",\"alternateName\":\"TinyChat.com\",\"url\":\"https:\\\/\\\/tinychat.com\\\/\",\"logo\":{\"@type\":\"ImageObject\",\"inLanguage\":\"pl-PL\",\"@id\":\"https:\\\/\\\/tinychat.com\\\/#\\\/schema\\\/logo\\\/image\\\/\",\"url\":\"https:\\\/\\\/tinychat.com\\\/wp-content\\\/uploads\\\/2023\\\/11\\\/Tinychat-icon-square.png\",\"contentUrl\":\"https:\\\/\\\/tinychat.com\\\/wp-content\\\/uploads\\\/2023\\\/11\\\/Tinychat-icon-square.png\",\"width\":284,\"height\":284,\"caption\":\"TinyChat\"},\"image\":{\"@id\":\"https:\\\/\\\/tinychat.com\\\/#\\\/schema\\\/logo\\\/image\\\/\"},\"sameAs\":[\"https:\\\/\\\/www.facebook.com\\\/tinychat\",\"https:\\\/\\\/x.com\\\/tinychat\"]}]}<\/script>\n<!-- \/ Yoast SEO plugin. -->","yoast_head_json":{"title":"Knuddels - Czatuj i graj za darmo na czatach - TinyChat.com","description":"Podoba ci si\u0119 Knuddels? Do\u0142\u0105cz do ponad 50 000 000 nieznajomych na TinyChat! W\u0142\u0105cz kamer\u0119 i zacznij poznawa\u0107 nowych ludzi lub znajd\u017a partnera.","robots":{"index":"index","follow":"follow","max-snippet":"max-snippet:-1","max-image-preview":"max-image-preview:large","max-video-preview":"max-video-preview:-1"},"canonical":"https:\/\/tinychat.com\/pl\/knuddels\/","og_locale":"pl_PL","og_type":"article","og_title":"Knuddels - Chat & Play for Free in Chatrooms - TinyChat.com","og_description":"Enjoying Knuddels? Join over 50,000,000 strangers on TinyChat! Turn on your cam and start meeting new people, or find a match.","og_url":"https:\/\/tinychat.com\/pl\/knuddels\/","og_site_name":"TinyChat","article_publisher":"https:\/\/www.facebook.com\/tinychat","article_modified_time":"2025-09-29T10:42:16+00:00","og_image":[{"width":1280,"height":284,"url":"https:\/\/tinychat.com\/wp-content\/uploads\/2020\/04\/Tinychat-logo-1280x284-new-black.png","type":"image\/png"}],"twitter_card":"summary_large_image","twitter_site":"@tinychat","twitter_misc":{"Szacowany czas czytania":"6 minut"},"schema":{"@context":"https:\/\/schema.org","@graph":[{"@type":"WebPage","@id":"https:\/\/tinychat.com\/knuddels\/","url":"https:\/\/tinychat.com\/knuddels\/","name":"Knuddels - Czatuj i graj za darmo na czatach - TinyChat.com","isPartOf":{"@id":"https:\/\/tinychat.com\/#website"},"datePublished":"2025-09-29T08:54:27+00:00","dateModified":"2025-09-29T10:42:16+00:00","description":"Podoba ci si\u0119 Knuddels? Do\u0142\u0105cz do ponad 50 000 000 nieznajomych na TinyChat! W\u0142\u0105cz kamer\u0119 i zacznij poznawa\u0107 nowych ludzi lub znajd\u017a partnera.","breadcrumb":{"@id":"https:\/\/tinychat.com\/knuddels\/#breadcrumb"},"inLanguage":"pl-PL","potentialAction":[{"@type":"ReadAction","target":["https:\/\/tinychat.com\/knuddels\/"]}]},{"@type":"BreadcrumbList","@id":"https:\/\/tinychat.com\/knuddels\/#breadcrumb","itemListElement":[{"@type":"ListItem","position":1,"name":"Home","item":"https:\/\/tinychat.com\/"},{"@type":"ListItem","position":2,"name":"Knuddels"}]},{"@type":"WebSite","@id":"https:\/\/tinychat.com\/#website","url":"https:\/\/tinychat.com\/","name":"TinyChat","description":"Losowy czat wideo z nieznajomymi","publisher":{"@id":"https:\/\/tinychat.com\/#organization"},"alternateName":"TinyChat.com","potentialAction":[{"@type":"SearchAction","target":{"@type":"EntryPoint","urlTemplate":"https:\/\/tinychat.com\/?s={search_term_string}"},"query-input":{"@type":"PropertyValueSpecification","valueRequired":true,"valueName":"search_term_string"}}],"inLanguage":"pl-PL"},{"@type":"Organization","@id":"https:\/\/tinychat.com\/#organization","name":"TinyChat","alternateName":"TinyChat.com","url":"https:\/\/tinychat.com\/","logo":{"@type":"ImageObject","inLanguage":"pl-PL","@id":"https:\/\/tinychat.com\/#\/schema\/logo\/image\/","url":"https:\/\/tinychat.com\/wp-content\/uploads\/2023\/11\/Tinychat-icon-square.png","contentUrl":"https:\/\/tinychat.com\/wp-content\/uploads\/2023\/11\/Tinychat-icon-square.png","width":284,"height":284,"caption":"TinyChat"},"image":{"@id":"https:\/\/tinychat.com\/#\/schema\/logo\/image\/"},"sameAs":["https:\/\/www.facebook.com\/tinychat","https:\/\/x.com\/tinychat"]}]}},"_links":{"self":[{"href":"https:\/\/tinychat.com\/pl\/wp-json\/wp\/v2\/pages\/12075","targetHints":{"allow":["GET"]}}],"collection":[{"href":"https:\/\/tinychat.com\/pl\/wp-json\/wp\/v2\/pages"}],"about":[{"href":"https:\/\/tinychat.com\/pl\/wp-json\/wp\/v2\/types\/page"}],"author":[{"embeddable":true,"href":"https:\/\/tinychat.com\/pl\/wp-json\/wp\/v2\/users\/6"}],"replies":[{"embeddable":true,"href":"https:\/\/tinychat.com\/pl\/wp-json\/wp\/v2\/comments?post=12075"}],"version-history":[{"count":4,"href":"https:\/\/tinychat.com\/pl\/wp-json\/wp\/v2\/pages\/12075\/revisions"}],"predecessor-version":[{"id":13543,"href":"https:\/\/tinychat.com\/pl\/wp-json\/wp\/v2\/pages\/12075\/revisions\/13543"}],"wp:attachment":[{"href":"https:\/\/tinychat.com\/pl\/wp-json\/wp\/v2\/media?parent=12075"}],"curies":[{"name":"wp","href":"https:\/\/api.w.org\/{rel}","templated":true}]}}