{"id":12310,"date":"2025-08-04T11:29:50","date_gmt":"2025-08-04T09:29:50","guid":{"rendered":"https:\/\/tinychat.com\/?page_id=12310"},"modified":"2025-08-04T11:57:45","modified_gmt":"2025-08-04T09:57:45","slug":"mirami","status":"publish","type":"page","link":"https:\/\/tinychat.com\/pl\/mirami\/","title":{"rendered":"Mirami"},"content":{"rendered":"<p>W dzisiejszej erze cyfrowej, w kt\u00f3rej prywatno\u015b\u0107, po\u0142\u0105czenia w czasie rzeczywistym i prostota s\u0105 cenione bardziej ni\u017c kiedykolwiek, pojawiaj\u0105 si\u0119 nowe platformy spe\u0142niaj\u0105ce te potrzeby bez baga\u017cu starszych medi\u00f3w spo\u0142eczno\u015bciowych lub z\u0142o\u017conych aplikacji. Mirami - znajduj\u0105cy si\u0119 pod adresem mirami.chat - jest jednym z najbardziej ekscytuj\u0105cych, zorientowanych na u\u017cytkownika dodatk\u00f3w do \u015bwiata losowych czat\u00f3w online, oferuj\u0105c usprawnione, zapewniaj\u0105ce prywatno\u015b\u0107 \u015brodowisko dla os\u00f3b, kt\u00f3re chc\u0105 pozna\u0107 nieznajomych, zaprzyja\u017ani\u0107 si\u0119 lub po prostu do\u015bwiadczy\u0107 prawdziwej rozmowy.<\/p>\n<p>Mirami wyr\u00f3\u017cnia si\u0119 eleganckim po\u0142\u0105czeniem czatu wideo i tekstowego, polityk\u0105 braku rejestracji oraz silnym naciskiem na bezpiecze\u0144stwo, integracj\u0119 i globalny zasi\u0119g. Niezale\u017cnie od tego, czy chcesz czatowa\u0107 dla zabawy, znale\u017a\u0107 wsparcie, pozna\u0107 nowe kultury, czy po prostu zobaczy\u0107, kto tam jest, Mirami.chat zapewnia spontaniczne i bezpieczne do\u015bwiadczenie online - zawsze za darmo, zawsze anonimowo.<\/p>\n<p>W tym szczeg\u00f3\u0142owym przewodniku dowiesz si\u0119 wszystkiego o Mirami: czym jest, jak dzia\u0142a, jego kluczowe funkcje, wra\u017cenia u\u017cytkownika, prywatno\u015b\u0107 i bezpiecze\u0144stwo, por\u00f3wnania z wiod\u0105cymi platformami czatowymi, rozwi\u0105zywanie problem\u00f3w i profesjonalne wskaz\u00f3wki, jak najlepiej wykorzysta\u0107 ka\u017cd\u0105 sesj\u0119.<\/p>\n<h2>Czym jest Mirami?<\/h2>\n<p>Mirami to platforma czat\u00f3w losowych nowej generacji, zaprojektowana do \u0142\u0105czenia ludzi z ca\u0142ego \u015bwiata za po\u015brednictwem czat\u00f3w wideo lub tekstowych - ca\u0142kowicie anonimowo i bez rejestracji. Podobnie jak Omegle, Chatrandom lub ChatHub, Mirami \u0142\u0105czy nieznajomych w prywatnych pokojach jeden na jednego w celu prowadzenia spontanicznych rozm\u00f3w.<\/p>\n<p>Ale Mirami wyr\u00f3\u017cnia si\u0119 tym:<\/p>\n<ul>\n<li>\u015awie\u017cy, nowoczesny interfejs u\u017cytkownika<\/li>\n<li>Nie wymaga reklam ani instalacji aplikacji<\/li>\n<li>Silne zaanga\u017cowanie w ochron\u0119 prywatno\u015bci u\u017cytkownik\u00f3w i moderacj\u0119<\/li>\n<li>Opcje wideo i tekstowe<\/li>\n<li>Inteligentne filtrowanie (j\u0119zyk, lokalizacja i zainteresowania)<\/li>\n<li>Zero rejestracji, zero wymaganych danych osobowych<\/li>\n<\/ul>\n<p>Misj\u0105 Mirami jest bycie najbezpieczniejszym, naj\u0142atwiejszym i najprzyjemniejszym miejscem online do prawdziwych rozm\u00f3w mi\u0119dzy nieznajomymi, czy to w celu przyja\u017ani, flirtu, wsparcia, czy po prostu ciekawo\u015bci.<\/p>\n<h2>Kluczowe cechy czatu Mirami<\/h2>\n<p>Atrakcyjno\u015b\u0107 Mirami polega na starannym po\u0142\u0105czeniu podstawowych funkcji i zabezpiecze\u0144 u\u017cytkownika:<\/p>\n<h3>1. Natychmiastowy losowy czat wideo i tekstowy<\/h3>\n<ul>\n<li>Po\u0142\u0105cz si\u0119 w kilka sekund: Nie trzeba si\u0119 rejestrowa\u0107 ani wype\u0142nia\u0107 formularzy. Wystarczy klikn\u0105\u0107 i rozmawia\u0107.<\/li>\n<li>Wideo lub tekst: Zacznij od tekstu i przejd\u017a na wideo, gdy poczujesz si\u0119 komfortowo, lub pozosta\u0144 tylko przy tek\u015bcie, je\u015bli wolisz.<\/li>\n<\/ul>\n<h3>2. Nie jest wymagana rejestracja ani dane osobowe<\/h3>\n<ul>\n<li>100% anonimowy: Nigdy nie musisz podawa\u0107 imienia i nazwiska, adresu e-mail ani profilu w mediach spo\u0142eczno\u015bciowych.<\/li>\n<li>Koncentracja na prywatno\u015bci: Mirami nigdy nie prosi o dane i nie rejestruje rozm\u00f3w.<\/li>\n<\/ul>\n<h3>3. Zaawansowane filtrowanie<\/h3>\n<ul>\n<li>Filtry j\u0119zyka i lokalizacji: \u0141\u0105cz si\u0119 z osobami, kt\u00f3re m\u00f3wi\u0105 w Twoim j\u0119zyku lub pochodz\u0105 z okre\u015blonego kraju lub regionu.<\/li>\n<li>Tagi zainteresowa\u0144: Opcjonalnie wybierz zainteresowania, aby dopasowa\u0107 si\u0119 do podobnie my\u015bl\u0105cych u\u017cytkownik\u00f3w.<\/li>\n<\/ul>\n<h3>4. Prosty, nowoczesny interfejs<\/h3>\n<ul>\n<li>Przejrzysta i intuicyjna: Witryna dzia\u0142a p\u0142ynnie zar\u00f3wno w przegl\u0105darkach stacjonarnych, jak i mobilnych, z przejrzystym wygl\u0105dem i szybkim dzia\u0142aniem.<\/li>\n<li>Bez reklam: Ciesz si\u0119 czatem bez rozpraszania uwagi - bez wyskakuj\u0105cych okienek, baner\u00f3w i \u015bledzenia.<\/li>\n<\/ul>\n<h3>5. Bezpieczna i szanuj\u0105ca si\u0119 spo\u0142eczno\u015b\u0107<\/h3>\n<ul>\n<li>Aktywna moderacja: Zautomatyzowani i ludzcy moderatorzy pracuj\u0105 nad blokowaniem nadu\u017cy\u0107, spamu i bot\u00f3w.<\/li>\n<li>Funkcje szybkiego raportowania\/blokowania: Natychmiastowe zako\u0144czenie niewygodnej rozmowy i przej\u015bcie dalej.<\/li>\n<\/ul>\n<h3>6. Brak dziennik\u00f3w czatu lub przechowywania danych<\/h3>\n<ul>\n<li>Rozmowy s\u0105 tymczasowe: Po opuszczeniu lub zamkni\u0119ciu czatu wszystko znika - nic nie jest zapisywane na serwerach Mirami.<\/li>\n<\/ul>\n<h3>7. Darmowy dla ka\u017cdego<\/h3>\n<ul>\n<li>Brak ukrytych op\u0142at i zap\u00f3r sieciowych: Wszystkie funkcje s\u0105 dost\u0119pne bez op\u0142at i aktualizacji.<\/li>\n<\/ul>\n<h2>Jak korzysta\u0107 z Mirami<\/h2>\n<p>Mirami zosta\u0142 zaprojektowany tak, aby by\u0142 jak najbardziej dost\u0119pnym czatem losowym. Oto jak zacz\u0105\u0107:<\/p>\n<h3>Krok 1: Odwied\u017a stron\u0119 internetow\u0105 Mirami<\/h3>\n<p>Otw\u00f3rz mirami.chat w dowolnej przegl\u0105darce internetowej (stacjonarnej lub mobilnej).<\/p>\n<h3>Krok 2: Wybierz tryb czatu<\/h3>\n<ul>\n<li>Czat tekstowy: \u015awietny dla nie\u015bmia\u0142ych u\u017cytkownik\u00f3w lub do prywatnych rozm\u00f3w.<\/li>\n<li>Czat wideo: W\u0142\u0105cz uprawnienia kamery i mikrofonu dla prawdziwych czat\u00f3w twarz\u0105 w twarz.<\/li>\n<\/ul>\n<h3>Krok 3: Ustaw filtry (opcjonalnie)<\/h3>\n<ul>\n<li>Wybierz j\u0119zyk lub kraj, aby uzyska\u0107 wi\u0119cej trafnych dopasowa\u0144.<\/li>\n<li>Wybierz znaczniki zainteresowania, je\u015bli s\u0105 dost\u0119pne.<\/li>\n<\/ul>\n<h3>Krok 4: Rozpocznij czat<\/h3>\n<ul>\n<li>Zostaniesz natychmiast po\u0142\u0105czony z nieznajomym.<\/li>\n<li>Przywitaj si\u0119, rozpocznij rozmow\u0119 lub podziel si\u0119 swoimi zainteresowaniami.<\/li>\n<\/ul>\n<h3>Krok 5: Zako\u0144cz lub kontynuuj<\/h3>\n<ul>\n<li>U\u017cyj przycisku Dalej, aby przej\u015b\u0107 do nowego u\u017cytkownika w dowolnym momencie.<\/li>\n<li>Je\u015bli czat idzie dobrze, ciesz si\u0119 rozmow\u0105 tak d\u0142ugo, jak chcesz.<\/li>\n<\/ul>\n<h3>Krok 6: Zg\u0142o\u015b lub zablokuj (w razie potrzeby)<\/h3>\n<ul>\n<li>Je\u015bli kto\u015b jest nieodpowiedni, u\u017cyj narz\u0119dzia do zg\u0142aszania\/blokowania - moderatorzy MTP79T dzia\u0142aj\u0105 szybko, aby usun\u0105\u0107 osoby naruszaj\u0105ce regulamin.<\/li>\n<\/ul>\n<h2>Wra\u017cenia u\u017cytkownika na Mirami<\/h2>\n<p>Podej\u015bcie Mirami polega na \u0142atwo\u015bci, prywatno\u015bci i prawdziwym po\u0142\u0105czeniu:<\/p>\n<h3>Co kochaj\u0105 u\u017cytkownicy<\/h3>\n<ul>\n<li>Bez k\u0142opot\u00f3w z rejestracj\u0105: Zacznij czatowa\u0107 w kilka sekund, bez formularzy i kont.<\/li>\n<li>Czysty interfejs bez reklam: Nie rozprasza i nie przeszkadza.<\/li>\n<li>Zoptymalizowany pod k\u0105tem urz\u0105dze\u0144 mobilnych i stacjonarnych: P\u0142ynna i bezproblemowa obs\u0142uga na ka\u017cdym urz\u0105dzeniu.<\/li>\n<li>Zar\u00f3wno opcje wideo, jak i tekstowe: Wybierz sw\u00f3j poziom komfortu i zaanga\u017cowania.<\/li>\n<li>Szybka moderacja: Trolle i spam s\u0105 rzadkie i szybko rozwi\u0105zywane.<\/li>\n<li>Inteligentne filtry: Pomaga znale\u017a\u0107 osoby, z kt\u00f3rymi masz wi\u0119ksze szanse nawi\u0105za\u0107 kontakt.<\/li>\n<li>Silna ochrona prywatno\u015bci: Brak log\u00f3w, brak \u015bledzenia, brak danych kiedykolwiek przechowywanych.<\/li>\n<\/ul>\n<h3>Gdzie u\u017cytkownicy widz\u0105 pole do poprawy<\/h3>\n<ul>\n<li>Brak czatu grupowego (obecnie tylko jeden na jednego).<\/li>\n<li>Czat wideo wymaga uprawnie\u0144 do kamery\/mikrofonu w przegl\u0105darce.<\/li>\n<li>Baza u\u017cytkownik\u00f3w mo\u017ce si\u0119 zmienia\u0107 - wi\u0119cej u\u017cytkownik\u00f3w online wieczorami\/weekendy.<\/li>\n<li>Niekt\u00f3re funkcje (np. znaczniki zainteresowa\u0144) s\u0105 w fazie rozwoju i mog\u0105 si\u0119 r\u00f3\u017cni\u0107.<\/li>\n<\/ul>\n<h3>Rzeczywiste opinie u\u017cytkownik\u00f3w<\/h3>\n<blockquote><p>\"Mirami jest tym, czym powinien by\u0107 losowy czat - bez nonsens\u00f3w, bez rejestracji i mo\u017cesz pozna\u0107 prawdziwych ludzi z dowolnego miejsca\".<br \/>\n- <em>James P., Trustpilot<\/em><\/p><\/blockquote>\n<blockquote><p>\"U\u017cywam go do \u0107wiczenia angielskiego i poznawania znajomych z Europy i Azji. Super \u0142atwa, bez irytuj\u0105cych reklam\".<br \/>\n- <em>Lina W., Opinie Google<\/em><\/p><\/blockquote>\n<blockquote><p>\"Szybki, prywatny i o wiele czystszy ni\u017c wi\u0119kszo\u015b\u0107 innych witryn do czatowania\".<br \/>\n- <em>Oscar R., App Store<\/em><\/p><\/blockquote>\n<h2>Mirami vs. inne platformy czatu losowego<\/h2>\n<p>Jak Mirami wypada na tle najlepszych marek w bran\u017cy?<\/p>\n<table>\n<thead>\n<tr>\n<th>Cecha<\/th>\n<th>Mirami<\/th>\n<th>OmegleWeb<\/th>\n<th>ChatHub<\/th>\n<th>Chatiwi<\/th>\n<th>StrangerCam<\/th>\n<th>Chatrandom<\/th>\n<\/tr>\n<\/thead>\n<tbody>\n<tr>\n<td>Rejestracja nie jest wymagana<\/td>\n<td>Tak<\/td>\n<td>Tak<\/td>\n<td>Tak<\/td>\n<td>Tak<\/td>\n<td>Tak<\/td>\n<td>Tak<\/td>\n<\/tr>\n<tr>\n<td>Czat tekstowy i wideo<\/td>\n<td>Oba<\/td>\n<td>Oba<\/td>\n<td>Oba<\/td>\n<td>Tekst<\/td>\n<td>Oba<\/td>\n<td>Oba<\/td>\n<\/tr>\n<tr>\n<td>Brak reklam\/\u015bledzenia<\/td>\n<td>Tak<\/td>\n<td>Nie<\/td>\n<td>Nie<\/td>\n<td>Tak<\/td>\n<td>\u26a0\ufe0f Limited<\/td>\n<td>Nie<\/td>\n<\/tr>\n<tr>\n<td>Prywatno\u015b\u0107 od pocz\u0105tku do ko\u0144ca<\/td>\n<td>Tak<\/td>\n<td>Nie<\/td>\n<td>\u26a0\ufe0f Cz\u0119\u015bciowe<\/td>\n<td>Tak<\/td>\n<td>\u26a0\ufe0f Cz\u0119\u015bciowe<\/td>\n<td>Nie<\/td>\n<\/tr>\n<tr>\n<td>Filtry zainteresowa\u0144\/lokalizacji<\/td>\n<td>Tak<\/td>\n<td>Tak<\/td>\n<td>Tak<\/td>\n<td>Tak<\/td>\n<td>Tak<\/td>\n<td>Tak<\/td>\n<\/tr>\n<tr>\n<td>Czat grupowy<\/td>\n<td>Nie<\/td>\n<td>Nie<\/td>\n<td>Tak<\/td>\n<td>Tak<\/td>\n<td>Nie<\/td>\n<td>Tak<\/td>\n<\/tr>\n<tr>\n<td>Aktywna moderacja<\/td>\n<td>Tak<\/td>\n<td>Tak<\/td>\n<td>Tak<\/td>\n<td>Tak<\/td>\n<td>Tak<\/td>\n<td>Tak<\/td>\n<\/tr>\n<tr>\n<td>Przyjazny dla urz\u0105dze\u0144 mobilnych<\/td>\n<td>Tak<\/td>\n<td>Tak<\/td>\n<td>Tak<\/td>\n<td>Tak<\/td>\n<td>Tak<\/td>\n<td>Tak<\/td>\n<\/tr>\n<\/tbody>\n<\/table>\n<p>Podsumowanie: Mirami wyr\u00f3\u017cnia si\u0119 nowoczesnym, pozbawionym reklam wygl\u0105dem, skupieniem si\u0119 na rozmowach jeden na jeden, prawdziw\u0105 prywatno\u015bci\u0105 i natychmiastowym dost\u0119pem - jest idealny dla u\u017cytkownik\u00f3w, kt\u00f3rzy chc\u0105 czatowa\u0107 bez rozpraszania uwagi, bezpiecznie i przyjemnie.<\/p>\n<h2>Czy Mirami jest bezpieczny?<\/h2>\n<p>Bezpiecze\u0144stwo i prywatno\u015b\u0107 s\u0105 priorytetami w Mirami:<\/p>\n<ul>\n<li>Bez rejestracji, bez gromadzenia danych osobowych<\/li>\n<li>Nie s\u0105 przechowywane \u017cadne dzienniki danych ani historia rozm\u00f3w<\/li>\n<li>Kompleksowa prywatno\u015b\u0107 dla wszystkich czat\u00f3w<\/li>\n<li>Funkcje natychmiastowego raportowania\/blokowania<\/li>\n<li>Aktywna automatyczna i ludzka moderacja<\/li>\n<\/ul>\n<h3>Wskaz\u00f3wki dotycz\u0105ce bezpiecze\u0144stwa<\/h3>\n<ul>\n<li>Nigdy nie udost\u0119pniaj swojego prawdziwego imienia i nazwiska, adresu ani poufnych danych.<\/li>\n<li>U\u017cyj filtr\u00f3w, aby dopasowa\u0107 si\u0119 do u\u017cytkownik\u00f3w z Twojego kraju lub m\u00f3wi\u0105cych w Twoim j\u0119zyku.<\/li>\n<li>Zako\u0144cz lub zg\u0142o\u015b czat, kt\u00f3ry sprawia, \u017ce czujesz si\u0119 niekomfortowo.<\/li>\n<li>Zaufaj swojemu instynktowi i ciesz si\u0119 wolno\u015bci\u0105, jak\u0105 daje anonimowo\u015b\u0107.<\/li>\n<\/ul>\n<h2>Wskaz\u00f3wki, jak w pe\u0142ni wykorzysta\u0107 mo\u017cliwo\u015bci Mirami<\/h2>\n<ul>\n<li>Zacznij od przyjaznego powitania: Otwiera wi\u0119cej rozm\u00f3w.<\/li>\n<li>Eksperymentuj z filtrami j\u0119zyka\/kraju: \u0106wicz nowe j\u0119zyki lub \u0142\u0105cz si\u0119 z mieszka\u0144cami.<\/li>\n<li>Zachowaj anonimowo\u015b\u0107: Zachowaj prywatno\u015b\u0107 danych osobowych, chyba \u017ce czujesz si\u0119 komfortowo.<\/li>\n<li>Prze\u0142\u0105czaj si\u0119 mi\u0119dzy tekstem a wideo: Korzystaj z tego, co odpowiada Twojemu nastrojowi i wygodzie.<\/li>\n<li>U\u017cyj przycisku zg\u0142o\u015b\/zablokuj: Pom\u00f3\u017c zachowa\u0107 bezpiecze\u0144stwo spo\u0142eczno\u015bci Mirami.<\/li>\n<li>Wypr\u00f3buj zar\u00f3wno wersj\u0119 stacjonarn\u0105, jak i mobiln\u0105: Ciesz si\u0119 p\u0142ynn\u0105 obs\u0142ug\u0105 na wszystkich urz\u0105dzeniach.<\/li>\n<li>Sprawd\u017a w r\u00f3\u017cnych godzinach: Szczyt aktywno\u015bci przypada zazwyczaj na wieczory i weekendy.<\/li>\n<\/ul>\n<h2>Rozwi\u0105zywanie typowych problem\u00f3w z Mirami<\/h2>\n<h3>Nie mo\u017cna uruchomi\u0107 czatu wideo<\/h3>\n<p>Sprawd\u017a uprawnienia przegl\u0105darki i zezw\u00f3l na dost\u0119p do kamery i mikrofonu.<\/p>\n<h3>Nie mo\u017cna po\u0142\u0105czy\u0107 lub znale\u017a\u0107 u\u017cytkownik\u00f3w<\/h3>\n<p>Spr\u00f3buj u\u017cy\u0107 innych filtr\u00f3w, sprawd\u017a po\u0142\u0105czenie internetowe lub wr\u00f3\u0107 w bardziej ruchliwym czasie.<\/p>\n<h3>Spam lub nadu\u017cycie<\/h3>\n<p>U\u017cyj narz\u0119dzia do zg\u0142aszania\/blokowania - moderatorzy s\u0105 natychmiast powiadamiani.<\/p>\n<h3>Straci\u0142em dobry czat<\/h3>\n<p>Mirami zosta\u0142 zaprojektowany z my\u015bl\u0105 o prywatno\u015bci - \u017cadne logi czatu nie s\u0105 zapisywane. Je\u015bli chcesz pozosta\u0107 w kontakcie, wymie\u0144 dane kontaktowe (ostro\u017cnie i tylko wtedy, gdy czujesz si\u0119 bezpiecznie).<\/p>\n<h3>Strona nie \u0142aduje si\u0119<\/h3>\n<p>Od\u015bwie\u017c przegl\u0105dark\u0119, wyczy\u015b\u0107 pami\u0119\u0107 podr\u0119czn\u0105 lub wypr\u00f3buj inne urz\u0105dzenie\/przegl\u0105dark\u0119.<\/p>\n<p>Absolutnie - zw\u0142aszcza dla ka\u017cdego, kto chce nowoczesnego, czystego i prawdziwie prywatnego czatu losowego. Mirami to nowy punkt odniesienia dla anonimowych rozm\u00f3w online, \u0142\u0105cz\u0105cy to, co najlepsze w spontaniczno\u015bci w stylu Omegle z dzisiejszymi standardami bezpiecze\u0144stwa, prywatno\u015bci i \u0142atwo\u015bci u\u017cytkowania.<\/p>\n<p>Niezale\u017cnie od tego, czy chcesz pozna\u0107 nowych przyjaci\u00f3\u0142, czatowa\u0107 dla zabawy, flirtowa\u0107, \u0107wiczy\u0107 j\u0119zyki, czy po prostu zobaczy\u0107, kto tam jest, Mirami.chat jest bram\u0105 do bezpiecznych, anonimowych i niezapomnianych rozm\u00f3w online - bez \u017cadnych zobowi\u0105za\u0144.<\/p>\n<p>Gotowy na poznanie kogo\u015b nowego? Odwied\u017a mirami.chat, wybierz tryb i ciesz si\u0119 bezpiecznym, natychmiastowym czatem ju\u017c dzi\u015b.<\/p>","protected":false},"excerpt":{"rendered":"<p>In today\u2019s digital age, where privacy, real-time connections, and simplicity are valued more than ever, new platforms are emerging to meet these needs without the baggage of legacy social media or complex apps. Mirami\u2014found at mirami.chat\u2014is one of the most exciting, user-focused additions to the world of random online chatting, offering a streamlined, privacy-first environment [&hellip;]<\/p>\n","protected":false},"author":6,"featured_media":0,"parent":0,"menu_order":0,"comment_status":"closed","ping_status":"closed","template":"","meta":{"footnotes":""},"class_list":["post-12310","page","type-page","status-publish","hentry"],"yoast_head":"<!-- This site is optimized with the Yoast SEO plugin v27.5 - https:\/\/yoast.com\/product\/yoast-seo-wordpress\/ -->\n<title>Mirami - Random Video Chat With Girls - TinyChat.com<\/title>\n<meta name=\"description\" content=\"Enjoying Mirami? Join over 50,000,000 strangers on TinyChat! Turn on your cam and start meeting new people, or find a match.\" \/>\n<meta name=\"robots\" content=\"index, follow, max-snippet:-1, max-image-preview:large, max-video-preview:-1\" \/>\n<link rel=\"canonical\" href=\"https:\/\/tinychat.com\/pl\/mirami\/\" \/>\n<meta property=\"og:locale\" content=\"pl_PL\" \/>\n<meta property=\"og:type\" content=\"article\" \/>\n<meta property=\"og:title\" content=\"Mirami - Random Video Chat With Girls - TinyChat.com\" \/>\n<meta property=\"og:description\" content=\"Enjoying Mirami? Join over 50,000,000 strangers on TinyChat! Turn on your cam and start meeting new people, or find a match.\" \/>\n<meta property=\"og:url\" content=\"https:\/\/tinychat.com\/pl\/mirami\/\" \/>\n<meta property=\"og:site_name\" content=\"TinyChat\" \/>\n<meta property=\"article:publisher\" content=\"https:\/\/www.facebook.com\/tinychat\" \/>\n<meta property=\"article:modified_time\" content=\"2025-08-04T09:57:45+00:00\" \/>\n<meta property=\"og:image\" content=\"https:\/\/tinychat.com\/wp-content\/uploads\/2020\/04\/Tinychat-logo-1280x284-new-black.png\" \/>\n\t<meta property=\"og:image:width\" content=\"1280\" \/>\n\t<meta property=\"og:image:height\" content=\"284\" \/>\n\t<meta property=\"og:image:type\" content=\"image\/png\" \/>\n<meta name=\"twitter:card\" content=\"summary_large_image\" \/>\n<meta name=\"twitter:site\" content=\"@tinychat\" \/>\n<meta name=\"twitter:label1\" content=\"Szacowany czas czytania\" \/>\n\t<meta name=\"twitter:data1\" content=\"6 minut\" \/>\n<script type=\"application\/ld+json\" class=\"yoast-schema-graph\">{\"@context\":\"https:\\\/\\\/schema.org\",\"@graph\":[{\"@type\":\"WebPage\",\"@id\":\"https:\\\/\\\/tinychat.com\\\/mirami\\\/\",\"url\":\"https:\\\/\\\/tinychat.com\\\/mirami\\\/\",\"name\":\"Mirami - Random Video Chat With Girls - TinyChat.com\",\"isPartOf\":{\"@id\":\"https:\\\/\\\/tinychat.com\\\/#website\"},\"datePublished\":\"2025-08-04T09:29:50+00:00\",\"dateModified\":\"2025-08-04T09:57:45+00:00\",\"description\":\"Enjoying Mirami? Join over 50,000,000 strangers on TinyChat! Turn on your cam and start meeting new people, or find a match.\",\"breadcrumb\":{\"@id\":\"https:\\\/\\\/tinychat.com\\\/mirami\\\/#breadcrumb\"},\"inLanguage\":\"pl-PL\",\"potentialAction\":[{\"@type\":\"ReadAction\",\"target\":[\"https:\\\/\\\/tinychat.com\\\/mirami\\\/\"]}]},{\"@type\":\"BreadcrumbList\",\"@id\":\"https:\\\/\\\/tinychat.com\\\/mirami\\\/#breadcrumb\",\"itemListElement\":[{\"@type\":\"ListItem\",\"position\":1,\"name\":\"Home\",\"item\":\"https:\\\/\\\/tinychat.com\\\/\"},{\"@type\":\"ListItem\",\"position\":2,\"name\":\"Mirami\"}]},{\"@type\":\"WebSite\",\"@id\":\"https:\\\/\\\/tinychat.com\\\/#website\",\"url\":\"https:\\\/\\\/tinychat.com\\\/\",\"name\":\"TinyChat\",\"description\":\"Random Video Chat with Strangers\",\"publisher\":{\"@id\":\"https:\\\/\\\/tinychat.com\\\/#organization\"},\"alternateName\":\"TinyChat.com\",\"potentialAction\":[{\"@type\":\"SearchAction\",\"target\":{\"@type\":\"EntryPoint\",\"urlTemplate\":\"https:\\\/\\\/tinychat.com\\\/?s={search_term_string}\"},\"query-input\":{\"@type\":\"PropertyValueSpecification\",\"valueRequired\":true,\"valueName\":\"search_term_string\"}}],\"inLanguage\":\"pl-PL\"},{\"@type\":\"Organization\",\"@id\":\"https:\\\/\\\/tinychat.com\\\/#organization\",\"name\":\"TinyChat\",\"alternateName\":\"TinyChat.com\",\"url\":\"https:\\\/\\\/tinychat.com\\\/\",\"logo\":{\"@type\":\"ImageObject\",\"inLanguage\":\"pl-PL\",\"@id\":\"https:\\\/\\\/tinychat.com\\\/#\\\/schema\\\/logo\\\/image\\\/\",\"url\":\"https:\\\/\\\/tinychat.com\\\/wp-content\\\/uploads\\\/2023\\\/11\\\/Tinychat-icon-square.png\",\"contentUrl\":\"https:\\\/\\\/tinychat.com\\\/wp-content\\\/uploads\\\/2023\\\/11\\\/Tinychat-icon-square.png\",\"width\":284,\"height\":284,\"caption\":\"TinyChat\"},\"image\":{\"@id\":\"https:\\\/\\\/tinychat.com\\\/#\\\/schema\\\/logo\\\/image\\\/\"},\"sameAs\":[\"https:\\\/\\\/www.facebook.com\\\/tinychat\",\"https:\\\/\\\/x.com\\\/tinychat\"]}]}<\/script>\n<!-- \/ Yoast SEO plugin. -->","yoast_head_json":{"title":"Mirami - Losowy czat wideo z dziewczynami - TinyChat.com","description":"Korzystasz z Mirami? Do\u0142\u0105cz do ponad 50 000 000 nieznajomych na TinyChat! W\u0142\u0105cz kamer\u0119 i zacznij poznawa\u0107 nowych ludzi lub znajd\u017a partnera.","robots":{"index":"index","follow":"follow","max-snippet":"max-snippet:-1","max-image-preview":"max-image-preview:large","max-video-preview":"max-video-preview:-1"},"canonical":"https:\/\/tinychat.com\/pl\/mirami\/","og_locale":"pl_PL","og_type":"article","og_title":"Mirami - Random Video Chat With Girls - TinyChat.com","og_description":"Enjoying Mirami? Join over 50,000,000 strangers on TinyChat! Turn on your cam and start meeting new people, or find a match.","og_url":"https:\/\/tinychat.com\/pl\/mirami\/","og_site_name":"TinyChat","article_publisher":"https:\/\/www.facebook.com\/tinychat","article_modified_time":"2025-08-04T09:57:45+00:00","og_image":[{"width":1280,"height":284,"url":"https:\/\/tinychat.com\/wp-content\/uploads\/2020\/04\/Tinychat-logo-1280x284-new-black.png","type":"image\/png"}],"twitter_card":"summary_large_image","twitter_site":"@tinychat","twitter_misc":{"Szacowany czas czytania":"6 minut"},"schema":{"@context":"https:\/\/schema.org","@graph":[{"@type":"WebPage","@id":"https:\/\/tinychat.com\/mirami\/","url":"https:\/\/tinychat.com\/mirami\/","name":"Mirami - Losowy czat wideo z dziewczynami - TinyChat.com","isPartOf":{"@id":"https:\/\/tinychat.com\/#website"},"datePublished":"2025-08-04T09:29:50+00:00","dateModified":"2025-08-04T09:57:45+00:00","description":"Korzystasz z Mirami? Do\u0142\u0105cz do ponad 50 000 000 nieznajomych na TinyChat! W\u0142\u0105cz kamer\u0119 i zacznij poznawa\u0107 nowych ludzi lub znajd\u017a partnera.","breadcrumb":{"@id":"https:\/\/tinychat.com\/mirami\/#breadcrumb"},"inLanguage":"pl-PL","potentialAction":[{"@type":"ReadAction","target":["https:\/\/tinychat.com\/mirami\/"]}]},{"@type":"BreadcrumbList","@id":"https:\/\/tinychat.com\/mirami\/#breadcrumb","itemListElement":[{"@type":"ListItem","position":1,"name":"Home","item":"https:\/\/tinychat.com\/"},{"@type":"ListItem","position":2,"name":"Mirami"}]},{"@type":"WebSite","@id":"https:\/\/tinychat.com\/#website","url":"https:\/\/tinychat.com\/","name":"TinyChat","description":"Losowy czat wideo z nieznajomymi","publisher":{"@id":"https:\/\/tinychat.com\/#organization"},"alternateName":"TinyChat.com","potentialAction":[{"@type":"SearchAction","target":{"@type":"EntryPoint","urlTemplate":"https:\/\/tinychat.com\/?s={search_term_string}"},"query-input":{"@type":"PropertyValueSpecification","valueRequired":true,"valueName":"search_term_string"}}],"inLanguage":"pl-PL"},{"@type":"Organization","@id":"https:\/\/tinychat.com\/#organization","name":"TinyChat","alternateName":"TinyChat.com","url":"https:\/\/tinychat.com\/","logo":{"@type":"ImageObject","inLanguage":"pl-PL","@id":"https:\/\/tinychat.com\/#\/schema\/logo\/image\/","url":"https:\/\/tinychat.com\/wp-content\/uploads\/2023\/11\/Tinychat-icon-square.png","contentUrl":"https:\/\/tinychat.com\/wp-content\/uploads\/2023\/11\/Tinychat-icon-square.png","width":284,"height":284,"caption":"TinyChat"},"image":{"@id":"https:\/\/tinychat.com\/#\/schema\/logo\/image\/"},"sameAs":["https:\/\/www.facebook.com\/tinychat","https:\/\/x.com\/tinychat"]}]}},"_links":{"self":[{"href":"https:\/\/tinychat.com\/pl\/wp-json\/wp\/v2\/pages\/12310","targetHints":{"allow":["GET"]}}],"collection":[{"href":"https:\/\/tinychat.com\/pl\/wp-json\/wp\/v2\/pages"}],"about":[{"href":"https:\/\/tinychat.com\/pl\/wp-json\/wp\/v2\/types\/page"}],"author":[{"embeddable":true,"href":"https:\/\/tinychat.com\/pl\/wp-json\/wp\/v2\/users\/6"}],"replies":[{"embeddable":true,"href":"https:\/\/tinychat.com\/pl\/wp-json\/wp\/v2\/comments?post=12310"}],"version-history":[{"count":4,"href":"https:\/\/tinychat.com\/pl\/wp-json\/wp\/v2\/pages\/12310\/revisions"}],"predecessor-version":[{"id":13386,"href":"https:\/\/tinychat.com\/pl\/wp-json\/wp\/v2\/pages\/12310\/revisions\/13386"}],"wp:attachment":[{"href":"https:\/\/tinychat.com\/pl\/wp-json\/wp\/v2\/media?parent=12310"}],"curies":[{"name":"wp","href":"https:\/\/api.w.org\/{rel}","templated":true}]}}