{"id":12317,"date":"2025-05-07T11:56:24","date_gmt":"2025-05-07T09:56:24","guid":{"rendered":"https:\/\/tinychat.com\/?page_id=12317"},"modified":"2025-07-07T18:17:58","modified_gmt":"2025-07-07T16:17:58","slug":"chatgirl","status":"publish","type":"page","link":"https:\/\/tinychat.com\/pl\/chatgirl\/","title":{"rendered":"ChatGirl"},"content":{"rendered":"<p>Wraz z ewolucj\u0105 Internetu, sposoby \u0142\u0105czenia si\u0119 z nieznajomymi online stale si\u0119 poszerzaj\u0105 - ale czasami chcesz platformy, kt\u00f3ra wydaje si\u0119 zar\u00f3wno znajoma, jak i ekscytuj\u0105co inna. ChatGirl jest jednym z takich miejsc. Pierwotnie uruchomiony w Holandii, ChatGirl sta\u0142 si\u0119 rozpoznawaln\u0105 mark\u0105 dla ka\u017cdego, kto chce rozmawia\u0107 z kobietami online, nawi\u0105zywa\u0107 przyja\u017anie lub po prostu do\u015bwiadcza\u0107 bardziej osobistej strony interakcji spo\u0142ecznych.<\/p>\n<p>W przeciwie\u0144stwie do wielu og\u00f3lnych stron z przypadkowymi czatami, ChatGirl jest zbudowany wok\u00f3\u0142 idei \u0142\u0105czenia u\u017cytkownik\u00f3w - zw\u0142aszcza m\u0119\u017cczyzn - z kobietami w celu rozmowy, towarzystwa, a czasem flirtu. ChatGirl to jednak nie tylko kolejna aplikacja randkowa lub strona do podrywu; ChatGirl to przede wszystkim autentyczna rozmowa, wymiana kulturowa i budowanie relacji w bezpiecznym i przyjaznym dla u\u017cytkownika \u015brodowisku.<\/p>\n<p>W tym szczeg\u00f3\u0142owym przewodniku dowiesz si\u0119, jak dzia\u0142a ChatGirl, co odr\u00f3\u017cnia j\u0105 od reszty, jakie s\u0105 wskaz\u00f3wki dotycz\u0105ce korzystania z niej i jak wypada ona na tle innych platform czatowych i wideo.<\/p>\n<h2>Czym jest ChatGirl?<\/h2>\n<p>ChatGirl to internetowa platforma czatowa, kt\u00f3ra powsta\u0142a w Holandii i zosta\u0142a zaprojektowana, aby u\u0142atwi\u0107 ludziom - zw\u0142aszcza m\u0119\u017cczyznom - rozmow\u0119 z kobietami online, zar\u00f3wno w otwartych pokojach rozm\u00f3w, jak i jeden na jednego. Podczas gdy jej branding i funkcje koncentruj\u0105 si\u0119 na obecno\u015bci kobiet, platforma wita ka\u017cdego, kto szuka przyjaznych, pe\u0142nych szacunku rozm\u00f3w.<\/p>\n<p>Od swoich holenderskich pocz\u0105tk\u00f3w, ChatGirl szybko zyska\u0142 na popularno\u015bci, przyci\u0105gaj\u0105c u\u017cytkownik\u00f3w nie tylko z Holandii i Belgii, ale tak\u017ce z Niemiec, Wielkiej Brytanii, Stan\u00f3w Zjednoczonych i innych kraj\u00f3w. Przyst\u0119pny design strony, wieloj\u0119zyczne wsparcie i skupienie si\u0119 na bezpiecze\u0144stwie pomog\u0142y jej zdoby\u0107 lojalnych fan\u00f3w.<\/p>\n<p>W przeciwie\u0144stwie do niekt\u00f3rych platform czatu wideo w stylu \"ruletki\", ChatGirl koncentruje si\u0119 g\u0142\u00f3wnie na czacie tekstowym, cho\u0107 niekt\u00f3re pokoje i u\u017cytkownicy umo\u017cliwiaj\u0105 r\u00f3wnie\u017c interakcje z kamer\u0105 internetow\u0105. Platforma zach\u0119ca do szczerej rozmowy, szacunku i prywatno\u015bci, dzi\u0119ki czemu jest idealna zar\u00f3wno dla nowicjuszy, jak i sta\u0142ych bywalc\u00f3w.<\/p>\n<h2>G\u0142\u00f3wne cechy ChatGirl<\/h2>\n<p>Unikalna warto\u015b\u0107 ChatGirl wynika z po\u0142\u0105czenia europejskiej kultury czatu z nowoczesnymi funkcjami internetowymi, czego rezultatem jest przestrze\u0144, kt\u00f3ra jest ciep\u0142a, zabawna i \u0142atwa w u\u017cyciu.<\/p>\n<h3>1. Inspirowany Holandi\u0105, dost\u0119pny na ca\u0142ym \u015bwiecie<\/h3>\n<p>Cho\u0107 ChatGirl rozpocz\u0119\u0142a swoj\u0105 dzia\u0142alno\u015b\u0107 jako platforma holenderskoj\u0119zyczna, obecnie przyjmuje u\u017cytkownik\u00f3w z ca\u0142ego \u015bwiata, oferuj\u0105c pokoje i moderacj\u0119 w j\u0119zyku holenderskim, angielskim, a cz\u0119sto tak\u017ce niemieckim lub francuskim. Ten mi\u0119dzynarodowy zasi\u0119g \u0142\u0105czy ludzi z wielu kultur, tworz\u0105c \u017cywe i r\u00f3\u017cnorodne rozmowy.<\/p>\n<h3>2. Czaty tekstowe<\/h3>\n<p>Podstaw\u0105 ChatGirl s\u0105 publiczne czaty. Te pokoje mog\u0105 by\u0107:<\/p>\n<ul>\n<li>Czat og\u00f3lny, otwarty dla wszystkich<\/li>\n<li>Przestrzenie tylko dla kobiet zapewniaj\u0105ce komfort i prywatno\u015b\u0107<\/li>\n<li>Flirt lub pokoje randkowe dla os\u00f3b szukaj\u0105cych romansu<\/li>\n<li>Pokoje regionalne dla u\u017cytkownik\u00f3w holenderskich, belgijskich lub mi\u0119dzynarodowych<\/li>\n<\/ul>\n<p>Ka\u017cdy czat jest moderowany i zaprojektowany tak, aby zach\u0119ca\u0107 do przyjaznej, otwartej rozmowy.<\/p>\n<h3>3. Prywatny czat jeden na jednego<\/h3>\n<p>Chcesz kontynuowa\u0107 rozmow\u0119? ChatGirl umo\u017cliwia rozpocz\u0119cie prywatnego czatu z dowolnym u\u017cytkownikiem (je\u015bli wyrazi na to zgod\u0119), pozwalaj\u0105c na g\u0142\u0119bsze, bardziej osobiste dyskusje z dala od zat\u0142oczonego g\u0142\u00f3wnego pokoju.<\/p>\n<h3>4. Obs\u0142uga kamery internetowej<\/h3>\n<p>Cho\u0107 nie jest to wymagane, ChatGirl oferuje opcjonaln\u0105 funkcj\u0119 kamery internetowej dla u\u017cytkownik\u00f3w, kt\u00f3rzy chc\u0105 przenie\u015b\u0107 swoje po\u0142\u0105czenie na wy\u017cszy poziom. W przeciwie\u0144stwie do niekt\u00f3rych losowych stron z kamerkami, tutaj mo\u017cesz dok\u0142adnie wybra\u0107, komu poka\u017cesz swoj\u0105 kamerk\u0119.<\/p>\n<h3>5. Prosta, szybka rejestracja - lub brak rejestracji<\/h3>\n<p>W przypadku wi\u0119kszo\u015bci publicznych czat\u00f3w rejestracja nie jest wymagana - mo\u017cesz czatowa\u0107 jako go\u015b\u0107, po prostu wybieraj\u0105c pseudonim i p\u0142e\u0107. Aby uzyska\u0107 dodatkowe funkcje (profile, blokowanie, listy znajomych), mo\u017cesz utworzy\u0107 bezp\u0142atne konto.<\/p>\n<h3>6. Profile u\u017cytkownik\u00f3w i awatary<\/h3>\n<p>Zarejestrowani u\u017cytkownicy mog\u0105 przes\u0142a\u0107 zdj\u0119cie lub awatar, wype\u0142ni\u0107 kr\u00f3tki profil i podzieli\u0107 si\u0119 informacjami o sobie. Pomaga to budowa\u0107 zaufanie i osobowo\u015b\u0107 na czatach, a jednocze\u015bnie pozwala kobietom zweryfikowa\u0107 swoj\u0105 p\u0142e\u0107, je\u015bli sobie tego \u017cycz\u0105.<\/p>\n<h3>7. \u015acis\u0142y umiar i bezpiecze\u0144stwo<\/h3>\n<p>ChatGirl powa\u017cnie traktuje bezpiecze\u0144stwo i szacunek u\u017cytkownik\u00f3w. Moderatorzy s\u0105 obecni w wi\u0119kszo\u015bci pokoj\u00f3w, gotowi zaj\u0105\u0107 si\u0119 spamem, n\u0119kaniem lub nieodpowiednimi tre\u015bciami. U\u017cytkownicy mog\u0105 r\u00f3wnie\u017c zablokowa\u0107 lub zg\u0142osi\u0107 ka\u017cdego, kto \u0142amie zasady.<\/p>\n<h3>8. Przyjazny dla urz\u0105dze\u0144 mobilnych<\/h3>\n<p>Strona ChatGirl jest zoptymalizowana do u\u017cytku na telefonach i tabletach, u\u0142atwiaj\u0105c czatowanie w podr\u00f3\u017cy. Nie jest wymagana \u017cadna aplikacja; wystarczy otworzy\u0107 stron\u0119 w przegl\u0105darce.<\/p>\n<h3>9. Filtry j\u0119zykowe i regionalne<\/h3>\n<p>U\u017cytkownicy mog\u0105 do\u0142\u0105cza\u0107 do pokoj\u00f3w w zale\u017cno\u015bci od j\u0119zyka lub kraju. Holenderscy i belgijscy u\u017cytkownicy znajd\u0105 znane pokoje \"NL\" lub \"BE\", podczas gdy angielscy i mi\u0119dzynarodowi u\u017cytkownicy mog\u0105 przej\u015b\u0107 bezpo\u015brednio do globalnego salonu.<\/p>\n<h2>Jak korzysta\u0107 z ChatGirl<\/h2>\n<p>ChatGirl jest przyjazny i \u0142atwy w obs\u0142udze dla nowych u\u017cytkownik\u00f3w. Oto jak zacz\u0105\u0107:<\/p>\n<h3>Krok 1: Odwied\u017a ChatGirl<\/h3>\n<p>Wejd\u017a na chatgirl.nl (lub angielsk\u0105\/mi\u0119dzynarodow\u0105 wersj\u0119, je\u015bli jest dost\u0119pna). Strona g\u0142\u00f3wna zawiera wej\u015bcie do r\u00f3\u017cnych czat\u00f3w.<\/p>\n<h3>Krok 2: Wybierz pseudonim i p\u0142e\u0107<\/h3>\n<p>Wprowad\u017a pseudonim, wybierz p\u0142e\u0107 (platforma mo\u017ce nadawa\u0107 priorytet lub wyr\u00f3\u017cnia\u0107 u\u017cytkownik\u00f3w p\u0142ci \u017ce\u0144skiej w celu zapewnienia bezpiecze\u0144stwa i widoczno\u015bci) i wybierz preferowany j\u0119zyk lub pok\u00f3j.<\/p>\n<h3>Krok 3: Wej\u015bcie do pokoju rozm\u00f3w<\/h3>\n<p>Przegl\u0105daj pokoje publiczne (wed\u0142ug kraju, tematu lub intencji) i wejd\u017a do interesuj\u0105cego Ci\u0119. W wi\u0119kszo\u015bci pokoi mo\u017cesz natychmiast rozpocz\u0105\u0107 czat.<\/p>\n<h3>Krok 4: (Opcjonalnie) Zarejestruj si\u0119, aby uzyska\u0107 dodatkowe funkcje<\/h3>\n<p>Utw\u00f3rz bezp\u0142atne konto, aby:<\/p>\n<ul>\n<li>Dodaj zdj\u0119cie profilowe<\/li>\n<li>Zarz\u0105dzanie list\u0105 znajomych\/blokowanych<\/li>\n<li>Zapisywanie historii czatu (je\u015bli w\u0142\u0105czone)<\/li>\n<li>Dost\u0119p do ekskluzywnych lub prywatnych pokoi<\/li>\n<\/ul>\n<h3>Krok 5: Rozpocznij czat!<\/h3>\n<p>Do\u0142\u0105cz do publicznej konwersacji lub kliknij nazw\u0119 u\u017cytkownika, aby zaprosi\u0107 kogo\u015b do prywatnego czatu. Je\u015bli oboje si\u0119 zgodzicie, mo\u017cecie r\u00f3wnie\u017c w\u0142\u0105czy\u0107 kamer\u0119 internetow\u0105, aby porozmawia\u0107 twarz\u0105 w twarz.<\/p>\n<h2>Do\u015bwiadczenie ChatGirl: Co j\u0105 wyr\u00f3\u017cnia?<\/h2>\n<p>ChatGirl to co\u015b wi\u0119cej ni\u017c tylko kolejny serwis czatowy - jego korzenie w holenderskiej i europejskiej kulturze online pomog\u0142y mu rozwin\u0105\u0107 ciep\u0142\u0105, skoncentrowan\u0105 na spo\u0142eczno\u015bci atmosfer\u0119. Oto, za co u\u017cytkownicy kochaj\u0105 t\u0119 platform\u0119:<\/p>\n<h3>Przyjazny klimat<\/h3>\n<p>Moderatorzy i stali bywalcy tworz\u0105 bezpieczne, przyjazne \u015brodowisko - szczeg\u00f3lnie dla kobiet, kt\u00f3re mog\u0105 czu\u0107 si\u0119 onie\u015bmielone na innych platformach czatowych. Nacisk k\u0142adziony jest na szacunek, przeciwdzia\u0142anie n\u0119kaniu i szczer\u0105 rozmow\u0119.<\/p>\n<h3>Otwarte dla wszystkich, ale przede wszystkim dla kobiet<\/h3>\n<p>Chocia\u017c ka\u017cdy mo\u017ce do\u0142\u0105czy\u0107, ChatGirl jest skierowany g\u0142\u00f3wnie do m\u0119\u017cczyzn, kt\u00f3rzy chc\u0105 rozmawia\u0107 z kobietami i kobiet, kt\u00f3re chc\u0105 bezpiecznego miejsca do poznawania nowych ludzi. U\u017cytkownicy p\u0142ci \u017ce\u0144skiej cz\u0119sto maj\u0105 zwi\u0119kszon\u0105 kontrol\u0119 prywatno\u015bci i dost\u0119p do pokoi tylko dla kobiet.<\/p>\n<h3>Prawdziwe rozmowy, a nie tylko flirtowanie<\/h3>\n<p>W przeciwie\u0144stwie do stron, kt\u00f3re s\u0105 przeznaczone wy\u0142\u0105cznie do randek lub podrywu, publiczne pokoje ChatGirl s\u0105 pe\u0142ne szerokiej gamy rozm\u00f3w: muzyki, \u017cycia codziennego, dyskusji kulturalnych, \u017cart\u00f3w lub po prostu przypadkowego czatu. Oczywi\u015bcie, je\u015bli szukasz czego\u015b bardziej romantycznego, istniej\u0105 specjalne pokoje \"flirt\" do tego celu.<\/p>\n<h3>Spo\u0142eczno\u015b\u0107 holenderska i mi\u0119dzynarodowa<\/h3>\n<p>Niezale\u017cnie od tego, czy jeste\u015b Holendrem, Belgiem, czy angloj\u0119zycznym u\u017cytkownikiem z zagranicy, znajdziesz pokoje dostosowane do Twojego j\u0119zyka i kultury. To sprawia, \u017ce ChatGirl jest wyj\u0105tkowy w\u015br\u00f3d platform czatowych, \u0142\u0105cz\u0105c lokalne i globalne spo\u0142eczno\u015bci.<\/p>\n<h2>ChatGirl vs inne platformy czatu<\/h2>\n<p>Jak wypada ChatGirl w por\u00f3wnaniu z innymi g\u0142\u00f3wnymi serwisami czatowymi?<\/p>\n<table>\n<thead>\n<tr>\n<th>Cecha<\/th>\n<th>ChatGirl<\/th>\n<th>Chatiw<\/th>\n<th>Chatib<\/th>\n<th>Omegle<\/th>\n<th>Camfrog<\/th>\n<th>LuckyCrush<\/th>\n<\/tr>\n<\/thead>\n<tbody>\n<tr>\n<td>Anonimowy czat<\/td>\n<td>Tak<\/td>\n<td>Tak<\/td>\n<td>Tak<\/td>\n<td>Tak<\/td>\n<td>Go\u015b\u0107<\/td>\n<td>Tak<\/td>\n<\/tr>\n<tr>\n<td>Przyjazny dla kobiet<\/td>\n<td>Nacisk<\/td>\n<td>\u26a0\ufe0f Basic<\/td>\n<td>\u26a0\ufe0f Basic<\/td>\n<td>Mieszane<\/td>\n<td>Dobry<\/td>\n<td>\u2705 (filtr p\u0142ci)<\/td>\n<\/tr>\n<tr>\n<td>Rejestracja nie jest wymagana<\/td>\n<td>Tak<\/td>\n<td>Tak<\/td>\n<td>Tak<\/td>\n<td>Tak<\/td>\n<td>Opcjonalnie<\/td>\n<td>Tylko m\u0119\u017cczy\u017ani<\/td>\n<\/tr>\n<tr>\n<td>Czat tekstowy<\/td>\n<td>Tak<\/td>\n<td>Tak<\/td>\n<td>Tak<\/td>\n<td>Tak<\/td>\n<td>Tak<\/td>\n<td>Tak<\/td>\n<\/tr>\n<tr>\n<td>Czat wideo\/kamera internetowa<\/td>\n<td>Opcjonalnie<\/td>\n<td>Nie<\/td>\n<td>Nie<\/td>\n<td>Tak<\/td>\n<td>Tak<\/td>\n<td>Tak<\/td>\n<\/tr>\n<tr>\n<td>Pomieszczenia og\u00f3lnodost\u0119pne<\/td>\n<td>Tak<\/td>\n<td>Tak<\/td>\n<td>Tak<\/td>\n<td>Nie<\/td>\n<td>Tak<\/td>\n<td>Nie<\/td>\n<\/tr>\n<tr>\n<td>Prywatne wiadomo\u015bci<\/td>\n<td>Tak<\/td>\n<td>Tak<\/td>\n<td>Tak<\/td>\n<td>Tak<\/td>\n<td>Tak<\/td>\n<td>Tak<\/td>\n<\/tr>\n<tr>\n<td>Profile\/Avatary<\/td>\n<td>Opcjonalnie<\/td>\n<td>Opcjonalnie<\/td>\n<td>Opcjonalnie<\/td>\n<td>Nie<\/td>\n<td>Tak<\/td>\n<td>Tak<\/td>\n<\/tr>\n<tr>\n<td>Zoptymalizowany pod k\u0105tem urz\u0105dze\u0144 mobilnych<\/td>\n<td>Tak<\/td>\n<td>Tak<\/td>\n<td>Tak<\/td>\n<td>\u26a0\ufe0f Mieszane<\/td>\n<td>Tak<\/td>\n<td>Tak<\/td>\n<\/tr>\n<tr>\n<td>Moderacja\/Bezpiecze\u0144stwo<\/td>\n<td>Silny<\/td>\n<td>\u26a0\ufe0f Basic<\/td>\n<td>\u26a0\ufe0f Basic<\/td>\n<td>\u26a0\ufe0f Minimal<\/td>\n<td>Silny<\/td>\n<td>Dobry<\/td>\n<\/tr>\n<\/tbody>\n<\/table>\n<p>Podsumowanie: ChatGirl jest idealny dla u\u017cytkownik\u00f3w (zw\u0142aszcza kobiet), kt\u00f3rzy chc\u0105 bezpiecznego, przyjaznego \u015brodowiska czatu z prawdziw\u0105 moderacj\u0105 i opcj\u0105 do\u0142\u0105czania do pokoi opartych na zainteresowaniach lub regionie. Jego holenderskie dziedzictwo daje mu wyj\u0105tkowe poczucie wsp\u00f3lnoty i otwarto\u015bci.<\/p>\n<h2>Czy ChatGirl jest bezpieczny?<\/h2>\n<p>Bezpiecze\u0144stwo jest najwy\u017cszym priorytetem dla ChatGirl. Oto jak platforma dzia\u0142a, aby chroni\u0107 swoich u\u017cytkownik\u00f3w:<\/p>\n<ul>\n<li>Aktywni moderatorzy w wi\u0119kszo\u015bci pokoi publicznych<\/li>\n<li>\u0141atwe narz\u0119dzia blokowania\/raportowania do radzenia sobie z trollami lub n\u0119kaniem<\/li>\n<li>Pokoje tylko dla kobiet zapewniaj\u0105ce wi\u0119kszy komfort i prywatno\u015b\u0107<\/li>\n<li>Nie s\u0105 wymagane prawdziwe nazwiska ani dane kontaktowe go\u015bci<\/li>\n<li>Opcjonalna weryfikacja profilu w celu zwi\u0119kszenia zaufania<\/li>\n<li>Jasne zasady spo\u0142eczno\u015bci podkre\u015blaj\u0105ce szacunek i inkluzywno\u015b\u0107<\/li>\n<li>Podej\u015bcie nastawione na prywatno\u015b\u0107: Ty decydujesz, kiedy udost\u0119pni\u0107 zdj\u0119cie, przej\u015b\u0107 do trybu prywatnego lub w\u0142\u0105czy\u0107 kamer\u0119 internetow\u0105.<\/li>\n<\/ul>\n<p>Wskaz\u00f3wka: Zawsze u\u017cywaj pseudonimu, nigdy nie udost\u0119pniaj danych osobowych i ufaj swojemu instynktowi. Je\u015bli kto\u015b sprawia, \u017ce czujesz si\u0119 niekomfortowo, natychmiast go zablokuj i zg\u0142o\u015b.<\/p>\n<h2>Wskaz\u00f3wki dotycz\u0105ce korzystania z ChatGirl<\/h2>\n<ul>\n<li>Zacznij w pokojach og\u00f3lnych: Zapoznaj si\u0119 ze spo\u0142eczno\u015bci\u0105, zanim przejdziesz do prywatnych czat\u00f3w.<\/li>\n<li>Do\u0142\u0105cz do pokoi tematycznych: Pokoje muzyczne, sportowe i dotycz\u0105ce \u017cycia codziennego s\u0105 \u015bwietnym miejscem do poznawania ludzi o podobnych pogl\u0105dach.<\/li>\n<li>Kobiety - wypr\u00f3buj przestrzenie tylko dla kobiet: Ciesz si\u0119 bardziej zrelaksowanym, wspieraj\u0105cym czatem.<\/li>\n<li>Poznaj pokoje holenderskie i angielskie: Nawet je\u015bli nie m\u00f3wisz po holendersku, pokoje w j\u0119zyku angielskim s\u0105 \u017cywe i przyjazne.<\/li>\n<li>B\u0105d\u017a mobilny: ChatGirl dzia\u0142a doskonale na telefonach i tabletach.<\/li>\n<li>Zachowaj prywatno\u015b\u0107: Udost\u0119pniaj kamer\u0119 internetow\u0105 lub dane osobowe tylko wtedy, gdy czujesz si\u0119 komfortowo.<\/li>\n<li>B\u0105d\u017a pe\u0142en szacunku: Uprzejmo\u015b\u0107 to podstawa, zw\u0142aszcza w rozmowach mi\u0119dzynarodowych.<\/li>\n<\/ul>\n<h2>Rozwi\u0105zywanie typowych problem\u00f3w z ChatGirl<\/h2>\n<h3>Nie mo\u017cna wej\u015b\u0107 do pokoju<\/h3>\n<p>Od\u015bwie\u017c przegl\u0105dark\u0119, sprawd\u017a po\u0142\u0105czenie internetowe lub wyczy\u015b\u0107 pliki cookie. Niekt\u00f3re pokoje mog\u0105 by\u0107 tymczasowo zaj\u0119te lub ograniczone ze wzgl\u0119du na region\/j\u0119zyk.<\/p>\n<h3>Spam lub trolling<\/h3>\n<p>Korzystaj z funkcji blokowania\/raportowania i trzymaj si\u0119 pokoj\u00f3w z aktywn\u0105 moderacj\u0105.<\/p>\n<h3>Kamera internetowa nie dzia\u0142a<\/h3>\n<p>Upewnij si\u0119, \u017ce przegl\u0105darka\/urz\u0105dzenie ma w\u0142\u0105czone uprawnienia kamery internetowej. Wypr\u00f3buj inn\u0105 przegl\u0105dark\u0119, je\u015bli problem nie ust\u0105pi.<\/p>\n<h3>Czat prywatny niedost\u0119pny<\/h3>\n<p>Drugi u\u017cytkownik m\u00f3g\u0142 wy\u0142\u0105czy\u0107 czat prywatny lub nie akceptowa\u0107 zaprosze\u0144.<\/p>\n<h3>Nie mo\u017cna zmieni\u0107 zdj\u0119cia profilowego<\/h3>\n<p>Zaloguj si\u0119 na swoje zarejestrowane konto i post\u0119puj zgodnie ze wskaz\u00f3wkami dotycz\u0105cymi przesy\u0142ania zdj\u0119cia profilowego. Je\u015bli wyst\u0105pi\u0142 b\u0142\u0105d, spr\u00f3buj si\u0119 wylogowa\u0107 i zalogowa\u0107 ponownie.<\/p>\n<h2>Przemy\u015blenia ko\u0144cowe: Czy warto korzysta\u0107 z ChatGirl?<\/h2>\n<p>Absolutnie - szczeg\u00f3lnie dla ka\u017cdego, kto ceni sobie bezpieczn\u0105, przyjazn\u0105 rozmow\u0119 i chce platformy czatowej, kt\u00f3ra \u0142\u0105czy holenderskie korzenie z globaln\u0105 publiczno\u015bci\u0105. ChatGirl oferuje unikaln\u0105 mieszank\u0119 ciep\u0142a, prywatno\u015bci i prawdziwej interakcji. Kobiety szczeg\u00f3lnie doceni\u0105 moderacj\u0119, kontrol\u0119 prywatno\u015bci i wspieraj\u0105c\u0105 spo\u0142eczno\u015b\u0107.<\/p>\n<p>Niezale\u017cnie od tego, czy jeste\u015b Holendrem, Belgiem, czy po prostu szukasz otwartego, mi\u0119dzynarodowego serwisu czatowego, ChatGirl spe\u0142nia obietnic\u0119 autentycznych relacji. Nie chodzi tylko o flirtowanie czy randkowanie - chodzi o odkrywanie prawdziwych ludzi, dzielenie si\u0119 historiami i dobr\u0105 zabaw\u0119.<\/p>\n<p>Gotowy do wypr\u00f3bowania ChatGirl? Odwied\u017a chatgirl.nl, wybierz nick i do\u0142\u0105cz do rozmowy. Nast\u0119pny przyjaciel, \u015bmiech lub przygoda mo\u017ce by\u0107 tylko o jedn\u0105 wiadomo\u015b\u0107!<\/p>","protected":false},"excerpt":{"rendered":"<p>As the internet evolves, the ways we connect with strangers online keep expanding \u2014 but sometimes, you want a platform that feels both familiar and excitingly different. ChatGirl is one such destination. Originally launched in the Netherlands, ChatGirl has grown into a recognized name for anyone looking to chat with women online, make friends, or [&hellip;]<\/p>\n","protected":false},"author":6,"featured_media":0,"parent":0,"menu_order":0,"comment_status":"closed","ping_status":"closed","template":"","meta":{"footnotes":""},"class_list":["post-12317","page","type-page","status-publish","hentry"],"yoast_head":"<!-- This site is optimized with the Yoast SEO plugin v27.6 - https:\/\/yoast.com\/product\/yoast-seo-wordpress\/ -->\n<title>ChatGirl - Free Chat with Girls - TinyChat.com<\/title>\n<meta name=\"description\" content=\"Enjoying ChatGirl? Join over 50,000,000 strangers on TinyChat! Turn on your cam and start meeting new people, or find a match.\" \/>\n<meta name=\"robots\" content=\"index, follow, max-snippet:-1, max-image-preview:large, max-video-preview:-1\" \/>\n<link rel=\"canonical\" href=\"https:\/\/tinychat.com\/pl\/chatgirl\/\" \/>\n<meta property=\"og:locale\" content=\"pl_PL\" \/>\n<meta property=\"og:type\" content=\"article\" \/>\n<meta property=\"og:title\" content=\"ChatGirl - Free Chat with Girls - TinyChat.com\" \/>\n<meta property=\"og:description\" content=\"Enjoying ChatGirl? Join over 50,000,000 strangers on TinyChat! Turn on your cam and start meeting new people, or find a match.\" \/>\n<meta property=\"og:url\" content=\"https:\/\/tinychat.com\/pl\/chatgirl\/\" \/>\n<meta property=\"og:site_name\" content=\"TinyChat\" \/>\n<meta property=\"article:publisher\" content=\"https:\/\/www.facebook.com\/tinychat\" \/>\n<meta property=\"article:modified_time\" content=\"2025-07-07T16:17:58+00:00\" \/>\n<meta property=\"og:image\" content=\"https:\/\/tinychat.com\/wp-content\/uploads\/2020\/04\/Tinychat-logo-1280x284-new-black.png\" \/>\n\t<meta property=\"og:image:width\" content=\"1280\" \/>\n\t<meta property=\"og:image:height\" content=\"284\" \/>\n\t<meta property=\"og:image:type\" content=\"image\/png\" \/>\n<meta name=\"twitter:card\" content=\"summary_large_image\" \/>\n<meta name=\"twitter:site\" content=\"@tinychat\" \/>\n<meta name=\"twitter:label1\" content=\"Szacowany czas czytania\" \/>\n\t<meta name=\"twitter:data1\" content=\"8 minut\" \/>\n<script type=\"application\/ld+json\" class=\"yoast-schema-graph\">{\"@context\":\"https:\\\/\\\/schema.org\",\"@graph\":[{\"@type\":\"WebPage\",\"@id\":\"https:\\\/\\\/tinychat.com\\\/chatgirl\\\/\",\"url\":\"https:\\\/\\\/tinychat.com\\\/chatgirl\\\/\",\"name\":\"ChatGirl - Free Chat with Girls - TinyChat.com\",\"isPartOf\":{\"@id\":\"https:\\\/\\\/tinychat.com\\\/#website\"},\"datePublished\":\"2025-05-07T09:56:24+00:00\",\"dateModified\":\"2025-07-07T16:17:58+00:00\",\"description\":\"Enjoying ChatGirl? Join over 50,000,000 strangers on TinyChat! Turn on your cam and start meeting new people, or find a match.\",\"breadcrumb\":{\"@id\":\"https:\\\/\\\/tinychat.com\\\/chatgirl\\\/#breadcrumb\"},\"inLanguage\":\"pl-PL\",\"potentialAction\":[{\"@type\":\"ReadAction\",\"target\":[\"https:\\\/\\\/tinychat.com\\\/chatgirl\\\/\"]}]},{\"@type\":\"BreadcrumbList\",\"@id\":\"https:\\\/\\\/tinychat.com\\\/chatgirl\\\/#breadcrumb\",\"itemListElement\":[{\"@type\":\"ListItem\",\"position\":1,\"name\":\"Home\",\"item\":\"https:\\\/\\\/tinychat.com\\\/\"},{\"@type\":\"ListItem\",\"position\":2,\"name\":\"ChatGirl\"}]},{\"@type\":\"WebSite\",\"@id\":\"https:\\\/\\\/tinychat.com\\\/#website\",\"url\":\"https:\\\/\\\/tinychat.com\\\/\",\"name\":\"TinyChat\",\"description\":\"Random Video Chat with Strangers\",\"publisher\":{\"@id\":\"https:\\\/\\\/tinychat.com\\\/#organization\"},\"alternateName\":\"TinyChat.com\",\"potentialAction\":[{\"@type\":\"SearchAction\",\"target\":{\"@type\":\"EntryPoint\",\"urlTemplate\":\"https:\\\/\\\/tinychat.com\\\/?s={search_term_string}\"},\"query-input\":{\"@type\":\"PropertyValueSpecification\",\"valueRequired\":true,\"valueName\":\"search_term_string\"}}],\"inLanguage\":\"pl-PL\"},{\"@type\":\"Organization\",\"@id\":\"https:\\\/\\\/tinychat.com\\\/#organization\",\"name\":\"TinyChat\",\"alternateName\":\"TinyChat.com\",\"url\":\"https:\\\/\\\/tinychat.com\\\/\",\"logo\":{\"@type\":\"ImageObject\",\"inLanguage\":\"pl-PL\",\"@id\":\"https:\\\/\\\/tinychat.com\\\/#\\\/schema\\\/logo\\\/image\\\/\",\"url\":\"https:\\\/\\\/tinychat.com\\\/wp-content\\\/uploads\\\/2023\\\/11\\\/Tinychat-icon-square.png\",\"contentUrl\":\"https:\\\/\\\/tinychat.com\\\/wp-content\\\/uploads\\\/2023\\\/11\\\/Tinychat-icon-square.png\",\"width\":284,\"height\":284,\"caption\":\"TinyChat\"},\"image\":{\"@id\":\"https:\\\/\\\/tinychat.com\\\/#\\\/schema\\\/logo\\\/image\\\/\"},\"sameAs\":[\"https:\\\/\\\/www.facebook.com\\\/tinychat\",\"https:\\\/\\\/x.com\\\/tinychat\"]}]}<\/script>\n<!-- \/ Yoast SEO plugin. -->","yoast_head_json":{"title":"ChatGirl - Darmowy czat z dziewczynami - TinyChat.com","description":"Podoba ci si\u0119 ChatGirl? Do\u0142\u0105cz do ponad 50 000 000 nieznajomych na TinyChat! W\u0142\u0105cz kamer\u0119 i zacznij poznawa\u0107 nowych ludzi lub znajd\u017a partnera.","robots":{"index":"index","follow":"follow","max-snippet":"max-snippet:-1","max-image-preview":"max-image-preview:large","max-video-preview":"max-video-preview:-1"},"canonical":"https:\/\/tinychat.com\/pl\/chatgirl\/","og_locale":"pl_PL","og_type":"article","og_title":"ChatGirl - Free Chat with Girls - TinyChat.com","og_description":"Enjoying ChatGirl? Join over 50,000,000 strangers on TinyChat! Turn on your cam and start meeting new people, or find a match.","og_url":"https:\/\/tinychat.com\/pl\/chatgirl\/","og_site_name":"TinyChat","article_publisher":"https:\/\/www.facebook.com\/tinychat","article_modified_time":"2025-07-07T16:17:58+00:00","og_image":[{"width":1280,"height":284,"url":"https:\/\/tinychat.com\/wp-content\/uploads\/2020\/04\/Tinychat-logo-1280x284-new-black.png","type":"image\/png"}],"twitter_card":"summary_large_image","twitter_site":"@tinychat","twitter_misc":{"Szacowany czas czytania":"8 minut"},"schema":{"@context":"https:\/\/schema.org","@graph":[{"@type":"WebPage","@id":"https:\/\/tinychat.com\/chatgirl\/","url":"https:\/\/tinychat.com\/chatgirl\/","name":"ChatGirl - Darmowy czat z dziewczynami - TinyChat.com","isPartOf":{"@id":"https:\/\/tinychat.com\/#website"},"datePublished":"2025-05-07T09:56:24+00:00","dateModified":"2025-07-07T16:17:58+00:00","description":"Podoba ci si\u0119 ChatGirl? Do\u0142\u0105cz do ponad 50 000 000 nieznajomych na TinyChat! W\u0142\u0105cz kamer\u0119 i zacznij poznawa\u0107 nowych ludzi lub znajd\u017a partnera.","breadcrumb":{"@id":"https:\/\/tinychat.com\/chatgirl\/#breadcrumb"},"inLanguage":"pl-PL","potentialAction":[{"@type":"ReadAction","target":["https:\/\/tinychat.com\/chatgirl\/"]}]},{"@type":"BreadcrumbList","@id":"https:\/\/tinychat.com\/chatgirl\/#breadcrumb","itemListElement":[{"@type":"ListItem","position":1,"name":"Home","item":"https:\/\/tinychat.com\/"},{"@type":"ListItem","position":2,"name":"ChatGirl"}]},{"@type":"WebSite","@id":"https:\/\/tinychat.com\/#website","url":"https:\/\/tinychat.com\/","name":"TinyChat","description":"Losowy czat wideo z nieznajomymi","publisher":{"@id":"https:\/\/tinychat.com\/#organization"},"alternateName":"TinyChat.com","potentialAction":[{"@type":"SearchAction","target":{"@type":"EntryPoint","urlTemplate":"https:\/\/tinychat.com\/?s={search_term_string}"},"query-input":{"@type":"PropertyValueSpecification","valueRequired":true,"valueName":"search_term_string"}}],"inLanguage":"pl-PL"},{"@type":"Organization","@id":"https:\/\/tinychat.com\/#organization","name":"TinyChat","alternateName":"TinyChat.com","url":"https:\/\/tinychat.com\/","logo":{"@type":"ImageObject","inLanguage":"pl-PL","@id":"https:\/\/tinychat.com\/#\/schema\/logo\/image\/","url":"https:\/\/tinychat.com\/wp-content\/uploads\/2023\/11\/Tinychat-icon-square.png","contentUrl":"https:\/\/tinychat.com\/wp-content\/uploads\/2023\/11\/Tinychat-icon-square.png","width":284,"height":284,"caption":"TinyChat"},"image":{"@id":"https:\/\/tinychat.com\/#\/schema\/logo\/image\/"},"sameAs":["https:\/\/www.facebook.com\/tinychat","https:\/\/x.com\/tinychat"]}]}},"_links":{"self":[{"href":"https:\/\/tinychat.com\/pl\/wp-json\/wp\/v2\/pages\/12317","targetHints":{"allow":["GET"]}}],"collection":[{"href":"https:\/\/tinychat.com\/pl\/wp-json\/wp\/v2\/pages"}],"about":[{"href":"https:\/\/tinychat.com\/pl\/wp-json\/wp\/v2\/types\/page"}],"author":[{"embeddable":true,"href":"https:\/\/tinychat.com\/pl\/wp-json\/wp\/v2\/users\/6"}],"replies":[{"embeddable":true,"href":"https:\/\/tinychat.com\/pl\/wp-json\/wp\/v2\/comments?post=12317"}],"version-history":[{"count":3,"href":"https:\/\/tinychat.com\/pl\/wp-json\/wp\/v2\/pages\/12317\/revisions"}],"predecessor-version":[{"id":13292,"href":"https:\/\/tinychat.com\/pl\/wp-json\/wp\/v2\/pages\/12317\/revisions\/13292"}],"wp:attachment":[{"href":"https:\/\/tinychat.com\/pl\/wp-json\/wp\/v2\/media?parent=12317"}],"curies":[{"name":"wp","href":"https:\/\/api.w.org\/{rel}","templated":true}]}}