{"id":12336,"date":"2025-10-21T11:33:15","date_gmt":"2025-10-21T09:33:15","guid":{"rendered":"https:\/\/tinychat.com\/?page_id=12336"},"modified":"2025-10-21T13:19:40","modified_gmt":"2025-10-21T11:19:40","slug":"chat4free","status":"publish","type":"page","link":"https:\/\/tinychat.com\/pl\/chat4free\/","title":{"rendered":"Chat4Free"},"content":{"rendered":"<p>W cyfrowym \u015bwiecie przepe\u0142nionym aplikacjami randkowymi i wyselekcjonowanymi sieciami spo\u0142eczno\u015bciowymi, czasami wszystko, czego chcesz, to proste, bezp\u0142atne i autentyczne do\u015bwiadczenie czatu - bez rejestracji, bez ukrytych koszt\u00f3w i bez algorytm\u00f3w. Dok\u0142adnie to zapewnia Chat4Free.<\/p>\n<p>Jak sama nazwa wskazuje, Chat4Free oferuje ca\u0142kowicie darmowy spos\u00f3b na poznawanie nowych ludzi online, \u0142\u0105cz\u0105c losowe czaty wideo z publicznymi pokojami rozm\u00f3w, w kt\u00f3rych u\u017cytkownicy mog\u0105 rozmawia\u0107, \u0142\u0105czy\u0107 si\u0119 i nawi\u0105zywa\u0107 znajomo\u015bci z dowolnego miejsca na \u015bwiecie. Jest to rodzaj platformy, kt\u00f3ra przywraca spontaniczn\u0105 zabaw\u0119 z czatowania online - tak jak kiedy\u015b.<\/p>\n<p>Niezale\u017cnie od tego, czy chcesz szybko porozmawia\u0107 z kim\u015b z ca\u0142ego \u015bwiata, czy po prostu sp\u0119dzi\u0107 chwil\u0119 z nieznajomym, Chat4Free zosta\u0142 zaprojektowany tak, aby uczyni\u0107 to bez wysi\u0142ku.<\/p>\n<p>Ta recenzja zawiera szczeg\u00f3\u0142owe informacje na temat tego, czym jest Chat4Free, jego kluczowych funkcji, sposobu korzystania z niego, wra\u017ce\u0144 u\u017cytkownika, wskaz\u00f3wek dotycz\u0105cych bezpiecze\u0144stwa, por\u00f3wna\u0144 i wszystkiego, co musisz wiedzie\u0107 przed wypr\u00f3bowaniem go.<\/p>\n<h2>Czym jest Chat4Free?<\/h2>\n<p>Chat4Free to bezp\u0142atna us\u0142uga czatu online, kt\u00f3ra pozwala u\u017cytkownikom spotyka\u0107 si\u0119 z nieznajomymi za po\u015brednictwem czat\u00f3w tekstowych i wideo. Jest zbudowany wok\u00f3\u0142 dost\u0119pno\u015bci i prostoty - nie wymaga skomplikowanych rejestracji ani p\u0142atnych aktualizacji.<\/p>\n<p>Platforma oferuje:<\/p>\n<ul>\n<li>Publiczne czaty do rozm\u00f3w grupowych.<\/li>\n<li>Prywatne czaty jeden na jednego z u\u017cytkownikami.<\/li>\n<li>Opcjonalne interakcje z kamer\u0105 internetow\u0105 dla wideo na \u017cywo.<\/li>\n<\/ul>\n<p>W przeciwie\u0144stwie do aplikacji randkowych, kt\u00f3re opieraj\u0105 si\u0119 na przeci\u0105gni\u0119ciach i filtrach, Chat4Free polega na naturalnej rozmowie i globalnym po\u0142\u0105czeniu. Jego spo\u0142eczno\u015b\u0107 obejmuje u\u017cytkownik\u00f3w z r\u00f3\u017cnych \u015brodowisk, szukaj\u0105cych przyja\u017ani, rozrywki lub wymiany kulturalnej.<\/p>\n<h2>Kluczowe cechy Chat4Free<\/h2>\n<p>Chat4Free stawia na otwart\u0105, integracyjn\u0105 komunikacj\u0119. Jego zestaw funkcji odzwierciedla t\u0119 filozofi\u0119.<\/p>\n<h3>1. Darmowe publiczne czaty<\/h3>\n<ul>\n<li>Do\u0142\u0105cz do czat\u00f3w tematycznych wed\u0142ug zainteresowa\u0144, j\u0119zyka lub regionu.<\/li>\n<li>Uczestnicz w rozmowach grupowych w dowolnym momencie.<\/li>\n<li>\u015awietny do spotka\u0144 z wieloma osobami jednocze\u015bnie.<\/li>\n<\/ul>\n<h3>2. Prywatny czat<\/h3>\n<ul>\n<li>Prze\u0142\u0105cz si\u0119 na czat jeden na jednego z ka\u017cdym, kogo spotkasz.<\/li>\n<li>Umo\u017cliwia g\u0142\u0119bsz\u0105 lub bardziej osobist\u0105 interakcj\u0119.<\/li>\n<\/ul>\n<h3>3. Opcjonalny czat z kamer\u0105 internetow\u0105<\/h3>\n<ul>\n<li>W\u0142\u0105cz kamer\u0119, aby rozmawia\u0107 twarz\u0105 w twarz.<\/li>\n<li>Je\u015bli wolisz, zachowaj tylko tekst - oba tryby s\u0105 obs\u0142ugiwane.<\/li>\n<\/ul>\n<h3>4. Rejestracja nie jest wymagana<\/h3>\n<ul>\n<li>Zacznij czatowa\u0107 natychmiast, bez rejestracji.<\/li>\n<li>Rejestracja jest opcjonalna w celu zapisania nazwy u\u017cytkownika lub dostosowania profilu.<\/li>\n<\/ul>\n<h3>5. Kompatybilno\u015b\u0107 mi\u0119dzy urz\u0105dzeniami<\/h3>\n<ul>\n<li>Dzia\u0142a bezpo\u015brednio w przegl\u0105darce internetowej - stacjonarnej lub mobilnej.<\/li>\n<li>Nie wymaga pobierania ani instalacji.<\/li>\n<\/ul>\n<h3>6. Globalna baza u\u017cytkownik\u00f3w<\/h3>\n<ul>\n<li>U\u017cytkownicy z ca\u0142ego \u015bwiata, m\u00f3wi\u0105cy r\u00f3\u017cnymi j\u0119zykami.<\/li>\n<li>Idealny do wymiany kulturalnej i nauki.<\/li>\n<\/ul>\n<h3>7. 100% Bezp\u0142atny dost\u0119p<\/h3>\n<ul>\n<li>\u017badnych ukrytych op\u0142at, subskrypcji czy paywalli.<\/li>\n<li>Ka\u017cda funkcja jest dost\u0119pna dla wszystkich u\u017cytkownik\u00f3w.<\/li>\n<\/ul>\n<h3>8. Prosty interfejs<\/h3>\n<ul>\n<li>Przejrzysty, \u0142atwy w nawigacji uk\u0142ad.<\/li>\n<li>Skupienie si\u0119 na rozmowie - bez nieko\u0144cz\u0105cych si\u0119 menu lub rozpraszania uwagi.<\/li>\n<\/ul>\n<h2>Jak korzysta\u0107 z Chat4Free<\/h2>\n<p>Jedn\u0105 z najwi\u0119kszych zalet Chat4Free jest jego prostota. Rozmow\u0119 mo\u017cna rozpocz\u0105\u0107 w ci\u0105gu kilku sekund.<\/p>\n<h3>Krok 1: Odwied\u017a stron\u0119 internetow\u0105 Chat4Free<\/h3>\n<p>Otw\u00f3rz Chat4Free w przegl\u0105darce - dzia\u0142a na ka\u017cdym nowoczesnym urz\u0105dzeniu.<\/p>\n<h3>Krok 2: Wybierz typ czatu<\/h3>\n<ul>\n<li>Do\u0142\u0105cz do pokoju publicznego: Wybierz tematyczny pok\u00f3j rozm\u00f3w z listy.<\/li>\n<li>Prywatny czat: Rozpocznij rozmow\u0119 jeden na jeden z dowolnym u\u017cytkownikiem.<\/li>\n<li>Czat wideo: W\u0142\u0105cz kamer\u0119 do interakcji twarz\u0105 w twarz.<\/li>\n<\/ul>\n<h3>Krok 3: Utw\u00f3rz nazw\u0119 u\u017cytkownika (opcjonalnie)<\/h3>\n<p>Mo\u017cesz czatowa\u0107 jako go\u015b\u0107 lub zarejestrowa\u0107 si\u0119, aby utworzy\u0107 profil i zapisywa\u0107 rozmowy.<\/p>\n<h3>Krok 4: Rozpocznij czat<\/h3>\n<p>Wskocz od razu do rozmowy, nawi\u0105\u017c nowe znajomo\u015bci i ciesz si\u0119 poznawaniem ludzi z ca\u0142ego \u015bwiata.<\/p>\n<p>To do\u015bwiadczenie, kt\u00f3re jest celowo pozbawione tarcia - bez ekran\u00f3w logowania lub instalacji aplikacji, tylko natychmiastowe po\u0142\u0105czenie.<\/p>\n<h2>Wra\u017cenia u\u017cytkownika na Chat4Free<\/h2>\n<p>Chat4Free oddaje najlepsze elementy oldschoolowych chatroom\u00f3w, pozostaj\u0105c jednocze\u015bnie wystarczaj\u0105co nowoczesnym dla dzisiejszych u\u017cytkownik\u00f3w.<\/p>\n<h3>Co lubi\u0105 u\u017cytkownicy<\/h3>\n<ul>\n<li>100% za darmo - bez ukrytych koszt\u00f3w i aktualizacji.<\/li>\n<li>Mo\u017cliwo\u015b\u0107 czatowania publicznie lub prywatnie.<\/li>\n<li>Dzia\u0142a natychmiast bez rejestracji.<\/li>\n<li>Obs\u0142uguje zar\u00f3wno czaty tekstowe, jak i czaty z kamer\u0105 internetow\u0105.<\/li>\n<li>Aktywna, zr\u00f3\u017cnicowana baza u\u017cytkownik\u00f3w z wielu kraj\u00f3w.<\/li>\n<\/ul>\n<h3>Gdzie u\u017cytkownicy widz\u0105 pole do poprawy<\/h3>\n<ul>\n<li>Interfejs jest prosty w por\u00f3wnaniu do nowszych aplikacji.<\/li>\n<li>Sporadyczny spam lub nieaktywne pokoje.<\/li>\n<li>Ograniczone opcje filtrowania dla u\u017cytkownik\u00f3w.<\/li>\n<li>Brak dedykowanej moderacji w mniejszych pomieszczeniach.<\/li>\n<\/ul>\n<p>Pomimo tych drobnych problem\u00f3w, \u0142atwo\u015b\u0107 obs\u0142ugi i globalna dost\u0119pno\u015b\u0107 Chat4Free sprawiaj\u0105, \u017ce jest to jedna z najbardziej przyjaznych platform do spontanicznych spotka\u0144 towarzyskich.<\/p>\n<h2>Chat4Free vs. inne platformy<\/h2>\n<p>Oto jak Chat4Free wypada w por\u00f3wnaniu z innymi g\u0142\u00f3wnymi serwisami czatowymi:<\/p>\n<table>\n<thead>\n<tr>\n<th>Cecha<\/th>\n<th>Chat4Free<\/th>\n<th>Omegle<\/th>\n<th>Chatroulette<\/th>\n<th>ChatHour<\/th>\n<th>Emerald Chat<\/th>\n<th>Tinychat<\/th>\n<\/tr>\n<\/thead>\n<tbody>\n<tr>\n<td>Publiczne czaty<\/td>\n<td>Tak<\/td>\n<td>Nie<\/td>\n<td>Nie<\/td>\n<td>Tak<\/td>\n<td>Nie<\/td>\n<td>Tak<\/td>\n<\/tr>\n<tr>\n<td>Prywatny czat<\/td>\n<td>Tak<\/td>\n<td>Nie<\/td>\n<td>Nie<\/td>\n<td>Tak<\/td>\n<td>Tak<\/td>\n<td>Tak<\/td>\n<\/tr>\n<tr>\n<td>Obs\u0142uga kamery internetowej<\/td>\n<td>Tak<\/td>\n<td>Tak<\/td>\n<td>Tak<\/td>\n<td>Nie<\/td>\n<td>Tak<\/td>\n<td>Tak<\/td>\n<\/tr>\n<tr>\n<td>Wymagana rejestracja<\/td>\n<td>Opcjonalnie<\/td>\n<td>Nie<\/td>\n<td>Nie<\/td>\n<td>Tak<\/td>\n<td>Tak<\/td>\n<td>Tak<\/td>\n<\/tr>\n<tr>\n<td>Bezp\u0142atny dost\u0119p<\/td>\n<td>Zawsze<\/td>\n<td>Zawsze<\/td>\n<td>Zawsze<\/td>\n<td>Zawsze<\/td>\n<td>Zawsze<\/td>\n<td>Ograniczony<\/td>\n<\/tr>\n<tr>\n<td>Przyjazny dla urz\u0105dze\u0144 mobilnych<\/td>\n<td>Tak<\/td>\n<td>Tak<\/td>\n<td>Tak<\/td>\n<td>Tak<\/td>\n<td>Tak<\/td>\n<td>Tak<\/td>\n<\/tr>\n<\/tbody>\n<\/table>\n<p>Podsumowanie: Chat4Free plasuje si\u0119 wygodnie pomi\u0119dzy losowo\u015bci\u0105 Omegle i struktur\u0105 ChatHour, oferuj\u0105c zar\u00f3wno spontaniczno\u015b\u0107 czatu wideo, jak i spo\u0142eczno\u015b\u0107 w stylu chatroomu - a wszystko to bez op\u0142at i ogranicze\u0144.<\/p>\n<h2>Czy Chat4Free jest bezpieczny?<\/h2>\n<p>Chat4Free promuje bezpieczne \u015brodowisko czatu, ale jak w przypadku ka\u017cdej otwartej platformy, bezpiecze\u0144stwo zale\u017cy od zachowania u\u017cytkownika.<\/p>\n<h3>Wbudowane funkcje bezpiecze\u0144stwa<\/h3>\n<ul>\n<li>Anonimowy czat - nie ma potrzeby udost\u0119pniania prawdziwej to\u017csamo\u015bci.<\/li>\n<li>Mo\u017cliwo\u015b\u0107 pomijania lub opuszczania czat\u00f3w w dowolnym momencie.<\/li>\n<li>Moderacja pokoju w popularnych czatach.<\/li>\n<\/ul>\n<h3>Wskaz\u00f3wki bezpiecze\u0144stwa dla u\u017cytkownik\u00f3w<\/h3>\n<ul>\n<li>Unikaj udost\u0119pniania danych osobowych, takich jak imi\u0119 i nazwisko, numer telefonu lub lokalizacja.<\/li>\n<li>Rozmowy powinny by\u0107 prowadzone z szacunkiem i w lekkiej atmosferze.<\/li>\n<li>Zg\u0142aszaj lub opuszczaj czaty, kt\u00f3re wydaj\u0105 si\u0119 niekomfortowe.<\/li>\n<li>Rodzice powinni nadzorowa\u0107 nieletnich korzystaj\u0105cych z platformy.<\/li>\n<li>W razie potrzeby u\u017cyj VPN, aby zwi\u0119kszy\u0107 prywatno\u015b\u0107.<\/li>\n<\/ul>\n<p>Przy odpowiedzialnym korzystaniu, Chat4Free jest tak samo bezpieczny, jak ka\u017cda nowoczesna us\u0142uga czatu - a jego anonimowa konfiguracja zmniejsza ryzyko w por\u00f3wnaniu z sieciami spo\u0142eczno\u015bciowymi.<\/p>\n<h2>Wskaz\u00f3wki, jak najlepiej wykorzysta\u0107 Chat4Free<\/h2>\n<ul>\n<li>Przegl\u0105daj r\u00f3\u017cne czaty - od lokalnych po globalne, ka\u017cdy z nich oferuje unikalny t\u0142um.<\/li>\n<li>Zacznij przyja\u017anie i otwarcie - pozytywna energia przyci\u0105ga lepsze rozmowy.<\/li>\n<li>Do\u0142\u0105cz w godzinach aktywno\u015bci (wieczory i weekendy), aby uzyska\u0107 wi\u0119cej u\u017cytkownik\u00f3w.<\/li>\n<li>U\u017cyj zestawu s\u0142uchawkowego lub s\u0142uchawek dousznych, aby uzyska\u0107 wyra\u017aniejszy d\u017awi\u0119k, je\u015bli u\u017cywasz trybu kamery internetowej.<\/li>\n<li>Pomijaj swobodnie - je\u015bli kto\u015b nie jest w twoim klimacie, po prostu id\u017a dalej.<\/li>\n<li>Dodaj stron\u0119 do zak\u0142adek na urz\u0105dzeniach mobilnych, aby mie\u0107 do niej szybki dost\u0119p p\u00f3\u017aniej.<\/li>\n<\/ul>\n<p>Te nawyki poprawi\u0105 og\u00f3lne wra\u017cenia i pomog\u0105 znale\u017a\u0107 prawdziwe, przyjemne interakcje.<\/p>\n<h2>Typowe problemy i poprawki<\/h2>\n<h3>Problem: Nie widzisz lub nie s\u0142yszysz drugiej osoby<\/h3>\n<ul>\n<li>Sprawd\u017a uprawnienia kamery i mikrofonu w przegl\u0105darce.<\/li>\n<li>Uruchom ponownie stron\u0119 lub wypr\u00f3buj inn\u0105 przegl\u0105dark\u0119.<\/li>\n<\/ul>\n<h3>Problem: powolne \u0142adowanie lub op\u00f3\u017anienia<\/h3>\n<ul>\n<li>Korzystaj ze stabilnego po\u0142\u0105czenia Wi-Fi.<\/li>\n<li>Zamknij aplikacje dzia\u0142aj\u0105ce w tle, kt\u00f3re zu\u017cywaj\u0105 przepustowo\u015b\u0107.<\/li>\n<\/ul>\n<h3>Problem: Niewielu u\u017cytkownik\u00f3w online<\/h3>\n<ul>\n<li>Spr\u00f3buj w godzinach szczytu (wieczory w Twoim regionie).<\/li>\n<li>Prze\u0142\u0105czaj si\u0119 mi\u0119dzy pokojami rozm\u00f3w, aby znale\u017a\u0107 wi\u0119cej aktywno\u015bci.<\/li>\n<\/ul>\n<h3>Problem: Niew\u0142a\u015bciwe zachowanie<\/h3>\n<ul>\n<li>Pomi\u0144 natychmiast.<\/li>\n<li>Zg\u0142o\u015b lub zablokuj, je\u015bli dost\u0119pne s\u0105 narz\u0119dzia moderacji.<\/li>\n<\/ul>\n<h2>Dlaczego ludzie wybieraj\u0105 Chat4Free<\/h2>\n<p>Chat4Free wyr\u00f3\u017cnia si\u0119 z jednego prostego powodu - jest faktycznie darmowy. W kulturze internetowej wype\u0142nionej aplikacjami freemium i us\u0142ugami o ograniczonym dost\u0119pie, Chat4Free pozostaje wierny swojej nazwie.<\/p>\n<p>Ludzie uwielbiaj\u0105 go za:<\/p>\n<ul>\n<li>Darmowy, nieograniczony czat.<\/li>\n<li>Natychmiastowy dost\u0119p bez rejestracji.<\/li>\n<li>Po\u0142\u0105czenie czatu i czatu wideo.<\/li>\n<li>Globalna, wielokulturowa spo\u0142eczno\u015b\u0107.<\/li>\n<li>Przyjazna, wyluzowana atmosfera.<\/li>\n<\/ul>\n<p>To \u015bwietne miejsce do organicznego poznawania ludzi, bez presji aplikacji randkowych czy chaosu medi\u00f3w spo\u0142eczno\u015bciowych.<\/p>\n<h2>Przemy\u015blenia ko\u0144cowe: Czy warto u\u017cywa\u0107 Chat4Free?<\/h2>\n<p>Je\u015bli szukasz zabawnego, darmowego i \u0142atwego sposobu na rozmow\u0119 z lud\u017ami online, Chat4Free jest absolutnie wart Twojego czasu. Nie komplikuje procesu - otwierasz, klikasz i zaczynasz czatowa\u0107. \u017badnych p\u0142atno\u015bci, \u017cadnych sztuczek, tylko prawdziwe rozmowy.<\/p>\n<p>Jest idealny dla:<\/p>\n<ul>\n<li>Poznawanie nowych ludzi na ca\u0142ym \u015bwiecie.<\/li>\n<li>Cieszenie si\u0119 swobodnymi rozmowami tekstowymi lub wideo.<\/li>\n<li>Do\u0142\u0105czanie do czat\u00f3w opartych na zainteresowaniach.<\/li>\n<li>Relaks i spotkania towarzyskie we w\u0142asnym tempie.<\/li>\n<\/ul>\n<p>Chocia\u017c interfejs mo\u017ce nie by\u0107 tak krzykliwy jak w przypadku nowszych platform, prostota Chat4Free, zerowy koszt i silna spo\u0142eczno\u015b\u0107 sprawiaj\u0105, \u017ce jest to niezawodny wyb\u00f3r dla ka\u017cdego, kto szuka prawdziwego po\u0142\u0105czenia online.<\/p>\n<p>W skr\u00f3cie: Chat4Free to klasyczna darmowa platforma czatowa, kt\u00f3ra \u0142\u0105czy w sobie nostalgi\u0119 starych czat\u00f3w z wygod\u0105 nowoczesnej technologii. Jest szybka, przyjazna i ca\u0142kowicie otwarta - to przestrze\u0144, w kt\u00f3rej rozmowa jest nadal najwa\u017cniejsza.<\/p>\n<p>Gotowy, aby do\u0142\u0105czy\u0107? Odwied\u017a Chat4Free, wybierz chatroom i zacznij rozmawia\u0107 z lud\u017ami z ca\u0142ego \u015bwiata - natychmiast i za darmo.<\/p>","protected":false},"excerpt":{"rendered":"<p>In a digital world overflowing with dating apps and curated social networks, sometimes all you want is a simple, free, and authentic chat experience \u2014 no sign-ups, no hidden costs, and no algorithms. That\u2019s exactly what Chat4Free delivers. As its name suggests, Chat4Free offers a completely free way to meet new people online, combining random [&hellip;]<\/p>\n","protected":false},"author":6,"featured_media":0,"parent":0,"menu_order":0,"comment_status":"closed","ping_status":"closed","template":"","meta":{"footnotes":""},"class_list":["post-12336","page","type-page","status-publish","hentry"],"yoast_head":"<!-- This site is optimized with the Yoast SEO plugin v27.4 - https:\/\/yoast.com\/product\/yoast-seo-wordpress\/ -->\n<title>Chat4Free - Free Anonymous Chat - TinyChat.com<\/title>\n<meta name=\"description\" content=\"Enjoying Chat4Free? Join over 50,000,000 strangers on TinyChat! Turn on your cam and start meeting new people, or find a match.\" \/>\n<meta name=\"robots\" content=\"index, follow, max-snippet:-1, max-image-preview:large, max-video-preview:-1\" \/>\n<link rel=\"canonical\" href=\"https:\/\/tinychat.com\/pl\/chat4free\/\" \/>\n<meta property=\"og:locale\" content=\"pl_PL\" \/>\n<meta property=\"og:type\" content=\"article\" \/>\n<meta property=\"og:title\" content=\"Chat4Free - Free Anonymous Chat - TinyChat.com\" \/>\n<meta property=\"og:description\" content=\"Enjoying Chat4Free? Join over 50,000,000 strangers on TinyChat! Turn on your cam and start meeting new people, or find a match.\" \/>\n<meta property=\"og:url\" content=\"https:\/\/tinychat.com\/pl\/chat4free\/\" \/>\n<meta property=\"og:site_name\" content=\"TinyChat\" \/>\n<meta property=\"article:publisher\" content=\"https:\/\/www.facebook.com\/tinychat\" \/>\n<meta property=\"article:modified_time\" content=\"2025-10-21T11:19:40+00:00\" \/>\n<meta property=\"og:image\" content=\"https:\/\/tinychat.com\/wp-content\/uploads\/2020\/04\/Tinychat-logo-1280x284-new-black.png\" \/>\n\t<meta property=\"og:image:width\" content=\"1280\" \/>\n\t<meta property=\"og:image:height\" content=\"284\" \/>\n\t<meta property=\"og:image:type\" content=\"image\/png\" \/>\n<meta name=\"twitter:card\" content=\"summary_large_image\" \/>\n<meta name=\"twitter:site\" content=\"@tinychat\" \/>\n<meta name=\"twitter:label1\" content=\"Szacowany czas czytania\" \/>\n\t<meta name=\"twitter:data1\" content=\"6 minut\" \/>\n<script type=\"application\/ld+json\" class=\"yoast-schema-graph\">{\"@context\":\"https:\\\/\\\/schema.org\",\"@graph\":[{\"@type\":\"WebPage\",\"@id\":\"https:\\\/\\\/tinychat.com\\\/chat4free\\\/\",\"url\":\"https:\\\/\\\/tinychat.com\\\/chat4free\\\/\",\"name\":\"Chat4Free - Free Anonymous Chat - TinyChat.com\",\"isPartOf\":{\"@id\":\"https:\\\/\\\/tinychat.com\\\/#website\"},\"datePublished\":\"2025-10-21T09:33:15+00:00\",\"dateModified\":\"2025-10-21T11:19:40+00:00\",\"description\":\"Enjoying Chat4Free? Join over 50,000,000 strangers on TinyChat! Turn on your cam and start meeting new people, or find a match.\",\"breadcrumb\":{\"@id\":\"https:\\\/\\\/tinychat.com\\\/chat4free\\\/#breadcrumb\"},\"inLanguage\":\"pl-PL\",\"potentialAction\":[{\"@type\":\"ReadAction\",\"target\":[\"https:\\\/\\\/tinychat.com\\\/chat4free\\\/\"]}]},{\"@type\":\"BreadcrumbList\",\"@id\":\"https:\\\/\\\/tinychat.com\\\/chat4free\\\/#breadcrumb\",\"itemListElement\":[{\"@type\":\"ListItem\",\"position\":1,\"name\":\"Home\",\"item\":\"https:\\\/\\\/tinychat.com\\\/\"},{\"@type\":\"ListItem\",\"position\":2,\"name\":\"Chat4Free\"}]},{\"@type\":\"WebSite\",\"@id\":\"https:\\\/\\\/tinychat.com\\\/#website\",\"url\":\"https:\\\/\\\/tinychat.com\\\/\",\"name\":\"TinyChat\",\"description\":\"Random Video Chat with Strangers\",\"publisher\":{\"@id\":\"https:\\\/\\\/tinychat.com\\\/#organization\"},\"alternateName\":\"TinyChat.com\",\"potentialAction\":[{\"@type\":\"SearchAction\",\"target\":{\"@type\":\"EntryPoint\",\"urlTemplate\":\"https:\\\/\\\/tinychat.com\\\/?s={search_term_string}\"},\"query-input\":{\"@type\":\"PropertyValueSpecification\",\"valueRequired\":true,\"valueName\":\"search_term_string\"}}],\"inLanguage\":\"pl-PL\"},{\"@type\":\"Organization\",\"@id\":\"https:\\\/\\\/tinychat.com\\\/#organization\",\"name\":\"TinyChat\",\"alternateName\":\"TinyChat.com\",\"url\":\"https:\\\/\\\/tinychat.com\\\/\",\"logo\":{\"@type\":\"ImageObject\",\"inLanguage\":\"pl-PL\",\"@id\":\"https:\\\/\\\/tinychat.com\\\/#\\\/schema\\\/logo\\\/image\\\/\",\"url\":\"https:\\\/\\\/tinychat.com\\\/wp-content\\\/uploads\\\/2023\\\/11\\\/Tinychat-icon-square.png\",\"contentUrl\":\"https:\\\/\\\/tinychat.com\\\/wp-content\\\/uploads\\\/2023\\\/11\\\/Tinychat-icon-square.png\",\"width\":284,\"height\":284,\"caption\":\"TinyChat\"},\"image\":{\"@id\":\"https:\\\/\\\/tinychat.com\\\/#\\\/schema\\\/logo\\\/image\\\/\"},\"sameAs\":[\"https:\\\/\\\/www.facebook.com\\\/tinychat\",\"https:\\\/\\\/x.com\\\/tinychat\"]}]}<\/script>\n<!-- \/ Yoast SEO plugin. -->","yoast_head_json":{"title":"Chat4Free - Darmowy anonimowy czat - TinyChat.com","description":"Korzystasz z Chat4Free? Do\u0142\u0105cz do ponad 50 000 000 nieznajomych na TinyChat! W\u0142\u0105cz kamer\u0119 i zacznij poznawa\u0107 nowych ludzi lub znajd\u017a partnera.","robots":{"index":"index","follow":"follow","max-snippet":"max-snippet:-1","max-image-preview":"max-image-preview:large","max-video-preview":"max-video-preview:-1"},"canonical":"https:\/\/tinychat.com\/pl\/chat4free\/","og_locale":"pl_PL","og_type":"article","og_title":"Chat4Free - Free Anonymous Chat - TinyChat.com","og_description":"Enjoying Chat4Free? Join over 50,000,000 strangers on TinyChat! Turn on your cam and start meeting new people, or find a match.","og_url":"https:\/\/tinychat.com\/pl\/chat4free\/","og_site_name":"TinyChat","article_publisher":"https:\/\/www.facebook.com\/tinychat","article_modified_time":"2025-10-21T11:19:40+00:00","og_image":[{"width":1280,"height":284,"url":"https:\/\/tinychat.com\/wp-content\/uploads\/2020\/04\/Tinychat-logo-1280x284-new-black.png","type":"image\/png"}],"twitter_card":"summary_large_image","twitter_site":"@tinychat","twitter_misc":{"Szacowany czas czytania":"6 minut"},"schema":{"@context":"https:\/\/schema.org","@graph":[{"@type":"WebPage","@id":"https:\/\/tinychat.com\/chat4free\/","url":"https:\/\/tinychat.com\/chat4free\/","name":"Chat4Free - Darmowy anonimowy czat - TinyChat.com","isPartOf":{"@id":"https:\/\/tinychat.com\/#website"},"datePublished":"2025-10-21T09:33:15+00:00","dateModified":"2025-10-21T11:19:40+00:00","description":"Korzystasz z Chat4Free? Do\u0142\u0105cz do ponad 50 000 000 nieznajomych na TinyChat! W\u0142\u0105cz kamer\u0119 i zacznij poznawa\u0107 nowych ludzi lub znajd\u017a partnera.","breadcrumb":{"@id":"https:\/\/tinychat.com\/chat4free\/#breadcrumb"},"inLanguage":"pl-PL","potentialAction":[{"@type":"ReadAction","target":["https:\/\/tinychat.com\/chat4free\/"]}]},{"@type":"BreadcrumbList","@id":"https:\/\/tinychat.com\/chat4free\/#breadcrumb","itemListElement":[{"@type":"ListItem","position":1,"name":"Home","item":"https:\/\/tinychat.com\/"},{"@type":"ListItem","position":2,"name":"Chat4Free"}]},{"@type":"WebSite","@id":"https:\/\/tinychat.com\/#website","url":"https:\/\/tinychat.com\/","name":"TinyChat","description":"Losowy czat wideo z nieznajomymi","publisher":{"@id":"https:\/\/tinychat.com\/#organization"},"alternateName":"TinyChat.com","potentialAction":[{"@type":"SearchAction","target":{"@type":"EntryPoint","urlTemplate":"https:\/\/tinychat.com\/?s={search_term_string}"},"query-input":{"@type":"PropertyValueSpecification","valueRequired":true,"valueName":"search_term_string"}}],"inLanguage":"pl-PL"},{"@type":"Organization","@id":"https:\/\/tinychat.com\/#organization","name":"TinyChat","alternateName":"TinyChat.com","url":"https:\/\/tinychat.com\/","logo":{"@type":"ImageObject","inLanguage":"pl-PL","@id":"https:\/\/tinychat.com\/#\/schema\/logo\/image\/","url":"https:\/\/tinychat.com\/wp-content\/uploads\/2023\/11\/Tinychat-icon-square.png","contentUrl":"https:\/\/tinychat.com\/wp-content\/uploads\/2023\/11\/Tinychat-icon-square.png","width":284,"height":284,"caption":"TinyChat"},"image":{"@id":"https:\/\/tinychat.com\/#\/schema\/logo\/image\/"},"sameAs":["https:\/\/www.facebook.com\/tinychat","https:\/\/x.com\/tinychat"]}]}},"_links":{"self":[{"href":"https:\/\/tinychat.com\/pl\/wp-json\/wp\/v2\/pages\/12336","targetHints":{"allow":["GET"]}}],"collection":[{"href":"https:\/\/tinychat.com\/pl\/wp-json\/wp\/v2\/pages"}],"about":[{"href":"https:\/\/tinychat.com\/pl\/wp-json\/wp\/v2\/types\/page"}],"author":[{"embeddable":true,"href":"https:\/\/tinychat.com\/pl\/wp-json\/wp\/v2\/users\/6"}],"replies":[{"embeddable":true,"href":"https:\/\/tinychat.com\/pl\/wp-json\/wp\/v2\/comments?post=12336"}],"version-history":[{"count":3,"href":"https:\/\/tinychat.com\/pl\/wp-json\/wp\/v2\/pages\/12336\/revisions"}],"predecessor-version":[{"id":13561,"href":"https:\/\/tinychat.com\/pl\/wp-json\/wp\/v2\/pages\/12336\/revisions\/13561"}],"wp:attachment":[{"href":"https:\/\/tinychat.com\/pl\/wp-json\/wp\/v2\/media?parent=12336"}],"curies":[{"name":"wp","href":"https:\/\/api.w.org\/{rel}","templated":true}]}}