{"id":12345,"date":"2025-07-26T15:54:37","date_gmt":"2025-07-26T13:54:37","guid":{"rendered":"https:\/\/tinychat.com\/?page_id=12345"},"modified":"2025-07-26T17:48:48","modified_gmt":"2025-07-26T15:48:48","slug":"chatroom2000","status":"publish","type":"page","link":"https:\/\/tinychat.com\/pl\/chatroom2000\/","title":{"rendered":"Chatroom2000"},"content":{"rendered":"<p>W erze przesuwania palcem, algorytm\u00f3w i krzykliwych aplikacji, czasami chcesz po prostu prawdziwej rozmowy - prostego, bezpo\u015bredniego sposobu na poznawanie ludzi, czatowanie, flirtowanie lub nawi\u0105zywanie nowych znajomo\u015bci w bezpiecznym i \u017cywym \u015brodowisku online. Od dziesi\u0119cioleci Chatroom2000 jest takim miejscem: ponadczasow\u0105, internetow\u0105 platform\u0105 czatow\u0105, kt\u00f3ra \u0142\u0105czy w sobie to, co najlepsze w klasycznych pokojach rozm\u00f3w z nowoczesnymi funkcjami i silnym duchem spo\u0142eczno\u015bci.<\/p>\n<p>Niezale\u017cnie od tego, czy jeste\u015b tutaj, aby nawi\u0105za\u0107 przyja\u017anie, do\u0142\u0105czy\u0107 do grupy dyskusyjnej, szuka\u0107 romansu, \u0107wiczy\u0107 nowy j\u0119zyk, czy po prostu sp\u0119dzi\u0107 troch\u0119 czasu z interesuj\u0105cymi lud\u017ami, Chatroom2000 oferuje przyjazn\u0105, \u0142atw\u0105 w u\u017cyciu przestrze\u0144, w kt\u00f3rej ka\u017cdy mo\u017ce do\u0142\u0105czy\u0107 do rozmowy - nie wymaga rejestracji ani pobierania.<\/p>\n<p>Ten szczeg\u00f3\u0142owy przewodnik zawiera wszystko, co musisz wiedzie\u0107 o Chatroom2000: jak dzia\u0142a, jego unikalne funkcje, wra\u017cenia u\u017cytkownika, prywatno\u015b\u0107 i bezpiecze\u0144stwo, por\u00f3wnania z innymi platformami czat\u00f3w, rozwi\u0105zywanie problem\u00f3w i porady ekspert\u00f3w, aby jak najlepiej wykorzysta\u0107 ka\u017cd\u0105 sesj\u0119.<\/p>\n<h2>Czym jest Chatroom2000?<\/h2>\n<p>Chatroom2000 to bezp\u0142atna, oparta na przegl\u0105darce platforma czatu, kt\u00f3ra pozwala u\u017cytkownikom do\u0142\u0105cza\u0107 do publicznych lub prywatnych pokoj\u00f3w rozm\u00f3w w celu prowadzenia rozm\u00f3w grupowych lub indywidualnych. Zakorzeniony w klasycznej tradycji czat\u00f3w internetowych, ale stale aktualizowany dla wsp\u00f3\u0142czesnych u\u017cytkownik\u00f3w, Chatroom2000 jest znany ze swojej prostoty, dost\u0119pno\u015bci i przyjaznej atmosfery.<\/p>\n<p>W przeciwie\u0144stwie do medi\u00f3w spo\u0142eczno\u015bciowych czy aplikacji randkowych, Chatroom2000 stawia na komunikacj\u0119 w czasie rzeczywistym, a nie na profile czy algorytmy. Nie ma aplikacji do pobrania ani obowi\u0105zkowej rejestracji - wystarczy wybra\u0107 pseudonim i do\u0142\u0105czy\u0107 do pokoju. Platforma jest szczeg\u00f3lnie popularna w krajach niemieckoj\u0119zycznych, ale przyjmuje u\u017cytkownik\u00f3w z ca\u0142ego \u015bwiata.<\/p>\n<p>Chatroom2000 jest idealny dla:<\/p>\n<ul>\n<li>Niezobowi\u0105zuj\u0105ce rozmowy i poznawanie nowych przyjaci\u00f3\u0142<\/li>\n<li>Flirtowanie i randki online<\/li>\n<li>Wsparcie, porady i czat spo\u0142eczno\u015bciowy<\/li>\n<li>Wymiana j\u0119zykowa i odkrywanie kultury<\/li>\n<li>Nostalgia za klasycznym czatem grupowym<\/li>\n<\/ul>\n<h2>Kluczowe cechy Chatroom2000<\/h2>\n<p>Co sprawia, \u017ce Chatroom2000 wyr\u00f3\u017cnia si\u0119 w \u015bwiecie czat\u00f3w online? Oto zestawienie jego podstawowych funkcji i tego, co wyr\u00f3\u017cnia go z t\u0142umu:<\/p>\n<h3>1. Natychmiastowy dost\u0119p, bez konieczno\u015bci rejestracji<\/h3>\n<p>Do\u0142\u0105cz do pokoju rozm\u00f3w w kilka sekund - nie musisz tworzy\u0107 konta ani pobiera\u0107 aplikacji. Wystarczy wybra\u0107 pseudonim i mo\u017cna czatowa\u0107.<\/p>\n<h3>2. Szeroki wyb\u00f3r pokoj\u00f3w rozm\u00f3w<\/h3>\n<p>Wybieraj spo\u015br\u00f3d dziesi\u0105tek czat\u00f3w tematycznych:<\/p>\n<ul>\n<li>Czat og\u00f3lny: Do swobodnej rozmowy z kimkolwiek.<\/li>\n<li>Flirt Room: Dla singli i os\u00f3b szukaj\u0105cych romansu.<\/li>\n<li>Pokoje krajowe\/j\u0119zykowe: Po\u0142\u0105cz si\u0119 z u\u017cytkownikami z Niemiec, Austrii, Szwajcarii i nie tylko - lub \u0107wicz sw\u00f3j niemiecki w przyjaznym \u015brodowisku.<\/li>\n<li>Pokoje zainteresowa\u0144: Muzyka, gry, sport, porady i inne.<\/li>\n<\/ul>\n<h3>3. Prywatne wiadomo\u015bci i szept<\/h3>\n<p>Rozpocznij prywatny czat jeden na jednego z dowoln\u0105 osob\u0105 w pokoju. U\u017cyj funkcji \"Szept\", aby wysy\u0142a\u0107 dyskretne wiadomo\u015bci bez opuszczania rozmowy grupowej.<\/p>\n<h3>4. Profile u\u017cytkownik\u00f3w i personalizacja<\/h3>\n<p>Utw\u00f3rz prosty profil z pseudonimem, awatarem i wiadomo\u015bci\u0105 o statusie. Profile s\u0105 opcjonalne, dzi\u0119ki czemu do\u015bwiadczenie jest lekkie i anonimowe dla tych, kt\u00f3rzy wol\u0105 prywatno\u015b\u0107.<\/p>\n<h3>5. Emotikony, GIF-y i udost\u0119pnianie multimedi\u00f3w<\/h3>\n<p>Wyra\u017a siebie za pomoc\u0105 szerokiej gamy emotikon\u00f3w, GIF-\u00f3w i bezpiecznego udost\u0119pniania multimedi\u00f3w (obrazy s\u0105 moderowane pod k\u0105tem bezpiecze\u0144stwa).<\/p>\n<h3>6. Umiarkowanie i bezpieczne \u015brodowisko<\/h3>\n<p>Chatroom2000 jest znany z aktywnego moderowania:<\/p>\n<ul>\n<li>Moderatorzy maj\u0105 oko na pokoje i reaguj\u0105 na zg\u0142oszenia u\u017cytkownik\u00f3w.<\/li>\n<li>Spam, boty i nieodpowiednie tre\u015bci s\u0105 szybko usuwane, aby utrzyma\u0107 przyjazn\u0105 przestrze\u0144.<\/li>\n<li>U\u017cytkownicy mog\u0105 blokowa\u0107 lub zg\u0142asza\u0107 osoby zak\u0142\u00f3caj\u0105ce spok\u00f3j.<\/li>\n<\/ul>\n<h3>7. Przyjazny dla urz\u0105dze\u0144 mobilnych, oparty na przegl\u0105darce<\/h3>\n<p>Chatroom2000 dzia\u0142a doskonale na smartfonach, tabletach i komputerach stacjonarnych dzi\u0119ki responsywnemu projektowi, kt\u00f3ry dostosowuje si\u0119 do ka\u017cdego rozmiaru ekranu.<\/p>\n<h3>8. Opcjonalna rejestracja dla dodatk\u00f3w<\/h3>\n<p>Chocia\u017c rejestracja nie jest wymagana do korzystania z czatu, odblokowuje ona takie funkcje jak:<\/p>\n<ul>\n<li>Listy znajomych<\/li>\n<li>Historia wiadomo\u015bci prywatnych<\/li>\n<li>Zapisane profile i pseudonimy<\/li>\n<li>Tworzenie niestandardowych pomieszcze\u0144<\/li>\n<\/ul>\n<h2>Jak korzysta\u0107 z Chatroom2000<\/h2>\n<p>Rozpocz\u0119cie pracy z Chatroom2000 jest szybkie i proste:<\/p>\n<h3>Krok 1: Odwied\u017a stron\u0119 internetow\u0105 Chatroom2000<\/h3>\n<p>Wejd\u017a na chatroom2000.de (lub wersj\u0119 regionaln\u0105) w dowolnej przegl\u0105darce internetowej.<\/p>\n<h3>Krok 2: Wybierz sw\u00f3j pok\u00f3j czatu<\/h3>\n<p>Przejrzyj list\u0119 publicznych czat\u00f3w lub wybierz jeden na podstawie swoich zainteresowa\u0144 - flirt, przyja\u017a\u0144, j\u0119zyk, muzyka itp.<\/p>\n<h3>Krok 3: Wybierz pseudonim<\/h3>\n<p>Wprowad\u017a pseudonim (wi\u0119kszo\u015b\u0107 funkcji nie wymaga podawania prawdziwych nazwisk ani rejestracji).<\/p>\n<h3>Krok 4: Do\u0142\u0105cz do rozmowy<\/h3>\n<p>Rozpocznij czat w pokoju publicznym lub skorzystaj z funkcji wiadomo\u015bci prywatnych, aby nawi\u0105za\u0107 kontakt jeden na jednego.<\/p>\n<h3>Krok 5: Dostosuj swoje do\u015bwiadczenie<\/h3>\n<p>Dodaj awatar, ustaw status lub zarejestruj konto, aby uzyska\u0107 wi\u0119cej funkcji.<\/p>\n<h3>Krok 6: Prywatne wiadomo\u015bci i szeptanie<\/h3>\n<p>Aby czatowa\u0107 prywatnie, kliknij nazw\u0119 u\u017cytkownika i wybierz opcj\u0119 \"Szept\" lub \"Czat prywatny\".<\/p>\n<h3>Krok 7: U\u017cywaj emotikon\u00f3w i GIF-\u00f3w<\/h3>\n<p>Dzi\u0119ki szerokiej gamie emotikon\u00f3w, naklejek i GIF-\u00f3w wszystko jest \u017cywe i wyraziste.<\/p>\n<h3>Krok 8: Zg\u0142o\u015b lub zablokuj w razie potrzeby<\/h3>\n<p>Je\u015bli napotkasz trolle lub nieodpowiednie tre\u015bci, skorzystaj z przycisk\u00f3w zg\u0142aszania lub blokowania - moderatorzy dzia\u0142aj\u0105 szybko.<\/p>\n<h2>Do\u015bwiadczenie u\u017cytkownika na Chatroom2000<\/h2>\n<p>W Chatroom2000 chodzi o rozmow\u0119, spo\u0142eczno\u015b\u0107 i prostot\u0119 - z silnym naciskiem na to, aby ka\u017cdy czu\u0142 si\u0119 mile widziany i w\u0142\u0105czony.<\/p>\n<h3>Co kochaj\u0105 u\u017cytkownicy<\/h3>\n<ul>\n<li>Nie wymaga rejestracji ani pobierania: Wskocz od razu, zachowaj anonimowo\u015b\u0107.<\/li>\n<li>Ogromna r\u00f3\u017cnorodno\u015b\u0107 pokoi: Co\u015b dla ka\u017cdego, o ka\u017cdej porze dnia.<\/li>\n<li>Aktywna, przyjazna spo\u0142eczno\u015b\u0107: Szczeg\u00f3lnie przyjazna dla nowych u\u017cytkownik\u00f3w.<\/li>\n<li>Opcje czatu prywatnego: Rozmowy jeden na jeden s\u0105 \u0142atwe i dyskretne.<\/li>\n<li>Emotikony, GIF-y i proste funkcje profilu: Sprawia, \u017ce czatowanie jest zabawne i ekspresyjne.<\/li>\n<li>Przyjazny dla urz\u0105dze\u0144 mobilnych i stacjonarnych: Czatuj z dowolnego miejsca.<\/li>\n<\/ul>\n<h3>Gdzie u\u017cytkownicy widz\u0105 pole do poprawy<\/h3>\n<ul>\n<li>Brak czatu wideo lub audio (tylko czat tekstowy).<\/li>\n<li>Niekt\u00f3re pokoje mog\u0105 by\u0107 zat\u0142oczone w godzinach szczytu.<\/li>\n<li>Sporadyczny spam lub trolle (szybko opanowane przez moderacj\u0119).<\/li>\n<li>Niekt\u00f3re funkcje (np. zapisani znajomi) wymagaj\u0105 bezp\u0142atnej rejestracji.<\/li>\n<\/ul>\n<h3>Rzeczywiste opinie u\u017cytkownik\u00f3w<\/h3>\n<blockquote><p>\"Najprostszy spos\u00f3b na nawi\u0105zanie nowych znajomo\u015bci lub po prostu pogaw\u0119dk\u0119 po pracy. Bez rejestracji, bez zamieszania\".<br \/>\n- <em>Marie H., Trustpilot<\/em><\/p><\/blockquote>\n<blockquote><p>\"Uwielbiam pok\u00f3j Flirt. Pozna\u0142em tu swoj\u0105 dziewczyn\u0119 dwa lata temu. Wci\u0105\u017c jest silna!\"<br \/>\n- <em>Stefan W., Google Play<\/em><\/p><\/blockquote>\n<blockquote><p>\"\u015awietny do \u0107wiczenia niemieckiego i poznawania ludzi z ca\u0142ej Europy\".<br \/>\n- <em>Ricardo P., App Store<\/em><\/p><\/blockquote>\n<h2>Chatroom2000 vs. inne platformy z pokojami rozm\u00f3w<\/h2>\n<p>Jak wypada Chatroom2000 na tle innych wiod\u0105cych serwis\u00f3w czatowych?<\/p>\n<table>\n<thead>\n<tr>\n<th>Cecha<\/th>\n<th>Chatroom2000<\/th>\n<th>Yesichat<\/th>\n<th>Chatzy<\/th>\n<th>Chat Avenue<\/th>\n<th>Discord<\/th>\n<th>WhatsApp<\/th>\n<\/tr>\n<\/thead>\n<tbody>\n<tr>\n<td>Rejestracja nie jest wymagana<\/td>\n<td>Tak<\/td>\n<td>Tak<\/td>\n<td>Tak<\/td>\n<td>Tak<\/td>\n<td>Nie<\/td>\n<td>Nie<\/td>\n<\/tr>\n<tr>\n<td>Pokoje rozm\u00f3w grupowych<\/td>\n<td>Tak<\/td>\n<td>Tak<\/td>\n<td>Tak<\/td>\n<td>Tak<\/td>\n<td>Tak<\/td>\n<td>Tak<\/td>\n<\/tr>\n<tr>\n<td>Prywatne wiadomo\u015bci<\/td>\n<td>Tak<\/td>\n<td>Tak<\/td>\n<td>Tak<\/td>\n<td>Tak<\/td>\n<td>Tak<\/td>\n<td>Tak<\/td>\n<\/tr>\n<tr>\n<td>Czat wideo\/audio<\/td>\n<td>Nie<\/td>\n<td>Tak<\/td>\n<td>Nie<\/td>\n<td>Tak<\/td>\n<td>Tak<\/td>\n<td>Tak<\/td>\n<\/tr>\n<tr>\n<td>Anonimowe u\u017cycie<\/td>\n<td>Tak<\/td>\n<td>Tak<\/td>\n<td>Tak<\/td>\n<td>Tak<\/td>\n<td>\u26a0\ufe0f Limited<\/td>\n<td>\u26a0\ufe0f Limited<\/td>\n<\/tr>\n<tr>\n<td>Udost\u0119pnianie multimedi\u00f3w\/Emotikon\u00f3w<\/td>\n<td>Tak<\/td>\n<td>Tak<\/td>\n<td>Tak<\/td>\n<td>Tak<\/td>\n<td>Tak<\/td>\n<td>Tak<\/td>\n<\/tr>\n<tr>\n<td>Zoptymalizowany pod k\u0105tem urz\u0105dze\u0144 mobilnych<\/td>\n<td>Tak<\/td>\n<td>Tak<\/td>\n<td>Tak<\/td>\n<td>Tak<\/td>\n<td>Tak<\/td>\n<td>Tak<\/td>\n<\/tr>\n<tr>\n<td>Moderacja\/Bezpiecze\u0144stwo<\/td>\n<td>Silny<\/td>\n<td>Silny<\/td>\n<td>Silny<\/td>\n<td>Umiarkowany<\/td>\n<td>Silny<\/td>\n<td>Silny<\/td>\n<\/tr>\n<\/tbody>\n<\/table>\n<p>Podsumowanie: Chatroom2000 wyr\u00f3\u017cnia si\u0119 po\u0142\u0105czeniem klasycznej prostoty czatu, r\u00f3\u017cnorodno\u015bci pokoi grupowych, silnej prywatno\u015bci i szybkiego dost\u0119pu, dzi\u0119ki czemu jest idealny zar\u00f3wno dla nowicjuszy, jak i fan\u00f3w starych czat\u00f3w.<\/p>\n<h2>Czy Chatroom2000 jest bezpieczny?<\/h2>\n<p>Chatroom2000 cieszy si\u0119 reputacj\u0105 firmy bezpiecznej i szanowanej:<\/p>\n<ul>\n<li>Aktywni ludzcy moderatorzy: Obecni w wi\u0119kszo\u015bci pokoj\u00f3w, aby utrzyma\u0107 przyjazn\u0105 atmosfer\u0119.<\/li>\n<li>Kontrola u\u017cytkownika: Natychmiastowe blokowanie lub zg\u0142aszanie os\u00f3b sprawiaj\u0105cych problemy.<\/li>\n<li>Nie s\u0105 wymagane \u017cadne dane osobowe: Zachowaj anonimowo\u015b\u0107, jak tylko chcesz - wystarczy pseudonim.<\/li>\n<li>Czaty prywatne s\u0105 prywatne: Tylko zaproszone osoby mog\u0105 do\u0142\u0105czy\u0107 do czat\u00f3w jeden na jeden.<\/li>\n<li>Bezpieczne udost\u0119pnianie multimedi\u00f3w: Wszystkie obrazy s\u0105 moderowane, aby zapobiec nieodpowiednim tre\u015bciom.<\/li>\n<\/ul>\n<h3>Wskaz\u00f3wki dotycz\u0105ce bezpiecze\u0144stwa<\/h3>\n<ul>\n<li>Nigdy nie udost\u0119pniaj swojego prawdziwego imienia i nazwiska, adresu ani informacji finansowych na czacie.<\/li>\n<li>U\u017cywaj czatu prywatnego do poufnych rozm\u00f3w, ale zachowaj ostro\u017cno\u015b\u0107.<\/li>\n<li>Zg\u0142aszaj n\u0119kanie, spam lub podejrzanych u\u017cytkownik\u00f3w.<\/li>\n<li>Trzymaj si\u0119 pokoi z aktywn\u0105 moderacj\u0105, aby uzyska\u0107 najbezpieczniejsze wra\u017cenia.<\/li>\n<li>Zarejestruj konto, je\u015bli chcesz zachowa\u0107 znajomych lub chroni\u0107 sw\u00f3j pseudonim.<\/li>\n<\/ul>\n<h2>Wskaz\u00f3wki, jak najlepiej wykorzysta\u0107 Chatroom2000<\/h2>\n<ul>\n<li>Wypr\u00f3buj r\u00f3\u017cne pokoje: Odkryj r\u00f3\u017cnorodno\u015b\u0107 - ka\u017cdy pok\u00f3j ma sw\u00f3j w\u0142asny klimat i spo\u0142eczno\u015b\u0107.<\/li>\n<li>B\u0105d\u017a przyjazny i pe\u0142en szacunku: Dobre maniery maj\u0105 du\u017ce znaczenie w spo\u0142eczno\u015bciach internetowych.<\/li>\n<li>U\u017cywaj czatu szeptanego\/prywatnego: Idealny do powa\u017cnych rozm\u00f3w w cztery oczy.<\/li>\n<li>Wyra\u017a siebie: U\u017cywaj emotikon\u00f3w, GIF-\u00f3w i wiadomo\u015bci statusowych.<\/li>\n<li>Blokowanie\/raportowanie w razie potrzeby: Pomoc w utrzymaniu spo\u0142eczno\u015bci w czysto\u015bci i przyjaznej atmosferze.<\/li>\n<li>Czat w podr\u00f3\u017cy: Witryna mobilna jest tak samo solidna jak wersja na komputery stacjonarne.<\/li>\n<li>Zarejestruj si\u0119, aby uzyska\u0107 dodatkowe opcje: Je\u015bli podoba Ci si\u0119 platforma, rejestracja odblokowuje wi\u0119cej funkcji.<\/li>\n<\/ul>\n<h2>Rozwi\u0105zywanie typowych problem\u00f3w z Chatroom2000<\/h2>\n<h3>Nie mo\u017cna do\u0142\u0105czy\u0107 do pokoju<\/h3>\n<p>Sprawd\u017a sw\u00f3j pseudonim (unikaj nieodpowiednich nazw), od\u015bwie\u017c stron\u0119 lub wypr\u00f3buj inny pok\u00f3j, je\u015bli okre\u015blony jest pe\u0142ny lub ograniczony.<\/p>\n<h3>Prywatne wiadomo\u015bci nie dzia\u0142aj\u0105<\/h3>\n<p>Upewnij si\u0119, \u017ce obaj u\u017cytkownicy s\u0105 online i znajduj\u0105 si\u0119 w tym samym pokoju. Niekt\u00f3re funkcje czatu prywatnego mog\u0105 wymaga\u0107 darmowego konta.<\/p>\n<h3>Napotykanie trolli lub spamu<\/h3>\n<p>U\u017cyj funkcji blokowania lub zg\u0142aszania. Moderatorzy reaguj\u0105 szybko, zw\u0142aszcza w zat\u0142oczonych pokojach.<\/p>\n<h3>Utracony profil lub lista znajomych<\/h3>\n<p>Zarejestruj konto i zaloguj si\u0119, aby zapisa\u0107 znajomych, pseudonim i histori\u0119 czat\u00f3w.<\/p>\n<h3>Wolne po\u0142\u0105czenie lub op\u00f3\u017anienie<\/h3>\n<p>Korzystaj z silnego po\u0142\u0105czenia Wi-Fi, zamykaj aplikacje\/zak\u0142adki dzia\u0142aj\u0105ce w tle i upewnij si\u0119, \u017ce Twoja przegl\u0105darka jest aktualna.<\/p>\n<p>Jak najbardziej - zw\u0142aszcza dla ka\u017cdego, kto ceni sobie klasyczny klimat czatu, natychmiastowe rozmowy grupowe i \u0142atwe, anonimowe znajomo\u015bci online. Chatroom2000 \u0142\u0105czy w sobie wszystko to, co czyni\u0142o wczesne czaty online wyj\u0105tkowymi, z dzisiejszymi standardami bezpiecze\u0144stwa, moderacji i dost\u0119pu mobilnego.<\/p>\n<p>Niezale\u017cnie od tego, czy chcesz flirtowa\u0107, uczy\u0107 si\u0119 j\u0119zyka, nawi\u0105zywa\u0107 przyja\u017anie, czy po prostu sp\u0119dza\u0107 czas, Chatroom2000 to Tw\u00f3j cyfrowy salon - zawsze otwarty, zawsze przyjazny i zawsze darmowy.<\/p>\n<p>Gotowy na czat? Odwied\u017a chatroom2000.de, wybierz sw\u00f3j nick i pok\u00f3j i rozpocznij kolejn\u0105 \u015bwietn\u0105 rozmow\u0119 w kilka sekund.<\/p>","protected":false},"excerpt":{"rendered":"<p>In an age of swiping, algorithms, and flashy apps, sometimes you just want a real conversation\u2014a simple, direct way to meet people, chat, flirt, or make new friends in a safe and lively online environment. For decades, Chatroom2000 has been that place: a timeless, web-based chat platform that combines the best of classic chat rooms [&hellip;]<\/p>\n","protected":false},"author":6,"featured_media":0,"parent":0,"menu_order":0,"comment_status":"closed","ping_status":"closed","template":"","meta":{"footnotes":""},"class_list":["post-12345","page","type-page","status-publish","hentry"],"yoast_head":"<!-- This site is optimized with the Yoast SEO plugin v27.4 - https:\/\/yoast.com\/product\/yoast-seo-wordpress\/ -->\n<title>Chatroom2000 - Free Chat without Registering - TinyChat.com<\/title>\n<meta name=\"description\" content=\"Enjoying Chatroom2000? Join over 50,000,000 strangers on TinyChat! Turn on your cam and start meeting new people, or find a match.\" \/>\n<meta name=\"robots\" content=\"index, follow, max-snippet:-1, max-image-preview:large, max-video-preview:-1\" \/>\n<link rel=\"canonical\" href=\"https:\/\/tinychat.com\/pl\/chatroom2000\/\" \/>\n<meta property=\"og:locale\" content=\"pl_PL\" \/>\n<meta property=\"og:type\" content=\"article\" \/>\n<meta property=\"og:title\" content=\"Chatroom2000 - Free Chat without Registering - TinyChat.com\" \/>\n<meta property=\"og:description\" content=\"Enjoying Chatroom2000? Join over 50,000,000 strangers on TinyChat! Turn on your cam and start meeting new people, or find a match.\" \/>\n<meta property=\"og:url\" content=\"https:\/\/tinychat.com\/pl\/chatroom2000\/\" \/>\n<meta property=\"og:site_name\" content=\"TinyChat\" \/>\n<meta property=\"article:publisher\" content=\"https:\/\/www.facebook.com\/tinychat\" \/>\n<meta property=\"article:modified_time\" content=\"2025-07-26T15:48:48+00:00\" \/>\n<meta property=\"og:image\" content=\"https:\/\/tinychat.com\/wp-content\/uploads\/2020\/04\/Tinychat-logo-1280x284-new-black.png\" \/>\n\t<meta property=\"og:image:width\" content=\"1280\" \/>\n\t<meta property=\"og:image:height\" content=\"284\" \/>\n\t<meta property=\"og:image:type\" content=\"image\/png\" \/>\n<meta name=\"twitter:card\" content=\"summary_large_image\" \/>\n<meta name=\"twitter:site\" content=\"@tinychat\" \/>\n<meta name=\"twitter:label1\" content=\"Szacowany czas czytania\" \/>\n\t<meta name=\"twitter:data1\" content=\"7 minut\" \/>\n<script type=\"application\/ld+json\" class=\"yoast-schema-graph\">{\"@context\":\"https:\\\/\\\/schema.org\",\"@graph\":[{\"@type\":\"WebPage\",\"@id\":\"https:\\\/\\\/tinychat.com\\\/chatroom2000\\\/\",\"url\":\"https:\\\/\\\/tinychat.com\\\/chatroom2000\\\/\",\"name\":\"Chatroom2000 - Free Chat without Registering - TinyChat.com\",\"isPartOf\":{\"@id\":\"https:\\\/\\\/tinychat.com\\\/#website\"},\"datePublished\":\"2025-07-26T13:54:37+00:00\",\"dateModified\":\"2025-07-26T15:48:48+00:00\",\"description\":\"Enjoying Chatroom2000? Join over 50,000,000 strangers on TinyChat! Turn on your cam and start meeting new people, or find a match.\",\"breadcrumb\":{\"@id\":\"https:\\\/\\\/tinychat.com\\\/chatroom2000\\\/#breadcrumb\"},\"inLanguage\":\"pl-PL\",\"potentialAction\":[{\"@type\":\"ReadAction\",\"target\":[\"https:\\\/\\\/tinychat.com\\\/chatroom2000\\\/\"]}]},{\"@type\":\"BreadcrumbList\",\"@id\":\"https:\\\/\\\/tinychat.com\\\/chatroom2000\\\/#breadcrumb\",\"itemListElement\":[{\"@type\":\"ListItem\",\"position\":1,\"name\":\"Home\",\"item\":\"https:\\\/\\\/tinychat.com\\\/\"},{\"@type\":\"ListItem\",\"position\":2,\"name\":\"Chatroom2000\"}]},{\"@type\":\"WebSite\",\"@id\":\"https:\\\/\\\/tinychat.com\\\/#website\",\"url\":\"https:\\\/\\\/tinychat.com\\\/\",\"name\":\"TinyChat\",\"description\":\"Random Video Chat with Strangers\",\"publisher\":{\"@id\":\"https:\\\/\\\/tinychat.com\\\/#organization\"},\"alternateName\":\"TinyChat.com\",\"potentialAction\":[{\"@type\":\"SearchAction\",\"target\":{\"@type\":\"EntryPoint\",\"urlTemplate\":\"https:\\\/\\\/tinychat.com\\\/?s={search_term_string}\"},\"query-input\":{\"@type\":\"PropertyValueSpecification\",\"valueRequired\":true,\"valueName\":\"search_term_string\"}}],\"inLanguage\":\"pl-PL\"},{\"@type\":\"Organization\",\"@id\":\"https:\\\/\\\/tinychat.com\\\/#organization\",\"name\":\"TinyChat\",\"alternateName\":\"TinyChat.com\",\"url\":\"https:\\\/\\\/tinychat.com\\\/\",\"logo\":{\"@type\":\"ImageObject\",\"inLanguage\":\"pl-PL\",\"@id\":\"https:\\\/\\\/tinychat.com\\\/#\\\/schema\\\/logo\\\/image\\\/\",\"url\":\"https:\\\/\\\/tinychat.com\\\/wp-content\\\/uploads\\\/2023\\\/11\\\/Tinychat-icon-square.png\",\"contentUrl\":\"https:\\\/\\\/tinychat.com\\\/wp-content\\\/uploads\\\/2023\\\/11\\\/Tinychat-icon-square.png\",\"width\":284,\"height\":284,\"caption\":\"TinyChat\"},\"image\":{\"@id\":\"https:\\\/\\\/tinychat.com\\\/#\\\/schema\\\/logo\\\/image\\\/\"},\"sameAs\":[\"https:\\\/\\\/www.facebook.com\\\/tinychat\",\"https:\\\/\\\/x.com\\\/tinychat\"]}]}<\/script>\n<!-- \/ Yoast SEO plugin. -->","yoast_head_json":{"title":"Chatroom2000 - Darmowy czat bez rejestracji - TinyChat.com","description":"Korzystasz z Chatroom2000? Do\u0142\u0105cz do ponad 50 000 000 nieznajomych na TinyChat! W\u0142\u0105cz kamer\u0119 i zacznij poznawa\u0107 nowych ludzi lub znajd\u017a partnera.","robots":{"index":"index","follow":"follow","max-snippet":"max-snippet:-1","max-image-preview":"max-image-preview:large","max-video-preview":"max-video-preview:-1"},"canonical":"https:\/\/tinychat.com\/pl\/chatroom2000\/","og_locale":"pl_PL","og_type":"article","og_title":"Chatroom2000 - Free Chat without Registering - TinyChat.com","og_description":"Enjoying Chatroom2000? Join over 50,000,000 strangers on TinyChat! Turn on your cam and start meeting new people, or find a match.","og_url":"https:\/\/tinychat.com\/pl\/chatroom2000\/","og_site_name":"TinyChat","article_publisher":"https:\/\/www.facebook.com\/tinychat","article_modified_time":"2025-07-26T15:48:48+00:00","og_image":[{"width":1280,"height":284,"url":"https:\/\/tinychat.com\/wp-content\/uploads\/2020\/04\/Tinychat-logo-1280x284-new-black.png","type":"image\/png"}],"twitter_card":"summary_large_image","twitter_site":"@tinychat","twitter_misc":{"Szacowany czas czytania":"7 minut"},"schema":{"@context":"https:\/\/schema.org","@graph":[{"@type":"WebPage","@id":"https:\/\/tinychat.com\/chatroom2000\/","url":"https:\/\/tinychat.com\/chatroom2000\/","name":"Chatroom2000 - Darmowy czat bez rejestracji - TinyChat.com","isPartOf":{"@id":"https:\/\/tinychat.com\/#website"},"datePublished":"2025-07-26T13:54:37+00:00","dateModified":"2025-07-26T15:48:48+00:00","description":"Korzystasz z Chatroom2000? Do\u0142\u0105cz do ponad 50 000 000 nieznajomych na TinyChat! W\u0142\u0105cz kamer\u0119 i zacznij poznawa\u0107 nowych ludzi lub znajd\u017a partnera.","breadcrumb":{"@id":"https:\/\/tinychat.com\/chatroom2000\/#breadcrumb"},"inLanguage":"pl-PL","potentialAction":[{"@type":"ReadAction","target":["https:\/\/tinychat.com\/chatroom2000\/"]}]},{"@type":"BreadcrumbList","@id":"https:\/\/tinychat.com\/chatroom2000\/#breadcrumb","itemListElement":[{"@type":"ListItem","position":1,"name":"Home","item":"https:\/\/tinychat.com\/"},{"@type":"ListItem","position":2,"name":"Chatroom2000"}]},{"@type":"WebSite","@id":"https:\/\/tinychat.com\/#website","url":"https:\/\/tinychat.com\/","name":"TinyChat","description":"Losowy czat wideo z nieznajomymi","publisher":{"@id":"https:\/\/tinychat.com\/#organization"},"alternateName":"TinyChat.com","potentialAction":[{"@type":"SearchAction","target":{"@type":"EntryPoint","urlTemplate":"https:\/\/tinychat.com\/?s={search_term_string}"},"query-input":{"@type":"PropertyValueSpecification","valueRequired":true,"valueName":"search_term_string"}}],"inLanguage":"pl-PL"},{"@type":"Organization","@id":"https:\/\/tinychat.com\/#organization","name":"TinyChat","alternateName":"TinyChat.com","url":"https:\/\/tinychat.com\/","logo":{"@type":"ImageObject","inLanguage":"pl-PL","@id":"https:\/\/tinychat.com\/#\/schema\/logo\/image\/","url":"https:\/\/tinychat.com\/wp-content\/uploads\/2023\/11\/Tinychat-icon-square.png","contentUrl":"https:\/\/tinychat.com\/wp-content\/uploads\/2023\/11\/Tinychat-icon-square.png","width":284,"height":284,"caption":"TinyChat"},"image":{"@id":"https:\/\/tinychat.com\/#\/schema\/logo\/image\/"},"sameAs":["https:\/\/www.facebook.com\/tinychat","https:\/\/x.com\/tinychat"]}]}},"_links":{"self":[{"href":"https:\/\/tinychat.com\/pl\/wp-json\/wp\/v2\/pages\/12345","targetHints":{"allow":["GET"]}}],"collection":[{"href":"https:\/\/tinychat.com\/pl\/wp-json\/wp\/v2\/pages"}],"about":[{"href":"https:\/\/tinychat.com\/pl\/wp-json\/wp\/v2\/types\/page"}],"author":[{"embeddable":true,"href":"https:\/\/tinychat.com\/pl\/wp-json\/wp\/v2\/users\/6"}],"replies":[{"embeddable":true,"href":"https:\/\/tinychat.com\/pl\/wp-json\/wp\/v2\/comments?post=12345"}],"version-history":[{"count":3,"href":"https:\/\/tinychat.com\/pl\/wp-json\/wp\/v2\/pages\/12345\/revisions"}],"predecessor-version":[{"id":13367,"href":"https:\/\/tinychat.com\/pl\/wp-json\/wp\/v2\/pages\/12345\/revisions\/13367"}],"wp:attachment":[{"href":"https:\/\/tinychat.com\/pl\/wp-json\/wp\/v2\/media?parent=12345"}],"curies":[{"name":"wp","href":"https:\/\/api.w.org\/{rel}","templated":true}]}}