{"id":12397,"date":"2025-07-21T11:32:55","date_gmt":"2025-07-21T09:32:55","guid":{"rendered":"https:\/\/tinychat.com\/?page_id=12397"},"modified":"2025-07-21T13:09:33","modified_gmt":"2025-07-21T11:09:33","slug":"crushroulette","status":"publish","type":"page","link":"https:\/\/tinychat.com\/pl\/crushroulette\/","title":{"rendered":"CrushRoulette"},"content":{"rendered":"<p>\u015awiat losowych czat\u00f3w wideo ewoluowa\u0142 daleko poza swoje pocz\u0105tki. Obecnie platformy takie jak CrushRoulette na nowo definiuj\u0105 spos\u00f3b, w jaki spotykamy si\u0119, flirtujemy i nawi\u0105zujemy znajomo\u015bci online - \u0142\u0105cz\u0105c emocje zwi\u0105zane z przypadkowymi spotkaniami z nowoczesnym akcentem skoncentrowanym na prywatno\u015bci, autentyczno\u015bci i prawdziwych relacjach.<\/p>\n<p>Niezale\u017cnie od tego, czy szukasz kolejnej sympatii, masz nadziej\u0119 na interesuj\u0105c\u0105 rozmow\u0119, czy po prostu chcesz prze\u0142ama\u0107 lody z kim\u015b nowym z ca\u0142ego \u015bwiata, CrushRoulette zapewnia bezpieczne, przyjazne dla u\u017cytkownika i anga\u017cuj\u0105ce do\u015bwiadczenie. Jest to najlepsze po\u0142\u0105czenie klasycznego czatu w stylu ruletki, najnowocze\u015bniejszej technologii i t\u0119tni\u0105cej \u017cyciem spo\u0142eczno\u015bci gotowej do nawi\u0105zania kontaktu.<\/p>\n<p>W tym ostatecznym przewodniku om\u00f3wimy wszystko, co musisz wiedzie\u0107 o CrushRoulette: jak dzia\u0142a, jego unikalne funkcje, wra\u017cenia u\u017cytkownika, bezpiecze\u0144stwo, jak wypada w por\u00f3wnaniu z alternatywami, rozwi\u0105zywanie problem\u00f3w i porady ekspert\u00f3w, aby ka\u017cdy czat si\u0119 liczy\u0142.<\/p>\n<h2>Czym jest CrushRoulette?<\/h2>\n<p>CrushRoulette to platforma do losowych rozm\u00f3w wideo i tekstowych przeznaczona dla os\u00f3b, kt\u00f3re chc\u0105 natychmiast pozna\u0107 nieznajomych - bez konieczno\u015bci tworzenia profilu lub pobierania aplikacji. Zainspirowany takimi serwisami jak Omegle, Chatroulette i LuckyCrush, CrushRoulette idzie o krok dalej dzi\u0119ki inteligentniejszemu dopasowywaniu, lepszej moderacji i bardziej nowoczesnemu, przyjaznemu dla urz\u0105dze\u0144 mobilnych wygl\u0105dowi.<\/p>\n<p>Nie chodzi tylko o poznawanie przypadkowych os\u00f3b. CrushRoulette zosta\u0142 stworzony dla tych, kt\u00f3rzy chc\u0105 flirtowa\u0107, znale\u017a\u0107 now\u0105 sympati\u0119, cieszy\u0107 si\u0119 szybkimi randkami wideo, \u0107wiczy\u0107 j\u0119zyk lub po prostu poszerza\u0107 swoje horyzonty o nowe znajomo\u015bci. Ka\u017cdy czat to nowa okazja, niezale\u017cnie od tego, czy masz nadziej\u0119 na romans, czy po prostu na zabawne spotkanie.<\/p>\n<p>Platforma jest oparta na przegl\u0105darce 100% i nie wymaga rejestracji, aby rozpocz\u0105\u0107 czat. Ale dla tych, kt\u00f3rzy chc\u0105 wi\u0119cej - jak zaawansowane filtry, zapisane ulubione lub kojarzenie premium - CrushRoulette oferuje opcjonalne funkcje konta, aby poprawi\u0107 swoje wra\u017cenia.<\/p>\n<h2>G\u0142\u00f3wne cechy CrushRoulette<\/h2>\n<p>CrushRoulette zapewnia wszystkie niezb\u0119dne elementy losowego czatu, a nawet wi\u0119cej, koncentruj\u0105c si\u0119 na tym, aby ka\u017cda interakcja by\u0142a bezpieczna, ekscytuj\u0105ca i znacz\u0105ca:<\/p>\n<h3>1. Natychmiastowy losowy czat wideo<\/h3>\n<p>Rozpocznij czat w kilka sekund. Rejestracja nie jest wymagana - wystarczy odwiedzi\u0107 stron\u0119, w\u0142\u0105czy\u0107 kamer\u0119\/mikrofon i rozpocz\u0105\u0107 rozmow\u0119 wideo na \u017cywo z nieznajomym. Wolisz pisa\u0107 na klawiaturze? Zamiast tego skorzystaj z trybu czatu tekstowego.<\/p>\n<h3>2. Filtry p\u0142ci i regionu<\/h3>\n<p>Szukasz czatu z kim\u015b wyj\u0105tkowym? U\u017cyj filtr\u00f3w p\u0142ci i kraju, aby dopasowa\u0107 si\u0119 do m\u0119\u017cczyzn, kobiet lub u\u017cytkownik\u00f3w z okre\u015blonego regionu lub grupy j\u0119zykowej. Filtry te pomog\u0105 Ci znale\u017a\u0107 to, czego naprawd\u0119 szukasz - mi\u0142o\u015b\u0107, przyja\u017a\u0144 lub wymian\u0119 kulturow\u0105.<\/p>\n<p>(Niekt\u00f3re filtry mog\u0105 wymaga\u0107 bezp\u0142atnego lub p\u0142atnego konta).<\/p>\n<h3>3. Projektowanie mobilne, oparte na przegl\u0105darce<\/h3>\n<p>Nie trzeba pobiera\u0107 aplikacji - CrushRoulette dzia\u0142a doskonale na telefonie kom\u00f3rkowym, tablecie lub w przegl\u0105darce na komputerze. Nowoczesny, responsywny design dostosowuje si\u0119 do urz\u0105dzenia, umo\u017cliwiaj\u0105c p\u0142ynne czatowanie w dowolnym miejscu.<\/p>\n<h3>4. Prywatno\u015b\u0107, anonimowo\u015b\u0107 i bezpiecze\u0144stwo<\/h3>\n<p>Prywatno\u015b\u0107 jest najwa\u017cniejsza. Nie musisz tworzy\u0107 konta ani podawa\u0107 danych osobowych, aby korzysta\u0107 z podstawowych funkcji. Czaty s\u0105 anonimowe i nie s\u0105 nagrywane, a Ty masz pe\u0142n\u0105 kontrol\u0119 nad tym, co ujawniasz.<\/p>\n<h3>5. Szybki przycisk \"Dalej\"<\/h3>\n<p>Nie czujesz si\u0119 dopasowany? Kliknij \"Dalej\", aby natychmiast nawi\u0105za\u0107 nowe po\u0142\u0105czenie. Bez niezr\u0119czno\u015bci, bez op\u00f3\u017anie\u0144 - po prostu odkrywaj nowych ludzi.<\/p>\n<h3>6. T\u0142umaczenie w czasie rzeczywistym<\/h3>\n<p>Prze\u0142amuj bariery j\u0119zykowe w locie. Narz\u0119dzie do t\u0142umaczenia CrushRoulette pozwala czatowa\u0107 z u\u017cytkownikami z ca\u0142ego \u015bwiata, nawet je\u015bli nie m\u00f3wicie w tym samym j\u0119zyku.<\/p>\n<h3>7. Udost\u0119pnianie obraz\u00f3w i emotikon\u00f3w<\/h3>\n<p>Spraw, by Twoje rozmowy by\u0142y bardziej wyraziste dzi\u0119ki bezpiecznemu udost\u0119pnianiu obraz\u00f3w i emoji (wszystkie obrazy s\u0105 moderowane pod k\u0105tem bezpiecze\u0144stwa i szacunku).<\/p>\n<h3>8. Opcjonalne funkcje konta<\/h3>\n<p>Dla zaawansowanych u\u017cytkownik\u00f3w rejestracja (bezp\u0142atna i wymagaj\u0105ca minimalnych informacji) odblokowuje:<\/p>\n<ul>\n<li>Filtry zaawansowane<\/li>\n<li>Ulubione i historia mecz\u00f3w<\/li>\n<li>Opcjonalne funkcje premium dla dodatkowej ekspozycji lub dopasowania<\/li>\n<\/ul>\n<h3>9. Moderacja na \u017cywo i bezpiecze\u0144stwo AI<\/h3>\n<p>CrushRoulette \u0142\u0105czy:<\/p>\n<ul>\n<li>Zautomatyzowana moderacja AI do wykrywania nago\u015bci, spamu i nadu\u017cy\u0107<\/li>\n<li>Moderatorzy 24\/7 do przegl\u0105dania zg\u0142osze\u0144 i egzekwowania wytycznych spo\u0142eczno\u015bci.<\/li>\n<li>\u0141atwe raportowanie\/blokowanie umo\u017cliwia natychmiastowe przej\u0119cie kontroli.<\/li>\n<\/ul>\n<h2>Jak korzysta\u0107 z CrushRoulette<\/h2>\n<p>CrushRoulette stawia na szybko\u015b\u0107 i prostot\u0119. Oto jak do\u0142\u0105czy\u0107 do gry:<\/p>\n<h3>Krok 1: Odwied\u017a stron\u0119 CrushRoulette<\/h3>\n<p>Otw\u00f3rz przegl\u0105dark\u0119 i przejd\u017a na stron\u0119 crushroulette.com lub lokaln\u0105 stron\u0119 CrushRoulette.<\/p>\n<h3>Krok 2: Wybierz tryb czatu<\/h3>\n<ul>\n<li>Czat wideo: Po wy\u015bwietleniu monitu w\u0142\u0105cz kamer\u0119 i mikrofon.<\/li>\n<li>Czat tekstowy: Wolisz pozosta\u0107 poza kamer\u0105? U\u017cyj czatu tekstowego.<\/li>\n<\/ul>\n<h3>Krok 3: Ustaw filtry (opcjonalnie)<\/h3>\n<p>U\u017cyj filtr\u00f3w p\u0142ci i kraju, aby uzyska\u0107 bardziej ukierunkowany czat. (Niekt\u00f3re opcje mog\u0105 wymaga\u0107 za\u0142o\u017cenia konta).<\/p>\n<h3>Krok 4: Kliknij \"Start\" lub \"Po\u0142\u0105cz\"<\/h3>\n<p>Zostaniesz natychmiast sparowany z losowym u\u017cytkownikiem. Przywitaj si\u0119, przedstaw lub wy\u015blij emoji, aby prze\u0142ama\u0107 lody.<\/p>\n<h3>Krok 5: U\u017cyj \"Dalej\", aby kontynuowa\u0107 odkrywanie<\/h3>\n<p>Nie pasujesz? Kliknij \"Dalej\", aby znale\u017a\u0107 kogo\u015b nowego. Nie ma ogranicze\u0144 co do liczby os\u00f3b, kt\u00f3re mo\u017cesz pozna\u0107.<\/p>\n<h3>Krok 6: Zarejestruj si\u0119 w dodatkach (opcjonalnie)<\/h3>\n<p>Zarejestruj si\u0119 za darmo, je\u015bli chcesz zapisa\u0107 znajomych, odblokowa\u0107 wi\u0119cej filtr\u00f3w lub uzyska\u0107 dost\u0119p do funkcji premium.<\/p>\n<h3>Krok 7: Korzystanie z udost\u0119pniania i t\u0142umaczenia obraz\u00f3w<\/h3>\n<p>Wyra\u017a siebie za pomoc\u0105 bezpiecznych obraz\u00f3w, GIF-\u00f3w lub emotikon\u00f3w - i korzystaj z wbudowanego t\u0142umaczenia, aby rozmawia\u0107 w r\u00f3\u017cnych j\u0119zykach.<\/p>\n<h3>Krok 8: W razie potrzeby zablokuj lub zg\u0142o\u015b<\/h3>\n<p>Je\u015bli kto\u015b jest niegrzeczny lub niestosowny, u\u017cyj przycisku blokowania\/raportowania. Moderatorzy reaguj\u0105 szybko.<\/p>\n<h2>Do\u015bwiadczenie u\u017cytkownika w CrushRoulette<\/h2>\n<p>CrushRoulette zosta\u0142 stworzony z my\u015bl\u0105 o \u0142atwo\u015bci, szybko\u015bci i prawdziwym po\u0142\u0105czeniu. Oto, co wyr\u00f3\u017cnia j\u0105 w\u015br\u00f3d u\u017cytkownik\u00f3w:<\/p>\n<h3>Co kochaj\u0105 u\u017cytkownicy<\/h3>\n<ul>\n<li>Czat wideo nie wymaga rejestracji: Do\u0142\u0105cz od razu, 100% prywatnie.<\/li>\n<li>Czysty, nowoczesny wygl\u0105d: Dzia\u0142a p\u0142ynnie na telefonie, tablecie lub komputerze.<\/li>\n<li>Inteligentne filtry: Dopasuj si\u0119 do os\u00f3b, kt\u00f3re faktycznie Ci\u0119 interesuj\u0105.<\/li>\n<li>Narz\u0119dzie do t\u0142umaczenia: \u0141\u0105czy ca\u0142y \u015bwiat, nie tylko Tw\u00f3j region.<\/li>\n<li>Przyjazna moderacja: Utrzymuje platform\u0119 bezpieczn\u0105 i pozytywn\u0105.<\/li>\n<li>Udost\u0119pnianie emoji\/obraz\u00f3w: Sprawia, \u017ce czaty s\u0105 bardziej ekspresyjne i zabawne.<\/li>\n<li>Bez pobierania, bez instalacji.<\/li>\n<\/ul>\n<h3>Co mo\u017cna poprawi\u0107<\/h3>\n<ul>\n<li>Zaawansowane filtry i niekt\u00f3re funkcje wymagaj\u0105 konta lub monet (standard bran\u017cowy).<\/li>\n<li>Sporadyczne trolle (powszechne na wszystkich losowych czatach - moderacja pomaga to kontrolowa\u0107).<\/li>\n<li>Nie ma jeszcze czat\u00f3w tematycznych (mog\u0105 zosta\u0107 dodane w przysz\u0142ych aktualizacjach).<\/li>\n<li>\u0141atwo straci\u0107 rachub\u0119 czasu - gonitwa mo\u017ce by\u0107 uzale\u017cniaj\u0105ca!<\/li>\n<\/ul>\n<h3>Prawdziwe recenzje u\u017cytkownik\u00f3w<\/h3>\n<blockquote><p>\"Znalaz\u0142am mojego obecnego ch\u0142opaka na CrushRoulette. Jest fajna i bezpieczniejsza ni\u017c wi\u0119kszo\u015b\u0107 innych stron z czatami wideo\".<br \/>\n- <em>Sara T., Trustpilot<\/em><\/p><\/blockquote>\n<blockquote><p>\"Uwielbiam funkcj\u0119 t\u0142umaczenia - rozmawia\u0142em z lud\u017ami z czterech kontynent\u00f3w\".<br \/>\n- <em>Mikhail V., App Store<\/em><\/p><\/blockquote>\n<blockquote><p>\"Szybka, \u0142atwa w u\u017cyciu i dzia\u0142a dobrze na moim telefonie. \u015awietny spos\u00f3b na zabicie nudy.\"<br \/>\n- <em>Jules K., Google Play<\/em><\/p><\/blockquote>\n<h2>CrushRoulette vs. inne losowe aplikacje do czat\u00f3w wideo<\/h2>\n<p>Jak wypada CrushRoulette w por\u00f3wnaniu z najbardziej znanymi platformami?<\/p>\n<table>\n<thead>\n<tr>\n<th>Cecha<\/th>\n<th>CrushRoulette<\/th>\n<th>CamMatch<\/th>\n<th>ChatMatch<\/th>\n<th>Omegle<\/th>\n<th>Chatroulette<\/th>\n<th>LuckyCrush<\/th>\n<th>HOLLA<\/th>\n<th>LivU<\/th>\n<\/tr>\n<\/thead>\n<tbody>\n<tr>\n<td>Rejestracja nie jest wymagana<\/td>\n<td>Tak<\/td>\n<td>Tak<\/td>\n<td>Tak<\/td>\n<td>Tak<\/td>\n<td>Tak<\/td>\n<td>Tylko dla m\u0119\u017cczyzn<\/td>\n<td>Tak<\/td>\n<td>Tak<\/td>\n<\/tr>\n<tr>\n<td>Czat tekstowy i wideo<\/td>\n<td>Oba<\/td>\n<td>Oba<\/td>\n<td>Oba<\/td>\n<td>Oba<\/td>\n<td>Oba<\/td>\n<td>Oba<\/td>\n<td>Oba<\/td>\n<td>Oba<\/td>\n<\/tr>\n<tr>\n<td>Filtr p\u0142ci\/kraju<\/td>\n<td>Tak*<\/td>\n<td>Tak*<\/td>\n<td>Tak*<\/td>\n<td>\u26a0\ufe0f Limited<\/td>\n<td>Tak<\/td>\n<td>Tak<\/td>\n<td>Tak<\/td>\n<td>Tak<\/td>\n<\/tr>\n<tr>\n<td>Zoptymalizowany pod k\u0105tem urz\u0105dze\u0144 mobilnych<\/td>\n<td>Tak<\/td>\n<td>Tak<\/td>\n<td>Tak<\/td>\n<td>\u26a0\ufe0f Mieszane<\/td>\n<td>Tak<\/td>\n<td>Tak<\/td>\n<td>Tak<\/td>\n<td>Tak<\/td>\n<\/tr>\n<tr>\n<td>Narz\u0119dzie do t\u0142umaczenia<\/td>\n<td>Tak<\/td>\n<td>Tak<\/td>\n<td>Tak<\/td>\n<td>Nie<\/td>\n<td>Nie<\/td>\n<td>Nie<\/td>\n<td>Tak<\/td>\n<td>Tak<\/td>\n<\/tr>\n<tr>\n<td>Udost\u0119pnianie obraz\u00f3w\/Emoji<\/td>\n<td>Tak<\/td>\n<td>Tak<\/td>\n<td>Tak<\/td>\n<td>Nie<\/td>\n<td>Nie<\/td>\n<td>Tak<\/td>\n<td>Tak<\/td>\n<td>Tak<\/td>\n<\/tr>\n<tr>\n<td>Moderacja\/Bezpiecze\u0144stwo<\/td>\n<td>Silny<\/td>\n<td>Silny<\/td>\n<td>Silny<\/td>\n<td>\u26a0\ufe0f Limited<\/td>\n<td>\u26a0\ufe0f Limited<\/td>\n<td>Tak<\/td>\n<td>Silny<\/td>\n<td>Silny<\/td>\n<\/tr>\n<\/tbody>\n<\/table>\n<p>**Niekt\u00f3re zaawansowane funkcje\/filtry wymagaj\u0105 darmowego lub p\u0142atnego konta.<\/p>\n<p>Podsumowanie: CrushRoulette to nowoczesna alternatywa dla tych, kt\u00f3rzy chc\u0105 prawdziwych, spontanicznych znajomo\u015bci - z funkcjami, kt\u00f3re sprawiaj\u0105, \u017ce flirtowanie, randkowanie i nawi\u0105zywanie znajomo\u015bci jest bezpieczniejsze i bardziej satysfakcjonuj\u0105ce.<\/p>\n<h2>Czy CrushRoulette jest bezpieczna?<\/h2>\n<p>Bezpiecze\u0144stwo jest podstaw\u0105 CrushRoulette:<\/p>\n<ul>\n<li>Automatyczna moderacja (AI): Skanuje w poszukiwaniu nago\u015bci, nadu\u017cy\u0107, spamu i niebezpiecznych tre\u015bci w czasie rzeczywistym.<\/li>\n<li>Ludzcy moderatorzy: Dost\u0119pni przez ca\u0142\u0105 dob\u0119, aby przegl\u0105da\u0107 zg\u0142oszenia i egzekwowa\u0107 zasady.<\/li>\n<li>Funkcje raportowania\/blokowania: Zawsze dost\u0119pne podczas sesji czatu.<\/li>\n<li>Nie s\u0105 wymagane \u017cadne dane osobowe: Zachowaj anonimowo\u015b\u0107, jak tylko chcesz.<\/li>\n<li>Historia czat\u00f3w nie jest przechowywana: Twoje rozmowy znikaj\u0105, gdy wychodzisz.<\/li>\n<li>\u015acis\u0142e wytyczne dla spo\u0142eczno\u015bci: Pom\u00f3\u017c utrzyma\u0107 przyjazne, otwarte i pe\u0142ne szacunku \u015brodowisko.<\/li>\n<\/ul>\n<h3>Wskaz\u00f3wki bezpiecze\u0144stwa dla u\u017cytkownik\u00f3w<\/h3>\n<ul>\n<li>Nigdy nie udost\u0119pniaj swojego prawdziwego imienia i nazwiska, numeru telefonu ani prywatnych informacji nieznajomym.<\/li>\n<li>Zaufaj swojemu instynktowi - je\u015bli czat wydaje si\u0119 niew\u0142a\u015bciwy, zako\u0144cz go lub u\u017cyj opcji \"Dalej\".<\/li>\n<li>Nie klikaj link\u00f3w ani nie akceptuj plik\u00f3w od os\u00f3b, kt\u00f3rych nie znasz.<\/li>\n<li>Ujawniaj wi\u0119cej o sobie tylko wtedy, gdy jeste\u015b pewny siebie.<\/li>\n<li>Pom\u00f3\u017c utrzyma\u0107 platform\u0119 w czysto\u015bci, zg\u0142aszaj\u0105c ka\u017cdego, kto \u0142amie zasady.<\/li>\n<\/ul>\n<h2>Wskaz\u00f3wki, jak najlepiej wykorzysta\u0107 CrushRoulette<\/h2>\n<ul>\n<li>Ka\u017cd\u0105 rozmow\u0119 rozpoczynaj od u\u015bmiechu lub przyjaznego powitania.<\/li>\n<li>Cz\u0119sto u\u017cywaj \"Dalej\": Nie pozostawaj w niewygodnych lub nudnych rozmowach.<\/li>\n<li>Graj z filtrami kraju\/p\u0142ci: \u015awietne do nauki j\u0119zyka lub flirtowania.<\/li>\n<li>Wypr\u00f3buj zar\u00f3wno wideo, jak i tekst: Czasami czat tekstowy jest idealnym sposobem na rozgrzewk\u0119.<\/li>\n<li>U\u017cywaj emotikon\u00f3w i obraz\u00f3w: Wyra\u017a siebie, ale w odpowiedni spos\u00f3b.<\/li>\n<li>Korzystaj z mo\u017cliwo\u015bci moderacji: Blokuj\/raportuj trolli lub osoby \u0142ami\u0105ce zasady.<\/li>\n<li>Czatuj o r\u00f3\u017cnych porach: Globalna spo\u0142eczno\u015b\u0107 zmienia si\u0119 w ci\u0105gu dnia.<\/li>\n<li>Zarejestruj si\u0119, aby otrzymywa\u0107 dodatki: Je\u015bli spodoba Ci si\u0119 to do\u015bwiadczenie, zarejestruj si\u0119, aby uzyska\u0107 wi\u0119cej funkcji.<\/li>\n<\/ul>\n<h2>Rozwi\u0105zywanie typowych problem\u00f3w z CrushRoulette<\/h2>\n<h3>Kamera lub mikrofon nie dzia\u0142aj\u0105<\/h3>\n<p>Upewnij si\u0119, \u017ce uprawnienia przegl\u0105darki\/urz\u0105dzenia s\u0105 w\u0142\u0105czone, zamknij inne aplikacje aparatu, od\u015bwie\u017c stron\u0119 lub uruchom ponownie urz\u0105dzenie.<\/p>\n<h3>Filtry niedost\u0119pne<\/h3>\n<p>Niekt\u00f3re filtry wymagaj\u0105 bezp\u0142atnej rejestracji lub monet\/premii; uaktualnij w razie potrzeby.<\/p>\n<h3>Wolne po\u0142\u0105czenia lub op\u00f3\u017anienia<\/h3>\n<p>Korzystaj z silnego Wi-Fi, zamknij inne aplikacje\/zak\u0142adki wymagaj\u0105ce du\u017cej przepustowo\u015bci i od\u015bwie\u017c przegl\u0105dark\u0119.<\/p>\n<h3>Napotykanie trolli<\/h3>\n<p>Blokuj\/zg\u0142aszaj natychmiast - moderatorzy szybko rozpatruj\u0105 naruszenia.<\/p>\n<h3>T\u0142umaczenie nie dzia\u0142a<\/h3>\n<p>Upewnij si\u0119, \u017ce u\u017cywasz zaktualizowanej przegl\u0105darki i masz stabilne po\u0142\u0105czenie.<\/p>\n<p>Absolutnie - szczeg\u00f3lnie dla ka\u017cdego, kto pragnie emocji zwi\u0105zanych z przypadkowymi czatami z dzisiejsz\u0105 prywatno\u015bci\u0105, bezpiecze\u0144stwem i zabawnym, nowoczesnym klimatem. CrushRoulette przywraca wszystko, co sprawia\u0142o, \u017ce czat wideo by\u0142 zabawn\u0105 ruletk\u0105, ale z inteligentniejszym dopasowaniem, lepszymi filtrami i zobowi\u0105zaniem do zapewnienia u\u017cytkownikom bezpiecze\u0144stwa i szacunku.<\/p>\n<p>CrushRoulette zapewnia szybkie, anonimowe i satysfakcjonuj\u0105ce po\u0142\u0105czenia bez konieczno\u015bci pobierania lub rejestracji, niezale\u017cnie od tego, czy chcesz znale\u017a\u0107 sympati\u0119, nowych przyjaci\u00f3\u0142, czy po prostu now\u0105 twarz do rozmowy.<\/p>\n<p>Gotowy na przeja\u017cd\u017ck\u0119?<br \/>\nOdwied\u017a stron\u0119 crushroulette.com, wybierz wideo lub tekst i odkryj nast\u0119pn\u0105 rozmow\u0119 w ci\u0105gu kilku sekund.<\/p>","protected":false},"excerpt":{"rendered":"<p>The world of random video chat has evolved far beyond its early days. Today, platforms like CrushRoulette are redefining how we meet, flirt, and make friends online\u2014combining the excitement of chance encounters with a modern twist focused on privacy, authenticity, and genuine connection. Whether you\u2019re seeking your next crush, hoping for an interesting conversation, or [&hellip;]<\/p>\n","protected":false},"author":6,"featured_media":0,"parent":0,"menu_order":0,"comment_status":"closed","ping_status":"closed","template":"","meta":{"footnotes":""},"class_list":["post-12397","page","type-page","status-publish","hentry"],"yoast_head":"<!-- This site is optimized with the Yoast SEO plugin v27.4 - https:\/\/yoast.com\/product\/yoast-seo-wordpress\/ -->\n<title>CrushRoulette - Random Video Chat with Girls - TinyChat.com<\/title>\n<meta name=\"description\" content=\"Enjoying CrushRoulette? Join over 50,000,000 strangers on TinyChat! Turn on your cam and start meeting new people, or find a match.\" \/>\n<meta name=\"robots\" content=\"index, follow, max-snippet:-1, max-image-preview:large, max-video-preview:-1\" \/>\n<link rel=\"canonical\" href=\"https:\/\/tinychat.com\/pl\/crushroulette\/\" \/>\n<meta property=\"og:locale\" content=\"pl_PL\" \/>\n<meta property=\"og:type\" content=\"article\" \/>\n<meta property=\"og:title\" content=\"CrushRoulette - Random Video Chat with Girls - TinyChat.com\" \/>\n<meta property=\"og:description\" content=\"Enjoying CrushRoulette? Join over 50,000,000 strangers on TinyChat! Turn on your cam and start meeting new people, or find a match.\" \/>\n<meta property=\"og:url\" content=\"https:\/\/tinychat.com\/pl\/crushroulette\/\" \/>\n<meta property=\"og:site_name\" content=\"TinyChat\" \/>\n<meta property=\"article:publisher\" content=\"https:\/\/www.facebook.com\/tinychat\" \/>\n<meta property=\"article:modified_time\" content=\"2025-07-21T11:09:33+00:00\" \/>\n<meta property=\"og:image\" content=\"https:\/\/tinychat.com\/wp-content\/uploads\/2020\/04\/Tinychat-logo-1280x284-new-black.png\" \/>\n\t<meta property=\"og:image:width\" content=\"1280\" \/>\n\t<meta property=\"og:image:height\" content=\"284\" \/>\n\t<meta property=\"og:image:type\" content=\"image\/png\" \/>\n<meta name=\"twitter:card\" content=\"summary_large_image\" \/>\n<meta name=\"twitter:site\" content=\"@tinychat\" \/>\n<meta name=\"twitter:label1\" content=\"Szacowany czas czytania\" \/>\n\t<meta name=\"twitter:data1\" content=\"7 minut\" \/>\n<script type=\"application\/ld+json\" class=\"yoast-schema-graph\">{\"@context\":\"https:\\\/\\\/schema.org\",\"@graph\":[{\"@type\":\"WebPage\",\"@id\":\"https:\\\/\\\/tinychat.com\\\/crushroulette\\\/\",\"url\":\"https:\\\/\\\/tinychat.com\\\/crushroulette\\\/\",\"name\":\"CrushRoulette - Random Video Chat with Girls - TinyChat.com\",\"isPartOf\":{\"@id\":\"https:\\\/\\\/tinychat.com\\\/#website\"},\"datePublished\":\"2025-07-21T09:32:55+00:00\",\"dateModified\":\"2025-07-21T11:09:33+00:00\",\"description\":\"Enjoying CrushRoulette? Join over 50,000,000 strangers on TinyChat! Turn on your cam and start meeting new people, or find a match.\",\"breadcrumb\":{\"@id\":\"https:\\\/\\\/tinychat.com\\\/crushroulette\\\/#breadcrumb\"},\"inLanguage\":\"pl-PL\",\"potentialAction\":[{\"@type\":\"ReadAction\",\"target\":[\"https:\\\/\\\/tinychat.com\\\/crushroulette\\\/\"]}]},{\"@type\":\"BreadcrumbList\",\"@id\":\"https:\\\/\\\/tinychat.com\\\/crushroulette\\\/#breadcrumb\",\"itemListElement\":[{\"@type\":\"ListItem\",\"position\":1,\"name\":\"Home\",\"item\":\"https:\\\/\\\/tinychat.com\\\/\"},{\"@type\":\"ListItem\",\"position\":2,\"name\":\"CrushRoulette\"}]},{\"@type\":\"WebSite\",\"@id\":\"https:\\\/\\\/tinychat.com\\\/#website\",\"url\":\"https:\\\/\\\/tinychat.com\\\/\",\"name\":\"TinyChat\",\"description\":\"Random Video Chat with Strangers\",\"publisher\":{\"@id\":\"https:\\\/\\\/tinychat.com\\\/#organization\"},\"alternateName\":\"TinyChat.com\",\"potentialAction\":[{\"@type\":\"SearchAction\",\"target\":{\"@type\":\"EntryPoint\",\"urlTemplate\":\"https:\\\/\\\/tinychat.com\\\/?s={search_term_string}\"},\"query-input\":{\"@type\":\"PropertyValueSpecification\",\"valueRequired\":true,\"valueName\":\"search_term_string\"}}],\"inLanguage\":\"pl-PL\"},{\"@type\":\"Organization\",\"@id\":\"https:\\\/\\\/tinychat.com\\\/#organization\",\"name\":\"TinyChat\",\"alternateName\":\"TinyChat.com\",\"url\":\"https:\\\/\\\/tinychat.com\\\/\",\"logo\":{\"@type\":\"ImageObject\",\"inLanguage\":\"pl-PL\",\"@id\":\"https:\\\/\\\/tinychat.com\\\/#\\\/schema\\\/logo\\\/image\\\/\",\"url\":\"https:\\\/\\\/tinychat.com\\\/wp-content\\\/uploads\\\/2023\\\/11\\\/Tinychat-icon-square.png\",\"contentUrl\":\"https:\\\/\\\/tinychat.com\\\/wp-content\\\/uploads\\\/2023\\\/11\\\/Tinychat-icon-square.png\",\"width\":284,\"height\":284,\"caption\":\"TinyChat\"},\"image\":{\"@id\":\"https:\\\/\\\/tinychat.com\\\/#\\\/schema\\\/logo\\\/image\\\/\"},\"sameAs\":[\"https:\\\/\\\/www.facebook.com\\\/tinychat\",\"https:\\\/\\\/x.com\\\/tinychat\"]}]}<\/script>\n<!-- \/ Yoast SEO plugin. -->","yoast_head_json":{"title":"CrushRoulette - Losowy czat wideo z dziewczynami - TinyChat.com","description":"Lubisz CrushRoulette? Do\u0142\u0105cz do ponad 50 000 000 nieznajomych na TinyChat! W\u0142\u0105cz kamer\u0119 i zacznij poznawa\u0107 nowych ludzi lub znajd\u017a partnera.","robots":{"index":"index","follow":"follow","max-snippet":"max-snippet:-1","max-image-preview":"max-image-preview:large","max-video-preview":"max-video-preview:-1"},"canonical":"https:\/\/tinychat.com\/pl\/crushroulette\/","og_locale":"pl_PL","og_type":"article","og_title":"CrushRoulette - Random Video Chat with Girls - TinyChat.com","og_description":"Enjoying CrushRoulette? Join over 50,000,000 strangers on TinyChat! Turn on your cam and start meeting new people, or find a match.","og_url":"https:\/\/tinychat.com\/pl\/crushroulette\/","og_site_name":"TinyChat","article_publisher":"https:\/\/www.facebook.com\/tinychat","article_modified_time":"2025-07-21T11:09:33+00:00","og_image":[{"width":1280,"height":284,"url":"https:\/\/tinychat.com\/wp-content\/uploads\/2020\/04\/Tinychat-logo-1280x284-new-black.png","type":"image\/png"}],"twitter_card":"summary_large_image","twitter_site":"@tinychat","twitter_misc":{"Szacowany czas czytania":"7 minut"},"schema":{"@context":"https:\/\/schema.org","@graph":[{"@type":"WebPage","@id":"https:\/\/tinychat.com\/crushroulette\/","url":"https:\/\/tinychat.com\/crushroulette\/","name":"CrushRoulette - Losowy czat wideo z dziewczynami - TinyChat.com","isPartOf":{"@id":"https:\/\/tinychat.com\/#website"},"datePublished":"2025-07-21T09:32:55+00:00","dateModified":"2025-07-21T11:09:33+00:00","description":"Lubisz CrushRoulette? Do\u0142\u0105cz do ponad 50 000 000 nieznajomych na TinyChat! W\u0142\u0105cz kamer\u0119 i zacznij poznawa\u0107 nowych ludzi lub znajd\u017a partnera.","breadcrumb":{"@id":"https:\/\/tinychat.com\/crushroulette\/#breadcrumb"},"inLanguage":"pl-PL","potentialAction":[{"@type":"ReadAction","target":["https:\/\/tinychat.com\/crushroulette\/"]}]},{"@type":"BreadcrumbList","@id":"https:\/\/tinychat.com\/crushroulette\/#breadcrumb","itemListElement":[{"@type":"ListItem","position":1,"name":"Home","item":"https:\/\/tinychat.com\/"},{"@type":"ListItem","position":2,"name":"CrushRoulette"}]},{"@type":"WebSite","@id":"https:\/\/tinychat.com\/#website","url":"https:\/\/tinychat.com\/","name":"TinyChat","description":"Losowy czat wideo z nieznajomymi","publisher":{"@id":"https:\/\/tinychat.com\/#organization"},"alternateName":"TinyChat.com","potentialAction":[{"@type":"SearchAction","target":{"@type":"EntryPoint","urlTemplate":"https:\/\/tinychat.com\/?s={search_term_string}"},"query-input":{"@type":"PropertyValueSpecification","valueRequired":true,"valueName":"search_term_string"}}],"inLanguage":"pl-PL"},{"@type":"Organization","@id":"https:\/\/tinychat.com\/#organization","name":"TinyChat","alternateName":"TinyChat.com","url":"https:\/\/tinychat.com\/","logo":{"@type":"ImageObject","inLanguage":"pl-PL","@id":"https:\/\/tinychat.com\/#\/schema\/logo\/image\/","url":"https:\/\/tinychat.com\/wp-content\/uploads\/2023\/11\/Tinychat-icon-square.png","contentUrl":"https:\/\/tinychat.com\/wp-content\/uploads\/2023\/11\/Tinychat-icon-square.png","width":284,"height":284,"caption":"TinyChat"},"image":{"@id":"https:\/\/tinychat.com\/#\/schema\/logo\/image\/"},"sameAs":["https:\/\/www.facebook.com\/tinychat","https:\/\/x.com\/tinychat"]}]}},"_links":{"self":[{"href":"https:\/\/tinychat.com\/pl\/wp-json\/wp\/v2\/pages\/12397","targetHints":{"allow":["GET"]}}],"collection":[{"href":"https:\/\/tinychat.com\/pl\/wp-json\/wp\/v2\/pages"}],"about":[{"href":"https:\/\/tinychat.com\/pl\/wp-json\/wp\/v2\/types\/page"}],"author":[{"embeddable":true,"href":"https:\/\/tinychat.com\/pl\/wp-json\/wp\/v2\/users\/6"}],"replies":[{"embeddable":true,"href":"https:\/\/tinychat.com\/pl\/wp-json\/wp\/v2\/comments?post=12397"}],"version-history":[{"count":2,"href":"https:\/\/tinychat.com\/pl\/wp-json\/wp\/v2\/pages\/12397\/revisions"}],"predecessor-version":[{"id":13347,"href":"https:\/\/tinychat.com\/pl\/wp-json\/wp\/v2\/pages\/12397\/revisions\/13347"}],"wp:attachment":[{"href":"https:\/\/tinychat.com\/pl\/wp-json\/wp\/v2\/media?parent=12397"}],"curies":[{"name":"wp","href":"https:\/\/api.w.org\/{rel}","templated":true}]}}