{"id":12425,"date":"2025-08-04T11:58:01","date_gmt":"2025-08-04T09:58:01","guid":{"rendered":"https:\/\/tinychat.com\/?page_id=12425"},"modified":"2025-08-04T12:06:22","modified_gmt":"2025-08-04T10:06:22","slug":"minichat","status":"publish","type":"page","link":"https:\/\/tinychat.com\/pl\/minichat\/","title":{"rendered":"Minichat"},"content":{"rendered":"<p>W \u015bwiecie przepe\u0142nionym sieciami spo\u0142eczno\u015bciowymi i aplikacjami, czasami mniej znaczy wi\u0119cej. MiniChat to powiew \u015bwie\u017cego powietrza dla tych, kt\u00f3rzy pragn\u0105 po\u0142\u0105czenia w czasie rzeczywistym, ale bez ca\u0142ego ha\u0142asu, profili i baga\u017cu prywatno\u015bci g\u0142\u00f3wnych platform spo\u0142eczno\u015bciowych. Zbudowany w oparciu o podstawowe zasady szybko\u015bci, prostoty i prywatno\u015bci, MiniChat jest idealny dla ka\u017cdego, kto chce pozna\u0107 nowych ludzi, rozmawia\u0107 anonimowo lub tworzy\u0107 szybkie dyskusje grupowe - bez rejestracji i zamieszania.<\/p>\n<p>Niezale\u017cnie od tego, czy chcesz nawi\u0105za\u0107 przypadkow\u0105 rozmow\u0119, pozna\u0107 nowych przyjaci\u00f3\u0142, zabi\u0107 kilka minut, czy po prostu cieszy\u0107 si\u0119 prywatnym czatem bez rozpraszania uwagi, MiniChat zapewnia usprawniony interfejs i zaanga\u017cowanie w anonimowo\u015b\u0107 u\u017cytkownika. Bez pobierania, bez danych osobowych, bez d\u0142ugich formularzy - po prostu czat.<\/p>\n<p>Ten szczeg\u00f3\u0142owy przewodnik obejmuje wszystko, co musisz wiedzie\u0107 o MiniChat: czym jest, jak dzia\u0142a, kluczowe funkcje, wra\u017cenia u\u017cytkownika, bezpiecze\u0144stwo, por\u00f3wnania z innymi platformami, wskaz\u00f3wki dotycz\u0105ce rozwi\u0105zywania problem\u00f3w i porady ekspert\u00f3w, aby jak najlepiej wykorzysta\u0107 czas sp\u0119dzony na MiniChat.<\/p>\n<h2>Co to jest MiniChat?<\/h2>\n<p>MiniChat to oparta na przegl\u0105darce, anonimowa platforma do czatowania, zaprojektowana tak, aby natychmiastowe rozmowy jeden na jeden lub grupowe by\u0142y tak proste, jak to tylko mo\u017cliwe. W przeciwie\u0144stwie do starszych pokoj\u00f3w rozm\u00f3w i nowoczesnych aplikacji \"spo\u0142eczno\u015bciowych\", kt\u00f3re wymagaj\u0105 rejestracji, tworzenia profili i udost\u0119pniania danych osobowych, MiniChat przyjmuje podej\u015bcie \"minimalistyczne\":<\/p>\n<ul>\n<li>Rejestracja nie jest wymagana: Wystarczy wybra\u0107 pseudonim i gotowe.<\/li>\n<li>Dane osobowe nie s\u0105 wymagane: Zachowaj anonimowo\u015b\u0107, jak tylko chcesz.<\/li>\n<li>Brak ba\u0142aganu: Przejrzysty, szybki i przyjazny dla urz\u0105dze\u0144 mobilnych interfejs.<\/li>\n<\/ul>\n<p>MiniChat jest idealny dla:<\/p>\n<ul>\n<li>Anonimowe rozmowy z nieznajomymi<\/li>\n<li>Dyskusje grupowe bez kont<\/li>\n<li>Szybkie, spontaniczne rozmowy<\/li>\n<li>Ludzie ceni\u0105cy prywatno\u015b\u0107 i minimalizm<\/li>\n<li>U\u017cytkownicy mobilni i stacjonarni<\/li>\n<\/ul>\n<h2>G\u0142\u00f3wne cechy MiniChat<\/h2>\n<p>MiniChat wyr\u00f3\u017cnia si\u0119 z t\u0142umu, robi\u0105c kilka rzeczy wyj\u0105tkowo dobrze:<\/p>\n<h3>1. Zero rejestracji, zero k\u0142opot\u00f3w<\/h3>\n<p>Rozpocznij natychmiast - po prostu wprowad\u017a pseudonim i zacznij czatowa\u0107. Nie jest wymagany e-mail, telefon ani media spo\u0142eczno\u015bciowe.<\/p>\n<h3>2. Anonimowy z za\u0142o\u017cenia<\/h3>\n<p>Nie ma profili, zapisanych list kontakt\u00f3w ani przechowywanych danych osobowych. Czaty s\u0105 efemeryczne i prywatne.<\/p>\n<h3>3. Lekki i szybki interfejs<\/h3>\n<ul>\n<li>Minimalistyczny interfejs u\u017cytkownika: Koncentruje si\u0119 na czacie, a nie na funkcjach, kt\u00f3rych nigdy nie u\u017cyjesz.<\/li>\n<li>Przyjazny dla urz\u0105dze\u0144 mobilnych i komputer\u00f3w stacjonarnych: strona \u0142aduje si\u0119 szybko i dzia\u0142a p\u0142ynnie na wszystkich rozmiarach ekranu.<\/li>\n<li>\u017badnych reklam, wyskakuj\u0105cych okienek ani element\u00f3w rozpraszaj\u0105cych uwag\u0119: Tylko rozmowa.<\/li>\n<\/ul>\n<h3>4. Losowy czat i pokoje grupowe<\/h3>\n<ul>\n<li>Losowe spotkania jeden na jednego: Natychmiast dopasuj si\u0119 do nieznajomego i rozpocznij prywatny czat.<\/li>\n<li>Pokoje grupowe: Do\u0142\u0105cz do otwartych pokoi grupowych lub stw\u00f3rz w\u0142asny pok\u00f3j do dyskusji na dowolny temat.<\/li>\n<li>Udost\u0119pnianie pokoju: Udost\u0119pnij bezpo\u015bredni link, aby zaprosi\u0107 znajomych lub zbudowa\u0107 ma\u0142\u0105 spo\u0142eczno\u015b\u0107.<\/li>\n<\/ul>\n<h3>5. Bezpieczne i prywatne czaty<\/h3>\n<ul>\n<li>Brak dziennik\u00f3w czatu: Rozmowy znikaj\u0105 po zamkni\u0119ciu okna lub opuszczeniu pokoju.<\/li>\n<li>Brak \u015bledzenia: MiniChat nie \u015bledzi zachowa\u0144 u\u017cytkownik\u00f3w ani nie sprzedaje danych.<\/li>\n<\/ul>\n<h3>6. Emoji i podstawowe udost\u0119pnianie multimedi\u00f3w<\/h3>\n<ul>\n<li>Wyra\u017a siebie: Wysy\u0142aj emotikony i (je\u015bli w\u0142\u0105czono) udost\u0119pniaj obrazy lub linki, aby czat by\u0142 bardziej \u017cywy.<\/li>\n<\/ul>\n<h3>7. Narz\u0119dzia natychmiastowej moderacji<\/h3>\n<ul>\n<li>Blokowanie\/raportowanie: Narz\u0119dzia do blokowania lub zg\u0142aszania nieuczciwych u\u017cytkownik\u00f3w jednym klikni\u0119ciem, pomagaj\u0105ce utrzyma\u0107 przyjazny i bezpieczny MiniChat.<\/li>\n<\/ul>\n<h3>8. Spo\u0142eczno\u015b\u0107 mi\u0119dzynarodowa<\/h3>\n<ul>\n<li>Globalny dost\u0119p: U\u017cytkownicy z ca\u0142ego \u015bwiata, bez ogranicze\u0144 regionalnych.<\/li>\n<li>Filtry j\u0119zykowe: Wybierz sw\u00f3j j\u0119zyk lub po\u0142\u0105cz si\u0119 z u\u017cytkownikami na ca\u0142ym \u015bwiecie.<\/li>\n<\/ul>\n<h2>Jak korzysta\u0107 z MiniChat<\/h2>\n<p>W MiniChat chodzi o natychmiastow\u0105, p\u0142ynn\u0105 konwersacj\u0119:<\/p>\n<h3>Krok 1: Odwied\u017a stron\u0119 internetow\u0105 MiniChat<\/h3>\n<p>Przejd\u017a do minichat.com (lub odpowiedniej domeny lokalnej) w dowolnej przegl\u0105darce.<\/p>\n<h3>Krok 2: Wybierz pseudonim<\/h3>\n<p>Wprowad\u017a pseudonim - prawdziwy lub wymy\u015blony. Rejestracja nie jest wymagana.<\/p>\n<h3>Krok 3: Wybierz tryb czatu<\/h3>\n<ul>\n<li>Losowy czat: Natychmiast po\u0142\u0105cz si\u0119 z nieznajomym na prywatny, anonimowy czat.<\/li>\n<li>Pokoje grupowe: Do\u0142\u0105cz do publicznego pokoju grupowego wed\u0142ug tematu lub utw\u00f3rz w\u0142asny i zapro\u015b innych za pomoc\u0105 bezpo\u015bredniego linku.<\/li>\n<\/ul>\n<h3>Krok 4: Rozpocznij czat<\/h3>\n<p>Wskocz do rozmowy. U\u017cywaj emotikon\u00f3w, zadawaj pytania lub po prostu rozmawiaj o swoim dniu.<\/p>\n<h3>Krok 5: Korzystanie z narz\u0119dzi moderacji<\/h3>\n<p>Je\u015bli napotkasz trolla lub niepo\u017c\u0105dane zachowanie, u\u017cyj funkcji blokowania lub zg\u0142aszania. Zesp\u00f3\u0142 moderator\u00f3w MiniChat dzia\u0142a szybko, aby zapewni\u0107 bezpiecze\u0144stwo.<\/p>\n<h3>Krok 6: Odejd\u017a lub przejd\u017a dalej<\/h3>\n<p>Gdy b\u0119dziesz gotowy, opu\u015b\u0107 czat lub pok\u00f3j grupowy - Twoje wiadomo\u015bci znikn\u0105 i b\u0119dziesz m\u00f3g\u0142 zacz\u0105\u0107 od nowa.<\/p>\n<h2>Do\u015bwiadczenie u\u017cytkownika na MiniChat<\/h2>\n<p>MiniChat to przede wszystkim \u0142atwo\u015b\u0107, prywatno\u015b\u0107 i konstruktywna konwersacja:<\/p>\n<h3>Co kochaj\u0105 u\u017cytkownicy<\/h3>\n<ul>\n<li>Natychmiastowy dost\u0119p: Bez czekania, bez formularzy, bez konfiguracji.<\/li>\n<li>Minimalizm: Czysty interfejs, kt\u00f3ry nie przeszkadza.<\/li>\n<li>Domy\u015blnie anonimowy: \u017badnych profili, \u017cadnego baga\u017cu, tylko rozmowa.<\/li>\n<li>Czat grupowy i jeden na jednego: Elastyczno\u015b\u0107 zar\u00f3wno dla losowych czat\u00f3w, jak i dyskusji w ma\u0142ych grupach.<\/li>\n<li>Projektowanie z my\u015bl\u0105 o urz\u0105dzeniach mobilnych: Dzia\u0142a \u015bwietnie na smartfonach, tabletach i komputerach stacjonarnych.<\/li>\n<li>Brak reklam i wyskakuj\u0105cych okienek: Czat bez rozpraszania uwagi.<\/li>\n<li>Efemeryczne czaty: Brak \u015blad\u00f3w danych, brak dziennik\u00f3w czat\u00f3w.<\/li>\n<\/ul>\n<h3>Gdzie u\u017cytkownicy widz\u0105 pole do poprawy<\/h3>\n<ul>\n<li>Brak czatu wideo lub g\u0142osowego - tylko tekst (na razie).<\/li>\n<li>Pokoje grupowe s\u0105 podstawowe - bez zaawansowanych funkcji zarz\u0105dzania.<\/li>\n<li>Mniej u\u017cytkownik\u00f3w poza godzinami szczytu (wci\u0105\u017c ro\u015bnie w por\u00f3wnaniu do wi\u0119kszych platform).<\/li>\n<li>Brak profilu lub listy znajomych do utrzymywania d\u0142ugoterminowych kontakt\u00f3w (z za\u0142o\u017cenia, dla zachowania prywatno\u015bci).<\/li>\n<\/ul>\n<h3>Rzeczywiste opinie u\u017cytkownik\u00f3w<\/h3>\n<blockquote><p>\"Uwielbiam szybko\u015b\u0107 dzia\u0142ania MiniChat. Czatuj\u0119 z kim\u015b nowym w ci\u0105gu kilku sekund, bez rejestracji, bez stresu\".<br \/>\n- <em>Sam D., Trustpilot<\/em><\/p><\/blockquote>\n<blockquote><p>\"Minimalistyczny i prywatny. Nikt nie pyta, kim jeste\u015b i mo\u017cesz wyj\u015b\u0107 w ka\u017cdej chwili bez \u015bladu\".<br \/>\n- <em>Isabella R., Opinie Google<\/em><\/p><\/blockquote>\n<blockquote><p>\"Idealny, gdy chc\u0119 si\u0119 wy\u0142adowa\u0107 lub porozmawia\u0107 z kim\u015b przypadkowym o 2 nad ranem. Czuje si\u0119 tu bezpieczniej ni\u017c na wi\u0119kszo\u015bci czat\u00f3w\".<br \/>\n- <em>Marta V., App Store<\/em><\/p><\/blockquote>\n<h2>MiniChat a inne platformy anonimowego czatu<\/h2>\n<p>Jak MiniChat wypada w por\u00f3wnaniu z wiod\u0105cymi platformami do minimalnego i anonimowego czatu?<\/p>\n<table>\n<thead>\n<tr>\n<th>Cecha<\/th>\n<th>MiniChat<\/th>\n<th>Mirami<\/th>\n<th>Chatiwi<\/th>\n<th>Chatiw<\/th>\n<th>Chatib<\/th>\n<th>ChitChat<\/th>\n<\/tr>\n<\/thead>\n<tbody>\n<tr>\n<td>Rejestracja nie jest wymagana<\/td>\n<td>Tak<\/td>\n<td>Tak<\/td>\n<td>Tak<\/td>\n<td>Tak<\/td>\n<td>Tak<\/td>\n<td>Tak<\/td>\n<\/tr>\n<tr>\n<td>Minimalny interfejs u\u017cytkownika<\/td>\n<td>Tak<\/td>\n<td>Tak<\/td>\n<td>\u26a0\ufe0f Basic<\/td>\n<td>Nie<\/td>\n<td>Nie<\/td>\n<td>Tak<\/td>\n<\/tr>\n<tr>\n<td>Czat grupowy i losowy<\/td>\n<td>Oba<\/td>\n<td>1 na 1<\/td>\n<td>Oba<\/td>\n<td>Oba<\/td>\n<td>Oba<\/td>\n<td>Oba<\/td>\n<\/tr>\n<tr>\n<td>Dane osobowe nie s\u0105 przechowywane<\/td>\n<td>Tak<\/td>\n<td>Tak<\/td>\n<td>Tak<\/td>\n<td>\u26a0\ufe0f Niekt\u00f3re<\/td>\n<td>\u26a0\ufe0f Niekt\u00f3re<\/td>\n<td>Tak<\/td>\n<\/tr>\n<tr>\n<td>Bez reklam<\/td>\n<td>Tak<\/td>\n<td>Tak<\/td>\n<td>Tak<\/td>\n<td>Nie<\/td>\n<td>\u26a0\ufe0f Niekt\u00f3re<\/td>\n<td>Tak<\/td>\n<\/tr>\n<tr>\n<td>Narz\u0119dzia moderacji<\/td>\n<td>Tak<\/td>\n<td>Tak<\/td>\n<td>Tak<\/td>\n<td>\u26a0\ufe0f Niekt\u00f3re<\/td>\n<td>Tak<\/td>\n<td>Tak<\/td>\n<\/tr>\n<tr>\n<td>Zoptymalizowany pod k\u0105tem urz\u0105dze\u0144 mobilnych<\/td>\n<td>Tak<\/td>\n<td>Tak<\/td>\n<td>Tak<\/td>\n<td>Tak<\/td>\n<td>Tak<\/td>\n<td>Tak<\/td>\n<\/tr>\n<tr>\n<td>Czat wideo<\/td>\n<td>Nie<\/td>\n<td>Tak<\/td>\n<td>Nie<\/td>\n<td>Nie<\/td>\n<td>Nie<\/td>\n<td>Nie<\/td>\n<\/tr>\n<\/tbody>\n<\/table>\n<p>Podsumowanie: MiniChat jest najlepszy dla tych, kt\u00f3rzy szukaj\u0105 szybkiego, anonimowego czatu tekstowego bez \u017cadnych zobowi\u0105za\u0144. Idealny dla prywatno\u015bci, prostoty i natychmiastowego po\u0142\u0105czenia.<\/p>\n<h2>Czy MiniChat jest bezpieczny?<\/h2>\n<p>MiniChat zosta\u0142 zaprojektowany z my\u015bl\u0105 o prywatno\u015bci i bezpiecze\u0144stwie u\u017cytkownik\u00f3w:<\/p>\n<ul>\n<li>Nie jest pobierana rejestracja ani dane osobowe<\/li>\n<li>Anonimowe czaty z tymczasowymi logami<\/li>\n<li>Aktywna moderacja i narz\u0119dzia do natychmiastowego blokowania\/raportowania<\/li>\n<li>Brak reklam, brak \u015bledzenia przez osoby trzecie<\/li>\n<li>Globalny dost\u0119p z filtrami j\u0119zykowymi<\/li>\n<\/ul>\n<h3>Wskaz\u00f3wki dotycz\u0105ce bezpiecze\u0144stwa<\/h3>\n<ul>\n<li>Nigdy nie udost\u0119pniaj osobistych lub poufnych informacji, nawet na prywatnym czacie.<\/li>\n<li>U\u017cywaj pokoj\u00f3w grupowych do szerszej dyskusji, czatu losowego do rozm\u00f3w jeden na jeden.<\/li>\n<li>Blokuj lub zg\u0142aszaj wszelkie nadu\u017cycia - moderatorzy reaguj\u0105.<\/li>\n<li>Zawsze ufaj swojemu instynktowi i opuszczaj rozmowy, kt\u00f3re sprawiaj\u0105, \u017ce czujesz si\u0119 niekomfortowo.<\/li>\n<\/ul>\n<h2>Wskaz\u00f3wki, jak najlepiej wykorzysta\u0107 MiniChat<\/h2>\n<ul>\n<li>Zacznij przyja\u017anie: Proste powitania zach\u0119caj\u0105 do rozmowy.<\/li>\n<li>Wypr\u00f3buj czat grupowy i losowy: Oba oferuj\u0105 wyj\u0105tkowe do\u015bwiadczenia spo\u0142eczne.<\/li>\n<li>Zachowaj anonimowo\u015b\u0107: w\u0142a\u015bnie o to chodzi - nie musisz dzieli\u0107 si\u0119 tym, kim jeste\u015b.<\/li>\n<li>U\u017cywaj emotikon\u00f3w do wyra\u017cania siebie: Spraw, by czaty by\u0142y zabawniejsze i bardziej przyjazne.<\/li>\n<li>U\u017cywaj w podr\u00f3\u017cy: Dzia\u0142a \u015bwietnie na telefonie lub tablecie, umo\u017cliwiaj\u0105c czatowanie w dowolnym miejscu.<\/li>\n<li>Zg\u0142aszaj i blokuj w razie potrzeby: Pom\u00f3\u017c utrzyma\u0107 MiniChat przyjazny dla wszystkich.<\/li>\n<li>Zapraszanie znajomych do prywatnych pokoj\u00f3w: U\u017cyj linku do udost\u0119pniania do prywatnych czat\u00f3w grupowych.<\/li>\n<\/ul>\n<h2>Rozwi\u0105zywanie typowych problem\u00f3w z MiniChat<\/h2>\n<h3>Nie mo\u017cna si\u0119 po\u0142\u0105czy\u0107 lub czat si\u0119 nie \u0142aduje<\/h3>\n<p>Sprawd\u017a po\u0142\u0105czenie internetowe, od\u015bwie\u017c stron\u0119 lub wypr\u00f3buj inne urz\u0105dzenie\/przegl\u0105dark\u0119.<\/p>\n<h3>Brak wielu u\u017cytkownik\u00f3w<\/h3>\n<p>Spr\u00f3buj w godzinach szczytu lub odkryj r\u00f3\u017cne pokoje grupowe.<\/p>\n<h3>Spam lub nadu\u017cycie<\/h3>\n<p>Natychmiast u\u017cywaj narz\u0119dzi do blokowania\/raportowania; moderatorzy dzia\u0142aj\u0105 szybko.<\/p>\n<h3>Straci\u0142em dobry czat<\/h3>\n<p>Z za\u0142o\u017cenia czaty s\u0105 tymczasowe - je\u015bli chcesz pozosta\u0107 w kontakcie, wymieniaj si\u0119 informacjami podczas rozmowy.<\/p>\n<h3>Obraz\/Emoji nie s\u0105 wysy\u0142ane<\/h3>\n<p>Upewnij si\u0119, \u017ce nie przekraczasz limitu plik\u00f3w lub spr\u00f3buj prze\u0142adowa\u0107 czat.<\/p>\n<p>Absolutnie - zw\u0142aszcza dla ka\u017cdego, kto ceni sobie natychmiastowy, anonimowy i minimalistyczny czat online. MiniChat jest antidotum na ha\u0142a\u015bliwe, zbyt skomplikowane platformy spo\u0142eczno\u015bciowe, przywracaj\u0105c nacisk na czyst\u0105 rozmow\u0119 i prywatno\u015b\u0107.<\/p>\n<p>Niezale\u017cnie od tego, czy chcesz pozna\u0107 nowych ludzi, porozmawia\u0107 jeden na jeden, do\u0142\u0105czy\u0107 do szybkiej dyskusji grupowej, czy po prostu cieszy\u0107 si\u0119 wolnym od rozpraszania do\u015bwiadczeniem online, MiniChat to Tw\u00f3j lekki, cyfrowy salon bez zobowi\u0105za\u0144.<\/p>\n<p>Gotowy do czatowania? Odwied\u017a minichat.com, wybierz nick i ciesz si\u0119 najprostszym, najbardziej prywatnym czatem online - zawsze i wsz\u0119dzie.<\/p>","protected":false},"excerpt":{"rendered":"<p>In a world crowded with bloated social networks and apps, sometimes less is more. MiniChat is a breath of fresh air for those who crave real-time connection, but without all the noise, profiles, and privacy baggage of mainstream social platforms. Built on the core principles of speed, simplicity, and privacy, MiniChat is perfect for anyone [&hellip;]<\/p>\n","protected":false},"author":6,"featured_media":0,"parent":0,"menu_order":0,"comment_status":"closed","ping_status":"closed","template":"","meta":{"footnotes":""},"class_list":["post-12425","page","type-page","status-publish","hentry"],"yoast_head":"<!-- This site is optimized with the Yoast SEO plugin v27.5 - https:\/\/yoast.com\/product\/yoast-seo-wordpress\/ -->\n<title>Minichat - The Fast Video Chat - TinyChat.com<\/title>\n<meta name=\"description\" content=\"Enjoying Minichat? Join over 50,000,000 strangers on TinyChat! Turn on your cam and start meeting new people, or find a match.\" \/>\n<meta name=\"robots\" content=\"index, follow, max-snippet:-1, max-image-preview:large, max-video-preview:-1\" \/>\n<link rel=\"canonical\" href=\"https:\/\/tinychat.com\/pl\/minichat\/\" \/>\n<meta property=\"og:locale\" content=\"pl_PL\" \/>\n<meta property=\"og:type\" content=\"article\" \/>\n<meta property=\"og:title\" content=\"Minichat - The Fast Video Chat - TinyChat.com\" \/>\n<meta property=\"og:description\" content=\"Enjoying Minichat? Join over 50,000,000 strangers on TinyChat! Turn on your cam and start meeting new people, or find a match.\" \/>\n<meta property=\"og:url\" content=\"https:\/\/tinychat.com\/pl\/minichat\/\" \/>\n<meta property=\"og:site_name\" content=\"TinyChat\" \/>\n<meta property=\"article:publisher\" content=\"https:\/\/www.facebook.com\/tinychat\" \/>\n<meta property=\"article:modified_time\" content=\"2025-08-04T10:06:22+00:00\" \/>\n<meta property=\"og:image\" content=\"https:\/\/tinychat.com\/wp-content\/uploads\/2020\/04\/Tinychat-logo-1280x284-new-black.png\" \/>\n\t<meta property=\"og:image:width\" content=\"1280\" \/>\n\t<meta property=\"og:image:height\" content=\"284\" \/>\n\t<meta property=\"og:image:type\" content=\"image\/png\" \/>\n<meta name=\"twitter:card\" content=\"summary_large_image\" \/>\n<meta name=\"twitter:site\" content=\"@tinychat\" \/>\n<meta name=\"twitter:label1\" content=\"Szacowany czas czytania\" \/>\n\t<meta name=\"twitter:data1\" content=\"6 minut\" \/>\n<script type=\"application\/ld+json\" class=\"yoast-schema-graph\">{\"@context\":\"https:\\\/\\\/schema.org\",\"@graph\":[{\"@type\":\"WebPage\",\"@id\":\"https:\\\/\\\/tinychat.com\\\/minichat\\\/\",\"url\":\"https:\\\/\\\/tinychat.com\\\/minichat\\\/\",\"name\":\"Minichat - The Fast Video Chat - TinyChat.com\",\"isPartOf\":{\"@id\":\"https:\\\/\\\/tinychat.com\\\/#website\"},\"datePublished\":\"2025-08-04T09:58:01+00:00\",\"dateModified\":\"2025-08-04T10:06:22+00:00\",\"description\":\"Enjoying Minichat? Join over 50,000,000 strangers on TinyChat! Turn on your cam and start meeting new people, or find a match.\",\"breadcrumb\":{\"@id\":\"https:\\\/\\\/tinychat.com\\\/minichat\\\/#breadcrumb\"},\"inLanguage\":\"pl-PL\",\"potentialAction\":[{\"@type\":\"ReadAction\",\"target\":[\"https:\\\/\\\/tinychat.com\\\/minichat\\\/\"]}]},{\"@type\":\"BreadcrumbList\",\"@id\":\"https:\\\/\\\/tinychat.com\\\/minichat\\\/#breadcrumb\",\"itemListElement\":[{\"@type\":\"ListItem\",\"position\":1,\"name\":\"Home\",\"item\":\"https:\\\/\\\/tinychat.com\\\/\"},{\"@type\":\"ListItem\",\"position\":2,\"name\":\"Minichat\"}]},{\"@type\":\"WebSite\",\"@id\":\"https:\\\/\\\/tinychat.com\\\/#website\",\"url\":\"https:\\\/\\\/tinychat.com\\\/\",\"name\":\"TinyChat\",\"description\":\"Random Video Chat with Strangers\",\"publisher\":{\"@id\":\"https:\\\/\\\/tinychat.com\\\/#organization\"},\"alternateName\":\"TinyChat.com\",\"potentialAction\":[{\"@type\":\"SearchAction\",\"target\":{\"@type\":\"EntryPoint\",\"urlTemplate\":\"https:\\\/\\\/tinychat.com\\\/?s={search_term_string}\"},\"query-input\":{\"@type\":\"PropertyValueSpecification\",\"valueRequired\":true,\"valueName\":\"search_term_string\"}}],\"inLanguage\":\"pl-PL\"},{\"@type\":\"Organization\",\"@id\":\"https:\\\/\\\/tinychat.com\\\/#organization\",\"name\":\"TinyChat\",\"alternateName\":\"TinyChat.com\",\"url\":\"https:\\\/\\\/tinychat.com\\\/\",\"logo\":{\"@type\":\"ImageObject\",\"inLanguage\":\"pl-PL\",\"@id\":\"https:\\\/\\\/tinychat.com\\\/#\\\/schema\\\/logo\\\/image\\\/\",\"url\":\"https:\\\/\\\/tinychat.com\\\/wp-content\\\/uploads\\\/2023\\\/11\\\/Tinychat-icon-square.png\",\"contentUrl\":\"https:\\\/\\\/tinychat.com\\\/wp-content\\\/uploads\\\/2023\\\/11\\\/Tinychat-icon-square.png\",\"width\":284,\"height\":284,\"caption\":\"TinyChat\"},\"image\":{\"@id\":\"https:\\\/\\\/tinychat.com\\\/#\\\/schema\\\/logo\\\/image\\\/\"},\"sameAs\":[\"https:\\\/\\\/www.facebook.com\\\/tinychat\",\"https:\\\/\\\/x.com\\\/tinychat\"]}]}<\/script>\n<!-- \/ Yoast SEO plugin. -->","yoast_head_json":{"title":"Minichat - Szybki czat wideo - TinyChat.com","description":"Korzystasz z Minichat? Do\u0142\u0105cz do ponad 50 000 000 nieznajomych na TinyChat! W\u0142\u0105cz kamer\u0119 i zacznij poznawa\u0107 nowych ludzi lub znajd\u017a partnera.","robots":{"index":"index","follow":"follow","max-snippet":"max-snippet:-1","max-image-preview":"max-image-preview:large","max-video-preview":"max-video-preview:-1"},"canonical":"https:\/\/tinychat.com\/pl\/minichat\/","og_locale":"pl_PL","og_type":"article","og_title":"Minichat - The Fast Video Chat - TinyChat.com","og_description":"Enjoying Minichat? Join over 50,000,000 strangers on TinyChat! Turn on your cam and start meeting new people, or find a match.","og_url":"https:\/\/tinychat.com\/pl\/minichat\/","og_site_name":"TinyChat","article_publisher":"https:\/\/www.facebook.com\/tinychat","article_modified_time":"2025-08-04T10:06:22+00:00","og_image":[{"width":1280,"height":284,"url":"https:\/\/tinychat.com\/wp-content\/uploads\/2020\/04\/Tinychat-logo-1280x284-new-black.png","type":"image\/png"}],"twitter_card":"summary_large_image","twitter_site":"@tinychat","twitter_misc":{"Szacowany czas czytania":"6 minut"},"schema":{"@context":"https:\/\/schema.org","@graph":[{"@type":"WebPage","@id":"https:\/\/tinychat.com\/minichat\/","url":"https:\/\/tinychat.com\/minichat\/","name":"Minichat - Szybki czat wideo - TinyChat.com","isPartOf":{"@id":"https:\/\/tinychat.com\/#website"},"datePublished":"2025-08-04T09:58:01+00:00","dateModified":"2025-08-04T10:06:22+00:00","description":"Korzystasz z Minichat? Do\u0142\u0105cz do ponad 50 000 000 nieznajomych na TinyChat! W\u0142\u0105cz kamer\u0119 i zacznij poznawa\u0107 nowych ludzi lub znajd\u017a partnera.","breadcrumb":{"@id":"https:\/\/tinychat.com\/minichat\/#breadcrumb"},"inLanguage":"pl-PL","potentialAction":[{"@type":"ReadAction","target":["https:\/\/tinychat.com\/minichat\/"]}]},{"@type":"BreadcrumbList","@id":"https:\/\/tinychat.com\/minichat\/#breadcrumb","itemListElement":[{"@type":"ListItem","position":1,"name":"Home","item":"https:\/\/tinychat.com\/"},{"@type":"ListItem","position":2,"name":"Minichat"}]},{"@type":"WebSite","@id":"https:\/\/tinychat.com\/#website","url":"https:\/\/tinychat.com\/","name":"TinyChat","description":"Losowy czat wideo z nieznajomymi","publisher":{"@id":"https:\/\/tinychat.com\/#organization"},"alternateName":"TinyChat.com","potentialAction":[{"@type":"SearchAction","target":{"@type":"EntryPoint","urlTemplate":"https:\/\/tinychat.com\/?s={search_term_string}"},"query-input":{"@type":"PropertyValueSpecification","valueRequired":true,"valueName":"search_term_string"}}],"inLanguage":"pl-PL"},{"@type":"Organization","@id":"https:\/\/tinychat.com\/#organization","name":"TinyChat","alternateName":"TinyChat.com","url":"https:\/\/tinychat.com\/","logo":{"@type":"ImageObject","inLanguage":"pl-PL","@id":"https:\/\/tinychat.com\/#\/schema\/logo\/image\/","url":"https:\/\/tinychat.com\/wp-content\/uploads\/2023\/11\/Tinychat-icon-square.png","contentUrl":"https:\/\/tinychat.com\/wp-content\/uploads\/2023\/11\/Tinychat-icon-square.png","width":284,"height":284,"caption":"TinyChat"},"image":{"@id":"https:\/\/tinychat.com\/#\/schema\/logo\/image\/"},"sameAs":["https:\/\/www.facebook.com\/tinychat","https:\/\/x.com\/tinychat"]}]}},"_links":{"self":[{"href":"https:\/\/tinychat.com\/pl\/wp-json\/wp\/v2\/pages\/12425","targetHints":{"allow":["GET"]}}],"collection":[{"href":"https:\/\/tinychat.com\/pl\/wp-json\/wp\/v2\/pages"}],"about":[{"href":"https:\/\/tinychat.com\/pl\/wp-json\/wp\/v2\/types\/page"}],"author":[{"embeddable":true,"href":"https:\/\/tinychat.com\/pl\/wp-json\/wp\/v2\/users\/6"}],"replies":[{"embeddable":true,"href":"https:\/\/tinychat.com\/pl\/wp-json\/wp\/v2\/comments?post=12425"}],"version-history":[{"count":4,"href":"https:\/\/tinychat.com\/pl\/wp-json\/wp\/v2\/pages\/12425\/revisions"}],"predecessor-version":[{"id":13387,"href":"https:\/\/tinychat.com\/pl\/wp-json\/wp\/v2\/pages\/12425\/revisions\/13387"}],"wp:attachment":[{"href":"https:\/\/tinychat.com\/pl\/wp-json\/wp\/v2\/media?parent=12425"}],"curies":[{"name":"wp","href":"https:\/\/api.w.org\/{rel}","templated":true}]}}