{"id":12430,"date":"2025-10-21T11:07:35","date_gmt":"2025-10-21T09:07:35","guid":{"rendered":"https:\/\/tinychat.com\/?page_id=12430"},"modified":"2025-10-21T13:14:52","modified_gmt":"2025-10-21T11:14:52","slug":"chatingly","status":"publish","type":"page","link":"https:\/\/tinychat.com\/pl\/chatingly\/","title":{"rendered":"Chatingly"},"content":{"rendered":"<p>W \u015bwiecie, w kt\u00f3rym wi\u0119kszo\u015b\u0107 aplikacji spo\u0142eczno\u015bciowych koncentruje si\u0119 na polubieniach, obserwuj\u0105cych i wyselekcjonowanych kana\u0142ach, Chatingly wyr\u00f3\u017cnia si\u0119, przywracaj\u0105c to, co sprawi\u0142o, \u017ce Internet by\u0142 ekscytuj\u0105cy - prawdziwe, spontaniczne kontakty mi\u0119dzyludzkie. Zaprojektowany jako nowoczesna platforma do losowych czat\u00f3w wideo, Chatingly natychmiast \u0142\u0105czy Ci\u0119 z nieznajomymi z ca\u0142ego \u015bwiata w celu prowadzenia rozm\u00f3w jeden na jednego, bez konieczno\u015bci rejestracji, tworzenia profili lub algorytm\u00f3w decyduj\u0105cych o tym, z kim powiniene\u015b porozmawia\u0107.<\/p>\n<p>Niezale\u017cnie od tego, czy chcesz pozna\u0107 nowych ludzi, odkrywa\u0107 inne kultury, czy po prostu zrelaksowa\u0107 si\u0119 przy swobodnej rozmowie, Chatingly oddaje dreszczyk emocji zwi\u0105zany z natychmiastowymi, anonimowymi interakcjami, kt\u00f3re zdefiniowa\u0142y wczesny Internet - ale z p\u0142ynniejsz\u0105 technologi\u0105 i czystszym wygl\u0105dem.<\/p>\n<p>W tej recenzji przyjrzymy si\u0119 dog\u0142\u0119bnie, czym jest Chatingly, jak dzia\u0142a, jego kluczowe funkcje, wra\u017cenia u\u017cytkownika, \u015brodki bezpiecze\u0144stwa, por\u00f3wnania z konkurencj\u0105 i wskaz\u00f3wki, jak najlepiej go wykorzysta\u0107.<\/p>\n<h2>Co to jest Chatingly?<\/h2>\n<p>Chatingly to platforma losowych czat\u00f3w wideo, kt\u00f3ra umo\u017cliwia u\u017cytkownikom natychmiastowe \u0142\u0105czenie si\u0119 z nieznajomymi za po\u015brednictwem wideo na \u017cywo i tekstu. Jej podstawowa filozofia jest prosta: bez rejestracji, bez pobierania, bez czekania - po prostu kliknij i zacznij czatowa\u0107.<\/p>\n<p>Platforma koncentruje si\u0119 na:<\/p>\n<ul>\n<li>\u0141atwo\u015b\u0107 u\u017cytkowania - minimalna konfiguracja, dost\u0119p z dowolnego urz\u0105dzenia.<\/li>\n<li>Anonimowo\u015b\u0107 - nie s\u0105 wymagane \u017cadne dane osobowe.<\/li>\n<li>Spontaniczno\u015b\u0107 - ka\u017cde po\u0142\u0105czenie jest przypadkowe i nieprzewidywalne.<\/li>\n<\/ul>\n<p>Jest to cz\u0119\u015b\u0107 rosn\u0105cej fali nowych platform czatowych oferuj\u0105cych lekkie, szybkie i przyjazne dla urz\u0105dze\u0144 mobilnych alternatywy dla starszych us\u0142ug, takich jak Omegle i Chatroulette.<\/p>\n<h2>Kluczowe cechy Chatingly<\/h2>\n<p>Funkcje Chatingly zosta\u0142y zaprojektowane z my\u015bl\u0105 o prostocie i natychmiastowym zaanga\u017cowaniu, przy jednoczesnym zachowaniu bezpiecze\u0144stwa i komfortu u\u017cytkownika.<\/p>\n<h3>1. Czat wideo jeden na jednego<\/h3>\n<ul>\n<li>Natychmiastowe \u0142\u0105czenie si\u0119 z nieznajomymi za po\u015brednictwem kamery internetowej.<\/li>\n<li>Rozmowy s\u0105 prywatne i tymczasowe.<\/li>\n<li>U\u017cyj przycisku Dalej, aby przej\u015b\u0107 dalej w dowolnym momencie.<\/li>\n<\/ul>\n<h3>2. Opcja czatu tekstowego<\/h3>\n<ul>\n<li>Zintegrowane pole tekstowe obok wideo.<\/li>\n<li>Idealny, gdy wolisz pisa\u0107 na klawiaturze lub masz s\u0142aby d\u017awi\u0119k.<\/li>\n<li>P\u0142ynne prze\u0142\u0105czanie mi\u0119dzy tekstem i wideo.<\/li>\n<\/ul>\n<h3>3. Globalne dopasowanie u\u017cytkownik\u00f3w<\/h3>\n<ul>\n<li>Nawi\u0105zywanie kontakt\u00f3w z lud\u017ami z r\u00f3\u017cnych kraj\u00f3w.<\/li>\n<li>Poszerz swoje horyzonty, czatuj\u0105c z u\u017cytkownikami z ca\u0142ego \u015bwiata.<\/li>\n<\/ul>\n<h3>4. Rejestracja nie jest wymagana<\/h3>\n<ul>\n<li>Zacznij czatowa\u0107 natychmiast - konto nie jest wymagane.<\/li>\n<li>Nie trzeba pami\u0119ta\u0107 adresu e-mail, nazwy u\u017cytkownika ani has\u0142a.<\/li>\n<\/ul>\n<h3>5. Kompatybilno\u015b\u0107 z urz\u0105dzeniami mobilnymi<\/h3>\n<ul>\n<li>W pe\u0142ni zoptymalizowany dla przegl\u0105darek mobilnych.<\/li>\n<li>Dzia\u0142a p\u0142ynnie zar\u00f3wno na telefonach, jak i komputerach stacjonarnych.<\/li>\n<\/ul>\n<h3>6. Anonimowo\u015b\u0107 i prywatno\u015b\u0107<\/h3>\n<ul>\n<li>Brak profili lub zapisanych danych.<\/li>\n<li>Rozmowy znikaj\u0105 po ich zako\u0144czeniu.<\/li>\n<\/ul>\n<h3>7. Prosty, czysty design<\/h3>\n<ul>\n<li>Minimalistyczny interfejs pozwala skupi\u0107 si\u0119 na czacie, a nie na menu.<\/li>\n<li>Przyjazna dla u\u017cytkownika nawigacja sprawia, \u017ce jest ona idealna dla wszystkich grup wiekowych.<\/li>\n<\/ul>\n<h2>Jak korzysta\u0107 z Chatingly<\/h2>\n<p>Chatingly zosta\u0142 zaprojektowany z my\u015bl\u0105 o natychmiastowym dost\u0119pie - oto jak zacz\u0105\u0107 w kilka sekund.<\/p>\n<h3>Krok 1: Odwied\u017a stron\u0119 internetow\u0105<\/h3>\n<p>Otw\u00f3rz Chatingly w przegl\u0105darce (stacjonarnej lub mobilnej).<\/p>\n<h3>Krok 2: Zezw\u00f3l na uprawnienia<\/h3>\n<p>Je\u015bli chcesz korzysta\u0107 z czatu wideo, zezw\u00f3l na korzystanie z kamery i mikrofonu.<\/p>\n<h3>Krok 3: Kliknij \"Rozpocznij czat\"<\/h3>\n<p>Natychmiastowe po\u0142\u0105czenie z przypadkowym nieznajomym.<\/p>\n<h3>Krok 4: Czat lub pomini\u0119cie<\/h3>\n<p>Ciesz si\u0119 rozmow\u0105 lub kliknij \u201cDalej\u201d, aby pozna\u0107 kogo\u015b nowego.<\/p>\n<h3>Krok 5: Powt\u00f3rz<\/h3>\n<p>Kontynuuj rozmow\u0119 tak d\u0142ugo, jak chcesz - nie ma ogranicze\u0144 czasowych.<\/p>\n<p>Ten model typu drop-in, drop-out sprawia, \u017ce Chatingly jest idealny do spontanicznych, bezci\u015bnieniowych spotka\u0144 towarzyskich.<\/p>\n<h2>Wra\u017cenia u\u017cytkownika na Chatingly<\/h2>\n<p>Chatingly jest lekki, szybki i intuicyjny, oferuj\u0105c r\u00f3wnowag\u0119 mi\u0119dzy prostot\u0105 a jako\u015bci\u0105.<\/p>\n<h3>Co lubi\u0105 u\u017cytkownicy<\/h3>\n<ul>\n<li>Nie jest wymagana rejestracja ani pobieranie plik\u00f3w.<\/li>\n<li>Natychmiastowe po\u0142\u0105czenia - czatowanie w ci\u0105gu kilku sekund.<\/li>\n<li>Czysty, nie rozpraszaj\u0105cy uk\u0142ad.<\/li>\n<li>Dzia\u0142a r\u00f3wnie dobrze na urz\u0105dzeniach mobilnych i komputerach stacjonarnych.<\/li>\n<li>Prywatne, anonimowe do\u015bwiadczenie.<\/li>\n<\/ul>\n<h3>Gdzie u\u017cytkownicy widz\u0105 pole do poprawy<\/h3>\n<ul>\n<li>Brak zaawansowanych filtr\u00f3w (p\u0142e\u0107 lub lokalizacja).<\/li>\n<li>Brak funkcji ponownego po\u0142\u0105czenia w przypadku utraty dobrego czatu.<\/li>\n<li>Mniejsza baza u\u017cytkownik\u00f3w w por\u00f3wnaniu do g\u0142\u00f3wnych platform.<\/li>\n<li>Brak wbudowanych pokoi spo\u0142eczno\u015bciowych lub list znajomych.<\/li>\n<\/ul>\n<p>Ograniczenia te s\u0105 jednak zamierzone - Chatingly ma by\u0107 lekki i szybki, a nie prze\u0142adowany dodatkowymi funkcjami.<\/p>\n<h2>Chatingly vs. inne platformy czatu<\/h2>\n<p>Oto jak Chatingly wypada na tle podobnych us\u0142ug czatu losowego:<\/p>\n<table>\n<thead>\n<tr>\n<th>Cecha<\/th>\n<th>Chatingly<\/th>\n<th>Omegle<\/th>\n<th>Chatroulette<\/th>\n<th>ChatHub<\/th>\n<th>Emerald Chat<\/th>\n<th>Camloo<\/th>\n<\/tr>\n<\/thead>\n<tbody>\n<tr>\n<td>Natychmiastowe wideo jeden na jednego<\/td>\n<td>Tak<\/td>\n<td>Tak<\/td>\n<td>Tak<\/td>\n<td>Tak<\/td>\n<td>Tak<\/td>\n<td>Tak<\/td>\n<\/tr>\n<tr>\n<td>Opcja czatu tekstowego<\/td>\n<td>Tak<\/td>\n<td>Tak<\/td>\n<td>Tak<\/td>\n<td>Tak<\/td>\n<td>Tak<\/td>\n<td>Tak<\/td>\n<\/tr>\n<tr>\n<td>Anonimowo\u015b\u0107<\/td>\n<td>Silny<\/td>\n<td>Silny<\/td>\n<td>Silny<\/td>\n<td>Umiarkowany<\/td>\n<td>Umiarkowany<\/td>\n<td>Umiarkowany<\/td>\n<\/tr>\n<tr>\n<td>Filtry (p\u0142e\u0107\/lokalizacja)<\/td>\n<td>Nie<\/td>\n<td>Nie<\/td>\n<td>Ograniczony<\/td>\n<td>Tak<\/td>\n<td>Tak<\/td>\n<td>Tak<\/td>\n<\/tr>\n<tr>\n<td>Profile i przyjaciele<\/td>\n<td>Nie<\/td>\n<td>Nie<\/td>\n<td>Nie<\/td>\n<td>Tak<\/td>\n<td>Tak<\/td>\n<td>Nie<\/td>\n<\/tr>\n<tr>\n<td>Przyjazny dla urz\u0105dze\u0144 mobilnych<\/td>\n<td>Tak<\/td>\n<td>Tak<\/td>\n<td>Tak<\/td>\n<td>Tak<\/td>\n<td>Tak<\/td>\n<td>Tak<\/td>\n<\/tr>\n<\/tbody>\n<\/table>\n<p>Podsumowanie: Chatingly stawia na prostot\u0119 - nie stara si\u0119 by\u0107 mediami spo\u0142eczno\u015bciowymi ani aplikacj\u0105 randkow\u0105. Zamiast tego skupia si\u0119 wy\u0142\u0105cznie na szybkich, prywatnych, losowych rozmowach.<\/p>\n<h2>Czy Chatingly jest bezpieczny?<\/h2>\n<p>Jak ka\u017cda platforma \u0142\u0105cz\u0105ca nieznajomych, Chatingly zapewnia prywatno\u015b\u0107 z za\u0142o\u017cenia, ale nadal zale\u017cy od odpowiedzialnego u\u017cytkowania.<\/p>\n<h3>Wbudowane funkcje bezpiecze\u0144stwa<\/h3>\n<ul>\n<li>Brak kont lub gromadzenia danych.<\/li>\n<li>Czaty s\u0105 tymczasowe i prywatne.<\/li>\n<li>Przycisk pomijania zapewnia natychmiastow\u0105 kontrol\u0119 nad interakcjami.<\/li>\n<\/ul>\n<h3>Wskaz\u00f3wki bezpiecze\u0144stwa dla u\u017cytkownik\u00f3w<\/h3>\n<ul>\n<li>Nie udost\u0119pniaj danych osobowych (prawdziwe imi\u0119 i nazwisko, numer telefonu, konta spo\u0142eczno\u015bciowe).<\/li>\n<li>Zako\u0144cz ka\u017cd\u0105 rozmow\u0119, kt\u00f3ra wydaje si\u0119 niekomfortowa.<\/li>\n<li>Rodzice powinni monitorowa\u0107 nieletnich korzystaj\u0105cych z us\u0142ugi.<\/li>\n<li>Korzystaj z VPN, aby zwi\u0119kszy\u0107 anonimowo\u015b\u0107.<\/li>\n<\/ul>\n<p>Brak rejestracji Chatingly w rzeczywisto\u015bci zwi\u0119ksza bezpiecze\u0144stwo - mniej przechowywanych danych oznacza mniejsze ryzyko ekspozycji.<\/p>\n<h2>Wskaz\u00f3wki, jak najlepiej wykorzysta\u0107 Chatingly<\/h2>\n<ul>\n<li>B\u0105d\u017a otwarty. Zabawa na czacie losowym polega na nieprzewidywalno\u015bci.<\/li>\n<li>U\u017cywaj s\u0142uchawek dla wyra\u017aniejszego d\u017awi\u0119ku i prywatno\u015bci.<\/li>\n<li>Dobre o\u015bwietlenie poprawia prezencj\u0119 wideo.<\/li>\n<li>Rozmowy powinny by\u0107 swobodne. Humor i \u017cyczliwo\u015b\u0107 maj\u0105 du\u017ce znaczenie.<\/li>\n<li>Wypr\u00f3buj r\u00f3\u017cne pory dnia. Aktywno\u015b\u0107 u\u017cytkownik\u00f3w wzrasta wieczorami i w weekendy.<\/li>\n<li>U\u017cywaj pomijania m\u0105drze. Je\u015bli atmosfera nie jest odpowiednia, szybko przejd\u017a dalej.<\/li>\n<\/ul>\n<p>Te drobne poprawki mog\u0105 mie\u0107 du\u017cy wp\u0142yw na wra\u017cenia u\u017cytkownika.<\/p>\n<h2>Typowe problemy i poprawki<\/h2>\n<h3>Problem: Nie dzia\u0142a kamera lub mikrofon<\/h3>\n<ul>\n<li>Sprawd\u017a uprawnienia przegl\u0105darki.<\/li>\n<li>Uruchom ponownie stron\u0119 lub urz\u0105dzenie.<\/li>\n<li>Upewnij si\u0119, \u017ce \u017cadna inna aplikacja nie korzysta z aparatu.<\/li>\n<\/ul>\n<h3>Problem: ma\u0142o mecz\u00f3w lub d\u0142ugie oczekiwanie<\/h3>\n<ul>\n<li>Spr\u00f3buj w godzinach najwi\u0119kszego ruchu w danym regionie.<\/li>\n<li>Od\u015bwie\u017c stron\u0119, aby ponownie uruchomi\u0107 kolejk\u0119 po\u0142\u0105cze\u0144.<\/li>\n<\/ul>\n<h3>Problem: op\u00f3\u017anienie wideo lub niska jako\u015b\u0107<\/h3>\n<ul>\n<li>Prze\u0142\u0105cz si\u0119 na stabilne po\u0142\u0105czenie Wi-Fi.<\/li>\n<li>Zamknij inne karty lub aplikacje zu\u017cywaj\u0105ce przepustowo\u015b\u0107.<\/li>\n<\/ul>\n<h3>Problem: Niew\u0142a\u015bciwi u\u017cytkownicy<\/h3>\n<ul>\n<li>Pomi\u0144 natychmiast.<\/li>\n<li>Zg\u0142o\u015b, czy dost\u0119pne s\u0105 narz\u0119dzia moderacji.<\/li>\n<\/ul>\n<h2>Dlaczego ludzie wybieraj\u0105 Chatingly<\/h2>\n<p>Ludzie zwracaj\u0105 si\u0119 do Chatingly z tego samego powodu, dla kt\u00f3rego losowe strony czatu pozostaj\u0105 popularne od lat - dreszczyk emocji zwi\u0105zany z nieznanym. Ale Chatingly dodaje kilka kluczowych zalet:<\/p>\n<ul>\n<li>Natychmiastowy dost\u0119p - bez rejestracji i konfiguracji.<\/li>\n<li>Czysty design - minimalny ba\u0142agan, maksymalne skupienie na czacie.<\/li>\n<li>Kompatybilno\u015b\u0107 z r\u00f3\u017cnymi urz\u0105dzeniami - r\u00f3wnie dobra na telefonach i komputerach.<\/li>\n<li>Anonimowo\u015b\u0107 - bezpieczne, tymczasowe rozmowy.<\/li>\n<\/ul>\n<p>Jest to idealny wyb\u00f3r dla ka\u017cdego, kto szuka szybkiej, autentycznej interakcji spo\u0142ecznej bez szumu medi\u00f3w spo\u0142eczno\u015bciowych lub platform randkowych.<\/p>\n<h2>Przemy\u015blenia ko\u0144cowe: Czy warto u\u017cywa\u0107 Chatingly?<\/h2>\n<p>Je\u015bli szukasz szybkiego, anonimowego i nowoczesnego losowego czatu wideo, Chatingly jest absolutnie warty wypr\u00f3bowania. Zachowuje prostot\u0119, dzi\u0119ki kt\u00f3rej Omegle sta\u0142 si\u0119 s\u0142awny, jednocze\u015bnie aktualizuj\u0105c technologi\u0119 i interfejs dla dzisiejszych u\u017cytkownik\u00f3w.<\/p>\n<p>Chocia\u017c nie zawiera filtr\u00f3w, gier ani system\u00f3w profili, nadrabia to szybko\u015bci\u0105, prywatno\u015bci\u0105 i dost\u0119pno\u015bci\u0105 - dok\u0142adnie tym, co wielu u\u017cytkownik\u00f3w preferuje w losowej platformie czatu.<\/p>\n<p>Czy chcesz:<\/p>\n<ul>\n<li>Poznawaj nowych ludzi z ca\u0142ego \u015bwiata,<\/li>\n<li>Prowad\u017a spontaniczne rozmowy,<\/li>\n<li>Albo po prostu prze\u0142ama\u0107 monotoni\u0119 dnia...<\/li>\n<\/ul>\n<p>Chatingly zapewnia iskr\u0119 ludzkiej wi\u0119zi w najczystszej postaci.<\/p>\n<p>W skr\u00f3cie: Chatingly to lekka, zapewniaj\u0105ca prywatno\u015b\u0107 us\u0142uga losowego czatu wideo, kt\u00f3ra \u0142\u0105czy w sobie prostot\u0119, globalny zasi\u0119g i emocje zwi\u0105zane z poznawaniem kogo\u015b nowego. Jest idealny dla u\u017cytkownik\u00f3w, kt\u00f3rzy chc\u0105 szybkich, prawdziwych rozm\u00f3w - zawsze i wsz\u0119dzie.<\/p>\n<p>Gotowy do rozpocz\u0119cia? Odwied\u017a Chatingly, kliknij start i zobacz, kto czeka po drugiej stronie.<\/p>","protected":false},"excerpt":{"rendered":"<p>In a world where most social apps focus on likes, followers, and curated feeds, Chatingly stands out by bringing back what made the internet exciting in the first place \u2014 real, spontaneous human connection. Designed as a modern random video chat platform, Chatingly connects you instantly with strangers from around the world for one-on-one conversations, [&hellip;]<\/p>\n","protected":false},"author":6,"featured_media":0,"parent":0,"menu_order":0,"comment_status":"closed","ping_status":"closed","template":"","meta":{"footnotes":""},"class_list":["post-12430","page","type-page","status-publish","hentry"],"yoast_head":"<!-- This site is optimized with the Yoast SEO plugin v27.4 - https:\/\/yoast.com\/product\/yoast-seo-wordpress\/ -->\n<title>Chatingly - Video Chat With Strangers Online - TinyChat.com<\/title>\n<meta name=\"description\" content=\"Enjoying Chatingly? Join over 50,000,000 strangers on TinyChat! Turn on your cam and start meeting new people, or find a match.\" \/>\n<meta name=\"robots\" content=\"index, follow, max-snippet:-1, max-image-preview:large, max-video-preview:-1\" \/>\n<link rel=\"canonical\" href=\"https:\/\/tinychat.com\/pl\/chatingly\/\" \/>\n<meta property=\"og:locale\" content=\"pl_PL\" \/>\n<meta property=\"og:type\" content=\"article\" \/>\n<meta property=\"og:title\" content=\"Chatingly - Video Chat With Strangers Online - TinyChat.com\" \/>\n<meta property=\"og:description\" content=\"Enjoying Chatingly? Join over 50,000,000 strangers on TinyChat! Turn on your cam and start meeting new people, or find a match.\" \/>\n<meta property=\"og:url\" content=\"https:\/\/tinychat.com\/pl\/chatingly\/\" \/>\n<meta property=\"og:site_name\" content=\"TinyChat\" \/>\n<meta property=\"article:publisher\" content=\"https:\/\/www.facebook.com\/tinychat\" \/>\n<meta property=\"article:modified_time\" content=\"2025-10-21T11:14:52+00:00\" \/>\n<meta property=\"og:image\" content=\"https:\/\/tinychat.com\/wp-content\/uploads\/2020\/04\/Tinychat-logo-1280x284-new-black.png\" \/>\n\t<meta property=\"og:image:width\" content=\"1280\" \/>\n\t<meta property=\"og:image:height\" content=\"284\" \/>\n\t<meta property=\"og:image:type\" content=\"image\/png\" \/>\n<meta name=\"twitter:card\" content=\"summary_large_image\" \/>\n<meta name=\"twitter:site\" content=\"@tinychat\" \/>\n<meta name=\"twitter:label1\" content=\"Szacowany czas czytania\" \/>\n\t<meta name=\"twitter:data1\" content=\"6 minut\" \/>\n<script type=\"application\/ld+json\" class=\"yoast-schema-graph\">{\"@context\":\"https:\\\/\\\/schema.org\",\"@graph\":[{\"@type\":\"WebPage\",\"@id\":\"https:\\\/\\\/tinychat.com\\\/chatingly\\\/\",\"url\":\"https:\\\/\\\/tinychat.com\\\/chatingly\\\/\",\"name\":\"Chatingly - Video Chat With Strangers Online - TinyChat.com\",\"isPartOf\":{\"@id\":\"https:\\\/\\\/tinychat.com\\\/#website\"},\"datePublished\":\"2025-10-21T09:07:35+00:00\",\"dateModified\":\"2025-10-21T11:14:52+00:00\",\"description\":\"Enjoying Chatingly? Join over 50,000,000 strangers on TinyChat! Turn on your cam and start meeting new people, or find a match.\",\"breadcrumb\":{\"@id\":\"https:\\\/\\\/tinychat.com\\\/chatingly\\\/#breadcrumb\"},\"inLanguage\":\"pl-PL\",\"potentialAction\":[{\"@type\":\"ReadAction\",\"target\":[\"https:\\\/\\\/tinychat.com\\\/chatingly\\\/\"]}]},{\"@type\":\"BreadcrumbList\",\"@id\":\"https:\\\/\\\/tinychat.com\\\/chatingly\\\/#breadcrumb\",\"itemListElement\":[{\"@type\":\"ListItem\",\"position\":1,\"name\":\"Home\",\"item\":\"https:\\\/\\\/tinychat.com\\\/\"},{\"@type\":\"ListItem\",\"position\":2,\"name\":\"Chatingly\"}]},{\"@type\":\"WebSite\",\"@id\":\"https:\\\/\\\/tinychat.com\\\/#website\",\"url\":\"https:\\\/\\\/tinychat.com\\\/\",\"name\":\"TinyChat\",\"description\":\"Random Video Chat with Strangers\",\"publisher\":{\"@id\":\"https:\\\/\\\/tinychat.com\\\/#organization\"},\"alternateName\":\"TinyChat.com\",\"potentialAction\":[{\"@type\":\"SearchAction\",\"target\":{\"@type\":\"EntryPoint\",\"urlTemplate\":\"https:\\\/\\\/tinychat.com\\\/?s={search_term_string}\"},\"query-input\":{\"@type\":\"PropertyValueSpecification\",\"valueRequired\":true,\"valueName\":\"search_term_string\"}}],\"inLanguage\":\"pl-PL\"},{\"@type\":\"Organization\",\"@id\":\"https:\\\/\\\/tinychat.com\\\/#organization\",\"name\":\"TinyChat\",\"alternateName\":\"TinyChat.com\",\"url\":\"https:\\\/\\\/tinychat.com\\\/\",\"logo\":{\"@type\":\"ImageObject\",\"inLanguage\":\"pl-PL\",\"@id\":\"https:\\\/\\\/tinychat.com\\\/#\\\/schema\\\/logo\\\/image\\\/\",\"url\":\"https:\\\/\\\/tinychat.com\\\/wp-content\\\/uploads\\\/2023\\\/11\\\/Tinychat-icon-square.png\",\"contentUrl\":\"https:\\\/\\\/tinychat.com\\\/wp-content\\\/uploads\\\/2023\\\/11\\\/Tinychat-icon-square.png\",\"width\":284,\"height\":284,\"caption\":\"TinyChat\"},\"image\":{\"@id\":\"https:\\\/\\\/tinychat.com\\\/#\\\/schema\\\/logo\\\/image\\\/\"},\"sameAs\":[\"https:\\\/\\\/www.facebook.com\\\/tinychat\",\"https:\\\/\\\/x.com\\\/tinychat\"]}]}<\/script>\n<!-- \/ Yoast SEO plugin. -->","yoast_head_json":{"title":"Chatingly - Czat wideo z nieznajomymi online - TinyChat.com","description":"Korzystasz z Chatingly? Do\u0142\u0105cz do ponad 50 000 000 nieznajomych na TinyChat! W\u0142\u0105cz kamer\u0119 i zacznij poznawa\u0107 nowych ludzi lub znajd\u017a partnera.","robots":{"index":"index","follow":"follow","max-snippet":"max-snippet:-1","max-image-preview":"max-image-preview:large","max-video-preview":"max-video-preview:-1"},"canonical":"https:\/\/tinychat.com\/pl\/chatingly\/","og_locale":"pl_PL","og_type":"article","og_title":"Chatingly - Video Chat With Strangers Online - TinyChat.com","og_description":"Enjoying Chatingly? Join over 50,000,000 strangers on TinyChat! Turn on your cam and start meeting new people, or find a match.","og_url":"https:\/\/tinychat.com\/pl\/chatingly\/","og_site_name":"TinyChat","article_publisher":"https:\/\/www.facebook.com\/tinychat","article_modified_time":"2025-10-21T11:14:52+00:00","og_image":[{"width":1280,"height":284,"url":"https:\/\/tinychat.com\/wp-content\/uploads\/2020\/04\/Tinychat-logo-1280x284-new-black.png","type":"image\/png"}],"twitter_card":"summary_large_image","twitter_site":"@tinychat","twitter_misc":{"Szacowany czas czytania":"6 minut"},"schema":{"@context":"https:\/\/schema.org","@graph":[{"@type":"WebPage","@id":"https:\/\/tinychat.com\/chatingly\/","url":"https:\/\/tinychat.com\/chatingly\/","name":"Chatingly - Czat wideo z nieznajomymi online - TinyChat.com","isPartOf":{"@id":"https:\/\/tinychat.com\/#website"},"datePublished":"2025-10-21T09:07:35+00:00","dateModified":"2025-10-21T11:14:52+00:00","description":"Korzystasz z Chatingly? Do\u0142\u0105cz do ponad 50 000 000 nieznajomych na TinyChat! W\u0142\u0105cz kamer\u0119 i zacznij poznawa\u0107 nowych ludzi lub znajd\u017a partnera.","breadcrumb":{"@id":"https:\/\/tinychat.com\/chatingly\/#breadcrumb"},"inLanguage":"pl-PL","potentialAction":[{"@type":"ReadAction","target":["https:\/\/tinychat.com\/chatingly\/"]}]},{"@type":"BreadcrumbList","@id":"https:\/\/tinychat.com\/chatingly\/#breadcrumb","itemListElement":[{"@type":"ListItem","position":1,"name":"Home","item":"https:\/\/tinychat.com\/"},{"@type":"ListItem","position":2,"name":"Chatingly"}]},{"@type":"WebSite","@id":"https:\/\/tinychat.com\/#website","url":"https:\/\/tinychat.com\/","name":"TinyChat","description":"Losowy czat wideo z nieznajomymi","publisher":{"@id":"https:\/\/tinychat.com\/#organization"},"alternateName":"TinyChat.com","potentialAction":[{"@type":"SearchAction","target":{"@type":"EntryPoint","urlTemplate":"https:\/\/tinychat.com\/?s={search_term_string}"},"query-input":{"@type":"PropertyValueSpecification","valueRequired":true,"valueName":"search_term_string"}}],"inLanguage":"pl-PL"},{"@type":"Organization","@id":"https:\/\/tinychat.com\/#organization","name":"TinyChat","alternateName":"TinyChat.com","url":"https:\/\/tinychat.com\/","logo":{"@type":"ImageObject","inLanguage":"pl-PL","@id":"https:\/\/tinychat.com\/#\/schema\/logo\/image\/","url":"https:\/\/tinychat.com\/wp-content\/uploads\/2023\/11\/Tinychat-icon-square.png","contentUrl":"https:\/\/tinychat.com\/wp-content\/uploads\/2023\/11\/Tinychat-icon-square.png","width":284,"height":284,"caption":"TinyChat"},"image":{"@id":"https:\/\/tinychat.com\/#\/schema\/logo\/image\/"},"sameAs":["https:\/\/www.facebook.com\/tinychat","https:\/\/x.com\/tinychat"]}]}},"_links":{"self":[{"href":"https:\/\/tinychat.com\/pl\/wp-json\/wp\/v2\/pages\/12430","targetHints":{"allow":["GET"]}}],"collection":[{"href":"https:\/\/tinychat.com\/pl\/wp-json\/wp\/v2\/pages"}],"about":[{"href":"https:\/\/tinychat.com\/pl\/wp-json\/wp\/v2\/types\/page"}],"author":[{"embeddable":true,"href":"https:\/\/tinychat.com\/pl\/wp-json\/wp\/v2\/users\/6"}],"replies":[{"embeddable":true,"href":"https:\/\/tinychat.com\/pl\/wp-json\/wp\/v2\/comments?post=12430"}],"version-history":[{"count":3,"href":"https:\/\/tinychat.com\/pl\/wp-json\/wp\/v2\/pages\/12430\/revisions"}],"predecessor-version":[{"id":13559,"href":"https:\/\/tinychat.com\/pl\/wp-json\/wp\/v2\/pages\/12430\/revisions\/13559"}],"wp:attachment":[{"href":"https:\/\/tinychat.com\/pl\/wp-json\/wp\/v2\/media?parent=12430"}],"curies":[{"name":"wp","href":"https:\/\/api.w.org\/{rel}","templated":true}]}}