{"id":12446,"date":"2025-08-11T08:59:56","date_gmt":"2025-08-11T06:59:56","guid":{"rendered":"https:\/\/tinychat.com\/?page_id=12446"},"modified":"2025-08-11T09:19:49","modified_gmt":"2025-08-11T07:19:49","slug":"camzey","status":"publish","type":"page","link":"https:\/\/tinychat.com\/pl\/camzey\/","title":{"rendered":"Camzey"},"content":{"rendered":"<p>Internet sprawi\u0142, \u017ce \u0142\u0105czenie si\u0119 z lud\u017ami sta\u0142o si\u0119 \u0142atwiejsze ni\u017c kiedykolwiek, ale wiele platform spo\u0142eczno\u015bciowych wydaje si\u0119 powtarzalnych, wyselekcjonowanych i przewidywalnych. W tym miejscu wkracza Camzey. Zaprojektowany dla tych, kt\u00f3rzy pragn\u0105 spontanicznych rozm\u00f3w twarz\u0105 w twarz, Camzey oferuje \u015bwie\u017ce podej\u015bcie do losowego czatu wideo, daj\u0105c u\u017cytkownikom dreszczyk emocji zwi\u0105zany z poznawaniem kogo\u015b nowego w czasie rzeczywistym.<\/p>\n<p>Dzi\u0119ki mobilnej konstrukcji, natychmiastowemu systemowi dopasowywania i przyjaznemu dla u\u017cytkownika interfejsowi, Camzey \u0142\u0105czy emocje zwi\u0105zane z niespodziewanymi spotkaniami z narz\u0119dziami, kt\u00f3re sprawiaj\u0105, \u017ce czat jest bezpieczny, wci\u0105gaj\u0105cy i dost\u0119pny. Niezale\u017cnie od tego, czy chcesz si\u0119 zaprzyja\u017ani\u0107, \u0107wiczy\u0107 inny j\u0119zyk, flirtowa\u0107, czy po prostu sp\u0119dzi\u0107 czas, Camzey oferuje \u015bwiat mo\u017cliwo\u015bci - jedno przypadkowe po\u0142\u0105czenie na raz.<\/p>\n<p>Ta szczeg\u00f3\u0142owa recenzja bada wszystko, co musisz wiedzie\u0107 o Camzey, w tym jego funkcje, proces konfiguracji, wra\u017cenia u\u017cytkownika, \u015brodki bezpiecze\u0144stwa i to, jak wypada w por\u00f3wnaniu z innymi platformami w kosmosie.<\/p>\n<h2>Co to jest Camzey?<\/h2>\n<p>Camzey to platforma do losowych czat\u00f3w wideo, kt\u00f3ra natychmiast \u0142\u0105czy Ci\u0119 z nieznajomymi z ca\u0142ego \u015bwiata. Zamiast przegl\u0105da\u0107 profile lub przesuwa\u0107 palcem w niesko\u0144czono\u015b\u0107, jeste\u015b wrzucany do rozm\u00f3w na \u017cywo, twarz\u0105 w twarz, gdzie mo\u017cesz naturalnie wchodzi\u0107 w interakcje i decydowa\u0107 w czasie rzeczywistym, czy kontynuowa\u0107, czy przej\u015b\u0107 dalej.<\/p>\n<p>Podobnie jak Omegle, Chatroulette lub ChatHub, Camzey koncentruje si\u0119 na bezpo\u015brednim kontakcie mi\u0119dzyludzkim, ale dodaje nowoczesn\u0105 technologi\u0119 przesy\u0142ania strumieniowego wideo, filtry u\u017cytkownika i narz\u0119dzia prywatno\u015bci, aby uczyni\u0107 go p\u0142ynniejszym i bardziej anga\u017cuj\u0105cym. Rezultatem jest czat, kt\u00f3ry sprawia wra\u017cenie spontanicznego, a jednocze\u015bnie bezpiecznego.<\/p>\n<h2>Kluczowe cechy Camzey<\/h2>\n<p>Camzey nie jest po prostu kolejnym klonem czatu - jest pe\u0142en przydatnych funkcji, kt\u00f3re zapewniaj\u0105 p\u0142ynno\u015b\u0107 rozm\u00f3w i sprawiaj\u0105, \u017ce odkrywanie jest przyjemniejsze.<\/p>\n<h3>1. Natychmiastowy losowy czat wideo<\/h3>\n<ul>\n<li>Po\u0142\u0105cz si\u0119 z nieznajomymi w dowolnym miejscu na \u015bwiecie w ci\u0105gu kilku sekund.<\/li>\n<li>Wysoka jako\u015b\u0107 obrazu i d\u017awi\u0119ku zapewnia naturaln\u0105 konwersacj\u0119.<\/li>\n<li>Wystarczy przesun\u0105\u0107 lub dotkn\u0105\u0107, aby pomin\u0105\u0107 i pozna\u0107 kogo\u015b nowego.<\/li>\n<\/ul>\n<h3>2. Filtry lokalizacji i p\u0142ci<\/h3>\n<ul>\n<li>Zaw\u0119\u017a swoje dopasowania do okre\u015blonych kraj\u00f3w lub region\u00f3w.<\/li>\n<li>Filtruj wed\u0142ug p\u0142ci, aby lepiej dostosowa\u0107 czat do swoich potrzeb.<\/li>\n<li>Filtry s\u0105 opcjonalne - pozostaw je wy\u0142\u0105czone, aby uzyska\u0107 pe\u0142n\u0105 losowo\u015b\u0107.<\/li>\n<\/ul>\n<h3>3. Opcja czatu tekstowego<\/h3>\n<ul>\n<li>Pisz zamiast m\u00f3wi\u0107, je\u015bli wolisz.<\/li>\n<li>Udost\u0119pniaj linki, dowcipy lub szybkie t\u0142umaczenia podczas po\u0142\u0105cze\u0144 wideo.<\/li>\n<\/ul>\n<h3>4. System znajomych i ponowne po\u0142\u0105czenie<\/h3>\n<ul>\n<li>Dodaj do znajomych u\u017cytkownik\u00f3w, z kt\u00f3rymi lubisz rozmawia\u0107.<\/li>\n<li>Ponowne wysy\u0142anie wiadomo\u015bci lub czat wideo bez polegania na losowym dopasowaniu.<\/li>\n<\/ul>\n<h3>5. Zabawne filtry i efekty<\/h3>\n<ul>\n<li>Stosuj naklejki, maski i efekty AR podczas po\u0142\u0105cze\u0144.<\/li>\n<li>Spersonalizuj sw\u00f3j wygl\u0105d lub dodaj humoru do rozm\u00f3w.<\/li>\n<\/ul>\n<h3>6. Narz\u0119dzia prywatno\u015bci i bezpiecze\u0144stwa<\/h3>\n<ul>\n<li>Tryb podgl\u0105du rozmycia, aby zobaczy\u0107 u\u017cytkownik\u00f3w przed odblokowaniem.<\/li>\n<li>Przyciski szybkiego zg\u0142aszania i blokowania dla u\u017cytkownik\u00f3w sprawiaj\u0105cych problemy.<\/li>\n<li>Zesp\u00f3\u0142 moderator\u00f3w przegl\u0105daj\u0105cy raporty 24\/7.<\/li>\n<\/ul>\n<h3>7. Mobile-First Experience<\/h3>\n<ul>\n<li>Zoptymalizowany dla system\u00f3w iOS i Android.<\/li>\n<li>Szybki czas \u0142adowania i minimalne op\u00f3\u017anienia podczas po\u0142\u0105cze\u0144 wideo.<\/li>\n<\/ul>\n<h2>Jak u\u017cywa\u0107 Camzey<\/h2>\n<p>Konstrukcja Camzey sprawia, \u017ce jest on przyjazny dla pocz\u0105tkuj\u0105cych, nawet dla tych, kt\u00f3rzy nigdy wcze\u015bniej nie korzystali z losowego czatu wideo.<\/p>\n<h3>Krok 1: Uzyskaj dost\u0119p do Camzey<\/h3>\n<ul>\n<li>Dost\u0119pna jako aplikacja mobilna dla system\u00f3w iOS i Android.<\/li>\n<li>Niekt\u00f3re funkcje mog\u0105 by\u0107 dost\u0119pne za po\u015brednictwem przegl\u0105darki internetowej.<\/li>\n<\/ul>\n<h3>Krok 2: Zarejestruj si\u0119 lub skorzystaj z trybu go\u015bcia<\/h3>\n<ul>\n<li>Mo\u017cesz zacz\u0105\u0107 czatowa\u0107 bez rejestracji, ale zarejestrowanie si\u0119 pozwoli Ci na to:\n<ul>\n<li>Oszcz\u0119dzaj przyjaci\u00f3\u0142.<\/li>\n<li>Ustaw preferencje.<\/li>\n<li>Odblokuj filtry.<\/li>\n<\/ul>\n<\/li>\n<\/ul>\n<h3>Krok 3: Ustaw swoje preferencje<\/h3>\n<ul>\n<li>Wybierz filtry p\u0142ci i regionu (w razie potrzeby).<\/li>\n<li>W\u0142\u0105czenie\/wy\u0142\u0105czenie trybu podgl\u0105du rozmycia.<\/li>\n<li>Dostosowanie ustawie\u0144 mikrofonu i kamery.<\/li>\n<\/ul>\n<h3>Krok 4: Rozpocznij czat<\/h3>\n<ul>\n<li>Stuknij przycisk Start, aby natychmiast nawi\u0105za\u0107 po\u0142\u0105czenie.<\/li>\n<li>Zdecyduj, czy kontynuowa\u0107 rozmow\u0119, czy przej\u015b\u0107 do kogo\u015b nowego.<\/li>\n<\/ul>\n<h3>Krok 5: Dodaj znajomych lub przegl\u0105daj dalej<\/h3>\n<ul>\n<li>Kliknij \"Dodaj znajomego\", aby zapisa\u0107 po\u0142\u0105czenie na p\u00f3\u017aniej.<\/li>\n<li>Rozmawiaj z nowymi osobami tak d\u0142ugo, jak chcesz.<\/li>\n<\/ul>\n<h2>Wra\u017cenia u\u017cytkownika na Camzey<\/h2>\n<p>Camzey koncentruje si\u0119 na prostocie i p\u0142ynno\u015bci dzia\u0142ania, dzi\u0119ki czemu jest dost\u0119pny dla zwyk\u0142ych u\u017cytkownik\u00f3w, ale wystarczaj\u0105co wci\u0105gaj\u0105cy dla sta\u0142ych bywalc\u00f3w.<\/p>\n<h3>Co kochaj\u0105 u\u017cytkownicy<\/h3>\n<ul>\n<li>Szybkie po\u0142\u0105czenia - bez czekania i kolejek.<\/li>\n<li>Wyra\u017any obraz i stabilny d\u017awi\u0119k.<\/li>\n<li>Opcja filtrowania dopasowa\u0144 w celu uzyskania bardziej odpowiednich czat\u00f3w.<\/li>\n<li>Zabawne filtry, kt\u00f3re dodaj\u0105 osobowo\u015bci rozmowom.<\/li>\n<li>Bez skomplikowanej konfiguracji - po prostu dotknij i gotowe.<\/li>\n<li>Narz\u0119dzia ochrony prywatno\u015bci, takie jak tryb rozmycia i szybkie blokowanie.<\/li>\n<\/ul>\n<h3>Gdzie u\u017cytkownicy widz\u0105 pole do poprawy<\/h3>\n<ul>\n<li>Darmowi u\u017cytkownicy mog\u0105 napotka\u0107 ograniczenia dotycz\u0105ce filtr\u00f3w.<\/li>\n<li>Ma\u0142e regionalne bazy u\u017cytkownik\u00f3w w niekt\u00f3rych strefach czasowych.<\/li>\n<li>Brak wbudowanego narz\u0119dzia do t\u0142umaczenia (w przeciwie\u0144stwie do Azar).<\/li>\n<li>Korzystanie wy\u0142\u0105cznie z aplikacji mo\u017ce zniech\u0119ci\u0107 u\u017cytkownik\u00f3w komputer\u00f3w stacjonarnych.<\/li>\n<\/ul>\n<h2>Camzey vs. inne platformy losowych czat\u00f3w wideo<\/h2>\n<table>\n<thead>\n<tr>\n<th>Cecha<\/th>\n<th>Camzey<\/th>\n<th>OmegleWeb<\/th>\n<th>ChatHub<\/th>\n<th>LuckyCrush<\/th>\n<th>Azar<\/th>\n<th>HOLLA<\/th>\n<\/tr>\n<\/thead>\n<tbody>\n<tr>\n<td>Losowy czat wideo<\/td>\n<td>Tak<\/td>\n<td>Tak<\/td>\n<td>Tak<\/td>\n<td>Tak<\/td>\n<td>Tak<\/td>\n<td>Tak<\/td>\n<\/tr>\n<tr>\n<td>Filtry p\u0142ci\/lokalizacji<\/td>\n<td>Tak<\/td>\n<td>\u26a0\ufe0f Limited<\/td>\n<td>Tak<\/td>\n<td>Tak<\/td>\n<td>Tak<\/td>\n<td>Tak<\/td>\n<\/tr>\n<tr>\n<td>Tryb podgl\u0105du rozmycia<\/td>\n<td>Tak<\/td>\n<td>Nie<\/td>\n<td>Tak<\/td>\n<td>Nie<\/td>\n<td>Tak<\/td>\n<td>Nie<\/td>\n<\/tr>\n<tr>\n<td>Zabawne efekty\/filtry<\/td>\n<td>Tak<\/td>\n<td>Nie<\/td>\n<td>Tak<\/td>\n<td>Nie<\/td>\n<td>Tak<\/td>\n<td>Tak<\/td>\n<\/tr>\n<tr>\n<td>System znajomych<\/td>\n<td>Tak<\/td>\n<td>Nie<\/td>\n<td>Tak<\/td>\n<td>Tak<\/td>\n<td>Tak<\/td>\n<td>Tak<\/td>\n<\/tr>\n<tr>\n<td>Aplikacja mobilna<\/td>\n<td>Tak<\/td>\n<td>Tak<\/td>\n<td>Tak<\/td>\n<td>Tak<\/td>\n<td>Tak<\/td>\n<td>Tak<\/td>\n<\/tr>\n<tr>\n<td>T\u0142umaczenie<\/td>\n<td>Nie<\/td>\n<td>Nie<\/td>\n<td>Nie<\/td>\n<td>Nie<\/td>\n<td>Tak<\/td>\n<td>Nie<\/td>\n<\/tr>\n<\/tbody>\n<\/table>\n<p>Podsumowanie: Camzey oferuje solidn\u0105 jako\u015b\u0107 wideo, szybkie dopasowywanie i narz\u0119dzia do ochrony prywatno\u015bci, dzi\u0119ki czemu jest \u015bwietnym po\u015brednikiem mi\u0119dzy ultra-podstawowymi us\u0142ugami, takimi jak OmegleWeb, a aplikacjami mocno spo\u0142eczno\u015bciowymi, takimi jak Azar.<\/p>\n<h2>Czy Camzey jest bezpieczny?<\/h2>\n<p>Yes-Camzey posiada kilka wbudowanych funkcji bezpiecze\u0144stwa:<\/p>\n<ul>\n<li>Moderacja AI filtruje nieodpowiednie tre\u015bci.<\/li>\n<li>Funkcje raportowania\/blokowania s\u0105 dost\u0119pne przez ca\u0142y czas.<\/li>\n<li>Opcjonalny tryb rozmycia ukrywa wideo do momentu jego wy\u015bwietlenia.<\/li>\n<li>U\u017cytkownicy mog\u0105 pozosta\u0107 anonimowi - nie musz\u0105 udost\u0119pnia\u0107 danych osobowych.<\/li>\n<\/ul>\n<h3>Wskaz\u00f3wki dotycz\u0105ce bezpiecze\u0144stwa<\/h3>\n<ul>\n<li>Unikaj ujawniania prywatnych szczeg\u00f3\u0142\u00f3w w czatach.<\/li>\n<li>Natychmiast zako\u0144cz rozmow\u0119, je\u015bli poczujesz si\u0119 niekomfortowo.<\/li>\n<li>W razie potrzeby u\u017cyj filtr\u00f3w p\u0142ci i lokalizacji, aby ograniczy\u0107 ekspozycj\u0119.<\/li>\n<li>Rodzice powinni nadzorowa\u0107 korzystanie z aplikacji przez osoby niepe\u0142noletnie.<\/li>\n<\/ul>\n<h2>Wskaz\u00f3wki, jak w pe\u0142ni wykorzysta\u0107 mo\u017cliwo\u015bci Camzey<\/h2>\n<ul>\n<li>U\u017cyj filtr\u00f3w, je\u015bli szukasz okre\u015blonej grupy demograficznej.<\/li>\n<li>Eksperymentuj z efektami, aby uczyni\u0107 rozmowy bardziej zabawnymi.<\/li>\n<li>Wypr\u00f3buj tryb globalny, aby pozna\u0107 ludzi z zupe\u0142nie innych kultur.<\/li>\n<li>Zaloguj si\u0119 w godzinach szczytu w swoim regionie docelowym, aby uzyska\u0107 wi\u0119cej dopasowa\u0144.<\/li>\n<li>Kamera powinna by\u0107 czysta i dobrze o\u015bwietlona, aby zapewni\u0107 lepsze wra\u017cenia.<\/li>\n<li>Zg\u0142aszaj z\u0142ych aktor\u00f3w, aby pom\u00f3c w utrzymaniu bezpiecznej spo\u0142eczno\u015bci.<\/li>\n<\/ul>\n<h2>Typowe problemy i rozwi\u0105zania Camzey<\/h2>\n<h3>Nie mo\u017cna si\u0119 po\u0142\u0105czy\u0107<\/h3>\n<p>Sprawd\u017a pr\u0119dko\u015b\u0107 \u0142\u0105cza internetowego i zezw\u00f3l na korzystanie z kamery\/mikrofonu.<\/p>\n<h3>S\u0142aba jako\u015b\u0107 wideo<\/h3>\n<p>Prze\u0142\u0105cz si\u0119 na Wi-Fi lub silniejszy sygna\u0142 danych; zamknij aplikacje dzia\u0142aj\u0105ce w tle.<\/p>\n<h3>Filtry zablokowane<\/h3>\n<p>Zaloguj si\u0119 i sprawd\u017a, czy potrzebujesz monet lub dost\u0119pu premium.<\/p>\n<h3>Napotykanie nieodpowiednich u\u017cytkownik\u00f3w<\/h3>\n<p>Blokuj i zg\u0142aszaj natychmiast - moderacja jest responsywna.<\/p>\n<p>Je\u015bli chcesz prostego, nowoczesnego, losowego czatu wideo bez zb\u0119dnego ba\u0142aganu, Camzey spe\u0142nia te wymagania. \u0141\u0105czy w sobie dreszczyk emocji zwi\u0105zany ze spotkaniami z nieznajomymi z wystarczaj\u0105c\u0105 ilo\u015bci\u0105 narz\u0119dzi prywatno\u015bci, aby zapewni\u0107 bezpiecze\u0144stwo, a jego konstrukcja dostosowana do urz\u0105dze\u0144 mobilnych zapewnia p\u0142ynne, przyjazne dla aplikacji wra\u017cenia.<\/p>\n<p>Chocia\u017c mo\u017ce brakowa\u0107 niekt\u00f3rych zaawansowanych funkcji, takich jak t\u0142umaczenie w czasie rzeczywistym, jest to dobra opcja dla u\u017cytkownik\u00f3w, kt\u00f3rzy ceni\u0105 sobie szybko\u015b\u0107, prostot\u0119 i swobodne po\u0142\u0105czenia. Niezale\u017cnie od tego, czy chodzi o nowe znajomo\u015bci, wymian\u0119 kulturow\u0105, czy po prostu zabawne rozmowy, Camzey warto doda\u0107 do swojej rotacji platform czatowych.<\/p>\n<p>Gotowy do rozpocz\u0119cia czatowania? Pobierz Camzey na swoje urz\u0105dzenie mobilne, ustaw swoje preferencje i zobacz, kogo spotkasz - to takie proste.<\/p>","protected":false},"excerpt":{"rendered":"<p>The internet has made it easier than ever to connect with people\u2014but many social platforms feel repetitive, curated, and predictable. That\u2019s where Camzey comes in. Designed for those who crave spontaneous, face-to-face conversations, Camzey offers a fresh take on the random video chat experience, giving users the thrill of meeting someone new in real time. [&hellip;]<\/p>\n","protected":false},"author":6,"featured_media":0,"parent":0,"menu_order":0,"comment_status":"closed","ping_status":"closed","template":"","meta":{"footnotes":""},"class_list":["post-12446","page","type-page","status-publish","hentry"],"yoast_head":"<!-- This site is optimized with the Yoast SEO plugin v27.6 - https:\/\/yoast.com\/product\/yoast-seo-wordpress\/ -->\n<title>Camzey - Alternative to OmeTV &amp; Monkey App - TinyChat.com<\/title>\n<meta name=\"description\" content=\"Enjoying Camzey? Join over 50,000,000 strangers on TinyChat! Turn on your cam and start meeting new people, or find a match.\" \/>\n<meta name=\"robots\" content=\"index, follow, max-snippet:-1, max-image-preview:large, max-video-preview:-1\" \/>\n<link rel=\"canonical\" href=\"https:\/\/tinychat.com\/pl\/camzey\/\" \/>\n<meta property=\"og:locale\" content=\"pl_PL\" \/>\n<meta property=\"og:type\" content=\"article\" \/>\n<meta property=\"og:title\" content=\"Camzey - Alternative to OmeTV &amp; Monkey App - TinyChat.com\" \/>\n<meta property=\"og:description\" content=\"Enjoying Camzey? Join over 50,000,000 strangers on TinyChat! Turn on your cam and start meeting new people, or find a match.\" \/>\n<meta property=\"og:url\" content=\"https:\/\/tinychat.com\/pl\/camzey\/\" \/>\n<meta property=\"og:site_name\" content=\"TinyChat\" \/>\n<meta property=\"article:publisher\" content=\"https:\/\/www.facebook.com\/tinychat\" \/>\n<meta property=\"article:modified_time\" content=\"2025-08-11T07:19:49+00:00\" \/>\n<meta property=\"og:image\" content=\"https:\/\/tinychat.com\/wp-content\/uploads\/2020\/04\/Tinychat-logo-1280x284-new-black.png\" \/>\n\t<meta property=\"og:image:width\" content=\"1280\" \/>\n\t<meta property=\"og:image:height\" content=\"284\" \/>\n\t<meta property=\"og:image:type\" content=\"image\/png\" \/>\n<meta name=\"twitter:card\" content=\"summary_large_image\" \/>\n<meta name=\"twitter:site\" content=\"@tinychat\" \/>\n<meta name=\"twitter:label1\" content=\"Szacowany czas czytania\" \/>\n\t<meta name=\"twitter:data1\" content=\"5 minut\" \/>\n<script type=\"application\/ld+json\" class=\"yoast-schema-graph\">{\"@context\":\"https:\\\/\\\/schema.org\",\"@graph\":[{\"@type\":\"WebPage\",\"@id\":\"https:\\\/\\\/tinychat.com\\\/camzey\\\/\",\"url\":\"https:\\\/\\\/tinychat.com\\\/camzey\\\/\",\"name\":\"Camzey - Alternative to OmeTV & Monkey App - TinyChat.com\",\"isPartOf\":{\"@id\":\"https:\\\/\\\/tinychat.com\\\/#website\"},\"datePublished\":\"2025-08-11T06:59:56+00:00\",\"dateModified\":\"2025-08-11T07:19:49+00:00\",\"description\":\"Enjoying Camzey? Join over 50,000,000 strangers on TinyChat! Turn on your cam and start meeting new people, or find a match.\",\"breadcrumb\":{\"@id\":\"https:\\\/\\\/tinychat.com\\\/camzey\\\/#breadcrumb\"},\"inLanguage\":\"pl-PL\",\"potentialAction\":[{\"@type\":\"ReadAction\",\"target\":[\"https:\\\/\\\/tinychat.com\\\/camzey\\\/\"]}]},{\"@type\":\"BreadcrumbList\",\"@id\":\"https:\\\/\\\/tinychat.com\\\/camzey\\\/#breadcrumb\",\"itemListElement\":[{\"@type\":\"ListItem\",\"position\":1,\"name\":\"Home\",\"item\":\"https:\\\/\\\/tinychat.com\\\/\"},{\"@type\":\"ListItem\",\"position\":2,\"name\":\"Camzey\"}]},{\"@type\":\"WebSite\",\"@id\":\"https:\\\/\\\/tinychat.com\\\/#website\",\"url\":\"https:\\\/\\\/tinychat.com\\\/\",\"name\":\"TinyChat\",\"description\":\"Random Video Chat with Strangers\",\"publisher\":{\"@id\":\"https:\\\/\\\/tinychat.com\\\/#organization\"},\"alternateName\":\"TinyChat.com\",\"potentialAction\":[{\"@type\":\"SearchAction\",\"target\":{\"@type\":\"EntryPoint\",\"urlTemplate\":\"https:\\\/\\\/tinychat.com\\\/?s={search_term_string}\"},\"query-input\":{\"@type\":\"PropertyValueSpecification\",\"valueRequired\":true,\"valueName\":\"search_term_string\"}}],\"inLanguage\":\"pl-PL\"},{\"@type\":\"Organization\",\"@id\":\"https:\\\/\\\/tinychat.com\\\/#organization\",\"name\":\"TinyChat\",\"alternateName\":\"TinyChat.com\",\"url\":\"https:\\\/\\\/tinychat.com\\\/\",\"logo\":{\"@type\":\"ImageObject\",\"inLanguage\":\"pl-PL\",\"@id\":\"https:\\\/\\\/tinychat.com\\\/#\\\/schema\\\/logo\\\/image\\\/\",\"url\":\"https:\\\/\\\/tinychat.com\\\/wp-content\\\/uploads\\\/2023\\\/11\\\/Tinychat-icon-square.png\",\"contentUrl\":\"https:\\\/\\\/tinychat.com\\\/wp-content\\\/uploads\\\/2023\\\/11\\\/Tinychat-icon-square.png\",\"width\":284,\"height\":284,\"caption\":\"TinyChat\"},\"image\":{\"@id\":\"https:\\\/\\\/tinychat.com\\\/#\\\/schema\\\/logo\\\/image\\\/\"},\"sameAs\":[\"https:\\\/\\\/www.facebook.com\\\/tinychat\",\"https:\\\/\\\/x.com\\\/tinychat\"]}]}<\/script>\n<!-- \/ Yoast SEO plugin. -->","yoast_head_json":{"title":"Camzey - alternatywa dla OmeTV i Monkey App - TinyChat.com","description":"Korzystasz z Camzey? Do\u0142\u0105cz do ponad 50 000 000 nieznajomych na TinyChat! W\u0142\u0105cz kamer\u0119 i zacznij poznawa\u0107 nowych ludzi lub znajd\u017a partnera.","robots":{"index":"index","follow":"follow","max-snippet":"max-snippet:-1","max-image-preview":"max-image-preview:large","max-video-preview":"max-video-preview:-1"},"canonical":"https:\/\/tinychat.com\/pl\/camzey\/","og_locale":"pl_PL","og_type":"article","og_title":"Camzey - Alternative to OmeTV & Monkey App - TinyChat.com","og_description":"Enjoying Camzey? Join over 50,000,000 strangers on TinyChat! Turn on your cam and start meeting new people, or find a match.","og_url":"https:\/\/tinychat.com\/pl\/camzey\/","og_site_name":"TinyChat","article_publisher":"https:\/\/www.facebook.com\/tinychat","article_modified_time":"2025-08-11T07:19:49+00:00","og_image":[{"width":1280,"height":284,"url":"https:\/\/tinychat.com\/wp-content\/uploads\/2020\/04\/Tinychat-logo-1280x284-new-black.png","type":"image\/png"}],"twitter_card":"summary_large_image","twitter_site":"@tinychat","twitter_misc":{"Szacowany czas czytania":"5 minut"},"schema":{"@context":"https:\/\/schema.org","@graph":[{"@type":"WebPage","@id":"https:\/\/tinychat.com\/camzey\/","url":"https:\/\/tinychat.com\/camzey\/","name":"Camzey - alternatywa dla OmeTV i Monkey App - TinyChat.com","isPartOf":{"@id":"https:\/\/tinychat.com\/#website"},"datePublished":"2025-08-11T06:59:56+00:00","dateModified":"2025-08-11T07:19:49+00:00","description":"Korzystasz z Camzey? Do\u0142\u0105cz do ponad 50 000 000 nieznajomych na TinyChat! W\u0142\u0105cz kamer\u0119 i zacznij poznawa\u0107 nowych ludzi lub znajd\u017a partnera.","breadcrumb":{"@id":"https:\/\/tinychat.com\/camzey\/#breadcrumb"},"inLanguage":"pl-PL","potentialAction":[{"@type":"ReadAction","target":["https:\/\/tinychat.com\/camzey\/"]}]},{"@type":"BreadcrumbList","@id":"https:\/\/tinychat.com\/camzey\/#breadcrumb","itemListElement":[{"@type":"ListItem","position":1,"name":"Home","item":"https:\/\/tinychat.com\/"},{"@type":"ListItem","position":2,"name":"Camzey"}]},{"@type":"WebSite","@id":"https:\/\/tinychat.com\/#website","url":"https:\/\/tinychat.com\/","name":"TinyChat","description":"Losowy czat wideo z nieznajomymi","publisher":{"@id":"https:\/\/tinychat.com\/#organization"},"alternateName":"TinyChat.com","potentialAction":[{"@type":"SearchAction","target":{"@type":"EntryPoint","urlTemplate":"https:\/\/tinychat.com\/?s={search_term_string}"},"query-input":{"@type":"PropertyValueSpecification","valueRequired":true,"valueName":"search_term_string"}}],"inLanguage":"pl-PL"},{"@type":"Organization","@id":"https:\/\/tinychat.com\/#organization","name":"TinyChat","alternateName":"TinyChat.com","url":"https:\/\/tinychat.com\/","logo":{"@type":"ImageObject","inLanguage":"pl-PL","@id":"https:\/\/tinychat.com\/#\/schema\/logo\/image\/","url":"https:\/\/tinychat.com\/wp-content\/uploads\/2023\/11\/Tinychat-icon-square.png","contentUrl":"https:\/\/tinychat.com\/wp-content\/uploads\/2023\/11\/Tinychat-icon-square.png","width":284,"height":284,"caption":"TinyChat"},"image":{"@id":"https:\/\/tinychat.com\/#\/schema\/logo\/image\/"},"sameAs":["https:\/\/www.facebook.com\/tinychat","https:\/\/x.com\/tinychat"]}]}},"_links":{"self":[{"href":"https:\/\/tinychat.com\/pl\/wp-json\/wp\/v2\/pages\/12446","targetHints":{"allow":["GET"]}}],"collection":[{"href":"https:\/\/tinychat.com\/pl\/wp-json\/wp\/v2\/pages"}],"about":[{"href":"https:\/\/tinychat.com\/pl\/wp-json\/wp\/v2\/types\/page"}],"author":[{"embeddable":true,"href":"https:\/\/tinychat.com\/pl\/wp-json\/wp\/v2\/users\/6"}],"replies":[{"embeddable":true,"href":"https:\/\/tinychat.com\/pl\/wp-json\/wp\/v2\/comments?post=12446"}],"version-history":[{"count":4,"href":"https:\/\/tinychat.com\/pl\/wp-json\/wp\/v2\/pages\/12446\/revisions"}],"predecessor-version":[{"id":13432,"href":"https:\/\/tinychat.com\/pl\/wp-json\/wp\/v2\/pages\/12446\/revisions\/13432"}],"wp:attachment":[{"href":"https:\/\/tinychat.com\/pl\/wp-json\/wp\/v2\/media?parent=12446"}],"curies":[{"name":"wp","href":"https:\/\/api.w.org\/{rel}","templated":true}]}}